{"id":155,"date":"2022-11-28T13:36:14","date_gmt":"2022-11-28T12:36:14","guid":{"rendered":"https:\/\/pans.krosno.pl\/rotor\/?page_id=155"},"modified":"2022-11-28T14:51:53","modified_gmt":"2022-11-28T13:51:53","slug":"zespol-2014-15","status":"publish","type":"page","link":"https:\/\/pans.krosno.pl\/rotor\/zespol-2014-15\/","title":{"rendered":"Zesp\u00f3\u0142 2014\/15"},"content":{"rendered":"\n<h2 class=\"wp-block-heading\" id=\"h-czlonkowie-studenckiego-kola-naukowego-rotor-pwsz-krosno-w-latach-2014-2015\"><strong>Cz\u0142onkowie Studenckiego Ko\u0142a Naukowego Rotor&nbsp;PWSZ&nbsp;Krosno, w&nbsp;latach 2014\/2015<\/strong><\/h2>\n\n\n\n<ul class=\"has-large-font-size wp-block-list\"><li>Tomasz Koszty\u0142a<\/li><li>Jakub Jab\u0142ecki<\/li><li>Grzegorz Markiewicz<\/li><li>Pawe\u0142 Fugiel<\/li><li>Kamil Radecki<\/li><li>Urszula Sarata<\/li><li>Krzysztof Ocha\u0142ek<\/li><li>Marek Soli\u0144ski<\/li><li>Bart\u0142omiej Michalski<\/li><li>Kamil Michnowicz<\/li><li>Pawe\u0142 Adamik<\/li><\/ul>\n","protected":false},"excerpt":{"rendered":"<p>Cz\u0142onkowie Studenckiego Ko\u0142a Naukowego Rotor&nbsp;PWSZ&nbsp;Krosno, w&nbsp;latach 2014\/2015 Tomasz Koszty\u0142a Jakub Jab\u0142ecki Grzegorz Markiewicz Pawe\u0142 Fugiel Kamil Radecki Urszula Sarata Krzysztof Ocha\u0142ek Marek Soli\u0144ski Bart\u0142omiej Michalski Kamil Michnowicz Pawe\u0142 Adamik<\/p>\n","protected":false},"author":27,"featured_media":0,"parent":0,"menu_order":0,"comment_status":"closed","ping_status":"closed","template":"page-templates\/template-full-width.php","meta":{"ngg_post_thumbnail":0,"footnotes":""},"class_list":["post-155","page","type-page","status-publish","hentry"],"yoast_head":"<!-- This site is optimized with the Yoast SEO Premium plugin v27.4 (Yoast SEO v27.4) - https:\/\/yoast.com\/product\/yoast-seo-premium-wordpress\/ -->\n<title>Zesp\u00f3\u0142 2014\/15 - Rotor - Ko\u0142o naukowe PANS w Kro\u015bnie<\/title>\n<meta name=\"robots\" content=\"index, follow, max-snippet:-1, max-image-preview:large, max-video-preview:-1\" \/>\n<link rel=\"canonical\" href=\"https:\/\/pans.krosno.pl\/rotor\/zespol-2014-15\/\" \/>\n<meta property=\"og:locale\" content=\"pl_PL\" \/>\n<meta property=\"og:type\" content=\"article\" \/>\n<meta property=\"og:title\" content=\"Zesp\u00f3\u0142 2014\/15\" \/>\n<meta property=\"og:description\" content=\"Cz\u0142onkowie Studenckiego Ko\u0142a Naukowego Rotor&nbsp;PWSZ&nbsp;Krosno, w&nbsp;latach 2014\/2015 Tomasz Koszty\u0142a Jakub Jab\u0142ecki Grzegorz Markiewicz Pawe\u0142 Fugiel Kamil Radecki Urszula Sarata Krzysztof Ocha\u0142ek Marek Soli\u0144ski Bart\u0142omiej Michalski Kamil Michnowicz Pawe\u0142 Adamik\" \/>\n<meta property=\"og:url\" content=\"https:\/\/pans.krosno.pl\/rotor\/zespol-2014-15\/\" \/>\n<meta property=\"og:site_name\" content=\"Rotor - Ko\u0142o naukowe PANS w Kro\u015bnie\" \/>\n<meta property=\"article:publisher\" content=\"https:\/\/www.facebook.com\/StudiaKrosno\/\" \/>\n<meta property=\"article:modified_time\" content=\"2022-11-28T13:51:53+00:00\" \/>\n<meta name=\"twitter:card\" content=\"summary_large_image\" \/>\n<meta name=\"twitter:label1\" content=\"Szacowany czas czytania\" \/>\n\t<meta name=\"twitter:data1\" content=\"1 minuta\" \/>\n<script type=\"application\/ld+json\" class=\"yoast-schema-graph\">{\"@context\":\"https:\\\/\\\/schema.org\",\"@graph\":[{\"@type\":\"WebPage\",\"@id\":\"https:\\\/\\\/pans.krosno.pl\\\/rotor\\\/zespol-2014-15\\\/\",\"url\":\"https:\\\/\\\/pans.krosno.pl\\\/rotor\\\/zespol-2014-15\\\/\",\"name\":\"Zesp\u00f3\u0142 2014\\\/15 - Rotor - Ko\u0142o naukowe PANS w Kro\u015bnie\",\"isPartOf\":{\"@id\":\"https:\\\/\\\/pans.krosno.pl\\\/rotor\\\/#website\"},\"datePublished\":\"2022-11-28T12:36:14+00:00\",\"dateModified\":\"2022-11-28T13:51:53+00:00\",\"breadcrumb\":{\"@id\":\"https:\\\/\\\/pans.krosno.pl\\\/rotor\\\/zespol-2014-15\\\/#breadcrumb\"},\"inLanguage\":\"pl-PL\",\"potentialAction\":[{\"@type\":\"ReadAction\",\"target\":[\"https:\\\/\\\/pans.krosno.pl\\\/rotor\\\/zespol-2014-15\\\/\"]}]},{\"@type\":\"BreadcrumbList\",\"@id\":\"https:\\\/\\\/pans.krosno.pl\\\/rotor\\\/zespol-2014-15\\\/#breadcrumb\",\"itemListElement\":[{\"@type\":\"ListItem\",\"position\":1,\"name\":\"Strona g\u0142\u00f3wna\",\"item\":\"https:\\\/\\\/pans.krosno.pl\\\/rotor\\\/\"},{\"@type\":\"ListItem\",\"position\":2,\"name\":\"Zesp\u00f3\u0142 2014\\\/15\"}]},{\"@type\":\"WebSite\",\"@id\":\"https:\\\/\\\/pans.krosno.pl\\\/rotor\\\/#website\",\"url\":\"https:\\\/\\\/pans.krosno.pl\\\/rotor\\\/\",\"name\":\"KPU w Kro\u015bnie\",\"description\":\"\",\"publisher\":{\"@id\":\"https:\\\/\\\/pans.krosno.pl\\\/rotor\\\/#organization\"},\"potentialAction\":[{\"@type\":\"SearchAction\",\"target\":{\"@type\":\"EntryPoint\",\"urlTemplate\":\"https:\\\/\\\/pans.krosno.pl\\\/rotor\\\/?s={search_term_string}\"},\"query-input\":{\"@type\":\"PropertyValueSpecification\",\"valueRequired\":true,\"valueName\":\"search_term_string\"}}],\"inLanguage\":\"pl-PL\"},{\"@type\":\"Organization\",\"@id\":\"https:\\\/\\\/pans.krosno.pl\\\/rotor\\\/#organization\",\"name\":\"Karpacka Pa\u0144stwowa Uczelnia w Kro\u015bnie\",\"url\":\"https:\\\/\\\/pans.krosno.pl\\\/rotor\\\/\",\"logo\":{\"@type\":\"ImageObject\",\"inLanguage\":\"pl-PL\",\"@id\":\"https:\\\/\\\/pans.krosno.pl\\\/rotor\\\/#\\\/schema\\\/logo\\\/image\\\/\",\"url\":\"https:\\\/\\\/pans.krosno.pl\\\/wp-content\\\/uploads\\\/2020\\\/04\\\/unnamed-1.png\",\"contentUrl\":\"https:\\\/\\\/pans.krosno.pl\\\/wp-content\\\/uploads\\\/2020\\\/04\\\/unnamed-1.png\",\"width\":2238,\"height\":372,\"caption\":\"Karpacka Pa\u0144stwowa Uczelnia w Kro\u015bnie\"},\"image\":{\"@id\":\"https:\\\/\\\/pans.krosno.pl\\\/rotor\\\/#\\\/schema\\\/logo\\\/image\\\/\"},\"sameAs\":[\"https:\\\/\\\/www.facebook.com\\\/StudiaKrosno\\\/\",\"https:\\\/\\\/www.instagram.com\\\/studia.krosno\",\"https:\\\/\\\/pl.linkedin.com\\\/company\\\/pwsz-krosno\",\"https:\\\/\\\/www.youtube.com\\\/user\\\/pwszkrosno\\\/\",\"https:\\\/\\\/pl.wikipedia.org\\\/wiki\\\/Pa\u0144stwowa_Wy\u017csza_Szko\u0142a_Zawodowa_im._Stanis\u0142awa_Pigonia_w_Kro\u015bnie\"]}]}<\/script>\n<!-- \/ Yoast SEO Premium plugin. -->","yoast_head_json":{"title":"Zesp\u00f3\u0142 2014\/15 - Rotor - Ko\u0142o naukowe PANS w Kro\u015bnie","robots":{"index":"index","follow":"follow","max-snippet":"max-snippet:-1","max-image-preview":"max-image-preview:large","max-video-preview":"max-video-preview:-1"},"canonical":"https:\/\/pans.krosno.pl\/rotor\/zespol-2014-15\/","og_locale":"pl_PL","og_type":"article","og_title":"Zesp\u00f3\u0142 2014\/15","og_description":"Cz\u0142onkowie Studenckiego Ko\u0142a Naukowego Rotor&nbsp;PWSZ&nbsp;Krosno, w&nbsp;latach 2014\/2015 Tomasz Koszty\u0142a Jakub Jab\u0142ecki Grzegorz Markiewicz Pawe\u0142 Fugiel Kamil Radecki Urszula Sarata Krzysztof Ocha\u0142ek Marek Soli\u0144ski Bart\u0142omiej Michalski Kamil Michnowicz Pawe\u0142 Adamik","og_url":"https:\/\/pans.krosno.pl\/rotor\/zespol-2014-15\/","og_site_name":"Rotor - Ko\u0142o naukowe PANS w Kro\u015bnie","article_publisher":"https:\/\/www.facebook.com\/StudiaKrosno\/","article_modified_time":"2022-11-28T13:51:53+00:00","twitter_card":"summary_large_image","twitter_misc":{"Szacowany czas czytania":"1 minuta"},"schema":{"@context":"https:\/\/schema.org","@graph":[{"@type":"WebPage","@id":"https:\/\/pans.krosno.pl\/rotor\/zespol-2014-15\/","url":"https:\/\/pans.krosno.pl\/rotor\/zespol-2014-15\/","name":"Zesp\u00f3\u0142 2014\/15 - Rotor - Ko\u0142o naukowe PANS w Kro\u015bnie","isPartOf":{"@id":"https:\/\/pans.krosno.pl\/rotor\/#website"},"datePublished":"2022-11-28T12:36:14+00:00","dateModified":"2022-11-28T13:51:53+00:00","breadcrumb":{"@id":"https:\/\/pans.krosno.pl\/rotor\/zespol-2014-15\/#breadcrumb"},"inLanguage":"pl-PL","potentialAction":[{"@type":"ReadAction","target":["https:\/\/pans.krosno.pl\/rotor\/zespol-2014-15\/"]}]},{"@type":"BreadcrumbList","@id":"https:\/\/pans.krosno.pl\/rotor\/zespol-2014-15\/#breadcrumb","itemListElement":[{"@type":"ListItem","position":1,"name":"Strona g\u0142\u00f3wna","item":"https:\/\/pans.krosno.pl\/rotor\/"},{"@type":"ListItem","position":2,"name":"Zesp\u00f3\u0142 2014\/15"}]},{"@type":"WebSite","@id":"https:\/\/pans.krosno.pl\/rotor\/#website","url":"https:\/\/pans.krosno.pl\/rotor\/","name":"KPU w Kro\u015bnie","description":"","publisher":{"@id":"https:\/\/pans.krosno.pl\/rotor\/#organization"},"potentialAction":[{"@type":"SearchAction","target":{"@type":"EntryPoint","urlTemplate":"https:\/\/pans.krosno.pl\/rotor\/?s={search_term_string}"},"query-input":{"@type":"PropertyValueSpecification","valueRequired":true,"valueName":"search_term_string"}}],"inLanguage":"pl-PL"},{"@type":"Organization","@id":"https:\/\/pans.krosno.pl\/rotor\/#organization","name":"Karpacka Pa\u0144stwowa Uczelnia w Kro\u015bnie","url":"https:\/\/pans.krosno.pl\/rotor\/","logo":{"@type":"ImageObject","inLanguage":"pl-PL","@id":"https:\/\/pans.krosno.pl\/rotor\/#\/schema\/logo\/image\/","url":"https:\/\/pans.krosno.pl\/wp-content\/uploads\/2020\/04\/unnamed-1.png","contentUrl":"https:\/\/pans.krosno.pl\/wp-content\/uploads\/2020\/04\/unnamed-1.png","width":2238,"height":372,"caption":"Karpacka Pa\u0144stwowa Uczelnia w Kro\u015bnie"},"image":{"@id":"https:\/\/pans.krosno.pl\/rotor\/#\/schema\/logo\/image\/"},"sameAs":["https:\/\/www.facebook.com\/StudiaKrosno\/","https:\/\/www.instagram.com\/studia.krosno","https:\/\/pl.linkedin.com\/company\/pwsz-krosno","https:\/\/www.youtube.com\/user\/pwszkrosno\/","https:\/\/pl.wikipedia.org\/wiki\/Pa\u0144stwowa_Wy\u017csza_Szko\u0142a_Zawodowa_im._Stanis\u0142awa_Pigonia_w_Kro\u015bnie"]}]}},"_links":{"self":[{"href":"https:\/\/pans.krosno.pl\/rotor\/wp-json\/wp\/v2\/pages\/155","targetHints":{"allow":["GET"]}}],"collection":[{"href":"https:\/\/pans.krosno.pl\/rotor\/wp-json\/wp\/v2\/pages"}],"about":[{"href":"https:\/\/pans.krosno.pl\/rotor\/wp-json\/wp\/v2\/types\/page"}],"author":[{"embeddable":true,"href":"https:\/\/pans.krosno.pl\/rotor\/wp-json\/wp\/v2\/users\/27"}],"replies":[{"embeddable":true,"href":"https:\/\/pans.krosno.pl\/rotor\/wp-json\/wp\/v2\/comments?post=155"}],"version-history":[{"count":2,"href":"https:\/\/pans.krosno.pl\/rotor\/wp-json\/wp\/v2\/pages\/155\/revisions"}],"predecessor-version":[{"id":220,"href":"https:\/\/pans.krosno.pl\/rotor\/wp-json\/wp\/v2\/pages\/155\/revisions\/220"}],"wp:attachment":[{"href":"https:\/\/pans.krosno.pl\/rotor\/wp-json\/wp\/v2\/media?parent=155"}],"curies":[{"name":"wp","href":"https:\/\/api.w.org\/{rel}","templated":true}]}}