{"id":15,"date":"2022-11-28T09:16:06","date_gmt":"2022-11-28T08:16:06","guid":{"rendered":"https:\/\/pans.krosno.pl\/rotor\/?page_id=15"},"modified":"2024-06-29T00:05:19","modified_gmt":"2024-06-28T22:05:19","slug":"o-nas","status":"publish","type":"page","link":"https:\/\/pans.krosno.pl\/rotor\/o-nas\/","title":{"rendered":"O nas"},"content":{"rendered":"\n<p>Studenckie Ko\u0142o Naukowe ROTOR dzia\u0142aj\u0105ce przy Pa\u0144stwowej Akademii Nauk Stosowanych w Kro\u015bnie, to grupa ludzi, kt\u00f3rych wyr\u00f3\u017cnia pasja do motoryzacji, wielka gar\u015b\u0107 pracowito\u015bci i r\u00f3\u017cnorodno\u015b\u0107 w zespole. W jego sk\u0142ad wchodz\u0105 studenci z Instytutu Humanistycznego, Instytutu Politechnicznego i Instytutu Zdrowia i Gospodarki, kt\u00f3rzy studiuj\u0105 na kierunkach m.in.:. mechanika i budowa maszyn, in\u017cynieria produkcji, zarz\u0105dzanie oraz mi\u0119dzynarodowa komunikacja j\u0119zykowa. <a href=\"https:\/\/pans.krosno.pl\/rotor\/o-nas\/\"><strong><em>Czytaj wi\u0119cej!<\/em><\/strong><\/a><\/p>\n\n\n\n<!--more-->\n\n\n\n<p>Od 2016 roku razem z naszym pojazdem, zwanym \u201ePi\u0142a\u201d bierzemy udzia\u0142 w mi\u0119dzynarodowych zawodach motoryzacyjnych Shell Eco-marathon, kt\u00f3rych celem jest przejechanie jak najd\u0142u\u017cszego dystansu na ekwiwalencie jednego litra paliwa.<\/p>\n\n\n\n<p><br>Pierwowz\u00f3r naszego \u201ebolidu\u201d powsta\u0142 w ramach grupowej pracy in\u017cynierskiej. Op\u00f3r i determinacja student\u00f3w i mgr in\u017c. Tomasza Koszty\u0142y zaowocowa\u0142o powstaniem SKN \u201eRotor\u201d, ulepszeniem maszyny oraz wzi\u0119ciem udzia\u0142u w pierwszych dla zespo\u0142u zawodach w Londynie w kategorii pojazd\u00f3w nap\u0119dzanych etanolem. Zaj\u0119li\u015bmy wtedy wysokie 9. Miejsce, tym samym osi\u0105gaj\u0105c wynik 133 km\/l. Samym w sobie sukcesem by\u0142o zaliczenie inspekcji technicznej, kt\u00f3ra przysparza\u0142a problemy niejednej, do\u015bwiadczonej dru\u017cynie \u2013 a co dopiero dru\u017cynie, kt\u00f3ra po raz pierwszy bra\u0142a udzia\u0142 w zawodach.<\/p>\n\n\n\n<p><br>Na przestrzeni ostatnich lat, systematycznie podnosz\u0105c swoj\u0105 wiedz\u0119 i umiej\u0119tno\u015bci, modyfikuj\u0105c bolid, osi\u0105gali\u015bmy coraz to lepsze wyniki. W 2017 roku uzyskali\u015bmy wynik 306 km\/l. W 2018 roku razem z \u201ePi\u0142\u0105\u201d podczas zawod\u00f3w w Londynie osi\u0105gni\u0119ty wynik 498km\/l. W trakcie zawod\u00f3w w Niderlandach w 2019 roku, wynik 749km\/l zapewni\u0142 nam 1 miejsce w naszej kategorii. Po pandemicznej przerwie, tj. w 2022 roku zawody oby\u0142y si\u0119 w miejscowo\u015bci Nogaro, Francja podczas kt\u00f3rych osi\u0105gn\u0119li\u015bmy wynik 963km\/l co uplasowa\u0142o nasz zesp\u00f3\u0142 na 8 miejscu w\u015br\u00f3d prototyp\u00f3w nap\u0119dzanych silnikami spalinowymi. Rezultat ten, zapewni\u0142 nam 1 miejsce w\u015br\u00f3d polskich zespo\u0142\u00f3w i jednocze\u015bnie sta\u0142 si\u0119 nowym rekordem Polski. A kolejny sw\u00f3j rekord Polski pobili\u015bmy rok p\u00f3\u017aniej tj. w 2023 roku, w tym samym miejscu, przeje\u017cd\u017caj\u0105c 1048 km\/l. <br><br>W chwili obecnej pracujemy nad zupe\u0142nie now\u0105 konstrukcj\u0105 bolidu, kt\u00f3ra niebawem ujrzy \u015bwiat\u0142o dzienne. B\u0119dzie to prze\u0142omowa konstrukcja, dzi\u0119ki zastosowaniu nowoczesnych materia\u0142\u00f3w kompozytowych na budow\u0119 nadwozie pojazdu. Silnik natomiast b\u0119dzie w\u0142asnej, nowatorskiej konstrukcji.<\/p>\n\n\n\n<hr class=\"wp-block-separator has-alpha-channel-opacity\" \/>\n\n\n\nngg_shortcode_0_placeholder\n","protected":false},"excerpt":{"rendered":"<p>Studenckie Ko\u0142o Naukowe ROTOR dzia\u0142aj\u0105ce przy Pa\u0144stwowej Akademii Nauk Stosowanych w Kro\u015bnie, to grupa ludzi, kt\u00f3rych wyr\u00f3\u017cnia pasja do motoryzacji, wielka gar\u015b\u0107 pracowito\u015bci i r\u00f3\u017cnorodno\u015b\u0107 w zespole. W jego sk\u0142ad wchodz\u0105 studenci z Instytutu Humanistycznego, Instytutu Politechnicznego i Instytutu Zdrowia i Gospodarki, kt\u00f3rzy studiuj\u0105 na kierunkach m.in.:. mechanika i budowa [\u2026] <\/p>\n<div class=\"clear\"><\/div>\n<p><a class=\"more_link clearfix\" href=\"https:\/\/pans.krosno.pl\/rotor\/o-nas\/\" rel=\"nofollow\">Read More<\/a><\/p>\n","protected":false},"author":27,"featured_media":0,"parent":0,"menu_order":0,"comment_status":"closed","ping_status":"closed","template":"page-templates\/template-full-width.php","meta":{"ngg_post_thumbnail":0,"footnotes":""},"class_list":["post-15","page","type-page","status-publish","hentry"],"yoast_head":"<!-- This site is optimized with the Yoast SEO Premium plugin v27.4 (Yoast SEO v27.4) - https:\/\/yoast.com\/product\/yoast-seo-premium-wordpress\/ -->\n<title>O nas - Rotor - Ko\u0142o naukowe PANS w Kro\u015bnie<\/title>\n<meta name=\"robots\" content=\"index, follow, max-snippet:-1, max-image-preview:large, max-video-preview:-1\" \/>\n<link rel=\"canonical\" href=\"https:\/\/pans.krosno.pl\/rotor\/o-nas\/\" \/>\n<meta property=\"og:locale\" content=\"pl_PL\" \/>\n<meta property=\"og:type\" content=\"article\" \/>\n<meta property=\"og:title\" content=\"O nas\" \/>\n<meta property=\"og:description\" content=\"Studenckie Ko\u0142o Naukowe ROTOR dzia\u0142aj\u0105ce przy Pa\u0144stwowej Akademii Nauk Stosowanych w Kro\u015bnie, to grupa ludzi, kt\u00f3rych wyr\u00f3\u017cnia pasja do motoryzacji, wielka gar\u015b\u0107 pracowito\u015bci i r\u00f3\u017cnorodno\u015b\u0107 w zespole. W jego sk\u0142ad wchodz\u0105 studenci z Instytutu Humanistycznego, Instytutu Politechnicznego i Instytutu Zdrowia i Gospodarki, kt\u00f3rzy studiuj\u0105 na kierunkach m.in.:. mechanika i budowa [\u2026] Read More\" \/>\n<meta property=\"og:url\" content=\"https:\/\/pans.krosno.pl\/rotor\/o-nas\/\" \/>\n<meta property=\"og:site_name\" content=\"Rotor - Ko\u0142o naukowe PANS w Kro\u015bnie\" \/>\n<meta property=\"article:publisher\" content=\"https:\/\/www.facebook.com\/StudiaKrosno\/\" \/>\n<meta property=\"article:modified_time\" content=\"2024-06-28T22:05:19+00:00\" \/>\n<meta name=\"twitter:card\" content=\"summary_large_image\" \/>\n<meta name=\"twitter:label1\" content=\"Szacowany czas czytania\" \/>\n\t<meta name=\"twitter:data1\" content=\"2 minuty\" \/>\n<script type=\"application\/ld+json\" class=\"yoast-schema-graph\">{\"@context\":\"https:\\\/\\\/schema.org\",\"@graph\":[{\"@type\":\"WebPage\",\"@id\":\"https:\\\/\\\/pans.krosno.pl\\\/rotor\\\/o-nas\\\/\",\"url\":\"https:\\\/\\\/pans.krosno.pl\\\/rotor\\\/o-nas\\\/\",\"name\":\"O nas - Rotor - Ko\u0142o naukowe PANS w Kro\u015bnie\",\"isPartOf\":{\"@id\":\"https:\\\/\\\/pans.krosno.pl\\\/rotor\\\/#website\"},\"datePublished\":\"2022-11-28T08:16:06+00:00\",\"dateModified\":\"2024-06-28T22:05:19+00:00\",\"breadcrumb\":{\"@id\":\"https:\\\/\\\/pans.krosno.pl\\\/rotor\\\/o-nas\\\/#breadcrumb\"},\"inLanguage\":\"pl-PL\",\"potentialAction\":[{\"@type\":\"ReadAction\",\"target\":[\"https:\\\/\\\/pans.krosno.pl\\\/rotor\\\/o-nas\\\/\"]}]},{\"@type\":\"BreadcrumbList\",\"@id\":\"https:\\\/\\\/pans.krosno.pl\\\/rotor\\\/o-nas\\\/#breadcrumb\",\"itemListElement\":[{\"@type\":\"ListItem\",\"position\":1,\"name\":\"Strona g\u0142\u00f3wna\",\"item\":\"https:\\\/\\\/pans.krosno.pl\\\/rotor\\\/\"},{\"@type\":\"ListItem\",\"position\":2,\"name\":\"O nas\"}]},{\"@type\":\"WebSite\",\"@id\":\"https:\\\/\\\/pans.krosno.pl\\\/rotor\\\/#website\",\"url\":\"https:\\\/\\\/pans.krosno.pl\\\/rotor\\\/\",\"name\":\"KPU w Kro\u015bnie\",\"description\":\"\",\"publisher\":{\"@id\":\"https:\\\/\\\/pans.krosno.pl\\\/rotor\\\/#organization\"},\"potentialAction\":[{\"@type\":\"SearchAction\",\"target\":{\"@type\":\"EntryPoint\",\"urlTemplate\":\"https:\\\/\\\/pans.krosno.pl\\\/rotor\\\/?s={search_term_string}\"},\"query-input\":{\"@type\":\"PropertyValueSpecification\",\"valueRequired\":true,\"valueName\":\"search_term_string\"}}],\"inLanguage\":\"pl-PL\"},{\"@type\":\"Organization\",\"@id\":\"https:\\\/\\\/pans.krosno.pl\\\/rotor\\\/#organization\",\"name\":\"Karpacka Pa\u0144stwowa Uczelnia w Kro\u015bnie\",\"url\":\"https:\\\/\\\/pans.krosno.pl\\\/rotor\\\/\",\"logo\":{\"@type\":\"ImageObject\",\"inLanguage\":\"pl-PL\",\"@id\":\"https:\\\/\\\/pans.krosno.pl\\\/rotor\\\/#\\\/schema\\\/logo\\\/image\\\/\",\"url\":\"https:\\\/\\\/pans.krosno.pl\\\/wp-content\\\/uploads\\\/2020\\\/04\\\/unnamed-1.png\",\"contentUrl\":\"https:\\\/\\\/pans.krosno.pl\\\/wp-content\\\/uploads\\\/2020\\\/04\\\/unnamed-1.png\",\"width\":2238,\"height\":372,\"caption\":\"Karpacka Pa\u0144stwowa Uczelnia w Kro\u015bnie\"},\"image\":{\"@id\":\"https:\\\/\\\/pans.krosno.pl\\\/rotor\\\/#\\\/schema\\\/logo\\\/image\\\/\"},\"sameAs\":[\"https:\\\/\\\/www.facebook.com\\\/StudiaKrosno\\\/\",\"https:\\\/\\\/www.instagram.com\\\/studia.krosno\",\"https:\\\/\\\/pl.linkedin.com\\\/company\\\/pwsz-krosno\",\"https:\\\/\\\/www.youtube.com\\\/user\\\/pwszkrosno\\\/\",\"https:\\\/\\\/pl.wikipedia.org\\\/wiki\\\/Pa\u0144stwowa_Wy\u017csza_Szko\u0142a_Zawodowa_im._Stanis\u0142awa_Pigonia_w_Kro\u015bnie\"]}]}<\/script>\n<!-- \/ Yoast SEO Premium plugin. -->","yoast_head_json":{"title":"O nas - Rotor - Ko\u0142o naukowe PANS w Kro\u015bnie","robots":{"index":"index","follow":"follow","max-snippet":"max-snippet:-1","max-image-preview":"max-image-preview:large","max-video-preview":"max-video-preview:-1"},"canonical":"https:\/\/pans.krosno.pl\/rotor\/o-nas\/","og_locale":"pl_PL","og_type":"article","og_title":"O nas","og_description":"Studenckie Ko\u0142o Naukowe ROTOR dzia\u0142aj\u0105ce przy Pa\u0144stwowej Akademii Nauk Stosowanych w Kro\u015bnie, to grupa ludzi, kt\u00f3rych wyr\u00f3\u017cnia pasja do motoryzacji, wielka gar\u015b\u0107 pracowito\u015bci i r\u00f3\u017cnorodno\u015b\u0107 w zespole. W jego sk\u0142ad wchodz\u0105 studenci z Instytutu Humanistycznego, Instytutu Politechnicznego i Instytutu Zdrowia i Gospodarki, kt\u00f3rzy studiuj\u0105 na kierunkach m.in.:. mechanika i budowa [\u2026] Read More","og_url":"https:\/\/pans.krosno.pl\/rotor\/o-nas\/","og_site_name":"Rotor - Ko\u0142o naukowe PANS w Kro\u015bnie","article_publisher":"https:\/\/www.facebook.com\/StudiaKrosno\/","article_modified_time":"2024-06-28T22:05:19+00:00","twitter_card":"summary_large_image","twitter_misc":{"Szacowany czas czytania":"2 minuty"},"schema":{"@context":"https:\/\/schema.org","@graph":[{"@type":"WebPage","@id":"https:\/\/pans.krosno.pl\/rotor\/o-nas\/","url":"https:\/\/pans.krosno.pl\/rotor\/o-nas\/","name":"O nas - Rotor - Ko\u0142o naukowe PANS w Kro\u015bnie","isPartOf":{"@id":"https:\/\/pans.krosno.pl\/rotor\/#website"},"datePublished":"2022-11-28T08:16:06+00:00","dateModified":"2024-06-28T22:05:19+00:00","breadcrumb":{"@id":"https:\/\/pans.krosno.pl\/rotor\/o-nas\/#breadcrumb"},"inLanguage":"pl-PL","potentialAction":[{"@type":"ReadAction","target":["https:\/\/pans.krosno.pl\/rotor\/o-nas\/"]}]},{"@type":"BreadcrumbList","@id":"https:\/\/pans.krosno.pl\/rotor\/o-nas\/#breadcrumb","itemListElement":[{"@type":"ListItem","position":1,"name":"Strona g\u0142\u00f3wna","item":"https:\/\/pans.krosno.pl\/rotor\/"},{"@type":"ListItem","position":2,"name":"O nas"}]},{"@type":"WebSite","@id":"https:\/\/pans.krosno.pl\/rotor\/#website","url":"https:\/\/pans.krosno.pl\/rotor\/","name":"KPU w Kro\u015bnie","description":"","publisher":{"@id":"https:\/\/pans.krosno.pl\/rotor\/#organization"},"potentialAction":[{"@type":"SearchAction","target":{"@type":"EntryPoint","urlTemplate":"https:\/\/pans.krosno.pl\/rotor\/?s={search_term_string}"},"query-input":{"@type":"PropertyValueSpecification","valueRequired":true,"valueName":"search_term_string"}}],"inLanguage":"pl-PL"},{"@type":"Organization","@id":"https:\/\/pans.krosno.pl\/rotor\/#organization","name":"Karpacka Pa\u0144stwowa Uczelnia w Kro\u015bnie","url":"https:\/\/pans.krosno.pl\/rotor\/","logo":{"@type":"ImageObject","inLanguage":"pl-PL","@id":"https:\/\/pans.krosno.pl\/rotor\/#\/schema\/logo\/image\/","url":"https:\/\/pans.krosno.pl\/wp-content\/uploads\/2020\/04\/unnamed-1.png","contentUrl":"https:\/\/pans.krosno.pl\/wp-content\/uploads\/2020\/04\/unnamed-1.png","width":2238,"height":372,"caption":"Karpacka Pa\u0144stwowa Uczelnia w Kro\u015bnie"},"image":{"@id":"https:\/\/pans.krosno.pl\/rotor\/#\/schema\/logo\/image\/"},"sameAs":["https:\/\/www.facebook.com\/StudiaKrosno\/","https:\/\/www.instagram.com\/studia.krosno","https:\/\/pl.linkedin.com\/company\/pwsz-krosno","https:\/\/www.youtube.com\/user\/pwszkrosno\/","https:\/\/pl.wikipedia.org\/wiki\/Pa\u0144stwowa_Wy\u017csza_Szko\u0142a_Zawodowa_im._Stanis\u0142awa_Pigonia_w_Kro\u015bnie"]}]}},"_links":{"self":[{"href":"https:\/\/pans.krosno.pl\/rotor\/wp-json\/wp\/v2\/pages\/15","targetHints":{"allow":["GET"]}}],"collection":[{"href":"https:\/\/pans.krosno.pl\/rotor\/wp-json\/wp\/v2\/pages"}],"about":[{"href":"https:\/\/pans.krosno.pl\/rotor\/wp-json\/wp\/v2\/types\/page"}],"author":[{"embeddable":true,"href":"https:\/\/pans.krosno.pl\/rotor\/wp-json\/wp\/v2\/users\/27"}],"replies":[{"embeddable":true,"href":"https:\/\/pans.krosno.pl\/rotor\/wp-json\/wp\/v2\/comments?post=15"}],"version-history":[{"count":10,"href":"https:\/\/pans.krosno.pl\/rotor\/wp-json\/wp\/v2\/pages\/15\/revisions"}],"predecessor-version":[{"id":487,"href":"https:\/\/pans.krosno.pl\/rotor\/wp-json\/wp\/v2\/pages\/15\/revisions\/487"}],"wp:attachment":[{"href":"https:\/\/pans.krosno.pl\/rotor\/wp-json\/wp\/v2\/media?parent=15"}],"curies":[{"name":"wp","href":"https:\/\/api.w.org\/{rel}","templated":true}]}}