{"id":50,"date":"2023-10-02T15:22:28","date_gmt":"2023-10-02T13:22:28","guid":{"rendered":"https:\/\/pans.krosno.pl\/ratownictwo-medyczne\/?page_id=50"},"modified":"2026-02-13T13:52:40","modified_gmt":"2026-02-13T12:52:40","slug":"pracownicy","status":"publish","type":"page","link":"https:\/\/pans.krosno.pl\/ratownictwo-medyczne\/pracownicy\/","title":{"rendered":"Pracownicy Zak\u0142adu Ratownictwa Medycznego"},"content":{"rendered":"\n<ul class=\"wp-block-list\">\n<li class=\"has-medium-font-size\"><strong>Pracownicy&nbsp;Zak\u0142adu&nbsp;Ratownictwa&nbsp;Medycznego<\/strong><\/li>\n\n\n\n<li><a href=\"https:\/\/pans.krosno.pl\/pracownicy\/jakub-zalewski\/\">mgr&nbsp;Jakub&nbsp;Zalewski&nbsp;&#8211;&nbsp;<strong>Kierownik&nbsp;Zak\u0142adu&nbsp;Ratownictwa&nbsp;Medycznego<\/strong><\/a><\/li>\n\n\n\n<li><a href=\"https:\/\/pans.krosno.pl\/pracownicy\/katarzyna-barczentewicz\/\">mgr&nbsp;Katarzyna&nbsp;Barczentewicz<\/a><\/li>\n\n\n\n<li><a href=\"https:\/\/pans.krosno.pl\/dawid-boruta\/\">lic.&nbsp;Dawid&nbsp;Boruta<\/a><\/li>\n\n\n\n<li>prof.&nbsp;dr&nbsp;hab.&nbsp;n.&nbsp;med.&nbsp;Grzegorz&nbsp;Kandzierski<\/li>\n\n\n\n<li>dr&nbsp;n.&nbsp;o&nbsp;zdr.&nbsp;Sebastian&nbsp;Kowalski<\/li>\n\n\n\n<li>lic.&nbsp;Bart\u0142omiej&nbsp;Wojew\u00f3dka<\/li>\n\n\n\n<li class=\"has-medium-font-size\"><strong>Kadra&nbsp;wspomagaj\u0105ca<\/strong><\/li>\n\n\n\n<li>dr&nbsp;Natalia&nbsp;Rogoz-Jezierska<\/li>\n\n\n\n<li>dr&nbsp;n.&nbsp;hum.&nbsp;Ma\u0142gorzata&nbsp;Paszkowska<\/li>\n\n\n\n<li>mgr&nbsp;Martyna&nbsp;Tworkowska<\/li>\n\n\n\n<li>mgr&nbsp;Iwona&nbsp;Kierek<\/li>\n\n\n\n<li>lic.&nbsp;\u0141ukasz&nbsp;Janusz<\/li>\n\n\n\n<li>lek.&nbsp;med.&nbsp;Ma\u0142gorzata&nbsp;Czepiel-Rak<\/li>\n\n\n\n<li>mgr&nbsp;Artur&nbsp;Druciak<\/li>\n\n\n\n<li>lek.&nbsp;med.&nbsp;Jolanta&nbsp;Kluz-Zawadzka<\/li>\n\n\n\n<li>lek.&nbsp;med.&nbsp;Rafa\u0142&nbsp;Marosz<\/li>\n\n\n\n<li>dr&nbsp;n.&nbsp;med.&nbsp;Daniel&nbsp;Pyrka<\/li>\n\n\n\n<li>dr&nbsp;n.&nbsp;med.&nbsp;Jan&nbsp;Wro\u0144ski<\/li>\n\n\n\n<li>lek.&nbsp;med.&nbsp;Pawe\u0142&nbsp;Kolman<\/li>\n\n\n\n<li>lek.&nbsp;med.&nbsp;Joanna&nbsp;Wro\u0144ska<\/li>\n\n\n\n<li>mgr&nbsp;Weronika&nbsp;Wasik<\/li>\n\n\n\n<li>mgr&nbsp;Rafa\u0142&nbsp;Kowalski<\/li>\n\n\n\n<li class=\"has-medium-font-size\"><strong>Kadra&nbsp;wspomagaj\u0105ca&nbsp;z&nbsp;innych&nbsp;zak\u0142ad\u00f3w&nbsp;PANS&nbsp;Krosno<\/strong><\/li>\n\n\n\n<li>dr&nbsp;Renata&nbsp;Bal<\/li>\n\n\n\n<li>dr&nbsp;Alicja&nbsp;Kawalec-Przetacznik<\/li>\n\n\n\n<li>dr&nbsp;Leszek&nbsp;Habrat<\/li>\n\n\n\n<li>dr&nbsp;n.&nbsp;med.&nbsp;Beata&nbsp;Kumiega<\/li>\n\n\n\n<li>lek.&nbsp;med.&nbsp;Andrzej&nbsp;Guzik<\/li>\n\n\n\n<li>dr&nbsp;n.&nbsp;o&nbsp;zdr.&nbsp;Agnieszka&nbsp;Kijowska<\/li>\n\n\n\n<li><a href=\"https:\/\/pans.krosno.pl\/pracownicy\/malgorzata-szeliga\/\">dr\u00a0in\u017c. Ma\u0142gorzata\u00a0Szeliga<\/a><\/li>\n\n\n\n<li>mgr&nbsp;Natalia&nbsp;Staro\u0144<\/li>\n\n\n\n<li>dr&nbsp;hab.&nbsp;Krzysztof&nbsp;Przednowek<\/li>\n\n\n\n<li>dr&nbsp;Grzegorz&nbsp;Sobolewski<\/li>\n\n\n\n<li>prof.&nbsp;dr&nbsp;hab.&nbsp;n.&nbsp;med.&nbsp;J\u00f3zef&nbsp;Ry\u017cko<\/li>\n\n\n\n<li>dr&nbsp;n.&nbsp;o&nbsp;zdr.&nbsp;Katarzyna&nbsp;Zalewska<\/li>\n\n\n\n<li>dr&nbsp;n.&nbsp;med.&nbsp;Janusz&nbsp;S\u0142owik<\/li>\n\n\n\n<li>mgr&nbsp;Danuta&nbsp;Przyby\u0142a<\/li>\n\n\n\n<li>dr&nbsp;n.&nbsp;med.&nbsp;Pawe\u0142&nbsp;Bernat<\/li>\n\n\n\n<li>mgr&nbsp;Micha\u0142&nbsp;Wojnar<\/li>\n\n\n\n<li>mgr&nbsp;Jolanta&nbsp;Twardosz<\/li>\n\n\n\n<li>mgr&nbsp;Alicja&nbsp;\u015anie\u017cek<\/li>\n\n\n\n<li>mgr&nbsp;Maciej&nbsp;Rohan<\/li>\n<\/ul>\n","protected":false},"excerpt":{"rendered":"","protected":false},"author":27,"featured_media":0,"parent":0,"menu_order":0,"comment_status":"closed","ping_status":"closed","template":"","meta":{"ngg_post_thumbnail":0,"footnotes":""},"class_list":["post-50","page","type-page","status-publish","hentry"],"yoast_head":"<!-- This site is optimized with the Yoast SEO Premium plugin v27.4 (Yoast SEO v27.4) - https:\/\/yoast.com\/product\/yoast-seo-premium-wordpress\/ -->\n<title>Pracownicy Zak\u0142adu Ratownictwa Medycznego - Ratownictwo Medyczne - PANS w Kro\u015bnie<\/title>\n<meta name=\"robots\" content=\"index, follow, max-snippet:-1, max-image-preview:large, max-video-preview:-1\" \/>\n<link rel=\"canonical\" href=\"https:\/\/pans.krosno.pl\/ratownictwo-medyczne\/pracownicy\/\" \/>\n<meta property=\"og:locale\" content=\"pl_PL\" \/>\n<meta property=\"og:type\" content=\"article\" \/>\n<meta property=\"og:title\" content=\"Pracownicy Zak\u0142adu Ratownictwa Medycznego\" \/>\n<meta property=\"og:url\" content=\"https:\/\/pans.krosno.pl\/ratownictwo-medyczne\/pracownicy\/\" \/>\n<meta property=\"og:site_name\" content=\"Ratownictwo Medyczne - PANS w Kro\u015bnie\" \/>\n<meta property=\"article:publisher\" content=\"https:\/\/www.facebook.com\/StudiaKrosno\/\" \/>\n<meta property=\"article:modified_time\" content=\"2026-02-13T12:52:40+00:00\" \/>\n<meta name=\"twitter:card\" content=\"summary_large_image\" \/>\n<meta name=\"twitter:label1\" content=\"Szacowany czas czytania\" \/>\n\t<meta name=\"twitter:data1\" content=\"2 minuty\" \/>\n<script type=\"application\/ld+json\" class=\"yoast-schema-graph\">{\"@context\":\"https:\\\/\\\/schema.org\",\"@graph\":[{\"@type\":\"WebPage\",\"@id\":\"https:\\\/\\\/pans.krosno.pl\\\/ratownictwo-medyczne\\\/pracownicy\\\/\",\"url\":\"https:\\\/\\\/pans.krosno.pl\\\/ratownictwo-medyczne\\\/pracownicy\\\/\",\"name\":\"Pracownicy Zak\u0142adu Ratownictwa Medycznego - Ratownictwo Medyczne - PANS w Kro\u015bnie\",\"isPartOf\":{\"@id\":\"https:\\\/\\\/pans.krosno.pl\\\/ratownictwo-medyczne\\\/#website\"},\"datePublished\":\"2023-10-02T13:22:28+00:00\",\"dateModified\":\"2026-02-13T12:52:40+00:00\",\"breadcrumb\":{\"@id\":\"https:\\\/\\\/pans.krosno.pl\\\/ratownictwo-medyczne\\\/pracownicy\\\/#breadcrumb\"},\"inLanguage\":\"pl-PL\",\"potentialAction\":[{\"@type\":\"ReadAction\",\"target\":[\"https:\\\/\\\/pans.krosno.pl\\\/ratownictwo-medyczne\\\/pracownicy\\\/\"]}]},{\"@type\":\"BreadcrumbList\",\"@id\":\"https:\\\/\\\/pans.krosno.pl\\\/ratownictwo-medyczne\\\/pracownicy\\\/#breadcrumb\",\"itemListElement\":[{\"@type\":\"ListItem\",\"position\":1,\"name\":\"Strona g\u0142\u00f3wna\",\"item\":\"https:\\\/\\\/pans.krosno.pl\\\/ratownictwo-medyczne\\\/\"},{\"@type\":\"ListItem\",\"position\":2,\"name\":\"Pracownicy Zak\u0142adu Ratownictwa Medycznego\"}]},{\"@type\":\"WebSite\",\"@id\":\"https:\\\/\\\/pans.krosno.pl\\\/ratownictwo-medyczne\\\/#website\",\"url\":\"https:\\\/\\\/pans.krosno.pl\\\/ratownictwo-medyczne\\\/\",\"name\":\"PANS w Kro\u015bnie\",\"description\":\"Pa\u0144stwowa Akademia Nauk Stosowanych w Kro\u015bnie\",\"publisher\":{\"@id\":\"https:\\\/\\\/pans.krosno.pl\\\/ratownictwo-medyczne\\\/#organization\"},\"alternateName\":\"PANS Krosno\",\"potentialAction\":[{\"@type\":\"SearchAction\",\"target\":{\"@type\":\"EntryPoint\",\"urlTemplate\":\"https:\\\/\\\/pans.krosno.pl\\\/ratownictwo-medyczne\\\/?s={search_term_string}\"},\"query-input\":{\"@type\":\"PropertyValueSpecification\",\"valueRequired\":true,\"valueName\":\"search_term_string\"}}],\"inLanguage\":\"pl-PL\"},{\"@type\":\"Organization\",\"@id\":\"https:\\\/\\\/pans.krosno.pl\\\/ratownictwo-medyczne\\\/#organization\",\"name\":\"Pa\u0144stwowa Akademia Nauk Stosowanych w Kro\u015bnie\",\"alternateName\":\"PANS Krosno\",\"url\":\"https:\\\/\\\/pans.krosno.pl\\\/ratownictwo-medyczne\\\/\",\"logo\":{\"@type\":\"ImageObject\",\"inLanguage\":\"pl-PL\",\"@id\":\"https:\\\/\\\/pans.krosno.pl\\\/ratownictwo-medyczne\\\/#\\\/schema\\\/logo\\\/image\\\/\",\"url\":\"https:\\\/\\\/pans.krosno.pl\\\/wp-content\\\/uploads\\\/2023\\\/01\\\/Logo-PANS-2022-pelne-2-scaled.jpg\",\"contentUrl\":\"https:\\\/\\\/pans.krosno.pl\\\/wp-content\\\/uploads\\\/2023\\\/01\\\/Logo-PANS-2022-pelne-2-scaled.jpg\",\"width\":2560,\"height\":576,\"caption\":\"Pa\u0144stwowa Akademia Nauk Stosowanych w Kro\u015bnie\"},\"image\":{\"@id\":\"https:\\\/\\\/pans.krosno.pl\\\/ratownictwo-medyczne\\\/#\\\/schema\\\/logo\\\/image\\\/\"},\"sameAs\":[\"https:\\\/\\\/www.facebook.com\\\/StudiaKrosno\\\/\",\"https:\\\/\\\/www.instagram.com\\\/pans.krosno\\\/\",\"https:\\\/\\\/pl.linkedin.com\\\/company\\\/pwsz-krosno\",\"https:\\\/\\\/www.youtube.com\\\/user\\\/pwszkrosno\\\/\",\"https:\\\/\\\/pl.wikipedia.org\\\/wiki\\\/Pa\u0144stwowa_Wy\u017csza_Szko\u0142a_Zawodowa_im._Stanis\u0142awa_Pigonia_w_Kro\u015bnie\"]}]}<\/script>\n<!-- \/ Yoast SEO Premium plugin. -->","yoast_head_json":{"title":"Pracownicy Zak\u0142adu Ratownictwa Medycznego - Ratownictwo Medyczne - PANS w Kro\u015bnie","robots":{"index":"index","follow":"follow","max-snippet":"max-snippet:-1","max-image-preview":"max-image-preview:large","max-video-preview":"max-video-preview:-1"},"canonical":"https:\/\/pans.krosno.pl\/ratownictwo-medyczne\/pracownicy\/","og_locale":"pl_PL","og_type":"article","og_title":"Pracownicy Zak\u0142adu Ratownictwa Medycznego","og_url":"https:\/\/pans.krosno.pl\/ratownictwo-medyczne\/pracownicy\/","og_site_name":"Ratownictwo Medyczne - PANS w Kro\u015bnie","article_publisher":"https:\/\/www.facebook.com\/StudiaKrosno\/","article_modified_time":"2026-02-13T12:52:40+00:00","twitter_card":"summary_large_image","twitter_misc":{"Szacowany czas czytania":"2 minuty"},"schema":{"@context":"https:\/\/schema.org","@graph":[{"@type":"WebPage","@id":"https:\/\/pans.krosno.pl\/ratownictwo-medyczne\/pracownicy\/","url":"https:\/\/pans.krosno.pl\/ratownictwo-medyczne\/pracownicy\/","name":"Pracownicy Zak\u0142adu Ratownictwa Medycznego - Ratownictwo Medyczne - PANS w Kro\u015bnie","isPartOf":{"@id":"https:\/\/pans.krosno.pl\/ratownictwo-medyczne\/#website"},"datePublished":"2023-10-02T13:22:28+00:00","dateModified":"2026-02-13T12:52:40+00:00","breadcrumb":{"@id":"https:\/\/pans.krosno.pl\/ratownictwo-medyczne\/pracownicy\/#breadcrumb"},"inLanguage":"pl-PL","potentialAction":[{"@type":"ReadAction","target":["https:\/\/pans.krosno.pl\/ratownictwo-medyczne\/pracownicy\/"]}]},{"@type":"BreadcrumbList","@id":"https:\/\/pans.krosno.pl\/ratownictwo-medyczne\/pracownicy\/#breadcrumb","itemListElement":[{"@type":"ListItem","position":1,"name":"Strona g\u0142\u00f3wna","item":"https:\/\/pans.krosno.pl\/ratownictwo-medyczne\/"},{"@type":"ListItem","position":2,"name":"Pracownicy Zak\u0142adu Ratownictwa Medycznego"}]},{"@type":"WebSite","@id":"https:\/\/pans.krosno.pl\/ratownictwo-medyczne\/#website","url":"https:\/\/pans.krosno.pl\/ratownictwo-medyczne\/","name":"PANS w Kro\u015bnie","description":"Pa\u0144stwowa Akademia Nauk Stosowanych w Kro\u015bnie","publisher":{"@id":"https:\/\/pans.krosno.pl\/ratownictwo-medyczne\/#organization"},"alternateName":"PANS Krosno","potentialAction":[{"@type":"SearchAction","target":{"@type":"EntryPoint","urlTemplate":"https:\/\/pans.krosno.pl\/ratownictwo-medyczne\/?s={search_term_string}"},"query-input":{"@type":"PropertyValueSpecification","valueRequired":true,"valueName":"search_term_string"}}],"inLanguage":"pl-PL"},{"@type":"Organization","@id":"https:\/\/pans.krosno.pl\/ratownictwo-medyczne\/#organization","name":"Pa\u0144stwowa Akademia Nauk Stosowanych w Kro\u015bnie","alternateName":"PANS Krosno","url":"https:\/\/pans.krosno.pl\/ratownictwo-medyczne\/","logo":{"@type":"ImageObject","inLanguage":"pl-PL","@id":"https:\/\/pans.krosno.pl\/ratownictwo-medyczne\/#\/schema\/logo\/image\/","url":"https:\/\/pans.krosno.pl\/wp-content\/uploads\/2023\/01\/Logo-PANS-2022-pelne-2-scaled.jpg","contentUrl":"https:\/\/pans.krosno.pl\/wp-content\/uploads\/2023\/01\/Logo-PANS-2022-pelne-2-scaled.jpg","width":2560,"height":576,"caption":"Pa\u0144stwowa Akademia Nauk Stosowanych w Kro\u015bnie"},"image":{"@id":"https:\/\/pans.krosno.pl\/ratownictwo-medyczne\/#\/schema\/logo\/image\/"},"sameAs":["https:\/\/www.facebook.com\/StudiaKrosno\/","https:\/\/www.instagram.com\/pans.krosno\/","https:\/\/pl.linkedin.com\/company\/pwsz-krosno","https:\/\/www.youtube.com\/user\/pwszkrosno\/","https:\/\/pl.wikipedia.org\/wiki\/Pa\u0144stwowa_Wy\u017csza_Szko\u0142a_Zawodowa_im._Stanis\u0142awa_Pigonia_w_Kro\u015bnie"]}]}},"_links":{"self":[{"href":"https:\/\/pans.krosno.pl\/ratownictwo-medyczne\/wp-json\/wp\/v2\/pages\/50","targetHints":{"allow":["GET"]}}],"collection":[{"href":"https:\/\/pans.krosno.pl\/ratownictwo-medyczne\/wp-json\/wp\/v2\/pages"}],"about":[{"href":"https:\/\/pans.krosno.pl\/ratownictwo-medyczne\/wp-json\/wp\/v2\/types\/page"}],"author":[{"embeddable":true,"href":"https:\/\/pans.krosno.pl\/ratownictwo-medyczne\/wp-json\/wp\/v2\/users\/27"}],"replies":[{"embeddable":true,"href":"https:\/\/pans.krosno.pl\/ratownictwo-medyczne\/wp-json\/wp\/v2\/comments?post=50"}],"version-history":[{"count":6,"href":"https:\/\/pans.krosno.pl\/ratownictwo-medyczne\/wp-json\/wp\/v2\/pages\/50\/revisions"}],"predecessor-version":[{"id":465,"href":"https:\/\/pans.krosno.pl\/ratownictwo-medyczne\/wp-json\/wp\/v2\/pages\/50\/revisions\/465"}],"wp:attachment":[{"href":"https:\/\/pans.krosno.pl\/ratownictwo-medyczne\/wp-json\/wp\/v2\/media?parent=50"}],"curies":[{"name":"wp","href":"https:\/\/api.w.org\/{rel}","templated":true}]}}