{"id":49,"date":"2023-10-02T15:22:27","date_gmt":"2023-10-02T13:22:27","guid":{"rendered":"https:\/\/pans.krosno.pl\/ratownictwo-medyczne\/?page_id=49"},"modified":"2025-11-26T17:30:51","modified_gmt":"2025-11-26T16:30:51","slug":"opiekunowie-rocznikow","status":"publish","type":"page","link":"https:\/\/pans.krosno.pl\/ratownictwo-medyczne\/opiekunowie-rocznikow\/","title":{"rendered":"Opiekunowie rocznik\u00f3w"},"content":{"rendered":"\n<figure class=\"wp-block-table is-style-stripes\"><table><thead><tr><th>Rok<\/th><th>Opiekun<\/th><th>Kontakt<\/th><\/tr><\/thead><tbody><tr><td>I rok<\/td><td><a href=\"https:\/\/pans.krosno.pl\/dawid-boruta\/\">Dawid\u00a0Boruta\u00a0<\/a><\/td><td><a href=\"mailto:dawid.boruta@pans.krosno.pl\">dawid.boruta@pans.krosno.pl<\/a><\/td><\/tr><tr><td>II rok<\/td><td>Katarzyna&nbsp;Barczentewicz&nbsp;<\/td><td><a href=\"mailto:katarzyna.barczentewicz@pans.krosno.pl\">katarzyna.barczentewicz@pans.krosno.pl<\/a><\/td><\/tr><tr><td>III rok<\/td><td><a href=\"https:\/\/pans.krosno.pl\/pracownicy\/jakub-zalewski\/\">Jakub\u00a0Zalewski\u00a0<\/a><\/td><td><a href=\"mailto:jakub.zalewski@pans.krosno.pl\">jakub.zalewski@pans.krosno.pl<\/a><\/td><\/tr><\/tbody><\/table><\/figure>\n","protected":false},"excerpt":{"rendered":"<p>Rok Opiekun Kontakt I rok Dawid\u00a0Boruta\u00a0 dawid.boruta@pans.krosno.pl II rok Katarzyna&nbsp;Barczentewicz&nbsp; katarzyna.barczentewicz@pans.krosno.pl III rok Jakub\u00a0Zalewski\u00a0 jakub.zalewski@pans.krosno.pl<\/p>\n","protected":false},"author":27,"featured_media":0,"parent":0,"menu_order":0,"comment_status":"closed","ping_status":"closed","template":"","meta":{"ngg_post_thumbnail":0,"footnotes":""},"class_list":["post-49","page","type-page","status-publish","hentry"],"yoast_head":"<!-- This site is optimized with the Yoast SEO Premium plugin v27.4 (Yoast SEO v27.4) - https:\/\/yoast.com\/product\/yoast-seo-premium-wordpress\/ -->\n<title>Opiekunowie rocznik\u00f3w - Ratownictwo Medyczne - PANS w Kro\u015bnie<\/title>\n<meta name=\"robots\" content=\"index, follow, max-snippet:-1, max-image-preview:large, max-video-preview:-1\" \/>\n<link rel=\"canonical\" href=\"https:\/\/pans.krosno.pl\/ratownictwo-medyczne\/opiekunowie-rocznikow\/\" \/>\n<meta property=\"og:locale\" content=\"pl_PL\" \/>\n<meta property=\"og:type\" content=\"article\" \/>\n<meta property=\"og:title\" content=\"Opiekunowie rocznik\u00f3w\" \/>\n<meta property=\"og:description\" content=\"Rok Opiekun Kontakt I rok Dawid\u00a0Boruta\u00a0 dawid.boruta@pans.krosno.pl II rok Katarzyna&nbsp;Barczentewicz&nbsp; katarzyna.barczentewicz@pans.krosno.pl III rok Jakub\u00a0Zalewski\u00a0 jakub.zalewski@pans.krosno.pl\" \/>\n<meta property=\"og:url\" content=\"https:\/\/pans.krosno.pl\/ratownictwo-medyczne\/opiekunowie-rocznikow\/\" \/>\n<meta property=\"og:site_name\" content=\"Ratownictwo Medyczne - PANS w Kro\u015bnie\" \/>\n<meta property=\"article:publisher\" content=\"https:\/\/www.facebook.com\/StudiaKrosno\/\" \/>\n<meta property=\"article:modified_time\" content=\"2025-11-26T16:30:51+00:00\" \/>\n<meta name=\"twitter:card\" content=\"summary_large_image\" \/>\n<meta name=\"twitter:label1\" content=\"Szacowany czas czytania\" \/>\n\t<meta name=\"twitter:data1\" content=\"1 minuta\" \/>\n<script type=\"application\/ld+json\" class=\"yoast-schema-graph\">{\"@context\":\"https:\\\/\\\/schema.org\",\"@graph\":[{\"@type\":\"WebPage\",\"@id\":\"https:\\\/\\\/pans.krosno.pl\\\/ratownictwo-medyczne\\\/opiekunowie-rocznikow\\\/\",\"url\":\"https:\\\/\\\/pans.krosno.pl\\\/ratownictwo-medyczne\\\/opiekunowie-rocznikow\\\/\",\"name\":\"Opiekunowie rocznik\u00f3w - Ratownictwo Medyczne - PANS w Kro\u015bnie\",\"isPartOf\":{\"@id\":\"https:\\\/\\\/pans.krosno.pl\\\/ratownictwo-medyczne\\\/#website\"},\"datePublished\":\"2023-10-02T13:22:27+00:00\",\"dateModified\":\"2025-11-26T16:30:51+00:00\",\"breadcrumb\":{\"@id\":\"https:\\\/\\\/pans.krosno.pl\\\/ratownictwo-medyczne\\\/opiekunowie-rocznikow\\\/#breadcrumb\"},\"inLanguage\":\"pl-PL\",\"potentialAction\":[{\"@type\":\"ReadAction\",\"target\":[\"https:\\\/\\\/pans.krosno.pl\\\/ratownictwo-medyczne\\\/opiekunowie-rocznikow\\\/\"]}]},{\"@type\":\"BreadcrumbList\",\"@id\":\"https:\\\/\\\/pans.krosno.pl\\\/ratownictwo-medyczne\\\/opiekunowie-rocznikow\\\/#breadcrumb\",\"itemListElement\":[{\"@type\":\"ListItem\",\"position\":1,\"name\":\"Strona g\u0142\u00f3wna\",\"item\":\"https:\\\/\\\/pans.krosno.pl\\\/ratownictwo-medyczne\\\/\"},{\"@type\":\"ListItem\",\"position\":2,\"name\":\"Opiekunowie rocznik\u00f3w\"}]},{\"@type\":\"WebSite\",\"@id\":\"https:\\\/\\\/pans.krosno.pl\\\/ratownictwo-medyczne\\\/#website\",\"url\":\"https:\\\/\\\/pans.krosno.pl\\\/ratownictwo-medyczne\\\/\",\"name\":\"PANS w Kro\u015bnie\",\"description\":\"Pa\u0144stwowa Akademia Nauk Stosowanych w Kro\u015bnie\",\"publisher\":{\"@id\":\"https:\\\/\\\/pans.krosno.pl\\\/ratownictwo-medyczne\\\/#organization\"},\"alternateName\":\"PANS Krosno\",\"potentialAction\":[{\"@type\":\"SearchAction\",\"target\":{\"@type\":\"EntryPoint\",\"urlTemplate\":\"https:\\\/\\\/pans.krosno.pl\\\/ratownictwo-medyczne\\\/?s={search_term_string}\"},\"query-input\":{\"@type\":\"PropertyValueSpecification\",\"valueRequired\":true,\"valueName\":\"search_term_string\"}}],\"inLanguage\":\"pl-PL\"},{\"@type\":\"Organization\",\"@id\":\"https:\\\/\\\/pans.krosno.pl\\\/ratownictwo-medyczne\\\/#organization\",\"name\":\"Pa\u0144stwowa Akademia Nauk Stosowanych w Kro\u015bnie\",\"alternateName\":\"PANS Krosno\",\"url\":\"https:\\\/\\\/pans.krosno.pl\\\/ratownictwo-medyczne\\\/\",\"logo\":{\"@type\":\"ImageObject\",\"inLanguage\":\"pl-PL\",\"@id\":\"https:\\\/\\\/pans.krosno.pl\\\/ratownictwo-medyczne\\\/#\\\/schema\\\/logo\\\/image\\\/\",\"url\":\"https:\\\/\\\/pans.krosno.pl\\\/wp-content\\\/uploads\\\/2023\\\/01\\\/Logo-PANS-2022-pelne-2-scaled.jpg\",\"contentUrl\":\"https:\\\/\\\/pans.krosno.pl\\\/wp-content\\\/uploads\\\/2023\\\/01\\\/Logo-PANS-2022-pelne-2-scaled.jpg\",\"width\":2560,\"height\":576,\"caption\":\"Pa\u0144stwowa Akademia Nauk Stosowanych w Kro\u015bnie\"},\"image\":{\"@id\":\"https:\\\/\\\/pans.krosno.pl\\\/ratownictwo-medyczne\\\/#\\\/schema\\\/logo\\\/image\\\/\"},\"sameAs\":[\"https:\\\/\\\/www.facebook.com\\\/StudiaKrosno\\\/\",\"https:\\\/\\\/www.instagram.com\\\/pans.krosno\\\/\",\"https:\\\/\\\/pl.linkedin.com\\\/company\\\/pwsz-krosno\",\"https:\\\/\\\/www.youtube.com\\\/user\\\/pwszkrosno\\\/\",\"https:\\\/\\\/pl.wikipedia.org\\\/wiki\\\/Pa\u0144stwowa_Wy\u017csza_Szko\u0142a_Zawodowa_im._Stanis\u0142awa_Pigonia_w_Kro\u015bnie\"]}]}<\/script>\n<!-- \/ Yoast SEO Premium plugin. -->","yoast_head_json":{"title":"Opiekunowie rocznik\u00f3w - Ratownictwo Medyczne - PANS w Kro\u015bnie","robots":{"index":"index","follow":"follow","max-snippet":"max-snippet:-1","max-image-preview":"max-image-preview:large","max-video-preview":"max-video-preview:-1"},"canonical":"https:\/\/pans.krosno.pl\/ratownictwo-medyczne\/opiekunowie-rocznikow\/","og_locale":"pl_PL","og_type":"article","og_title":"Opiekunowie rocznik\u00f3w","og_description":"Rok Opiekun Kontakt I rok Dawid\u00a0Boruta\u00a0 dawid.boruta@pans.krosno.pl II rok Katarzyna&nbsp;Barczentewicz&nbsp; katarzyna.barczentewicz@pans.krosno.pl III rok Jakub\u00a0Zalewski\u00a0 jakub.zalewski@pans.krosno.pl","og_url":"https:\/\/pans.krosno.pl\/ratownictwo-medyczne\/opiekunowie-rocznikow\/","og_site_name":"Ratownictwo Medyczne - PANS w Kro\u015bnie","article_publisher":"https:\/\/www.facebook.com\/StudiaKrosno\/","article_modified_time":"2025-11-26T16:30:51+00:00","twitter_card":"summary_large_image","twitter_misc":{"Szacowany czas czytania":"1 minuta"},"schema":{"@context":"https:\/\/schema.org","@graph":[{"@type":"WebPage","@id":"https:\/\/pans.krosno.pl\/ratownictwo-medyczne\/opiekunowie-rocznikow\/","url":"https:\/\/pans.krosno.pl\/ratownictwo-medyczne\/opiekunowie-rocznikow\/","name":"Opiekunowie rocznik\u00f3w - Ratownictwo Medyczne - PANS w Kro\u015bnie","isPartOf":{"@id":"https:\/\/pans.krosno.pl\/ratownictwo-medyczne\/#website"},"datePublished":"2023-10-02T13:22:27+00:00","dateModified":"2025-11-26T16:30:51+00:00","breadcrumb":{"@id":"https:\/\/pans.krosno.pl\/ratownictwo-medyczne\/opiekunowie-rocznikow\/#breadcrumb"},"inLanguage":"pl-PL","potentialAction":[{"@type":"ReadAction","target":["https:\/\/pans.krosno.pl\/ratownictwo-medyczne\/opiekunowie-rocznikow\/"]}]},{"@type":"BreadcrumbList","@id":"https:\/\/pans.krosno.pl\/ratownictwo-medyczne\/opiekunowie-rocznikow\/#breadcrumb","itemListElement":[{"@type":"ListItem","position":1,"name":"Strona g\u0142\u00f3wna","item":"https:\/\/pans.krosno.pl\/ratownictwo-medyczne\/"},{"@type":"ListItem","position":2,"name":"Opiekunowie rocznik\u00f3w"}]},{"@type":"WebSite","@id":"https:\/\/pans.krosno.pl\/ratownictwo-medyczne\/#website","url":"https:\/\/pans.krosno.pl\/ratownictwo-medyczne\/","name":"PANS w Kro\u015bnie","description":"Pa\u0144stwowa Akademia Nauk Stosowanych w Kro\u015bnie","publisher":{"@id":"https:\/\/pans.krosno.pl\/ratownictwo-medyczne\/#organization"},"alternateName":"PANS Krosno","potentialAction":[{"@type":"SearchAction","target":{"@type":"EntryPoint","urlTemplate":"https:\/\/pans.krosno.pl\/ratownictwo-medyczne\/?s={search_term_string}"},"query-input":{"@type":"PropertyValueSpecification","valueRequired":true,"valueName":"search_term_string"}}],"inLanguage":"pl-PL"},{"@type":"Organization","@id":"https:\/\/pans.krosno.pl\/ratownictwo-medyczne\/#organization","name":"Pa\u0144stwowa Akademia Nauk Stosowanych w Kro\u015bnie","alternateName":"PANS Krosno","url":"https:\/\/pans.krosno.pl\/ratownictwo-medyczne\/","logo":{"@type":"ImageObject","inLanguage":"pl-PL","@id":"https:\/\/pans.krosno.pl\/ratownictwo-medyczne\/#\/schema\/logo\/image\/","url":"https:\/\/pans.krosno.pl\/wp-content\/uploads\/2023\/01\/Logo-PANS-2022-pelne-2-scaled.jpg","contentUrl":"https:\/\/pans.krosno.pl\/wp-content\/uploads\/2023\/01\/Logo-PANS-2022-pelne-2-scaled.jpg","width":2560,"height":576,"caption":"Pa\u0144stwowa Akademia Nauk Stosowanych w Kro\u015bnie"},"image":{"@id":"https:\/\/pans.krosno.pl\/ratownictwo-medyczne\/#\/schema\/logo\/image\/"},"sameAs":["https:\/\/www.facebook.com\/StudiaKrosno\/","https:\/\/www.instagram.com\/pans.krosno\/","https:\/\/pl.linkedin.com\/company\/pwsz-krosno","https:\/\/www.youtube.com\/user\/pwszkrosno\/","https:\/\/pl.wikipedia.org\/wiki\/Pa\u0144stwowa_Wy\u017csza_Szko\u0142a_Zawodowa_im._Stanis\u0142awa_Pigonia_w_Kro\u015bnie"]}]}},"_links":{"self":[{"href":"https:\/\/pans.krosno.pl\/ratownictwo-medyczne\/wp-json\/wp\/v2\/pages\/49","targetHints":{"allow":["GET"]}}],"collection":[{"href":"https:\/\/pans.krosno.pl\/ratownictwo-medyczne\/wp-json\/wp\/v2\/pages"}],"about":[{"href":"https:\/\/pans.krosno.pl\/ratownictwo-medyczne\/wp-json\/wp\/v2\/types\/page"}],"author":[{"embeddable":true,"href":"https:\/\/pans.krosno.pl\/ratownictwo-medyczne\/wp-json\/wp\/v2\/users\/27"}],"replies":[{"embeddable":true,"href":"https:\/\/pans.krosno.pl\/ratownictwo-medyczne\/wp-json\/wp\/v2\/comments?post=49"}],"version-history":[{"count":5,"href":"https:\/\/pans.krosno.pl\/ratownictwo-medyczne\/wp-json\/wp\/v2\/pages\/49\/revisions"}],"predecessor-version":[{"id":456,"href":"https:\/\/pans.krosno.pl\/ratownictwo-medyczne\/wp-json\/wp\/v2\/pages\/49\/revisions\/456"}],"wp:attachment":[{"href":"https:\/\/pans.krosno.pl\/ratownictwo-medyczne\/wp-json\/wp\/v2\/media?parent=49"}],"curies":[{"name":"wp","href":"https:\/\/api.w.org\/{rel}","templated":true}]}}