{"id":48,"date":"2023-10-02T15:22:26","date_gmt":"2023-10-02T13:22:26","guid":{"rendered":"https:\/\/pans.krosno.pl\/ratownictwo-medyczne\/?page_id=48"},"modified":"2026-02-16T08:12:24","modified_gmt":"2026-02-16T07:12:24","slug":"harmonogram-zajec","status":"publish","type":"page","link":"https:\/\/pans.krosno.pl\/ratownictwo-medyczne\/harmonogram-zajec\/","title":{"rendered":"Harmonogram zaj\u0119\u0107"},"content":{"rendered":"\n<hr class=\"wp-block-separator has-alpha-channel-opacity\" \/>\n\n\n\n<h4 class=\"wp-block-heading has-vivid-red-color has-text-color has-link-color has-medium-font-size wp-elements-f47cfd97fc56211c97cc8ef7f9f627c8\" id=\"h-uwaga\">Uwaga!<\/h4>\n\n\n\n<p class=\"has-vivid-red-color has-text-color has-link-color has-medium-font-size wp-elements-34c0209fc4817129fe65325ff5b6f58a\"><strong>Harmonogramy&nbsp;mog\u0105&nbsp;ulec niewielkim zmianom.<br>Prosz\u0119 \u015bledzi\u0107 na bie\u017c\u0105co aktualizacje!<\/strong><\/p>\n\n\n\n<hr class=\"wp-block-separator has-alpha-channel-opacity\" \/>\n\n\n\n<p class=\"has-medium-font-size\"><em>Semestr letni 2025\/2026<\/em><\/p>\n\n\n\n<p><\/p>\n\n\n\n<p><\/p>\n\n\n\n<p class=\"has-text-align-center has-large-font-size\"><strong><a href=\"https:\/\/usos.kpu.krosno.pl\/kontroler.php?_action=katalog2\/przedmioty\/pokazPlanGrupyPrzedmiotow&amp;grupa_kod=RM-S-25-S2&amp;cdyd_kod=2025L&amp;plan_format=html&amp;plan_showStartTime=1&amp;plan_showEndTime=1&amp;plan_showTypeShort=0&amp;plan_showTypeFull=1&amp;plan_showGroupNumber=1&amp;plan_showCourseName=1&amp;plan_showCourseCode=0&amp;plan_showRoom=1&amp;plan_showBuildingCode=0&amp;plan_showLecturers=1&amp;plan_overridePrintWidth=1&amp;plan_colorScheme=default&amp;plan_division=week\">Harmonogram zaj\u0119\u0107 1 rok!<\/a><\/strong><\/p>\n\n\n\n<p class=\"has-text-align-center has-large-font-size\"><strong><a href=\"https:\/\/usos.kpu.krosno.pl\/kontroler.php?_action=katalog2\/przedmioty\/pokazPlanGrupyPrzedmiotow&amp;grupa_kod=RM-S-25-S4&amp;cdyd_kod=2025L&amp;plan_format=html&amp;plan_showStartTime=1&amp;plan_showEndTime=1&amp;plan_showTypeShort=0&amp;plan_showTypeFull=1&amp;plan_showGroupNumber=1&amp;plan_showCourseName=1&amp;plan_showCourseCode=0&amp;plan_showRoom=1&amp;plan_showBuildingCode=0&amp;plan_showLecturers=1&amp;plan_overridePrintWidth=1&amp;plan_colorScheme=default&amp;plan_division=week\">Harmonogram zaj\u0119\u0107 2 rok!<\/a><\/strong><\/p>\n\n\n\n<p class=\"has-text-align-center has-large-font-size\"><strong><a href=\"https:\/\/usos.kpu.krosno.pl\/kontroler.php?_action=katalog2\/przedmioty\/pokazPlanGrupyPrzedmiotow&amp;grupa_kod=RM-S-25-S6&amp;cdyd_kod=2025L&amp;plan_format=html&amp;plan_showStartTime=1&amp;plan_showEndTime=1&amp;plan_showTypeShort=0&amp;plan_showTypeFull=1&amp;plan_showGroupNumber=1&amp;plan_showCourseName=1&amp;plan_showCourseCode=0&amp;plan_showRoom=1&amp;plan_showBuildingCode=0&amp;plan_showLecturers=1&amp;plan_overridePrintWidth=1&amp;plan_colorScheme=default&amp;plan_division=week\">Harmonogram zaj\u0119\u0107 3 rok!<\/a><\/strong><\/p>\n\n\n\n<p class=\"has-text-align-center has-large-font-size\"><\/p>\n\n\n\n<p><\/p>\n\n\n\n<hr class=\"wp-block-separator has-alpha-channel-opacity\" \/>\n\n\n\n<p><\/p>\n","protected":false},"excerpt":{"rendered":"<p>Uwaga! Harmonogramy&nbsp;mog\u0105&nbsp;ulec niewielkim zmianom.Prosz\u0119 \u015bledzi\u0107 na bie\u017c\u0105co aktualizacje! Semestr letni 2025\/2026 Harmonogram zaj\u0119\u0107 1 rok! Harmonogram zaj\u0119\u0107 2 rok! Harmonogram zaj\u0119\u0107 3 rok!<\/p>\n","protected":false},"author":27,"featured_media":0,"parent":0,"menu_order":0,"comment_status":"closed","ping_status":"closed","template":"page-templates\/template-full-width.php","meta":{"ngg_post_thumbnail":0,"footnotes":""},"class_list":["post-48","page","type-page","status-publish","hentry"],"yoast_head":"<!-- This site is optimized with the Yoast SEO Premium plugin v27.4 (Yoast SEO v27.4) - https:\/\/yoast.com\/product\/yoast-seo-premium-wordpress\/ -->\n<title>Harmonogram zaj\u0119\u0107 - Ratownictwo Medyczne - PANS w Kro\u015bnie<\/title>\n<meta name=\"robots\" content=\"index, follow, max-snippet:-1, max-image-preview:large, max-video-preview:-1\" \/>\n<link rel=\"canonical\" href=\"https:\/\/pans.krosno.pl\/ratownictwo-medyczne\/harmonogram-zajec\/\" \/>\n<meta property=\"og:locale\" content=\"pl_PL\" \/>\n<meta property=\"og:type\" content=\"article\" \/>\n<meta property=\"og:title\" content=\"Harmonogram zaj\u0119\u0107\" \/>\n<meta property=\"og:description\" content=\"Uwaga! Harmonogramy&nbsp;mog\u0105&nbsp;ulec niewielkim zmianom.Prosz\u0119 \u015bledzi\u0107 na bie\u017c\u0105co aktualizacje! Semestr letni 2025\/2026 Harmonogram zaj\u0119\u0107 1 rok! Harmonogram zaj\u0119\u0107 2 rok! Harmonogram zaj\u0119\u0107 3 rok!\" \/>\n<meta property=\"og:url\" content=\"https:\/\/pans.krosno.pl\/ratownictwo-medyczne\/harmonogram-zajec\/\" \/>\n<meta property=\"og:site_name\" content=\"Ratownictwo Medyczne - PANS w Kro\u015bnie\" \/>\n<meta property=\"article:publisher\" content=\"https:\/\/www.facebook.com\/StudiaKrosno\/\" \/>\n<meta property=\"article:modified_time\" content=\"2026-02-16T07:12:24+00:00\" \/>\n<meta name=\"twitter:card\" content=\"summary_large_image\" \/>\n<meta name=\"twitter:label1\" content=\"Szacowany czas czytania\" \/>\n\t<meta name=\"twitter:data1\" content=\"1 minuta\" \/>\n<script type=\"application\/ld+json\" class=\"yoast-schema-graph\">{\"@context\":\"https:\\\/\\\/schema.org\",\"@graph\":[{\"@type\":\"WebPage\",\"@id\":\"https:\\\/\\\/pans.krosno.pl\\\/ratownictwo-medyczne\\\/harmonogram-zajec\\\/\",\"url\":\"https:\\\/\\\/pans.krosno.pl\\\/ratownictwo-medyczne\\\/harmonogram-zajec\\\/\",\"name\":\"Harmonogram zaj\u0119\u0107 - Ratownictwo Medyczne - PANS w Kro\u015bnie\",\"isPartOf\":{\"@id\":\"https:\\\/\\\/pans.krosno.pl\\\/ratownictwo-medyczne\\\/#website\"},\"datePublished\":\"2023-10-02T13:22:26+00:00\",\"dateModified\":\"2026-02-16T07:12:24+00:00\",\"breadcrumb\":{\"@id\":\"https:\\\/\\\/pans.krosno.pl\\\/ratownictwo-medyczne\\\/harmonogram-zajec\\\/#breadcrumb\"},\"inLanguage\":\"pl-PL\",\"potentialAction\":[{\"@type\":\"ReadAction\",\"target\":[\"https:\\\/\\\/pans.krosno.pl\\\/ratownictwo-medyczne\\\/harmonogram-zajec\\\/\"]}]},{\"@type\":\"BreadcrumbList\",\"@id\":\"https:\\\/\\\/pans.krosno.pl\\\/ratownictwo-medyczne\\\/harmonogram-zajec\\\/#breadcrumb\",\"itemListElement\":[{\"@type\":\"ListItem\",\"position\":1,\"name\":\"Strona g\u0142\u00f3wna\",\"item\":\"https:\\\/\\\/pans.krosno.pl\\\/ratownictwo-medyczne\\\/\"},{\"@type\":\"ListItem\",\"position\":2,\"name\":\"Harmonogram zaj\u0119\u0107\"}]},{\"@type\":\"WebSite\",\"@id\":\"https:\\\/\\\/pans.krosno.pl\\\/ratownictwo-medyczne\\\/#website\",\"url\":\"https:\\\/\\\/pans.krosno.pl\\\/ratownictwo-medyczne\\\/\",\"name\":\"PANS w Kro\u015bnie\",\"description\":\"Pa\u0144stwowa Akademia Nauk Stosowanych w Kro\u015bnie\",\"publisher\":{\"@id\":\"https:\\\/\\\/pans.krosno.pl\\\/ratownictwo-medyczne\\\/#organization\"},\"alternateName\":\"PANS Krosno\",\"potentialAction\":[{\"@type\":\"SearchAction\",\"target\":{\"@type\":\"EntryPoint\",\"urlTemplate\":\"https:\\\/\\\/pans.krosno.pl\\\/ratownictwo-medyczne\\\/?s={search_term_string}\"},\"query-input\":{\"@type\":\"PropertyValueSpecification\",\"valueRequired\":true,\"valueName\":\"search_term_string\"}}],\"inLanguage\":\"pl-PL\"},{\"@type\":\"Organization\",\"@id\":\"https:\\\/\\\/pans.krosno.pl\\\/ratownictwo-medyczne\\\/#organization\",\"name\":\"Pa\u0144stwowa Akademia Nauk Stosowanych w Kro\u015bnie\",\"alternateName\":\"PANS Krosno\",\"url\":\"https:\\\/\\\/pans.krosno.pl\\\/ratownictwo-medyczne\\\/\",\"logo\":{\"@type\":\"ImageObject\",\"inLanguage\":\"pl-PL\",\"@id\":\"https:\\\/\\\/pans.krosno.pl\\\/ratownictwo-medyczne\\\/#\\\/schema\\\/logo\\\/image\\\/\",\"url\":\"https:\\\/\\\/pans.krosno.pl\\\/wp-content\\\/uploads\\\/2023\\\/01\\\/Logo-PANS-2022-pelne-2-scaled.jpg\",\"contentUrl\":\"https:\\\/\\\/pans.krosno.pl\\\/wp-content\\\/uploads\\\/2023\\\/01\\\/Logo-PANS-2022-pelne-2-scaled.jpg\",\"width\":2560,\"height\":576,\"caption\":\"Pa\u0144stwowa Akademia Nauk Stosowanych w Kro\u015bnie\"},\"image\":{\"@id\":\"https:\\\/\\\/pans.krosno.pl\\\/ratownictwo-medyczne\\\/#\\\/schema\\\/logo\\\/image\\\/\"},\"sameAs\":[\"https:\\\/\\\/www.facebook.com\\\/StudiaKrosno\\\/\",\"https:\\\/\\\/www.instagram.com\\\/pans.krosno\\\/\",\"https:\\\/\\\/pl.linkedin.com\\\/company\\\/pwsz-krosno\",\"https:\\\/\\\/www.youtube.com\\\/user\\\/pwszkrosno\\\/\",\"https:\\\/\\\/pl.wikipedia.org\\\/wiki\\\/Pa\u0144stwowa_Wy\u017csza_Szko\u0142a_Zawodowa_im._Stanis\u0142awa_Pigonia_w_Kro\u015bnie\"]}]}<\/script>\n<!-- \/ Yoast SEO Premium plugin. -->","yoast_head_json":{"title":"Harmonogram zaj\u0119\u0107 - Ratownictwo Medyczne - PANS w Kro\u015bnie","robots":{"index":"index","follow":"follow","max-snippet":"max-snippet:-1","max-image-preview":"max-image-preview:large","max-video-preview":"max-video-preview:-1"},"canonical":"https:\/\/pans.krosno.pl\/ratownictwo-medyczne\/harmonogram-zajec\/","og_locale":"pl_PL","og_type":"article","og_title":"Harmonogram zaj\u0119\u0107","og_description":"Uwaga! Harmonogramy&nbsp;mog\u0105&nbsp;ulec niewielkim zmianom.Prosz\u0119 \u015bledzi\u0107 na bie\u017c\u0105co aktualizacje! Semestr letni 2025\/2026 Harmonogram zaj\u0119\u0107 1 rok! Harmonogram zaj\u0119\u0107 2 rok! Harmonogram zaj\u0119\u0107 3 rok!","og_url":"https:\/\/pans.krosno.pl\/ratownictwo-medyczne\/harmonogram-zajec\/","og_site_name":"Ratownictwo Medyczne - PANS w Kro\u015bnie","article_publisher":"https:\/\/www.facebook.com\/StudiaKrosno\/","article_modified_time":"2026-02-16T07:12:24+00:00","twitter_card":"summary_large_image","twitter_misc":{"Szacowany czas czytania":"1 minuta"},"schema":{"@context":"https:\/\/schema.org","@graph":[{"@type":"WebPage","@id":"https:\/\/pans.krosno.pl\/ratownictwo-medyczne\/harmonogram-zajec\/","url":"https:\/\/pans.krosno.pl\/ratownictwo-medyczne\/harmonogram-zajec\/","name":"Harmonogram zaj\u0119\u0107 - Ratownictwo Medyczne - PANS w Kro\u015bnie","isPartOf":{"@id":"https:\/\/pans.krosno.pl\/ratownictwo-medyczne\/#website"},"datePublished":"2023-10-02T13:22:26+00:00","dateModified":"2026-02-16T07:12:24+00:00","breadcrumb":{"@id":"https:\/\/pans.krosno.pl\/ratownictwo-medyczne\/harmonogram-zajec\/#breadcrumb"},"inLanguage":"pl-PL","potentialAction":[{"@type":"ReadAction","target":["https:\/\/pans.krosno.pl\/ratownictwo-medyczne\/harmonogram-zajec\/"]}]},{"@type":"BreadcrumbList","@id":"https:\/\/pans.krosno.pl\/ratownictwo-medyczne\/harmonogram-zajec\/#breadcrumb","itemListElement":[{"@type":"ListItem","position":1,"name":"Strona g\u0142\u00f3wna","item":"https:\/\/pans.krosno.pl\/ratownictwo-medyczne\/"},{"@type":"ListItem","position":2,"name":"Harmonogram zaj\u0119\u0107"}]},{"@type":"WebSite","@id":"https:\/\/pans.krosno.pl\/ratownictwo-medyczne\/#website","url":"https:\/\/pans.krosno.pl\/ratownictwo-medyczne\/","name":"PANS w Kro\u015bnie","description":"Pa\u0144stwowa Akademia Nauk Stosowanych w Kro\u015bnie","publisher":{"@id":"https:\/\/pans.krosno.pl\/ratownictwo-medyczne\/#organization"},"alternateName":"PANS Krosno","potentialAction":[{"@type":"SearchAction","target":{"@type":"EntryPoint","urlTemplate":"https:\/\/pans.krosno.pl\/ratownictwo-medyczne\/?s={search_term_string}"},"query-input":{"@type":"PropertyValueSpecification","valueRequired":true,"valueName":"search_term_string"}}],"inLanguage":"pl-PL"},{"@type":"Organization","@id":"https:\/\/pans.krosno.pl\/ratownictwo-medyczne\/#organization","name":"Pa\u0144stwowa Akademia Nauk Stosowanych w Kro\u015bnie","alternateName":"PANS Krosno","url":"https:\/\/pans.krosno.pl\/ratownictwo-medyczne\/","logo":{"@type":"ImageObject","inLanguage":"pl-PL","@id":"https:\/\/pans.krosno.pl\/ratownictwo-medyczne\/#\/schema\/logo\/image\/","url":"https:\/\/pans.krosno.pl\/wp-content\/uploads\/2023\/01\/Logo-PANS-2022-pelne-2-scaled.jpg","contentUrl":"https:\/\/pans.krosno.pl\/wp-content\/uploads\/2023\/01\/Logo-PANS-2022-pelne-2-scaled.jpg","width":2560,"height":576,"caption":"Pa\u0144stwowa Akademia Nauk Stosowanych w Kro\u015bnie"},"image":{"@id":"https:\/\/pans.krosno.pl\/ratownictwo-medyczne\/#\/schema\/logo\/image\/"},"sameAs":["https:\/\/www.facebook.com\/StudiaKrosno\/","https:\/\/www.instagram.com\/pans.krosno\/","https:\/\/pl.linkedin.com\/company\/pwsz-krosno","https:\/\/www.youtube.com\/user\/pwszkrosno\/","https:\/\/pl.wikipedia.org\/wiki\/Pa\u0144stwowa_Wy\u017csza_Szko\u0142a_Zawodowa_im._Stanis\u0142awa_Pigonia_w_Kro\u015bnie"]}]}},"_links":{"self":[{"href":"https:\/\/pans.krosno.pl\/ratownictwo-medyczne\/wp-json\/wp\/v2\/pages\/48","targetHints":{"allow":["GET"]}}],"collection":[{"href":"https:\/\/pans.krosno.pl\/ratownictwo-medyczne\/wp-json\/wp\/v2\/pages"}],"about":[{"href":"https:\/\/pans.krosno.pl\/ratownictwo-medyczne\/wp-json\/wp\/v2\/types\/page"}],"author":[{"embeddable":true,"href":"https:\/\/pans.krosno.pl\/ratownictwo-medyczne\/wp-json\/wp\/v2\/users\/27"}],"replies":[{"embeddable":true,"href":"https:\/\/pans.krosno.pl\/ratownictwo-medyczne\/wp-json\/wp\/v2\/comments?post=48"}],"version-history":[{"count":15,"href":"https:\/\/pans.krosno.pl\/ratownictwo-medyczne\/wp-json\/wp\/v2\/pages\/48\/revisions"}],"predecessor-version":[{"id":466,"href":"https:\/\/pans.krosno.pl\/ratownictwo-medyczne\/wp-json\/wp\/v2\/pages\/48\/revisions\/466"}],"wp:attachment":[{"href":"https:\/\/pans.krosno.pl\/ratownictwo-medyczne\/wp-json\/wp\/v2\/media?parent=48"}],"curies":[{"name":"wp","href":"https:\/\/api.w.org\/{rel}","templated":true}]}}