{"id":46,"date":"2023-10-02T15:22:25","date_gmt":"2023-10-02T13:22:25","guid":{"rendered":"https:\/\/pans.krosno.pl\/ratownictwo-medyczne\/?page_id=46"},"modified":"2025-11-26T17:30:52","modified_gmt":"2025-11-26T16:30:52","slug":"dyzury-pracownikow","status":"publish","type":"page","link":"https:\/\/pans.krosno.pl\/ratownictwo-medyczne\/dyzury-pracownikow\/","title":{"rendered":"Dy\u017cury pracownik\u00f3w"},"content":{"rendered":"\n<ul class=\"wp-block-list\">\n<li class=\"has-medium-font-size\"><strong>Katarzyna&nbsp;Barczentewicz<\/strong>\n<ul class=\"wp-block-list\">\n<li>21.10&nbsp;12.30-13.30<\/li>\n\n\n\n<li>22.10-&nbsp;8.30-9.30<\/li>\n\n\n\n<li>29.10&nbsp;&#8211;&nbsp;12.30-14.30<\/li>\n\n\n\n<li>05.11&nbsp;&#8211;&nbsp;12.30-14.30<\/li>\n\n\n\n<li>19.11&nbsp;&#8211;&nbsp;12.30-14.30<\/li>\n\n\n\n<li>25.11&nbsp;&#8211;&nbsp;12.30-14.30<\/li>\n\n\n\n<li>02.12.&nbsp;&#8211;&nbsp;12.30-14.30<\/li>\n\n\n\n<li>11.12&nbsp;&#8211;&nbsp;12.30-14.30<\/li>\n\n\n\n<li>18.12&nbsp;&#8211;&nbsp;12.30-14.30<\/li>\n\n\n\n<li>8.01&nbsp;&#8211;&nbsp;12.30-14.30<\/li>\n\n\n\n<li>13.01&nbsp;&#8211;&nbsp;12.30-14.30<\/li>\n\n\n\n<li>20.01&nbsp;&#8211;&nbsp;12.30-&nbsp;14.30<\/li>\n\n\n\n<li>28.01&nbsp;&#8211;&nbsp;12.30-14.30<\/li>\n<\/ul>\n<\/li>\n<\/ul>\n\n\n\n<hr class=\"wp-block-separator has-alpha-channel-opacity\"\/>\n\n\n\n<ul class=\"wp-block-list\">\n<li class=\"has-medium-font-size\"><strong><a href=\"https:\/\/pans.krosno.pl\/dawid-boruta\/\">Dawid\u00a0Boruta<\/a><\/strong>\n<ul class=\"wp-block-list\">\n<li>Pi\u0105tki&nbsp;od&nbsp;12.00&nbsp;do&nbsp;14.00<\/li>\n<\/ul>\n<\/li>\n<\/ul>\n\n\n\n<hr class=\"wp-block-separator has-alpha-channel-opacity\"\/>\n\n\n\n<ul class=\"wp-block-list\">\n<li class=\"has-medium-font-size\"><strong>Grzegorz&nbsp;Kandzierski<\/strong>\n<ul class=\"wp-block-list\">\n<li>Konsultacje po ka\u017cdych zaj\u0119ciach lub mo\u017cliwo\u015b\u0107 um\u00f3wienia si\u0119 na dogodny termin po wcze\u015bniejszym kontakcie pod adresem&nbsp;<a href=\"mailto:grzegorz.kandzierski@uszd.lublin.pl\">grzegorz.kandzierski@uszd.lublin.pl<\/a><\/li>\n<\/ul>\n<\/li>\n<\/ul>\n\n\n\n<hr class=\"wp-block-separator has-alpha-channel-opacity\"\/>\n\n\n\n<ul class=\"wp-block-list\">\n<li class=\"has-medium-font-size\"><strong>Sebastian&nbsp;Kowalski<\/strong>\n<ul class=\"wp-block-list\">\n<li>7.11&nbsp;&#8211;&nbsp;12:30-14.30<\/li>\n\n\n\n<li>12.11&nbsp;&#8211;&nbsp;12:30-14.30<\/li>\n\n\n\n<li>21.11&nbsp;&#8211;&nbsp;12:30-14.30<\/li>\n\n\n\n<li>26.11&nbsp;&#8211;&nbsp;12:30-14.30<\/li>\n\n\n\n<li>2.12&nbsp;&#8211;&nbsp;12:30-14.30<\/li>\n\n\n\n<li>12.12&nbsp;&#8211;&nbsp;12:30-14.30<\/li>\n\n\n\n<li>16.12&nbsp;&#8211;&nbsp;17:30-19.30<\/li>\n\n\n\n<li>9.01&nbsp;&#8211;&nbsp;17:30-19.30<\/li>\n\n\n\n<li>16.01&nbsp;&#8211;&nbsp;17:30-19.30<\/li>\n\n\n\n<li>21.01&nbsp;&#8211;&nbsp;17:30-19.30<\/li>\n\n\n\n<li>4.01&nbsp;&#8211;&nbsp;17:30-19.30<\/li>\n\n\n\n<li>9.01&nbsp;&#8211;&nbsp;17:30-19.30<\/li>\n<\/ul>\n<\/li>\n<\/ul>\n\n\n\n<hr class=\"wp-block-separator has-alpha-channel-opacity\"\/>\n\n\n\n<ul class=\"wp-block-list\">\n<li class=\"has-medium-font-size\"><strong>Bart\u0142omiej&nbsp;Wojew\u00f3dka<\/strong>\n<ul class=\"wp-block-list\">\n<li>Wtorki&nbsp;od&nbsp;13.00&nbsp;do&nbsp;15.00<\/li>\n<\/ul>\n<\/li>\n<\/ul>\n\n\n\n<hr class=\"wp-block-separator has-alpha-channel-opacity\"\/>\n\n\n\n<ul class=\"wp-block-list\">\n<li class=\"has-medium-font-size\"><strong><a href=\"https:\/\/pans.krosno.pl\/pracownicy\/jakub-zalewski\/\">Jakub\u00a0Zalewski<\/a><\/strong>\n<ul class=\"wp-block-list\">\n<li>Konsultacje po ka\u017cdych zaj\u0119ciach lub mo\u017cliwo\u015b\u0107 um\u00f3wienia si\u0119 na dogodny termin po wcze\u015bniejszym kontakcie pod adresem&nbsp;<a href=\"mailto:jakub.zalewski@pans.krosno.pl\">jakub.zalewski@pans.krosno.pl<\/a><\/li>\n<\/ul>\n<\/li>\n<\/ul>\n","protected":false},"excerpt":{"rendered":"","protected":false},"author":27,"featured_media":0,"parent":0,"menu_order":0,"comment_status":"closed","ping_status":"closed","template":"","meta":{"ngg_post_thumbnail":0,"footnotes":""},"class_list":["post-46","page","type-page","status-publish","hentry"],"yoast_head":"<!-- This site is optimized with the Yoast SEO Premium plugin v27.4 (Yoast SEO v27.4) - https:\/\/yoast.com\/product\/yoast-seo-premium-wordpress\/ -->\n<title>Dy\u017cury pracownik\u00f3w - Ratownictwo Medyczne - PANS w Kro\u015bnie<\/title>\n<meta name=\"robots\" content=\"index, follow, max-snippet:-1, max-image-preview:large, max-video-preview:-1\" \/>\n<link rel=\"canonical\" href=\"https:\/\/pans.krosno.pl\/ratownictwo-medyczne\/dyzury-pracownikow\/\" \/>\n<meta property=\"og:locale\" content=\"pl_PL\" \/>\n<meta property=\"og:type\" content=\"article\" \/>\n<meta property=\"og:title\" content=\"Dy\u017cury pracownik\u00f3w\" \/>\n<meta property=\"og:url\" content=\"https:\/\/pans.krosno.pl\/ratownictwo-medyczne\/dyzury-pracownikow\/\" \/>\n<meta property=\"og:site_name\" content=\"Ratownictwo Medyczne - PANS w Kro\u015bnie\" \/>\n<meta property=\"article:publisher\" content=\"https:\/\/www.facebook.com\/StudiaKrosno\/\" \/>\n<meta property=\"article:modified_time\" content=\"2025-11-26T16:30:52+00:00\" \/>\n<meta name=\"twitter:card\" content=\"summary_large_image\" \/>\n<meta name=\"twitter:label1\" content=\"Szacowany czas czytania\" \/>\n\t<meta name=\"twitter:data1\" content=\"1 minuta\" \/>\n<script type=\"application\/ld+json\" class=\"yoast-schema-graph\">{\"@context\":\"https:\\\/\\\/schema.org\",\"@graph\":[{\"@type\":\"WebPage\",\"@id\":\"https:\\\/\\\/pans.krosno.pl\\\/ratownictwo-medyczne\\\/dyzury-pracownikow\\\/\",\"url\":\"https:\\\/\\\/pans.krosno.pl\\\/ratownictwo-medyczne\\\/dyzury-pracownikow\\\/\",\"name\":\"Dy\u017cury pracownik\u00f3w - Ratownictwo Medyczne - PANS w Kro\u015bnie\",\"isPartOf\":{\"@id\":\"https:\\\/\\\/pans.krosno.pl\\\/ratownictwo-medyczne\\\/#website\"},\"datePublished\":\"2023-10-02T13:22:25+00:00\",\"dateModified\":\"2025-11-26T16:30:52+00:00\",\"breadcrumb\":{\"@id\":\"https:\\\/\\\/pans.krosno.pl\\\/ratownictwo-medyczne\\\/dyzury-pracownikow\\\/#breadcrumb\"},\"inLanguage\":\"pl-PL\",\"potentialAction\":[{\"@type\":\"ReadAction\",\"target\":[\"https:\\\/\\\/pans.krosno.pl\\\/ratownictwo-medyczne\\\/dyzury-pracownikow\\\/\"]}]},{\"@type\":\"BreadcrumbList\",\"@id\":\"https:\\\/\\\/pans.krosno.pl\\\/ratownictwo-medyczne\\\/dyzury-pracownikow\\\/#breadcrumb\",\"itemListElement\":[{\"@type\":\"ListItem\",\"position\":1,\"name\":\"Strona g\u0142\u00f3wna\",\"item\":\"https:\\\/\\\/pans.krosno.pl\\\/ratownictwo-medyczne\\\/\"},{\"@type\":\"ListItem\",\"position\":2,\"name\":\"Dy\u017cury pracownik\u00f3w\"}]},{\"@type\":\"WebSite\",\"@id\":\"https:\\\/\\\/pans.krosno.pl\\\/ratownictwo-medyczne\\\/#website\",\"url\":\"https:\\\/\\\/pans.krosno.pl\\\/ratownictwo-medyczne\\\/\",\"name\":\"PANS w Kro\u015bnie\",\"description\":\"Pa\u0144stwowa Akademia Nauk Stosowanych w Kro\u015bnie\",\"publisher\":{\"@id\":\"https:\\\/\\\/pans.krosno.pl\\\/ratownictwo-medyczne\\\/#organization\"},\"alternateName\":\"PANS Krosno\",\"potentialAction\":[{\"@type\":\"SearchAction\",\"target\":{\"@type\":\"EntryPoint\",\"urlTemplate\":\"https:\\\/\\\/pans.krosno.pl\\\/ratownictwo-medyczne\\\/?s={search_term_string}\"},\"query-input\":{\"@type\":\"PropertyValueSpecification\",\"valueRequired\":true,\"valueName\":\"search_term_string\"}}],\"inLanguage\":\"pl-PL\"},{\"@type\":\"Organization\",\"@id\":\"https:\\\/\\\/pans.krosno.pl\\\/ratownictwo-medyczne\\\/#organization\",\"name\":\"Pa\u0144stwowa Akademia Nauk Stosowanych w Kro\u015bnie\",\"alternateName\":\"PANS Krosno\",\"url\":\"https:\\\/\\\/pans.krosno.pl\\\/ratownictwo-medyczne\\\/\",\"logo\":{\"@type\":\"ImageObject\",\"inLanguage\":\"pl-PL\",\"@id\":\"https:\\\/\\\/pans.krosno.pl\\\/ratownictwo-medyczne\\\/#\\\/schema\\\/logo\\\/image\\\/\",\"url\":\"https:\\\/\\\/pans.krosno.pl\\\/wp-content\\\/uploads\\\/2023\\\/01\\\/Logo-PANS-2022-pelne-2-scaled.jpg\",\"contentUrl\":\"https:\\\/\\\/pans.krosno.pl\\\/wp-content\\\/uploads\\\/2023\\\/01\\\/Logo-PANS-2022-pelne-2-scaled.jpg\",\"width\":2560,\"height\":576,\"caption\":\"Pa\u0144stwowa Akademia Nauk Stosowanych w Kro\u015bnie\"},\"image\":{\"@id\":\"https:\\\/\\\/pans.krosno.pl\\\/ratownictwo-medyczne\\\/#\\\/schema\\\/logo\\\/image\\\/\"},\"sameAs\":[\"https:\\\/\\\/www.facebook.com\\\/StudiaKrosno\\\/\",\"https:\\\/\\\/www.instagram.com\\\/pans.krosno\\\/\",\"https:\\\/\\\/pl.linkedin.com\\\/company\\\/pwsz-krosno\",\"https:\\\/\\\/www.youtube.com\\\/user\\\/pwszkrosno\\\/\",\"https:\\\/\\\/pl.wikipedia.org\\\/wiki\\\/Pa\u0144stwowa_Wy\u017csza_Szko\u0142a_Zawodowa_im._Stanis\u0142awa_Pigonia_w_Kro\u015bnie\"]}]}<\/script>\n<!-- \/ Yoast SEO Premium plugin. -->","yoast_head_json":{"title":"Dy\u017cury pracownik\u00f3w - Ratownictwo Medyczne - PANS w Kro\u015bnie","robots":{"index":"index","follow":"follow","max-snippet":"max-snippet:-1","max-image-preview":"max-image-preview:large","max-video-preview":"max-video-preview:-1"},"canonical":"https:\/\/pans.krosno.pl\/ratownictwo-medyczne\/dyzury-pracownikow\/","og_locale":"pl_PL","og_type":"article","og_title":"Dy\u017cury pracownik\u00f3w","og_url":"https:\/\/pans.krosno.pl\/ratownictwo-medyczne\/dyzury-pracownikow\/","og_site_name":"Ratownictwo Medyczne - PANS w Kro\u015bnie","article_publisher":"https:\/\/www.facebook.com\/StudiaKrosno\/","article_modified_time":"2025-11-26T16:30:52+00:00","twitter_card":"summary_large_image","twitter_misc":{"Szacowany czas czytania":"1 minuta"},"schema":{"@context":"https:\/\/schema.org","@graph":[{"@type":"WebPage","@id":"https:\/\/pans.krosno.pl\/ratownictwo-medyczne\/dyzury-pracownikow\/","url":"https:\/\/pans.krosno.pl\/ratownictwo-medyczne\/dyzury-pracownikow\/","name":"Dy\u017cury pracownik\u00f3w - Ratownictwo Medyczne - PANS w Kro\u015bnie","isPartOf":{"@id":"https:\/\/pans.krosno.pl\/ratownictwo-medyczne\/#website"},"datePublished":"2023-10-02T13:22:25+00:00","dateModified":"2025-11-26T16:30:52+00:00","breadcrumb":{"@id":"https:\/\/pans.krosno.pl\/ratownictwo-medyczne\/dyzury-pracownikow\/#breadcrumb"},"inLanguage":"pl-PL","potentialAction":[{"@type":"ReadAction","target":["https:\/\/pans.krosno.pl\/ratownictwo-medyczne\/dyzury-pracownikow\/"]}]},{"@type":"BreadcrumbList","@id":"https:\/\/pans.krosno.pl\/ratownictwo-medyczne\/dyzury-pracownikow\/#breadcrumb","itemListElement":[{"@type":"ListItem","position":1,"name":"Strona g\u0142\u00f3wna","item":"https:\/\/pans.krosno.pl\/ratownictwo-medyczne\/"},{"@type":"ListItem","position":2,"name":"Dy\u017cury pracownik\u00f3w"}]},{"@type":"WebSite","@id":"https:\/\/pans.krosno.pl\/ratownictwo-medyczne\/#website","url":"https:\/\/pans.krosno.pl\/ratownictwo-medyczne\/","name":"PANS w Kro\u015bnie","description":"Pa\u0144stwowa Akademia Nauk Stosowanych w Kro\u015bnie","publisher":{"@id":"https:\/\/pans.krosno.pl\/ratownictwo-medyczne\/#organization"},"alternateName":"PANS Krosno","potentialAction":[{"@type":"SearchAction","target":{"@type":"EntryPoint","urlTemplate":"https:\/\/pans.krosno.pl\/ratownictwo-medyczne\/?s={search_term_string}"},"query-input":{"@type":"PropertyValueSpecification","valueRequired":true,"valueName":"search_term_string"}}],"inLanguage":"pl-PL"},{"@type":"Organization","@id":"https:\/\/pans.krosno.pl\/ratownictwo-medyczne\/#organization","name":"Pa\u0144stwowa Akademia Nauk Stosowanych w Kro\u015bnie","alternateName":"PANS Krosno","url":"https:\/\/pans.krosno.pl\/ratownictwo-medyczne\/","logo":{"@type":"ImageObject","inLanguage":"pl-PL","@id":"https:\/\/pans.krosno.pl\/ratownictwo-medyczne\/#\/schema\/logo\/image\/","url":"https:\/\/pans.krosno.pl\/wp-content\/uploads\/2023\/01\/Logo-PANS-2022-pelne-2-scaled.jpg","contentUrl":"https:\/\/pans.krosno.pl\/wp-content\/uploads\/2023\/01\/Logo-PANS-2022-pelne-2-scaled.jpg","width":2560,"height":576,"caption":"Pa\u0144stwowa Akademia Nauk Stosowanych w Kro\u015bnie"},"image":{"@id":"https:\/\/pans.krosno.pl\/ratownictwo-medyczne\/#\/schema\/logo\/image\/"},"sameAs":["https:\/\/www.facebook.com\/StudiaKrosno\/","https:\/\/www.instagram.com\/pans.krosno\/","https:\/\/pl.linkedin.com\/company\/pwsz-krosno","https:\/\/www.youtube.com\/user\/pwszkrosno\/","https:\/\/pl.wikipedia.org\/wiki\/Pa\u0144stwowa_Wy\u017csza_Szko\u0142a_Zawodowa_im._Stanis\u0142awa_Pigonia_w_Kro\u015bnie"]}]}},"_links":{"self":[{"href":"https:\/\/pans.krosno.pl\/ratownictwo-medyczne\/wp-json\/wp\/v2\/pages\/46","targetHints":{"allow":["GET"]}}],"collection":[{"href":"https:\/\/pans.krosno.pl\/ratownictwo-medyczne\/wp-json\/wp\/v2\/pages"}],"about":[{"href":"https:\/\/pans.krosno.pl\/ratownictwo-medyczne\/wp-json\/wp\/v2\/types\/page"}],"author":[{"embeddable":true,"href":"https:\/\/pans.krosno.pl\/ratownictwo-medyczne\/wp-json\/wp\/v2\/users\/27"}],"replies":[{"embeddable":true,"href":"https:\/\/pans.krosno.pl\/ratownictwo-medyczne\/wp-json\/wp\/v2\/comments?post=46"}],"version-history":[{"count":3,"href":"https:\/\/pans.krosno.pl\/ratownictwo-medyczne\/wp-json\/wp\/v2\/pages\/46\/revisions"}],"predecessor-version":[{"id":457,"href":"https:\/\/pans.krosno.pl\/ratownictwo-medyczne\/wp-json\/wp\/v2\/pages\/46\/revisions\/457"}],"wp:attachment":[{"href":"https:\/\/pans.krosno.pl\/ratownictwo-medyczne\/wp-json\/wp\/v2\/media?parent=46"}],"curies":[{"name":"wp","href":"https:\/\/api.w.org\/{rel}","templated":true}]}}