{"id":994,"date":"2020-04-01T13:49:30","date_gmt":"2020-04-01T11:49:30","guid":{"rendered":"https:\/\/pans.krosno.pl\/pracownicy\/?page_id=994"},"modified":"2025-05-20T13:22:18","modified_gmt":"2025-05-20T11:22:18","slug":"wojciech-radwanski-zyciorys-naukowy","status":"publish","type":"page","link":"https:\/\/pans.krosno.pl\/pracownicy\/wojciech-radwanski\/wojciech-radwanski-zyciorys-naukowy\/","title":{"rendered":"dr in\u017c. Wojciech Radwa\u0144ski &#8211; \u017byciorys naukowy"},"content":{"rendered":"<hr>\n<ul>\n<li>W 1994 r. &#8211; Technikum Budowlane w Sanoku, specjalno\u015b\u0107; Budownictwo og\u00f3lne,<\/li>\n<li>W 2000 r. &#8211; Politechnika Krakowska. Wydzia\u0142 In\u017cynierii L\u0105dowej. Kierunek: Budownictwo , Specjalno\u015b\u0107: Drogi ulice i autostrady. Praca magisterska: Wyprzedzanie na drogach zamiejskich, wybrane czynniki determinuj\u0105ce zapotrzebowanie na wyprzedzanie.&nbsp;<\/li>\n<\/ul>\n<hr>\n<p>&nbsp;<\/p>\n","protected":false},"excerpt":{"rendered":"<p>W 1994 r. &#8211; Technikum Budowlane w Sanoku, specjalno\u015b\u0107; Budownictwo og\u00f3lne, W 2000 r. &#8211; Politechnika Krakowska. Wydzia\u0142 In\u017cynierii L\u0105dowej. Kierunek: Budownictwo , Specjalno\u015b\u0107: Drogi ulice i autostrady. Praca magisterska: Wyprzedzanie na drogach zamiejskich, wybrane czynniki determinuj\u0105ce zapotrzebowanie na wyprzedzanie.&nbsp; &nbsp;<\/p>\n","protected":false},"author":36,"featured_media":0,"parent":977,"menu_order":0,"comment_status":"closed","ping_status":"closed","template":"","meta":{"ngg_post_thumbnail":0,"footnotes":""},"class_list":["post-994","page","type-page","status-publish","hentry"],"yoast_head":"<!-- This site is optimized with the Yoast SEO Premium plugin v27.3 (Yoast SEO v27.3) - https:\/\/yoast.com\/product\/yoast-seo-premium-wordpress\/ -->\n<title>dr in\u017c. Wojciech Radwa\u0144ski - \u017byciorys naukowy - Pracownicy PANS w Kro\u015bnie<\/title>\n<meta name=\"robots\" content=\"index, follow, max-snippet:-1, max-image-preview:large, max-video-preview:-1\" \/>\n<link rel=\"canonical\" href=\"https:\/\/pans.krosno.pl\/pracownicy\/wojciech-radwanski\/wojciech-radwanski-zyciorys-naukowy\/\" \/>\n<meta property=\"og:locale\" content=\"pl_PL\" \/>\n<meta property=\"og:type\" content=\"article\" \/>\n<meta property=\"og:title\" content=\"dr in\u017c. Wojciech Radwa\u0144ski - \u017byciorys naukowy\" \/>\n<meta property=\"og:description\" content=\"W 1994 r. &#8211; Technikum Budowlane w Sanoku, specjalno\u015b\u0107; Budownictwo og\u00f3lne, W 2000 r. &#8211; Politechnika Krakowska. Wydzia\u0142 In\u017cynierii L\u0105dowej. Kierunek: Budownictwo , Specjalno\u015b\u0107: Drogi ulice i autostrady. Praca magisterska: Wyprzedzanie na drogach zamiejskich, wybrane czynniki determinuj\u0105ce zapotrzebowanie na wyprzedzanie.&nbsp; &nbsp;\" \/>\n<meta property=\"og:url\" content=\"https:\/\/pans.krosno.pl\/pracownicy\/wojciech-radwanski\/wojciech-radwanski-zyciorys-naukowy\/\" \/>\n<meta property=\"og:site_name\" content=\"Pracownicy PANS w Kro\u015bnie\" \/>\n<meta property=\"article:modified_time\" content=\"2025-05-20T11:22:18+00:00\" \/>\n<meta name=\"twitter:card\" content=\"summary_large_image\" \/>\n<script type=\"application\/ld+json\" class=\"yoast-schema-graph\">{\"@context\":\"https:\\\/\\\/schema.org\",\"@graph\":[{\"@type\":\"WebPage\",\"@id\":\"https:\\\/\\\/pans.krosno.pl\\\/pracownicy\\\/wojciech-radwanski\\\/wojciech-radwanski-zyciorys-naukowy\\\/\",\"url\":\"https:\\\/\\\/pans.krosno.pl\\\/pracownicy\\\/wojciech-radwanski\\\/wojciech-radwanski-zyciorys-naukowy\\\/\",\"name\":\"dr in\u017c. Wojciech Radwa\u0144ski - \u017byciorys naukowy - Pracownicy PANS w Kro\u015bnie\",\"isPartOf\":{\"@id\":\"https:\\\/\\\/pans.krosno.pl\\\/pracownicy\\\/#website\"},\"datePublished\":\"2020-04-01T11:49:30+00:00\",\"dateModified\":\"2025-05-20T11:22:18+00:00\",\"breadcrumb\":{\"@id\":\"https:\\\/\\\/pans.krosno.pl\\\/pracownicy\\\/wojciech-radwanski\\\/wojciech-radwanski-zyciorys-naukowy\\\/#breadcrumb\"},\"inLanguage\":\"pl-PL\",\"potentialAction\":[{\"@type\":\"ReadAction\",\"target\":[\"https:\\\/\\\/pans.krosno.pl\\\/pracownicy\\\/wojciech-radwanski\\\/wojciech-radwanski-zyciorys-naukowy\\\/\"]}]},{\"@type\":\"BreadcrumbList\",\"@id\":\"https:\\\/\\\/pans.krosno.pl\\\/pracownicy\\\/wojciech-radwanski\\\/wojciech-radwanski-zyciorys-naukowy\\\/#breadcrumb\",\"itemListElement\":[{\"@type\":\"ListItem\",\"position\":1,\"name\":\"Strona g\u0142\u00f3wna\",\"item\":\"https:\\\/\\\/pans.krosno.pl\\\/pracownicy\\\/\"},{\"@type\":\"ListItem\",\"position\":2,\"name\":\"dr in\u017c. Wojciech Radwa\u0144ski\",\"item\":\"https:\\\/\\\/pans.krosno.pl\\\/pracownicy\\\/wojciech-radwanski\\\/\"},{\"@type\":\"ListItem\",\"position\":3,\"name\":\"dr in\u017c. Wojciech Radwa\u0144ski &#8211; \u017byciorys naukowy\"}]},{\"@type\":\"WebSite\",\"@id\":\"https:\\\/\\\/pans.krosno.pl\\\/pracownicy\\\/#website\",\"url\":\"https:\\\/\\\/pans.krosno.pl\\\/pracownicy\\\/\",\"name\":\"Pracownicy PANS w Kro\u015bnie\",\"description\":\"Pracownicy - Pa\u0144stwowa Akademia Nauk Stosowanych\",\"publisher\":{\"@id\":\"https:\\\/\\\/pans.krosno.pl\\\/pracownicy\\\/#organization\"},\"potentialAction\":[{\"@type\":\"SearchAction\",\"target\":{\"@type\":\"EntryPoint\",\"urlTemplate\":\"https:\\\/\\\/pans.krosno.pl\\\/pracownicy\\\/?s={search_term_string}\"},\"query-input\":{\"@type\":\"PropertyValueSpecification\",\"valueRequired\":true,\"valueName\":\"search_term_string\"}}],\"inLanguage\":\"pl-PL\"},{\"@type\":\"Organization\",\"@id\":\"https:\\\/\\\/pans.krosno.pl\\\/pracownicy\\\/#organization\",\"name\":\"Pracownicy PANS w Kro\u015bnie\",\"url\":\"https:\\\/\\\/pans.krosno.pl\\\/pracownicy\\\/\",\"logo\":{\"@type\":\"ImageObject\",\"inLanguage\":\"pl-PL\",\"@id\":\"https:\\\/\\\/pans.krosno.pl\\\/pracownicy\\\/#\\\/schema\\\/logo\\\/image\\\/\",\"url\":\"https:\\\/\\\/pans.krosno.pl\\\/pracownicy\\\/wp-content\\\/uploads\\\/sites\\\/41\\\/2023\\\/01\\\/Logo-PANS-2022-pelne.png\",\"contentUrl\":\"https:\\\/\\\/pans.krosno.pl\\\/pracownicy\\\/wp-content\\\/uploads\\\/sites\\\/41\\\/2023\\\/01\\\/Logo-PANS-2022-pelne.png\",\"width\":3096,\"height\":696,\"caption\":\"Pracownicy PANS w Kro\u015bnie\"},\"image\":{\"@id\":\"https:\\\/\\\/pans.krosno.pl\\\/pracownicy\\\/#\\\/schema\\\/logo\\\/image\\\/\"}}]}<\/script>\n<!-- \/ Yoast SEO Premium plugin. -->","yoast_head_json":{"title":"dr in\u017c. Wojciech Radwa\u0144ski - \u017byciorys naukowy - Pracownicy PANS w Kro\u015bnie","robots":{"index":"index","follow":"follow","max-snippet":"max-snippet:-1","max-image-preview":"max-image-preview:large","max-video-preview":"max-video-preview:-1"},"canonical":"https:\/\/pans.krosno.pl\/pracownicy\/wojciech-radwanski\/wojciech-radwanski-zyciorys-naukowy\/","og_locale":"pl_PL","og_type":"article","og_title":"dr in\u017c. Wojciech Radwa\u0144ski - \u017byciorys naukowy","og_description":"W 1994 r. &#8211; Technikum Budowlane w Sanoku, specjalno\u015b\u0107; Budownictwo og\u00f3lne, W 2000 r. &#8211; Politechnika Krakowska. Wydzia\u0142 In\u017cynierii L\u0105dowej. Kierunek: Budownictwo , Specjalno\u015b\u0107: Drogi ulice i autostrady. Praca magisterska: Wyprzedzanie na drogach zamiejskich, wybrane czynniki determinuj\u0105ce zapotrzebowanie na wyprzedzanie.&nbsp; &nbsp;","og_url":"https:\/\/pans.krosno.pl\/pracownicy\/wojciech-radwanski\/wojciech-radwanski-zyciorys-naukowy\/","og_site_name":"Pracownicy PANS w Kro\u015bnie","article_modified_time":"2025-05-20T11:22:18+00:00","twitter_card":"summary_large_image","schema":{"@context":"https:\/\/schema.org","@graph":[{"@type":"WebPage","@id":"https:\/\/pans.krosno.pl\/pracownicy\/wojciech-radwanski\/wojciech-radwanski-zyciorys-naukowy\/","url":"https:\/\/pans.krosno.pl\/pracownicy\/wojciech-radwanski\/wojciech-radwanski-zyciorys-naukowy\/","name":"dr in\u017c. Wojciech Radwa\u0144ski - \u017byciorys naukowy - Pracownicy PANS w Kro\u015bnie","isPartOf":{"@id":"https:\/\/pans.krosno.pl\/pracownicy\/#website"},"datePublished":"2020-04-01T11:49:30+00:00","dateModified":"2025-05-20T11:22:18+00:00","breadcrumb":{"@id":"https:\/\/pans.krosno.pl\/pracownicy\/wojciech-radwanski\/wojciech-radwanski-zyciorys-naukowy\/#breadcrumb"},"inLanguage":"pl-PL","potentialAction":[{"@type":"ReadAction","target":["https:\/\/pans.krosno.pl\/pracownicy\/wojciech-radwanski\/wojciech-radwanski-zyciorys-naukowy\/"]}]},{"@type":"BreadcrumbList","@id":"https:\/\/pans.krosno.pl\/pracownicy\/wojciech-radwanski\/wojciech-radwanski-zyciorys-naukowy\/#breadcrumb","itemListElement":[{"@type":"ListItem","position":1,"name":"Strona g\u0142\u00f3wna","item":"https:\/\/pans.krosno.pl\/pracownicy\/"},{"@type":"ListItem","position":2,"name":"dr in\u017c. Wojciech Radwa\u0144ski","item":"https:\/\/pans.krosno.pl\/pracownicy\/wojciech-radwanski\/"},{"@type":"ListItem","position":3,"name":"dr in\u017c. Wojciech Radwa\u0144ski &#8211; \u017byciorys naukowy"}]},{"@type":"WebSite","@id":"https:\/\/pans.krosno.pl\/pracownicy\/#website","url":"https:\/\/pans.krosno.pl\/pracownicy\/","name":"Pracownicy PANS w Kro\u015bnie","description":"Pracownicy - Pa\u0144stwowa Akademia Nauk Stosowanych","publisher":{"@id":"https:\/\/pans.krosno.pl\/pracownicy\/#organization"},"potentialAction":[{"@type":"SearchAction","target":{"@type":"EntryPoint","urlTemplate":"https:\/\/pans.krosno.pl\/pracownicy\/?s={search_term_string}"},"query-input":{"@type":"PropertyValueSpecification","valueRequired":true,"valueName":"search_term_string"}}],"inLanguage":"pl-PL"},{"@type":"Organization","@id":"https:\/\/pans.krosno.pl\/pracownicy\/#organization","name":"Pracownicy PANS w Kro\u015bnie","url":"https:\/\/pans.krosno.pl\/pracownicy\/","logo":{"@type":"ImageObject","inLanguage":"pl-PL","@id":"https:\/\/pans.krosno.pl\/pracownicy\/#\/schema\/logo\/image\/","url":"https:\/\/pans.krosno.pl\/pracownicy\/wp-content\/uploads\/sites\/41\/2023\/01\/Logo-PANS-2022-pelne.png","contentUrl":"https:\/\/pans.krosno.pl\/pracownicy\/wp-content\/uploads\/sites\/41\/2023\/01\/Logo-PANS-2022-pelne.png","width":3096,"height":696,"caption":"Pracownicy PANS w Kro\u015bnie"},"image":{"@id":"https:\/\/pans.krosno.pl\/pracownicy\/#\/schema\/logo\/image\/"}}]}},"_links":{"self":[{"href":"https:\/\/pans.krosno.pl\/pracownicy\/wp-json\/wp\/v2\/pages\/994","targetHints":{"allow":["GET"]}}],"collection":[{"href":"https:\/\/pans.krosno.pl\/pracownicy\/wp-json\/wp\/v2\/pages"}],"about":[{"href":"https:\/\/pans.krosno.pl\/pracownicy\/wp-json\/wp\/v2\/types\/page"}],"author":[{"embeddable":true,"href":"https:\/\/pans.krosno.pl\/pracownicy\/wp-json\/wp\/v2\/users\/36"}],"replies":[{"embeddable":true,"href":"https:\/\/pans.krosno.pl\/pracownicy\/wp-json\/wp\/v2\/comments?post=994"}],"version-history":[{"count":7,"href":"https:\/\/pans.krosno.pl\/pracownicy\/wp-json\/wp\/v2\/pages\/994\/revisions"}],"predecessor-version":[{"id":10913,"href":"https:\/\/pans.krosno.pl\/pracownicy\/wp-json\/wp\/v2\/pages\/994\/revisions\/10913"}],"up":[{"embeddable":true,"href":"https:\/\/pans.krosno.pl\/pracownicy\/wp-json\/wp\/v2\/pages\/977"}],"wp:attachment":[{"href":"https:\/\/pans.krosno.pl\/pracownicy\/wp-json\/wp\/v2\/media?parent=994"}],"curies":[{"name":"wp","href":"https:\/\/api.w.org\/{rel}","templated":true}]}}