{"id":9765,"date":"2023-03-09T14:22:13","date_gmt":"2023-03-09T13:22:13","guid":{"rendered":"https:\/\/pans.krosno.pl\/pracownicy\/?page_id=9765"},"modified":"2023-03-09T14:23:55","modified_gmt":"2023-03-09T13:23:55","slug":"krzysztof-przednowek-najwazniejsze-publikacje","status":"publish","type":"page","link":"https:\/\/pans.krosno.pl\/pracownicy\/krzysztof-przednowek\/krzysztof-przednowek-najwazniejsze-publikacje\/","title":{"rendered":"dr\u00a0hab.\u00a0Krzysztof\u00a0Przednowek &#8211; Najwa\u017cniejsze\u00a0publikacje"},"content":{"rendered":"\n<ul class=\"wp-block-list\">\n<li>2021 \u2013 Kierownik: Podkarpackie Centrum Innowacji, projekt B+R. Projekt: Opracowanie metod<br>estymacji&nbsp;tlenowych&nbsp;zdolno\u015bci&nbsp;wysi\u0142kowych&nbsp;m\u0119\u017cczyzn&nbsp;w&nbsp;wieku&nbsp;produkcyjnym.<br>2020 \u2013 Wykonawca: Podkarpackie Centrum Innowacji, projekt B+R. Projekt: Opracowanie metod do<br>estymacji parametr\u00f3w antropometrycznych cz\u0142owieka na podstawie danych z kamery g\u0142\u0119boko\u015bci.<\/li>\n\n\n\n<li>Martins F, Marques A, Fran\u00e7a C, Sarmento H, Henriques R, Ihle A, de Maio Nascimento M, Saldanha C, Przednowek K, Gouveia \u00c9R. Weekly External Load Performance Effects on Sports Injuries of Male Professional Football Players. International Journal of Environmental Research and Public Health. 2023; 20(2):1121.&nbsp;<a rel=\"noreferrer noopener\" target=\"_blank\" href=\"https:\/\/doi.org\/10.3390\/ijerph20021121\">https:\/\/doi.org\/10.3390\/ijerph20021121<\/a><\/li>\n\n\n\n<li>Nascimento MdM, Gouveia \u00c9R, Gouveia BR, Marques A, Martins F, Przednowek K, Fran\u00e7a C, Peralta M, Ihle A. Associations of Gait Speed, Cadence, Gait Stability Ratio, and Body Balance with Falls in Older Adults. International Journal of Environmental Research and Public Health. 2022; 19(21):13926.&nbsp;<a rel=\"noreferrer noopener\" target=\"_blank\" href=\"https:\/\/doi.org\/10.3390\/ijerph192113926\">https:\/\/doi.org\/10.3390\/ijerph192113926<\/a><\/li>\n\n\n\n<li>Martins, F., Fran\u00e7a, C., Henriques, R. et al. Body composition variations between injured and non-injured professional soccer players. Sci Rep 12, 20779 (2022).&nbsp;<a rel=\"noreferrer noopener\" target=\"_blank\" href=\"https:\/\/doi.org\/10.1038\/s41598-022-24609-4\">https:\/\/doi.org\/10.1038\/s41598-022-24609-4<\/a><\/li>\n<\/ul>\n","protected":false},"excerpt":{"rendered":"","protected":false},"author":27,"featured_media":0,"parent":9762,"menu_order":0,"comment_status":"closed","ping_status":"closed","template":"","meta":{"ngg_post_thumbnail":0,"footnotes":""},"class_list":["post-9765","page","type-page","status-publish","hentry"],"yoast_head":"<!-- This site is optimized with the Yoast SEO Premium plugin v27.3 (Yoast SEO v27.3) - https:\/\/yoast.com\/product\/yoast-seo-premium-wordpress\/ -->\n<title>dr\u00a0hab.\u00a0Krzysztof\u00a0Przednowek - Najwa\u017cniejsze\u00a0publikacje - Pracownicy PANS w Kro\u015bnie<\/title>\n<meta name=\"robots\" content=\"index, follow, max-snippet:-1, max-image-preview:large, max-video-preview:-1\" \/>\n<link rel=\"canonical\" href=\"https:\/\/pans.krosno.pl\/pracownicy\/krzysztof-przednowek\/krzysztof-przednowek-najwazniejsze-publikacje\/\" \/>\n<meta property=\"og:locale\" content=\"pl_PL\" \/>\n<meta property=\"og:type\" content=\"article\" \/>\n<meta property=\"og:title\" content=\"dr\u00a0hab.\u00a0Krzysztof\u00a0Przednowek - Najwa\u017cniejsze\u00a0publikacje\" \/>\n<meta property=\"og:url\" content=\"https:\/\/pans.krosno.pl\/pracownicy\/krzysztof-przednowek\/krzysztof-przednowek-najwazniejsze-publikacje\/\" \/>\n<meta property=\"og:site_name\" content=\"Pracownicy PANS w Kro\u015bnie\" \/>\n<meta property=\"article:modified_time\" content=\"2023-03-09T13:23:55+00:00\" \/>\n<meta name=\"twitter:card\" content=\"summary_large_image\" \/>\n<meta name=\"twitter:label1\" content=\"Szacowany czas czytania\" \/>\n\t<meta name=\"twitter:data1\" content=\"1 minuta\" \/>\n<script type=\"application\/ld+json\" class=\"yoast-schema-graph\">{\"@context\":\"https:\\\/\\\/schema.org\",\"@graph\":[{\"@type\":\"WebPage\",\"@id\":\"https:\\\/\\\/pans.krosno.pl\\\/pracownicy\\\/krzysztof-przednowek\\\/krzysztof-przednowek-najwazniejsze-publikacje\\\/\",\"url\":\"https:\\\/\\\/pans.krosno.pl\\\/pracownicy\\\/krzysztof-przednowek\\\/krzysztof-przednowek-najwazniejsze-publikacje\\\/\",\"name\":\"dr\u00a0hab.\u00a0Krzysztof\u00a0Przednowek - Najwa\u017cniejsze\u00a0publikacje - Pracownicy PANS w Kro\u015bnie\",\"isPartOf\":{\"@id\":\"https:\\\/\\\/pans.krosno.pl\\\/pracownicy\\\/#website\"},\"datePublished\":\"2023-03-09T13:22:13+00:00\",\"dateModified\":\"2023-03-09T13:23:55+00:00\",\"breadcrumb\":{\"@id\":\"https:\\\/\\\/pans.krosno.pl\\\/pracownicy\\\/krzysztof-przednowek\\\/krzysztof-przednowek-najwazniejsze-publikacje\\\/#breadcrumb\"},\"inLanguage\":\"pl-PL\",\"potentialAction\":[{\"@type\":\"ReadAction\",\"target\":[\"https:\\\/\\\/pans.krosno.pl\\\/pracownicy\\\/krzysztof-przednowek\\\/krzysztof-przednowek-najwazniejsze-publikacje\\\/\"]}]},{\"@type\":\"BreadcrumbList\",\"@id\":\"https:\\\/\\\/pans.krosno.pl\\\/pracownicy\\\/krzysztof-przednowek\\\/krzysztof-przednowek-najwazniejsze-publikacje\\\/#breadcrumb\",\"itemListElement\":[{\"@type\":\"ListItem\",\"position\":1,\"name\":\"Strona g\u0142\u00f3wna\",\"item\":\"https:\\\/\\\/pans.krosno.pl\\\/pracownicy\\\/\"},{\"@type\":\"ListItem\",\"position\":2,\"name\":\"dr\u00a0hab.\u00a0Krzysztof\u00a0Przednowek, prof. PANS\",\"item\":\"https:\\\/\\\/pans.krosno.pl\\\/pracownicy\\\/krzysztof-przednowek\\\/\"},{\"@type\":\"ListItem\",\"position\":3,\"name\":\"dr\u00a0hab.\u00a0Krzysztof\u00a0Przednowek &#8211; Najwa\u017cniejsze\u00a0publikacje\"}]},{\"@type\":\"WebSite\",\"@id\":\"https:\\\/\\\/pans.krosno.pl\\\/pracownicy\\\/#website\",\"url\":\"https:\\\/\\\/pans.krosno.pl\\\/pracownicy\\\/\",\"name\":\"Pracownicy PANS w Kro\u015bnie\",\"description\":\"Pracownicy - Pa\u0144stwowa Akademia Nauk Stosowanych\",\"publisher\":{\"@id\":\"https:\\\/\\\/pans.krosno.pl\\\/pracownicy\\\/#organization\"},\"potentialAction\":[{\"@type\":\"SearchAction\",\"target\":{\"@type\":\"EntryPoint\",\"urlTemplate\":\"https:\\\/\\\/pans.krosno.pl\\\/pracownicy\\\/?s={search_term_string}\"},\"query-input\":{\"@type\":\"PropertyValueSpecification\",\"valueRequired\":true,\"valueName\":\"search_term_string\"}}],\"inLanguage\":\"pl-PL\"},{\"@type\":\"Organization\",\"@id\":\"https:\\\/\\\/pans.krosno.pl\\\/pracownicy\\\/#organization\",\"name\":\"Pracownicy PANS w Kro\u015bnie\",\"url\":\"https:\\\/\\\/pans.krosno.pl\\\/pracownicy\\\/\",\"logo\":{\"@type\":\"ImageObject\",\"inLanguage\":\"pl-PL\",\"@id\":\"https:\\\/\\\/pans.krosno.pl\\\/pracownicy\\\/#\\\/schema\\\/logo\\\/image\\\/\",\"url\":\"https:\\\/\\\/pans.krosno.pl\\\/pracownicy\\\/wp-content\\\/uploads\\\/sites\\\/41\\\/2023\\\/01\\\/Logo-PANS-2022-pelne.png\",\"contentUrl\":\"https:\\\/\\\/pans.krosno.pl\\\/pracownicy\\\/wp-content\\\/uploads\\\/sites\\\/41\\\/2023\\\/01\\\/Logo-PANS-2022-pelne.png\",\"width\":3096,\"height\":696,\"caption\":\"Pracownicy PANS w Kro\u015bnie\"},\"image\":{\"@id\":\"https:\\\/\\\/pans.krosno.pl\\\/pracownicy\\\/#\\\/schema\\\/logo\\\/image\\\/\"}}]}<\/script>\n<!-- \/ Yoast SEO Premium plugin. -->","yoast_head_json":{"title":"dr\u00a0hab.\u00a0Krzysztof\u00a0Przednowek - Najwa\u017cniejsze\u00a0publikacje - Pracownicy PANS w Kro\u015bnie","robots":{"index":"index","follow":"follow","max-snippet":"max-snippet:-1","max-image-preview":"max-image-preview:large","max-video-preview":"max-video-preview:-1"},"canonical":"https:\/\/pans.krosno.pl\/pracownicy\/krzysztof-przednowek\/krzysztof-przednowek-najwazniejsze-publikacje\/","og_locale":"pl_PL","og_type":"article","og_title":"dr\u00a0hab.\u00a0Krzysztof\u00a0Przednowek - Najwa\u017cniejsze\u00a0publikacje","og_url":"https:\/\/pans.krosno.pl\/pracownicy\/krzysztof-przednowek\/krzysztof-przednowek-najwazniejsze-publikacje\/","og_site_name":"Pracownicy PANS w Kro\u015bnie","article_modified_time":"2023-03-09T13:23:55+00:00","twitter_card":"summary_large_image","twitter_misc":{"Szacowany czas czytania":"1 minuta"},"schema":{"@context":"https:\/\/schema.org","@graph":[{"@type":"WebPage","@id":"https:\/\/pans.krosno.pl\/pracownicy\/krzysztof-przednowek\/krzysztof-przednowek-najwazniejsze-publikacje\/","url":"https:\/\/pans.krosno.pl\/pracownicy\/krzysztof-przednowek\/krzysztof-przednowek-najwazniejsze-publikacje\/","name":"dr\u00a0hab.\u00a0Krzysztof\u00a0Przednowek - Najwa\u017cniejsze\u00a0publikacje - Pracownicy PANS w Kro\u015bnie","isPartOf":{"@id":"https:\/\/pans.krosno.pl\/pracownicy\/#website"},"datePublished":"2023-03-09T13:22:13+00:00","dateModified":"2023-03-09T13:23:55+00:00","breadcrumb":{"@id":"https:\/\/pans.krosno.pl\/pracownicy\/krzysztof-przednowek\/krzysztof-przednowek-najwazniejsze-publikacje\/#breadcrumb"},"inLanguage":"pl-PL","potentialAction":[{"@type":"ReadAction","target":["https:\/\/pans.krosno.pl\/pracownicy\/krzysztof-przednowek\/krzysztof-przednowek-najwazniejsze-publikacje\/"]}]},{"@type":"BreadcrumbList","@id":"https:\/\/pans.krosno.pl\/pracownicy\/krzysztof-przednowek\/krzysztof-przednowek-najwazniejsze-publikacje\/#breadcrumb","itemListElement":[{"@type":"ListItem","position":1,"name":"Strona g\u0142\u00f3wna","item":"https:\/\/pans.krosno.pl\/pracownicy\/"},{"@type":"ListItem","position":2,"name":"dr\u00a0hab.\u00a0Krzysztof\u00a0Przednowek, prof. PANS","item":"https:\/\/pans.krosno.pl\/pracownicy\/krzysztof-przednowek\/"},{"@type":"ListItem","position":3,"name":"dr\u00a0hab.\u00a0Krzysztof\u00a0Przednowek &#8211; Najwa\u017cniejsze\u00a0publikacje"}]},{"@type":"WebSite","@id":"https:\/\/pans.krosno.pl\/pracownicy\/#website","url":"https:\/\/pans.krosno.pl\/pracownicy\/","name":"Pracownicy PANS w Kro\u015bnie","description":"Pracownicy - Pa\u0144stwowa Akademia Nauk Stosowanych","publisher":{"@id":"https:\/\/pans.krosno.pl\/pracownicy\/#organization"},"potentialAction":[{"@type":"SearchAction","target":{"@type":"EntryPoint","urlTemplate":"https:\/\/pans.krosno.pl\/pracownicy\/?s={search_term_string}"},"query-input":{"@type":"PropertyValueSpecification","valueRequired":true,"valueName":"search_term_string"}}],"inLanguage":"pl-PL"},{"@type":"Organization","@id":"https:\/\/pans.krosno.pl\/pracownicy\/#organization","name":"Pracownicy PANS w Kro\u015bnie","url":"https:\/\/pans.krosno.pl\/pracownicy\/","logo":{"@type":"ImageObject","inLanguage":"pl-PL","@id":"https:\/\/pans.krosno.pl\/pracownicy\/#\/schema\/logo\/image\/","url":"https:\/\/pans.krosno.pl\/pracownicy\/wp-content\/uploads\/sites\/41\/2023\/01\/Logo-PANS-2022-pelne.png","contentUrl":"https:\/\/pans.krosno.pl\/pracownicy\/wp-content\/uploads\/sites\/41\/2023\/01\/Logo-PANS-2022-pelne.png","width":3096,"height":696,"caption":"Pracownicy PANS w Kro\u015bnie"},"image":{"@id":"https:\/\/pans.krosno.pl\/pracownicy\/#\/schema\/logo\/image\/"}}]}},"_links":{"self":[{"href":"https:\/\/pans.krosno.pl\/pracownicy\/wp-json\/wp\/v2\/pages\/9765","targetHints":{"allow":["GET"]}}],"collection":[{"href":"https:\/\/pans.krosno.pl\/pracownicy\/wp-json\/wp\/v2\/pages"}],"about":[{"href":"https:\/\/pans.krosno.pl\/pracownicy\/wp-json\/wp\/v2\/types\/page"}],"author":[{"embeddable":true,"href":"https:\/\/pans.krosno.pl\/pracownicy\/wp-json\/wp\/v2\/users\/27"}],"replies":[{"embeddable":true,"href":"https:\/\/pans.krosno.pl\/pracownicy\/wp-json\/wp\/v2\/comments?post=9765"}],"version-history":[{"count":1,"href":"https:\/\/pans.krosno.pl\/pracownicy\/wp-json\/wp\/v2\/pages\/9765\/revisions"}],"predecessor-version":[{"id":9767,"href":"https:\/\/pans.krosno.pl\/pracownicy\/wp-json\/wp\/v2\/pages\/9765\/revisions\/9767"}],"up":[{"embeddable":true,"href":"https:\/\/pans.krosno.pl\/pracownicy\/wp-json\/wp\/v2\/pages\/9762"}],"wp:attachment":[{"href":"https:\/\/pans.krosno.pl\/pracownicy\/wp-json\/wp\/v2\/media?parent=9765"}],"curies":[{"name":"wp","href":"https:\/\/api.w.org\/{rel}","templated":true}]}}