{"id":9732,"date":"2023-02-01T13:56:48","date_gmt":"2023-02-01T12:56:48","guid":{"rendered":"https:\/\/pans.krosno.pl\/pracownicy\/?page_id=9732"},"modified":"2023-02-01T14:55:49","modified_gmt":"2023-02-01T13:55:49","slug":"tadeusz-lopatkiewicz-najwazniejsze-nagrody-i-wyroznienia","status":"publish","type":"page","link":"https:\/\/pans.krosno.pl\/pracownicy\/tadeusz-lopatkiewicz\/tadeusz-lopatkiewicz-najwazniejsze-nagrody-i-wyroznienia\/","title":{"rendered":"dr Tadeusz \u0141opatkiewicz \u2013 Najwa\u017cniejsze nagrody i wyr\u00f3\u017cnienia"},"content":{"rendered":"\n<p><\/p>\n\n\n\n<p>1982 \u2013 Nagroda Polskiej Akademii Nauk za prac\u0119 magistersk\u0105 \u201eMa\u0142e formy architektury sakralnej w \u0142emkowskich wsiach Beskidu Niskiego\u201d.<\/p>\n\n\n\n<p>1998 \u2013 Nagroda I stopnia im. Franciszka Kotuli \u201eW uznaniu zas\u0142ug i wybitnego dorobku kultury i sztuki \u2013 wielkiej pasji \u017cyciowej i tw\u00f3rczej\u201d.<\/p>\n\n\n\n<p>1998 \u2013 Medal Franciszka Kotuli za ksi\u0105\u017ck\u0119 \u201eZ Lendaku i Mani\u00f3w. Ch\u0142opskie listy z ko\u0144ca XIX wieku\u201d.<\/p>\n\n\n\n<p>2001 \u2013 I Nagroda Miasta Jas\u0142a za osi\u0105gni\u0119cia w dziedzinie tw\u00f3rczo\u015bci artystycznej i naukowej oraz upowszechniania kultury w roku 2001.<\/p>\n\n\n\n<p>2004 \u2013 Tytu\u0142 \u201eMicrosoft Most Valuable Professional\u201d.<\/p>\n\n\n\n<p>2005 \u2013 Tytu\u0142 \u201eMicrosoft Most Valuable Professional\u201d.<\/p>\n\n\n\n<p>2007 \u2013 Nagroda Prezydenta Miasta Krosna za osi\u0105gni\u0119cia w dziedzinie kultury.<\/p>\n\n\n\n<p>2008 \u2013 Nagroda Starosty Powiatu Nowos\u0105deckiego Srebrne Jab\u0142ko S\u0105deckie za prac\u0119 \u201eStanis\u0142awa Tomkowicza inwentarz zabytk\u00f3w powiatu s\u0105deckiego\u201d i wk\u0142ad w promocj\u0119 Ziemi S\u0105deckiej.<\/p>\n\n\n\n<p>2008 \u2013 Honorowa Nagroda \u201eS\u0105decczyzna im. Szcz\u0119snego Morawskiego\u201d za najlepsz\u0105 publikacj\u0119 dotycz\u0105c\u0105 dziej\u00f3w i kultury S\u0105decczyzny w roku 2008 \u2013 wydanie r\u0119kopis\u00f3w i opatrzenie komentarzami dzie\u0142a \u201eStanis\u0142awa Tomkowicza inwentarz zabytk\u00f3w powiatu s\u0105deckiego\u201d.<\/p>\n\n\n\n<p>2008 \u2013 Srebrny Krzy\u017c Zas\u0142ugi.<\/p>\n\n\n\n<p>2008 \u2013 Nagroda im. Prof. dra Jerzego Z. \u0141ozi\u0144skiego za prace naukowe z historii sztuki polskiej ze szczeg\u00f3lnym uwzgl\u0119dnieniem prac o charakterze dokumentacyjnym i katalogowym \u2013 przyznana przez Zarz\u0105d G\u0142\u00f3wny Stowarzyszenia Historyk\u00f3w Sztuki za naukowe i edytorskie opracowanie cennych dla kolejnych pokole\u0144 badaczy r\u0119kopi\u015bmiennych inwentarzy zabytk\u00f3w powiat\u00f3w: jasielskiego, kro\u015bnie\u0144skiego i s\u0105deckiego, sporz\u0105dzonych przez Stanis\u0142awa Tomkowicza na prze\u0142omie XIX i XX wieku, wydanych przez Muzeum Narodowe w Krakowie, [wesp\u00f3\u0142 z Piotrem \u0141opatkiewiczem].<\/p>\n\n\n\n<p>2011 \u2013 Honorowe Cz\u0142onkowstwo Stowarzyszenia Mi\u0142o\u015bnik\u00f3w Ziemi Kro\u015bnie\u0144skiej.<\/p>\n\n\n\n<p>2019 \u2013 Nagroda Starosty Powiatu Nowos\u0105deckiego Z\u0142ote Jab\u0142ko S\u0105deckie w podzi\u0119kowaniu za tw\u00f3rczy wk\u0142ad w upowszechnianie wiedzy o historii S\u0105decczyzny i S\u0105deczan w publikacji \u201eSzkicownik Stanis\u0142awa Wyspia\u0144skiego z naukowo-artystycznej wycieczki w S\u0105deckie, Gorlickie i Grybowskie z roku 1889\u201d.<\/p>\n\n\n\n<p>2019 \u2013 Honorowa Nagroda \u201eS\u0105decczyzna im. Szcz\u0119snego Morawskiego\u201d za najlepsz\u0105 publikacj\u0119 dotycz\u0105c\u0105 dziej\u00f3w i kultury S\u0105decczyzny w roku 2018 \u2013 za wydanie z r\u0119kopis\u00f3w i opatrzenie komentarzami dzie\u0142a \u201eSzkicownik Stanis\u0142awa Wyspia\u0144skiego z naukowo-artystycznej wycieczki w S\u0105deckie, Gorlickie i Grybowskie z roku 1889\u201d.<\/p>\n","protected":false},"excerpt":{"rendered":"<p>1982 \u2013 Nagroda Polskiej Akademii Nauk za prac\u0119 magistersk\u0105 \u201eMa\u0142e formy architektury sakralnej w \u0142emkowskich wsiach Beskidu Niskiego\u201d. 1998 \u2013 Nagroda I stopnia im. Franciszka Kotuli \u201eW uznaniu zas\u0142ug i wybitnego dorobku kultury i sztuki \u2013 wielkiej pasji \u017cyciowej i tw\u00f3rczej\u201d. 1998 \u2013 Medal Franciszka Kotuli za ksi\u0105\u017ck\u0119 \u201eZ Lendaku [\u2026] <\/p>\n<div class=\"clear\"><\/div>\n<p><a class=\"more_link clearfix\" href=\"https:\/\/pans.krosno.pl\/pracownicy\/tadeusz-lopatkiewicz\/tadeusz-lopatkiewicz-najwazniejsze-nagrody-i-wyroznienia\/\" rel=\"nofollow\">Read More<\/a><\/p>\n","protected":false},"author":27,"featured_media":0,"parent":9721,"menu_order":0,"comment_status":"closed","ping_status":"closed","template":"","meta":{"ngg_post_thumbnail":0,"footnotes":""},"class_list":["post-9732","page","type-page","status-publish","hentry"],"yoast_head":"<!-- This site is optimized with the Yoast SEO Premium plugin v27.4 (Yoast SEO v27.4) - https:\/\/yoast.com\/product\/yoast-seo-premium-wordpress\/ -->\n<title>dr Tadeusz \u0141opatkiewicz \u2013 Najwa\u017cniejsze nagrody i wyr\u00f3\u017cnienia - Pracownicy PANS w Kro\u015bnie<\/title>\n<meta name=\"robots\" content=\"index, follow, max-snippet:-1, max-image-preview:large, max-video-preview:-1\" \/>\n<link rel=\"canonical\" href=\"https:\/\/pans.krosno.pl\/pracownicy\/tadeusz-lopatkiewicz\/tadeusz-lopatkiewicz-najwazniejsze-nagrody-i-wyroznienia\/\" \/>\n<meta property=\"og:locale\" content=\"pl_PL\" \/>\n<meta property=\"og:type\" content=\"article\" \/>\n<meta property=\"og:title\" content=\"dr Tadeusz \u0141opatkiewicz \u2013 Najwa\u017cniejsze nagrody i wyr\u00f3\u017cnienia\" \/>\n<meta property=\"og:description\" content=\"1982 \u2013 Nagroda Polskiej Akademii Nauk za prac\u0119 magistersk\u0105 \u201eMa\u0142e formy architektury sakralnej w \u0142emkowskich wsiach Beskidu Niskiego\u201d. 1998 \u2013 Nagroda I stopnia im. Franciszka Kotuli \u201eW uznaniu zas\u0142ug i wybitnego dorobku kultury i sztuki \u2013 wielkiej pasji \u017cyciowej i tw\u00f3rczej\u201d. 1998 \u2013 Medal Franciszka Kotuli za ksi\u0105\u017ck\u0119 \u201eZ Lendaku [\u2026] Read More\" \/>\n<meta property=\"og:url\" content=\"https:\/\/pans.krosno.pl\/pracownicy\/tadeusz-lopatkiewicz\/tadeusz-lopatkiewicz-najwazniejsze-nagrody-i-wyroznienia\/\" \/>\n<meta property=\"og:site_name\" content=\"Pracownicy PANS w Kro\u015bnie\" \/>\n<meta property=\"article:modified_time\" content=\"2023-02-01T13:55:49+00:00\" \/>\n<meta name=\"twitter:card\" content=\"summary_large_image\" \/>\n<meta name=\"twitter:label1\" content=\"Szacowany czas czytania\" \/>\n\t<meta name=\"twitter:data1\" content=\"2 minuty\" \/>\n<script type=\"application\/ld+json\" class=\"yoast-schema-graph\">{\"@context\":\"https:\\\/\\\/schema.org\",\"@graph\":[{\"@type\":\"WebPage\",\"@id\":\"https:\\\/\\\/pans.krosno.pl\\\/pracownicy\\\/tadeusz-lopatkiewicz\\\/tadeusz-lopatkiewicz-najwazniejsze-nagrody-i-wyroznienia\\\/\",\"url\":\"https:\\\/\\\/pans.krosno.pl\\\/pracownicy\\\/tadeusz-lopatkiewicz\\\/tadeusz-lopatkiewicz-najwazniejsze-nagrody-i-wyroznienia\\\/\",\"name\":\"dr Tadeusz \u0141opatkiewicz \u2013 Najwa\u017cniejsze nagrody i wyr\u00f3\u017cnienia - Pracownicy PANS w Kro\u015bnie\",\"isPartOf\":{\"@id\":\"https:\\\/\\\/pans.krosno.pl\\\/pracownicy\\\/#website\"},\"datePublished\":\"2023-02-01T12:56:48+00:00\",\"dateModified\":\"2023-02-01T13:55:49+00:00\",\"breadcrumb\":{\"@id\":\"https:\\\/\\\/pans.krosno.pl\\\/pracownicy\\\/tadeusz-lopatkiewicz\\\/tadeusz-lopatkiewicz-najwazniejsze-nagrody-i-wyroznienia\\\/#breadcrumb\"},\"inLanguage\":\"pl-PL\",\"potentialAction\":[{\"@type\":\"ReadAction\",\"target\":[\"https:\\\/\\\/pans.krosno.pl\\\/pracownicy\\\/tadeusz-lopatkiewicz\\\/tadeusz-lopatkiewicz-najwazniejsze-nagrody-i-wyroznienia\\\/\"]}]},{\"@type\":\"BreadcrumbList\",\"@id\":\"https:\\\/\\\/pans.krosno.pl\\\/pracownicy\\\/tadeusz-lopatkiewicz\\\/tadeusz-lopatkiewicz-najwazniejsze-nagrody-i-wyroznienia\\\/#breadcrumb\",\"itemListElement\":[{\"@type\":\"ListItem\",\"position\":1,\"name\":\"Strona g\u0142\u00f3wna\",\"item\":\"https:\\\/\\\/pans.krosno.pl\\\/pracownicy\\\/\"},{\"@type\":\"ListItem\",\"position\":2,\"name\":\"dr Tadeusz \u0141opatkiewicz\",\"item\":\"https:\\\/\\\/pans.krosno.pl\\\/pracownicy\\\/tadeusz-lopatkiewicz\\\/\"},{\"@type\":\"ListItem\",\"position\":3,\"name\":\"dr Tadeusz \u0141opatkiewicz \u2013 Najwa\u017cniejsze nagrody i wyr\u00f3\u017cnienia\"}]},{\"@type\":\"WebSite\",\"@id\":\"https:\\\/\\\/pans.krosno.pl\\\/pracownicy\\\/#website\",\"url\":\"https:\\\/\\\/pans.krosno.pl\\\/pracownicy\\\/\",\"name\":\"Pracownicy PANS w Kro\u015bnie\",\"description\":\"Pracownicy - Pa\u0144stwowa Akademia Nauk Stosowanych\",\"publisher\":{\"@id\":\"https:\\\/\\\/pans.krosno.pl\\\/pracownicy\\\/#organization\"},\"potentialAction\":[{\"@type\":\"SearchAction\",\"target\":{\"@type\":\"EntryPoint\",\"urlTemplate\":\"https:\\\/\\\/pans.krosno.pl\\\/pracownicy\\\/?s={search_term_string}\"},\"query-input\":{\"@type\":\"PropertyValueSpecification\",\"valueRequired\":true,\"valueName\":\"search_term_string\"}}],\"inLanguage\":\"pl-PL\"},{\"@type\":\"Organization\",\"@id\":\"https:\\\/\\\/pans.krosno.pl\\\/pracownicy\\\/#organization\",\"name\":\"Pracownicy PANS w Kro\u015bnie\",\"url\":\"https:\\\/\\\/pans.krosno.pl\\\/pracownicy\\\/\",\"logo\":{\"@type\":\"ImageObject\",\"inLanguage\":\"pl-PL\",\"@id\":\"https:\\\/\\\/pans.krosno.pl\\\/pracownicy\\\/#\\\/schema\\\/logo\\\/image\\\/\",\"url\":\"https:\\\/\\\/pans.krosno.pl\\\/pracownicy\\\/wp-content\\\/uploads\\\/sites\\\/41\\\/2023\\\/01\\\/Logo-PANS-2022-pelne.png\",\"contentUrl\":\"https:\\\/\\\/pans.krosno.pl\\\/pracownicy\\\/wp-content\\\/uploads\\\/sites\\\/41\\\/2023\\\/01\\\/Logo-PANS-2022-pelne.png\",\"width\":3096,\"height\":696,\"caption\":\"Pracownicy PANS w Kro\u015bnie\"},\"image\":{\"@id\":\"https:\\\/\\\/pans.krosno.pl\\\/pracownicy\\\/#\\\/schema\\\/logo\\\/image\\\/\"}}]}<\/script>\n<!-- \/ Yoast SEO Premium plugin. -->","yoast_head_json":{"title":"dr Tadeusz \u0141opatkiewicz \u2013 Najwa\u017cniejsze nagrody i wyr\u00f3\u017cnienia - Pracownicy PANS w Kro\u015bnie","robots":{"index":"index","follow":"follow","max-snippet":"max-snippet:-1","max-image-preview":"max-image-preview:large","max-video-preview":"max-video-preview:-1"},"canonical":"https:\/\/pans.krosno.pl\/pracownicy\/tadeusz-lopatkiewicz\/tadeusz-lopatkiewicz-najwazniejsze-nagrody-i-wyroznienia\/","og_locale":"pl_PL","og_type":"article","og_title":"dr Tadeusz \u0141opatkiewicz \u2013 Najwa\u017cniejsze nagrody i wyr\u00f3\u017cnienia","og_description":"1982 \u2013 Nagroda Polskiej Akademii Nauk za prac\u0119 magistersk\u0105 \u201eMa\u0142e formy architektury sakralnej w \u0142emkowskich wsiach Beskidu Niskiego\u201d. 1998 \u2013 Nagroda I stopnia im. Franciszka Kotuli \u201eW uznaniu zas\u0142ug i wybitnego dorobku kultury i sztuki \u2013 wielkiej pasji \u017cyciowej i tw\u00f3rczej\u201d. 1998 \u2013 Medal Franciszka Kotuli za ksi\u0105\u017ck\u0119 \u201eZ Lendaku [\u2026] Read More","og_url":"https:\/\/pans.krosno.pl\/pracownicy\/tadeusz-lopatkiewicz\/tadeusz-lopatkiewicz-najwazniejsze-nagrody-i-wyroznienia\/","og_site_name":"Pracownicy PANS w Kro\u015bnie","article_modified_time":"2023-02-01T13:55:49+00:00","twitter_card":"summary_large_image","twitter_misc":{"Szacowany czas czytania":"2 minuty"},"schema":{"@context":"https:\/\/schema.org","@graph":[{"@type":"WebPage","@id":"https:\/\/pans.krosno.pl\/pracownicy\/tadeusz-lopatkiewicz\/tadeusz-lopatkiewicz-najwazniejsze-nagrody-i-wyroznienia\/","url":"https:\/\/pans.krosno.pl\/pracownicy\/tadeusz-lopatkiewicz\/tadeusz-lopatkiewicz-najwazniejsze-nagrody-i-wyroznienia\/","name":"dr Tadeusz \u0141opatkiewicz \u2013 Najwa\u017cniejsze nagrody i wyr\u00f3\u017cnienia - Pracownicy PANS w Kro\u015bnie","isPartOf":{"@id":"https:\/\/pans.krosno.pl\/pracownicy\/#website"},"datePublished":"2023-02-01T12:56:48+00:00","dateModified":"2023-02-01T13:55:49+00:00","breadcrumb":{"@id":"https:\/\/pans.krosno.pl\/pracownicy\/tadeusz-lopatkiewicz\/tadeusz-lopatkiewicz-najwazniejsze-nagrody-i-wyroznienia\/#breadcrumb"},"inLanguage":"pl-PL","potentialAction":[{"@type":"ReadAction","target":["https:\/\/pans.krosno.pl\/pracownicy\/tadeusz-lopatkiewicz\/tadeusz-lopatkiewicz-najwazniejsze-nagrody-i-wyroznienia\/"]}]},{"@type":"BreadcrumbList","@id":"https:\/\/pans.krosno.pl\/pracownicy\/tadeusz-lopatkiewicz\/tadeusz-lopatkiewicz-najwazniejsze-nagrody-i-wyroznienia\/#breadcrumb","itemListElement":[{"@type":"ListItem","position":1,"name":"Strona g\u0142\u00f3wna","item":"https:\/\/pans.krosno.pl\/pracownicy\/"},{"@type":"ListItem","position":2,"name":"dr Tadeusz \u0141opatkiewicz","item":"https:\/\/pans.krosno.pl\/pracownicy\/tadeusz-lopatkiewicz\/"},{"@type":"ListItem","position":3,"name":"dr Tadeusz \u0141opatkiewicz \u2013 Najwa\u017cniejsze nagrody i wyr\u00f3\u017cnienia"}]},{"@type":"WebSite","@id":"https:\/\/pans.krosno.pl\/pracownicy\/#website","url":"https:\/\/pans.krosno.pl\/pracownicy\/","name":"Pracownicy PANS w Kro\u015bnie","description":"Pracownicy - Pa\u0144stwowa Akademia Nauk Stosowanych","publisher":{"@id":"https:\/\/pans.krosno.pl\/pracownicy\/#organization"},"potentialAction":[{"@type":"SearchAction","target":{"@type":"EntryPoint","urlTemplate":"https:\/\/pans.krosno.pl\/pracownicy\/?s={search_term_string}"},"query-input":{"@type":"PropertyValueSpecification","valueRequired":true,"valueName":"search_term_string"}}],"inLanguage":"pl-PL"},{"@type":"Organization","@id":"https:\/\/pans.krosno.pl\/pracownicy\/#organization","name":"Pracownicy PANS w Kro\u015bnie","url":"https:\/\/pans.krosno.pl\/pracownicy\/","logo":{"@type":"ImageObject","inLanguage":"pl-PL","@id":"https:\/\/pans.krosno.pl\/pracownicy\/#\/schema\/logo\/image\/","url":"https:\/\/pans.krosno.pl\/pracownicy\/wp-content\/uploads\/sites\/41\/2023\/01\/Logo-PANS-2022-pelne.png","contentUrl":"https:\/\/pans.krosno.pl\/pracownicy\/wp-content\/uploads\/sites\/41\/2023\/01\/Logo-PANS-2022-pelne.png","width":3096,"height":696,"caption":"Pracownicy PANS w Kro\u015bnie"},"image":{"@id":"https:\/\/pans.krosno.pl\/pracownicy\/#\/schema\/logo\/image\/"}}]}},"_links":{"self":[{"href":"https:\/\/pans.krosno.pl\/pracownicy\/wp-json\/wp\/v2\/pages\/9732","targetHints":{"allow":["GET"]}}],"collection":[{"href":"https:\/\/pans.krosno.pl\/pracownicy\/wp-json\/wp\/v2\/pages"}],"about":[{"href":"https:\/\/pans.krosno.pl\/pracownicy\/wp-json\/wp\/v2\/types\/page"}],"author":[{"embeddable":true,"href":"https:\/\/pans.krosno.pl\/pracownicy\/wp-json\/wp\/v2\/users\/27"}],"replies":[{"embeddable":true,"href":"https:\/\/pans.krosno.pl\/pracownicy\/wp-json\/wp\/v2\/comments?post=9732"}],"version-history":[{"count":2,"href":"https:\/\/pans.krosno.pl\/pracownicy\/wp-json\/wp\/v2\/pages\/9732\/revisions"}],"predecessor-version":[{"id":9736,"href":"https:\/\/pans.krosno.pl\/pracownicy\/wp-json\/wp\/v2\/pages\/9732\/revisions\/9736"}],"up":[{"embeddable":true,"href":"https:\/\/pans.krosno.pl\/pracownicy\/wp-json\/wp\/v2\/pages\/9721"}],"wp:attachment":[{"href":"https:\/\/pans.krosno.pl\/pracownicy\/wp-json\/wp\/v2\/media?parent=9732"}],"curies":[{"name":"wp","href":"https:\/\/api.w.org\/{rel}","templated":true}]}}