{"id":9726,"date":"2023-02-01T13:54:19","date_gmt":"2023-02-01T12:54:19","guid":{"rendered":"https:\/\/pans.krosno.pl\/pracownicy\/?page_id=9726"},"modified":"2023-02-01T13:58:53","modified_gmt":"2023-02-01T12:58:53","slug":"tadeusz-lopatkiewicz-zyciorys-naukowy","status":"publish","type":"page","link":"https:\/\/pans.krosno.pl\/pracownicy\/tadeusz-lopatkiewicz\/tadeusz-lopatkiewicz-zyciorys-naukowy\/","title":{"rendered":"dr Tadeusz \u0141opatkiewicz \u2013 \u017cyciorys naukowy"},"content":{"rendered":"\n<p>1977-1982 \u2013 Uniwersytet im. A. Mickiewicza w Poznaniu, magister etnografii \u2013 dyp\u00adlom uko\u0144czenia studi\u00f3w z wyr\u00f3\u017cnieniem i nagroda Polskiej Akademii Nauk za prac\u0119 magistersk\u0105 pt. \u201e<em>Ma\u0142e formy architektury sakralnej w \u0142emkowskich wsiach Beskidu Niskiego<\/em>\u201d \u2013 promotor: prof. dr hab. J\u00f3zef Burszta. W 1993 praca opublikowana zosta\u0142a w Nowym Jorku, w serii ksi\u0105\u017ckowych wydawnictw ameryka\u0144skiej <em>The Lemko Research Foundation<\/em>.<\/p>\n\n\n\n<p>1991-1998 \u2013 zast\u0119pca Wojew\u00f3dzkiego Konserwatora Zabytk\u00f3w w Kro\u015bnie.<\/p>\n\n\n\n<p>2004-2006 \u2013 Uniwersytet Jagiello\u0144ski, Instytut Historii Sztuki, doktor nauk humanistycznych w zakresie nauk o sztuce, rozprawa doktorska \u201e<em>Mi\u0119dzy pedagogik\u0105 a inwentaryzacj\u0105 zabytk\u00f3w. Naukowo-artystyczne wycieczki W\u0142adys\u0142awa \u0141uszczkiewicza z uczniami krakowskiej Szko\u0142y Sztuk Pi\u0119knych w<\/em><em>latach 1888-1893<\/em>\u201d \u2013 promotor: prof. dr hab. Adam Ma\u0142kiewicz, recenzenci: prof. dr hab. Wojciech Ba\u0142us, prof. dr hab. Jerzy Kowalczyk.<\/p>\n\n\n\n<p>2008-2016 \u2013 Pa\u0144stwowa Wy\u017csza Szko\u0142a Zawodowa w Kro\u015bnie \u2013 zlecone wyk\u0142ady i \u0107wiczenia dla student\u00f3w studi\u00f3w stacjonarnych i zaocznych z etnografii regionu oraz park\u00f3w i ogrod\u00f3w zabytkowych Podkarpacia.<\/p>\n\n\n\n<p>2000-2021 \u2013 wsp\u00f3\u0142autor i wsp\u00f3\u0142wykonawca kilku projekt\u00f3w naukowych oraz grant\u00f3w realizowanych w Muzeum Narodowym w Krakowie.<\/p>\n","protected":false},"excerpt":{"rendered":"<p>1977-1982 \u2013 Uniwersytet im. A. Mickiewicza w Poznaniu, magister etnografii \u2013 dyp\u00adlom uko\u0144czenia studi\u00f3w z wyr\u00f3\u017cnieniem i nagroda Polskiej Akademii Nauk za prac\u0119 magistersk\u0105 pt. \u201eMa\u0142e formy architektury sakralnej w \u0142emkowskich wsiach Beskidu Niskiego\u201d \u2013 promotor: prof. dr hab. J\u00f3zef Burszta. W 1993 praca opublikowana zosta\u0142a w Nowym Jorku, w [\u2026] <\/p>\n<div class=\"clear\"><\/div>\n<p><a class=\"more_link clearfix\" href=\"https:\/\/pans.krosno.pl\/pracownicy\/tadeusz-lopatkiewicz\/tadeusz-lopatkiewicz-zyciorys-naukowy\/\" rel=\"nofollow\">Read More<\/a><\/p>\n","protected":false},"author":27,"featured_media":0,"parent":9721,"menu_order":0,"comment_status":"closed","ping_status":"closed","template":"","meta":{"ngg_post_thumbnail":0,"footnotes":""},"class_list":["post-9726","page","type-page","status-publish","hentry"],"yoast_head":"<!-- This site is optimized with the Yoast SEO Premium plugin v27.4 (Yoast SEO v27.4) - https:\/\/yoast.com\/product\/yoast-seo-premium-wordpress\/ -->\n<title>dr Tadeusz \u0141opatkiewicz \u2013 \u017cyciorys naukowy - Pracownicy PANS w Kro\u015bnie<\/title>\n<meta name=\"robots\" content=\"index, follow, max-snippet:-1, max-image-preview:large, max-video-preview:-1\" \/>\n<link rel=\"canonical\" href=\"https:\/\/pans.krosno.pl\/pracownicy\/tadeusz-lopatkiewicz\/tadeusz-lopatkiewicz-zyciorys-naukowy\/\" \/>\n<meta property=\"og:locale\" content=\"pl_PL\" \/>\n<meta property=\"og:type\" content=\"article\" \/>\n<meta property=\"og:title\" content=\"dr Tadeusz \u0141opatkiewicz \u2013 \u017cyciorys naukowy\" \/>\n<meta property=\"og:description\" content=\"1977-1982 \u2013 Uniwersytet im. A. Mickiewicza w Poznaniu, magister etnografii \u2013 dyp\u00adlom uko\u0144czenia studi\u00f3w z wyr\u00f3\u017cnieniem i nagroda Polskiej Akademii Nauk za prac\u0119 magistersk\u0105 pt. \u201eMa\u0142e formy architektury sakralnej w \u0142emkowskich wsiach Beskidu Niskiego\u201d \u2013 promotor: prof. dr hab. J\u00f3zef Burszta. W 1993 praca opublikowana zosta\u0142a w Nowym Jorku, w [\u2026] Read More\" \/>\n<meta property=\"og:url\" content=\"https:\/\/pans.krosno.pl\/pracownicy\/tadeusz-lopatkiewicz\/tadeusz-lopatkiewicz-zyciorys-naukowy\/\" \/>\n<meta property=\"og:site_name\" content=\"Pracownicy PANS w Kro\u015bnie\" \/>\n<meta property=\"article:modified_time\" content=\"2023-02-01T12:58:53+00:00\" \/>\n<meta name=\"twitter:card\" content=\"summary_large_image\" \/>\n<meta name=\"twitter:label1\" content=\"Szacowany czas czytania\" \/>\n\t<meta name=\"twitter:data1\" content=\"1 minuta\" \/>\n<script type=\"application\/ld+json\" class=\"yoast-schema-graph\">{\"@context\":\"https:\\\/\\\/schema.org\",\"@graph\":[{\"@type\":\"WebPage\",\"@id\":\"https:\\\/\\\/pans.krosno.pl\\\/pracownicy\\\/tadeusz-lopatkiewicz\\\/tadeusz-lopatkiewicz-zyciorys-naukowy\\\/\",\"url\":\"https:\\\/\\\/pans.krosno.pl\\\/pracownicy\\\/tadeusz-lopatkiewicz\\\/tadeusz-lopatkiewicz-zyciorys-naukowy\\\/\",\"name\":\"dr Tadeusz \u0141opatkiewicz \u2013 \u017cyciorys naukowy - Pracownicy PANS w Kro\u015bnie\",\"isPartOf\":{\"@id\":\"https:\\\/\\\/pans.krosno.pl\\\/pracownicy\\\/#website\"},\"datePublished\":\"2023-02-01T12:54:19+00:00\",\"dateModified\":\"2023-02-01T12:58:53+00:00\",\"breadcrumb\":{\"@id\":\"https:\\\/\\\/pans.krosno.pl\\\/pracownicy\\\/tadeusz-lopatkiewicz\\\/tadeusz-lopatkiewicz-zyciorys-naukowy\\\/#breadcrumb\"},\"inLanguage\":\"pl-PL\",\"potentialAction\":[{\"@type\":\"ReadAction\",\"target\":[\"https:\\\/\\\/pans.krosno.pl\\\/pracownicy\\\/tadeusz-lopatkiewicz\\\/tadeusz-lopatkiewicz-zyciorys-naukowy\\\/\"]}]},{\"@type\":\"BreadcrumbList\",\"@id\":\"https:\\\/\\\/pans.krosno.pl\\\/pracownicy\\\/tadeusz-lopatkiewicz\\\/tadeusz-lopatkiewicz-zyciorys-naukowy\\\/#breadcrumb\",\"itemListElement\":[{\"@type\":\"ListItem\",\"position\":1,\"name\":\"Strona g\u0142\u00f3wna\",\"item\":\"https:\\\/\\\/pans.krosno.pl\\\/pracownicy\\\/\"},{\"@type\":\"ListItem\",\"position\":2,\"name\":\"dr Tadeusz \u0141opatkiewicz\",\"item\":\"https:\\\/\\\/pans.krosno.pl\\\/pracownicy\\\/tadeusz-lopatkiewicz\\\/\"},{\"@type\":\"ListItem\",\"position\":3,\"name\":\"dr Tadeusz \u0141opatkiewicz \u2013 \u017cyciorys naukowy\"}]},{\"@type\":\"WebSite\",\"@id\":\"https:\\\/\\\/pans.krosno.pl\\\/pracownicy\\\/#website\",\"url\":\"https:\\\/\\\/pans.krosno.pl\\\/pracownicy\\\/\",\"name\":\"Pracownicy PANS w Kro\u015bnie\",\"description\":\"Pracownicy - Pa\u0144stwowa Akademia Nauk Stosowanych\",\"publisher\":{\"@id\":\"https:\\\/\\\/pans.krosno.pl\\\/pracownicy\\\/#organization\"},\"potentialAction\":[{\"@type\":\"SearchAction\",\"target\":{\"@type\":\"EntryPoint\",\"urlTemplate\":\"https:\\\/\\\/pans.krosno.pl\\\/pracownicy\\\/?s={search_term_string}\"},\"query-input\":{\"@type\":\"PropertyValueSpecification\",\"valueRequired\":true,\"valueName\":\"search_term_string\"}}],\"inLanguage\":\"pl-PL\"},{\"@type\":\"Organization\",\"@id\":\"https:\\\/\\\/pans.krosno.pl\\\/pracownicy\\\/#organization\",\"name\":\"Pracownicy PANS w Kro\u015bnie\",\"url\":\"https:\\\/\\\/pans.krosno.pl\\\/pracownicy\\\/\",\"logo\":{\"@type\":\"ImageObject\",\"inLanguage\":\"pl-PL\",\"@id\":\"https:\\\/\\\/pans.krosno.pl\\\/pracownicy\\\/#\\\/schema\\\/logo\\\/image\\\/\",\"url\":\"https:\\\/\\\/pans.krosno.pl\\\/pracownicy\\\/wp-content\\\/uploads\\\/sites\\\/41\\\/2023\\\/01\\\/Logo-PANS-2022-pelne.png\",\"contentUrl\":\"https:\\\/\\\/pans.krosno.pl\\\/pracownicy\\\/wp-content\\\/uploads\\\/sites\\\/41\\\/2023\\\/01\\\/Logo-PANS-2022-pelne.png\",\"width\":3096,\"height\":696,\"caption\":\"Pracownicy PANS w Kro\u015bnie\"},\"image\":{\"@id\":\"https:\\\/\\\/pans.krosno.pl\\\/pracownicy\\\/#\\\/schema\\\/logo\\\/image\\\/\"}}]}<\/script>\n<!-- \/ Yoast SEO Premium plugin. -->","yoast_head_json":{"title":"dr Tadeusz \u0141opatkiewicz \u2013 \u017cyciorys naukowy - Pracownicy PANS w Kro\u015bnie","robots":{"index":"index","follow":"follow","max-snippet":"max-snippet:-1","max-image-preview":"max-image-preview:large","max-video-preview":"max-video-preview:-1"},"canonical":"https:\/\/pans.krosno.pl\/pracownicy\/tadeusz-lopatkiewicz\/tadeusz-lopatkiewicz-zyciorys-naukowy\/","og_locale":"pl_PL","og_type":"article","og_title":"dr Tadeusz \u0141opatkiewicz \u2013 \u017cyciorys naukowy","og_description":"1977-1982 \u2013 Uniwersytet im. A. Mickiewicza w Poznaniu, magister etnografii \u2013 dyp\u00adlom uko\u0144czenia studi\u00f3w z wyr\u00f3\u017cnieniem i nagroda Polskiej Akademii Nauk za prac\u0119 magistersk\u0105 pt. \u201eMa\u0142e formy architektury sakralnej w \u0142emkowskich wsiach Beskidu Niskiego\u201d \u2013 promotor: prof. dr hab. J\u00f3zef Burszta. W 1993 praca opublikowana zosta\u0142a w Nowym Jorku, w [\u2026] Read More","og_url":"https:\/\/pans.krosno.pl\/pracownicy\/tadeusz-lopatkiewicz\/tadeusz-lopatkiewicz-zyciorys-naukowy\/","og_site_name":"Pracownicy PANS w Kro\u015bnie","article_modified_time":"2023-02-01T12:58:53+00:00","twitter_card":"summary_large_image","twitter_misc":{"Szacowany czas czytania":"1 minuta"},"schema":{"@context":"https:\/\/schema.org","@graph":[{"@type":"WebPage","@id":"https:\/\/pans.krosno.pl\/pracownicy\/tadeusz-lopatkiewicz\/tadeusz-lopatkiewicz-zyciorys-naukowy\/","url":"https:\/\/pans.krosno.pl\/pracownicy\/tadeusz-lopatkiewicz\/tadeusz-lopatkiewicz-zyciorys-naukowy\/","name":"dr Tadeusz \u0141opatkiewicz \u2013 \u017cyciorys naukowy - Pracownicy PANS w Kro\u015bnie","isPartOf":{"@id":"https:\/\/pans.krosno.pl\/pracownicy\/#website"},"datePublished":"2023-02-01T12:54:19+00:00","dateModified":"2023-02-01T12:58:53+00:00","breadcrumb":{"@id":"https:\/\/pans.krosno.pl\/pracownicy\/tadeusz-lopatkiewicz\/tadeusz-lopatkiewicz-zyciorys-naukowy\/#breadcrumb"},"inLanguage":"pl-PL","potentialAction":[{"@type":"ReadAction","target":["https:\/\/pans.krosno.pl\/pracownicy\/tadeusz-lopatkiewicz\/tadeusz-lopatkiewicz-zyciorys-naukowy\/"]}]},{"@type":"BreadcrumbList","@id":"https:\/\/pans.krosno.pl\/pracownicy\/tadeusz-lopatkiewicz\/tadeusz-lopatkiewicz-zyciorys-naukowy\/#breadcrumb","itemListElement":[{"@type":"ListItem","position":1,"name":"Strona g\u0142\u00f3wna","item":"https:\/\/pans.krosno.pl\/pracownicy\/"},{"@type":"ListItem","position":2,"name":"dr Tadeusz \u0141opatkiewicz","item":"https:\/\/pans.krosno.pl\/pracownicy\/tadeusz-lopatkiewicz\/"},{"@type":"ListItem","position":3,"name":"dr Tadeusz \u0141opatkiewicz \u2013 \u017cyciorys naukowy"}]},{"@type":"WebSite","@id":"https:\/\/pans.krosno.pl\/pracownicy\/#website","url":"https:\/\/pans.krosno.pl\/pracownicy\/","name":"Pracownicy PANS w Kro\u015bnie","description":"Pracownicy - Pa\u0144stwowa Akademia Nauk Stosowanych","publisher":{"@id":"https:\/\/pans.krosno.pl\/pracownicy\/#organization"},"potentialAction":[{"@type":"SearchAction","target":{"@type":"EntryPoint","urlTemplate":"https:\/\/pans.krosno.pl\/pracownicy\/?s={search_term_string}"},"query-input":{"@type":"PropertyValueSpecification","valueRequired":true,"valueName":"search_term_string"}}],"inLanguage":"pl-PL"},{"@type":"Organization","@id":"https:\/\/pans.krosno.pl\/pracownicy\/#organization","name":"Pracownicy PANS w Kro\u015bnie","url":"https:\/\/pans.krosno.pl\/pracownicy\/","logo":{"@type":"ImageObject","inLanguage":"pl-PL","@id":"https:\/\/pans.krosno.pl\/pracownicy\/#\/schema\/logo\/image\/","url":"https:\/\/pans.krosno.pl\/pracownicy\/wp-content\/uploads\/sites\/41\/2023\/01\/Logo-PANS-2022-pelne.png","contentUrl":"https:\/\/pans.krosno.pl\/pracownicy\/wp-content\/uploads\/sites\/41\/2023\/01\/Logo-PANS-2022-pelne.png","width":3096,"height":696,"caption":"Pracownicy PANS w Kro\u015bnie"},"image":{"@id":"https:\/\/pans.krosno.pl\/pracownicy\/#\/schema\/logo\/image\/"}}]}},"_links":{"self":[{"href":"https:\/\/pans.krosno.pl\/pracownicy\/wp-json\/wp\/v2\/pages\/9726","targetHints":{"allow":["GET"]}}],"collection":[{"href":"https:\/\/pans.krosno.pl\/pracownicy\/wp-json\/wp\/v2\/pages"}],"about":[{"href":"https:\/\/pans.krosno.pl\/pracownicy\/wp-json\/wp\/v2\/types\/page"}],"author":[{"embeddable":true,"href":"https:\/\/pans.krosno.pl\/pracownicy\/wp-json\/wp\/v2\/users\/27"}],"replies":[{"embeddable":true,"href":"https:\/\/pans.krosno.pl\/pracownicy\/wp-json\/wp\/v2\/comments?post=9726"}],"version-history":[{"count":1,"href":"https:\/\/pans.krosno.pl\/pracownicy\/wp-json\/wp\/v2\/pages\/9726\/revisions"}],"predecessor-version":[{"id":9727,"href":"https:\/\/pans.krosno.pl\/pracownicy\/wp-json\/wp\/v2\/pages\/9726\/revisions\/9727"}],"up":[{"embeddable":true,"href":"https:\/\/pans.krosno.pl\/pracownicy\/wp-json\/wp\/v2\/pages\/9721"}],"wp:attachment":[{"href":"https:\/\/pans.krosno.pl\/pracownicy\/wp-json\/wp\/v2\/media?parent=9726"}],"curies":[{"name":"wp","href":"https:\/\/api.w.org\/{rel}","templated":true}]}}