{"id":970,"date":"2020-04-01T13:18:57","date_gmt":"2020-04-01T11:18:57","guid":{"rendered":"https:\/\/pans.krosno.pl\/pracownicy\/?page_id=970"},"modified":"2025-05-15T14:31:05","modified_gmt":"2025-05-15T12:31:05","slug":"dariusz-len-najwazniejsze-publikacje","status":"publish","type":"page","link":"https:\/\/pans.krosno.pl\/pracownicy\/dariusz-len\/dariusz-len-najwazniejsze-publikacje\/","title":{"rendered":"dr in\u017c. Dariusz Le\u0144 &#8211; Najwa\u017cniejsze publikacje"},"content":{"rendered":"<hr>\n<p>Jest wsp\u00f3\u0142autorem: 2 artyku\u0142\u00f3w w czasopismach naukowych, 2 rozdzia\u0142\u00f3w w monografiach, 5 referat\u00f3w na konferencje: 2 mi\u0119dzynarodowe, 3 krajowe, 1 podr\u0119cznika akademickiego.<\/p>\n<p><strong>Najwa\u017cniejsze publikacje<\/strong><\/p>\n<ol>\n<li>Le\u0144 D., \u015al\u0119czka L.: Efekt d\u017awigni w \u015brubowych po\u0142\u0105czeniach ko\u0142nierzowych kszta\u0142townik\u00f3w zamkni\u0119tych okr\u0105g\u0142ych. [w:] Konstrukcje betonowe i metalowe, (red.) El\u017cbieta Piotrowska, Wydawnictwa Uczelniane Uniwersytetu Technologiczno \u2013 Przyrodniczego w Bydgoszczy, Bydgoszcz, 2015, s. 223-230.<\/li>\n<li>Le\u0144 D., \u015al\u0119czka L.: Modele obliczeniowe \u015brubowych po\u0142\u0105cze\u0144 ko\u0142nierzowych okr\u0105g\u0142ych pr\u0119t\u00f3w rozci\u0105ganych osiowo. In\u017cynieria i Budownictwo, nr 2, 2015, s. 91-93.<\/li>\n<li>Le\u0144 D., \u015al\u0119czka L.: Badania no\u015bno\u015bci, sztywno\u015bci i efektu d\u017awigni w \u015brubowych po\u0142\u0105czeniach ko\u0142nierzowych.&nbsp; Czasopismo In\u017cynierii L\u0105dowej, \u015arodowiska i Architektury \u2013 Journal of Civil Engineering, Environment and Architecture, JCEEA, t. XXXIV, z. 64 (3\/I\/17), 2017, s. 397-406, DOI: 10.7862\/rb.2017.132.<\/li>\n<li>Bernatowska E., Le\u0144 D., \u015al\u0119czka L. (2020) Comparative Study of Fatigue Life Assessment Made by Different Approaches. In: Blikharskyy Z., Koszelnik P., Mesaros P. (eds) Proceedings of CEE 2019. CEE 2019. Lecture Notes in Civil Engineering, vol 47. Springer, Cham.<\/li>\n<\/ol>\n<hr>\n<p>&nbsp;<\/p>\n","protected":false},"excerpt":{"rendered":"<p>Jest wsp\u00f3\u0142autorem: 2 artyku\u0142\u00f3w w czasopismach naukowych, 2 rozdzia\u0142\u00f3w w monografiach, 5 referat\u00f3w na konferencje: 2 mi\u0119dzynarodowe, 3 krajowe, 1 podr\u0119cznika akademickiego. Najwa\u017cniejsze publikacje Le\u0144 D., \u015al\u0119czka L.: Efekt d\u017awigni w \u015brubowych po\u0142\u0105czeniach ko\u0142nierzowych kszta\u0142townik\u00f3w zamkni\u0119tych okr\u0105g\u0142ych. [w:] Konstrukcje betonowe i metalowe, (red.) El\u017cbieta Piotrowska, Wydawnictwa Uczelniane Uniwersytetu Technologiczno \u2013 [\u2026] <\/p>\n<div class=\"clear\"><\/div>\n<p><a class=\"more_link clearfix\" href=\"https:\/\/pans.krosno.pl\/pracownicy\/dariusz-len\/dariusz-len-najwazniejsze-publikacje\/\" rel=\"nofollow\">Read More<\/a><\/p>\n","protected":false},"author":36,"featured_media":0,"parent":959,"menu_order":0,"comment_status":"closed","ping_status":"closed","template":"","meta":{"ngg_post_thumbnail":0,"footnotes":""},"class_list":["post-970","page","type-page","status-publish","hentry"],"yoast_head":"<!-- This site is optimized with the Yoast SEO Premium plugin v27.4 (Yoast SEO v27.4) - https:\/\/yoast.com\/product\/yoast-seo-premium-wordpress\/ -->\n<title>dr in\u017c. Dariusz Le\u0144 - Najwa\u017cniejsze publikacje - Pracownicy PANS w Kro\u015bnie<\/title>\n<meta name=\"robots\" content=\"index, follow, max-snippet:-1, max-image-preview:large, max-video-preview:-1\" \/>\n<link rel=\"canonical\" href=\"https:\/\/pans.krosno.pl\/pracownicy\/dariusz-len\/dariusz-len-najwazniejsze-publikacje\/\" \/>\n<meta property=\"og:locale\" content=\"pl_PL\" \/>\n<meta property=\"og:type\" content=\"article\" \/>\n<meta property=\"og:title\" content=\"dr in\u017c. Dariusz Le\u0144 - Najwa\u017cniejsze publikacje\" \/>\n<meta property=\"og:description\" content=\"Jest wsp\u00f3\u0142autorem: 2 artyku\u0142\u00f3w w czasopismach naukowych, 2 rozdzia\u0142\u00f3w w monografiach, 5 referat\u00f3w na konferencje: 2 mi\u0119dzynarodowe, 3 krajowe, 1 podr\u0119cznika akademickiego. Najwa\u017cniejsze publikacje Le\u0144 D., \u015al\u0119czka L.: Efekt d\u017awigni w \u015brubowych po\u0142\u0105czeniach ko\u0142nierzowych kszta\u0142townik\u00f3w zamkni\u0119tych okr\u0105g\u0142ych. [w:] Konstrukcje betonowe i metalowe, (red.) El\u017cbieta Piotrowska, Wydawnictwa Uczelniane Uniwersytetu Technologiczno \u2013 [\u2026] Read More\" \/>\n<meta property=\"og:url\" content=\"https:\/\/pans.krosno.pl\/pracownicy\/dariusz-len\/dariusz-len-najwazniejsze-publikacje\/\" \/>\n<meta property=\"og:site_name\" content=\"Pracownicy PANS w Kro\u015bnie\" \/>\n<meta property=\"article:modified_time\" content=\"2025-05-15T12:31:05+00:00\" \/>\n<meta name=\"twitter:card\" content=\"summary_large_image\" \/>\n<meta name=\"twitter:label1\" content=\"Szacowany czas czytania\" \/>\n\t<meta name=\"twitter:data1\" content=\"1 minuta\" \/>\n<script type=\"application\/ld+json\" class=\"yoast-schema-graph\">{\"@context\":\"https:\\\/\\\/schema.org\",\"@graph\":[{\"@type\":\"WebPage\",\"@id\":\"https:\\\/\\\/pans.krosno.pl\\\/pracownicy\\\/dariusz-len\\\/dariusz-len-najwazniejsze-publikacje\\\/\",\"url\":\"https:\\\/\\\/pans.krosno.pl\\\/pracownicy\\\/dariusz-len\\\/dariusz-len-najwazniejsze-publikacje\\\/\",\"name\":\"dr in\u017c. Dariusz Le\u0144 - Najwa\u017cniejsze publikacje - Pracownicy PANS w Kro\u015bnie\",\"isPartOf\":{\"@id\":\"https:\\\/\\\/pans.krosno.pl\\\/pracownicy\\\/#website\"},\"datePublished\":\"2020-04-01T11:18:57+00:00\",\"dateModified\":\"2025-05-15T12:31:05+00:00\",\"breadcrumb\":{\"@id\":\"https:\\\/\\\/pans.krosno.pl\\\/pracownicy\\\/dariusz-len\\\/dariusz-len-najwazniejsze-publikacje\\\/#breadcrumb\"},\"inLanguage\":\"pl-PL\",\"potentialAction\":[{\"@type\":\"ReadAction\",\"target\":[\"https:\\\/\\\/pans.krosno.pl\\\/pracownicy\\\/dariusz-len\\\/dariusz-len-najwazniejsze-publikacje\\\/\"]}]},{\"@type\":\"BreadcrumbList\",\"@id\":\"https:\\\/\\\/pans.krosno.pl\\\/pracownicy\\\/dariusz-len\\\/dariusz-len-najwazniejsze-publikacje\\\/#breadcrumb\",\"itemListElement\":[{\"@type\":\"ListItem\",\"position\":1,\"name\":\"Strona g\u0142\u00f3wna\",\"item\":\"https:\\\/\\\/pans.krosno.pl\\\/pracownicy\\\/\"},{\"@type\":\"ListItem\",\"position\":2,\"name\":\"dr in\u017c.\u00a0Dariusz Le\u0144\",\"item\":\"https:\\\/\\\/pans.krosno.pl\\\/pracownicy\\\/dariusz-len\\\/\"},{\"@type\":\"ListItem\",\"position\":3,\"name\":\"dr in\u017c. Dariusz Le\u0144 &#8211; Najwa\u017cniejsze publikacje\"}]},{\"@type\":\"WebSite\",\"@id\":\"https:\\\/\\\/pans.krosno.pl\\\/pracownicy\\\/#website\",\"url\":\"https:\\\/\\\/pans.krosno.pl\\\/pracownicy\\\/\",\"name\":\"Pracownicy PANS w Kro\u015bnie\",\"description\":\"Pracownicy - Pa\u0144stwowa Akademia Nauk Stosowanych\",\"publisher\":{\"@id\":\"https:\\\/\\\/pans.krosno.pl\\\/pracownicy\\\/#organization\"},\"potentialAction\":[{\"@type\":\"SearchAction\",\"target\":{\"@type\":\"EntryPoint\",\"urlTemplate\":\"https:\\\/\\\/pans.krosno.pl\\\/pracownicy\\\/?s={search_term_string}\"},\"query-input\":{\"@type\":\"PropertyValueSpecification\",\"valueRequired\":true,\"valueName\":\"search_term_string\"}}],\"inLanguage\":\"pl-PL\"},{\"@type\":\"Organization\",\"@id\":\"https:\\\/\\\/pans.krosno.pl\\\/pracownicy\\\/#organization\",\"name\":\"Pracownicy PANS w Kro\u015bnie\",\"url\":\"https:\\\/\\\/pans.krosno.pl\\\/pracownicy\\\/\",\"logo\":{\"@type\":\"ImageObject\",\"inLanguage\":\"pl-PL\",\"@id\":\"https:\\\/\\\/pans.krosno.pl\\\/pracownicy\\\/#\\\/schema\\\/logo\\\/image\\\/\",\"url\":\"https:\\\/\\\/pans.krosno.pl\\\/pracownicy\\\/wp-content\\\/uploads\\\/sites\\\/41\\\/2023\\\/01\\\/Logo-PANS-2022-pelne.png\",\"contentUrl\":\"https:\\\/\\\/pans.krosno.pl\\\/pracownicy\\\/wp-content\\\/uploads\\\/sites\\\/41\\\/2023\\\/01\\\/Logo-PANS-2022-pelne.png\",\"width\":3096,\"height\":696,\"caption\":\"Pracownicy PANS w Kro\u015bnie\"},\"image\":{\"@id\":\"https:\\\/\\\/pans.krosno.pl\\\/pracownicy\\\/#\\\/schema\\\/logo\\\/image\\\/\"}}]}<\/script>\n<!-- \/ Yoast SEO Premium plugin. -->","yoast_head_json":{"title":"dr in\u017c. Dariusz Le\u0144 - Najwa\u017cniejsze publikacje - Pracownicy PANS w Kro\u015bnie","robots":{"index":"index","follow":"follow","max-snippet":"max-snippet:-1","max-image-preview":"max-image-preview:large","max-video-preview":"max-video-preview:-1"},"canonical":"https:\/\/pans.krosno.pl\/pracownicy\/dariusz-len\/dariusz-len-najwazniejsze-publikacje\/","og_locale":"pl_PL","og_type":"article","og_title":"dr in\u017c. Dariusz Le\u0144 - Najwa\u017cniejsze publikacje","og_description":"Jest wsp\u00f3\u0142autorem: 2 artyku\u0142\u00f3w w czasopismach naukowych, 2 rozdzia\u0142\u00f3w w monografiach, 5 referat\u00f3w na konferencje: 2 mi\u0119dzynarodowe, 3 krajowe, 1 podr\u0119cznika akademickiego. Najwa\u017cniejsze publikacje Le\u0144 D., \u015al\u0119czka L.: Efekt d\u017awigni w \u015brubowych po\u0142\u0105czeniach ko\u0142nierzowych kszta\u0142townik\u00f3w zamkni\u0119tych okr\u0105g\u0142ych. [w:] Konstrukcje betonowe i metalowe, (red.) El\u017cbieta Piotrowska, Wydawnictwa Uczelniane Uniwersytetu Technologiczno \u2013 [\u2026] Read More","og_url":"https:\/\/pans.krosno.pl\/pracownicy\/dariusz-len\/dariusz-len-najwazniejsze-publikacje\/","og_site_name":"Pracownicy PANS w Kro\u015bnie","article_modified_time":"2025-05-15T12:31:05+00:00","twitter_card":"summary_large_image","twitter_misc":{"Szacowany czas czytania":"1 minuta"},"schema":{"@context":"https:\/\/schema.org","@graph":[{"@type":"WebPage","@id":"https:\/\/pans.krosno.pl\/pracownicy\/dariusz-len\/dariusz-len-najwazniejsze-publikacje\/","url":"https:\/\/pans.krosno.pl\/pracownicy\/dariusz-len\/dariusz-len-najwazniejsze-publikacje\/","name":"dr in\u017c. Dariusz Le\u0144 - Najwa\u017cniejsze publikacje - Pracownicy PANS w Kro\u015bnie","isPartOf":{"@id":"https:\/\/pans.krosno.pl\/pracownicy\/#website"},"datePublished":"2020-04-01T11:18:57+00:00","dateModified":"2025-05-15T12:31:05+00:00","breadcrumb":{"@id":"https:\/\/pans.krosno.pl\/pracownicy\/dariusz-len\/dariusz-len-najwazniejsze-publikacje\/#breadcrumb"},"inLanguage":"pl-PL","potentialAction":[{"@type":"ReadAction","target":["https:\/\/pans.krosno.pl\/pracownicy\/dariusz-len\/dariusz-len-najwazniejsze-publikacje\/"]}]},{"@type":"BreadcrumbList","@id":"https:\/\/pans.krosno.pl\/pracownicy\/dariusz-len\/dariusz-len-najwazniejsze-publikacje\/#breadcrumb","itemListElement":[{"@type":"ListItem","position":1,"name":"Strona g\u0142\u00f3wna","item":"https:\/\/pans.krosno.pl\/pracownicy\/"},{"@type":"ListItem","position":2,"name":"dr in\u017c.\u00a0Dariusz Le\u0144","item":"https:\/\/pans.krosno.pl\/pracownicy\/dariusz-len\/"},{"@type":"ListItem","position":3,"name":"dr in\u017c. Dariusz Le\u0144 &#8211; Najwa\u017cniejsze publikacje"}]},{"@type":"WebSite","@id":"https:\/\/pans.krosno.pl\/pracownicy\/#website","url":"https:\/\/pans.krosno.pl\/pracownicy\/","name":"Pracownicy PANS w Kro\u015bnie","description":"Pracownicy - Pa\u0144stwowa Akademia Nauk Stosowanych","publisher":{"@id":"https:\/\/pans.krosno.pl\/pracownicy\/#organization"},"potentialAction":[{"@type":"SearchAction","target":{"@type":"EntryPoint","urlTemplate":"https:\/\/pans.krosno.pl\/pracownicy\/?s={search_term_string}"},"query-input":{"@type":"PropertyValueSpecification","valueRequired":true,"valueName":"search_term_string"}}],"inLanguage":"pl-PL"},{"@type":"Organization","@id":"https:\/\/pans.krosno.pl\/pracownicy\/#organization","name":"Pracownicy PANS w Kro\u015bnie","url":"https:\/\/pans.krosno.pl\/pracownicy\/","logo":{"@type":"ImageObject","inLanguage":"pl-PL","@id":"https:\/\/pans.krosno.pl\/pracownicy\/#\/schema\/logo\/image\/","url":"https:\/\/pans.krosno.pl\/pracownicy\/wp-content\/uploads\/sites\/41\/2023\/01\/Logo-PANS-2022-pelne.png","contentUrl":"https:\/\/pans.krosno.pl\/pracownicy\/wp-content\/uploads\/sites\/41\/2023\/01\/Logo-PANS-2022-pelne.png","width":3096,"height":696,"caption":"Pracownicy PANS w Kro\u015bnie"},"image":{"@id":"https:\/\/pans.krosno.pl\/pracownicy\/#\/schema\/logo\/image\/"}}]}},"_links":{"self":[{"href":"https:\/\/pans.krosno.pl\/pracownicy\/wp-json\/wp\/v2\/pages\/970","targetHints":{"allow":["GET"]}}],"collection":[{"href":"https:\/\/pans.krosno.pl\/pracownicy\/wp-json\/wp\/v2\/pages"}],"about":[{"href":"https:\/\/pans.krosno.pl\/pracownicy\/wp-json\/wp\/v2\/types\/page"}],"author":[{"embeddable":true,"href":"https:\/\/pans.krosno.pl\/pracownicy\/wp-json\/wp\/v2\/users\/36"}],"replies":[{"embeddable":true,"href":"https:\/\/pans.krosno.pl\/pracownicy\/wp-json\/wp\/v2\/comments?post=970"}],"version-history":[{"count":4,"href":"https:\/\/pans.krosno.pl\/pracownicy\/wp-json\/wp\/v2\/pages\/970\/revisions"}],"predecessor-version":[{"id":9704,"href":"https:\/\/pans.krosno.pl\/pracownicy\/wp-json\/wp\/v2\/pages\/970\/revisions\/9704"}],"up":[{"embeddable":true,"href":"https:\/\/pans.krosno.pl\/pracownicy\/wp-json\/wp\/v2\/pages\/959"}],"wp:attachment":[{"href":"https:\/\/pans.krosno.pl\/pracownicy\/wp-json\/wp\/v2\/media?parent=970"}],"curies":[{"name":"wp","href":"https:\/\/api.w.org\/{rel}","templated":true}]}}