{"id":9601,"date":"2023-01-16T16:24:12","date_gmt":"2023-01-16T15:24:12","guid":{"rendered":"https:\/\/pans.krosno.pl\/pracownicy\/?page_id=9601"},"modified":"2025-05-15T13:02:13","modified_gmt":"2025-05-15T11:02:13","slug":"anna-ksiazkiewicz-publikacje","status":"publish","type":"page","link":"https:\/\/pans.krosno.pl\/pracownicy\/anna-ksiazkiewicz\/anna-ksiazkiewicz-publikacje\/","title":{"rendered":"mgr Anna Ksi\u0105\u017ckiewicz &#8211; Publikacje"},"content":{"rendered":"\n<ul class=\"wp-block-list\">\n<li>Anna Ksi\u0105\u017ckiewicz, Rafa\u0142 Fornal.<br>\u201eTerapia inhalacyjna u dziecka poni\u017cej 5. roku \u017cycia z rozpoznan\u0105 astm\u0105 oskrzelow\u0105. Rola piel\u0119gniarki w edukacji.\u201d<br>Analiza Przypadk\u00f3w w Piel\u0119gniarstwie i Po\u0142o\u017cnictwie 5\/2016., cz I \u2013 Nr 5\/2016<br>Analiza Przypadk\u00f3w w Piel\u0119gniarstwie i Po\u0142o\u017cnictwie 6\/2016., cz II \u2013 Nr 6\/2016<\/li>\n\n\n\n<li>Anna Ksi\u0105\u017ckiewicz<br>\u201eAstma oskrzelowa \u2013 rozpoznanie i leczenie choroby oraz rola piel\u0119gniarki w edukacji pacjenta.\u201d<br>Forum zawodowe piel\u0119gniarek i po\u0142o\u017cnych 4(121)\/2019<\/li>\n\n\n\n<li>Sieniawska P., Kolanko M., Ksi\u0105\u017ckiewicz A., Fornal R., Kurzawa R.<br>\u201eZastosowanie budezonidu w zawiesinie do nebulizacji w codziennej praktyce pediatrycznej.\u201d<br>\u015awiat Medycyny i Farmacji, Nr 1 (224) stycze\u0144 2020 r.<\/li>\n\n\n\n<li>Sieniawska P., Ksi\u0105\u017ckiewicz A., Fornal R.<br>\u201eImmunoterapia alergenowa metod\u0105 podsk\u00f3rn\u0105 (SCIT).\u201d<br>Immunoterapia, Nr 1, 2020, str. 6-10<\/li>\n\n\n\n<li>Anna Ksi\u0105\u017ckiewicz, Edyta Kwilosz, Rafa\u0142 Fornal, Ewa Dworza\u0144ska.<br>\u201eAstma oskrzelowa \u2013 zasady rozpoznawania i leczenia choroby u pacjent\u00f3w doros\u0142ych i ma\u0142ych dzieci w oparciu o najnowsze wytyczne.\u201d<br>Post\u0119py Higieny i Medycyny Do\u015bwiadczalnej 2020; 74 : 283-300; DOI: 10.5604\/01.3001.0014.3290<\/li>\n\n\n\n<li>Rafa\u0142 Fornal, Anna Ksi\u0105\u017ckiewicz, Aleksandra Fornal, Danuta Zarzycka.<br>\u201eAtopic dermatitis: Current standards of diagnosis and treatment, including<br>the latest methods of management.\u201d<br>Post\u0119py Higieny i Medycyny Do\u015bwiadczalnej 2022, DOI: 10.2478\/ahem-2022-0033 \u2022 Vol. 76 Issue 1\/2022 \u2022 282-299<\/li>\n\n\n\n<li>Edyta Kwilosz , Anna Ksi\u0105\u017ckiewicz, Barbara \u015alusarska,: Dobre praktyki w piel\u0119gnowaniu zindywidualizowanym na przyk\u0142adzie pacjenta z astm\u0105 oskrzelow\u0105 w: \u201ePiel\u0119gnowanie Zindywidualizowane \u2013 Wsp\u00f3\u0142czesne potrzeby, mo\u017cliwo\u015bci i oczekiwania\u201d, (red.) Barbara \u015alusarska, Gra\u017cyna Ro\u017cek, Marianna Charzy\u0144ska-Guli; Wydawnictwo Pa\u0144stwowej Uczelni Zawodowej im. prof. Stanis\u0142awa Tarnowskiego w Tarnobrzegu, Tarnobrzeg 2022, s.136-148<\/li>\n\n\n\n<li>Rafa\u0142\u00a0Fornal,\u00a0Paulina\u00a0Paw\u0142owska,\u00a0Anna\u00a0Ksi\u0105\u017ckiewicz<br>&#8222;Immunoterapia\u00a0alergenowa&#8221;,<a href=\"http:\/\/www.kompedium24.pl-portal\/\" target=\"_blank\" rel=\"noreferrer noopener\">www.kompedium24.pl-portal<\/a>\u00a0medyczny<\/li>\n<\/ul>\n","protected":false},"excerpt":{"rendered":"","protected":false},"author":27,"featured_media":0,"parent":9589,"menu_order":0,"comment_status":"closed","ping_status":"closed","template":"","meta":{"ngg_post_thumbnail":0,"footnotes":""},"class_list":["post-9601","page","type-page","status-publish","hentry"],"yoast_head":"<!-- This site is optimized with the Yoast SEO Premium plugin v27.3 (Yoast SEO v27.3) - https:\/\/yoast.com\/product\/yoast-seo-premium-wordpress\/ -->\n<title>mgr Anna Ksi\u0105\u017ckiewicz - Publikacje - Pracownicy PANS w Kro\u015bnie<\/title>\n<meta name=\"robots\" content=\"index, follow, max-snippet:-1, max-image-preview:large, max-video-preview:-1\" \/>\n<link rel=\"canonical\" href=\"https:\/\/pans.krosno.pl\/pracownicy\/anna-ksiazkiewicz\/anna-ksiazkiewicz-publikacje\/\" \/>\n<meta property=\"og:locale\" content=\"pl_PL\" \/>\n<meta property=\"og:type\" content=\"article\" \/>\n<meta property=\"og:title\" content=\"mgr Anna Ksi\u0105\u017ckiewicz - Publikacje\" \/>\n<meta property=\"og:url\" content=\"https:\/\/pans.krosno.pl\/pracownicy\/anna-ksiazkiewicz\/anna-ksiazkiewicz-publikacje\/\" \/>\n<meta property=\"og:site_name\" content=\"Pracownicy PANS w Kro\u015bnie\" \/>\n<meta property=\"article:modified_time\" content=\"2025-05-15T11:02:13+00:00\" \/>\n<meta name=\"twitter:card\" content=\"summary_large_image\" \/>\n<meta name=\"twitter:label1\" content=\"Szacowany czas czytania\" \/>\n\t<meta name=\"twitter:data1\" content=\"2 minuty\" \/>\n<script type=\"application\/ld+json\" class=\"yoast-schema-graph\">{\"@context\":\"https:\\\/\\\/schema.org\",\"@graph\":[{\"@type\":\"WebPage\",\"@id\":\"https:\\\/\\\/pans.krosno.pl\\\/pracownicy\\\/anna-ksiazkiewicz\\\/anna-ksiazkiewicz-publikacje\\\/\",\"url\":\"https:\\\/\\\/pans.krosno.pl\\\/pracownicy\\\/anna-ksiazkiewicz\\\/anna-ksiazkiewicz-publikacje\\\/\",\"name\":\"mgr Anna Ksi\u0105\u017ckiewicz - Publikacje - Pracownicy PANS w Kro\u015bnie\",\"isPartOf\":{\"@id\":\"https:\\\/\\\/pans.krosno.pl\\\/pracownicy\\\/#website\"},\"datePublished\":\"2023-01-16T15:24:12+00:00\",\"dateModified\":\"2025-05-15T11:02:13+00:00\",\"breadcrumb\":{\"@id\":\"https:\\\/\\\/pans.krosno.pl\\\/pracownicy\\\/anna-ksiazkiewicz\\\/anna-ksiazkiewicz-publikacje\\\/#breadcrumb\"},\"inLanguage\":\"pl-PL\",\"potentialAction\":[{\"@type\":\"ReadAction\",\"target\":[\"https:\\\/\\\/pans.krosno.pl\\\/pracownicy\\\/anna-ksiazkiewicz\\\/anna-ksiazkiewicz-publikacje\\\/\"]}]},{\"@type\":\"BreadcrumbList\",\"@id\":\"https:\\\/\\\/pans.krosno.pl\\\/pracownicy\\\/anna-ksiazkiewicz\\\/anna-ksiazkiewicz-publikacje\\\/#breadcrumb\",\"itemListElement\":[{\"@type\":\"ListItem\",\"position\":1,\"name\":\"Strona g\u0142\u00f3wna\",\"item\":\"https:\\\/\\\/pans.krosno.pl\\\/pracownicy\\\/\"},{\"@type\":\"ListItem\",\"position\":2,\"name\":\"mgr Anna Ksi\u0105\u017ckiewicz\",\"item\":\"https:\\\/\\\/pans.krosno.pl\\\/pracownicy\\\/anna-ksiazkiewicz\\\/\"},{\"@type\":\"ListItem\",\"position\":3,\"name\":\"mgr Anna Ksi\u0105\u017ckiewicz &#8211; Publikacje\"}]},{\"@type\":\"WebSite\",\"@id\":\"https:\\\/\\\/pans.krosno.pl\\\/pracownicy\\\/#website\",\"url\":\"https:\\\/\\\/pans.krosno.pl\\\/pracownicy\\\/\",\"name\":\"Pracownicy PANS w Kro\u015bnie\",\"description\":\"Pracownicy - Pa\u0144stwowa Akademia Nauk Stosowanych\",\"publisher\":{\"@id\":\"https:\\\/\\\/pans.krosno.pl\\\/pracownicy\\\/#organization\"},\"potentialAction\":[{\"@type\":\"SearchAction\",\"target\":{\"@type\":\"EntryPoint\",\"urlTemplate\":\"https:\\\/\\\/pans.krosno.pl\\\/pracownicy\\\/?s={search_term_string}\"},\"query-input\":{\"@type\":\"PropertyValueSpecification\",\"valueRequired\":true,\"valueName\":\"search_term_string\"}}],\"inLanguage\":\"pl-PL\"},{\"@type\":\"Organization\",\"@id\":\"https:\\\/\\\/pans.krosno.pl\\\/pracownicy\\\/#organization\",\"name\":\"Pracownicy PANS w Kro\u015bnie\",\"url\":\"https:\\\/\\\/pans.krosno.pl\\\/pracownicy\\\/\",\"logo\":{\"@type\":\"ImageObject\",\"inLanguage\":\"pl-PL\",\"@id\":\"https:\\\/\\\/pans.krosno.pl\\\/pracownicy\\\/#\\\/schema\\\/logo\\\/image\\\/\",\"url\":\"https:\\\/\\\/pans.krosno.pl\\\/pracownicy\\\/wp-content\\\/uploads\\\/sites\\\/41\\\/2023\\\/01\\\/Logo-PANS-2022-pelne.png\",\"contentUrl\":\"https:\\\/\\\/pans.krosno.pl\\\/pracownicy\\\/wp-content\\\/uploads\\\/sites\\\/41\\\/2023\\\/01\\\/Logo-PANS-2022-pelne.png\",\"width\":3096,\"height\":696,\"caption\":\"Pracownicy PANS w Kro\u015bnie\"},\"image\":{\"@id\":\"https:\\\/\\\/pans.krosno.pl\\\/pracownicy\\\/#\\\/schema\\\/logo\\\/image\\\/\"}}]}<\/script>\n<!-- \/ Yoast SEO Premium plugin. -->","yoast_head_json":{"title":"mgr Anna Ksi\u0105\u017ckiewicz - Publikacje - Pracownicy PANS w Kro\u015bnie","robots":{"index":"index","follow":"follow","max-snippet":"max-snippet:-1","max-image-preview":"max-image-preview:large","max-video-preview":"max-video-preview:-1"},"canonical":"https:\/\/pans.krosno.pl\/pracownicy\/anna-ksiazkiewicz\/anna-ksiazkiewicz-publikacje\/","og_locale":"pl_PL","og_type":"article","og_title":"mgr Anna Ksi\u0105\u017ckiewicz - Publikacje","og_url":"https:\/\/pans.krosno.pl\/pracownicy\/anna-ksiazkiewicz\/anna-ksiazkiewicz-publikacje\/","og_site_name":"Pracownicy PANS w Kro\u015bnie","article_modified_time":"2025-05-15T11:02:13+00:00","twitter_card":"summary_large_image","twitter_misc":{"Szacowany czas czytania":"2 minuty"},"schema":{"@context":"https:\/\/schema.org","@graph":[{"@type":"WebPage","@id":"https:\/\/pans.krosno.pl\/pracownicy\/anna-ksiazkiewicz\/anna-ksiazkiewicz-publikacje\/","url":"https:\/\/pans.krosno.pl\/pracownicy\/anna-ksiazkiewicz\/anna-ksiazkiewicz-publikacje\/","name":"mgr Anna Ksi\u0105\u017ckiewicz - Publikacje - Pracownicy PANS w Kro\u015bnie","isPartOf":{"@id":"https:\/\/pans.krosno.pl\/pracownicy\/#website"},"datePublished":"2023-01-16T15:24:12+00:00","dateModified":"2025-05-15T11:02:13+00:00","breadcrumb":{"@id":"https:\/\/pans.krosno.pl\/pracownicy\/anna-ksiazkiewicz\/anna-ksiazkiewicz-publikacje\/#breadcrumb"},"inLanguage":"pl-PL","potentialAction":[{"@type":"ReadAction","target":["https:\/\/pans.krosno.pl\/pracownicy\/anna-ksiazkiewicz\/anna-ksiazkiewicz-publikacje\/"]}]},{"@type":"BreadcrumbList","@id":"https:\/\/pans.krosno.pl\/pracownicy\/anna-ksiazkiewicz\/anna-ksiazkiewicz-publikacje\/#breadcrumb","itemListElement":[{"@type":"ListItem","position":1,"name":"Strona g\u0142\u00f3wna","item":"https:\/\/pans.krosno.pl\/pracownicy\/"},{"@type":"ListItem","position":2,"name":"mgr Anna Ksi\u0105\u017ckiewicz","item":"https:\/\/pans.krosno.pl\/pracownicy\/anna-ksiazkiewicz\/"},{"@type":"ListItem","position":3,"name":"mgr Anna Ksi\u0105\u017ckiewicz &#8211; Publikacje"}]},{"@type":"WebSite","@id":"https:\/\/pans.krosno.pl\/pracownicy\/#website","url":"https:\/\/pans.krosno.pl\/pracownicy\/","name":"Pracownicy PANS w Kro\u015bnie","description":"Pracownicy - Pa\u0144stwowa Akademia Nauk Stosowanych","publisher":{"@id":"https:\/\/pans.krosno.pl\/pracownicy\/#organization"},"potentialAction":[{"@type":"SearchAction","target":{"@type":"EntryPoint","urlTemplate":"https:\/\/pans.krosno.pl\/pracownicy\/?s={search_term_string}"},"query-input":{"@type":"PropertyValueSpecification","valueRequired":true,"valueName":"search_term_string"}}],"inLanguage":"pl-PL"},{"@type":"Organization","@id":"https:\/\/pans.krosno.pl\/pracownicy\/#organization","name":"Pracownicy PANS w Kro\u015bnie","url":"https:\/\/pans.krosno.pl\/pracownicy\/","logo":{"@type":"ImageObject","inLanguage":"pl-PL","@id":"https:\/\/pans.krosno.pl\/pracownicy\/#\/schema\/logo\/image\/","url":"https:\/\/pans.krosno.pl\/pracownicy\/wp-content\/uploads\/sites\/41\/2023\/01\/Logo-PANS-2022-pelne.png","contentUrl":"https:\/\/pans.krosno.pl\/pracownicy\/wp-content\/uploads\/sites\/41\/2023\/01\/Logo-PANS-2022-pelne.png","width":3096,"height":696,"caption":"Pracownicy PANS w Kro\u015bnie"},"image":{"@id":"https:\/\/pans.krosno.pl\/pracownicy\/#\/schema\/logo\/image\/"}}]}},"_links":{"self":[{"href":"https:\/\/pans.krosno.pl\/pracownicy\/wp-json\/wp\/v2\/pages\/9601","targetHints":{"allow":["GET"]}}],"collection":[{"href":"https:\/\/pans.krosno.pl\/pracownicy\/wp-json\/wp\/v2\/pages"}],"about":[{"href":"https:\/\/pans.krosno.pl\/pracownicy\/wp-json\/wp\/v2\/types\/page"}],"author":[{"embeddable":true,"href":"https:\/\/pans.krosno.pl\/pracownicy\/wp-json\/wp\/v2\/users\/27"}],"replies":[{"embeddable":true,"href":"https:\/\/pans.krosno.pl\/pracownicy\/wp-json\/wp\/v2\/comments?post=9601"}],"version-history":[{"count":2,"href":"https:\/\/pans.krosno.pl\/pracownicy\/wp-json\/wp\/v2\/pages\/9601\/revisions"}],"predecessor-version":[{"id":9621,"href":"https:\/\/pans.krosno.pl\/pracownicy\/wp-json\/wp\/v2\/pages\/9601\/revisions\/9621"}],"up":[{"embeddable":true,"href":"https:\/\/pans.krosno.pl\/pracownicy\/wp-json\/wp\/v2\/pages\/9589"}],"wp:attachment":[{"href":"https:\/\/pans.krosno.pl\/pracownicy\/wp-json\/wp\/v2\/media?parent=9601"}],"curies":[{"name":"wp","href":"https:\/\/api.w.org\/{rel}","templated":true}]}}