{"id":949,"date":"2020-04-01T11:53:51","date_gmt":"2020-04-01T09:53:51","guid":{"rendered":"https:\/\/pans.krosno.pl\/pracownicy\/?page_id=949"},"modified":"2025-05-15T11:53:38","modified_gmt":"2025-05-15T09:53:38","slug":"aleksander-kozlowski-najwazniejsze-publikacje","status":"publish","type":"page","link":"https:\/\/pans.krosno.pl\/pracownicy\/aleksander-kozlowski\/aleksander-kozlowski-najwazniejsze-publikacje\/","title":{"rendered":"prof. dr hab. Aleksander Koz\u0142owski &#8211; Najwa\u017cniejsze publikacje"},"content":{"rendered":"<hr>\n<ul>\n<li>Autor i wsp\u00f3\u0142autor ponad 250 publikacji naukowych: artyku\u0142\u00f3w i referat\u00f3w konferencyjnych oraz 6 monografii i 4 podr\u0119cznik\u00f3w akademickich.<\/li>\n<\/ul>\n<hr>\n<p><strong>Wybrane artyku\u0142y z ostatnich pi\u0119ciu lat<\/strong><\/p>\n<ol>\n<li>Koz\u0142owski A. Component method model for predicting the moment resistance, stiffness and rotation capacity of minor axis composite seat and web site plate joints 2016, STEEL AND COMPOSITE STRUCTURES, t.20, z.3, s.469-486 ISBN\/ISSN: 1229-9367.<\/li>\n<li>Ostrowski K. , Koz\u0142owski A. Hierarchical validation of FEM models of bolted joints 2015, CZASOPISMO IN\u017bYNIERII L\u0104DOWEJ, \u015aRODOWISKA I ARCHITEKTURY. JOURNAL OF CIVIL ENGINEERING, ENVIRONMENT AND ARCHITECTURE, t.XXXII, z.62 (4\/15), s.357-367 ISBN\/ISSN: 2300-5130.<\/li>\n<li>G\u00f3rski M. , Koz\u0142owski A. Durability assessment of connections between sandwich panels and purlins [w:] Recent Progress in Steel and Composite Structures, (pod red.) Marian A. Gi\u017cejowski, Aleksander 4. Koz\u0142owski, Jakub Marcinowski, Jerzy Zi\u00f3\u0142ko 2016, London : CRC PRESS\/BALKEMA, s.435-442.<\/li>\n<li>Kawecki P., \u0141aguna J., Koz\u0142owski A. FEM analysis of the extended end-plate splice of welded I-girders with multiple bolt rows and bolts per row [w:] Recent Progress in Steel and Composite Structures, (pod red.) Marian A. Gi\u017cejowski, Aleksander Koz\u0142owski, Jakub Marcinowski, Jerzy Zi\u00f3\u0142ko 2016, London : CRC PRESS\/BALKEMA, s.443-450.<\/li>\n<li>Ostrowski K., Koz\u0142owski A. FEM based assessment of the rotation capacity of bolted joints [w:] Recent Progress in Steel and Composite Structures, (pod red.) Marian A. Gi\u017cejowski, Aleksander Koz\u0142owski, Jakub Marcinowski, Jerzy Zi\u00f3\u0142ko 2016, London : CRC PRESS\/BALKEMA, s.479-487.<\/li>\n<li>Ostrowski K., Koz\u0142owski A. Rotation capacity of bolted flush end-plate stiffened beam-to-column connection 2017, CIVIL AND ENVIRONMENTAL ENGINEERING REPORTS, t.25, z.2, s.173-184 ISBN\/ISSN: 2080-5187.<\/li>\n<li>G\u00f3rski M., Koz\u0142owski A., Ziemia\u0144ski L. Critical moment of the purlin on the various support condition [w:] Steel and Aluminium Structures, (pod red.) Ben Young, Yancheng Cai 2016, Hong Kong : The University of Hong Kong, s.845-853.<\/li>\n<li>Koz\u0142owski A., Ostrowski K. Application of Theory of Experimental Design and FEA to Assesment of Rotation Capacity of Steel Joints. Proceedings of CEE 2019. Vol. 47, ISSN 2366-2557. Springer.<\/li>\n<li>Koz\u0142owski A. Low-Cost Affordable Single Family Housing in Poland. Light Steel Frame as an Alternative Construction. 2019 IABSE Congress New York City &#8211; The Evolving Metropolis, 2019.09.04-2019.09.06, New York (USA), USA, 04.09.2019.<\/li>\n<li>Koz\u0142owski A., Kawecki P. Experimental investigation of end-plate splices with multiple bolt rows of large girders. 2019, JOURNAL OF CONSTRUCTIONAL STEEL RESEARCH, s.1-19 ISBN\/ISSN: 0143-974X.<\/li>\n<li>Koz\u0142owski A. , Kukla D. EXPERIMENTAL TESTS OF STEEL UNSTIFFENED DOUBLE SIDE JOINTS WITH FLUSH AND EXTENDED END PLATE 2019, ARCHIVES OF CIVIL ENGINEERING, t.65, z.4\/2019, s.127-154 ISBN\/ISSN: 1230-2945.<\/li>\n<\/ol>\n<hr>\n<p>&nbsp;<\/p>\n","protected":false},"excerpt":{"rendered":"<p>Autor i wsp\u00f3\u0142autor ponad 250 publikacji naukowych: artyku\u0142\u00f3w i referat\u00f3w konferencyjnych oraz 6 monografii i 4 podr\u0119cznik\u00f3w akademickich. Wybrane artyku\u0142y z ostatnich pi\u0119ciu lat Koz\u0142owski A. Component method model for predicting the moment resistance, stiffness and rotation capacity of minor axis composite seat and web site plate joints 2016, STEEL [\u2026] <\/p>\n<div class=\"clear\"><\/div>\n<p><a class=\"more_link clearfix\" href=\"https:\/\/pans.krosno.pl\/pracownicy\/aleksander-kozlowski\/aleksander-kozlowski-najwazniejsze-publikacje\/\" rel=\"nofollow\">Read More<\/a><\/p>\n","protected":false},"author":36,"featured_media":0,"parent":940,"menu_order":0,"comment_status":"closed","ping_status":"closed","template":"","meta":{"ngg_post_thumbnail":0,"footnotes":""},"class_list":["post-949","page","type-page","status-publish","hentry"],"yoast_head":"<!-- This site is optimized with the Yoast SEO Premium plugin v27.3 (Yoast SEO v27.3) - https:\/\/yoast.com\/product\/yoast-seo-premium-wordpress\/ -->\n<title>prof. dr hab. Aleksander Koz\u0142owski - Najwa\u017cniejsze publikacje - Pracownicy PANS w Kro\u015bnie<\/title>\n<meta name=\"robots\" content=\"index, follow, max-snippet:-1, max-image-preview:large, max-video-preview:-1\" \/>\n<link rel=\"canonical\" href=\"https:\/\/pans.krosno.pl\/pracownicy\/aleksander-kozlowski\/aleksander-kozlowski-najwazniejsze-publikacje\/\" \/>\n<meta property=\"og:locale\" content=\"pl_PL\" \/>\n<meta property=\"og:type\" content=\"article\" \/>\n<meta property=\"og:title\" content=\"prof. dr hab. Aleksander Koz\u0142owski - Najwa\u017cniejsze publikacje\" \/>\n<meta property=\"og:description\" content=\"Autor i wsp\u00f3\u0142autor ponad 250 publikacji naukowych: artyku\u0142\u00f3w i referat\u00f3w konferencyjnych oraz 6 monografii i 4 podr\u0119cznik\u00f3w akademickich. Wybrane artyku\u0142y z ostatnich pi\u0119ciu lat Koz\u0142owski A. Component method model for predicting the moment resistance, stiffness and rotation capacity of minor axis composite seat and web site plate joints 2016, STEEL [\u2026] Read More\" \/>\n<meta property=\"og:url\" content=\"https:\/\/pans.krosno.pl\/pracownicy\/aleksander-kozlowski\/aleksander-kozlowski-najwazniejsze-publikacje\/\" \/>\n<meta property=\"og:site_name\" content=\"Pracownicy PANS w Kro\u015bnie\" \/>\n<meta property=\"article:modified_time\" content=\"2025-05-15T09:53:38+00:00\" \/>\n<meta name=\"twitter:card\" content=\"summary_large_image\" \/>\n<meta name=\"twitter:label1\" content=\"Szacowany czas czytania\" \/>\n\t<meta name=\"twitter:data1\" content=\"3 minuty\" \/>\n<script type=\"application\/ld+json\" class=\"yoast-schema-graph\">{\"@context\":\"https:\\\/\\\/schema.org\",\"@graph\":[{\"@type\":\"WebPage\",\"@id\":\"https:\\\/\\\/pans.krosno.pl\\\/pracownicy\\\/aleksander-kozlowski\\\/aleksander-kozlowski-najwazniejsze-publikacje\\\/\",\"url\":\"https:\\\/\\\/pans.krosno.pl\\\/pracownicy\\\/aleksander-kozlowski\\\/aleksander-kozlowski-najwazniejsze-publikacje\\\/\",\"name\":\"prof. dr hab. Aleksander Koz\u0142owski - Najwa\u017cniejsze publikacje - Pracownicy PANS w Kro\u015bnie\",\"isPartOf\":{\"@id\":\"https:\\\/\\\/pans.krosno.pl\\\/pracownicy\\\/#website\"},\"datePublished\":\"2020-04-01T09:53:51+00:00\",\"dateModified\":\"2025-05-15T09:53:38+00:00\",\"breadcrumb\":{\"@id\":\"https:\\\/\\\/pans.krosno.pl\\\/pracownicy\\\/aleksander-kozlowski\\\/aleksander-kozlowski-najwazniejsze-publikacje\\\/#breadcrumb\"},\"inLanguage\":\"pl-PL\",\"potentialAction\":[{\"@type\":\"ReadAction\",\"target\":[\"https:\\\/\\\/pans.krosno.pl\\\/pracownicy\\\/aleksander-kozlowski\\\/aleksander-kozlowski-najwazniejsze-publikacje\\\/\"]}]},{\"@type\":\"BreadcrumbList\",\"@id\":\"https:\\\/\\\/pans.krosno.pl\\\/pracownicy\\\/aleksander-kozlowski\\\/aleksander-kozlowski-najwazniejsze-publikacje\\\/#breadcrumb\",\"itemListElement\":[{\"@type\":\"ListItem\",\"position\":1,\"name\":\"Strona g\u0142\u00f3wna\",\"item\":\"https:\\\/\\\/pans.krosno.pl\\\/pracownicy\\\/\"},{\"@type\":\"ListItem\",\"position\":2,\"name\":\"prof. dr hab. in\u017c. Aleksander Koz\u0142owski\",\"item\":\"https:\\\/\\\/pans.krosno.pl\\\/pracownicy\\\/aleksander-kozlowski\\\/\"},{\"@type\":\"ListItem\",\"position\":3,\"name\":\"prof. dr hab. Aleksander Koz\u0142owski &#8211; Najwa\u017cniejsze publikacje\"}]},{\"@type\":\"WebSite\",\"@id\":\"https:\\\/\\\/pans.krosno.pl\\\/pracownicy\\\/#website\",\"url\":\"https:\\\/\\\/pans.krosno.pl\\\/pracownicy\\\/\",\"name\":\"Pracownicy PANS w Kro\u015bnie\",\"description\":\"Pracownicy - Pa\u0144stwowa Akademia Nauk Stosowanych\",\"publisher\":{\"@id\":\"https:\\\/\\\/pans.krosno.pl\\\/pracownicy\\\/#organization\"},\"potentialAction\":[{\"@type\":\"SearchAction\",\"target\":{\"@type\":\"EntryPoint\",\"urlTemplate\":\"https:\\\/\\\/pans.krosno.pl\\\/pracownicy\\\/?s={search_term_string}\"},\"query-input\":{\"@type\":\"PropertyValueSpecification\",\"valueRequired\":true,\"valueName\":\"search_term_string\"}}],\"inLanguage\":\"pl-PL\"},{\"@type\":\"Organization\",\"@id\":\"https:\\\/\\\/pans.krosno.pl\\\/pracownicy\\\/#organization\",\"name\":\"Pracownicy PANS w Kro\u015bnie\",\"url\":\"https:\\\/\\\/pans.krosno.pl\\\/pracownicy\\\/\",\"logo\":{\"@type\":\"ImageObject\",\"inLanguage\":\"pl-PL\",\"@id\":\"https:\\\/\\\/pans.krosno.pl\\\/pracownicy\\\/#\\\/schema\\\/logo\\\/image\\\/\",\"url\":\"https:\\\/\\\/pans.krosno.pl\\\/pracownicy\\\/wp-content\\\/uploads\\\/sites\\\/41\\\/2023\\\/01\\\/Logo-PANS-2022-pelne.png\",\"contentUrl\":\"https:\\\/\\\/pans.krosno.pl\\\/pracownicy\\\/wp-content\\\/uploads\\\/sites\\\/41\\\/2023\\\/01\\\/Logo-PANS-2022-pelne.png\",\"width\":3096,\"height\":696,\"caption\":\"Pracownicy PANS w Kro\u015bnie\"},\"image\":{\"@id\":\"https:\\\/\\\/pans.krosno.pl\\\/pracownicy\\\/#\\\/schema\\\/logo\\\/image\\\/\"}}]}<\/script>\n<!-- \/ Yoast SEO Premium plugin. -->","yoast_head_json":{"title":"prof. dr hab. Aleksander Koz\u0142owski - Najwa\u017cniejsze publikacje - Pracownicy PANS w Kro\u015bnie","robots":{"index":"index","follow":"follow","max-snippet":"max-snippet:-1","max-image-preview":"max-image-preview:large","max-video-preview":"max-video-preview:-1"},"canonical":"https:\/\/pans.krosno.pl\/pracownicy\/aleksander-kozlowski\/aleksander-kozlowski-najwazniejsze-publikacje\/","og_locale":"pl_PL","og_type":"article","og_title":"prof. dr hab. Aleksander Koz\u0142owski - Najwa\u017cniejsze publikacje","og_description":"Autor i wsp\u00f3\u0142autor ponad 250 publikacji naukowych: artyku\u0142\u00f3w i referat\u00f3w konferencyjnych oraz 6 monografii i 4 podr\u0119cznik\u00f3w akademickich. Wybrane artyku\u0142y z ostatnich pi\u0119ciu lat Koz\u0142owski A. Component method model for predicting the moment resistance, stiffness and rotation capacity of minor axis composite seat and web site plate joints 2016, STEEL [\u2026] Read More","og_url":"https:\/\/pans.krosno.pl\/pracownicy\/aleksander-kozlowski\/aleksander-kozlowski-najwazniejsze-publikacje\/","og_site_name":"Pracownicy PANS w Kro\u015bnie","article_modified_time":"2025-05-15T09:53:38+00:00","twitter_card":"summary_large_image","twitter_misc":{"Szacowany czas czytania":"3 minuty"},"schema":{"@context":"https:\/\/schema.org","@graph":[{"@type":"WebPage","@id":"https:\/\/pans.krosno.pl\/pracownicy\/aleksander-kozlowski\/aleksander-kozlowski-najwazniejsze-publikacje\/","url":"https:\/\/pans.krosno.pl\/pracownicy\/aleksander-kozlowski\/aleksander-kozlowski-najwazniejsze-publikacje\/","name":"prof. dr hab. Aleksander Koz\u0142owski - Najwa\u017cniejsze publikacje - Pracownicy PANS w Kro\u015bnie","isPartOf":{"@id":"https:\/\/pans.krosno.pl\/pracownicy\/#website"},"datePublished":"2020-04-01T09:53:51+00:00","dateModified":"2025-05-15T09:53:38+00:00","breadcrumb":{"@id":"https:\/\/pans.krosno.pl\/pracownicy\/aleksander-kozlowski\/aleksander-kozlowski-najwazniejsze-publikacje\/#breadcrumb"},"inLanguage":"pl-PL","potentialAction":[{"@type":"ReadAction","target":["https:\/\/pans.krosno.pl\/pracownicy\/aleksander-kozlowski\/aleksander-kozlowski-najwazniejsze-publikacje\/"]}]},{"@type":"BreadcrumbList","@id":"https:\/\/pans.krosno.pl\/pracownicy\/aleksander-kozlowski\/aleksander-kozlowski-najwazniejsze-publikacje\/#breadcrumb","itemListElement":[{"@type":"ListItem","position":1,"name":"Strona g\u0142\u00f3wna","item":"https:\/\/pans.krosno.pl\/pracownicy\/"},{"@type":"ListItem","position":2,"name":"prof. dr hab. in\u017c. Aleksander Koz\u0142owski","item":"https:\/\/pans.krosno.pl\/pracownicy\/aleksander-kozlowski\/"},{"@type":"ListItem","position":3,"name":"prof. dr hab. Aleksander Koz\u0142owski &#8211; Najwa\u017cniejsze publikacje"}]},{"@type":"WebSite","@id":"https:\/\/pans.krosno.pl\/pracownicy\/#website","url":"https:\/\/pans.krosno.pl\/pracownicy\/","name":"Pracownicy PANS w Kro\u015bnie","description":"Pracownicy - Pa\u0144stwowa Akademia Nauk Stosowanych","publisher":{"@id":"https:\/\/pans.krosno.pl\/pracownicy\/#organization"},"potentialAction":[{"@type":"SearchAction","target":{"@type":"EntryPoint","urlTemplate":"https:\/\/pans.krosno.pl\/pracownicy\/?s={search_term_string}"},"query-input":{"@type":"PropertyValueSpecification","valueRequired":true,"valueName":"search_term_string"}}],"inLanguage":"pl-PL"},{"@type":"Organization","@id":"https:\/\/pans.krosno.pl\/pracownicy\/#organization","name":"Pracownicy PANS w Kro\u015bnie","url":"https:\/\/pans.krosno.pl\/pracownicy\/","logo":{"@type":"ImageObject","inLanguage":"pl-PL","@id":"https:\/\/pans.krosno.pl\/pracownicy\/#\/schema\/logo\/image\/","url":"https:\/\/pans.krosno.pl\/pracownicy\/wp-content\/uploads\/sites\/41\/2023\/01\/Logo-PANS-2022-pelne.png","contentUrl":"https:\/\/pans.krosno.pl\/pracownicy\/wp-content\/uploads\/sites\/41\/2023\/01\/Logo-PANS-2022-pelne.png","width":3096,"height":696,"caption":"Pracownicy PANS w Kro\u015bnie"},"image":{"@id":"https:\/\/pans.krosno.pl\/pracownicy\/#\/schema\/logo\/image\/"}}]}},"_links":{"self":[{"href":"https:\/\/pans.krosno.pl\/pracownicy\/wp-json\/wp\/v2\/pages\/949","targetHints":{"allow":["GET"]}}],"collection":[{"href":"https:\/\/pans.krosno.pl\/pracownicy\/wp-json\/wp\/v2\/pages"}],"about":[{"href":"https:\/\/pans.krosno.pl\/pracownicy\/wp-json\/wp\/v2\/types\/page"}],"author":[{"embeddable":true,"href":"https:\/\/pans.krosno.pl\/pracownicy\/wp-json\/wp\/v2\/users\/36"}],"replies":[{"embeddable":true,"href":"https:\/\/pans.krosno.pl\/pracownicy\/wp-json\/wp\/v2\/comments?post=949"}],"version-history":[{"count":5,"href":"https:\/\/pans.krosno.pl\/pracownicy\/wp-json\/wp\/v2\/pages\/949\/revisions"}],"predecessor-version":[{"id":8051,"href":"https:\/\/pans.krosno.pl\/pracownicy\/wp-json\/wp\/v2\/pages\/949\/revisions\/8051"}],"up":[{"embeddable":true,"href":"https:\/\/pans.krosno.pl\/pracownicy\/wp-json\/wp\/v2\/pages\/940"}],"wp:attachment":[{"href":"https:\/\/pans.krosno.pl\/pracownicy\/wp-json\/wp\/v2\/media?parent=949"}],"curies":[{"name":"wp","href":"https:\/\/api.w.org\/{rel}","templated":true}]}}