{"id":945,"date":"2020-04-01T11:51:11","date_gmt":"2020-04-01T09:51:11","guid":{"rendered":"https:\/\/pans.krosno.pl\/pracownicy\/?page_id=945"},"modified":"2025-05-15T11:53:06","modified_gmt":"2025-05-15T09:53:06","slug":"aleksander-kozlowski-doswiadczenie-pozauczelniane","status":"publish","type":"page","link":"https:\/\/pans.krosno.pl\/pracownicy\/aleksander-kozlowski\/aleksander-kozlowski-doswiadczenie-pozauczelniane\/","title":{"rendered":"prof. dr hab. in\u017c. Aleksander Koz\u0142owski &#8211; Do\u015bwiadczenie pozauczelniane"},"content":{"rendered":"<hr>\n<ul>\n<li>Od 2012 r. &#8211; Cz\u0142onek Komitetu In\u017cynierii L\u0105dowej i Wodnej Polskiej Akademii Nauk, w obecnej kadencji wiceprzewodnicz\u0105cy Komitetu In\u017cynierii L\u0105dowej i Wodnej Polskiej Akademii Nauk,<\/li>\n<li>Wiceprzewodnicz\u0105cy Sekcji Konstrukcji Metalowych KILiW PAN,<\/li>\n<li>Cz\u0142onek Management Committee projekt\u00f3w europejskich, COST C1, COST C12, COST C16, COST C25, COST C26, TU0601, TU0701,<\/li>\n<li>Cz\u0142onek &#8211; za\u0142o\u017cyciel Mi\u0119dzynarodowej Sieci Naukowej w dziedzinie konstrukcji stalowych \u201cInternational Network of Scientific Partners in the field of Steel Construction\u201d,<\/li>\n<li>Uprawnienia budowlane do wykonawstwa i projektowania bez ogranicze\u0144,<\/li>\n<li>Uprawnienia Rzeczoznawcy Budowlanego.<\/li>\n<\/ul>\n<hr>\n<p><strong>Granty<\/strong><\/p>\n<ul>\n<li>Analiza sztywno\u015bci, stateczno\u015bci i no\u015bno\u015bci konstrukcji stalowych o w\u0119z\u0142ach podatnych\u201d U-4996, kierownik grantu, 1998 rok,<\/li>\n<li>Doskonalenie jako\u015bci konstrukcji budowlanych przez wdro\u017cenie nowych technologii\u201d. Mi\u0119dzynarodowy specjalny program badawczy. 2001-2004 r. \u2013 kierownik tematu. U \u20136032\/F,<\/li>\n<li>Ponadto, kierownik i uczestnik 12 europejskich grant\u00f3w naukowo &#8211; badawczych.<\/li>\n<\/ul>\n<hr>\n<p>&nbsp;<\/p>\n\n\n<p><\/p>\n","protected":false},"excerpt":{"rendered":"<p>Od 2012 r. &#8211; Cz\u0142onek Komitetu In\u017cynierii L\u0105dowej i Wodnej Polskiej Akademii Nauk, w obecnej kadencji wiceprzewodnicz\u0105cy Komitetu In\u017cynierii L\u0105dowej i Wodnej Polskiej Akademii Nauk, Wiceprzewodnicz\u0105cy Sekcji Konstrukcji Metalowych KILiW PAN, Cz\u0142onek Management Committee projekt\u00f3w europejskich, COST C1, COST C12, COST C16, COST C25, COST C26, TU0601, TU0701, Cz\u0142onek &#8211; [\u2026] <\/p>\n<div class=\"clear\"><\/div>\n<p><a class=\"more_link clearfix\" href=\"https:\/\/pans.krosno.pl\/pracownicy\/aleksander-kozlowski\/aleksander-kozlowski-doswiadczenie-pozauczelniane\/\" rel=\"nofollow\">Read More<\/a><\/p>\n","protected":false},"author":36,"featured_media":0,"parent":940,"menu_order":0,"comment_status":"closed","ping_status":"closed","template":"","meta":{"ngg_post_thumbnail":0,"footnotes":""},"class_list":["post-945","page","type-page","status-publish","hentry"],"yoast_head":"<!-- This site is optimized with the Yoast SEO Premium plugin v27.3 (Yoast SEO v27.3) - https:\/\/yoast.com\/product\/yoast-seo-premium-wordpress\/ -->\n<title>prof. dr hab. in\u017c. Aleksander Koz\u0142owski - Do\u015bwiadczenie pozauczelniane - Pracownicy PANS w Kro\u015bnie<\/title>\n<meta name=\"robots\" content=\"index, follow, max-snippet:-1, max-image-preview:large, max-video-preview:-1\" \/>\n<link rel=\"canonical\" href=\"https:\/\/pans.krosno.pl\/pracownicy\/aleksander-kozlowski\/aleksander-kozlowski-doswiadczenie-pozauczelniane\/\" \/>\n<meta property=\"og:locale\" content=\"pl_PL\" \/>\n<meta property=\"og:type\" content=\"article\" \/>\n<meta property=\"og:title\" content=\"prof. dr hab. in\u017c. Aleksander Koz\u0142owski - Do\u015bwiadczenie pozauczelniane\" \/>\n<meta property=\"og:description\" content=\"Od 2012 r. &#8211; Cz\u0142onek Komitetu In\u017cynierii L\u0105dowej i Wodnej Polskiej Akademii Nauk, w obecnej kadencji wiceprzewodnicz\u0105cy Komitetu In\u017cynierii L\u0105dowej i Wodnej Polskiej Akademii Nauk, Wiceprzewodnicz\u0105cy Sekcji Konstrukcji Metalowych KILiW PAN, Cz\u0142onek Management Committee projekt\u00f3w europejskich, COST C1, COST C12, COST C16, COST C25, COST C26, TU0601, TU0701, Cz\u0142onek &#8211; [\u2026] Read More\" \/>\n<meta property=\"og:url\" content=\"https:\/\/pans.krosno.pl\/pracownicy\/aleksander-kozlowski\/aleksander-kozlowski-doswiadczenie-pozauczelniane\/\" \/>\n<meta property=\"og:site_name\" content=\"Pracownicy PANS w Kro\u015bnie\" \/>\n<meta property=\"article:modified_time\" content=\"2025-05-15T09:53:06+00:00\" \/>\n<meta name=\"twitter:card\" content=\"summary_large_image\" \/>\n<meta name=\"twitter:label1\" content=\"Szacowany czas czytania\" \/>\n\t<meta name=\"twitter:data1\" content=\"1 minuta\" \/>\n<script type=\"application\/ld+json\" class=\"yoast-schema-graph\">{\"@context\":\"https:\\\/\\\/schema.org\",\"@graph\":[{\"@type\":\"WebPage\",\"@id\":\"https:\\\/\\\/pans.krosno.pl\\\/pracownicy\\\/aleksander-kozlowski\\\/aleksander-kozlowski-doswiadczenie-pozauczelniane\\\/\",\"url\":\"https:\\\/\\\/pans.krosno.pl\\\/pracownicy\\\/aleksander-kozlowski\\\/aleksander-kozlowski-doswiadczenie-pozauczelniane\\\/\",\"name\":\"prof. dr hab. in\u017c. Aleksander Koz\u0142owski - Do\u015bwiadczenie pozauczelniane - Pracownicy PANS w Kro\u015bnie\",\"isPartOf\":{\"@id\":\"https:\\\/\\\/pans.krosno.pl\\\/pracownicy\\\/#website\"},\"datePublished\":\"2020-04-01T09:51:11+00:00\",\"dateModified\":\"2025-05-15T09:53:06+00:00\",\"breadcrumb\":{\"@id\":\"https:\\\/\\\/pans.krosno.pl\\\/pracownicy\\\/aleksander-kozlowski\\\/aleksander-kozlowski-doswiadczenie-pozauczelniane\\\/#breadcrumb\"},\"inLanguage\":\"pl-PL\",\"potentialAction\":[{\"@type\":\"ReadAction\",\"target\":[\"https:\\\/\\\/pans.krosno.pl\\\/pracownicy\\\/aleksander-kozlowski\\\/aleksander-kozlowski-doswiadczenie-pozauczelniane\\\/\"]}]},{\"@type\":\"BreadcrumbList\",\"@id\":\"https:\\\/\\\/pans.krosno.pl\\\/pracownicy\\\/aleksander-kozlowski\\\/aleksander-kozlowski-doswiadczenie-pozauczelniane\\\/#breadcrumb\",\"itemListElement\":[{\"@type\":\"ListItem\",\"position\":1,\"name\":\"Strona g\u0142\u00f3wna\",\"item\":\"https:\\\/\\\/pans.krosno.pl\\\/pracownicy\\\/\"},{\"@type\":\"ListItem\",\"position\":2,\"name\":\"prof. dr hab. in\u017c. Aleksander Koz\u0142owski\",\"item\":\"https:\\\/\\\/pans.krosno.pl\\\/pracownicy\\\/aleksander-kozlowski\\\/\"},{\"@type\":\"ListItem\",\"position\":3,\"name\":\"prof. dr hab. in\u017c. Aleksander Koz\u0142owski &#8211; Do\u015bwiadczenie pozauczelniane\"}]},{\"@type\":\"WebSite\",\"@id\":\"https:\\\/\\\/pans.krosno.pl\\\/pracownicy\\\/#website\",\"url\":\"https:\\\/\\\/pans.krosno.pl\\\/pracownicy\\\/\",\"name\":\"Pracownicy PANS w Kro\u015bnie\",\"description\":\"Pracownicy - Pa\u0144stwowa Akademia Nauk Stosowanych\",\"publisher\":{\"@id\":\"https:\\\/\\\/pans.krosno.pl\\\/pracownicy\\\/#organization\"},\"potentialAction\":[{\"@type\":\"SearchAction\",\"target\":{\"@type\":\"EntryPoint\",\"urlTemplate\":\"https:\\\/\\\/pans.krosno.pl\\\/pracownicy\\\/?s={search_term_string}\"},\"query-input\":{\"@type\":\"PropertyValueSpecification\",\"valueRequired\":true,\"valueName\":\"search_term_string\"}}],\"inLanguage\":\"pl-PL\"},{\"@type\":\"Organization\",\"@id\":\"https:\\\/\\\/pans.krosno.pl\\\/pracownicy\\\/#organization\",\"name\":\"Pracownicy PANS w Kro\u015bnie\",\"url\":\"https:\\\/\\\/pans.krosno.pl\\\/pracownicy\\\/\",\"logo\":{\"@type\":\"ImageObject\",\"inLanguage\":\"pl-PL\",\"@id\":\"https:\\\/\\\/pans.krosno.pl\\\/pracownicy\\\/#\\\/schema\\\/logo\\\/image\\\/\",\"url\":\"https:\\\/\\\/pans.krosno.pl\\\/pracownicy\\\/wp-content\\\/uploads\\\/sites\\\/41\\\/2023\\\/01\\\/Logo-PANS-2022-pelne.png\",\"contentUrl\":\"https:\\\/\\\/pans.krosno.pl\\\/pracownicy\\\/wp-content\\\/uploads\\\/sites\\\/41\\\/2023\\\/01\\\/Logo-PANS-2022-pelne.png\",\"width\":3096,\"height\":696,\"caption\":\"Pracownicy PANS w Kro\u015bnie\"},\"image\":{\"@id\":\"https:\\\/\\\/pans.krosno.pl\\\/pracownicy\\\/#\\\/schema\\\/logo\\\/image\\\/\"}}]}<\/script>\n<!-- \/ Yoast SEO Premium plugin. -->","yoast_head_json":{"title":"prof. dr hab. in\u017c. Aleksander Koz\u0142owski - Do\u015bwiadczenie pozauczelniane - Pracownicy PANS w Kro\u015bnie","robots":{"index":"index","follow":"follow","max-snippet":"max-snippet:-1","max-image-preview":"max-image-preview:large","max-video-preview":"max-video-preview:-1"},"canonical":"https:\/\/pans.krosno.pl\/pracownicy\/aleksander-kozlowski\/aleksander-kozlowski-doswiadczenie-pozauczelniane\/","og_locale":"pl_PL","og_type":"article","og_title":"prof. dr hab. in\u017c. Aleksander Koz\u0142owski - Do\u015bwiadczenie pozauczelniane","og_description":"Od 2012 r. &#8211; Cz\u0142onek Komitetu In\u017cynierii L\u0105dowej i Wodnej Polskiej Akademii Nauk, w obecnej kadencji wiceprzewodnicz\u0105cy Komitetu In\u017cynierii L\u0105dowej i Wodnej Polskiej Akademii Nauk, Wiceprzewodnicz\u0105cy Sekcji Konstrukcji Metalowych KILiW PAN, Cz\u0142onek Management Committee projekt\u00f3w europejskich, COST C1, COST C12, COST C16, COST C25, COST C26, TU0601, TU0701, Cz\u0142onek &#8211; [\u2026] Read More","og_url":"https:\/\/pans.krosno.pl\/pracownicy\/aleksander-kozlowski\/aleksander-kozlowski-doswiadczenie-pozauczelniane\/","og_site_name":"Pracownicy PANS w Kro\u015bnie","article_modified_time":"2025-05-15T09:53:06+00:00","twitter_card":"summary_large_image","twitter_misc":{"Szacowany czas czytania":"1 minuta"},"schema":{"@context":"https:\/\/schema.org","@graph":[{"@type":"WebPage","@id":"https:\/\/pans.krosno.pl\/pracownicy\/aleksander-kozlowski\/aleksander-kozlowski-doswiadczenie-pozauczelniane\/","url":"https:\/\/pans.krosno.pl\/pracownicy\/aleksander-kozlowski\/aleksander-kozlowski-doswiadczenie-pozauczelniane\/","name":"prof. dr hab. in\u017c. Aleksander Koz\u0142owski - Do\u015bwiadczenie pozauczelniane - Pracownicy PANS w Kro\u015bnie","isPartOf":{"@id":"https:\/\/pans.krosno.pl\/pracownicy\/#website"},"datePublished":"2020-04-01T09:51:11+00:00","dateModified":"2025-05-15T09:53:06+00:00","breadcrumb":{"@id":"https:\/\/pans.krosno.pl\/pracownicy\/aleksander-kozlowski\/aleksander-kozlowski-doswiadczenie-pozauczelniane\/#breadcrumb"},"inLanguage":"pl-PL","potentialAction":[{"@type":"ReadAction","target":["https:\/\/pans.krosno.pl\/pracownicy\/aleksander-kozlowski\/aleksander-kozlowski-doswiadczenie-pozauczelniane\/"]}]},{"@type":"BreadcrumbList","@id":"https:\/\/pans.krosno.pl\/pracownicy\/aleksander-kozlowski\/aleksander-kozlowski-doswiadczenie-pozauczelniane\/#breadcrumb","itemListElement":[{"@type":"ListItem","position":1,"name":"Strona g\u0142\u00f3wna","item":"https:\/\/pans.krosno.pl\/pracownicy\/"},{"@type":"ListItem","position":2,"name":"prof. dr hab. in\u017c. Aleksander Koz\u0142owski","item":"https:\/\/pans.krosno.pl\/pracownicy\/aleksander-kozlowski\/"},{"@type":"ListItem","position":3,"name":"prof. dr hab. in\u017c. Aleksander Koz\u0142owski &#8211; Do\u015bwiadczenie pozauczelniane"}]},{"@type":"WebSite","@id":"https:\/\/pans.krosno.pl\/pracownicy\/#website","url":"https:\/\/pans.krosno.pl\/pracownicy\/","name":"Pracownicy PANS w Kro\u015bnie","description":"Pracownicy - Pa\u0144stwowa Akademia Nauk Stosowanych","publisher":{"@id":"https:\/\/pans.krosno.pl\/pracownicy\/#organization"},"potentialAction":[{"@type":"SearchAction","target":{"@type":"EntryPoint","urlTemplate":"https:\/\/pans.krosno.pl\/pracownicy\/?s={search_term_string}"},"query-input":{"@type":"PropertyValueSpecification","valueRequired":true,"valueName":"search_term_string"}}],"inLanguage":"pl-PL"},{"@type":"Organization","@id":"https:\/\/pans.krosno.pl\/pracownicy\/#organization","name":"Pracownicy PANS w Kro\u015bnie","url":"https:\/\/pans.krosno.pl\/pracownicy\/","logo":{"@type":"ImageObject","inLanguage":"pl-PL","@id":"https:\/\/pans.krosno.pl\/pracownicy\/#\/schema\/logo\/image\/","url":"https:\/\/pans.krosno.pl\/pracownicy\/wp-content\/uploads\/sites\/41\/2023\/01\/Logo-PANS-2022-pelne.png","contentUrl":"https:\/\/pans.krosno.pl\/pracownicy\/wp-content\/uploads\/sites\/41\/2023\/01\/Logo-PANS-2022-pelne.png","width":3096,"height":696,"caption":"Pracownicy PANS w Kro\u015bnie"},"image":{"@id":"https:\/\/pans.krosno.pl\/pracownicy\/#\/schema\/logo\/image\/"}}]}},"_links":{"self":[{"href":"https:\/\/pans.krosno.pl\/pracownicy\/wp-json\/wp\/v2\/pages\/945","targetHints":{"allow":["GET"]}}],"collection":[{"href":"https:\/\/pans.krosno.pl\/pracownicy\/wp-json\/wp\/v2\/pages"}],"about":[{"href":"https:\/\/pans.krosno.pl\/pracownicy\/wp-json\/wp\/v2\/types\/page"}],"author":[{"embeddable":true,"href":"https:\/\/pans.krosno.pl\/pracownicy\/wp-json\/wp\/v2\/users\/36"}],"replies":[{"embeddable":true,"href":"https:\/\/pans.krosno.pl\/pracownicy\/wp-json\/wp\/v2\/comments?post=945"}],"version-history":[{"count":7,"href":"https:\/\/pans.krosno.pl\/pracownicy\/wp-json\/wp\/v2\/pages\/945\/revisions"}],"predecessor-version":[{"id":8050,"href":"https:\/\/pans.krosno.pl\/pracownicy\/wp-json\/wp\/v2\/pages\/945\/revisions\/8050"}],"up":[{"embeddable":true,"href":"https:\/\/pans.krosno.pl\/pracownicy\/wp-json\/wp\/v2\/pages\/940"}],"wp:attachment":[{"href":"https:\/\/pans.krosno.pl\/pracownicy\/wp-json\/wp\/v2\/media?parent=945"}],"curies":[{"name":"wp","href":"https:\/\/api.w.org\/{rel}","templated":true}]}}