{"id":942,"date":"2020-04-01T11:45:32","date_gmt":"2020-04-01T09:45:32","guid":{"rendered":"https:\/\/pans.krosno.pl\/pracownicy\/?page_id=942"},"modified":"2025-05-15T11:52:39","modified_gmt":"2025-05-15T09:52:39","slug":"aleksander-kozlowski-zyciorys-naukowy","status":"publish","type":"page","link":"https:\/\/pans.krosno.pl\/pracownicy\/aleksander-kozlowski\/aleksander-kozlowski-zyciorys-naukowy\/","title":{"rendered":"prof. dr hab. in\u017c. Aleksander Koz\u0142owski &#8211; \u017byciorys naukowy"},"content":{"rendered":"<hr>\n<ul>\n<li>w 1979 r. &#8211; Magister in\u017cynier budownictwa; Politechnika Rzeszowska, Wydzia\u0142 Budownictwa i In\u017cynierii \u015arodowiska,<\/li>\n<li>w 1988 r. &#8211; Doktor nauk technicznych: nadany przez Instytut Techniki Budowlanej, Warszawa, tytu\u0142 pracy: No\u015bno\u015b\u0107 belki z monta\u017cowymi w\u0119z\u0142ami podatnymi,<\/li>\n<li>w 2000 r. &#8211; Doktor habilitowany nauk technicznych nadany przez Politechnik\u0119 Warszawsk\u0105, tytu\u0142 pracy: Kszta\u0142towanie szkielet\u00f3w stalowych i zespolonych o w\u0119z\u0142ach p\u00f3\u0142sztywnych,<\/li>\n<li>w 2009 r. &#8211; Tytu\u0142 profesora nauk technicznych &#8211; post\u0119powanie przeprowadzone przez Politechnike Warszawsk\u0105,<\/li>\n<li>w okresie od 2005 r. do 2008 r. &#8211; Prorektor Politechniki Rzeszowskiej ds. Wsp\u00f3\u0142pracy Mi\u0119dzynarodowej i Regionalnej,<br \/>\nw okresie od 2008 r. do 2012 r. &#8211; Prodziekan ds. Nauki Wydzia\u0142 Budownictwa i In\u017cynierii \u015arodowiska,<\/li>\n<li>w okresie od lutego 2002 r. do sierpnia 2004 r. &#8211; Visiting professor w Universidade da Beira Interior in Covilha, Portugal.<\/li>\n<\/ul>\n<hr>\n<p>&nbsp;<\/p>\n","protected":false},"excerpt":{"rendered":"<p>w 1979 r. &#8211; Magister in\u017cynier budownictwa; Politechnika Rzeszowska, Wydzia\u0142 Budownictwa i In\u017cynierii \u015arodowiska, w 1988 r. &#8211; Doktor nauk technicznych: nadany przez Instytut Techniki Budowlanej, Warszawa, tytu\u0142 pracy: No\u015bno\u015b\u0107 belki z monta\u017cowymi w\u0119z\u0142ami podatnymi, w 2000 r. &#8211; Doktor habilitowany nauk technicznych nadany przez Politechnik\u0119 Warszawsk\u0105, tytu\u0142 pracy: Kszta\u0142towanie [\u2026] <\/p>\n<div class=\"clear\"><\/div>\n<p><a class=\"more_link clearfix\" href=\"https:\/\/pans.krosno.pl\/pracownicy\/aleksander-kozlowski\/aleksander-kozlowski-zyciorys-naukowy\/\" rel=\"nofollow\">Read More<\/a><\/p>\n","protected":false},"author":36,"featured_media":0,"parent":940,"menu_order":0,"comment_status":"closed","ping_status":"closed","template":"","meta":{"ngg_post_thumbnail":0,"footnotes":""},"class_list":["post-942","page","type-page","status-publish","hentry"],"yoast_head":"<!-- This site is optimized with the Yoast SEO Premium plugin v27.3 (Yoast SEO v27.3) - https:\/\/yoast.com\/product\/yoast-seo-premium-wordpress\/ -->\n<title>prof. dr hab. in\u017c. Aleksander Koz\u0142owski - \u017byciorys naukowy - Pracownicy PANS w Kro\u015bnie<\/title>\n<meta name=\"robots\" content=\"index, follow, max-snippet:-1, max-image-preview:large, max-video-preview:-1\" \/>\n<link rel=\"canonical\" href=\"https:\/\/pans.krosno.pl\/pracownicy\/aleksander-kozlowski\/aleksander-kozlowski-zyciorys-naukowy\/\" \/>\n<meta property=\"og:locale\" content=\"pl_PL\" \/>\n<meta property=\"og:type\" content=\"article\" \/>\n<meta property=\"og:title\" content=\"prof. dr hab. in\u017c. Aleksander Koz\u0142owski - \u017byciorys naukowy\" \/>\n<meta property=\"og:description\" content=\"w 1979 r. &#8211; Magister in\u017cynier budownictwa; Politechnika Rzeszowska, Wydzia\u0142 Budownictwa i In\u017cynierii \u015arodowiska, w 1988 r. &#8211; Doktor nauk technicznych: nadany przez Instytut Techniki Budowlanej, Warszawa, tytu\u0142 pracy: No\u015bno\u015b\u0107 belki z monta\u017cowymi w\u0119z\u0142ami podatnymi, w 2000 r. &#8211; Doktor habilitowany nauk technicznych nadany przez Politechnik\u0119 Warszawsk\u0105, tytu\u0142 pracy: Kszta\u0142towanie [\u2026] Read More\" \/>\n<meta property=\"og:url\" content=\"https:\/\/pans.krosno.pl\/pracownicy\/aleksander-kozlowski\/aleksander-kozlowski-zyciorys-naukowy\/\" \/>\n<meta property=\"og:site_name\" content=\"Pracownicy PANS w Kro\u015bnie\" \/>\n<meta property=\"article:modified_time\" content=\"2025-05-15T09:52:39+00:00\" \/>\n<meta name=\"twitter:card\" content=\"summary_large_image\" \/>\n<meta name=\"twitter:label1\" content=\"Szacowany czas czytania\" \/>\n\t<meta name=\"twitter:data1\" content=\"1 minuta\" \/>\n<script type=\"application\/ld+json\" class=\"yoast-schema-graph\">{\"@context\":\"https:\\\/\\\/schema.org\",\"@graph\":[{\"@type\":\"WebPage\",\"@id\":\"https:\\\/\\\/pans.krosno.pl\\\/pracownicy\\\/aleksander-kozlowski\\\/aleksander-kozlowski-zyciorys-naukowy\\\/\",\"url\":\"https:\\\/\\\/pans.krosno.pl\\\/pracownicy\\\/aleksander-kozlowski\\\/aleksander-kozlowski-zyciorys-naukowy\\\/\",\"name\":\"prof. dr hab. in\u017c. Aleksander Koz\u0142owski - \u017byciorys naukowy - Pracownicy PANS w Kro\u015bnie\",\"isPartOf\":{\"@id\":\"https:\\\/\\\/pans.krosno.pl\\\/pracownicy\\\/#website\"},\"datePublished\":\"2020-04-01T09:45:32+00:00\",\"dateModified\":\"2025-05-15T09:52:39+00:00\",\"breadcrumb\":{\"@id\":\"https:\\\/\\\/pans.krosno.pl\\\/pracownicy\\\/aleksander-kozlowski\\\/aleksander-kozlowski-zyciorys-naukowy\\\/#breadcrumb\"},\"inLanguage\":\"pl-PL\",\"potentialAction\":[{\"@type\":\"ReadAction\",\"target\":[\"https:\\\/\\\/pans.krosno.pl\\\/pracownicy\\\/aleksander-kozlowski\\\/aleksander-kozlowski-zyciorys-naukowy\\\/\"]}]},{\"@type\":\"BreadcrumbList\",\"@id\":\"https:\\\/\\\/pans.krosno.pl\\\/pracownicy\\\/aleksander-kozlowski\\\/aleksander-kozlowski-zyciorys-naukowy\\\/#breadcrumb\",\"itemListElement\":[{\"@type\":\"ListItem\",\"position\":1,\"name\":\"Strona g\u0142\u00f3wna\",\"item\":\"https:\\\/\\\/pans.krosno.pl\\\/pracownicy\\\/\"},{\"@type\":\"ListItem\",\"position\":2,\"name\":\"prof. dr hab. in\u017c. Aleksander Koz\u0142owski\",\"item\":\"https:\\\/\\\/pans.krosno.pl\\\/pracownicy\\\/aleksander-kozlowski\\\/\"},{\"@type\":\"ListItem\",\"position\":3,\"name\":\"prof. dr hab. in\u017c. Aleksander Koz\u0142owski &#8211; \u017byciorys naukowy\"}]},{\"@type\":\"WebSite\",\"@id\":\"https:\\\/\\\/pans.krosno.pl\\\/pracownicy\\\/#website\",\"url\":\"https:\\\/\\\/pans.krosno.pl\\\/pracownicy\\\/\",\"name\":\"Pracownicy PANS w Kro\u015bnie\",\"description\":\"Pracownicy - Pa\u0144stwowa Akademia Nauk Stosowanych\",\"publisher\":{\"@id\":\"https:\\\/\\\/pans.krosno.pl\\\/pracownicy\\\/#organization\"},\"potentialAction\":[{\"@type\":\"SearchAction\",\"target\":{\"@type\":\"EntryPoint\",\"urlTemplate\":\"https:\\\/\\\/pans.krosno.pl\\\/pracownicy\\\/?s={search_term_string}\"},\"query-input\":{\"@type\":\"PropertyValueSpecification\",\"valueRequired\":true,\"valueName\":\"search_term_string\"}}],\"inLanguage\":\"pl-PL\"},{\"@type\":\"Organization\",\"@id\":\"https:\\\/\\\/pans.krosno.pl\\\/pracownicy\\\/#organization\",\"name\":\"Pracownicy PANS w Kro\u015bnie\",\"url\":\"https:\\\/\\\/pans.krosno.pl\\\/pracownicy\\\/\",\"logo\":{\"@type\":\"ImageObject\",\"inLanguage\":\"pl-PL\",\"@id\":\"https:\\\/\\\/pans.krosno.pl\\\/pracownicy\\\/#\\\/schema\\\/logo\\\/image\\\/\",\"url\":\"https:\\\/\\\/pans.krosno.pl\\\/pracownicy\\\/wp-content\\\/uploads\\\/sites\\\/41\\\/2023\\\/01\\\/Logo-PANS-2022-pelne.png\",\"contentUrl\":\"https:\\\/\\\/pans.krosno.pl\\\/pracownicy\\\/wp-content\\\/uploads\\\/sites\\\/41\\\/2023\\\/01\\\/Logo-PANS-2022-pelne.png\",\"width\":3096,\"height\":696,\"caption\":\"Pracownicy PANS w Kro\u015bnie\"},\"image\":{\"@id\":\"https:\\\/\\\/pans.krosno.pl\\\/pracownicy\\\/#\\\/schema\\\/logo\\\/image\\\/\"}}]}<\/script>\n<!-- \/ Yoast SEO Premium plugin. -->","yoast_head_json":{"title":"prof. dr hab. in\u017c. Aleksander Koz\u0142owski - \u017byciorys naukowy - Pracownicy PANS w Kro\u015bnie","robots":{"index":"index","follow":"follow","max-snippet":"max-snippet:-1","max-image-preview":"max-image-preview:large","max-video-preview":"max-video-preview:-1"},"canonical":"https:\/\/pans.krosno.pl\/pracownicy\/aleksander-kozlowski\/aleksander-kozlowski-zyciorys-naukowy\/","og_locale":"pl_PL","og_type":"article","og_title":"prof. dr hab. in\u017c. Aleksander Koz\u0142owski - \u017byciorys naukowy","og_description":"w 1979 r. &#8211; Magister in\u017cynier budownictwa; Politechnika Rzeszowska, Wydzia\u0142 Budownictwa i In\u017cynierii \u015arodowiska, w 1988 r. &#8211; Doktor nauk technicznych: nadany przez Instytut Techniki Budowlanej, Warszawa, tytu\u0142 pracy: No\u015bno\u015b\u0107 belki z monta\u017cowymi w\u0119z\u0142ami podatnymi, w 2000 r. &#8211; Doktor habilitowany nauk technicznych nadany przez Politechnik\u0119 Warszawsk\u0105, tytu\u0142 pracy: Kszta\u0142towanie [\u2026] Read More","og_url":"https:\/\/pans.krosno.pl\/pracownicy\/aleksander-kozlowski\/aleksander-kozlowski-zyciorys-naukowy\/","og_site_name":"Pracownicy PANS w Kro\u015bnie","article_modified_time":"2025-05-15T09:52:39+00:00","twitter_card":"summary_large_image","twitter_misc":{"Szacowany czas czytania":"1 minuta"},"schema":{"@context":"https:\/\/schema.org","@graph":[{"@type":"WebPage","@id":"https:\/\/pans.krosno.pl\/pracownicy\/aleksander-kozlowski\/aleksander-kozlowski-zyciorys-naukowy\/","url":"https:\/\/pans.krosno.pl\/pracownicy\/aleksander-kozlowski\/aleksander-kozlowski-zyciorys-naukowy\/","name":"prof. dr hab. in\u017c. Aleksander Koz\u0142owski - \u017byciorys naukowy - Pracownicy PANS w Kro\u015bnie","isPartOf":{"@id":"https:\/\/pans.krosno.pl\/pracownicy\/#website"},"datePublished":"2020-04-01T09:45:32+00:00","dateModified":"2025-05-15T09:52:39+00:00","breadcrumb":{"@id":"https:\/\/pans.krosno.pl\/pracownicy\/aleksander-kozlowski\/aleksander-kozlowski-zyciorys-naukowy\/#breadcrumb"},"inLanguage":"pl-PL","potentialAction":[{"@type":"ReadAction","target":["https:\/\/pans.krosno.pl\/pracownicy\/aleksander-kozlowski\/aleksander-kozlowski-zyciorys-naukowy\/"]}]},{"@type":"BreadcrumbList","@id":"https:\/\/pans.krosno.pl\/pracownicy\/aleksander-kozlowski\/aleksander-kozlowski-zyciorys-naukowy\/#breadcrumb","itemListElement":[{"@type":"ListItem","position":1,"name":"Strona g\u0142\u00f3wna","item":"https:\/\/pans.krosno.pl\/pracownicy\/"},{"@type":"ListItem","position":2,"name":"prof. dr hab. in\u017c. Aleksander Koz\u0142owski","item":"https:\/\/pans.krosno.pl\/pracownicy\/aleksander-kozlowski\/"},{"@type":"ListItem","position":3,"name":"prof. dr hab. in\u017c. Aleksander Koz\u0142owski &#8211; \u017byciorys naukowy"}]},{"@type":"WebSite","@id":"https:\/\/pans.krosno.pl\/pracownicy\/#website","url":"https:\/\/pans.krosno.pl\/pracownicy\/","name":"Pracownicy PANS w Kro\u015bnie","description":"Pracownicy - Pa\u0144stwowa Akademia Nauk Stosowanych","publisher":{"@id":"https:\/\/pans.krosno.pl\/pracownicy\/#organization"},"potentialAction":[{"@type":"SearchAction","target":{"@type":"EntryPoint","urlTemplate":"https:\/\/pans.krosno.pl\/pracownicy\/?s={search_term_string}"},"query-input":{"@type":"PropertyValueSpecification","valueRequired":true,"valueName":"search_term_string"}}],"inLanguage":"pl-PL"},{"@type":"Organization","@id":"https:\/\/pans.krosno.pl\/pracownicy\/#organization","name":"Pracownicy PANS w Kro\u015bnie","url":"https:\/\/pans.krosno.pl\/pracownicy\/","logo":{"@type":"ImageObject","inLanguage":"pl-PL","@id":"https:\/\/pans.krosno.pl\/pracownicy\/#\/schema\/logo\/image\/","url":"https:\/\/pans.krosno.pl\/pracownicy\/wp-content\/uploads\/sites\/41\/2023\/01\/Logo-PANS-2022-pelne.png","contentUrl":"https:\/\/pans.krosno.pl\/pracownicy\/wp-content\/uploads\/sites\/41\/2023\/01\/Logo-PANS-2022-pelne.png","width":3096,"height":696,"caption":"Pracownicy PANS w Kro\u015bnie"},"image":{"@id":"https:\/\/pans.krosno.pl\/pracownicy\/#\/schema\/logo\/image\/"}}]}},"_links":{"self":[{"href":"https:\/\/pans.krosno.pl\/pracownicy\/wp-json\/wp\/v2\/pages\/942","targetHints":{"allow":["GET"]}}],"collection":[{"href":"https:\/\/pans.krosno.pl\/pracownicy\/wp-json\/wp\/v2\/pages"}],"about":[{"href":"https:\/\/pans.krosno.pl\/pracownicy\/wp-json\/wp\/v2\/types\/page"}],"author":[{"embeddable":true,"href":"https:\/\/pans.krosno.pl\/pracownicy\/wp-json\/wp\/v2\/users\/36"}],"replies":[{"embeddable":true,"href":"https:\/\/pans.krosno.pl\/pracownicy\/wp-json\/wp\/v2\/comments?post=942"}],"version-history":[{"count":6,"href":"https:\/\/pans.krosno.pl\/pracownicy\/wp-json\/wp\/v2\/pages\/942\/revisions"}],"predecessor-version":[{"id":8049,"href":"https:\/\/pans.krosno.pl\/pracownicy\/wp-json\/wp\/v2\/pages\/942\/revisions\/8049"}],"up":[{"embeddable":true,"href":"https:\/\/pans.krosno.pl\/pracownicy\/wp-json\/wp\/v2\/pages\/940"}],"wp:attachment":[{"href":"https:\/\/pans.krosno.pl\/pracownicy\/wp-json\/wp\/v2\/media?parent=942"}],"curies":[{"name":"wp","href":"https:\/\/api.w.org\/{rel}","templated":true}]}}