{"id":936,"date":"2020-04-01T11:29:32","date_gmt":"2020-04-01T09:29:32","guid":{"rendered":"https:\/\/pans.krosno.pl\/pracownicy\/?page_id=936"},"modified":"2025-05-14T15:18:16","modified_gmt":"2025-05-14T13:18:16","slug":"zbigniew-kielbasa-najwazniejsze-publikacje","status":"publish","type":"page","link":"https:\/\/pans.krosno.pl\/pracownicy\/zbigniew-kielbasa\/zbigniew-kielbasa-najwazniejsze-publikacje\/","title":{"rendered":"dr in\u017c. Zbigniew Kie\u0142basa &#8211; Najwa\u017cniejsze publikacje"},"content":{"rendered":"<table width=\"634\">\n<tbody>\n<tr>\n<td>\n<hr>\n<ul>\n<li>Skrypt &#8211;&nbsp; Koz\u0142owski A., Kie\u0142basa Z., Kubiszyn W., Pisarek Z., Reichhart A., Stankiewicz B., \u015al\u0119czka L., Wojnar A.: Konstrukcje stalowe. Przyk\u0142ady oblicze\u0144 wed\u0142ug PN-EN 1993-1, Oficyna Wydawnicza Politechniki Rzeszowskiej s.1-396, 2010<\/li>\n<\/ul>\n<p><strong>Wdro\u017cenia, ekspertyzy, opinie techniczne:<\/strong><\/p>\n<ol>\n<li>Zbigniew Kie\u0142basa, Andrzej Wojnar, \u201eEkspertyza techniczna konstrukcji hali nad basenami i lodowiskiem przy ul. Pi\u0142sudskiego w D\u0119bicy\u201d 2009 r.<\/li>\n<li>Zbigniew Kie\u0142basa, Rafa\u0142 Klich, \u201eProjekty prefabrykowanych fundament\u00f3w betonowych pod s\u0142upy o\u015bwietleniowe\u201d 2006 -20013 r. &#8211; w sumie kilkana\u015bcie projekt\u00f3w r\u00f3\u017cnych fundament\u00f3w.<\/li>\n<li>Zbigniew Kie\u0142basa, Zbigniew Plewako, \u201eEkspertyza stanu technicznego belek podsuwnicowych w cz\u0119\u015bci hali nr 101 na terenie firmy Autosan S.A. w Sanoku, 2012 r.<\/li>\n<li>Zbigniew Kie\u0142basa, \u201eOpinia techniczna w sprawie mo\u017cliwo\u015bci zastosowania fundament\u00f3w&nbsp; F275\/75 i F5\/1-18 do posadowienia maszt\u00f3w o\u015bwietleniowych&nbsp; przy autostradzie A1 w miejscowo\u015bci \u015awierklany-Gorzyczki, 2012 r.<\/li>\n<li>Zbigniew Kie\u0142basa, \u201eOcena stanu technicznego i wzmocnienie istniej\u0105cej konstrukcji stalowej sali gimnastycznej w Chorzelowie w Gminie Mielec\u201d 2012 r.<\/li>\n<li>Zbigniew Kie\u0142basa, Wies\u0142aw Kubiszyn, \u201eEkspertyza budowlana oceniaj\u0105ca no\u015bno\u015b\u0107 konstrukcji stalowej galerii naw\u0119glania zlokalizowanej na terenie Zak\u0142adu Us\u0142ug komunalnych Energokom sp. z o.o. w Rakszawie, 2013 r.<\/li>\n<li>Zbigniew Kie\u0142basa, \u201eZasady obliczania reakcji na s\u0142up przelotowy od przewod\u00f3w fazowych i odgromowych wraz z przyk\u0142adami obliczeniowymi\u201d opracowanie na zlecenie Zak\u0142adu Wykonawstwa Sieci Elektrycznych Rzesz\u00f3w Sp. z o.o. z siedzib\u0105 w Rzeszowie, ul. Przemys\u0142owa 1, 2015 r.<\/li>\n<li>Zbigniew Kie\u0142basa, \u201eEkspertyza stanu technicznego i wytyczne remontu komina murowanego z ceg\u0142y (b\u0119d\u0105cego w stanie awarii) przy budynku dawnej gorzelni w Rymanowie\u201d 2015 r.<\/li>\n<li>Zbigniew Kie\u0142basa, Edyta B\u0142yskal \u201eOpinia techniczna dotycz\u0105ca no\u015bno\u015bci element\u00f3w konstrukcji hali segregacji odpad\u00f3w w Janczycach\u201d, 2016 r.<\/li>\n<li>Zbigniew Kie\u0142basa, \u201eOpinia techniczna dotycz\u0105ca no\u015bno\u015bci element\u00f3w konstrukcji stalowej hali magazynowej\u201d zlokalizowanej na terenie firmy Trans-\u017bwir w miejscowo\u015bci Gajewo, gmina Gi\u017cycko\u201d, 2017 r.<\/li>\n<li>Zbigniew Kie\u0142basa, \u201eOpinia techniczna dotycz\u0105ca deformacji stalowych ok\u0142adzin p\u0142yt warstwowych na hali stabilizacji odpad\u00f3w zlokalizowanej na terenie Przedsi\u0119biorstwa gospodarowania odpadami sp. z o.o., w miejscowo\u015bci Paszczyna, gmina D\u0119bica\u201d,2018 r.<\/li>\n<li>Zbigniew Kie\u0142basa, Zbigniew Plewako, Marcin G\u00f3rski \u201eOpinia s\u0105dowa na okoliczno\u015b\u0107 ustalenia co by\u0142o przyczyn\u0105 zawalenia si\u0119 hali magazynowej, 2018 r.<\/li>\n<\/ol>\n<p><strong>Referaty na konferencjach mi\u0119dzynarodowych:<\/strong><\/p>\n<ul>\n<li>Adam Reichhart, Zbigniew Kie\u0142basa \u201eDesigning of shell shaped roofs made of profiled sheets\u201d, Structural Engineering World Congres SEWC2011, Como \u2013 W\u0142ochy, 4-6 kwietnia 2011 r.<\/li>\n<\/ul>\n<hr>\n<\/td>\n<\/tr>\n<\/tbody>\n<\/table>\n<p>&nbsp;<\/p>\n","protected":false},"excerpt":{"rendered":"<p>Skrypt &#8211;&nbsp; Koz\u0142owski A., Kie\u0142basa Z., Kubiszyn W., Pisarek Z., Reichhart A., Stankiewicz B., \u015al\u0119czka L., Wojnar A.: Konstrukcje stalowe. Przyk\u0142ady oblicze\u0144 wed\u0142ug PN-EN 1993-1, Oficyna Wydawnicza Politechniki Rzeszowskiej s.1-396, 2010 Wdro\u017cenia, ekspertyzy, opinie techniczne: Zbigniew Kie\u0142basa, Andrzej Wojnar, \u201eEkspertyza techniczna konstrukcji hali nad basenami i lodowiskiem przy ul. Pi\u0142sudskiego [\u2026] <\/p>\n<div class=\"clear\"><\/div>\n<p><a class=\"more_link clearfix\" href=\"https:\/\/pans.krosno.pl\/pracownicy\/zbigniew-kielbasa\/zbigniew-kielbasa-najwazniejsze-publikacje\/\" rel=\"nofollow\">Read More<\/a><\/p>\n","protected":false},"author":36,"featured_media":0,"parent":923,"menu_order":0,"comment_status":"closed","ping_status":"closed","template":"","meta":{"ngg_post_thumbnail":0,"footnotes":""},"class_list":["post-936","page","type-page","status-publish","hentry"],"yoast_head":"<!-- This site is optimized with the Yoast SEO Premium plugin v27.4 (Yoast SEO v27.4) - https:\/\/yoast.com\/product\/yoast-seo-premium-wordpress\/ -->\n<title>dr in\u017c. Zbigniew Kie\u0142basa - Najwa\u017cniejsze publikacje - Pracownicy PANS w Kro\u015bnie<\/title>\n<meta name=\"robots\" content=\"index, follow, max-snippet:-1, max-image-preview:large, max-video-preview:-1\" \/>\n<link rel=\"canonical\" href=\"https:\/\/pans.krosno.pl\/pracownicy\/zbigniew-kielbasa\/zbigniew-kielbasa-najwazniejsze-publikacje\/\" \/>\n<meta property=\"og:locale\" content=\"pl_PL\" \/>\n<meta property=\"og:type\" content=\"article\" \/>\n<meta property=\"og:title\" content=\"dr in\u017c. Zbigniew Kie\u0142basa - Najwa\u017cniejsze publikacje\" \/>\n<meta property=\"og:description\" content=\"Skrypt &#8211;&nbsp; Koz\u0142owski A., Kie\u0142basa Z., Kubiszyn W., Pisarek Z., Reichhart A., Stankiewicz B., \u015al\u0119czka L., Wojnar A.: Konstrukcje stalowe. Przyk\u0142ady oblicze\u0144 wed\u0142ug PN-EN 1993-1, Oficyna Wydawnicza Politechniki Rzeszowskiej s.1-396, 2010 Wdro\u017cenia, ekspertyzy, opinie techniczne: Zbigniew Kie\u0142basa, Andrzej Wojnar, \u201eEkspertyza techniczna konstrukcji hali nad basenami i lodowiskiem przy ul. Pi\u0142sudskiego [\u2026] Read More\" \/>\n<meta property=\"og:url\" content=\"https:\/\/pans.krosno.pl\/pracownicy\/zbigniew-kielbasa\/zbigniew-kielbasa-najwazniejsze-publikacje\/\" \/>\n<meta property=\"og:site_name\" content=\"Pracownicy PANS w Kro\u015bnie\" \/>\n<meta property=\"article:modified_time\" content=\"2025-05-14T13:18:16+00:00\" \/>\n<meta name=\"twitter:card\" content=\"summary_large_image\" \/>\n<meta name=\"twitter:label1\" content=\"Szacowany czas czytania\" \/>\n\t<meta name=\"twitter:data1\" content=\"3 minuty\" \/>\n<script type=\"application\/ld+json\" class=\"yoast-schema-graph\">{\"@context\":\"https:\\\/\\\/schema.org\",\"@graph\":[{\"@type\":\"WebPage\",\"@id\":\"https:\\\/\\\/pans.krosno.pl\\\/pracownicy\\\/zbigniew-kielbasa\\\/zbigniew-kielbasa-najwazniejsze-publikacje\\\/\",\"url\":\"https:\\\/\\\/pans.krosno.pl\\\/pracownicy\\\/zbigniew-kielbasa\\\/zbigniew-kielbasa-najwazniejsze-publikacje\\\/\",\"name\":\"dr in\u017c. Zbigniew Kie\u0142basa - Najwa\u017cniejsze publikacje - Pracownicy PANS w Kro\u015bnie\",\"isPartOf\":{\"@id\":\"https:\\\/\\\/pans.krosno.pl\\\/pracownicy\\\/#website\"},\"datePublished\":\"2020-04-01T09:29:32+00:00\",\"dateModified\":\"2025-05-14T13:18:16+00:00\",\"breadcrumb\":{\"@id\":\"https:\\\/\\\/pans.krosno.pl\\\/pracownicy\\\/zbigniew-kielbasa\\\/zbigniew-kielbasa-najwazniejsze-publikacje\\\/#breadcrumb\"},\"inLanguage\":\"pl-PL\",\"potentialAction\":[{\"@type\":\"ReadAction\",\"target\":[\"https:\\\/\\\/pans.krosno.pl\\\/pracownicy\\\/zbigniew-kielbasa\\\/zbigniew-kielbasa-najwazniejsze-publikacje\\\/\"]}]},{\"@type\":\"BreadcrumbList\",\"@id\":\"https:\\\/\\\/pans.krosno.pl\\\/pracownicy\\\/zbigniew-kielbasa\\\/zbigniew-kielbasa-najwazniejsze-publikacje\\\/#breadcrumb\",\"itemListElement\":[{\"@type\":\"ListItem\",\"position\":1,\"name\":\"Strona g\u0142\u00f3wna\",\"item\":\"https:\\\/\\\/pans.krosno.pl\\\/pracownicy\\\/\"},{\"@type\":\"ListItem\",\"position\":2,\"name\":\"dr in\u017c. Zbigniew Kie\u0142basa\",\"item\":\"https:\\\/\\\/pans.krosno.pl\\\/pracownicy\\\/zbigniew-kielbasa\\\/\"},{\"@type\":\"ListItem\",\"position\":3,\"name\":\"dr in\u017c. Zbigniew Kie\u0142basa &#8211; Najwa\u017cniejsze publikacje\"}]},{\"@type\":\"WebSite\",\"@id\":\"https:\\\/\\\/pans.krosno.pl\\\/pracownicy\\\/#website\",\"url\":\"https:\\\/\\\/pans.krosno.pl\\\/pracownicy\\\/\",\"name\":\"Pracownicy PANS w Kro\u015bnie\",\"description\":\"Pracownicy - Pa\u0144stwowa Akademia Nauk Stosowanych\",\"publisher\":{\"@id\":\"https:\\\/\\\/pans.krosno.pl\\\/pracownicy\\\/#organization\"},\"potentialAction\":[{\"@type\":\"SearchAction\",\"target\":{\"@type\":\"EntryPoint\",\"urlTemplate\":\"https:\\\/\\\/pans.krosno.pl\\\/pracownicy\\\/?s={search_term_string}\"},\"query-input\":{\"@type\":\"PropertyValueSpecification\",\"valueRequired\":true,\"valueName\":\"search_term_string\"}}],\"inLanguage\":\"pl-PL\"},{\"@type\":\"Organization\",\"@id\":\"https:\\\/\\\/pans.krosno.pl\\\/pracownicy\\\/#organization\",\"name\":\"Pracownicy PANS w Kro\u015bnie\",\"url\":\"https:\\\/\\\/pans.krosno.pl\\\/pracownicy\\\/\",\"logo\":{\"@type\":\"ImageObject\",\"inLanguage\":\"pl-PL\",\"@id\":\"https:\\\/\\\/pans.krosno.pl\\\/pracownicy\\\/#\\\/schema\\\/logo\\\/image\\\/\",\"url\":\"https:\\\/\\\/pans.krosno.pl\\\/pracownicy\\\/wp-content\\\/uploads\\\/sites\\\/41\\\/2023\\\/01\\\/Logo-PANS-2022-pelne.png\",\"contentUrl\":\"https:\\\/\\\/pans.krosno.pl\\\/pracownicy\\\/wp-content\\\/uploads\\\/sites\\\/41\\\/2023\\\/01\\\/Logo-PANS-2022-pelne.png\",\"width\":3096,\"height\":696,\"caption\":\"Pracownicy PANS w Kro\u015bnie\"},\"image\":{\"@id\":\"https:\\\/\\\/pans.krosno.pl\\\/pracownicy\\\/#\\\/schema\\\/logo\\\/image\\\/\"}}]}<\/script>\n<!-- \/ Yoast SEO Premium plugin. -->","yoast_head_json":{"title":"dr in\u017c. Zbigniew Kie\u0142basa - Najwa\u017cniejsze publikacje - Pracownicy PANS w Kro\u015bnie","robots":{"index":"index","follow":"follow","max-snippet":"max-snippet:-1","max-image-preview":"max-image-preview:large","max-video-preview":"max-video-preview:-1"},"canonical":"https:\/\/pans.krosno.pl\/pracownicy\/zbigniew-kielbasa\/zbigniew-kielbasa-najwazniejsze-publikacje\/","og_locale":"pl_PL","og_type":"article","og_title":"dr in\u017c. Zbigniew Kie\u0142basa - Najwa\u017cniejsze publikacje","og_description":"Skrypt &#8211;&nbsp; Koz\u0142owski A., Kie\u0142basa Z., Kubiszyn W., Pisarek Z., Reichhart A., Stankiewicz B., \u015al\u0119czka L., Wojnar A.: Konstrukcje stalowe. Przyk\u0142ady oblicze\u0144 wed\u0142ug PN-EN 1993-1, Oficyna Wydawnicza Politechniki Rzeszowskiej s.1-396, 2010 Wdro\u017cenia, ekspertyzy, opinie techniczne: Zbigniew Kie\u0142basa, Andrzej Wojnar, \u201eEkspertyza techniczna konstrukcji hali nad basenami i lodowiskiem przy ul. Pi\u0142sudskiego [\u2026] Read More","og_url":"https:\/\/pans.krosno.pl\/pracownicy\/zbigniew-kielbasa\/zbigniew-kielbasa-najwazniejsze-publikacje\/","og_site_name":"Pracownicy PANS w Kro\u015bnie","article_modified_time":"2025-05-14T13:18:16+00:00","twitter_card":"summary_large_image","twitter_misc":{"Szacowany czas czytania":"3 minuty"},"schema":{"@context":"https:\/\/schema.org","@graph":[{"@type":"WebPage","@id":"https:\/\/pans.krosno.pl\/pracownicy\/zbigniew-kielbasa\/zbigniew-kielbasa-najwazniejsze-publikacje\/","url":"https:\/\/pans.krosno.pl\/pracownicy\/zbigniew-kielbasa\/zbigniew-kielbasa-najwazniejsze-publikacje\/","name":"dr in\u017c. Zbigniew Kie\u0142basa - Najwa\u017cniejsze publikacje - Pracownicy PANS w Kro\u015bnie","isPartOf":{"@id":"https:\/\/pans.krosno.pl\/pracownicy\/#website"},"datePublished":"2020-04-01T09:29:32+00:00","dateModified":"2025-05-14T13:18:16+00:00","breadcrumb":{"@id":"https:\/\/pans.krosno.pl\/pracownicy\/zbigniew-kielbasa\/zbigniew-kielbasa-najwazniejsze-publikacje\/#breadcrumb"},"inLanguage":"pl-PL","potentialAction":[{"@type":"ReadAction","target":["https:\/\/pans.krosno.pl\/pracownicy\/zbigniew-kielbasa\/zbigniew-kielbasa-najwazniejsze-publikacje\/"]}]},{"@type":"BreadcrumbList","@id":"https:\/\/pans.krosno.pl\/pracownicy\/zbigniew-kielbasa\/zbigniew-kielbasa-najwazniejsze-publikacje\/#breadcrumb","itemListElement":[{"@type":"ListItem","position":1,"name":"Strona g\u0142\u00f3wna","item":"https:\/\/pans.krosno.pl\/pracownicy\/"},{"@type":"ListItem","position":2,"name":"dr in\u017c. Zbigniew Kie\u0142basa","item":"https:\/\/pans.krosno.pl\/pracownicy\/zbigniew-kielbasa\/"},{"@type":"ListItem","position":3,"name":"dr in\u017c. Zbigniew Kie\u0142basa &#8211; Najwa\u017cniejsze publikacje"}]},{"@type":"WebSite","@id":"https:\/\/pans.krosno.pl\/pracownicy\/#website","url":"https:\/\/pans.krosno.pl\/pracownicy\/","name":"Pracownicy PANS w Kro\u015bnie","description":"Pracownicy - Pa\u0144stwowa Akademia Nauk Stosowanych","publisher":{"@id":"https:\/\/pans.krosno.pl\/pracownicy\/#organization"},"potentialAction":[{"@type":"SearchAction","target":{"@type":"EntryPoint","urlTemplate":"https:\/\/pans.krosno.pl\/pracownicy\/?s={search_term_string}"},"query-input":{"@type":"PropertyValueSpecification","valueRequired":true,"valueName":"search_term_string"}}],"inLanguage":"pl-PL"},{"@type":"Organization","@id":"https:\/\/pans.krosno.pl\/pracownicy\/#organization","name":"Pracownicy PANS w Kro\u015bnie","url":"https:\/\/pans.krosno.pl\/pracownicy\/","logo":{"@type":"ImageObject","inLanguage":"pl-PL","@id":"https:\/\/pans.krosno.pl\/pracownicy\/#\/schema\/logo\/image\/","url":"https:\/\/pans.krosno.pl\/pracownicy\/wp-content\/uploads\/sites\/41\/2023\/01\/Logo-PANS-2022-pelne.png","contentUrl":"https:\/\/pans.krosno.pl\/pracownicy\/wp-content\/uploads\/sites\/41\/2023\/01\/Logo-PANS-2022-pelne.png","width":3096,"height":696,"caption":"Pracownicy PANS w Kro\u015bnie"},"image":{"@id":"https:\/\/pans.krosno.pl\/pracownicy\/#\/schema\/logo\/image\/"}}]}},"_links":{"self":[{"href":"https:\/\/pans.krosno.pl\/pracownicy\/wp-json\/wp\/v2\/pages\/936","targetHints":{"allow":["GET"]}}],"collection":[{"href":"https:\/\/pans.krosno.pl\/pracownicy\/wp-json\/wp\/v2\/pages"}],"about":[{"href":"https:\/\/pans.krosno.pl\/pracownicy\/wp-json\/wp\/v2\/types\/page"}],"author":[{"embeddable":true,"href":"https:\/\/pans.krosno.pl\/pracownicy\/wp-json\/wp\/v2\/users\/36"}],"replies":[{"embeddable":true,"href":"https:\/\/pans.krosno.pl\/pracownicy\/wp-json\/wp\/v2\/comments?post=936"}],"version-history":[{"count":2,"href":"https:\/\/pans.krosno.pl\/pracownicy\/wp-json\/wp\/v2\/pages\/936\/revisions"}],"predecessor-version":[{"id":6826,"href":"https:\/\/pans.krosno.pl\/pracownicy\/wp-json\/wp\/v2\/pages\/936\/revisions\/6826"}],"up":[{"embeddable":true,"href":"https:\/\/pans.krosno.pl\/pracownicy\/wp-json\/wp\/v2\/pages\/923"}],"wp:attachment":[{"href":"https:\/\/pans.krosno.pl\/pracownicy\/wp-json\/wp\/v2\/media?parent=936"}],"curies":[{"name":"wp","href":"https:\/\/api.w.org\/{rel}","templated":true}]}}