{"id":9259,"date":"2022-12-30T08:59:33","date_gmt":"2022-12-30T07:59:33","guid":{"rendered":"https:\/\/pans.krosno.pl\/pracownicy\/?page_id=9259"},"modified":"2025-05-14T14:09:32","modified_gmt":"2025-05-14T12:09:32","slug":"joanna-grzesik-gasior-najwazniejsze-publikacje","status":"publish","type":"page","link":"https:\/\/pans.krosno.pl\/pracownicy\/joanna-grzesik-gasior\/joanna-grzesik-gasior-najwazniejsze-publikacje\/","title":{"rendered":"dr Joanna Grzesik-G\u0105sior &#8211; Najwa\u017cniejsze publikacje"},"content":{"rendered":"\n<ol class=\"wp-block-list\" type=\"1\">\n<li>Krygowska K., Grzesik-G\u0105sior J., Pieczykolan A., Iwanowicz-Palus G., Bie\u0144 A.: <em>Social support and the ability to control emotions in women hospitalized due to the risk of premature birth.<\/em>&nbsp;Med. Og. Nauki Zdr. 2022 s. 1-8.<\/li>\n\n\n\n<li>Bie\u0144 A., Pieczykolan A., Grzesik-G\u0105sior J., Wdowiak A., Czop M., Iwanowicz-Palus G.: <em>Motherhood of women with uterine factor infertility.<\/em>&nbsp;Piel\u0119gniarstwo XXI w.&nbsp;2021 vol. 20 nr 2 s. 131-135.<\/li>\n\n\n\n<li>Bie\u0144 A., Rzo\u0144ca E., Grzesik-G\u0105sior J., Pieczykolan A., Humeniuk E., Michalak M., &nbsp;Iwanowicz-Palus G., Wdowiak A.: <em>Determinants of psychosocial resilience resources in obese pregnant women with threatened preterm labor-a cross-sectional study.<\/em>&nbsp;&nbsp;Int. J. Environ. Res. Public Health&nbsp;2021 vol. 18 nr 20 [art. nr] 10590, s. 1-11.<\/li>\n\n\n\n<li>Wi\u015bniewska-\u015alepaczuk K., Pieczykolan A., Grzesik-G\u0105sior J., Wdowiak A.: <em>A review of aesthetic gynecologic procedures for women<\/em>. Plast. Surg. Nurs.&nbsp;2021 vol. 41 nr 4 s. 191-202. <strong>Praca uzyska\u0142a II miejsce w 2022 Plastic and Aestetic Nursing (PAN) Journal Awards.<\/strong><\/li>\n\n\n\n<li>Grzesik-G\u0105sior J., Pieczykolan A., Wi\u015bniewska K., Psiuk I., Bie\u0144 A.:&nbsp; <em>Emotional disorders at women in perinatal period &#8211; division and diagnostics in the light of current guidelines<\/em>. J. Public Health Nurs. Med. Rescue&nbsp;2019 nr 4 s. 15-23.<\/li>\n\n\n\n<li>Bie\u0144 A., Rzo\u0144ca E., Grzesik-G\u0105sior J., Pieczykolan A., Wi\u015bniewska M.: <em>Jako\u015b\u0107 \u017cycia a przesz\u0142o\u015b\u0107 po\u0142o\u017cniczo-ginekologiczna kobiet w okresie klimakterium<\/em>. W: Medyczne aspekty zdrowia i choroby. Pod red. Zofii Sienkiewicz, Tomasza Kryczka, Mariusza Wysoki\u0144skiego, Wies\u0142awa Fideckiego Warszawa 2019, Warszawski Uniwersytet Medyczny, s. 94-102.<\/li>\n\n\n\n<li>Grzesik-G\u0105sior J., Pieczykolan A., Bie\u0144 A., Skurzak A.: <em>Przegl\u0105d metod diagnostyki obrazowej wykonywanych u kobiet w czasie laktacji. <\/em>W: Wsp\u00f3\u0142czesne wyzwania opieki piel\u0119gniarskiej. Cz. 1. Pod red. Wies\u0142awa Fideckiego, Zofii Sienkiewicz, Mariusza Wysoki\u0144skiego, Beaty Dziedzic Warszawa 2019, Warszawski Uniwersytet Medyczny, s. 183-193.<\/li>\n\n\n\n<li>Grzesik-G\u0105sior J., Pieczykolan A., Bie\u0144 A., Rzo\u0144ca E., Iwanowicz-Palus G., Kor\u017cy\u0144ska-Pi\u0119tas M.:<em> Przegl\u0105d metod diagnostyki obrazowej wykonywanych u kobiet ci\u0119\u017carnych<\/em>. W: Wsp\u00f3\u0142czesne wyzwania opieki piel\u0119gniarskiej. Cz. 1. Pod red. Wies\u0142awa Fideckiego, Zofii Sienkiewicz, Mariusza Wysoki\u0144skiego, Beaty Dziedzic Warszawa 2019, Warszawski Uniwersytet Medyczny, s. 172-182.<\/li>\n<\/ol>\n\n\n\n<p>Konferencje:<\/p>\n\n\n\n<ol class=\"wp-block-list\" type=\"1\">\n<li><strong>Og\u00f3lnopolska Konferencja Studencka \u201eWielowymiarowo\u015b\u0107 bada\u0144 studenckich w naukach o zdrowiu\u201d. Warszawa, 14 grudnia 2020.<\/strong><br>Temat wyst\u0105pienia: <em>Multidyscyplinarna opieka nad kobiet\u0105 z problemami uroginekologicznymi.<\/em><\/li>\n\n\n\n<li><strong>Og\u00f3lnopolska Konferencja Studencka \u201eWsp\u00f3\u0142czesne wyzwania zespo\u0142u terapeutycznego\u201d. Che\u0142m, 27 kwietnia 2022.<\/strong><em><br><\/em>Temat wyst\u0105pienia: <em>Wp\u0142yw uczestnictwa w szkole rodzenia na cz\u0119sto\u015b\u0107 wyst\u0119powania objaw\u00f3w depresji poporodowe.<\/em><\/li>\n\n\n\n<li><strong>International Conference Medical Simulation \u2013 Practical Applications and Technologies. <\/strong><strong>Pozna\u0144, 11\u201312 Marca 2022.<br><\/strong>Temat wyst\u0105pienia: <em>Wybrane sposoby okre\u015blenia walidacji narz\u0119dzi w symulacji w opiece zdrowotnej<\/em> (praca wyr\u00f3\u017cniona)<\/li>\n\n\n\n<li><strong>International Conference on Medical, Health and Life Sciences. Baku, 1-4 lipca 2022.<br><\/strong>Temat wyst\u0105pienia: <em>Locus of health control and body-esteem at pregnant women.<br><\/em>Temat wyst\u0105pienia: <em>Content of selected heavy metals in the cord blood and demographic and medical data of mothers and newborns.<\/em><\/li>\n\n\n\n<li><strong>International Conference on Midwifery and Neonatal Care, Paris, 17 listopada 2022.<br><\/strong>Temat wyst\u0105pienia: <em>Postpartum depression &#8211; also a male problem<\/em><\/li>\n<\/ol>\n","protected":false},"excerpt":{"rendered":"<p>Konferencje:<\/p>\n","protected":false},"author":27,"featured_media":0,"parent":9254,"menu_order":0,"comment_status":"closed","ping_status":"closed","template":"","meta":{"ngg_post_thumbnail":0,"footnotes":""},"class_list":["post-9259","page","type-page","status-publish","hentry"],"yoast_head":"<!-- This site is optimized with the Yoast SEO Premium plugin v27.4 (Yoast SEO v27.4) - https:\/\/yoast.com\/product\/yoast-seo-premium-wordpress\/ -->\n<title>dr Joanna Grzesik-G\u0105sior - Najwa\u017cniejsze publikacje - Pracownicy PANS w Kro\u015bnie<\/title>\n<meta name=\"robots\" content=\"index, follow, max-snippet:-1, max-image-preview:large, max-video-preview:-1\" \/>\n<link rel=\"canonical\" href=\"https:\/\/pans.krosno.pl\/pracownicy\/joanna-grzesik-gasior\/joanna-grzesik-gasior-najwazniejsze-publikacje\/\" \/>\n<meta property=\"og:locale\" content=\"pl_PL\" \/>\n<meta property=\"og:type\" content=\"article\" \/>\n<meta property=\"og:title\" content=\"dr Joanna Grzesik-G\u0105sior - Najwa\u017cniejsze publikacje\" \/>\n<meta property=\"og:description\" content=\"Konferencje:\" \/>\n<meta property=\"og:url\" content=\"https:\/\/pans.krosno.pl\/pracownicy\/joanna-grzesik-gasior\/joanna-grzesik-gasior-najwazniejsze-publikacje\/\" \/>\n<meta property=\"og:site_name\" content=\"Pracownicy PANS w Kro\u015bnie\" \/>\n<meta property=\"article:modified_time\" content=\"2025-05-14T12:09:32+00:00\" \/>\n<meta name=\"twitter:card\" content=\"summary_large_image\" \/>\n<meta name=\"twitter:label1\" content=\"Szacowany czas czytania\" \/>\n\t<meta name=\"twitter:data1\" content=\"3 minuty\" \/>\n<script type=\"application\/ld+json\" class=\"yoast-schema-graph\">{\"@context\":\"https:\\\/\\\/schema.org\",\"@graph\":[{\"@type\":\"WebPage\",\"@id\":\"https:\\\/\\\/pans.krosno.pl\\\/pracownicy\\\/joanna-grzesik-gasior\\\/joanna-grzesik-gasior-najwazniejsze-publikacje\\\/\",\"url\":\"https:\\\/\\\/pans.krosno.pl\\\/pracownicy\\\/joanna-grzesik-gasior\\\/joanna-grzesik-gasior-najwazniejsze-publikacje\\\/\",\"name\":\"dr Joanna Grzesik-G\u0105sior - Najwa\u017cniejsze publikacje - Pracownicy PANS w Kro\u015bnie\",\"isPartOf\":{\"@id\":\"https:\\\/\\\/pans.krosno.pl\\\/pracownicy\\\/#website\"},\"datePublished\":\"2022-12-30T07:59:33+00:00\",\"dateModified\":\"2025-05-14T12:09:32+00:00\",\"breadcrumb\":{\"@id\":\"https:\\\/\\\/pans.krosno.pl\\\/pracownicy\\\/joanna-grzesik-gasior\\\/joanna-grzesik-gasior-najwazniejsze-publikacje\\\/#breadcrumb\"},\"inLanguage\":\"pl-PL\",\"potentialAction\":[{\"@type\":\"ReadAction\",\"target\":[\"https:\\\/\\\/pans.krosno.pl\\\/pracownicy\\\/joanna-grzesik-gasior\\\/joanna-grzesik-gasior-najwazniejsze-publikacje\\\/\"]}]},{\"@type\":\"BreadcrumbList\",\"@id\":\"https:\\\/\\\/pans.krosno.pl\\\/pracownicy\\\/joanna-grzesik-gasior\\\/joanna-grzesik-gasior-najwazniejsze-publikacje\\\/#breadcrumb\",\"itemListElement\":[{\"@type\":\"ListItem\",\"position\":1,\"name\":\"Strona g\u0142\u00f3wna\",\"item\":\"https:\\\/\\\/pans.krosno.pl\\\/pracownicy\\\/\"},{\"@type\":\"ListItem\",\"position\":2,\"name\":\"dr Joanna Grzesik-G\u0105sior\",\"item\":\"https:\\\/\\\/pans.krosno.pl\\\/pracownicy\\\/joanna-grzesik-gasior\\\/\"},{\"@type\":\"ListItem\",\"position\":3,\"name\":\"dr Joanna Grzesik-G\u0105sior &#8211; Najwa\u017cniejsze publikacje\"}]},{\"@type\":\"WebSite\",\"@id\":\"https:\\\/\\\/pans.krosno.pl\\\/pracownicy\\\/#website\",\"url\":\"https:\\\/\\\/pans.krosno.pl\\\/pracownicy\\\/\",\"name\":\"Pracownicy PANS w Kro\u015bnie\",\"description\":\"Pracownicy - Pa\u0144stwowa Akademia Nauk Stosowanych\",\"publisher\":{\"@id\":\"https:\\\/\\\/pans.krosno.pl\\\/pracownicy\\\/#organization\"},\"potentialAction\":[{\"@type\":\"SearchAction\",\"target\":{\"@type\":\"EntryPoint\",\"urlTemplate\":\"https:\\\/\\\/pans.krosno.pl\\\/pracownicy\\\/?s={search_term_string}\"},\"query-input\":{\"@type\":\"PropertyValueSpecification\",\"valueRequired\":true,\"valueName\":\"search_term_string\"}}],\"inLanguage\":\"pl-PL\"},{\"@type\":\"Organization\",\"@id\":\"https:\\\/\\\/pans.krosno.pl\\\/pracownicy\\\/#organization\",\"name\":\"Pracownicy PANS w Kro\u015bnie\",\"url\":\"https:\\\/\\\/pans.krosno.pl\\\/pracownicy\\\/\",\"logo\":{\"@type\":\"ImageObject\",\"inLanguage\":\"pl-PL\",\"@id\":\"https:\\\/\\\/pans.krosno.pl\\\/pracownicy\\\/#\\\/schema\\\/logo\\\/image\\\/\",\"url\":\"https:\\\/\\\/pans.krosno.pl\\\/pracownicy\\\/wp-content\\\/uploads\\\/sites\\\/41\\\/2023\\\/01\\\/Logo-PANS-2022-pelne.png\",\"contentUrl\":\"https:\\\/\\\/pans.krosno.pl\\\/pracownicy\\\/wp-content\\\/uploads\\\/sites\\\/41\\\/2023\\\/01\\\/Logo-PANS-2022-pelne.png\",\"width\":3096,\"height\":696,\"caption\":\"Pracownicy PANS w Kro\u015bnie\"},\"image\":{\"@id\":\"https:\\\/\\\/pans.krosno.pl\\\/pracownicy\\\/#\\\/schema\\\/logo\\\/image\\\/\"}}]}<\/script>\n<!-- \/ Yoast SEO Premium plugin. -->","yoast_head_json":{"title":"dr Joanna Grzesik-G\u0105sior - Najwa\u017cniejsze publikacje - Pracownicy PANS w Kro\u015bnie","robots":{"index":"index","follow":"follow","max-snippet":"max-snippet:-1","max-image-preview":"max-image-preview:large","max-video-preview":"max-video-preview:-1"},"canonical":"https:\/\/pans.krosno.pl\/pracownicy\/joanna-grzesik-gasior\/joanna-grzesik-gasior-najwazniejsze-publikacje\/","og_locale":"pl_PL","og_type":"article","og_title":"dr Joanna Grzesik-G\u0105sior - Najwa\u017cniejsze publikacje","og_description":"Konferencje:","og_url":"https:\/\/pans.krosno.pl\/pracownicy\/joanna-grzesik-gasior\/joanna-grzesik-gasior-najwazniejsze-publikacje\/","og_site_name":"Pracownicy PANS w Kro\u015bnie","article_modified_time":"2025-05-14T12:09:32+00:00","twitter_card":"summary_large_image","twitter_misc":{"Szacowany czas czytania":"3 minuty"},"schema":{"@context":"https:\/\/schema.org","@graph":[{"@type":"WebPage","@id":"https:\/\/pans.krosno.pl\/pracownicy\/joanna-grzesik-gasior\/joanna-grzesik-gasior-najwazniejsze-publikacje\/","url":"https:\/\/pans.krosno.pl\/pracownicy\/joanna-grzesik-gasior\/joanna-grzesik-gasior-najwazniejsze-publikacje\/","name":"dr Joanna Grzesik-G\u0105sior - Najwa\u017cniejsze publikacje - Pracownicy PANS w Kro\u015bnie","isPartOf":{"@id":"https:\/\/pans.krosno.pl\/pracownicy\/#website"},"datePublished":"2022-12-30T07:59:33+00:00","dateModified":"2025-05-14T12:09:32+00:00","breadcrumb":{"@id":"https:\/\/pans.krosno.pl\/pracownicy\/joanna-grzesik-gasior\/joanna-grzesik-gasior-najwazniejsze-publikacje\/#breadcrumb"},"inLanguage":"pl-PL","potentialAction":[{"@type":"ReadAction","target":["https:\/\/pans.krosno.pl\/pracownicy\/joanna-grzesik-gasior\/joanna-grzesik-gasior-najwazniejsze-publikacje\/"]}]},{"@type":"BreadcrumbList","@id":"https:\/\/pans.krosno.pl\/pracownicy\/joanna-grzesik-gasior\/joanna-grzesik-gasior-najwazniejsze-publikacje\/#breadcrumb","itemListElement":[{"@type":"ListItem","position":1,"name":"Strona g\u0142\u00f3wna","item":"https:\/\/pans.krosno.pl\/pracownicy\/"},{"@type":"ListItem","position":2,"name":"dr Joanna Grzesik-G\u0105sior","item":"https:\/\/pans.krosno.pl\/pracownicy\/joanna-grzesik-gasior\/"},{"@type":"ListItem","position":3,"name":"dr Joanna Grzesik-G\u0105sior &#8211; Najwa\u017cniejsze publikacje"}]},{"@type":"WebSite","@id":"https:\/\/pans.krosno.pl\/pracownicy\/#website","url":"https:\/\/pans.krosno.pl\/pracownicy\/","name":"Pracownicy PANS w Kro\u015bnie","description":"Pracownicy - Pa\u0144stwowa Akademia Nauk Stosowanych","publisher":{"@id":"https:\/\/pans.krosno.pl\/pracownicy\/#organization"},"potentialAction":[{"@type":"SearchAction","target":{"@type":"EntryPoint","urlTemplate":"https:\/\/pans.krosno.pl\/pracownicy\/?s={search_term_string}"},"query-input":{"@type":"PropertyValueSpecification","valueRequired":true,"valueName":"search_term_string"}}],"inLanguage":"pl-PL"},{"@type":"Organization","@id":"https:\/\/pans.krosno.pl\/pracownicy\/#organization","name":"Pracownicy PANS w Kro\u015bnie","url":"https:\/\/pans.krosno.pl\/pracownicy\/","logo":{"@type":"ImageObject","inLanguage":"pl-PL","@id":"https:\/\/pans.krosno.pl\/pracownicy\/#\/schema\/logo\/image\/","url":"https:\/\/pans.krosno.pl\/pracownicy\/wp-content\/uploads\/sites\/41\/2023\/01\/Logo-PANS-2022-pelne.png","contentUrl":"https:\/\/pans.krosno.pl\/pracownicy\/wp-content\/uploads\/sites\/41\/2023\/01\/Logo-PANS-2022-pelne.png","width":3096,"height":696,"caption":"Pracownicy PANS w Kro\u015bnie"},"image":{"@id":"https:\/\/pans.krosno.pl\/pracownicy\/#\/schema\/logo\/image\/"}}]}},"_links":{"self":[{"href":"https:\/\/pans.krosno.pl\/pracownicy\/wp-json\/wp\/v2\/pages\/9259","targetHints":{"allow":["GET"]}}],"collection":[{"href":"https:\/\/pans.krosno.pl\/pracownicy\/wp-json\/wp\/v2\/pages"}],"about":[{"href":"https:\/\/pans.krosno.pl\/pracownicy\/wp-json\/wp\/v2\/types\/page"}],"author":[{"embeddable":true,"href":"https:\/\/pans.krosno.pl\/pracownicy\/wp-json\/wp\/v2\/users\/27"}],"replies":[{"embeddable":true,"href":"https:\/\/pans.krosno.pl\/pracownicy\/wp-json\/wp\/v2\/comments?post=9259"}],"version-history":[{"count":2,"href":"https:\/\/pans.krosno.pl\/pracownicy\/wp-json\/wp\/v2\/pages\/9259\/revisions"}],"predecessor-version":[{"id":10307,"href":"https:\/\/pans.krosno.pl\/pracownicy\/wp-json\/wp\/v2\/pages\/9259\/revisions\/10307"}],"up":[{"embeddable":true,"href":"https:\/\/pans.krosno.pl\/pracownicy\/wp-json\/wp\/v2\/pages\/9254"}],"wp:attachment":[{"href":"https:\/\/pans.krosno.pl\/pracownicy\/wp-json\/wp\/v2\/media?parent=9259"}],"curies":[{"name":"wp","href":"https:\/\/api.w.org\/{rel}","templated":true}]}}