{"id":9254,"date":"2022-12-30T09:03:40","date_gmt":"2022-12-30T08:03:40","guid":{"rendered":"https:\/\/pans.krosno.pl\/pracownicy\/?page_id=9254"},"modified":"2025-05-14T14:10:04","modified_gmt":"2025-05-14T12:10:04","slug":"joanna-grzesik-gasior","status":"publish","type":"page","link":"https:\/\/pans.krosno.pl\/pracownicy\/joanna-grzesik-gasior\/","title":{"rendered":"dr Joanna Grzesik-G\u0105sior"},"content":{"rendered":"\n<h3 class=\"wp-block-heading\" id=\"h-zaklad-poloznictwa\"><strong><strong>Zak\u0142ad Po\u0142o\u017cnictwa<\/strong><\/strong><\/h3>\n\n\n\n<hr class=\"wp-block-separator has-css-opacity\" \/>\n\n\n<p>Wyk\u0142adowca w Pa\u0144stwowej Akademii Nauk Stosowanych w Kro\u015bnie, prowadzi zaj\u0119cia dydaktyczne na kierunku Po\u0142o\u017cnictwo z przedmiot\u00f3w Podstawy Opieki Po\u0142o\u017cniczej, Techniki Po\u0142o\u017cnicze i Prowadzenie Porodu, Po\u0142o\u017cnictwo i Opieka Po\u0142o\u017cnicza. Prowadzi tak\u017ce zaj\u0119cia praktyczne na kierunku Piel\u0119gniarstwo z przedmiotu Po\u0142o\u017cnictwo, Ginekologia i piel\u0119gniarstwo ginekologiczno-po\u0142o\u017cnicze. Od 2021 r. kierownik Zak\u0142adu Po\u0142o\u017cnictwa.<\/p>\n\n\n<hr class=\"wp-block-separator has-css-opacity\" \/>\n\n\n\n<div class=\"wp-block-columns is-layout-flex wp-container-core-columns-is-layout-28f84493 wp-block-columns-is-layout-flex\">\n<div class=\"wp-block-column is-layout-flow wp-block-column-is-layout-flow\" style=\"flex-basis:22%\">\n<p><\/p>\n<\/div>\n\n\n\n<div class=\"wp-block-column is-layout-flow wp-block-column-is-layout-flow\" style=\"flex-basis:78%\">\n<ul class=\"wp-block-list\">\n<li><a href=\"https:\/\/pans.krosno.pl\/pracownicy\/joanna-grzesik-gasior\/joanna-grzesik-gasior-zyciorys-naukowy\/\">\u017byciorys naukowy <\/a><\/li>\n\n\n\n<li><a href=\"https:\/\/pans.krosno.pl\/pracownicy\/joanna-grzesik-gasior\/joanna-grzesik-gasior-doswiadczenie-pozauczelniane\/\">Do\u015bwiadczenie pozauczelniane<\/a><\/li>\n\n\n\n<li><a href=\"https:\/\/pans.krosno.pl\/pracownicy\/joanna-grzesik-gasior\/joanna-grzesik-gasior-najwazniejsze-publikacje\/\">Najwa\u017cniejsze publikacje<\/a><\/li>\n\n\n\n<li><a href=\"https:\/\/pans.krosno.pl\/pracownicy\/joanna-grzesik-gasior\/joanna-grzesik-gasior-najwazniejsze-nagrody-i-wyroznienia\/\">Najwa\u017cniejsze nagrody i wyr\u00f3\u017cnienia<\/a><\/li>\n<\/ul>\n\n\n\n<hr class=\"wp-block-separator has-css-opacity\" \/>\n\n\n\n<figure class=\"wp-block-table aligncenter is-style-stripes\"><table><tbody><tr><td class=\"has-text-align-left\" data-align=\"left\">Telefon: 13 43 755 50<\/td><\/tr><tr><td class=\"has-text-align-left\" data-align=\"left\">E-mail: <a href=\"mailto:joanna.grzesik-gasior@pans.krosno.pl\">joanna.grzesik-gasior@pans.krosno.pl<\/a><\/td><\/tr><tr><td class=\"has-text-align-left\" data-align=\"left\">Konsultacje: <a href=\"https:\/\/pans.krosno.pl\/poloznictwo\/dyzury-pracownikow\/\">Dy\u017cur pracownika<\/a><\/td><\/tr><\/tbody><\/table><\/figure>\n<\/div>\n<\/div>\n\n\n\n<hr class=\"wp-block-separator has-css-opacity\" \/>\n\n\n\n<p><\/p>\n\n\n\n<p><\/p>\n\n\n\n<p><\/p>\n\n\n\n<p><\/p>\n\n\n\n<p><\/p>\n\n\n\n<p><\/p>\n\n\n\n<p><\/p>\n\n\n\n<p><\/p>\n\n\n\n<p><\/p>\n","protected":false},"excerpt":{"rendered":"<p>Zak\u0142ad Po\u0142o\u017cnictwa Wyk\u0142adowca w Pa\u0144stwowej Akademii Nauk Stosowanych w Kro\u015bnie, prowadzi zaj\u0119cia dydaktyczne na kierunku Po\u0142o\u017cnictwo z przedmiot\u00f3w Podstawy Opieki Po\u0142o\u017cniczej, Techniki Po\u0142o\u017cnicze i Prowadzenie Porodu, Po\u0142o\u017cnictwo i Opieka Po\u0142o\u017cnicza. Prowadzi tak\u017ce zaj\u0119cia praktyczne na kierunku Piel\u0119gniarstwo z przedmiotu Po\u0142o\u017cnictwo, Ginekologia i piel\u0119gniarstwo ginekologiczno-po\u0142o\u017cnicze. Od 2021 r. kierownik Zak\u0142adu Po\u0142o\u017cnictwa. [\u2026] <\/p>\n<div class=\"clear\"><\/div>\n<p><a class=\"more_link clearfix\" href=\"https:\/\/pans.krosno.pl\/pracownicy\/joanna-grzesik-gasior\/\" rel=\"nofollow\">Read More<\/a><\/p>\n","protected":false},"author":27,"featured_media":0,"parent":0,"menu_order":0,"comment_status":"closed","ping_status":"closed","template":"","meta":{"ngg_post_thumbnail":0,"footnotes":""},"class_list":["post-9254","page","type-page","status-publish","hentry"],"yoast_head":"<!-- This site is optimized with the Yoast SEO Premium plugin v27.4 (Yoast SEO v27.4) - https:\/\/yoast.com\/product\/yoast-seo-premium-wordpress\/ -->\n<title>dr Joanna Grzesik-G\u0105sior - Pracownicy PANS w Kro\u015bnie<\/title>\n<meta name=\"robots\" content=\"index, follow, max-snippet:-1, max-image-preview:large, max-video-preview:-1\" \/>\n<link rel=\"canonical\" href=\"https:\/\/pans.krosno.pl\/pracownicy\/joanna-grzesik-gasior\/\" \/>\n<meta property=\"og:locale\" content=\"pl_PL\" \/>\n<meta property=\"og:type\" content=\"article\" \/>\n<meta property=\"og:title\" content=\"dr Joanna Grzesik-G\u0105sior\" \/>\n<meta property=\"og:description\" content=\"Zak\u0142ad Po\u0142o\u017cnictwa Wyk\u0142adowca w Pa\u0144stwowej Akademii Nauk Stosowanych w Kro\u015bnie, prowadzi zaj\u0119cia dydaktyczne na kierunku Po\u0142o\u017cnictwo z przedmiot\u00f3w Podstawy Opieki Po\u0142o\u017cniczej, Techniki Po\u0142o\u017cnicze i Prowadzenie Porodu, Po\u0142o\u017cnictwo i Opieka Po\u0142o\u017cnicza. Prowadzi tak\u017ce zaj\u0119cia praktyczne na kierunku Piel\u0119gniarstwo z przedmiotu Po\u0142o\u017cnictwo, Ginekologia i piel\u0119gniarstwo ginekologiczno-po\u0142o\u017cnicze. Od 2021 r. kierownik Zak\u0142adu Po\u0142o\u017cnictwa. [\u2026] Read More\" \/>\n<meta property=\"og:url\" content=\"https:\/\/pans.krosno.pl\/pracownicy\/joanna-grzesik-gasior\/\" \/>\n<meta property=\"og:site_name\" content=\"Pracownicy PANS w Kro\u015bnie\" \/>\n<meta property=\"article:modified_time\" content=\"2025-05-14T12:10:04+00:00\" \/>\n<meta name=\"twitter:card\" content=\"summary_large_image\" \/>\n<meta name=\"twitter:label1\" content=\"Szacowany czas czytania\" \/>\n\t<meta name=\"twitter:data1\" content=\"1 minuta\" \/>\n<script type=\"application\/ld+json\" class=\"yoast-schema-graph\">{\"@context\":\"https:\\\/\\\/schema.org\",\"@graph\":[{\"@type\":\"WebPage\",\"@id\":\"https:\\\/\\\/pans.krosno.pl\\\/pracownicy\\\/joanna-grzesik-gasior\\\/\",\"url\":\"https:\\\/\\\/pans.krosno.pl\\\/pracownicy\\\/joanna-grzesik-gasior\\\/\",\"name\":\"dr Joanna Grzesik-G\u0105sior - Pracownicy PANS w Kro\u015bnie\",\"isPartOf\":{\"@id\":\"https:\\\/\\\/pans.krosno.pl\\\/pracownicy\\\/#website\"},\"datePublished\":\"2022-12-30T08:03:40+00:00\",\"dateModified\":\"2025-05-14T12:10:04+00:00\",\"breadcrumb\":{\"@id\":\"https:\\\/\\\/pans.krosno.pl\\\/pracownicy\\\/joanna-grzesik-gasior\\\/#breadcrumb\"},\"inLanguage\":\"pl-PL\",\"potentialAction\":[{\"@type\":\"ReadAction\",\"target\":[\"https:\\\/\\\/pans.krosno.pl\\\/pracownicy\\\/joanna-grzesik-gasior\\\/\"]}]},{\"@type\":\"BreadcrumbList\",\"@id\":\"https:\\\/\\\/pans.krosno.pl\\\/pracownicy\\\/joanna-grzesik-gasior\\\/#breadcrumb\",\"itemListElement\":[{\"@type\":\"ListItem\",\"position\":1,\"name\":\"Strona g\u0142\u00f3wna\",\"item\":\"https:\\\/\\\/pans.krosno.pl\\\/pracownicy\\\/\"},{\"@type\":\"ListItem\",\"position\":2,\"name\":\"dr Joanna Grzesik-G\u0105sior\"}]},{\"@type\":\"WebSite\",\"@id\":\"https:\\\/\\\/pans.krosno.pl\\\/pracownicy\\\/#website\",\"url\":\"https:\\\/\\\/pans.krosno.pl\\\/pracownicy\\\/\",\"name\":\"Pracownicy PANS w Kro\u015bnie\",\"description\":\"Pracownicy - Pa\u0144stwowa Akademia Nauk Stosowanych\",\"publisher\":{\"@id\":\"https:\\\/\\\/pans.krosno.pl\\\/pracownicy\\\/#organization\"},\"potentialAction\":[{\"@type\":\"SearchAction\",\"target\":{\"@type\":\"EntryPoint\",\"urlTemplate\":\"https:\\\/\\\/pans.krosno.pl\\\/pracownicy\\\/?s={search_term_string}\"},\"query-input\":{\"@type\":\"PropertyValueSpecification\",\"valueRequired\":true,\"valueName\":\"search_term_string\"}}],\"inLanguage\":\"pl-PL\"},{\"@type\":\"Organization\",\"@id\":\"https:\\\/\\\/pans.krosno.pl\\\/pracownicy\\\/#organization\",\"name\":\"Pracownicy PANS w Kro\u015bnie\",\"url\":\"https:\\\/\\\/pans.krosno.pl\\\/pracownicy\\\/\",\"logo\":{\"@type\":\"ImageObject\",\"inLanguage\":\"pl-PL\",\"@id\":\"https:\\\/\\\/pans.krosno.pl\\\/pracownicy\\\/#\\\/schema\\\/logo\\\/image\\\/\",\"url\":\"https:\\\/\\\/pans.krosno.pl\\\/pracownicy\\\/wp-content\\\/uploads\\\/sites\\\/41\\\/2023\\\/01\\\/Logo-PANS-2022-pelne.png\",\"contentUrl\":\"https:\\\/\\\/pans.krosno.pl\\\/pracownicy\\\/wp-content\\\/uploads\\\/sites\\\/41\\\/2023\\\/01\\\/Logo-PANS-2022-pelne.png\",\"width\":3096,\"height\":696,\"caption\":\"Pracownicy PANS w Kro\u015bnie\"},\"image\":{\"@id\":\"https:\\\/\\\/pans.krosno.pl\\\/pracownicy\\\/#\\\/schema\\\/logo\\\/image\\\/\"}}]}<\/script>\n<!-- \/ Yoast SEO Premium plugin. -->","yoast_head_json":{"title":"dr Joanna Grzesik-G\u0105sior - Pracownicy PANS w Kro\u015bnie","robots":{"index":"index","follow":"follow","max-snippet":"max-snippet:-1","max-image-preview":"max-image-preview:large","max-video-preview":"max-video-preview:-1"},"canonical":"https:\/\/pans.krosno.pl\/pracownicy\/joanna-grzesik-gasior\/","og_locale":"pl_PL","og_type":"article","og_title":"dr Joanna Grzesik-G\u0105sior","og_description":"Zak\u0142ad Po\u0142o\u017cnictwa Wyk\u0142adowca w Pa\u0144stwowej Akademii Nauk Stosowanych w Kro\u015bnie, prowadzi zaj\u0119cia dydaktyczne na kierunku Po\u0142o\u017cnictwo z przedmiot\u00f3w Podstawy Opieki Po\u0142o\u017cniczej, Techniki Po\u0142o\u017cnicze i Prowadzenie Porodu, Po\u0142o\u017cnictwo i Opieka Po\u0142o\u017cnicza. Prowadzi tak\u017ce zaj\u0119cia praktyczne na kierunku Piel\u0119gniarstwo z przedmiotu Po\u0142o\u017cnictwo, Ginekologia i piel\u0119gniarstwo ginekologiczno-po\u0142o\u017cnicze. Od 2021 r. kierownik Zak\u0142adu Po\u0142o\u017cnictwa. [\u2026] Read More","og_url":"https:\/\/pans.krosno.pl\/pracownicy\/joanna-grzesik-gasior\/","og_site_name":"Pracownicy PANS w Kro\u015bnie","article_modified_time":"2025-05-14T12:10:04+00:00","twitter_card":"summary_large_image","twitter_misc":{"Szacowany czas czytania":"1 minuta"},"schema":{"@context":"https:\/\/schema.org","@graph":[{"@type":"WebPage","@id":"https:\/\/pans.krosno.pl\/pracownicy\/joanna-grzesik-gasior\/","url":"https:\/\/pans.krosno.pl\/pracownicy\/joanna-grzesik-gasior\/","name":"dr Joanna Grzesik-G\u0105sior - Pracownicy PANS w Kro\u015bnie","isPartOf":{"@id":"https:\/\/pans.krosno.pl\/pracownicy\/#website"},"datePublished":"2022-12-30T08:03:40+00:00","dateModified":"2025-05-14T12:10:04+00:00","breadcrumb":{"@id":"https:\/\/pans.krosno.pl\/pracownicy\/joanna-grzesik-gasior\/#breadcrumb"},"inLanguage":"pl-PL","potentialAction":[{"@type":"ReadAction","target":["https:\/\/pans.krosno.pl\/pracownicy\/joanna-grzesik-gasior\/"]}]},{"@type":"BreadcrumbList","@id":"https:\/\/pans.krosno.pl\/pracownicy\/joanna-grzesik-gasior\/#breadcrumb","itemListElement":[{"@type":"ListItem","position":1,"name":"Strona g\u0142\u00f3wna","item":"https:\/\/pans.krosno.pl\/pracownicy\/"},{"@type":"ListItem","position":2,"name":"dr Joanna Grzesik-G\u0105sior"}]},{"@type":"WebSite","@id":"https:\/\/pans.krosno.pl\/pracownicy\/#website","url":"https:\/\/pans.krosno.pl\/pracownicy\/","name":"Pracownicy PANS w Kro\u015bnie","description":"Pracownicy - Pa\u0144stwowa Akademia Nauk Stosowanych","publisher":{"@id":"https:\/\/pans.krosno.pl\/pracownicy\/#organization"},"potentialAction":[{"@type":"SearchAction","target":{"@type":"EntryPoint","urlTemplate":"https:\/\/pans.krosno.pl\/pracownicy\/?s={search_term_string}"},"query-input":{"@type":"PropertyValueSpecification","valueRequired":true,"valueName":"search_term_string"}}],"inLanguage":"pl-PL"},{"@type":"Organization","@id":"https:\/\/pans.krosno.pl\/pracownicy\/#organization","name":"Pracownicy PANS w Kro\u015bnie","url":"https:\/\/pans.krosno.pl\/pracownicy\/","logo":{"@type":"ImageObject","inLanguage":"pl-PL","@id":"https:\/\/pans.krosno.pl\/pracownicy\/#\/schema\/logo\/image\/","url":"https:\/\/pans.krosno.pl\/pracownicy\/wp-content\/uploads\/sites\/41\/2023\/01\/Logo-PANS-2022-pelne.png","contentUrl":"https:\/\/pans.krosno.pl\/pracownicy\/wp-content\/uploads\/sites\/41\/2023\/01\/Logo-PANS-2022-pelne.png","width":3096,"height":696,"caption":"Pracownicy PANS w Kro\u015bnie"},"image":{"@id":"https:\/\/pans.krosno.pl\/pracownicy\/#\/schema\/logo\/image\/"}}]}},"_links":{"self":[{"href":"https:\/\/pans.krosno.pl\/pracownicy\/wp-json\/wp\/v2\/pages\/9254","targetHints":{"allow":["GET"]}}],"collection":[{"href":"https:\/\/pans.krosno.pl\/pracownicy\/wp-json\/wp\/v2\/pages"}],"about":[{"href":"https:\/\/pans.krosno.pl\/pracownicy\/wp-json\/wp\/v2\/types\/page"}],"author":[{"embeddable":true,"href":"https:\/\/pans.krosno.pl\/pracownicy\/wp-json\/wp\/v2\/users\/27"}],"replies":[{"embeddable":true,"href":"https:\/\/pans.krosno.pl\/pracownicy\/wp-json\/wp\/v2\/comments?post=9254"}],"version-history":[{"count":6,"href":"https:\/\/pans.krosno.pl\/pracownicy\/wp-json\/wp\/v2\/pages\/9254\/revisions"}],"predecessor-version":[{"id":10449,"href":"https:\/\/pans.krosno.pl\/pracownicy\/wp-json\/wp\/v2\/pages\/9254\/revisions\/10449"}],"wp:attachment":[{"href":"https:\/\/pans.krosno.pl\/pracownicy\/wp-json\/wp\/v2\/media?parent=9254"}],"curies":[{"name":"wp","href":"https:\/\/api.w.org\/{rel}","templated":true}]}}