{"id":9250,"date":"2022-11-17T12:17:30","date_gmt":"2022-11-17T11:17:30","guid":{"rendered":"https:\/\/pans.krosno.pl\/pracownicy\/?page_id=9250"},"modified":"2025-05-14T15:01:24","modified_gmt":"2025-05-14T13:01:24","slug":"dariusz-jaloza-najwazniejsze-publikacje","status":"publish","type":"page","link":"https:\/\/pans.krosno.pl\/pracownicy\/dariusz-jaloza\/dariusz-jaloza-najwazniejsze-publikacje\/","title":{"rendered":"dr n. farm. Dariusz Ja\u0142oza &#8211; Najwa\u017cniejsze publikacje"},"content":{"rendered":"\n<ol class=\"wp-block-list\" type=\"1\"><li>Fitoterapia stan\u00f3w zapalnych b\u0142ony \u015bluzowej jamy ustnej. (Phytotherapy of oral mucosa inflammation). DARIUSZ JA\u0141OZA, MAGDALENA KAMI\u0143SKA-JA\u0141OZA, Herbalism 2015, Tom 1, Nr 1, s. 76-83.<\/li><li>Ocena wirulencji i przynale\u017cno\u015bci filogenetycznej szczep\u00f3w Escherichia coli izolowanych z zaka\u017ce\u0144 uk\u0142adu moczowego u pacjent\u00f3w hospitalizowanych. (Evaluation of virulence of Escherichia coli strains isolated from urinary tract infections in hospitalized patients.) DARIUSZ JA\u0141OZA, MACIEJ MAJ, ANNA MALM. XXVII Zjazd Polskiego Towarzystwa Mikrobiolog\u00f3w &#8222;Drobnoustroje bez granic&#8221;. Lublin, 5-8 wrze\u015bnia 2012, &nbsp;P-IX-347.<\/li><li>Tworzenie biofilmu w warunkach in vitro przez szczepy bakterii izolowane z cewnik\u00f3w urologicznych. DARIUSZ JA\u0141OZA, MAREK JUDA, ANNA MALM, MAREK URBAN, KRZYSZTOF BAR.&nbsp; &nbsp;Konferencja Naukowa \u201eKreatywny Wsch\u00f3d \u2013 doktoranci dla nauki\u201d. Lublin, 20-22 maja 2011 r., s. 15.<\/li><li>Tworzenie biofilmu in vitro przez szczepy Eschierichia coli izolowane z zaka\u017ce\u0144 uk\u0142adu moczowego. (The biofilm formation in vitro of Eschierichia coli isolated from urinary tract infections.). DARIUSZ JA\u0141OZA, RENATA \u0141O\u015a, MAREK JUDA, KATARZYNA MATUSKA, KRZYSZTOF BAR, ANNA MALM, MAREK URBAN. Sepsis 2010, t. 3 z. 2, s. 148-149.<\/li><li>The qualitative and quantitative detection of biofilm formation in vitro on the biomaterials. &nbsp;&nbsp;&nbsp;&nbsp;&nbsp;&nbsp;&nbsp;&nbsp;&nbsp;&nbsp;&nbsp;(Jako\u015bciowa i ilo\u015bciowa ocena biofilmu wytworzonego na wybranych biomateria\u0142ach w warunkach in vitro). DARIUSZ JA\u0141OZA, MAREK JUDA, ANNA MALM, MAREK URBAN, KRZYSZTOF BAR.&nbsp;&nbsp;&nbsp;&nbsp;&nbsp;&nbsp;&nbsp;&nbsp;&nbsp;&nbsp;&nbsp; Sepsis 2009, t. 2 z. 3, s. 143-146.<\/li><li>EDTA as a potential agent preventing formation of Staphylococcus epidermidis biofilm on polichloride vinyl biomaterials. MAREK JUDA, DARIUSZ JA\u0141OZA, KATARZYNA PAPROTA, ANNA MALM, PAWE\u0141 RYBOJAD, KAZIMIERZ GO\u0179DZIUK. Ann. Agric. Environ. Med. 2008, vol. 15, nr 2, s. 237-241, poz. 29.<\/li><li>Ocena tworzenia biofilmu przez r\u00f3\u017cne drobnoustroje na wybranych biomateria\u0142ach. DARIUSZ JA\u0141OZA, MAREK JUDA, ANNA MALM. XI Sympozjum Naukowe &#8222;Post\u0119py w medycynie zaka\u017ce\u0144&#8221;. Warszawa, &nbsp;&nbsp;&nbsp;&nbsp;30 listopada \u2013 1 grudnia 2007, s. 69.<\/li><li>Dwusk\u0142adnikowe systemy regulacyjne. Wa\u017cny element \u017cycia kom\u00f3rek bakterii. DARIUSZ JA\u0141OZA. &nbsp;&nbsp;&nbsp;&nbsp;&nbsp;&nbsp;&nbsp;&nbsp;Alma Mater 2006 r., 16 nr 4, s. 196-199.<\/li><\/ol>\n","protected":false},"excerpt":{"rendered":"<p>Fitoterapia stan\u00f3w zapalnych b\u0142ony \u015bluzowej jamy ustnej. (Phytotherapy of oral mucosa inflammation). DARIUSZ JA\u0141OZA, MAGDALENA KAMI\u0143SKA-JA\u0141OZA, Herbalism 2015, Tom 1, Nr 1, s. 76-83. Ocena wirulencji i przynale\u017cno\u015bci filogenetycznej szczep\u00f3w Escherichia coli izolowanych z zaka\u017ce\u0144 uk\u0142adu moczowego u pacjent\u00f3w hospitalizowanych. (Evaluation of virulence of Escherichia coli strains isolated from urinary [\u2026] <\/p>\n<div class=\"clear\"><\/div>\n<p><a class=\"more_link clearfix\" href=\"https:\/\/pans.krosno.pl\/pracownicy\/dariusz-jaloza\/dariusz-jaloza-najwazniejsze-publikacje\/\" rel=\"nofollow\">Read More<\/a><\/p>\n","protected":false},"author":27,"featured_media":0,"parent":9245,"menu_order":0,"comment_status":"closed","ping_status":"closed","template":"page-templates\/template-full-width.php","meta":{"ngg_post_thumbnail":0,"footnotes":""},"class_list":["post-9250","page","type-page","status-publish","hentry"],"yoast_head":"<!-- This site is optimized with the Yoast SEO Premium plugin v27.3 (Yoast SEO v27.3) - https:\/\/yoast.com\/product\/yoast-seo-premium-wordpress\/ -->\n<title>dr n. farm. Dariusz Ja\u0142oza - Najwa\u017cniejsze publikacje - Pracownicy PANS w Kro\u015bnie<\/title>\n<meta name=\"robots\" content=\"index, follow, max-snippet:-1, max-image-preview:large, max-video-preview:-1\" \/>\n<link rel=\"canonical\" href=\"https:\/\/pans.krosno.pl\/pracownicy\/dariusz-jaloza\/dariusz-jaloza-najwazniejsze-publikacje\/\" \/>\n<meta property=\"og:locale\" content=\"pl_PL\" \/>\n<meta property=\"og:type\" content=\"article\" \/>\n<meta property=\"og:title\" content=\"dr n. farm. Dariusz Ja\u0142oza - Najwa\u017cniejsze publikacje\" \/>\n<meta property=\"og:description\" content=\"Fitoterapia stan\u00f3w zapalnych b\u0142ony \u015bluzowej jamy ustnej. (Phytotherapy of oral mucosa inflammation). DARIUSZ JA\u0141OZA, MAGDALENA KAMI\u0143SKA-JA\u0141OZA, Herbalism 2015, Tom 1, Nr 1, s. 76-83. Ocena wirulencji i przynale\u017cno\u015bci filogenetycznej szczep\u00f3w Escherichia coli izolowanych z zaka\u017ce\u0144 uk\u0142adu moczowego u pacjent\u00f3w hospitalizowanych. (Evaluation of virulence of Escherichia coli strains isolated from urinary [\u2026] Read More\" \/>\n<meta property=\"og:url\" content=\"https:\/\/pans.krosno.pl\/pracownicy\/dariusz-jaloza\/dariusz-jaloza-najwazniejsze-publikacje\/\" \/>\n<meta property=\"og:site_name\" content=\"Pracownicy PANS w Kro\u015bnie\" \/>\n<meta property=\"article:modified_time\" content=\"2025-05-14T13:01:24+00:00\" \/>\n<meta name=\"twitter:card\" content=\"summary_large_image\" \/>\n<meta name=\"twitter:label1\" content=\"Szacowany czas czytania\" \/>\n\t<meta name=\"twitter:data1\" content=\"2 minuty\" \/>\n<script type=\"application\/ld+json\" class=\"yoast-schema-graph\">{\"@context\":\"https:\\\/\\\/schema.org\",\"@graph\":[{\"@type\":\"WebPage\",\"@id\":\"https:\\\/\\\/pans.krosno.pl\\\/pracownicy\\\/dariusz-jaloza\\\/dariusz-jaloza-najwazniejsze-publikacje\\\/\",\"url\":\"https:\\\/\\\/pans.krosno.pl\\\/pracownicy\\\/dariusz-jaloza\\\/dariusz-jaloza-najwazniejsze-publikacje\\\/\",\"name\":\"dr n. farm. Dariusz Ja\u0142oza - Najwa\u017cniejsze publikacje - Pracownicy PANS w Kro\u015bnie\",\"isPartOf\":{\"@id\":\"https:\\\/\\\/pans.krosno.pl\\\/pracownicy\\\/#website\"},\"datePublished\":\"2022-11-17T11:17:30+00:00\",\"dateModified\":\"2025-05-14T13:01:24+00:00\",\"breadcrumb\":{\"@id\":\"https:\\\/\\\/pans.krosno.pl\\\/pracownicy\\\/dariusz-jaloza\\\/dariusz-jaloza-najwazniejsze-publikacje\\\/#breadcrumb\"},\"inLanguage\":\"pl-PL\",\"potentialAction\":[{\"@type\":\"ReadAction\",\"target\":[\"https:\\\/\\\/pans.krosno.pl\\\/pracownicy\\\/dariusz-jaloza\\\/dariusz-jaloza-najwazniejsze-publikacje\\\/\"]}]},{\"@type\":\"BreadcrumbList\",\"@id\":\"https:\\\/\\\/pans.krosno.pl\\\/pracownicy\\\/dariusz-jaloza\\\/dariusz-jaloza-najwazniejsze-publikacje\\\/#breadcrumb\",\"itemListElement\":[{\"@type\":\"ListItem\",\"position\":1,\"name\":\"Strona g\u0142\u00f3wna\",\"item\":\"https:\\\/\\\/pans.krosno.pl\\\/pracownicy\\\/\"},{\"@type\":\"ListItem\",\"position\":2,\"name\":\"dr n. farm. Dariusz Ja\u0142oza\",\"item\":\"https:\\\/\\\/pans.krosno.pl\\\/pracownicy\\\/dariusz-jaloza\\\/\"},{\"@type\":\"ListItem\",\"position\":3,\"name\":\"dr n. farm. Dariusz Ja\u0142oza &#8211; Najwa\u017cniejsze publikacje\"}]},{\"@type\":\"WebSite\",\"@id\":\"https:\\\/\\\/pans.krosno.pl\\\/pracownicy\\\/#website\",\"url\":\"https:\\\/\\\/pans.krosno.pl\\\/pracownicy\\\/\",\"name\":\"Pracownicy PANS w Kro\u015bnie\",\"description\":\"Pracownicy - Pa\u0144stwowa Akademia Nauk Stosowanych\",\"publisher\":{\"@id\":\"https:\\\/\\\/pans.krosno.pl\\\/pracownicy\\\/#organization\"},\"potentialAction\":[{\"@type\":\"SearchAction\",\"target\":{\"@type\":\"EntryPoint\",\"urlTemplate\":\"https:\\\/\\\/pans.krosno.pl\\\/pracownicy\\\/?s={search_term_string}\"},\"query-input\":{\"@type\":\"PropertyValueSpecification\",\"valueRequired\":true,\"valueName\":\"search_term_string\"}}],\"inLanguage\":\"pl-PL\"},{\"@type\":\"Organization\",\"@id\":\"https:\\\/\\\/pans.krosno.pl\\\/pracownicy\\\/#organization\",\"name\":\"Pracownicy PANS w Kro\u015bnie\",\"url\":\"https:\\\/\\\/pans.krosno.pl\\\/pracownicy\\\/\",\"logo\":{\"@type\":\"ImageObject\",\"inLanguage\":\"pl-PL\",\"@id\":\"https:\\\/\\\/pans.krosno.pl\\\/pracownicy\\\/#\\\/schema\\\/logo\\\/image\\\/\",\"url\":\"https:\\\/\\\/pans.krosno.pl\\\/pracownicy\\\/wp-content\\\/uploads\\\/sites\\\/41\\\/2023\\\/01\\\/Logo-PANS-2022-pelne.png\",\"contentUrl\":\"https:\\\/\\\/pans.krosno.pl\\\/pracownicy\\\/wp-content\\\/uploads\\\/sites\\\/41\\\/2023\\\/01\\\/Logo-PANS-2022-pelne.png\",\"width\":3096,\"height\":696,\"caption\":\"Pracownicy PANS w Kro\u015bnie\"},\"image\":{\"@id\":\"https:\\\/\\\/pans.krosno.pl\\\/pracownicy\\\/#\\\/schema\\\/logo\\\/image\\\/\"}}]}<\/script>\n<!-- \/ Yoast SEO Premium plugin. -->","yoast_head_json":{"title":"dr n. farm. Dariusz Ja\u0142oza - Najwa\u017cniejsze publikacje - Pracownicy PANS w Kro\u015bnie","robots":{"index":"index","follow":"follow","max-snippet":"max-snippet:-1","max-image-preview":"max-image-preview:large","max-video-preview":"max-video-preview:-1"},"canonical":"https:\/\/pans.krosno.pl\/pracownicy\/dariusz-jaloza\/dariusz-jaloza-najwazniejsze-publikacje\/","og_locale":"pl_PL","og_type":"article","og_title":"dr n. farm. Dariusz Ja\u0142oza - Najwa\u017cniejsze publikacje","og_description":"Fitoterapia stan\u00f3w zapalnych b\u0142ony \u015bluzowej jamy ustnej. (Phytotherapy of oral mucosa inflammation). DARIUSZ JA\u0141OZA, MAGDALENA KAMI\u0143SKA-JA\u0141OZA, Herbalism 2015, Tom 1, Nr 1, s. 76-83. Ocena wirulencji i przynale\u017cno\u015bci filogenetycznej szczep\u00f3w Escherichia coli izolowanych z zaka\u017ce\u0144 uk\u0142adu moczowego u pacjent\u00f3w hospitalizowanych. (Evaluation of virulence of Escherichia coli strains isolated from urinary [\u2026] Read More","og_url":"https:\/\/pans.krosno.pl\/pracownicy\/dariusz-jaloza\/dariusz-jaloza-najwazniejsze-publikacje\/","og_site_name":"Pracownicy PANS w Kro\u015bnie","article_modified_time":"2025-05-14T13:01:24+00:00","twitter_card":"summary_large_image","twitter_misc":{"Szacowany czas czytania":"2 minuty"},"schema":{"@context":"https:\/\/schema.org","@graph":[{"@type":"WebPage","@id":"https:\/\/pans.krosno.pl\/pracownicy\/dariusz-jaloza\/dariusz-jaloza-najwazniejsze-publikacje\/","url":"https:\/\/pans.krosno.pl\/pracownicy\/dariusz-jaloza\/dariusz-jaloza-najwazniejsze-publikacje\/","name":"dr n. farm. Dariusz Ja\u0142oza - Najwa\u017cniejsze publikacje - Pracownicy PANS w Kro\u015bnie","isPartOf":{"@id":"https:\/\/pans.krosno.pl\/pracownicy\/#website"},"datePublished":"2022-11-17T11:17:30+00:00","dateModified":"2025-05-14T13:01:24+00:00","breadcrumb":{"@id":"https:\/\/pans.krosno.pl\/pracownicy\/dariusz-jaloza\/dariusz-jaloza-najwazniejsze-publikacje\/#breadcrumb"},"inLanguage":"pl-PL","potentialAction":[{"@type":"ReadAction","target":["https:\/\/pans.krosno.pl\/pracownicy\/dariusz-jaloza\/dariusz-jaloza-najwazniejsze-publikacje\/"]}]},{"@type":"BreadcrumbList","@id":"https:\/\/pans.krosno.pl\/pracownicy\/dariusz-jaloza\/dariusz-jaloza-najwazniejsze-publikacje\/#breadcrumb","itemListElement":[{"@type":"ListItem","position":1,"name":"Strona g\u0142\u00f3wna","item":"https:\/\/pans.krosno.pl\/pracownicy\/"},{"@type":"ListItem","position":2,"name":"dr n. farm. Dariusz Ja\u0142oza","item":"https:\/\/pans.krosno.pl\/pracownicy\/dariusz-jaloza\/"},{"@type":"ListItem","position":3,"name":"dr n. farm. Dariusz Ja\u0142oza &#8211; Najwa\u017cniejsze publikacje"}]},{"@type":"WebSite","@id":"https:\/\/pans.krosno.pl\/pracownicy\/#website","url":"https:\/\/pans.krosno.pl\/pracownicy\/","name":"Pracownicy PANS w Kro\u015bnie","description":"Pracownicy - Pa\u0144stwowa Akademia Nauk Stosowanych","publisher":{"@id":"https:\/\/pans.krosno.pl\/pracownicy\/#organization"},"potentialAction":[{"@type":"SearchAction","target":{"@type":"EntryPoint","urlTemplate":"https:\/\/pans.krosno.pl\/pracownicy\/?s={search_term_string}"},"query-input":{"@type":"PropertyValueSpecification","valueRequired":true,"valueName":"search_term_string"}}],"inLanguage":"pl-PL"},{"@type":"Organization","@id":"https:\/\/pans.krosno.pl\/pracownicy\/#organization","name":"Pracownicy PANS w Kro\u015bnie","url":"https:\/\/pans.krosno.pl\/pracownicy\/","logo":{"@type":"ImageObject","inLanguage":"pl-PL","@id":"https:\/\/pans.krosno.pl\/pracownicy\/#\/schema\/logo\/image\/","url":"https:\/\/pans.krosno.pl\/pracownicy\/wp-content\/uploads\/sites\/41\/2023\/01\/Logo-PANS-2022-pelne.png","contentUrl":"https:\/\/pans.krosno.pl\/pracownicy\/wp-content\/uploads\/sites\/41\/2023\/01\/Logo-PANS-2022-pelne.png","width":3096,"height":696,"caption":"Pracownicy PANS w Kro\u015bnie"},"image":{"@id":"https:\/\/pans.krosno.pl\/pracownicy\/#\/schema\/logo\/image\/"}}]}},"_links":{"self":[{"href":"https:\/\/pans.krosno.pl\/pracownicy\/wp-json\/wp\/v2\/pages\/9250","targetHints":{"allow":["GET"]}}],"collection":[{"href":"https:\/\/pans.krosno.pl\/pracownicy\/wp-json\/wp\/v2\/pages"}],"about":[{"href":"https:\/\/pans.krosno.pl\/pracownicy\/wp-json\/wp\/v2\/types\/page"}],"author":[{"embeddable":true,"href":"https:\/\/pans.krosno.pl\/pracownicy\/wp-json\/wp\/v2\/users\/27"}],"replies":[{"embeddable":true,"href":"https:\/\/pans.krosno.pl\/pracownicy\/wp-json\/wp\/v2\/comments?post=9250"}],"version-history":[{"count":1,"href":"https:\/\/pans.krosno.pl\/pracownicy\/wp-json\/wp\/v2\/pages\/9250\/revisions"}],"predecessor-version":[{"id":9251,"href":"https:\/\/pans.krosno.pl\/pracownicy\/wp-json\/wp\/v2\/pages\/9250\/revisions\/9251"}],"up":[{"embeddable":true,"href":"https:\/\/pans.krosno.pl\/pracownicy\/wp-json\/wp\/v2\/pages\/9245"}],"wp:attachment":[{"href":"https:\/\/pans.krosno.pl\/pracownicy\/wp-json\/wp\/v2\/media?parent=9250"}],"curies":[{"name":"wp","href":"https:\/\/api.w.org\/{rel}","templated":true}]}}