{"id":917,"date":"2020-04-01T10:54:23","date_gmt":"2020-04-01T08:54:23","guid":{"rendered":"https:\/\/pans.krosno.pl\/pracownicy\/?page_id=917"},"modified":"2025-05-19T10:24:14","modified_gmt":"2025-05-19T08:24:14","slug":"jerzy-kerste-najwazniejsze-publikacje","status":"publish","type":"page","link":"https:\/\/pans.krosno.pl\/pracownicy\/jerzy-kerste\/jerzy-kerste-najwazniejsze-publikacje\/","title":{"rendered":"dr in\u017c. Jerzy Kerste &#8211; Najwa\u017cniejsze publikacje"},"content":{"rendered":"<hr>\n<p><strong>Publikacje naukowe<\/strong><\/p>\n<ol>\n<li>Leski E., Kerste J.: Optymalizacja rozwi\u0105za\u0144 materia\u0142owo-konstrukcyjnych dach\u00f3w budynk\u00f3w<br \/>\ninwentarskich. Mi\u0119dzynarodowe Sympozjum Budownictwa Rolniczego Rzesz\u00f3w-Pola\u0144czyk, ksi\u0119ga I, 1973.<\/li>\n<li>Leski E., Berszakiewicz B., Kerste J.: Organizacja systemu kontroli jako\u015bci element\u00f3w i konstrukcji budowlanych w wykonawstwie budownictwa rolniczego. Mi\u0119dzynarodowe Sympozjum Budownictwa Rolniczego Rzesz\u00f3w-Pola\u0144czyk, ksi\u0119ga III, 1973.<\/li>\n<li>Leski E., Kerste J.: Tanie dachy do budynk\u00f3w inwentarskich. Budownictwo Wiejskie 1\/1975.<\/li>\n<li>Kerste J., Leski E.: Rozwi\u0105zania materia\u0142owo-konstrukcyjne dla obiekt\u00f3w inwentarskich. Wydawnictwa Uczelniane Politechniki Rzeszowskiej. Rozprawy nr 7. Rzesz\u00f3w 1976.<\/li>\n<li>Stojek Z., Pietrzyk A., Kerste J.: Bezpiecze\u0144stwo budowli inwentarskich na tle awarii budowlanych. Materia\u0142y Sesji Naukowej n.t. &#8222;Aktualne Problemy Naukowo-Badawcze Budownictwa i Gospodarki Wodnej w Rolnictwie. PAN-Oddzia\u0142 w Krakowie. Krak\u00f3w 1977.<\/li>\n<li>Ku\u015b S., Kerste J., Pietrzyk A., Szmyd S.: Rozwi\u0105zania konstrukcyjne obiekt\u00f3w inwentarskich w Bieszczadach. Materia\u0142y Sympozjum n.t. &#8222;Badania nad zastosowaniem drewna i materia\u0142\u00f3w drewnopochodnych we wsp\u00f3\u0142czesnych konstrukcjach budowlanych&#8221;. Szczecin &#8211; czerwiec 1978.<\/li>\n<li>Ku\u015b S., Kerste J., Woli\u0144ski Sz., Pietrzyk A.: Badania ram drewnianych typu &#8222;Rzesz\u00f3w 77&#8221;. Budownictwo Rolnicze 8\/1979.<\/li>\n<li>Ku\u015b S., Kerste J.: Aktualne problemy bezpiecze\u0144stwa i ekonomiki konstrukcji z drewna dla rolnictwa. In\u017cynieria i Budownictwo 4\/1981.<\/li>\n<li>Ku\u015b S., Kerste J., Woli\u0144ski Sz., Pietrzyk A.: Badania konstrukcji zamiennych dla systemu BHD-3A. Rzeszowskie Towarzystwo Przyjaci\u00f3\u0142 Nauk. Rzesz\u00f3w 1981.<\/li>\n<li>Kerste J.: Badania ram drewnianych typu &#8222;Rzesz\u00f3w 77k&#8221;. Politechnika Rzeszowska, Rozprawy nr 38. Rzesz\u00f3w 1982.<\/li>\n<li>Kerste J.: Wp\u0142yw skurczu od wysychania na stany graniczne drewnianych ram kratowych. Materia\u0142y Sympozjum n.t. Reologia drewna i konstrukcji drewnianych. Wydawnictwa Akademii Rolniczej w Poznaniu. Pozna\u0144 1982.<\/li>\n<li>Kerste J.: Badania po\u0142\u0105cze\u0144 na pier\u015bcienie z\u0119bate typu &#8222;Bistyp 75&#8221; drewna jod\u0142owego o r\u00f3\u017cnej wilgotno\u015bci. Prace Naukowe Politechniki Szczeci\u0144skiej 19(234)\/1983. Szczecin 1983.<\/li>\n<li>Kerste J., Ku\u015b S., Koz\u0142owski A., Pietrzyk A., Stankiewicz B., Woli\u0144ski Sz.: Badania oraz ewolucja rozwi\u0105za\u0144 ramowych konstrukcji drewnianych skrzynkowych i kratowych. ZeszytyNaukowe Politechniki Rzeszowskiej 2\/1985. Rzesz\u00f3w 1985.<\/li>\n<li>Kerste J.: Badania po\u0142\u0105cze\u0144 drewna jod\u0142owego na pier\u015bcienie z\u0119bate typu &#8222;Bistyp&#8221; obci\u0105\u017conych momentem zginaj\u0105cym i si\u0142\u0105 poprzeczn\u0105. XXXIII Konferencja Naukowa KILiW PAN i KN PZITB, Krynica 1987.<\/li>\n<li>Kerste J.: Razwitie i ispytanija ramnych konstrukcji i\u017c dieriewa dlia sielskogo choziajstwa w Polsze. Matieria\u0142y Nauczno-Tiechniczieskoj Konfieriencji, Lw\u00f3w 1987.<\/li>\n<li>Ku\u015b S., Kerste J.: Do\u015bwiadczenia z modernizacji hal przemys\u0142owych \u017celbetowych i spr\u0119\u017conych. XXXIV Konferencja Naukowa KILiW PAN i KN PZITB, Krynica 1988.<\/li>\n<li>Kerste J.: Toothed rings type &#8222;Bistyp 75&#8221; at the joint of firwood. Paper 22-7-9 CIB-W18A Meeting 22 East Berlin. September 1989<\/li>\n<li>Ku\u015b S., Kerste J.: Research and development of timber frame structures for agriculture in Poland.<br \/>\nPaper 22-15-2 CIB-W18A Meeting 22 East Berlin. September 1989<\/li>\n<li>Kerste J.: Konstrukcje drewniane budynk\u00f3w hodowlanych. Materia\u0142y Nauczno-Tiechniczieskoj Konfieriencji poswiaszcziennoj 100-letiu so dnia ro\u017cdienija profiessora A.S. Kury\u0142\u0142o. Politechnika Lwowska. Lw\u00f3w 1989.<\/li>\n<li>Kerste J.: Domy jednorodzinne o szkielecie drewnianym. Konferencja Naukowa n.t. &#8222;Energooszcz\u0119dne Budownictwo Mieszkaniowe &#8211; Zagadnienia Technologiczne i Organizacyjne. Rzesz\u00f3w 30-31 maja 1994.<\/li>\n<\/ol>\n<hr>\n<p>&nbsp;<\/p>\n","protected":false},"excerpt":{"rendered":"<p>Publikacje naukowe Leski E., Kerste J.: Optymalizacja rozwi\u0105za\u0144 materia\u0142owo-konstrukcyjnych dach\u00f3w budynk\u00f3w inwentarskich. Mi\u0119dzynarodowe Sympozjum Budownictwa Rolniczego Rzesz\u00f3w-Pola\u0144czyk, ksi\u0119ga I, 1973. Leski E., Berszakiewicz B., Kerste J.: Organizacja systemu kontroli jako\u015bci element\u00f3w i konstrukcji budowlanych w wykonawstwie budownictwa rolniczego. Mi\u0119dzynarodowe Sympozjum Budownictwa Rolniczego Rzesz\u00f3w-Pola\u0144czyk, ksi\u0119ga III, 1973. Leski E., Kerste J.: [\u2026] <\/p>\n<div class=\"clear\"><\/div>\n<p><a class=\"more_link clearfix\" href=\"https:\/\/pans.krosno.pl\/pracownicy\/jerzy-kerste\/jerzy-kerste-najwazniejsze-publikacje\/\" rel=\"nofollow\">Read More<\/a><\/p>\n","protected":false},"author":36,"featured_media":0,"parent":906,"menu_order":0,"comment_status":"closed","ping_status":"closed","template":"","meta":{"ngg_post_thumbnail":0,"footnotes":""},"class_list":["post-917","page","type-page","status-publish","hentry"],"yoast_head":"<!-- This site is optimized with the Yoast SEO Premium plugin v27.3 (Yoast SEO v27.3) - https:\/\/yoast.com\/product\/yoast-seo-premium-wordpress\/ -->\n<title>dr in\u017c. Jerzy Kerste - Najwa\u017cniejsze publikacje - Pracownicy PANS w Kro\u015bnie<\/title>\n<meta name=\"robots\" content=\"index, follow, max-snippet:-1, max-image-preview:large, max-video-preview:-1\" \/>\n<link rel=\"canonical\" href=\"https:\/\/pans.krosno.pl\/pracownicy\/jerzy-kerste\/jerzy-kerste-najwazniejsze-publikacje\/\" \/>\n<meta property=\"og:locale\" content=\"pl_PL\" \/>\n<meta property=\"og:type\" content=\"article\" \/>\n<meta property=\"og:title\" content=\"dr in\u017c. Jerzy Kerste - Najwa\u017cniejsze publikacje\" \/>\n<meta property=\"og:description\" content=\"Publikacje naukowe Leski E., Kerste J.: Optymalizacja rozwi\u0105za\u0144 materia\u0142owo-konstrukcyjnych dach\u00f3w budynk\u00f3w inwentarskich. Mi\u0119dzynarodowe Sympozjum Budownictwa Rolniczego Rzesz\u00f3w-Pola\u0144czyk, ksi\u0119ga I, 1973. Leski E., Berszakiewicz B., Kerste J.: Organizacja systemu kontroli jako\u015bci element\u00f3w i konstrukcji budowlanych w wykonawstwie budownictwa rolniczego. Mi\u0119dzynarodowe Sympozjum Budownictwa Rolniczego Rzesz\u00f3w-Pola\u0144czyk, ksi\u0119ga III, 1973. Leski E., Kerste J.: [\u2026] Read More\" \/>\n<meta property=\"og:url\" content=\"https:\/\/pans.krosno.pl\/pracownicy\/jerzy-kerste\/jerzy-kerste-najwazniejsze-publikacje\/\" \/>\n<meta property=\"og:site_name\" content=\"Pracownicy PANS w Kro\u015bnie\" \/>\n<meta property=\"article:modified_time\" content=\"2025-05-19T08:24:14+00:00\" \/>\n<meta name=\"twitter:card\" content=\"summary_large_image\" \/>\n<meta name=\"twitter:label1\" content=\"Szacowany czas czytania\" \/>\n\t<meta name=\"twitter:data1\" content=\"3 minuty\" \/>\n<script type=\"application\/ld+json\" class=\"yoast-schema-graph\">{\"@context\":\"https:\\\/\\\/schema.org\",\"@graph\":[{\"@type\":\"WebPage\",\"@id\":\"https:\\\/\\\/pans.krosno.pl\\\/pracownicy\\\/jerzy-kerste\\\/jerzy-kerste-najwazniejsze-publikacje\\\/\",\"url\":\"https:\\\/\\\/pans.krosno.pl\\\/pracownicy\\\/jerzy-kerste\\\/jerzy-kerste-najwazniejsze-publikacje\\\/\",\"name\":\"dr in\u017c. Jerzy Kerste - Najwa\u017cniejsze publikacje - Pracownicy PANS w Kro\u015bnie\",\"isPartOf\":{\"@id\":\"https:\\\/\\\/pans.krosno.pl\\\/pracownicy\\\/#website\"},\"datePublished\":\"2020-04-01T08:54:23+00:00\",\"dateModified\":\"2025-05-19T08:24:14+00:00\",\"breadcrumb\":{\"@id\":\"https:\\\/\\\/pans.krosno.pl\\\/pracownicy\\\/jerzy-kerste\\\/jerzy-kerste-najwazniejsze-publikacje\\\/#breadcrumb\"},\"inLanguage\":\"pl-PL\",\"potentialAction\":[{\"@type\":\"ReadAction\",\"target\":[\"https:\\\/\\\/pans.krosno.pl\\\/pracownicy\\\/jerzy-kerste\\\/jerzy-kerste-najwazniejsze-publikacje\\\/\"]}]},{\"@type\":\"BreadcrumbList\",\"@id\":\"https:\\\/\\\/pans.krosno.pl\\\/pracownicy\\\/jerzy-kerste\\\/jerzy-kerste-najwazniejsze-publikacje\\\/#breadcrumb\",\"itemListElement\":[{\"@type\":\"ListItem\",\"position\":1,\"name\":\"Strona g\u0142\u00f3wna\",\"item\":\"https:\\\/\\\/pans.krosno.pl\\\/pracownicy\\\/\"},{\"@type\":\"ListItem\",\"position\":2,\"name\":\"dr in\u017c. Jerzy Kerste\",\"item\":\"https:\\\/\\\/pans.krosno.pl\\\/pracownicy\\\/jerzy-kerste\\\/\"},{\"@type\":\"ListItem\",\"position\":3,\"name\":\"dr in\u017c. Jerzy Kerste &#8211; Najwa\u017cniejsze publikacje\"}]},{\"@type\":\"WebSite\",\"@id\":\"https:\\\/\\\/pans.krosno.pl\\\/pracownicy\\\/#website\",\"url\":\"https:\\\/\\\/pans.krosno.pl\\\/pracownicy\\\/\",\"name\":\"Pracownicy PANS w Kro\u015bnie\",\"description\":\"Pracownicy - Pa\u0144stwowa Akademia Nauk Stosowanych\",\"publisher\":{\"@id\":\"https:\\\/\\\/pans.krosno.pl\\\/pracownicy\\\/#organization\"},\"potentialAction\":[{\"@type\":\"SearchAction\",\"target\":{\"@type\":\"EntryPoint\",\"urlTemplate\":\"https:\\\/\\\/pans.krosno.pl\\\/pracownicy\\\/?s={search_term_string}\"},\"query-input\":{\"@type\":\"PropertyValueSpecification\",\"valueRequired\":true,\"valueName\":\"search_term_string\"}}],\"inLanguage\":\"pl-PL\"},{\"@type\":\"Organization\",\"@id\":\"https:\\\/\\\/pans.krosno.pl\\\/pracownicy\\\/#organization\",\"name\":\"Pracownicy PANS w Kro\u015bnie\",\"url\":\"https:\\\/\\\/pans.krosno.pl\\\/pracownicy\\\/\",\"logo\":{\"@type\":\"ImageObject\",\"inLanguage\":\"pl-PL\",\"@id\":\"https:\\\/\\\/pans.krosno.pl\\\/pracownicy\\\/#\\\/schema\\\/logo\\\/image\\\/\",\"url\":\"https:\\\/\\\/pans.krosno.pl\\\/pracownicy\\\/wp-content\\\/uploads\\\/sites\\\/41\\\/2023\\\/01\\\/Logo-PANS-2022-pelne.png\",\"contentUrl\":\"https:\\\/\\\/pans.krosno.pl\\\/pracownicy\\\/wp-content\\\/uploads\\\/sites\\\/41\\\/2023\\\/01\\\/Logo-PANS-2022-pelne.png\",\"width\":3096,\"height\":696,\"caption\":\"Pracownicy PANS w Kro\u015bnie\"},\"image\":{\"@id\":\"https:\\\/\\\/pans.krosno.pl\\\/pracownicy\\\/#\\\/schema\\\/logo\\\/image\\\/\"}}]}<\/script>\n<!-- \/ Yoast SEO Premium plugin. -->","yoast_head_json":{"title":"dr in\u017c. Jerzy Kerste - Najwa\u017cniejsze publikacje - Pracownicy PANS w Kro\u015bnie","robots":{"index":"index","follow":"follow","max-snippet":"max-snippet:-1","max-image-preview":"max-image-preview:large","max-video-preview":"max-video-preview:-1"},"canonical":"https:\/\/pans.krosno.pl\/pracownicy\/jerzy-kerste\/jerzy-kerste-najwazniejsze-publikacje\/","og_locale":"pl_PL","og_type":"article","og_title":"dr in\u017c. Jerzy Kerste - Najwa\u017cniejsze publikacje","og_description":"Publikacje naukowe Leski E., Kerste J.: Optymalizacja rozwi\u0105za\u0144 materia\u0142owo-konstrukcyjnych dach\u00f3w budynk\u00f3w inwentarskich. Mi\u0119dzynarodowe Sympozjum Budownictwa Rolniczego Rzesz\u00f3w-Pola\u0144czyk, ksi\u0119ga I, 1973. Leski E., Berszakiewicz B., Kerste J.: Organizacja systemu kontroli jako\u015bci element\u00f3w i konstrukcji budowlanych w wykonawstwie budownictwa rolniczego. Mi\u0119dzynarodowe Sympozjum Budownictwa Rolniczego Rzesz\u00f3w-Pola\u0144czyk, ksi\u0119ga III, 1973. Leski E., Kerste J.: [\u2026] Read More","og_url":"https:\/\/pans.krosno.pl\/pracownicy\/jerzy-kerste\/jerzy-kerste-najwazniejsze-publikacje\/","og_site_name":"Pracownicy PANS w Kro\u015bnie","article_modified_time":"2025-05-19T08:24:14+00:00","twitter_card":"summary_large_image","twitter_misc":{"Szacowany czas czytania":"3 minuty"},"schema":{"@context":"https:\/\/schema.org","@graph":[{"@type":"WebPage","@id":"https:\/\/pans.krosno.pl\/pracownicy\/jerzy-kerste\/jerzy-kerste-najwazniejsze-publikacje\/","url":"https:\/\/pans.krosno.pl\/pracownicy\/jerzy-kerste\/jerzy-kerste-najwazniejsze-publikacje\/","name":"dr in\u017c. Jerzy Kerste - Najwa\u017cniejsze publikacje - Pracownicy PANS w Kro\u015bnie","isPartOf":{"@id":"https:\/\/pans.krosno.pl\/pracownicy\/#website"},"datePublished":"2020-04-01T08:54:23+00:00","dateModified":"2025-05-19T08:24:14+00:00","breadcrumb":{"@id":"https:\/\/pans.krosno.pl\/pracownicy\/jerzy-kerste\/jerzy-kerste-najwazniejsze-publikacje\/#breadcrumb"},"inLanguage":"pl-PL","potentialAction":[{"@type":"ReadAction","target":["https:\/\/pans.krosno.pl\/pracownicy\/jerzy-kerste\/jerzy-kerste-najwazniejsze-publikacje\/"]}]},{"@type":"BreadcrumbList","@id":"https:\/\/pans.krosno.pl\/pracownicy\/jerzy-kerste\/jerzy-kerste-najwazniejsze-publikacje\/#breadcrumb","itemListElement":[{"@type":"ListItem","position":1,"name":"Strona g\u0142\u00f3wna","item":"https:\/\/pans.krosno.pl\/pracownicy\/"},{"@type":"ListItem","position":2,"name":"dr in\u017c. Jerzy Kerste","item":"https:\/\/pans.krosno.pl\/pracownicy\/jerzy-kerste\/"},{"@type":"ListItem","position":3,"name":"dr in\u017c. Jerzy Kerste &#8211; Najwa\u017cniejsze publikacje"}]},{"@type":"WebSite","@id":"https:\/\/pans.krosno.pl\/pracownicy\/#website","url":"https:\/\/pans.krosno.pl\/pracownicy\/","name":"Pracownicy PANS w Kro\u015bnie","description":"Pracownicy - Pa\u0144stwowa Akademia Nauk Stosowanych","publisher":{"@id":"https:\/\/pans.krosno.pl\/pracownicy\/#organization"},"potentialAction":[{"@type":"SearchAction","target":{"@type":"EntryPoint","urlTemplate":"https:\/\/pans.krosno.pl\/pracownicy\/?s={search_term_string}"},"query-input":{"@type":"PropertyValueSpecification","valueRequired":true,"valueName":"search_term_string"}}],"inLanguage":"pl-PL"},{"@type":"Organization","@id":"https:\/\/pans.krosno.pl\/pracownicy\/#organization","name":"Pracownicy PANS w Kro\u015bnie","url":"https:\/\/pans.krosno.pl\/pracownicy\/","logo":{"@type":"ImageObject","inLanguage":"pl-PL","@id":"https:\/\/pans.krosno.pl\/pracownicy\/#\/schema\/logo\/image\/","url":"https:\/\/pans.krosno.pl\/pracownicy\/wp-content\/uploads\/sites\/41\/2023\/01\/Logo-PANS-2022-pelne.png","contentUrl":"https:\/\/pans.krosno.pl\/pracownicy\/wp-content\/uploads\/sites\/41\/2023\/01\/Logo-PANS-2022-pelne.png","width":3096,"height":696,"caption":"Pracownicy PANS w Kro\u015bnie"},"image":{"@id":"https:\/\/pans.krosno.pl\/pracownicy\/#\/schema\/logo\/image\/"}}]}},"_links":{"self":[{"href":"https:\/\/pans.krosno.pl\/pracownicy\/wp-json\/wp\/v2\/pages\/917","targetHints":{"allow":["GET"]}}],"collection":[{"href":"https:\/\/pans.krosno.pl\/pracownicy\/wp-json\/wp\/v2\/pages"}],"about":[{"href":"https:\/\/pans.krosno.pl\/pracownicy\/wp-json\/wp\/v2\/types\/page"}],"author":[{"embeddable":true,"href":"https:\/\/pans.krosno.pl\/pracownicy\/wp-json\/wp\/v2\/users\/36"}],"replies":[{"embeddable":true,"href":"https:\/\/pans.krosno.pl\/pracownicy\/wp-json\/wp\/v2\/comments?post=917"}],"version-history":[{"count":4,"href":"https:\/\/pans.krosno.pl\/pracownicy\/wp-json\/wp\/v2\/pages\/917\/revisions"}],"predecessor-version":[{"id":8033,"href":"https:\/\/pans.krosno.pl\/pracownicy\/wp-json\/wp\/v2\/pages\/917\/revisions\/8033"}],"up":[{"embeddable":true,"href":"https:\/\/pans.krosno.pl\/pracownicy\/wp-json\/wp\/v2\/pages\/906"}],"wp:attachment":[{"href":"https:\/\/pans.krosno.pl\/pracownicy\/wp-json\/wp\/v2\/media?parent=917"}],"curies":[{"name":"wp","href":"https:\/\/api.w.org\/{rel}","templated":true}]}}