{"id":834,"date":"2020-03-31T14:28:59","date_gmt":"2020-03-31T12:28:59","guid":{"rendered":"https:\/\/pans.krosno.pl\/pracownicy\/?page_id=834"},"modified":"2025-09-10T10:11:04","modified_gmt":"2025-09-10T08:11:04","slug":"malgorzata-moskal-szybka-najwazniejsze-publikacje","status":"publish","type":"page","link":"https:\/\/pans.krosno.pl\/pracownicy\/malgorzata-moskal-szybka\/malgorzata-moskal-szybka-najwazniejsze-publikacje\/","title":{"rendered":"mgr Ma\u0142gorzata Moskal-Szybka &#8211; Najwa\u017cniejsze publikacje"},"content":{"rendered":"<hr>\n<p><strong>Autorka i wsp\u00f3\u0142autorka kilku publikacji naukowych<\/strong><\/p>\n<ol>\n<li><strong>Moskal-Szybka M.,<\/strong> Moskal A., Dziubaszewska R.: Sleep hygiene among nurses employed in hospital wards. Nursing Problems; 33 (1) \/ 2025r.<\/li>\n<li>Moskal A., <strong>Moskal-Szybka M.,<\/strong> Dziubaszewska R.: Importance of light, circadian rhythm and sleep for health with consideration of phytotherapy in sleep disorders. Herbalism; 1 (11) \/2025.<\/li>\n<li><strong>Moskal-Szybka M.:<\/strong>. Zalecenia \u017cywieniowe po zabiegu operacyjnym usuni\u0119cia p\u0119cherzyka \u017c\u00f3\u0142ciowego. Porady na zdrowie; 1 (72) \/ 2025.<\/li>\n<li><strong>Moskal-Szybka M<\/strong>., Moskal A.: Rola piel\u0119gniarki w opiece nad pacjentem po zabiegu wyd\u0142u\u017cania ko\u0144czyny dolnej metod\u0105 Ilizarowa \u2013 opis przypadku. Piel\u0119gniarstwo chirurgiczne i angiologiczne, 4\/2023 r .<\/li>\n<li><strong>Moskal-Szybka M<\/strong>., Moskal A., Dziubaszewska R.: Evidence-based nursing care of a patient treated with the Ilizarow method for lower limb length inequality. Piel\u0119gniarstwo XXI wieku, 3\/2023 r<\/li>\n<li><strong>Moskal-Szybka M.:<\/strong> Terapia blizn po operacjach chirurgicznych. Porady na zdrowie; 4 (63), 2022.<\/li>\n<li><strong>Moskal-Szybka M<\/strong>.: Przewlek\u0142a niewydolno\u015b\u0107 \u017cylna. Od paj\u0105czk\u00f3w do rany. Porady na zdrowie; 1 (56), 2021.<\/li>\n<li><strong>Moskal-Szybka M<\/strong>.: Prebriefing. [W] Propedeutyka symulacji medycznej<br \/>\nw piel\u0119gniarstwie, pod red. Dziubaszewskiej R., Studnickiej K., Zarzyckiej D. Oficyna Wydawnicza \u201eImpuls\u201d Krak\u00f3w, 2020.<\/li>\n<li><strong>Moskal-Szybka M<\/strong>.: Scenariusz wysokiej wierno\u015bci. Chirurgia i piel\u0119gniarstwo chirurgiczne. [W] Propedeutyka symulacji medycznej w piel\u0119gniarstwie, pod red. Dziubaszewskiej R., Studnickiej K., Zarzyckiej D. Oficyna Wydawnicza \u201eImpuls\u201d Krak\u00f3w, 2020.<\/li>\n<li><strong>Moskal-Szybka M.<\/strong>, Borek J.: Knowledge and attitudes of Subcarpathian Province\u2019s inhabitants towards organ transplantation. Piel\u0119gniarstwo XXI wieku, 2019 r.<\/li>\n<li><strong>Moskal-Szybka M<\/strong>., Kijowska A.: Edukacja zdrowotna pacjenta osteoporoz\u0105. Monografia \u2013 Endokrynologia pediatryczna drog\u0105 rozwoju dla nauk o zdrowiu. Krosno 2016 r.<\/li>\n<li><strong>Moskal-Szybka M<\/strong>.: Poziom wiedzy kobiet, mieszkanek Podkarpacia w okresie przekwitania, na temat hormonalnej terapii zast\u0119pczej. Monografia \u2013 Gastroenterologia zbli\u017ca, kszta\u0142tuje obyczaje. Krosno 2011 r.<\/li>\n<li><strong>Moskal M.:<\/strong> Dolegliwo\u015bci okresu przekwitania i stosowanie hormonoterapii w opinii mieszkanek Podkarpacia. Piel\u0119gniarstwo XXI wieku, 2009.<\/li>\n<li><strong>Moskal M<\/strong>.: The competence of climacteric women in hormone replacement therapy. Zdrowie Publiczne 2008 r.<\/li>\n<\/ol>\n<hr>\n<p>&nbsp;<\/p>\n","protected":false},"excerpt":{"rendered":"<p>Autorka i wsp\u00f3\u0142autorka kilku publikacji naukowych Moskal-Szybka M., Moskal A., Dziubaszewska R.: Sleep hygiene among nurses employed in hospital wards. Nursing Problems; 33 (1) \/ 2025r. Moskal A., Moskal-Szybka M., Dziubaszewska R.: Importance of light, circadian rhythm and sleep for health with consideration of phytotherapy in sleep disorders. Herbalism; 1 [\u2026] <\/p>\n<div class=\"clear\"><\/div>\n<p><a class=\"more_link clearfix\" href=\"https:\/\/pans.krosno.pl\/pracownicy\/malgorzata-moskal-szybka\/malgorzata-moskal-szybka-najwazniejsze-publikacje\/\" rel=\"nofollow\">Read More<\/a><\/p>\n","protected":false},"author":34,"featured_media":0,"parent":817,"menu_order":0,"comment_status":"closed","ping_status":"closed","template":"","meta":{"ngg_post_thumbnail":0,"footnotes":""},"class_list":["post-834","page","type-page","status-publish","hentry"],"yoast_head":"<!-- This site is optimized with the Yoast SEO Premium plugin v27.3 (Yoast SEO v27.3) - https:\/\/yoast.com\/product\/yoast-seo-premium-wordpress\/ -->\n<title>mgr Ma\u0142gorzata Moskal-Szybka - Najwa\u017cniejsze publikacje - Pracownicy PANS w Kro\u015bnie<\/title>\n<meta name=\"robots\" content=\"index, follow, max-snippet:-1, max-image-preview:large, max-video-preview:-1\" \/>\n<link rel=\"canonical\" href=\"https:\/\/pans.krosno.pl\/pracownicy\/malgorzata-moskal-szybka\/malgorzata-moskal-szybka-najwazniejsze-publikacje\/\" \/>\n<meta property=\"og:locale\" content=\"pl_PL\" \/>\n<meta property=\"og:type\" content=\"article\" \/>\n<meta property=\"og:title\" content=\"mgr Ma\u0142gorzata Moskal-Szybka - Najwa\u017cniejsze publikacje\" \/>\n<meta property=\"og:description\" content=\"Autorka i wsp\u00f3\u0142autorka kilku publikacji naukowych Moskal-Szybka M., Moskal A., Dziubaszewska R.: Sleep hygiene among nurses employed in hospital wards. Nursing Problems; 33 (1) \/ 2025r. Moskal A., Moskal-Szybka M., Dziubaszewska R.: Importance of light, circadian rhythm and sleep for health with consideration of phytotherapy in sleep disorders. Herbalism; 1 [\u2026] Read More\" \/>\n<meta property=\"og:url\" content=\"https:\/\/pans.krosno.pl\/pracownicy\/malgorzata-moskal-szybka\/malgorzata-moskal-szybka-najwazniejsze-publikacje\/\" \/>\n<meta property=\"og:site_name\" content=\"Pracownicy PANS w Kro\u015bnie\" \/>\n<meta property=\"article:modified_time\" content=\"2025-09-10T08:11:04+00:00\" \/>\n<meta name=\"twitter:card\" content=\"summary_large_image\" \/>\n<meta name=\"twitter:label1\" content=\"Szacowany czas czytania\" \/>\n\t<meta name=\"twitter:data1\" content=\"2 minuty\" \/>\n<script type=\"application\/ld+json\" class=\"yoast-schema-graph\">{\"@context\":\"https:\\\/\\\/schema.org\",\"@graph\":[{\"@type\":\"WebPage\",\"@id\":\"https:\\\/\\\/pans.krosno.pl\\\/pracownicy\\\/malgorzata-moskal-szybka\\\/malgorzata-moskal-szybka-najwazniejsze-publikacje\\\/\",\"url\":\"https:\\\/\\\/pans.krosno.pl\\\/pracownicy\\\/malgorzata-moskal-szybka\\\/malgorzata-moskal-szybka-najwazniejsze-publikacje\\\/\",\"name\":\"mgr Ma\u0142gorzata Moskal-Szybka - Najwa\u017cniejsze publikacje - Pracownicy PANS w Kro\u015bnie\",\"isPartOf\":{\"@id\":\"https:\\\/\\\/pans.krosno.pl\\\/pracownicy\\\/#website\"},\"datePublished\":\"2020-03-31T12:28:59+00:00\",\"dateModified\":\"2025-09-10T08:11:04+00:00\",\"breadcrumb\":{\"@id\":\"https:\\\/\\\/pans.krosno.pl\\\/pracownicy\\\/malgorzata-moskal-szybka\\\/malgorzata-moskal-szybka-najwazniejsze-publikacje\\\/#breadcrumb\"},\"inLanguage\":\"pl-PL\",\"potentialAction\":[{\"@type\":\"ReadAction\",\"target\":[\"https:\\\/\\\/pans.krosno.pl\\\/pracownicy\\\/malgorzata-moskal-szybka\\\/malgorzata-moskal-szybka-najwazniejsze-publikacje\\\/\"]}]},{\"@type\":\"BreadcrumbList\",\"@id\":\"https:\\\/\\\/pans.krosno.pl\\\/pracownicy\\\/malgorzata-moskal-szybka\\\/malgorzata-moskal-szybka-najwazniejsze-publikacje\\\/#breadcrumb\",\"itemListElement\":[{\"@type\":\"ListItem\",\"position\":1,\"name\":\"Strona g\u0142\u00f3wna\",\"item\":\"https:\\\/\\\/pans.krosno.pl\\\/pracownicy\\\/\"},{\"@type\":\"ListItem\",\"position\":2,\"name\":\"mgr Ma\u0142gorzata Moskal-Szybka\",\"item\":\"https:\\\/\\\/pans.krosno.pl\\\/pracownicy\\\/malgorzata-moskal-szybka\\\/\"},{\"@type\":\"ListItem\",\"position\":3,\"name\":\"mgr Ma\u0142gorzata Moskal-Szybka &#8211; Najwa\u017cniejsze publikacje\"}]},{\"@type\":\"WebSite\",\"@id\":\"https:\\\/\\\/pans.krosno.pl\\\/pracownicy\\\/#website\",\"url\":\"https:\\\/\\\/pans.krosno.pl\\\/pracownicy\\\/\",\"name\":\"Pracownicy PANS w Kro\u015bnie\",\"description\":\"Pracownicy - Pa\u0144stwowa Akademia Nauk Stosowanych\",\"publisher\":{\"@id\":\"https:\\\/\\\/pans.krosno.pl\\\/pracownicy\\\/#organization\"},\"potentialAction\":[{\"@type\":\"SearchAction\",\"target\":{\"@type\":\"EntryPoint\",\"urlTemplate\":\"https:\\\/\\\/pans.krosno.pl\\\/pracownicy\\\/?s={search_term_string}\"},\"query-input\":{\"@type\":\"PropertyValueSpecification\",\"valueRequired\":true,\"valueName\":\"search_term_string\"}}],\"inLanguage\":\"pl-PL\"},{\"@type\":\"Organization\",\"@id\":\"https:\\\/\\\/pans.krosno.pl\\\/pracownicy\\\/#organization\",\"name\":\"Pracownicy PANS w Kro\u015bnie\",\"url\":\"https:\\\/\\\/pans.krosno.pl\\\/pracownicy\\\/\",\"logo\":{\"@type\":\"ImageObject\",\"inLanguage\":\"pl-PL\",\"@id\":\"https:\\\/\\\/pans.krosno.pl\\\/pracownicy\\\/#\\\/schema\\\/logo\\\/image\\\/\",\"url\":\"https:\\\/\\\/pans.krosno.pl\\\/pracownicy\\\/wp-content\\\/uploads\\\/sites\\\/41\\\/2023\\\/01\\\/Logo-PANS-2022-pelne.png\",\"contentUrl\":\"https:\\\/\\\/pans.krosno.pl\\\/pracownicy\\\/wp-content\\\/uploads\\\/sites\\\/41\\\/2023\\\/01\\\/Logo-PANS-2022-pelne.png\",\"width\":3096,\"height\":696,\"caption\":\"Pracownicy PANS w Kro\u015bnie\"},\"image\":{\"@id\":\"https:\\\/\\\/pans.krosno.pl\\\/pracownicy\\\/#\\\/schema\\\/logo\\\/image\\\/\"}}]}<\/script>\n<!-- \/ Yoast SEO Premium plugin. -->","yoast_head_json":{"title":"mgr Ma\u0142gorzata Moskal-Szybka - Najwa\u017cniejsze publikacje - Pracownicy PANS w Kro\u015bnie","robots":{"index":"index","follow":"follow","max-snippet":"max-snippet:-1","max-image-preview":"max-image-preview:large","max-video-preview":"max-video-preview:-1"},"canonical":"https:\/\/pans.krosno.pl\/pracownicy\/malgorzata-moskal-szybka\/malgorzata-moskal-szybka-najwazniejsze-publikacje\/","og_locale":"pl_PL","og_type":"article","og_title":"mgr Ma\u0142gorzata Moskal-Szybka - Najwa\u017cniejsze publikacje","og_description":"Autorka i wsp\u00f3\u0142autorka kilku publikacji naukowych Moskal-Szybka M., Moskal A., Dziubaszewska R.: Sleep hygiene among nurses employed in hospital wards. Nursing Problems; 33 (1) \/ 2025r. Moskal A., Moskal-Szybka M., Dziubaszewska R.: Importance of light, circadian rhythm and sleep for health with consideration of phytotherapy in sleep disorders. Herbalism; 1 [\u2026] Read More","og_url":"https:\/\/pans.krosno.pl\/pracownicy\/malgorzata-moskal-szybka\/malgorzata-moskal-szybka-najwazniejsze-publikacje\/","og_site_name":"Pracownicy PANS w Kro\u015bnie","article_modified_time":"2025-09-10T08:11:04+00:00","twitter_card":"summary_large_image","twitter_misc":{"Szacowany czas czytania":"2 minuty"},"schema":{"@context":"https:\/\/schema.org","@graph":[{"@type":"WebPage","@id":"https:\/\/pans.krosno.pl\/pracownicy\/malgorzata-moskal-szybka\/malgorzata-moskal-szybka-najwazniejsze-publikacje\/","url":"https:\/\/pans.krosno.pl\/pracownicy\/malgorzata-moskal-szybka\/malgorzata-moskal-szybka-najwazniejsze-publikacje\/","name":"mgr Ma\u0142gorzata Moskal-Szybka - Najwa\u017cniejsze publikacje - Pracownicy PANS w Kro\u015bnie","isPartOf":{"@id":"https:\/\/pans.krosno.pl\/pracownicy\/#website"},"datePublished":"2020-03-31T12:28:59+00:00","dateModified":"2025-09-10T08:11:04+00:00","breadcrumb":{"@id":"https:\/\/pans.krosno.pl\/pracownicy\/malgorzata-moskal-szybka\/malgorzata-moskal-szybka-najwazniejsze-publikacje\/#breadcrumb"},"inLanguage":"pl-PL","potentialAction":[{"@type":"ReadAction","target":["https:\/\/pans.krosno.pl\/pracownicy\/malgorzata-moskal-szybka\/malgorzata-moskal-szybka-najwazniejsze-publikacje\/"]}]},{"@type":"BreadcrumbList","@id":"https:\/\/pans.krosno.pl\/pracownicy\/malgorzata-moskal-szybka\/malgorzata-moskal-szybka-najwazniejsze-publikacje\/#breadcrumb","itemListElement":[{"@type":"ListItem","position":1,"name":"Strona g\u0142\u00f3wna","item":"https:\/\/pans.krosno.pl\/pracownicy\/"},{"@type":"ListItem","position":2,"name":"mgr Ma\u0142gorzata Moskal-Szybka","item":"https:\/\/pans.krosno.pl\/pracownicy\/malgorzata-moskal-szybka\/"},{"@type":"ListItem","position":3,"name":"mgr Ma\u0142gorzata Moskal-Szybka &#8211; Najwa\u017cniejsze publikacje"}]},{"@type":"WebSite","@id":"https:\/\/pans.krosno.pl\/pracownicy\/#website","url":"https:\/\/pans.krosno.pl\/pracownicy\/","name":"Pracownicy PANS w Kro\u015bnie","description":"Pracownicy - Pa\u0144stwowa Akademia Nauk Stosowanych","publisher":{"@id":"https:\/\/pans.krosno.pl\/pracownicy\/#organization"},"potentialAction":[{"@type":"SearchAction","target":{"@type":"EntryPoint","urlTemplate":"https:\/\/pans.krosno.pl\/pracownicy\/?s={search_term_string}"},"query-input":{"@type":"PropertyValueSpecification","valueRequired":true,"valueName":"search_term_string"}}],"inLanguage":"pl-PL"},{"@type":"Organization","@id":"https:\/\/pans.krosno.pl\/pracownicy\/#organization","name":"Pracownicy PANS w Kro\u015bnie","url":"https:\/\/pans.krosno.pl\/pracownicy\/","logo":{"@type":"ImageObject","inLanguage":"pl-PL","@id":"https:\/\/pans.krosno.pl\/pracownicy\/#\/schema\/logo\/image\/","url":"https:\/\/pans.krosno.pl\/pracownicy\/wp-content\/uploads\/sites\/41\/2023\/01\/Logo-PANS-2022-pelne.png","contentUrl":"https:\/\/pans.krosno.pl\/pracownicy\/wp-content\/uploads\/sites\/41\/2023\/01\/Logo-PANS-2022-pelne.png","width":3096,"height":696,"caption":"Pracownicy PANS w Kro\u015bnie"},"image":{"@id":"https:\/\/pans.krosno.pl\/pracownicy\/#\/schema\/logo\/image\/"}}]}},"_links":{"self":[{"href":"https:\/\/pans.krosno.pl\/pracownicy\/wp-json\/wp\/v2\/pages\/834","targetHints":{"allow":["GET"]}}],"collection":[{"href":"https:\/\/pans.krosno.pl\/pracownicy\/wp-json\/wp\/v2\/pages"}],"about":[{"href":"https:\/\/pans.krosno.pl\/pracownicy\/wp-json\/wp\/v2\/types\/page"}],"author":[{"embeddable":true,"href":"https:\/\/pans.krosno.pl\/pracownicy\/wp-json\/wp\/v2\/users\/34"}],"replies":[{"embeddable":true,"href":"https:\/\/pans.krosno.pl\/pracownicy\/wp-json\/wp\/v2\/comments?post=834"}],"version-history":[{"count":9,"href":"https:\/\/pans.krosno.pl\/pracownicy\/wp-json\/wp\/v2\/pages\/834\/revisions"}],"predecessor-version":[{"id":11408,"href":"https:\/\/pans.krosno.pl\/pracownicy\/wp-json\/wp\/v2\/pages\/834\/revisions\/11408"}],"up":[{"embeddable":true,"href":"https:\/\/pans.krosno.pl\/pracownicy\/wp-json\/wp\/v2\/pages\/817"}],"wp:attachment":[{"href":"https:\/\/pans.krosno.pl\/pracownicy\/wp-json\/wp\/v2\/media?parent=834"}],"curies":[{"name":"wp","href":"https:\/\/api.w.org\/{rel}","templated":true}]}}