{"id":823,"date":"2020-03-31T14:26:21","date_gmt":"2020-03-31T12:26:21","guid":{"rendered":"https:\/\/pans.krosno.pl\/pracownicy\/?page_id=823"},"modified":"2025-05-20T13:19:50","modified_gmt":"2025-05-20T11:19:50","slug":"tomasz-pytlowany-najwazniejsze-publikacje","status":"publish","type":"page","link":"https:\/\/pans.krosno.pl\/pracownicy\/tomasz-pytlowany\/tomasz-pytlowany-najwazniejsze-publikacje\/","title":{"rendered":"dr in\u017c. Tomasz Pytlowany &#8211; Najwa\u017cniejsze publikacje"},"content":{"rendered":"<hr>\n<p><strong>Autorstwo lub wsp\u00f3\u0142autorstwo w 23 publikacjach<\/strong><\/p>\n<ul>\n<li>3 publikacje w czasopismach technicznych z listy MNiSW -A, 6 w zeszytach naukowych, pozosta\u0142e w czasopismach bran\u017cowych,<\/li>\n<li>20 referat\u00f3w na konferencje: 3 mi\u0119dzynarodowe,<\/li>\n<li>14 krajowe,<\/li>\n<li>Wykonanie ponad 20 projekt\u00f3w i kilkunastu ekspertyz budowlanych, 3 prace wdro\u017ceniowe.<\/li>\n<\/ul>\n<p><strong>Najwa\u017cniejsze publikacje<\/strong><\/p>\n<ol>\n<li>Fuzzy method of conformity control for compressive strength of concrete on the basis of computational numerical analysis. I. Skrzypczak, L. Buda-O\u017c\u00f3g, T. Pytlowany. Meccanica 51 (2), 383-389; 2016.<\/li>\n<li>Durability vs technical-the usage properties of road pavements. I Skrzypczak, W Radwa\u0144ski, T PytlowanyE3S Web of Conferences 45, 00082; 2018.<\/li>\n<li>Evaluation of load values using the Gumbel model; Sz. Wolinski, T. Pytlowany. Archives of Civil Engineering 58 (2), 199-208; 2012.<\/li>\n<li>Analysis of the state of prestressed structure using data collection simulation technique. S. Woli\u0144ski, T Pytlowany; MATEC Web of Conferences 262, 08006; 2019.<\/li>\n<li>Choice of road building technology-statistic analyses with the use of the Hellwig method. I Skrzypczak, W Radwa\u0144ski, T Pytlowany; E3S Web of Conferences 45, 00081; 2018.<\/li>\n<li>Parametric Analysis of the Sensitivity of a Prestressed Concrete Beam Using the DOE Simulation Technique Sz. Woli\u0144ski, T. Pytlowany; Archives of Civil Engineering 65 (4), 97-112; 201.<\/li>\n<li>Landslides and the Risk of Damage to Road Infrastructure on the Example of a Transport Node. I Skrzypczak, W Kokoszka, T. Pytlowany, W. Radwa\u0144ski. Scientific And Technical Conference Transport Systems Theory And Practice, 53-62 2019.<\/li>\n<li>AHP as a Method Supporting the Decision-Making Process in the Choice of Road Building Technology I. Skrzypczak, W. Kokoszka, T. Pytlowany, W. Radwa\u0144ski.<\/li>\n<li>Scientific And Technical Conference Transport Systems Theory And Practice, 80-92; 2019.<\/li>\n<li>Resistance Probabilistic Analysis of RCC Pavement; I Skrzypczak, W Kokoszka, T Pytlowany, W. Radwa\u0144ski Scientific And Technical Conference Transport Systems Theory And Practice, 37-45; 2019.<\/li>\n<li>Roller compacted concrete as alternative for local roads; W Radwa\u0144ski, T Pytlowany; 2018; Zielona G\u00f3ra: Oficyna Wydawnicza Uniwersytetu Zielonog\u00f3rskiego.<\/li>\n<li>Nawierzchnia z betonu wa\u0142owanego jako alternatywa dla dr\u00f3g lokalnych; W Radwa\u0144ski, T Pytlowany; 2018; Quaterly of Environmental Engineering and Design 169.<\/li>\n<li>The analysis of road building technology with a data normalization method. W Radwa\u0144ski, T Pytlowany, I Skrzypczak; 2018;Czasopismo In\u017cynierii L\u0105dowej, \u015arodowiska i Architektury; 2018.<\/li>\n<li>Drogi z betonu wa\u0142owanego alternatyw\u0105 dla dr\u00f3g asfaltowych; W Radwa\u0144ski, T Pytlowany, I Skrzypczak; Magazyn Autostrady; 2018.<\/li>\n<li>Propozycja szacowania oddzia\u0142ywa\u0144 klimatycznych z wykorzystaniem metody Peak Over Threshold-obci\u0105\u017cenie gruntu \u015bniegiem T Pytlowany; Materia\u0142y Budowlane; 2017.<\/li>\n<li>Wyb\u00f3r rozk\u0142adu oddzia\u0142ywa\u0144 klimatycznych z wykorzystaniem metody Bayes\u2019a. T Pytlowany, S Woli\u0144ski; Czasopismo In\u017cynierii L\u0105dowej, \u015arodowiska i Architektury, 43\u201452; 2016.<\/li>\n<li>Ocena ryzyka i odporno\u015bci poawaryjnej p\u0142askich strop\u00f3w p\u0142ytowych spr\u0119\u017conych ci\u0119gnami bez przyczepno\u015bciS Woli\u0144ski, T Pytlowany; 2015.<\/li>\n<li>Zastosowanie metody georadarowej w rozwi\u0105zywaniu problem\u00f3w in\u017cynierskich budownictwa komunikacyjnego; B Rajchel, T Pytlowany; TTS Technika Transportu Szynowego 22; 2015.<\/li>\n<li>Influence of the slipe effect on simply supported composite beam.<\/li>\n<li>T Pytlowany; Challenges of Modern Technology 3 (2), 44\u201449; 2012.<\/li>\n<li>\u0141a\u0144cuch Markowa jako model oddzia\u0142ywa\u0144 wyj\u0105tkowych. T Pytlowany; 2011; Zeszyty Naukowe Politechniki Rzeszowskiej. Budownictwo i In\u017cynieria \u2026<\/li>\n<li>Uwagi o szacowaniu warto\u015bci oddzia\u0142ywa\u0144 za pomoc\u0105 modelu Gumbela, S Woli\u0144ski, T Pytlowany; 2010.<\/li>\n<\/ol>\n<hr>\n<p>&nbsp;<\/p>\n","protected":false},"excerpt":{"rendered":"<p>Autorstwo lub wsp\u00f3\u0142autorstwo w 23 publikacjach 3 publikacje w czasopismach technicznych z listy MNiSW -A, 6 w zeszytach naukowych, pozosta\u0142e w czasopismach bran\u017cowych, 20 referat\u00f3w na konferencje: 3 mi\u0119dzynarodowe, 14 krajowe, Wykonanie ponad 20 projekt\u00f3w i kilkunastu ekspertyz budowlanych, 3 prace wdro\u017ceniowe. Najwa\u017cniejsze publikacje Fuzzy method of conformity control for [\u2026] <\/p>\n<div class=\"clear\"><\/div>\n<p><a class=\"more_link clearfix\" href=\"https:\/\/pans.krosno.pl\/pracownicy\/tomasz-pytlowany\/tomasz-pytlowany-najwazniejsze-publikacje\/\" rel=\"nofollow\">Read More<\/a><\/p>\n","protected":false},"author":36,"featured_media":0,"parent":813,"menu_order":0,"comment_status":"closed","ping_status":"closed","template":"","meta":{"ngg_post_thumbnail":0,"footnotes":""},"class_list":["post-823","page","type-page","status-publish","hentry"],"yoast_head":"<!-- This site is optimized with the Yoast SEO Premium plugin v27.4 (Yoast SEO v27.4) - https:\/\/yoast.com\/product\/yoast-seo-premium-wordpress\/ -->\n<title>dr in\u017c. Tomasz Pytlowany - Najwa\u017cniejsze publikacje - Pracownicy PANS w Kro\u015bnie<\/title>\n<meta name=\"robots\" content=\"index, follow, max-snippet:-1, max-image-preview:large, max-video-preview:-1\" \/>\n<link rel=\"canonical\" href=\"https:\/\/pans.krosno.pl\/pracownicy\/tomasz-pytlowany\/tomasz-pytlowany-najwazniejsze-publikacje\/\" \/>\n<meta property=\"og:locale\" content=\"pl_PL\" \/>\n<meta property=\"og:type\" content=\"article\" \/>\n<meta property=\"og:title\" content=\"dr in\u017c. Tomasz Pytlowany - Najwa\u017cniejsze publikacje\" \/>\n<meta property=\"og:description\" content=\"Autorstwo lub wsp\u00f3\u0142autorstwo w 23 publikacjach 3 publikacje w czasopismach technicznych z listy MNiSW -A, 6 w zeszytach naukowych, pozosta\u0142e w czasopismach bran\u017cowych, 20 referat\u00f3w na konferencje: 3 mi\u0119dzynarodowe, 14 krajowe, Wykonanie ponad 20 projekt\u00f3w i kilkunastu ekspertyz budowlanych, 3 prace wdro\u017ceniowe. Najwa\u017cniejsze publikacje Fuzzy method of conformity control for [\u2026] Read More\" \/>\n<meta property=\"og:url\" content=\"https:\/\/pans.krosno.pl\/pracownicy\/tomasz-pytlowany\/tomasz-pytlowany-najwazniejsze-publikacje\/\" \/>\n<meta property=\"og:site_name\" content=\"Pracownicy PANS w Kro\u015bnie\" \/>\n<meta property=\"article:modified_time\" content=\"2025-05-20T11:19:50+00:00\" \/>\n<meta name=\"twitter:card\" content=\"summary_large_image\" \/>\n<meta name=\"twitter:label1\" content=\"Szacowany czas czytania\" \/>\n\t<meta name=\"twitter:data1\" content=\"3 minuty\" \/>\n<script type=\"application\/ld+json\" class=\"yoast-schema-graph\">{\"@context\":\"https:\\\/\\\/schema.org\",\"@graph\":[{\"@type\":\"WebPage\",\"@id\":\"https:\\\/\\\/pans.krosno.pl\\\/pracownicy\\\/tomasz-pytlowany\\\/tomasz-pytlowany-najwazniejsze-publikacje\\\/\",\"url\":\"https:\\\/\\\/pans.krosno.pl\\\/pracownicy\\\/tomasz-pytlowany\\\/tomasz-pytlowany-najwazniejsze-publikacje\\\/\",\"name\":\"dr in\u017c. Tomasz Pytlowany - Najwa\u017cniejsze publikacje - Pracownicy PANS w Kro\u015bnie\",\"isPartOf\":{\"@id\":\"https:\\\/\\\/pans.krosno.pl\\\/pracownicy\\\/#website\"},\"datePublished\":\"2020-03-31T12:26:21+00:00\",\"dateModified\":\"2025-05-20T11:19:50+00:00\",\"breadcrumb\":{\"@id\":\"https:\\\/\\\/pans.krosno.pl\\\/pracownicy\\\/tomasz-pytlowany\\\/tomasz-pytlowany-najwazniejsze-publikacje\\\/#breadcrumb\"},\"inLanguage\":\"pl-PL\",\"potentialAction\":[{\"@type\":\"ReadAction\",\"target\":[\"https:\\\/\\\/pans.krosno.pl\\\/pracownicy\\\/tomasz-pytlowany\\\/tomasz-pytlowany-najwazniejsze-publikacje\\\/\"]}]},{\"@type\":\"BreadcrumbList\",\"@id\":\"https:\\\/\\\/pans.krosno.pl\\\/pracownicy\\\/tomasz-pytlowany\\\/tomasz-pytlowany-najwazniejsze-publikacje\\\/#breadcrumb\",\"itemListElement\":[{\"@type\":\"ListItem\",\"position\":1,\"name\":\"Strona g\u0142\u00f3wna\",\"item\":\"https:\\\/\\\/pans.krosno.pl\\\/pracownicy\\\/\"},{\"@type\":\"ListItem\",\"position\":2,\"name\":\"dr in\u017c. Tomasz Pytlowany\",\"item\":\"https:\\\/\\\/pans.krosno.pl\\\/pracownicy\\\/tomasz-pytlowany\\\/\"},{\"@type\":\"ListItem\",\"position\":3,\"name\":\"dr in\u017c. Tomasz Pytlowany &#8211; Najwa\u017cniejsze publikacje\"}]},{\"@type\":\"WebSite\",\"@id\":\"https:\\\/\\\/pans.krosno.pl\\\/pracownicy\\\/#website\",\"url\":\"https:\\\/\\\/pans.krosno.pl\\\/pracownicy\\\/\",\"name\":\"Pracownicy PANS w Kro\u015bnie\",\"description\":\"Pracownicy - Pa\u0144stwowa Akademia Nauk Stosowanych\",\"publisher\":{\"@id\":\"https:\\\/\\\/pans.krosno.pl\\\/pracownicy\\\/#organization\"},\"potentialAction\":[{\"@type\":\"SearchAction\",\"target\":{\"@type\":\"EntryPoint\",\"urlTemplate\":\"https:\\\/\\\/pans.krosno.pl\\\/pracownicy\\\/?s={search_term_string}\"},\"query-input\":{\"@type\":\"PropertyValueSpecification\",\"valueRequired\":true,\"valueName\":\"search_term_string\"}}],\"inLanguage\":\"pl-PL\"},{\"@type\":\"Organization\",\"@id\":\"https:\\\/\\\/pans.krosno.pl\\\/pracownicy\\\/#organization\",\"name\":\"Pracownicy PANS w Kro\u015bnie\",\"url\":\"https:\\\/\\\/pans.krosno.pl\\\/pracownicy\\\/\",\"logo\":{\"@type\":\"ImageObject\",\"inLanguage\":\"pl-PL\",\"@id\":\"https:\\\/\\\/pans.krosno.pl\\\/pracownicy\\\/#\\\/schema\\\/logo\\\/image\\\/\",\"url\":\"https:\\\/\\\/pans.krosno.pl\\\/pracownicy\\\/wp-content\\\/uploads\\\/sites\\\/41\\\/2023\\\/01\\\/Logo-PANS-2022-pelne.png\",\"contentUrl\":\"https:\\\/\\\/pans.krosno.pl\\\/pracownicy\\\/wp-content\\\/uploads\\\/sites\\\/41\\\/2023\\\/01\\\/Logo-PANS-2022-pelne.png\",\"width\":3096,\"height\":696,\"caption\":\"Pracownicy PANS w Kro\u015bnie\"},\"image\":{\"@id\":\"https:\\\/\\\/pans.krosno.pl\\\/pracownicy\\\/#\\\/schema\\\/logo\\\/image\\\/\"}}]}<\/script>\n<!-- \/ Yoast SEO Premium plugin. -->","yoast_head_json":{"title":"dr in\u017c. Tomasz Pytlowany - Najwa\u017cniejsze publikacje - Pracownicy PANS w Kro\u015bnie","robots":{"index":"index","follow":"follow","max-snippet":"max-snippet:-1","max-image-preview":"max-image-preview:large","max-video-preview":"max-video-preview:-1"},"canonical":"https:\/\/pans.krosno.pl\/pracownicy\/tomasz-pytlowany\/tomasz-pytlowany-najwazniejsze-publikacje\/","og_locale":"pl_PL","og_type":"article","og_title":"dr in\u017c. Tomasz Pytlowany - Najwa\u017cniejsze publikacje","og_description":"Autorstwo lub wsp\u00f3\u0142autorstwo w 23 publikacjach 3 publikacje w czasopismach technicznych z listy MNiSW -A, 6 w zeszytach naukowych, pozosta\u0142e w czasopismach bran\u017cowych, 20 referat\u00f3w na konferencje: 3 mi\u0119dzynarodowe, 14 krajowe, Wykonanie ponad 20 projekt\u00f3w i kilkunastu ekspertyz budowlanych, 3 prace wdro\u017ceniowe. Najwa\u017cniejsze publikacje Fuzzy method of conformity control for [\u2026] Read More","og_url":"https:\/\/pans.krosno.pl\/pracownicy\/tomasz-pytlowany\/tomasz-pytlowany-najwazniejsze-publikacje\/","og_site_name":"Pracownicy PANS w Kro\u015bnie","article_modified_time":"2025-05-20T11:19:50+00:00","twitter_card":"summary_large_image","twitter_misc":{"Szacowany czas czytania":"3 minuty"},"schema":{"@context":"https:\/\/schema.org","@graph":[{"@type":"WebPage","@id":"https:\/\/pans.krosno.pl\/pracownicy\/tomasz-pytlowany\/tomasz-pytlowany-najwazniejsze-publikacje\/","url":"https:\/\/pans.krosno.pl\/pracownicy\/tomasz-pytlowany\/tomasz-pytlowany-najwazniejsze-publikacje\/","name":"dr in\u017c. Tomasz Pytlowany - Najwa\u017cniejsze publikacje - Pracownicy PANS w Kro\u015bnie","isPartOf":{"@id":"https:\/\/pans.krosno.pl\/pracownicy\/#website"},"datePublished":"2020-03-31T12:26:21+00:00","dateModified":"2025-05-20T11:19:50+00:00","breadcrumb":{"@id":"https:\/\/pans.krosno.pl\/pracownicy\/tomasz-pytlowany\/tomasz-pytlowany-najwazniejsze-publikacje\/#breadcrumb"},"inLanguage":"pl-PL","potentialAction":[{"@type":"ReadAction","target":["https:\/\/pans.krosno.pl\/pracownicy\/tomasz-pytlowany\/tomasz-pytlowany-najwazniejsze-publikacje\/"]}]},{"@type":"BreadcrumbList","@id":"https:\/\/pans.krosno.pl\/pracownicy\/tomasz-pytlowany\/tomasz-pytlowany-najwazniejsze-publikacje\/#breadcrumb","itemListElement":[{"@type":"ListItem","position":1,"name":"Strona g\u0142\u00f3wna","item":"https:\/\/pans.krosno.pl\/pracownicy\/"},{"@type":"ListItem","position":2,"name":"dr in\u017c. Tomasz Pytlowany","item":"https:\/\/pans.krosno.pl\/pracownicy\/tomasz-pytlowany\/"},{"@type":"ListItem","position":3,"name":"dr in\u017c. Tomasz Pytlowany &#8211; Najwa\u017cniejsze publikacje"}]},{"@type":"WebSite","@id":"https:\/\/pans.krosno.pl\/pracownicy\/#website","url":"https:\/\/pans.krosno.pl\/pracownicy\/","name":"Pracownicy PANS w Kro\u015bnie","description":"Pracownicy - Pa\u0144stwowa Akademia Nauk Stosowanych","publisher":{"@id":"https:\/\/pans.krosno.pl\/pracownicy\/#organization"},"potentialAction":[{"@type":"SearchAction","target":{"@type":"EntryPoint","urlTemplate":"https:\/\/pans.krosno.pl\/pracownicy\/?s={search_term_string}"},"query-input":{"@type":"PropertyValueSpecification","valueRequired":true,"valueName":"search_term_string"}}],"inLanguage":"pl-PL"},{"@type":"Organization","@id":"https:\/\/pans.krosno.pl\/pracownicy\/#organization","name":"Pracownicy PANS w Kro\u015bnie","url":"https:\/\/pans.krosno.pl\/pracownicy\/","logo":{"@type":"ImageObject","inLanguage":"pl-PL","@id":"https:\/\/pans.krosno.pl\/pracownicy\/#\/schema\/logo\/image\/","url":"https:\/\/pans.krosno.pl\/pracownicy\/wp-content\/uploads\/sites\/41\/2023\/01\/Logo-PANS-2022-pelne.png","contentUrl":"https:\/\/pans.krosno.pl\/pracownicy\/wp-content\/uploads\/sites\/41\/2023\/01\/Logo-PANS-2022-pelne.png","width":3096,"height":696,"caption":"Pracownicy PANS w Kro\u015bnie"},"image":{"@id":"https:\/\/pans.krosno.pl\/pracownicy\/#\/schema\/logo\/image\/"}}]}},"_links":{"self":[{"href":"https:\/\/pans.krosno.pl\/pracownicy\/wp-json\/wp\/v2\/pages\/823","targetHints":{"allow":["GET"]}}],"collection":[{"href":"https:\/\/pans.krosno.pl\/pracownicy\/wp-json\/wp\/v2\/pages"}],"about":[{"href":"https:\/\/pans.krosno.pl\/pracownicy\/wp-json\/wp\/v2\/types\/page"}],"author":[{"embeddable":true,"href":"https:\/\/pans.krosno.pl\/pracownicy\/wp-json\/wp\/v2\/users\/36"}],"replies":[{"embeddable":true,"href":"https:\/\/pans.krosno.pl\/pracownicy\/wp-json\/wp\/v2\/comments?post=823"}],"version-history":[{"count":5,"href":"https:\/\/pans.krosno.pl\/pracownicy\/wp-json\/wp\/v2\/pages\/823\/revisions"}],"predecessor-version":[{"id":10906,"href":"https:\/\/pans.krosno.pl\/pracownicy\/wp-json\/wp\/v2\/pages\/823\/revisions\/10906"}],"up":[{"embeddable":true,"href":"https:\/\/pans.krosno.pl\/pracownicy\/wp-json\/wp\/v2\/pages\/813"}],"wp:attachment":[{"href":"https:\/\/pans.krosno.pl\/pracownicy\/wp-json\/wp\/v2\/media?parent=823"}],"curies":[{"name":"wp","href":"https:\/\/api.w.org\/{rel}","templated":true}]}}