{"id":801,"date":"2020-03-31T12:57:06","date_gmt":"2020-03-31T10:57:06","guid":{"rendered":"https:\/\/pans.krosno.pl\/pracownicy\/?page_id=801"},"modified":"2025-05-15T14:48:59","modified_gmt":"2025-05-15T12:48:59","slug":"dawid-makowicz-zyciorys-naukowy","status":"publish","type":"page","link":"https:\/\/pans.krosno.pl\/pracownicy\/dawid-makowicz\/dawid-makowicz-zyciorys-naukowy\/","title":{"rendered":"mgr Dawid Makowicz &#8211; \u017byciorys naukowy"},"content":{"rendered":"<hr>\n<ul>\n<li>Absolwent Medycznej Szko\u0142y Policealnej im. prof. Rudolfa Weigla w Ja\u015ble &#8211; Ratownik medyczny<\/li>\n<li>Absolwent Instytutu Ochrony Zdrowia Pa\u0144stwowej Wy\u017cszej Szko\u0142y Zawodowej w Tarnowie &#8211; magister Piel\u0119gniarstwa<\/li>\n<li>Specjalista Piel\u0119gniarstwa Internistycznego<\/li>\n<\/ul>\n<hr>\n<p style=\"text-align: center\"><strong>Uko\u0144czone kszta\u0142cenie podyplomowe<\/strong><\/p>\n<p><strong>Kurs kwalifikacyjny pn.: <\/strong><\/p>\n<ul>\n<li>&#8222;Piel\u0119gniarstwo anestezjologiczne i intensywnej opieki dla piel\u0119gniarek&#8221;,<\/li>\n<li>&#8222;Wykonywanie i interpretacja zapisu elektrograficznego dla piel\u0119gniarek i po\u0142o\u017cnych&#8221;,<\/li>\n<li>&#8222;Resuscytacja kr\u0105\u017ceniowo-oddechowa dla piel\u0119gniarek i po\u0142o\u017cnych,<\/li>\n<li>&#8222;Przetaczanie krwi i jej sk\u0142adnik\u00f3w&#8221;,<\/li>\n<li>&#8222;Wywiad i badania fizykalne&#8221;,<\/li>\n<li>&#8222;B\u00f3l ostry i przewlek\u0142y&#8221;,<\/li>\n<li>&#8222;Asystent osoby niepe\u0142nosprawnej&#8221;.<\/li>\n<\/ul>\n<p><strong>Szkolenie praktyczne pn.: <\/strong><\/p>\n<ul>\n<li>&#8222;Instruktor symulacji niskiej wierno\u015bci w piel\u0119gniarstwie&#8221;,<\/li>\n<li>&#8222;Instruktor symulacji przedmiot\u00f3w specjalistycznych \u2013 po\u015brednia wierno\u015b\u0107&#8221;,<\/li>\n<li>&#8222;Instruktor symulacji wysokiej wierno\u015bci&#8221;,<\/li>\n<li>&#8222;Egzaminator OSCE w piel\u0119gniarstwie&#8221;,<\/li>\n<li>&#8222;Higiena i profesjonalna dezynfekcja&#8221;,<\/li>\n<li>&#8222;Podstawowe zabiegi resuscytacyjnych z u\u017cyciem AED&#8221;,<\/li>\n<li>&#8222;Zasady przyjmowania, realizacji i dokumentowanie zlece\u0144 lekarskich przez piel\u0119gniarki&#8221;.<\/li>\n<\/ul>\n<hr>\n<p>&nbsp;<\/p>\n","protected":false},"excerpt":{"rendered":"<p>Absolwent Medycznej Szko\u0142y Policealnej im. prof. Rudolfa Weigla w Ja\u015ble &#8211; Ratownik medyczny Absolwent Instytutu Ochrony Zdrowia Pa\u0144stwowej Wy\u017cszej Szko\u0142y Zawodowej w Tarnowie &#8211; magister Piel\u0119gniarstwa Specjalista Piel\u0119gniarstwa Internistycznego Uko\u0144czone kszta\u0142cenie podyplomowe Kurs kwalifikacyjny pn.: &#8222;Piel\u0119gniarstwo anestezjologiczne i intensywnej opieki dla piel\u0119gniarek&#8221;, &#8222;Wykonywanie i interpretacja zapisu elektrograficznego dla piel\u0119gniarek i [\u2026] <\/p>\n<div class=\"clear\"><\/div>\n<p><a class=\"more_link clearfix\" href=\"https:\/\/pans.krosno.pl\/pracownicy\/dawid-makowicz\/dawid-makowicz-zyciorys-naukowy\/\" rel=\"nofollow\">Read More<\/a><\/p>\n","protected":false},"author":34,"featured_media":0,"parent":799,"menu_order":0,"comment_status":"closed","ping_status":"closed","template":"","meta":{"ngg_post_thumbnail":0,"footnotes":""},"class_list":["post-801","page","type-page","status-publish","hentry"],"yoast_head":"<!-- This site is optimized with the Yoast SEO Premium plugin v27.3 (Yoast SEO v27.3) - https:\/\/yoast.com\/product\/yoast-seo-premium-wordpress\/ -->\n<title>mgr Dawid Makowicz - \u017byciorys naukowy - Pracownicy PANS w Kro\u015bnie<\/title>\n<meta name=\"robots\" content=\"index, follow, max-snippet:-1, max-image-preview:large, max-video-preview:-1\" \/>\n<link rel=\"canonical\" href=\"https:\/\/pans.krosno.pl\/pracownicy\/dawid-makowicz\/dawid-makowicz-zyciorys-naukowy\/\" \/>\n<meta property=\"og:locale\" content=\"pl_PL\" \/>\n<meta property=\"og:type\" content=\"article\" \/>\n<meta property=\"og:title\" content=\"mgr Dawid Makowicz - \u017byciorys naukowy\" \/>\n<meta property=\"og:description\" content=\"Absolwent Medycznej Szko\u0142y Policealnej im. prof. Rudolfa Weigla w Ja\u015ble &#8211; Ratownik medyczny Absolwent Instytutu Ochrony Zdrowia Pa\u0144stwowej Wy\u017cszej Szko\u0142y Zawodowej w Tarnowie &#8211; magister Piel\u0119gniarstwa Specjalista Piel\u0119gniarstwa Internistycznego Uko\u0144czone kszta\u0142cenie podyplomowe Kurs kwalifikacyjny pn.: &#8222;Piel\u0119gniarstwo anestezjologiczne i intensywnej opieki dla piel\u0119gniarek&#8221;, &#8222;Wykonywanie i interpretacja zapisu elektrograficznego dla piel\u0119gniarek i [\u2026] Read More\" \/>\n<meta property=\"og:url\" content=\"https:\/\/pans.krosno.pl\/pracownicy\/dawid-makowicz\/dawid-makowicz-zyciorys-naukowy\/\" \/>\n<meta property=\"og:site_name\" content=\"Pracownicy PANS w Kro\u015bnie\" \/>\n<meta property=\"article:modified_time\" content=\"2025-05-15T12:48:59+00:00\" \/>\n<meta name=\"twitter:card\" content=\"summary_large_image\" \/>\n<meta name=\"twitter:label1\" content=\"Szacowany czas czytania\" \/>\n\t<meta name=\"twitter:data1\" content=\"1 minuta\" \/>\n<script type=\"application\/ld+json\" class=\"yoast-schema-graph\">{\"@context\":\"https:\\\/\\\/schema.org\",\"@graph\":[{\"@type\":\"WebPage\",\"@id\":\"https:\\\/\\\/pans.krosno.pl\\\/pracownicy\\\/dawid-makowicz\\\/dawid-makowicz-zyciorys-naukowy\\\/\",\"url\":\"https:\\\/\\\/pans.krosno.pl\\\/pracownicy\\\/dawid-makowicz\\\/dawid-makowicz-zyciorys-naukowy\\\/\",\"name\":\"mgr Dawid Makowicz - \u017byciorys naukowy - Pracownicy PANS w Kro\u015bnie\",\"isPartOf\":{\"@id\":\"https:\\\/\\\/pans.krosno.pl\\\/pracownicy\\\/#website\"},\"datePublished\":\"2020-03-31T10:57:06+00:00\",\"dateModified\":\"2025-05-15T12:48:59+00:00\",\"breadcrumb\":{\"@id\":\"https:\\\/\\\/pans.krosno.pl\\\/pracownicy\\\/dawid-makowicz\\\/dawid-makowicz-zyciorys-naukowy\\\/#breadcrumb\"},\"inLanguage\":\"pl-PL\",\"potentialAction\":[{\"@type\":\"ReadAction\",\"target\":[\"https:\\\/\\\/pans.krosno.pl\\\/pracownicy\\\/dawid-makowicz\\\/dawid-makowicz-zyciorys-naukowy\\\/\"]}]},{\"@type\":\"BreadcrumbList\",\"@id\":\"https:\\\/\\\/pans.krosno.pl\\\/pracownicy\\\/dawid-makowicz\\\/dawid-makowicz-zyciorys-naukowy\\\/#breadcrumb\",\"itemListElement\":[{\"@type\":\"ListItem\",\"position\":1,\"name\":\"Strona g\u0142\u00f3wna\",\"item\":\"https:\\\/\\\/pans.krosno.pl\\\/pracownicy\\\/\"},{\"@type\":\"ListItem\",\"position\":2,\"name\":\"mgr Dawid Makowicz\",\"item\":\"https:\\\/\\\/pans.krosno.pl\\\/pracownicy\\\/dawid-makowicz\\\/\"},{\"@type\":\"ListItem\",\"position\":3,\"name\":\"mgr Dawid Makowicz &#8211; \u017byciorys naukowy\"}]},{\"@type\":\"WebSite\",\"@id\":\"https:\\\/\\\/pans.krosno.pl\\\/pracownicy\\\/#website\",\"url\":\"https:\\\/\\\/pans.krosno.pl\\\/pracownicy\\\/\",\"name\":\"Pracownicy PANS w Kro\u015bnie\",\"description\":\"Pracownicy - Pa\u0144stwowa Akademia Nauk Stosowanych\",\"publisher\":{\"@id\":\"https:\\\/\\\/pans.krosno.pl\\\/pracownicy\\\/#organization\"},\"potentialAction\":[{\"@type\":\"SearchAction\",\"target\":{\"@type\":\"EntryPoint\",\"urlTemplate\":\"https:\\\/\\\/pans.krosno.pl\\\/pracownicy\\\/?s={search_term_string}\"},\"query-input\":{\"@type\":\"PropertyValueSpecification\",\"valueRequired\":true,\"valueName\":\"search_term_string\"}}],\"inLanguage\":\"pl-PL\"},{\"@type\":\"Organization\",\"@id\":\"https:\\\/\\\/pans.krosno.pl\\\/pracownicy\\\/#organization\",\"name\":\"Pracownicy PANS w Kro\u015bnie\",\"url\":\"https:\\\/\\\/pans.krosno.pl\\\/pracownicy\\\/\",\"logo\":{\"@type\":\"ImageObject\",\"inLanguage\":\"pl-PL\",\"@id\":\"https:\\\/\\\/pans.krosno.pl\\\/pracownicy\\\/#\\\/schema\\\/logo\\\/image\\\/\",\"url\":\"https:\\\/\\\/pans.krosno.pl\\\/pracownicy\\\/wp-content\\\/uploads\\\/sites\\\/41\\\/2023\\\/01\\\/Logo-PANS-2022-pelne.png\",\"contentUrl\":\"https:\\\/\\\/pans.krosno.pl\\\/pracownicy\\\/wp-content\\\/uploads\\\/sites\\\/41\\\/2023\\\/01\\\/Logo-PANS-2022-pelne.png\",\"width\":3096,\"height\":696,\"caption\":\"Pracownicy PANS w Kro\u015bnie\"},\"image\":{\"@id\":\"https:\\\/\\\/pans.krosno.pl\\\/pracownicy\\\/#\\\/schema\\\/logo\\\/image\\\/\"}}]}<\/script>\n<!-- \/ Yoast SEO Premium plugin. -->","yoast_head_json":{"title":"mgr Dawid Makowicz - \u017byciorys naukowy - Pracownicy PANS w Kro\u015bnie","robots":{"index":"index","follow":"follow","max-snippet":"max-snippet:-1","max-image-preview":"max-image-preview:large","max-video-preview":"max-video-preview:-1"},"canonical":"https:\/\/pans.krosno.pl\/pracownicy\/dawid-makowicz\/dawid-makowicz-zyciorys-naukowy\/","og_locale":"pl_PL","og_type":"article","og_title":"mgr Dawid Makowicz - \u017byciorys naukowy","og_description":"Absolwent Medycznej Szko\u0142y Policealnej im. prof. Rudolfa Weigla w Ja\u015ble &#8211; Ratownik medyczny Absolwent Instytutu Ochrony Zdrowia Pa\u0144stwowej Wy\u017cszej Szko\u0142y Zawodowej w Tarnowie &#8211; magister Piel\u0119gniarstwa Specjalista Piel\u0119gniarstwa Internistycznego Uko\u0144czone kszta\u0142cenie podyplomowe Kurs kwalifikacyjny pn.: &#8222;Piel\u0119gniarstwo anestezjologiczne i intensywnej opieki dla piel\u0119gniarek&#8221;, &#8222;Wykonywanie i interpretacja zapisu elektrograficznego dla piel\u0119gniarek i [\u2026] Read More","og_url":"https:\/\/pans.krosno.pl\/pracownicy\/dawid-makowicz\/dawid-makowicz-zyciorys-naukowy\/","og_site_name":"Pracownicy PANS w Kro\u015bnie","article_modified_time":"2025-05-15T12:48:59+00:00","twitter_card":"summary_large_image","twitter_misc":{"Szacowany czas czytania":"1 minuta"},"schema":{"@context":"https:\/\/schema.org","@graph":[{"@type":"WebPage","@id":"https:\/\/pans.krosno.pl\/pracownicy\/dawid-makowicz\/dawid-makowicz-zyciorys-naukowy\/","url":"https:\/\/pans.krosno.pl\/pracownicy\/dawid-makowicz\/dawid-makowicz-zyciorys-naukowy\/","name":"mgr Dawid Makowicz - \u017byciorys naukowy - Pracownicy PANS w Kro\u015bnie","isPartOf":{"@id":"https:\/\/pans.krosno.pl\/pracownicy\/#website"},"datePublished":"2020-03-31T10:57:06+00:00","dateModified":"2025-05-15T12:48:59+00:00","breadcrumb":{"@id":"https:\/\/pans.krosno.pl\/pracownicy\/dawid-makowicz\/dawid-makowicz-zyciorys-naukowy\/#breadcrumb"},"inLanguage":"pl-PL","potentialAction":[{"@type":"ReadAction","target":["https:\/\/pans.krosno.pl\/pracownicy\/dawid-makowicz\/dawid-makowicz-zyciorys-naukowy\/"]}]},{"@type":"BreadcrumbList","@id":"https:\/\/pans.krosno.pl\/pracownicy\/dawid-makowicz\/dawid-makowicz-zyciorys-naukowy\/#breadcrumb","itemListElement":[{"@type":"ListItem","position":1,"name":"Strona g\u0142\u00f3wna","item":"https:\/\/pans.krosno.pl\/pracownicy\/"},{"@type":"ListItem","position":2,"name":"mgr Dawid Makowicz","item":"https:\/\/pans.krosno.pl\/pracownicy\/dawid-makowicz\/"},{"@type":"ListItem","position":3,"name":"mgr Dawid Makowicz &#8211; \u017byciorys naukowy"}]},{"@type":"WebSite","@id":"https:\/\/pans.krosno.pl\/pracownicy\/#website","url":"https:\/\/pans.krosno.pl\/pracownicy\/","name":"Pracownicy PANS w Kro\u015bnie","description":"Pracownicy - Pa\u0144stwowa Akademia Nauk Stosowanych","publisher":{"@id":"https:\/\/pans.krosno.pl\/pracownicy\/#organization"},"potentialAction":[{"@type":"SearchAction","target":{"@type":"EntryPoint","urlTemplate":"https:\/\/pans.krosno.pl\/pracownicy\/?s={search_term_string}"},"query-input":{"@type":"PropertyValueSpecification","valueRequired":true,"valueName":"search_term_string"}}],"inLanguage":"pl-PL"},{"@type":"Organization","@id":"https:\/\/pans.krosno.pl\/pracownicy\/#organization","name":"Pracownicy PANS w Kro\u015bnie","url":"https:\/\/pans.krosno.pl\/pracownicy\/","logo":{"@type":"ImageObject","inLanguage":"pl-PL","@id":"https:\/\/pans.krosno.pl\/pracownicy\/#\/schema\/logo\/image\/","url":"https:\/\/pans.krosno.pl\/pracownicy\/wp-content\/uploads\/sites\/41\/2023\/01\/Logo-PANS-2022-pelne.png","contentUrl":"https:\/\/pans.krosno.pl\/pracownicy\/wp-content\/uploads\/sites\/41\/2023\/01\/Logo-PANS-2022-pelne.png","width":3096,"height":696,"caption":"Pracownicy PANS w Kro\u015bnie"},"image":{"@id":"https:\/\/pans.krosno.pl\/pracownicy\/#\/schema\/logo\/image\/"}}]}},"_links":{"self":[{"href":"https:\/\/pans.krosno.pl\/pracownicy\/wp-json\/wp\/v2\/pages\/801","targetHints":{"allow":["GET"]}}],"collection":[{"href":"https:\/\/pans.krosno.pl\/pracownicy\/wp-json\/wp\/v2\/pages"}],"about":[{"href":"https:\/\/pans.krosno.pl\/pracownicy\/wp-json\/wp\/v2\/types\/page"}],"author":[{"embeddable":true,"href":"https:\/\/pans.krosno.pl\/pracownicy\/wp-json\/wp\/v2\/users\/34"}],"replies":[{"embeddable":true,"href":"https:\/\/pans.krosno.pl\/pracownicy\/wp-json\/wp\/v2\/comments?post=801"}],"version-history":[{"count":13,"href":"https:\/\/pans.krosno.pl\/pracownicy\/wp-json\/wp\/v2\/pages\/801\/revisions"}],"predecessor-version":[{"id":10571,"href":"https:\/\/pans.krosno.pl\/pracownicy\/wp-json\/wp\/v2\/pages\/801\/revisions\/10571"}],"up":[{"embeddable":true,"href":"https:\/\/pans.krosno.pl\/pracownicy\/wp-json\/wp\/v2\/pages\/799"}],"wp:attachment":[{"href":"https:\/\/pans.krosno.pl\/pracownicy\/wp-json\/wp\/v2\/media?parent=801"}],"curies":[{"name":"wp","href":"https:\/\/api.w.org\/{rel}","templated":true}]}}