{"id":7663,"date":"2020-09-02T09:38:01","date_gmt":"2020-09-02T07:38:01","guid":{"rendered":"https:\/\/pans.krosno.pl\/pracownicy\/?page_id=7663"},"modified":"2025-11-18T14:54:40","modified_gmt":"2025-11-18T13:54:40","slug":"malgorzata-gorka-doswiadczenie-pozauczelniane","status":"publish","type":"page","link":"https:\/\/pans.krosno.pl\/pracownicy\/malgorzata-gorka\/malgorzata-gorka-doswiadczenie-pozauczelniane\/","title":{"rendered":"dr in\u017c. Ma\u0142gorzata G\u00f3rka \u2013 Do\u015bwiadczenie pozauczelniane"},"content":{"rendered":"\n<p>Do\u015bwiadczenie zawodowe pozauczelniane:<\/p>\n\n\n\n<ul class=\"wp-block-list\">\n<li>Prowadzenie w\u0142asnej dzia\u0142alno\u015bci gospodarczej,<\/li>\n\n\n\n<li>Doradztwo w zakresie przygotowywania biznesplan\u00f3w oraz wniosk\u00f3w aplikacyjnych w celu pozyskania finansowania zewn\u0119trznego dla podmiot\u00f3w sektora publicznego, prywatnego oraz organizacji pozarz\u0105dowych,<\/li>\n\n\n\n<li>Stanowisko referent ds. handlu oraz specjalista ds. ekonomicznych w przedsi\u0119biorstwie handlowo-us\u0142ugowym,<\/li>\n\n\n\n<li>Auditor wewn\u0119trzny zintegrowanego systemu zarz\u0105dzania wed\u0142ug norm ISO 9001, ISO 14001, PN-N 18001.<\/li>\n<\/ul>\n\n\n\n<p>Szkolenia i kursy prowadzone przez dr G\u00f3rk\u0119:<\/p>\n\n\n\n<ul class=\"wp-block-list\">\n<li>Przedsi\u0119biorczo\u015b\u0107,<\/li>\n\n\n\n<li>Systemy zarz\u0105dzania jako\u015bci\u0105,<\/li>\n\n\n\n<li>Ekonomika przedsi\u0119biorstw,<\/li>\n\n\n\n<li>Pozyskiwanie funduszy europejskich na prowadzenie dzia\u0142alno\u015bci gospodarczej.<\/li>\n<\/ul>\n\n\n\n<p>Cz\u0142onkostwo i dzia\u0142alno\u015b\u0107 ekspercka:<\/p>\n\n\n\n<ul class=\"wp-block-list\">\n<li>Ekspert Zintegrowanego Systemu Kwalifikacji nadanego przez Ministra Edukacji Narodowej,<\/li>\n\n\n\n<li>Cz\u0142onek Polskiego Towarzystwa Ekonomist\u00f3w Rolnictwa i Agrobiznesu,<\/li>\n\n\n\n<li>Cz\u0142onek Polskiego Towarzystwa Naukowego Marketingu.<\/li>\n<\/ul>\n","protected":false},"excerpt":{"rendered":"<p>Do\u015bwiadczenie zawodowe pozauczelniane: Szkolenia i kursy prowadzone przez dr G\u00f3rk\u0119: Cz\u0142onkostwo i dzia\u0142alno\u015b\u0107 ekspercka:<\/p>\n","protected":false},"author":34,"featured_media":0,"parent":385,"menu_order":0,"comment_status":"closed","ping_status":"closed","template":"","meta":{"ngg_post_thumbnail":0,"footnotes":""},"class_list":["post-7663","page","type-page","status-publish","hentry"],"yoast_head":"<!-- This site is optimized with the Yoast SEO Premium plugin v27.4 (Yoast SEO v27.4) - https:\/\/yoast.com\/product\/yoast-seo-premium-wordpress\/ -->\n<title>dr in\u017c. Ma\u0142gorzata G\u00f3rka \u2013 Do\u015bwiadczenie pozauczelniane - Pracownicy PANS w Kro\u015bnie<\/title>\n<meta name=\"robots\" content=\"index, follow, max-snippet:-1, max-image-preview:large, max-video-preview:-1\" \/>\n<link rel=\"canonical\" href=\"https:\/\/pans.krosno.pl\/pracownicy\/malgorzata-gorka\/malgorzata-gorka-doswiadczenie-pozauczelniane\/\" \/>\n<meta property=\"og:locale\" content=\"pl_PL\" \/>\n<meta property=\"og:type\" content=\"article\" \/>\n<meta property=\"og:title\" content=\"dr in\u017c. Ma\u0142gorzata G\u00f3rka \u2013 Do\u015bwiadczenie pozauczelniane\" \/>\n<meta property=\"og:description\" content=\"Do\u015bwiadczenie zawodowe pozauczelniane: Szkolenia i kursy prowadzone przez dr G\u00f3rk\u0119: Cz\u0142onkostwo i dzia\u0142alno\u015b\u0107 ekspercka:\" \/>\n<meta property=\"og:url\" content=\"https:\/\/pans.krosno.pl\/pracownicy\/malgorzata-gorka\/malgorzata-gorka-doswiadczenie-pozauczelniane\/\" \/>\n<meta property=\"og:site_name\" content=\"Pracownicy PANS w Kro\u015bnie\" \/>\n<meta property=\"article:modified_time\" content=\"2025-11-18T13:54:40+00:00\" \/>\n<meta name=\"twitter:card\" content=\"summary_large_image\" \/>\n<meta name=\"twitter:label1\" content=\"Szacowany czas czytania\" \/>\n\t<meta name=\"twitter:data1\" content=\"1 minuta\" \/>\n<script type=\"application\/ld+json\" class=\"yoast-schema-graph\">{\"@context\":\"https:\\\/\\\/schema.org\",\"@graph\":[{\"@type\":\"WebPage\",\"@id\":\"https:\\\/\\\/pans.krosno.pl\\\/pracownicy\\\/malgorzata-gorka\\\/malgorzata-gorka-doswiadczenie-pozauczelniane\\\/\",\"url\":\"https:\\\/\\\/pans.krosno.pl\\\/pracownicy\\\/malgorzata-gorka\\\/malgorzata-gorka-doswiadczenie-pozauczelniane\\\/\",\"name\":\"dr in\u017c. Ma\u0142gorzata G\u00f3rka \u2013 Do\u015bwiadczenie pozauczelniane - Pracownicy PANS w Kro\u015bnie\",\"isPartOf\":{\"@id\":\"https:\\\/\\\/pans.krosno.pl\\\/pracownicy\\\/#website\"},\"datePublished\":\"2020-09-02T07:38:01+00:00\",\"dateModified\":\"2025-11-18T13:54:40+00:00\",\"breadcrumb\":{\"@id\":\"https:\\\/\\\/pans.krosno.pl\\\/pracownicy\\\/malgorzata-gorka\\\/malgorzata-gorka-doswiadczenie-pozauczelniane\\\/#breadcrumb\"},\"inLanguage\":\"pl-PL\",\"potentialAction\":[{\"@type\":\"ReadAction\",\"target\":[\"https:\\\/\\\/pans.krosno.pl\\\/pracownicy\\\/malgorzata-gorka\\\/malgorzata-gorka-doswiadczenie-pozauczelniane\\\/\"]}]},{\"@type\":\"BreadcrumbList\",\"@id\":\"https:\\\/\\\/pans.krosno.pl\\\/pracownicy\\\/malgorzata-gorka\\\/malgorzata-gorka-doswiadczenie-pozauczelniane\\\/#breadcrumb\",\"itemListElement\":[{\"@type\":\"ListItem\",\"position\":1,\"name\":\"Strona g\u0142\u00f3wna\",\"item\":\"https:\\\/\\\/pans.krosno.pl\\\/pracownicy\\\/\"},{\"@type\":\"ListItem\",\"position\":2,\"name\":\"dr in\u017c. Ma\u0142gorzata G\u00f3rka\",\"item\":\"https:\\\/\\\/pans.krosno.pl\\\/pracownicy\\\/malgorzata-gorka\\\/\"},{\"@type\":\"ListItem\",\"position\":3,\"name\":\"dr in\u017c. Ma\u0142gorzata G\u00f3rka \u2013 Do\u015bwiadczenie pozauczelniane\"}]},{\"@type\":\"WebSite\",\"@id\":\"https:\\\/\\\/pans.krosno.pl\\\/pracownicy\\\/#website\",\"url\":\"https:\\\/\\\/pans.krosno.pl\\\/pracownicy\\\/\",\"name\":\"Pracownicy PANS w Kro\u015bnie\",\"description\":\"Pracownicy - Pa\u0144stwowa Akademia Nauk Stosowanych\",\"publisher\":{\"@id\":\"https:\\\/\\\/pans.krosno.pl\\\/pracownicy\\\/#organization\"},\"potentialAction\":[{\"@type\":\"SearchAction\",\"target\":{\"@type\":\"EntryPoint\",\"urlTemplate\":\"https:\\\/\\\/pans.krosno.pl\\\/pracownicy\\\/?s={search_term_string}\"},\"query-input\":{\"@type\":\"PropertyValueSpecification\",\"valueRequired\":true,\"valueName\":\"search_term_string\"}}],\"inLanguage\":\"pl-PL\"},{\"@type\":\"Organization\",\"@id\":\"https:\\\/\\\/pans.krosno.pl\\\/pracownicy\\\/#organization\",\"name\":\"Pracownicy PANS w Kro\u015bnie\",\"url\":\"https:\\\/\\\/pans.krosno.pl\\\/pracownicy\\\/\",\"logo\":{\"@type\":\"ImageObject\",\"inLanguage\":\"pl-PL\",\"@id\":\"https:\\\/\\\/pans.krosno.pl\\\/pracownicy\\\/#\\\/schema\\\/logo\\\/image\\\/\",\"url\":\"https:\\\/\\\/pans.krosno.pl\\\/pracownicy\\\/wp-content\\\/uploads\\\/sites\\\/41\\\/2023\\\/01\\\/Logo-PANS-2022-pelne.png\",\"contentUrl\":\"https:\\\/\\\/pans.krosno.pl\\\/pracownicy\\\/wp-content\\\/uploads\\\/sites\\\/41\\\/2023\\\/01\\\/Logo-PANS-2022-pelne.png\",\"width\":3096,\"height\":696,\"caption\":\"Pracownicy PANS w Kro\u015bnie\"},\"image\":{\"@id\":\"https:\\\/\\\/pans.krosno.pl\\\/pracownicy\\\/#\\\/schema\\\/logo\\\/image\\\/\"}}]}<\/script>\n<!-- \/ Yoast SEO Premium plugin. -->","yoast_head_json":{"title":"dr in\u017c. Ma\u0142gorzata G\u00f3rka \u2013 Do\u015bwiadczenie pozauczelniane - Pracownicy PANS w Kro\u015bnie","robots":{"index":"index","follow":"follow","max-snippet":"max-snippet:-1","max-image-preview":"max-image-preview:large","max-video-preview":"max-video-preview:-1"},"canonical":"https:\/\/pans.krosno.pl\/pracownicy\/malgorzata-gorka\/malgorzata-gorka-doswiadczenie-pozauczelniane\/","og_locale":"pl_PL","og_type":"article","og_title":"dr in\u017c. Ma\u0142gorzata G\u00f3rka \u2013 Do\u015bwiadczenie pozauczelniane","og_description":"Do\u015bwiadczenie zawodowe pozauczelniane: Szkolenia i kursy prowadzone przez dr G\u00f3rk\u0119: Cz\u0142onkostwo i dzia\u0142alno\u015b\u0107 ekspercka:","og_url":"https:\/\/pans.krosno.pl\/pracownicy\/malgorzata-gorka\/malgorzata-gorka-doswiadczenie-pozauczelniane\/","og_site_name":"Pracownicy PANS w Kro\u015bnie","article_modified_time":"2025-11-18T13:54:40+00:00","twitter_card":"summary_large_image","twitter_misc":{"Szacowany czas czytania":"1 minuta"},"schema":{"@context":"https:\/\/schema.org","@graph":[{"@type":"WebPage","@id":"https:\/\/pans.krosno.pl\/pracownicy\/malgorzata-gorka\/malgorzata-gorka-doswiadczenie-pozauczelniane\/","url":"https:\/\/pans.krosno.pl\/pracownicy\/malgorzata-gorka\/malgorzata-gorka-doswiadczenie-pozauczelniane\/","name":"dr in\u017c. Ma\u0142gorzata G\u00f3rka \u2013 Do\u015bwiadczenie pozauczelniane - Pracownicy PANS w Kro\u015bnie","isPartOf":{"@id":"https:\/\/pans.krosno.pl\/pracownicy\/#website"},"datePublished":"2020-09-02T07:38:01+00:00","dateModified":"2025-11-18T13:54:40+00:00","breadcrumb":{"@id":"https:\/\/pans.krosno.pl\/pracownicy\/malgorzata-gorka\/malgorzata-gorka-doswiadczenie-pozauczelniane\/#breadcrumb"},"inLanguage":"pl-PL","potentialAction":[{"@type":"ReadAction","target":["https:\/\/pans.krosno.pl\/pracownicy\/malgorzata-gorka\/malgorzata-gorka-doswiadczenie-pozauczelniane\/"]}]},{"@type":"BreadcrumbList","@id":"https:\/\/pans.krosno.pl\/pracownicy\/malgorzata-gorka\/malgorzata-gorka-doswiadczenie-pozauczelniane\/#breadcrumb","itemListElement":[{"@type":"ListItem","position":1,"name":"Strona g\u0142\u00f3wna","item":"https:\/\/pans.krosno.pl\/pracownicy\/"},{"@type":"ListItem","position":2,"name":"dr in\u017c. Ma\u0142gorzata G\u00f3rka","item":"https:\/\/pans.krosno.pl\/pracownicy\/malgorzata-gorka\/"},{"@type":"ListItem","position":3,"name":"dr in\u017c. Ma\u0142gorzata G\u00f3rka \u2013 Do\u015bwiadczenie pozauczelniane"}]},{"@type":"WebSite","@id":"https:\/\/pans.krosno.pl\/pracownicy\/#website","url":"https:\/\/pans.krosno.pl\/pracownicy\/","name":"Pracownicy PANS w Kro\u015bnie","description":"Pracownicy - Pa\u0144stwowa Akademia Nauk Stosowanych","publisher":{"@id":"https:\/\/pans.krosno.pl\/pracownicy\/#organization"},"potentialAction":[{"@type":"SearchAction","target":{"@type":"EntryPoint","urlTemplate":"https:\/\/pans.krosno.pl\/pracownicy\/?s={search_term_string}"},"query-input":{"@type":"PropertyValueSpecification","valueRequired":true,"valueName":"search_term_string"}}],"inLanguage":"pl-PL"},{"@type":"Organization","@id":"https:\/\/pans.krosno.pl\/pracownicy\/#organization","name":"Pracownicy PANS w Kro\u015bnie","url":"https:\/\/pans.krosno.pl\/pracownicy\/","logo":{"@type":"ImageObject","inLanguage":"pl-PL","@id":"https:\/\/pans.krosno.pl\/pracownicy\/#\/schema\/logo\/image\/","url":"https:\/\/pans.krosno.pl\/pracownicy\/wp-content\/uploads\/sites\/41\/2023\/01\/Logo-PANS-2022-pelne.png","contentUrl":"https:\/\/pans.krosno.pl\/pracownicy\/wp-content\/uploads\/sites\/41\/2023\/01\/Logo-PANS-2022-pelne.png","width":3096,"height":696,"caption":"Pracownicy PANS w Kro\u015bnie"},"image":{"@id":"https:\/\/pans.krosno.pl\/pracownicy\/#\/schema\/logo\/image\/"}}]}},"_links":{"self":[{"href":"https:\/\/pans.krosno.pl\/pracownicy\/wp-json\/wp\/v2\/pages\/7663","targetHints":{"allow":["GET"]}}],"collection":[{"href":"https:\/\/pans.krosno.pl\/pracownicy\/wp-json\/wp\/v2\/pages"}],"about":[{"href":"https:\/\/pans.krosno.pl\/pracownicy\/wp-json\/wp\/v2\/types\/page"}],"author":[{"embeddable":true,"href":"https:\/\/pans.krosno.pl\/pracownicy\/wp-json\/wp\/v2\/users\/34"}],"replies":[{"embeddable":true,"href":"https:\/\/pans.krosno.pl\/pracownicy\/wp-json\/wp\/v2\/comments?post=7663"}],"version-history":[{"count":4,"href":"https:\/\/pans.krosno.pl\/pracownicy\/wp-json\/wp\/v2\/pages\/7663\/revisions"}],"predecessor-version":[{"id":11578,"href":"https:\/\/pans.krosno.pl\/pracownicy\/wp-json\/wp\/v2\/pages\/7663\/revisions\/11578"}],"up":[{"embeddable":true,"href":"https:\/\/pans.krosno.pl\/pracownicy\/wp-json\/wp\/v2\/pages\/385"}],"wp:attachment":[{"href":"https:\/\/pans.krosno.pl\/pracownicy\/wp-json\/wp\/v2\/media?parent=7663"}],"curies":[{"name":"wp","href":"https:\/\/api.w.org\/{rel}","templated":true}]}}