{"id":766,"date":"2020-03-31T10:47:29","date_gmt":"2020-03-31T08:47:29","guid":{"rendered":"https:\/\/pans.krosno.pl\/pracownicy\/?page_id=766"},"modified":"2025-05-20T13:06:54","modified_gmt":"2025-05-20T11:06:54","slug":"edyta-kwilosz-najwazniejsze-publikacje","status":"publish","type":"page","link":"https:\/\/pans.krosno.pl\/pracownicy\/edyta-kwilosz\/edyta-kwilosz-najwazniejsze-publikacje\/","title":{"rendered":"dr Edyta Kwilosz &#8211; Najwa\u017cniejsze publikacje"},"content":{"rendered":"<hr>\n<p><strong><u>Najwa\u017cniejsze publikacje oraz udzia\u0142 w konferencjach:<\/u><\/strong><\/p>\n<ol>\n<li><strong>Kwilosz E<\/strong>., Zbylut A., Fornal R.: \u017bywienie niemowl\u0105t w drugim p\u00f3\u0142roczu \u017cycia a zachowania zdrowotne rodzic\u00f3w , <em>Przegl\u0105d Pediatryczny<\/em> 2024, Vol. 53, No. 3, 17-27 , DOI: 10.26625\/10059 17<\/li>\n<li>Zapa\u0142a S., <strong>Kwilosz E<\/strong>., Zbylut A.: Ocena wybranych aspekt\u00f3w jako\u015bci \u017cycia rodzic\u00f3w dzieci chorych na achromatopsj\u0119 , <em>Wielop\u0142aszczyznowa opieka nad noworodkiem i niemowl\u0119ciem<\/em>, Lublin, 20-21.09.2024<\/li>\n<li>Musijowska, M., <strong>Kwilosz, E<\/strong>.: Association between Physical Activity Level, Body Composition, and Phase Angle in University Students from Bioelectrical Impedance Analysis (BIA).&nbsp;<em>Journal of clinical medicine<\/em>,&nbsp;2024, <em>13<\/em>(10), 2743. <a href=\"https:\/\/doi.org\/10.3390\/jcm13102743\">https:\/\/doi.org\/10.3390\/jcm13102743<\/a><\/li>\n<li><strong>Kwilosz E<\/strong>., Zalewska K.:Training of verbal contact with parent as part of simulation in pediatric nursing &#8211; teaching strategies from Poland, <em>SESAM, Supporting exellence in healthcare<\/em> 29-21 June, Prague<\/li>\n<li>Zalewska K., Zalewski J., Grzesik \u2013 G\u0105sior J., <strong>Kwilosz E<\/strong>, Ob\u0142\u00f3j D.: \u015awiat w obliczu chor\u00f3b cywilizacyjnych \u2013 symulacja w opiece zdrowotnej sposobem na popraw\u0119 jako\u015bci opieki, <em>Cz\u0142owiek w zdrowiu i chorobie- profilaktyka i post\u0119powanie w chorobach cywilizacyjnych<\/em>, Tarn\u00f3w, 24.05.2024.<\/li>\n<li>Musijowska M.,<strong> Kwilosz E<\/strong>., Sobolewski G.: Association between physical activity level body composition and phase angle in university students from Krosno, <em>Physical Activity, Health and Quality of Life \u2013 Kosice, Slovakia<\/em>, 24-26IV 2024 (poster)<\/li>\n<li><strong>Kwilosz E<\/strong>, Grzesik-G\u0105sior J, Dobrowolska P. Determinants of breast cancer prevention in a group of women with cancer suspicion<em>.&nbsp;Annales Academiae Medicae Silesiensis<\/em>. 2024;78:73-81. doi:10.18794\/aams\/176942.<\/li>\n<li>Warowna M., <strong>Kwilosz E<\/strong>.: Piel\u0119gnacja i terapia miodem manuka,<strong> II Naukowa Konferencja Pszczelarska&nbsp;dla otoczenia spo\u0142eczno-gospodarczego \u201c<em>Nauka praktyce<\/em>\u201d Uniwersytet przyrodniczy w Lublinie, 1 lutego 2024 (poster)<\/strong><\/li>\n<li><em>Warowna<\/em><em>, Sobolewska-Samorek<\/em><em> A.<\/em><em>, Gorzel<\/em><em> M.<\/em><em>,&nbsp; Kwilosz<\/em><em> E:<\/em><em> Thalassotherapy as a&nbsp;multidirectional form of marine resources therapy.&nbsp;Fizjoterapia Polska 2023; 23(5); 176-184<\/em><em> DOI:&nbsp;<\/em><a href=\"https:\/\/doi.org\/10.56984\/8ZG20Bt5I\"><em>https:\/\/doi.org\/10.56984\/8ZG20Bt5I<\/em><\/a><\/li>\n<li><strong>Kwilosz E.<\/strong>, Zbylut A<strong>: <\/strong>Zachowania zdrowotne rodzic\u00f3w a \u017cywienie niemowl\u0105t w drugim p\u00f3\u0142roczu \u017cycia, V<em>III Og\u00f3lnopolska konferencja piel\u0119gniarstwo pediatryczne \u2013 nowe wyzwania<\/em>, Ostr\u00f3da 19-20 czerwiec 2023 r.<\/li>\n<li>Kuliga K., <strong>Kwilosz E<\/strong>: Jako\u015b\u0107 opieki piel\u0119gniarskiej w opinii pacjent\u00f3w po zabiegach &nbsp;wykonywanych w znieczuleniu podpaj\u0119czyn\u00f3wkowym, I Konferencja Naukowo-Szkoleniowa oraz Konferencja Studencka pt. \u201ePiel\u0119gniarstwo z perspektywy praktyki, nauki i edukacji\u201d, Tarnobrzeg, 23-24.03.2023<\/li>\n<li>\u015alusarska B., Korniszuk J., <strong>Kwilosz E<\/strong>., Nowicki J.G.: Ocena piel\u0119gniarska w praktyce klinicznej, w: Piel\u0119gnowanie zindywidualizowane \u2013 wsp\u00f3\u0142czesne potrzeby, mo\u017cliwo\u015bci i oczekiwania (red. B. \u015alusarska, G. Ro\u017cek, M. Charzy\u0144ska-Gula), wyd. PUZ w Tarnobrzegu, Tarnobrzeg 2022, s.66-77.<\/li>\n<li><strong>Kwilosz E<\/strong>., Ksi\u0105\u017ckiewicz A., \u015alusarska B.: Dobre praktyki w piel\u0119gnowaniu zindywidualizowanym na przyk\u0142adzie pacjenta z astm\u0105 oskrzelow\u0105, w: Piel\u0119gnowanie zindywidualizowane \u2013 wsp\u00f3\u0142czesne potrzeby, mo\u017cliwo\u015bci i oczekiwania, wyd. PUZ w Tarnobrzegu, Tarnobrzeg 2022, s.136-148.<\/li>\n<li>Ksi\u0105\u017ckiewicz A,&nbsp;<strong>Kwilosz E<\/strong>., Fornal R., Sieniawska P., Dworza\u0144ska E:&nbsp;Astma oskrzelowa \u2013 zasady rozpoznawania i leczenia choroby u pacjent\u00f3w doros\u0142ych i ma\u0142ych dzieci w oparciu o najnowsze wytyczne.&nbsp; <em>Post\u0119py Higieny i Medycyny Do\u015bwiadczalnej<\/em> 2020; 74:283-300.<\/li>\n<li><strong>Kwilosz E<\/strong>. Warowna M.:&nbsp;Planowanie opieki piel\u0119gniarskiej opartej na dowodach naukowych nad dzieckiem z zaburzeniami w funkcjonowaniu sk\u00f3ry w: <em>Podstawy pediatrii i piel\u0119gniarstwo pediatryczne<\/em>&nbsp;(red. D. Zarzycka, A. Emeryk), wyd. PZWL, Warszawa 2020, 769-778.<\/li>\n<li><strong>Kwilosz E<\/strong>., Mazur A.:&nbsp;Cz\u0119sto\u015b\u0107 wyst\u0119powania oty\u0142o\u015bci u dzieci w wieku szkolnym w regionie bieszczadzkim w Polsce, <em>Pediatria Polska 2016<\/em>;91;5;447-452.<\/li>\n<li><strong>Kwilosz E<\/strong>., Rabiasz R.:&nbsp;Rola aktywno\u015bci ruchowej i sposob\u00f3w sp\u0119dzania czasu wolnego w powstaniu oty\u0142o\u015bci u dzieci w wieku szkolnym w regionie bieszczadzkim, Og\u00f3lnopolska Konferencja Naukowo-Szkoleniowa, Che\u0142m 8 listopada 2016<strong>.<\/strong><\/li>\n<li><strong>Kwilosz E<\/strong>. :&nbsp;Powik\u0142ania oty\u0142o\u015bci w wieku dzieci\u0119cym. Endokrynologia w Pediatrii. PWSZ im. Stanis\u0142awa Pigonia 2016.<\/li>\n<li><strong>Kwilosz E<\/strong>.:&nbsp;Cz\u0119sto\u015b\u0107 wyst\u0119powania oty\u0142o\u015bci u dzieci w wieku szkolnym w regionie bieszczadzkim,&nbsp;Lubelskie dni promuj\u0105ce zdrowie, IV Konferencja naukowo- szkoleniowa, \u201c Nadwaga I oty\u0142o\u015b\u0107i. Trening zdrowia\u201d, Lublin 1-2 czerwca 2016.<\/li>\n<li>Kujawska- Pac, <strong>Kwilosz E<\/strong>.: Ocena \u017cywno\u015bci oferowanej w sklepikach szkolnych i kupowanej przez dzieci z krakowskich szk\u00f3\u0142 podstawowych, <em>Pediatria Polska 2014<\/em>; 89; 347-351.<\/li>\n<li>Rabiasz R.,&nbsp;<strong>Kwilosz E<\/strong>., Moskal- Szybka M.:&nbsp;Formy sp\u0119dzania czasu wolnego przez m\u0142odzie\u017c na przyk\u0142adzie wojew\u00f3dztwa podkarpackiego, <em>Piel\u0119gniarstwo XXI wieku<\/em>&#8211; 4(49)\/2014<\/li>\n<li>Rabiasz R.,&nbsp;<strong>Kwilosz E.<\/strong>:&nbsp;Wska\u017anik BMI rodzic\u00f3w predykator wyst\u0119powania oty\u0142o\u015bci u dzieci\u2013 I Mi\u0119dzynarodowa Konferencja Piel\u0119gniarstwa Specjalistycznego, Rac\u0142awice,12-13.11.2014<\/li>\n<li>Kwilosz E.:&nbsp;Powik\u0142ania oty\u0142o\u015bci w wieku dzieci\u0119cym, <em>Prz Med Uniw Rzesz Inst Lek\u00f3w<\/em>, 2013,1,130-138.<\/li>\n<\/ol>\n<hr>\n<p>&nbsp;<\/p>\n","protected":false},"excerpt":{"rendered":"<p>Najwa\u017cniejsze publikacje oraz udzia\u0142 w konferencjach: Kwilosz E., Zbylut A., Fornal R.: \u017bywienie niemowl\u0105t w drugim p\u00f3\u0142roczu \u017cycia a zachowania zdrowotne rodzic\u00f3w , Przegl\u0105d Pediatryczny 2024, Vol. 53, No. 3, 17-27 , DOI: 10.26625\/10059 17 Zapa\u0142a S., Kwilosz E., Zbylut A.: Ocena wybranych aspekt\u00f3w jako\u015bci \u017cycia rodzic\u00f3w dzieci chorych na [\u2026] <\/p>\n<div class=\"clear\"><\/div>\n<p><a class=\"more_link clearfix\" href=\"https:\/\/pans.krosno.pl\/pracownicy\/edyta-kwilosz\/edyta-kwilosz-najwazniejsze-publikacje\/\" rel=\"nofollow\">Read More<\/a><\/p>\n","protected":false},"author":34,"featured_media":0,"parent":756,"menu_order":0,"comment_status":"closed","ping_status":"closed","template":"","meta":{"ngg_post_thumbnail":0,"footnotes":""},"class_list":["post-766","page","type-page","status-publish","hentry"],"yoast_head":"<!-- This site is optimized with the Yoast SEO Premium plugin v27.3 (Yoast SEO v27.3) - https:\/\/yoast.com\/product\/yoast-seo-premium-wordpress\/ -->\n<title>dr Edyta Kwilosz - Najwa\u017cniejsze publikacje - Pracownicy PANS w Kro\u015bnie<\/title>\n<meta name=\"robots\" content=\"index, follow, max-snippet:-1, max-image-preview:large, max-video-preview:-1\" \/>\n<link rel=\"canonical\" href=\"https:\/\/pans.krosno.pl\/pracownicy\/edyta-kwilosz\/edyta-kwilosz-najwazniejsze-publikacje\/\" \/>\n<meta property=\"og:locale\" content=\"pl_PL\" \/>\n<meta property=\"og:type\" content=\"article\" \/>\n<meta property=\"og:title\" content=\"dr Edyta Kwilosz - Najwa\u017cniejsze publikacje\" \/>\n<meta property=\"og:description\" content=\"Najwa\u017cniejsze publikacje oraz udzia\u0142 w konferencjach: Kwilosz E., Zbylut A., Fornal R.: \u017bywienie niemowl\u0105t w drugim p\u00f3\u0142roczu \u017cycia a zachowania zdrowotne rodzic\u00f3w , Przegl\u0105d Pediatryczny 2024, Vol. 53, No. 3, 17-27 , DOI: 10.26625\/10059 17 Zapa\u0142a S., Kwilosz E., Zbylut A.: Ocena wybranych aspekt\u00f3w jako\u015bci \u017cycia rodzic\u00f3w dzieci chorych na [\u2026] Read More\" \/>\n<meta property=\"og:url\" content=\"https:\/\/pans.krosno.pl\/pracownicy\/edyta-kwilosz\/edyta-kwilosz-najwazniejsze-publikacje\/\" \/>\n<meta property=\"og:site_name\" content=\"Pracownicy PANS w Kro\u015bnie\" \/>\n<meta property=\"article:modified_time\" content=\"2025-05-20T11:06:54+00:00\" \/>\n<meta name=\"twitter:card\" content=\"summary_large_image\" \/>\n<meta name=\"twitter:label1\" content=\"Szacowany czas czytania\" \/>\n\t<meta name=\"twitter:data1\" content=\"4 minuty\" \/>\n<script type=\"application\/ld+json\" class=\"yoast-schema-graph\">{\"@context\":\"https:\\\/\\\/schema.org\",\"@graph\":[{\"@type\":\"WebPage\",\"@id\":\"https:\\\/\\\/pans.krosno.pl\\\/pracownicy\\\/edyta-kwilosz\\\/edyta-kwilosz-najwazniejsze-publikacje\\\/\",\"url\":\"https:\\\/\\\/pans.krosno.pl\\\/pracownicy\\\/edyta-kwilosz\\\/edyta-kwilosz-najwazniejsze-publikacje\\\/\",\"name\":\"dr Edyta Kwilosz - Najwa\u017cniejsze publikacje - Pracownicy PANS w Kro\u015bnie\",\"isPartOf\":{\"@id\":\"https:\\\/\\\/pans.krosno.pl\\\/pracownicy\\\/#website\"},\"datePublished\":\"2020-03-31T08:47:29+00:00\",\"dateModified\":\"2025-05-20T11:06:54+00:00\",\"breadcrumb\":{\"@id\":\"https:\\\/\\\/pans.krosno.pl\\\/pracownicy\\\/edyta-kwilosz\\\/edyta-kwilosz-najwazniejsze-publikacje\\\/#breadcrumb\"},\"inLanguage\":\"pl-PL\",\"potentialAction\":[{\"@type\":\"ReadAction\",\"target\":[\"https:\\\/\\\/pans.krosno.pl\\\/pracownicy\\\/edyta-kwilosz\\\/edyta-kwilosz-najwazniejsze-publikacje\\\/\"]}]},{\"@type\":\"BreadcrumbList\",\"@id\":\"https:\\\/\\\/pans.krosno.pl\\\/pracownicy\\\/edyta-kwilosz\\\/edyta-kwilosz-najwazniejsze-publikacje\\\/#breadcrumb\",\"itemListElement\":[{\"@type\":\"ListItem\",\"position\":1,\"name\":\"Strona g\u0142\u00f3wna\",\"item\":\"https:\\\/\\\/pans.krosno.pl\\\/pracownicy\\\/\"},{\"@type\":\"ListItem\",\"position\":2,\"name\":\"dr Edyta Kwilosz\",\"item\":\"https:\\\/\\\/pans.krosno.pl\\\/pracownicy\\\/edyta-kwilosz\\\/\"},{\"@type\":\"ListItem\",\"position\":3,\"name\":\"dr Edyta Kwilosz &#8211; Najwa\u017cniejsze publikacje\"}]},{\"@type\":\"WebSite\",\"@id\":\"https:\\\/\\\/pans.krosno.pl\\\/pracownicy\\\/#website\",\"url\":\"https:\\\/\\\/pans.krosno.pl\\\/pracownicy\\\/\",\"name\":\"Pracownicy PANS w Kro\u015bnie\",\"description\":\"Pracownicy - Pa\u0144stwowa Akademia Nauk Stosowanych\",\"publisher\":{\"@id\":\"https:\\\/\\\/pans.krosno.pl\\\/pracownicy\\\/#organization\"},\"potentialAction\":[{\"@type\":\"SearchAction\",\"target\":{\"@type\":\"EntryPoint\",\"urlTemplate\":\"https:\\\/\\\/pans.krosno.pl\\\/pracownicy\\\/?s={search_term_string}\"},\"query-input\":{\"@type\":\"PropertyValueSpecification\",\"valueRequired\":true,\"valueName\":\"search_term_string\"}}],\"inLanguage\":\"pl-PL\"},{\"@type\":\"Organization\",\"@id\":\"https:\\\/\\\/pans.krosno.pl\\\/pracownicy\\\/#organization\",\"name\":\"Pracownicy PANS w Kro\u015bnie\",\"url\":\"https:\\\/\\\/pans.krosno.pl\\\/pracownicy\\\/\",\"logo\":{\"@type\":\"ImageObject\",\"inLanguage\":\"pl-PL\",\"@id\":\"https:\\\/\\\/pans.krosno.pl\\\/pracownicy\\\/#\\\/schema\\\/logo\\\/image\\\/\",\"url\":\"https:\\\/\\\/pans.krosno.pl\\\/pracownicy\\\/wp-content\\\/uploads\\\/sites\\\/41\\\/2023\\\/01\\\/Logo-PANS-2022-pelne.png\",\"contentUrl\":\"https:\\\/\\\/pans.krosno.pl\\\/pracownicy\\\/wp-content\\\/uploads\\\/sites\\\/41\\\/2023\\\/01\\\/Logo-PANS-2022-pelne.png\",\"width\":3096,\"height\":696,\"caption\":\"Pracownicy PANS w Kro\u015bnie\"},\"image\":{\"@id\":\"https:\\\/\\\/pans.krosno.pl\\\/pracownicy\\\/#\\\/schema\\\/logo\\\/image\\\/\"}}]}<\/script>\n<!-- \/ Yoast SEO Premium plugin. -->","yoast_head_json":{"title":"dr Edyta Kwilosz - Najwa\u017cniejsze publikacje - Pracownicy PANS w Kro\u015bnie","robots":{"index":"index","follow":"follow","max-snippet":"max-snippet:-1","max-image-preview":"max-image-preview:large","max-video-preview":"max-video-preview:-1"},"canonical":"https:\/\/pans.krosno.pl\/pracownicy\/edyta-kwilosz\/edyta-kwilosz-najwazniejsze-publikacje\/","og_locale":"pl_PL","og_type":"article","og_title":"dr Edyta Kwilosz - Najwa\u017cniejsze publikacje","og_description":"Najwa\u017cniejsze publikacje oraz udzia\u0142 w konferencjach: Kwilosz E., Zbylut A., Fornal R.: \u017bywienie niemowl\u0105t w drugim p\u00f3\u0142roczu \u017cycia a zachowania zdrowotne rodzic\u00f3w , Przegl\u0105d Pediatryczny 2024, Vol. 53, No. 3, 17-27 , DOI: 10.26625\/10059 17 Zapa\u0142a S., Kwilosz E., Zbylut A.: Ocena wybranych aspekt\u00f3w jako\u015bci \u017cycia rodzic\u00f3w dzieci chorych na [\u2026] Read More","og_url":"https:\/\/pans.krosno.pl\/pracownicy\/edyta-kwilosz\/edyta-kwilosz-najwazniejsze-publikacje\/","og_site_name":"Pracownicy PANS w Kro\u015bnie","article_modified_time":"2025-05-20T11:06:54+00:00","twitter_card":"summary_large_image","twitter_misc":{"Szacowany czas czytania":"4 minuty"},"schema":{"@context":"https:\/\/schema.org","@graph":[{"@type":"WebPage","@id":"https:\/\/pans.krosno.pl\/pracownicy\/edyta-kwilosz\/edyta-kwilosz-najwazniejsze-publikacje\/","url":"https:\/\/pans.krosno.pl\/pracownicy\/edyta-kwilosz\/edyta-kwilosz-najwazniejsze-publikacje\/","name":"dr Edyta Kwilosz - Najwa\u017cniejsze publikacje - Pracownicy PANS w Kro\u015bnie","isPartOf":{"@id":"https:\/\/pans.krosno.pl\/pracownicy\/#website"},"datePublished":"2020-03-31T08:47:29+00:00","dateModified":"2025-05-20T11:06:54+00:00","breadcrumb":{"@id":"https:\/\/pans.krosno.pl\/pracownicy\/edyta-kwilosz\/edyta-kwilosz-najwazniejsze-publikacje\/#breadcrumb"},"inLanguage":"pl-PL","potentialAction":[{"@type":"ReadAction","target":["https:\/\/pans.krosno.pl\/pracownicy\/edyta-kwilosz\/edyta-kwilosz-najwazniejsze-publikacje\/"]}]},{"@type":"BreadcrumbList","@id":"https:\/\/pans.krosno.pl\/pracownicy\/edyta-kwilosz\/edyta-kwilosz-najwazniejsze-publikacje\/#breadcrumb","itemListElement":[{"@type":"ListItem","position":1,"name":"Strona g\u0142\u00f3wna","item":"https:\/\/pans.krosno.pl\/pracownicy\/"},{"@type":"ListItem","position":2,"name":"dr Edyta Kwilosz","item":"https:\/\/pans.krosno.pl\/pracownicy\/edyta-kwilosz\/"},{"@type":"ListItem","position":3,"name":"dr Edyta Kwilosz &#8211; Najwa\u017cniejsze publikacje"}]},{"@type":"WebSite","@id":"https:\/\/pans.krosno.pl\/pracownicy\/#website","url":"https:\/\/pans.krosno.pl\/pracownicy\/","name":"Pracownicy PANS w Kro\u015bnie","description":"Pracownicy - Pa\u0144stwowa Akademia Nauk Stosowanych","publisher":{"@id":"https:\/\/pans.krosno.pl\/pracownicy\/#organization"},"potentialAction":[{"@type":"SearchAction","target":{"@type":"EntryPoint","urlTemplate":"https:\/\/pans.krosno.pl\/pracownicy\/?s={search_term_string}"},"query-input":{"@type":"PropertyValueSpecification","valueRequired":true,"valueName":"search_term_string"}}],"inLanguage":"pl-PL"},{"@type":"Organization","@id":"https:\/\/pans.krosno.pl\/pracownicy\/#organization","name":"Pracownicy PANS w Kro\u015bnie","url":"https:\/\/pans.krosno.pl\/pracownicy\/","logo":{"@type":"ImageObject","inLanguage":"pl-PL","@id":"https:\/\/pans.krosno.pl\/pracownicy\/#\/schema\/logo\/image\/","url":"https:\/\/pans.krosno.pl\/pracownicy\/wp-content\/uploads\/sites\/41\/2023\/01\/Logo-PANS-2022-pelne.png","contentUrl":"https:\/\/pans.krosno.pl\/pracownicy\/wp-content\/uploads\/sites\/41\/2023\/01\/Logo-PANS-2022-pelne.png","width":3096,"height":696,"caption":"Pracownicy PANS w Kro\u015bnie"},"image":{"@id":"https:\/\/pans.krosno.pl\/pracownicy\/#\/schema\/logo\/image\/"}}]}},"_links":{"self":[{"href":"https:\/\/pans.krosno.pl\/pracownicy\/wp-json\/wp\/v2\/pages\/766","targetHints":{"allow":["GET"]}}],"collection":[{"href":"https:\/\/pans.krosno.pl\/pracownicy\/wp-json\/wp\/v2\/pages"}],"about":[{"href":"https:\/\/pans.krosno.pl\/pracownicy\/wp-json\/wp\/v2\/types\/page"}],"author":[{"embeddable":true,"href":"https:\/\/pans.krosno.pl\/pracownicy\/wp-json\/wp\/v2\/users\/34"}],"replies":[{"embeddable":true,"href":"https:\/\/pans.krosno.pl\/pracownicy\/wp-json\/wp\/v2\/comments?post=766"}],"version-history":[{"count":7,"href":"https:\/\/pans.krosno.pl\/pracownicy\/wp-json\/wp\/v2\/pages\/766\/revisions"}],"predecessor-version":[{"id":10894,"href":"https:\/\/pans.krosno.pl\/pracownicy\/wp-json\/wp\/v2\/pages\/766\/revisions\/10894"}],"up":[{"embeddable":true,"href":"https:\/\/pans.krosno.pl\/pracownicy\/wp-json\/wp\/v2\/pages\/756"}],"wp:attachment":[{"href":"https:\/\/pans.krosno.pl\/pracownicy\/wp-json\/wp\/v2\/media?parent=766"}],"curies":[{"name":"wp","href":"https:\/\/api.w.org\/{rel}","templated":true}]}}