{"id":760,"date":"2020-03-31T10:46:16","date_gmt":"2020-03-31T08:46:16","guid":{"rendered":"https:\/\/pans.krosno.pl\/pracownicy\/?page_id=760"},"modified":"2025-05-20T13:06:49","modified_gmt":"2025-05-20T11:06:49","slug":"edyta-kwilosz-doswiadczenie-pozauczelniane","status":"publish","type":"page","link":"https:\/\/pans.krosno.pl\/pracownicy\/edyta-kwilosz\/edyta-kwilosz-doswiadczenie-pozauczelniane\/","title":{"rendered":"dr Edyta Kwilosz &#8211; Do\u015bwiadczenie pozauczelniane"},"content":{"rendered":"<p>Wiedz\u0119 oraz do\u015bwiadczenie praktyczne zdobywa\u0142a m. in. w Krakowskim Szpitalu Specjalistycznym im. Jana Paw\u0142a II<\/p>\n<p>Od momentu zatrudnienia w uczelni uczestniczy\u0142a w zagranicznych wyjazdach dydaktycznych ramach program\u00f3w Erasmus i Erasmus + &nbsp;do :<\/p>\n<p>&#8211; Hiszpanii (04.2012, 05-06.2022, 09.2024),<\/p>\n<p>&#8211; S\u0142owenii (11.2012),<\/p>\n<p>&#8211; Chorwacji (04.2018)<\/p>\n<p>&#8211; W\u0142och (06.2023)<\/p>\n<p>Jest cz\u0142onkiem Polskiego Stowarzyszenia Piel\u0119gniarek Pediatrycznych a tak\u017ce IPSS (International Pediatric Simulation Society)<\/p>\n<p><strong><u>Wybrane kursy, szkolenia:<\/u><\/strong><\/p>\n<p>MBA w ochronie zdrowia (2024-rozpocz\u0119te)<br \/>\nKurs specjalistyczny Komunikowanie interpersonalne w piel\u0119gniarstwie(2022)<br \/>\nSzkolenie z zakresu pracy ze studentami niepe\u0142nosprawnym (2022)<br \/>\nSzkolenie z zakresu pracy ze studentem z zaburzeniami psychicznymi (2022)<br \/>\nKurs specjalistyczny Ordynowanie lek\u00f3w i wypisywanie recept (2018)<br \/>\nWarsztaty z psychoonkologii (2018)<br \/>\nSzkolenie praktyczne instruktora symulacji niskiej wierno\u015bci (2018)<br \/>\nSzkolenie praktyczne instruktora po\u015bredniej wierno\u015bci (2018)<br \/>\nSzkolenie praktyczne instruktora wysokiej wierno\u015bci w piel\u0119gniarstwie (2018)<br \/>\nSzkolenie praktyczne egzaminatora OSCE w piel\u0119gniarstwie (2018)<\/p>\n<p>Certyfikat j\u0119zykowy FCE (B2)<\/p>\n<hr>\n<p>&nbsp;<\/p>\n","protected":false},"excerpt":{"rendered":"<p>Wiedz\u0119 oraz do\u015bwiadczenie praktyczne zdobywa\u0142a m. in. w Krakowskim Szpitalu Specjalistycznym im. Jana Paw\u0142a II Od momentu zatrudnienia w uczelni uczestniczy\u0142a w zagranicznych wyjazdach dydaktycznych ramach program\u00f3w Erasmus i Erasmus + &nbsp;do : &#8211; Hiszpanii (04.2012, 05-06.2022, 09.2024), &#8211; S\u0142owenii (11.2012), &#8211; Chorwacji (04.2018) &#8211; W\u0142och (06.2023) Jest cz\u0142onkiem Polskiego [\u2026] <\/p>\n<div class=\"clear\"><\/div>\n<p><a class=\"more_link clearfix\" href=\"https:\/\/pans.krosno.pl\/pracownicy\/edyta-kwilosz\/edyta-kwilosz-doswiadczenie-pozauczelniane\/\" rel=\"nofollow\">Read More<\/a><\/p>\n","protected":false},"author":34,"featured_media":0,"parent":756,"menu_order":0,"comment_status":"closed","ping_status":"closed","template":"","meta":{"ngg_post_thumbnail":0,"footnotes":""},"class_list":["post-760","page","type-page","status-publish","hentry"],"yoast_head":"<!-- This site is optimized with the Yoast SEO Premium plugin v27.3 (Yoast SEO v27.3) - https:\/\/yoast.com\/product\/yoast-seo-premium-wordpress\/ -->\n<title>dr Edyta Kwilosz - Do\u015bwiadczenie pozauczelniane - Pracownicy PANS w Kro\u015bnie<\/title>\n<meta name=\"robots\" content=\"index, follow, max-snippet:-1, max-image-preview:large, max-video-preview:-1\" \/>\n<link rel=\"canonical\" href=\"https:\/\/pans.krosno.pl\/pracownicy\/edyta-kwilosz\/edyta-kwilosz-doswiadczenie-pozauczelniane\/\" \/>\n<meta property=\"og:locale\" content=\"pl_PL\" \/>\n<meta property=\"og:type\" content=\"article\" \/>\n<meta property=\"og:title\" content=\"dr Edyta Kwilosz - Do\u015bwiadczenie pozauczelniane\" \/>\n<meta property=\"og:description\" content=\"Wiedz\u0119 oraz do\u015bwiadczenie praktyczne zdobywa\u0142a m. in. w Krakowskim Szpitalu Specjalistycznym im. Jana Paw\u0142a II Od momentu zatrudnienia w uczelni uczestniczy\u0142a w zagranicznych wyjazdach dydaktycznych ramach program\u00f3w Erasmus i Erasmus + &nbsp;do : &#8211; Hiszpanii (04.2012, 05-06.2022, 09.2024), &#8211; S\u0142owenii (11.2012), &#8211; Chorwacji (04.2018) &#8211; W\u0142och (06.2023) Jest cz\u0142onkiem Polskiego [\u2026] Read More\" \/>\n<meta property=\"og:url\" content=\"https:\/\/pans.krosno.pl\/pracownicy\/edyta-kwilosz\/edyta-kwilosz-doswiadczenie-pozauczelniane\/\" \/>\n<meta property=\"og:site_name\" content=\"Pracownicy PANS w Kro\u015bnie\" \/>\n<meta property=\"article:modified_time\" content=\"2025-05-20T11:06:49+00:00\" \/>\n<meta name=\"twitter:card\" content=\"summary_large_image\" \/>\n<meta name=\"twitter:label1\" content=\"Szacowany czas czytania\" \/>\n\t<meta name=\"twitter:data1\" content=\"1 minuta\" \/>\n<script type=\"application\/ld+json\" class=\"yoast-schema-graph\">{\"@context\":\"https:\\\/\\\/schema.org\",\"@graph\":[{\"@type\":\"WebPage\",\"@id\":\"https:\\\/\\\/pans.krosno.pl\\\/pracownicy\\\/edyta-kwilosz\\\/edyta-kwilosz-doswiadczenie-pozauczelniane\\\/\",\"url\":\"https:\\\/\\\/pans.krosno.pl\\\/pracownicy\\\/edyta-kwilosz\\\/edyta-kwilosz-doswiadczenie-pozauczelniane\\\/\",\"name\":\"dr Edyta Kwilosz - Do\u015bwiadczenie pozauczelniane - Pracownicy PANS w Kro\u015bnie\",\"isPartOf\":{\"@id\":\"https:\\\/\\\/pans.krosno.pl\\\/pracownicy\\\/#website\"},\"datePublished\":\"2020-03-31T08:46:16+00:00\",\"dateModified\":\"2025-05-20T11:06:49+00:00\",\"breadcrumb\":{\"@id\":\"https:\\\/\\\/pans.krosno.pl\\\/pracownicy\\\/edyta-kwilosz\\\/edyta-kwilosz-doswiadczenie-pozauczelniane\\\/#breadcrumb\"},\"inLanguage\":\"pl-PL\",\"potentialAction\":[{\"@type\":\"ReadAction\",\"target\":[\"https:\\\/\\\/pans.krosno.pl\\\/pracownicy\\\/edyta-kwilosz\\\/edyta-kwilosz-doswiadczenie-pozauczelniane\\\/\"]}]},{\"@type\":\"BreadcrumbList\",\"@id\":\"https:\\\/\\\/pans.krosno.pl\\\/pracownicy\\\/edyta-kwilosz\\\/edyta-kwilosz-doswiadczenie-pozauczelniane\\\/#breadcrumb\",\"itemListElement\":[{\"@type\":\"ListItem\",\"position\":1,\"name\":\"Strona g\u0142\u00f3wna\",\"item\":\"https:\\\/\\\/pans.krosno.pl\\\/pracownicy\\\/\"},{\"@type\":\"ListItem\",\"position\":2,\"name\":\"dr Edyta Kwilosz\",\"item\":\"https:\\\/\\\/pans.krosno.pl\\\/pracownicy\\\/edyta-kwilosz\\\/\"},{\"@type\":\"ListItem\",\"position\":3,\"name\":\"dr Edyta Kwilosz &#8211; Do\u015bwiadczenie pozauczelniane\"}]},{\"@type\":\"WebSite\",\"@id\":\"https:\\\/\\\/pans.krosno.pl\\\/pracownicy\\\/#website\",\"url\":\"https:\\\/\\\/pans.krosno.pl\\\/pracownicy\\\/\",\"name\":\"Pracownicy PANS w Kro\u015bnie\",\"description\":\"Pracownicy - Pa\u0144stwowa Akademia Nauk Stosowanych\",\"publisher\":{\"@id\":\"https:\\\/\\\/pans.krosno.pl\\\/pracownicy\\\/#organization\"},\"potentialAction\":[{\"@type\":\"SearchAction\",\"target\":{\"@type\":\"EntryPoint\",\"urlTemplate\":\"https:\\\/\\\/pans.krosno.pl\\\/pracownicy\\\/?s={search_term_string}\"},\"query-input\":{\"@type\":\"PropertyValueSpecification\",\"valueRequired\":true,\"valueName\":\"search_term_string\"}}],\"inLanguage\":\"pl-PL\"},{\"@type\":\"Organization\",\"@id\":\"https:\\\/\\\/pans.krosno.pl\\\/pracownicy\\\/#organization\",\"name\":\"Pracownicy PANS w Kro\u015bnie\",\"url\":\"https:\\\/\\\/pans.krosno.pl\\\/pracownicy\\\/\",\"logo\":{\"@type\":\"ImageObject\",\"inLanguage\":\"pl-PL\",\"@id\":\"https:\\\/\\\/pans.krosno.pl\\\/pracownicy\\\/#\\\/schema\\\/logo\\\/image\\\/\",\"url\":\"https:\\\/\\\/pans.krosno.pl\\\/pracownicy\\\/wp-content\\\/uploads\\\/sites\\\/41\\\/2023\\\/01\\\/Logo-PANS-2022-pelne.png\",\"contentUrl\":\"https:\\\/\\\/pans.krosno.pl\\\/pracownicy\\\/wp-content\\\/uploads\\\/sites\\\/41\\\/2023\\\/01\\\/Logo-PANS-2022-pelne.png\",\"width\":3096,\"height\":696,\"caption\":\"Pracownicy PANS w Kro\u015bnie\"},\"image\":{\"@id\":\"https:\\\/\\\/pans.krosno.pl\\\/pracownicy\\\/#\\\/schema\\\/logo\\\/image\\\/\"}}]}<\/script>\n<!-- \/ Yoast SEO Premium plugin. -->","yoast_head_json":{"title":"dr Edyta Kwilosz - Do\u015bwiadczenie pozauczelniane - Pracownicy PANS w Kro\u015bnie","robots":{"index":"index","follow":"follow","max-snippet":"max-snippet:-1","max-image-preview":"max-image-preview:large","max-video-preview":"max-video-preview:-1"},"canonical":"https:\/\/pans.krosno.pl\/pracownicy\/edyta-kwilosz\/edyta-kwilosz-doswiadczenie-pozauczelniane\/","og_locale":"pl_PL","og_type":"article","og_title":"dr Edyta Kwilosz - Do\u015bwiadczenie pozauczelniane","og_description":"Wiedz\u0119 oraz do\u015bwiadczenie praktyczne zdobywa\u0142a m. in. w Krakowskim Szpitalu Specjalistycznym im. Jana Paw\u0142a II Od momentu zatrudnienia w uczelni uczestniczy\u0142a w zagranicznych wyjazdach dydaktycznych ramach program\u00f3w Erasmus i Erasmus + &nbsp;do : &#8211; Hiszpanii (04.2012, 05-06.2022, 09.2024), &#8211; S\u0142owenii (11.2012), &#8211; Chorwacji (04.2018) &#8211; W\u0142och (06.2023) Jest cz\u0142onkiem Polskiego [\u2026] Read More","og_url":"https:\/\/pans.krosno.pl\/pracownicy\/edyta-kwilosz\/edyta-kwilosz-doswiadczenie-pozauczelniane\/","og_site_name":"Pracownicy PANS w Kro\u015bnie","article_modified_time":"2025-05-20T11:06:49+00:00","twitter_card":"summary_large_image","twitter_misc":{"Szacowany czas czytania":"1 minuta"},"schema":{"@context":"https:\/\/schema.org","@graph":[{"@type":"WebPage","@id":"https:\/\/pans.krosno.pl\/pracownicy\/edyta-kwilosz\/edyta-kwilosz-doswiadczenie-pozauczelniane\/","url":"https:\/\/pans.krosno.pl\/pracownicy\/edyta-kwilosz\/edyta-kwilosz-doswiadczenie-pozauczelniane\/","name":"dr Edyta Kwilosz - Do\u015bwiadczenie pozauczelniane - Pracownicy PANS w Kro\u015bnie","isPartOf":{"@id":"https:\/\/pans.krosno.pl\/pracownicy\/#website"},"datePublished":"2020-03-31T08:46:16+00:00","dateModified":"2025-05-20T11:06:49+00:00","breadcrumb":{"@id":"https:\/\/pans.krosno.pl\/pracownicy\/edyta-kwilosz\/edyta-kwilosz-doswiadczenie-pozauczelniane\/#breadcrumb"},"inLanguage":"pl-PL","potentialAction":[{"@type":"ReadAction","target":["https:\/\/pans.krosno.pl\/pracownicy\/edyta-kwilosz\/edyta-kwilosz-doswiadczenie-pozauczelniane\/"]}]},{"@type":"BreadcrumbList","@id":"https:\/\/pans.krosno.pl\/pracownicy\/edyta-kwilosz\/edyta-kwilosz-doswiadczenie-pozauczelniane\/#breadcrumb","itemListElement":[{"@type":"ListItem","position":1,"name":"Strona g\u0142\u00f3wna","item":"https:\/\/pans.krosno.pl\/pracownicy\/"},{"@type":"ListItem","position":2,"name":"dr Edyta Kwilosz","item":"https:\/\/pans.krosno.pl\/pracownicy\/edyta-kwilosz\/"},{"@type":"ListItem","position":3,"name":"dr Edyta Kwilosz &#8211; Do\u015bwiadczenie pozauczelniane"}]},{"@type":"WebSite","@id":"https:\/\/pans.krosno.pl\/pracownicy\/#website","url":"https:\/\/pans.krosno.pl\/pracownicy\/","name":"Pracownicy PANS w Kro\u015bnie","description":"Pracownicy - Pa\u0144stwowa Akademia Nauk Stosowanych","publisher":{"@id":"https:\/\/pans.krosno.pl\/pracownicy\/#organization"},"potentialAction":[{"@type":"SearchAction","target":{"@type":"EntryPoint","urlTemplate":"https:\/\/pans.krosno.pl\/pracownicy\/?s={search_term_string}"},"query-input":{"@type":"PropertyValueSpecification","valueRequired":true,"valueName":"search_term_string"}}],"inLanguage":"pl-PL"},{"@type":"Organization","@id":"https:\/\/pans.krosno.pl\/pracownicy\/#organization","name":"Pracownicy PANS w Kro\u015bnie","url":"https:\/\/pans.krosno.pl\/pracownicy\/","logo":{"@type":"ImageObject","inLanguage":"pl-PL","@id":"https:\/\/pans.krosno.pl\/pracownicy\/#\/schema\/logo\/image\/","url":"https:\/\/pans.krosno.pl\/pracownicy\/wp-content\/uploads\/sites\/41\/2023\/01\/Logo-PANS-2022-pelne.png","contentUrl":"https:\/\/pans.krosno.pl\/pracownicy\/wp-content\/uploads\/sites\/41\/2023\/01\/Logo-PANS-2022-pelne.png","width":3096,"height":696,"caption":"Pracownicy PANS w Kro\u015bnie"},"image":{"@id":"https:\/\/pans.krosno.pl\/pracownicy\/#\/schema\/logo\/image\/"}}]}},"_links":{"self":[{"href":"https:\/\/pans.krosno.pl\/pracownicy\/wp-json\/wp\/v2\/pages\/760","targetHints":{"allow":["GET"]}}],"collection":[{"href":"https:\/\/pans.krosno.pl\/pracownicy\/wp-json\/wp\/v2\/pages"}],"about":[{"href":"https:\/\/pans.krosno.pl\/pracownicy\/wp-json\/wp\/v2\/types\/page"}],"author":[{"embeddable":true,"href":"https:\/\/pans.krosno.pl\/pracownicy\/wp-json\/wp\/v2\/users\/34"}],"replies":[{"embeddable":true,"href":"https:\/\/pans.krosno.pl\/pracownicy\/wp-json\/wp\/v2\/comments?post=760"}],"version-history":[{"count":11,"href":"https:\/\/pans.krosno.pl\/pracownicy\/wp-json\/wp\/v2\/pages\/760\/revisions"}],"predecessor-version":[{"id":10893,"href":"https:\/\/pans.krosno.pl\/pracownicy\/wp-json\/wp\/v2\/pages\/760\/revisions\/10893"}],"up":[{"embeddable":true,"href":"https:\/\/pans.krosno.pl\/pracownicy\/wp-json\/wp\/v2\/pages\/756"}],"wp:attachment":[{"href":"https:\/\/pans.krosno.pl\/pracownicy\/wp-json\/wp\/v2\/media?parent=760"}],"curies":[{"name":"wp","href":"https:\/\/api.w.org\/{rel}","templated":true}]}}