{"id":753,"date":"2020-03-31T10:33:20","date_gmt":"2020-03-31T08:33:20","guid":{"rendered":"https:\/\/pans.krosno.pl\/pracownicy\/?page_id=753"},"modified":"2025-05-15T13:17:26","modified_gmt":"2025-05-15T11:17:26","slug":"beata-kumiega-najwazniejsze-publikacje","status":"publish","type":"page","link":"https:\/\/pans.krosno.pl\/pracownicy\/beata-kumiega\/beata-kumiega-najwazniejsze-publikacje\/","title":{"rendered":"dr Beata Kumiega &#8211; Najwa\u017cniejsze publikacje"},"content":{"rendered":"<hr>\n<ul>\n<li>Autor i wsp\u00f3\u0142autor publikacji dotycz\u0105cych diagnostyki i leczenia chor\u00f3b hematologicznych ze szczeg\u00f3lnym uwzgl\u0119dnieniem ch\u0142oniak\u00f3w.<\/li>\n<\/ul>\n<p><strong>Publikacje<\/strong><\/p>\n<ol>\n<li>Wr\u00f3bel T, Biecek P, Rybka J, Szulgo A, Sorbotten N, Giza A, Tyczy\u0144ska A, Nowara E, Badora-Rybicka A, Adamowicz K, Kulikowski W, Kroll-Balcerzak R, Balcerzak A, Spycha\u0142owicz W, Kalinka-Warzocha E, Kumiega B, Drozd-Soko\u0142owska J, Subocz E, Sa\u0142ek A, Machaczka M, Ho\u0142ojda J, Pogrzeba J, Dobrzy\u0144ska O, Chmielowska E, Jurczak W, Knopi\u0144ska-Pos\u0142uszny W, Le\u015bniewski-Kmak K, Maciej Zaucha J \u201eHodgkin lymphoma of the elderly patients: a retrospective multicenter analysis from the Polish Lymphoma Research Group\u201d Leuk Lymphoma. 2019 Feb; 60 (2): 341-348.<\/li>\n<li>Iskierka-Ja\u017cd\u017cewska E, Hus M, Giannopoulos K, M\u0105dro E, Ho\u0142ojda J, Piotrowska M, Zaucha JM, Piszczek W, Szeremet A, Wojciechowska M, Steckiewicz P, Knopi\u0144ska-Pos\u0142uszny W, Osowiecki M, Drozd-Soko\u0142owska J, Kumiega B, Kyrcz-Krzemie\u0144 S, Ha\u0142ka J, Dudzi\u0144ski M, Wieszczy P, Robak T, Warzocha K, Jamroziak K \u201eEfficacy and toxicity of compassionate ibrutinib use in relapsed\/refractory chronic lymphocytic leukemia in Poland: analysis of the Polish Adult Leukemia Group (PALG)\u201dLeuk Lymphoma. 2017 Oct;58(10):2485-2488.<\/li>\n<li>Szmit S, Jurczak W, Zaucha JM, D\u0142ugosz-Danecka M, Sosnowska-Pasiarska B, Chmielowska E, Joks M, Drozd-Soko\u0142owska J, Knopi\u0144ska-Pos\u0142uszny W, Spycha\u0142owicz W, Kumiega B, Charli\u0144ski G, Morawska M, S\u0142omian G \u201eAcute decompensated heart failure as a reason of premature chemotherapy discontinuation may be independent of a lifetime doxorubicin dose in lymphoma patients with cardiovascular disorders\u201d Int J Cardiol. 2017 May 15;235:147-153.<\/li>\n<li>Rybka J, Jurczak W, Giza A, Paszkiewicz-Kozik E, Kumiega B, Drozd-Soko\u0142owska J, Butrym A, Kuliczkowski K, Wr\u00f3bel T \u201eGemcitabine-Based Treatment in Poor-Prognosis Patients with Relapsed and Refractory Hodgkin Lymphoma and Non-Hodgkin Lymphoma&#8211;a Multicenter Polish Experience\u201dAdv Clin Exp Med. 2015 Sep-Oct;24(5):783-9.<\/li>\n<li>Butrym A, Lech-Maranda E, Patkowska E, Kumiega B, Bieniaszewska M, Mital A, Madry K, Torosian T, Wichary R, Rybka J, Warzocha K, Mazur \u201ePolish experience of lenalidomide in the treatment of lower risk myelodysplastic syndrome with isolated del(5q)\u201dBMC Cancer. 2015 Jul 8;15:508.<\/li>\n<li>Jurczak W, Kroll-Balcerzak R, Giebel S, Machaczka M, Giza A, Og\u00f3rka T, Fornagiel S, Rybka J, Wr\u00f3bel T, Kumiega B, Skotnicki AB, Komarnicki M.\u201eLiposomal cytarabine in the prophylaxis and treatment of CNS lymphoma: toxicity analysis in a retrospective case series study conducted at Polish Lymphoma Research Group Centers\u201d Med Oncol 2015 Apr;32(4):90.<\/li>\n<\/ol>\n<hr>\n<p>&nbsp;<\/p>\n","protected":false},"excerpt":{"rendered":"<p>Autor i wsp\u00f3\u0142autor publikacji dotycz\u0105cych diagnostyki i leczenia chor\u00f3b hematologicznych ze szczeg\u00f3lnym uwzgl\u0119dnieniem ch\u0142oniak\u00f3w. Publikacje Wr\u00f3bel T, Biecek P, Rybka J, Szulgo A, Sorbotten N, Giza A, Tyczy\u0144ska A, Nowara E, Badora-Rybicka A, Adamowicz K, Kulikowski W, Kroll-Balcerzak R, Balcerzak A, Spycha\u0142owicz W, Kalinka-Warzocha E, Kumiega B, Drozd-Soko\u0142owska J, Subocz [\u2026] <\/p>\n<div class=\"clear\"><\/div>\n<p><a class=\"more_link clearfix\" href=\"https:\/\/pans.krosno.pl\/pracownicy\/beata-kumiega\/beata-kumiega-najwazniejsze-publikacje\/\" rel=\"nofollow\">Read More<\/a><\/p>\n","protected":false},"author":34,"featured_media":0,"parent":744,"menu_order":0,"comment_status":"closed","ping_status":"closed","template":"","meta":{"ngg_post_thumbnail":0,"footnotes":""},"class_list":["post-753","page","type-page","status-publish","hentry"],"yoast_head":"<!-- This site is optimized with the Yoast SEO Premium plugin v27.3 (Yoast SEO v27.3) - https:\/\/yoast.com\/product\/yoast-seo-premium-wordpress\/ -->\n<title>dr Beata Kumiega - Najwa\u017cniejsze publikacje - Pracownicy PANS w Kro\u015bnie<\/title>\n<meta name=\"robots\" content=\"index, follow, max-snippet:-1, max-image-preview:large, max-video-preview:-1\" \/>\n<link rel=\"canonical\" href=\"https:\/\/pans.krosno.pl\/pracownicy\/beata-kumiega\/beata-kumiega-najwazniejsze-publikacje\/\" \/>\n<meta property=\"og:locale\" content=\"pl_PL\" \/>\n<meta property=\"og:type\" content=\"article\" \/>\n<meta property=\"og:title\" content=\"dr Beata Kumiega - Najwa\u017cniejsze publikacje\" \/>\n<meta property=\"og:description\" content=\"Autor i wsp\u00f3\u0142autor publikacji dotycz\u0105cych diagnostyki i leczenia chor\u00f3b hematologicznych ze szczeg\u00f3lnym uwzgl\u0119dnieniem ch\u0142oniak\u00f3w. Publikacje Wr\u00f3bel T, Biecek P, Rybka J, Szulgo A, Sorbotten N, Giza A, Tyczy\u0144ska A, Nowara E, Badora-Rybicka A, Adamowicz K, Kulikowski W, Kroll-Balcerzak R, Balcerzak A, Spycha\u0142owicz W, Kalinka-Warzocha E, Kumiega B, Drozd-Soko\u0142owska J, Subocz [\u2026] Read More\" \/>\n<meta property=\"og:url\" content=\"https:\/\/pans.krosno.pl\/pracownicy\/beata-kumiega\/beata-kumiega-najwazniejsze-publikacje\/\" \/>\n<meta property=\"og:site_name\" content=\"Pracownicy PANS w Kro\u015bnie\" \/>\n<meta property=\"article:modified_time\" content=\"2025-05-15T11:17:26+00:00\" \/>\n<meta name=\"twitter:card\" content=\"summary_large_image\" \/>\n<meta name=\"twitter:label1\" content=\"Szacowany czas czytania\" \/>\n\t<meta name=\"twitter:data1\" content=\"3 minuty\" \/>\n<script type=\"application\/ld+json\" class=\"yoast-schema-graph\">{\"@context\":\"https:\\\/\\\/schema.org\",\"@graph\":[{\"@type\":\"WebPage\",\"@id\":\"https:\\\/\\\/pans.krosno.pl\\\/pracownicy\\\/beata-kumiega\\\/beata-kumiega-najwazniejsze-publikacje\\\/\",\"url\":\"https:\\\/\\\/pans.krosno.pl\\\/pracownicy\\\/beata-kumiega\\\/beata-kumiega-najwazniejsze-publikacje\\\/\",\"name\":\"dr Beata Kumiega - Najwa\u017cniejsze publikacje - Pracownicy PANS w Kro\u015bnie\",\"isPartOf\":{\"@id\":\"https:\\\/\\\/pans.krosno.pl\\\/pracownicy\\\/#website\"},\"datePublished\":\"2020-03-31T08:33:20+00:00\",\"dateModified\":\"2025-05-15T11:17:26+00:00\",\"breadcrumb\":{\"@id\":\"https:\\\/\\\/pans.krosno.pl\\\/pracownicy\\\/beata-kumiega\\\/beata-kumiega-najwazniejsze-publikacje\\\/#breadcrumb\"},\"inLanguage\":\"pl-PL\",\"potentialAction\":[{\"@type\":\"ReadAction\",\"target\":[\"https:\\\/\\\/pans.krosno.pl\\\/pracownicy\\\/beata-kumiega\\\/beata-kumiega-najwazniejsze-publikacje\\\/\"]}]},{\"@type\":\"BreadcrumbList\",\"@id\":\"https:\\\/\\\/pans.krosno.pl\\\/pracownicy\\\/beata-kumiega\\\/beata-kumiega-najwazniejsze-publikacje\\\/#breadcrumb\",\"itemListElement\":[{\"@type\":\"ListItem\",\"position\":1,\"name\":\"Strona g\u0142\u00f3wna\",\"item\":\"https:\\\/\\\/pans.krosno.pl\\\/pracownicy\\\/\"},{\"@type\":\"ListItem\",\"position\":2,\"name\":\"dr Beata Kumiega\",\"item\":\"https:\\\/\\\/pans.krosno.pl\\\/pracownicy\\\/beata-kumiega\\\/\"},{\"@type\":\"ListItem\",\"position\":3,\"name\":\"dr Beata Kumiega &#8211; Najwa\u017cniejsze publikacje\"}]},{\"@type\":\"WebSite\",\"@id\":\"https:\\\/\\\/pans.krosno.pl\\\/pracownicy\\\/#website\",\"url\":\"https:\\\/\\\/pans.krosno.pl\\\/pracownicy\\\/\",\"name\":\"Pracownicy PANS w Kro\u015bnie\",\"description\":\"Pracownicy - Pa\u0144stwowa Akademia Nauk Stosowanych\",\"publisher\":{\"@id\":\"https:\\\/\\\/pans.krosno.pl\\\/pracownicy\\\/#organization\"},\"potentialAction\":[{\"@type\":\"SearchAction\",\"target\":{\"@type\":\"EntryPoint\",\"urlTemplate\":\"https:\\\/\\\/pans.krosno.pl\\\/pracownicy\\\/?s={search_term_string}\"},\"query-input\":{\"@type\":\"PropertyValueSpecification\",\"valueRequired\":true,\"valueName\":\"search_term_string\"}}],\"inLanguage\":\"pl-PL\"},{\"@type\":\"Organization\",\"@id\":\"https:\\\/\\\/pans.krosno.pl\\\/pracownicy\\\/#organization\",\"name\":\"Pracownicy PANS w Kro\u015bnie\",\"url\":\"https:\\\/\\\/pans.krosno.pl\\\/pracownicy\\\/\",\"logo\":{\"@type\":\"ImageObject\",\"inLanguage\":\"pl-PL\",\"@id\":\"https:\\\/\\\/pans.krosno.pl\\\/pracownicy\\\/#\\\/schema\\\/logo\\\/image\\\/\",\"url\":\"https:\\\/\\\/pans.krosno.pl\\\/pracownicy\\\/wp-content\\\/uploads\\\/sites\\\/41\\\/2023\\\/01\\\/Logo-PANS-2022-pelne.png\",\"contentUrl\":\"https:\\\/\\\/pans.krosno.pl\\\/pracownicy\\\/wp-content\\\/uploads\\\/sites\\\/41\\\/2023\\\/01\\\/Logo-PANS-2022-pelne.png\",\"width\":3096,\"height\":696,\"caption\":\"Pracownicy PANS w Kro\u015bnie\"},\"image\":{\"@id\":\"https:\\\/\\\/pans.krosno.pl\\\/pracownicy\\\/#\\\/schema\\\/logo\\\/image\\\/\"}}]}<\/script>\n<!-- \/ Yoast SEO Premium plugin. -->","yoast_head_json":{"title":"dr Beata Kumiega - Najwa\u017cniejsze publikacje - Pracownicy PANS w Kro\u015bnie","robots":{"index":"index","follow":"follow","max-snippet":"max-snippet:-1","max-image-preview":"max-image-preview:large","max-video-preview":"max-video-preview:-1"},"canonical":"https:\/\/pans.krosno.pl\/pracownicy\/beata-kumiega\/beata-kumiega-najwazniejsze-publikacje\/","og_locale":"pl_PL","og_type":"article","og_title":"dr Beata Kumiega - Najwa\u017cniejsze publikacje","og_description":"Autor i wsp\u00f3\u0142autor publikacji dotycz\u0105cych diagnostyki i leczenia chor\u00f3b hematologicznych ze szczeg\u00f3lnym uwzgl\u0119dnieniem ch\u0142oniak\u00f3w. Publikacje Wr\u00f3bel T, Biecek P, Rybka J, Szulgo A, Sorbotten N, Giza A, Tyczy\u0144ska A, Nowara E, Badora-Rybicka A, Adamowicz K, Kulikowski W, Kroll-Balcerzak R, Balcerzak A, Spycha\u0142owicz W, Kalinka-Warzocha E, Kumiega B, Drozd-Soko\u0142owska J, Subocz [\u2026] Read More","og_url":"https:\/\/pans.krosno.pl\/pracownicy\/beata-kumiega\/beata-kumiega-najwazniejsze-publikacje\/","og_site_name":"Pracownicy PANS w Kro\u015bnie","article_modified_time":"2025-05-15T11:17:26+00:00","twitter_card":"summary_large_image","twitter_misc":{"Szacowany czas czytania":"3 minuty"},"schema":{"@context":"https:\/\/schema.org","@graph":[{"@type":"WebPage","@id":"https:\/\/pans.krosno.pl\/pracownicy\/beata-kumiega\/beata-kumiega-najwazniejsze-publikacje\/","url":"https:\/\/pans.krosno.pl\/pracownicy\/beata-kumiega\/beata-kumiega-najwazniejsze-publikacje\/","name":"dr Beata Kumiega - Najwa\u017cniejsze publikacje - Pracownicy PANS w Kro\u015bnie","isPartOf":{"@id":"https:\/\/pans.krosno.pl\/pracownicy\/#website"},"datePublished":"2020-03-31T08:33:20+00:00","dateModified":"2025-05-15T11:17:26+00:00","breadcrumb":{"@id":"https:\/\/pans.krosno.pl\/pracownicy\/beata-kumiega\/beata-kumiega-najwazniejsze-publikacje\/#breadcrumb"},"inLanguage":"pl-PL","potentialAction":[{"@type":"ReadAction","target":["https:\/\/pans.krosno.pl\/pracownicy\/beata-kumiega\/beata-kumiega-najwazniejsze-publikacje\/"]}]},{"@type":"BreadcrumbList","@id":"https:\/\/pans.krosno.pl\/pracownicy\/beata-kumiega\/beata-kumiega-najwazniejsze-publikacje\/#breadcrumb","itemListElement":[{"@type":"ListItem","position":1,"name":"Strona g\u0142\u00f3wna","item":"https:\/\/pans.krosno.pl\/pracownicy\/"},{"@type":"ListItem","position":2,"name":"dr Beata Kumiega","item":"https:\/\/pans.krosno.pl\/pracownicy\/beata-kumiega\/"},{"@type":"ListItem","position":3,"name":"dr Beata Kumiega &#8211; Najwa\u017cniejsze publikacje"}]},{"@type":"WebSite","@id":"https:\/\/pans.krosno.pl\/pracownicy\/#website","url":"https:\/\/pans.krosno.pl\/pracownicy\/","name":"Pracownicy PANS w Kro\u015bnie","description":"Pracownicy - Pa\u0144stwowa Akademia Nauk Stosowanych","publisher":{"@id":"https:\/\/pans.krosno.pl\/pracownicy\/#organization"},"potentialAction":[{"@type":"SearchAction","target":{"@type":"EntryPoint","urlTemplate":"https:\/\/pans.krosno.pl\/pracownicy\/?s={search_term_string}"},"query-input":{"@type":"PropertyValueSpecification","valueRequired":true,"valueName":"search_term_string"}}],"inLanguage":"pl-PL"},{"@type":"Organization","@id":"https:\/\/pans.krosno.pl\/pracownicy\/#organization","name":"Pracownicy PANS w Kro\u015bnie","url":"https:\/\/pans.krosno.pl\/pracownicy\/","logo":{"@type":"ImageObject","inLanguage":"pl-PL","@id":"https:\/\/pans.krosno.pl\/pracownicy\/#\/schema\/logo\/image\/","url":"https:\/\/pans.krosno.pl\/pracownicy\/wp-content\/uploads\/sites\/41\/2023\/01\/Logo-PANS-2022-pelne.png","contentUrl":"https:\/\/pans.krosno.pl\/pracownicy\/wp-content\/uploads\/sites\/41\/2023\/01\/Logo-PANS-2022-pelne.png","width":3096,"height":696,"caption":"Pracownicy PANS w Kro\u015bnie"},"image":{"@id":"https:\/\/pans.krosno.pl\/pracownicy\/#\/schema\/logo\/image\/"}}]}},"_links":{"self":[{"href":"https:\/\/pans.krosno.pl\/pracownicy\/wp-json\/wp\/v2\/pages\/753","targetHints":{"allow":["GET"]}}],"collection":[{"href":"https:\/\/pans.krosno.pl\/pracownicy\/wp-json\/wp\/v2\/pages"}],"about":[{"href":"https:\/\/pans.krosno.pl\/pracownicy\/wp-json\/wp\/v2\/types\/page"}],"author":[{"embeddable":true,"href":"https:\/\/pans.krosno.pl\/pracownicy\/wp-json\/wp\/v2\/users\/34"}],"replies":[{"embeddable":true,"href":"https:\/\/pans.krosno.pl\/pracownicy\/wp-json\/wp\/v2\/comments?post=753"}],"version-history":[{"count":6,"href":"https:\/\/pans.krosno.pl\/pracownicy\/wp-json\/wp\/v2\/pages\/753\/revisions"}],"predecessor-version":[{"id":8104,"href":"https:\/\/pans.krosno.pl\/pracownicy\/wp-json\/wp\/v2\/pages\/753\/revisions\/8104"}],"up":[{"embeddable":true,"href":"https:\/\/pans.krosno.pl\/pracownicy\/wp-json\/wp\/v2\/pages\/744"}],"wp:attachment":[{"href":"https:\/\/pans.krosno.pl\/pracownicy\/wp-json\/wp\/v2\/media?parent=753"}],"curies":[{"name":"wp","href":"https:\/\/api.w.org\/{rel}","templated":true}]}}