{"id":737,"date":"2020-03-31T10:06:10","date_gmt":"2020-03-31T08:06:10","guid":{"rendered":"https:\/\/pans.krosno.pl\/pracownicy\/?page_id=737"},"modified":"2025-05-20T12:09:40","modified_gmt":"2025-05-20T10:09:40","slug":"mgr-joanna-kubik-zyciorys-naukowy","status":"publish","type":"page","link":"https:\/\/pans.krosno.pl\/pracownicy\/joanna-kubik\/mgr-joanna-kubik-zyciorys-naukowy\/","title":{"rendered":"mgr Joanna Kubik &#8211; \u017byciorys naukowy"},"content":{"rendered":"<hr>\n<ul>\n<li>Absolwentka Uniwersytetu Rzeszowskiego, magister piel\u0119gniarstwa.<\/li>\n<\/ul>\n<hr>\n<p style=\"text-align: center\"><strong>Uko\u0144czone kszta\u0142cenie podyplomowe<\/strong><\/p>\n<p><strong>Kurs specjalistyczny pn.:<\/strong><\/p>\n<ul>\n<li>&#8222;Szczepienia ochronne dla piel\u0119gniarek&#8221;,<\/li>\n<li>&#8222;Wykonanie i interpretacja zapisu EKG u doros\u0142ego dla piel\u0119gniarek i po\u0142o\u017cnych&#8221;,<\/li>\n<li>&#8222;Resuscytacja Kr\u0105\u017ceniowo-Oddechowej dla piel\u0119gniarek i po\u0142o\u017cnych&#8221;,<\/li>\n<li>&#8222;Wywiad i badania fizykalne dla piel\u0119gniarek i po\u0142o\u017cnych&#8221;,<\/li>\n<li>&#8222;Kwalifikacyjny kurs pedagogiczny&#8221;.<\/li>\n<\/ul>\n<hr>\n<p>&nbsp;<\/p>\n","protected":false},"excerpt":{"rendered":"<p>Absolwentka Uniwersytetu Rzeszowskiego, magister piel\u0119gniarstwa. Uko\u0144czone kszta\u0142cenie podyplomowe Kurs specjalistyczny pn.: &#8222;Szczepienia ochronne dla piel\u0119gniarek&#8221;, &#8222;Wykonanie i interpretacja zapisu EKG u doros\u0142ego dla piel\u0119gniarek i po\u0142o\u017cnych&#8221;, &#8222;Resuscytacja Kr\u0105\u017ceniowo-Oddechowej dla piel\u0119gniarek i po\u0142o\u017cnych&#8221;, &#8222;Wywiad i badania fizykalne dla piel\u0119gniarek i po\u0142o\u017cnych&#8221;, &#8222;Kwalifikacyjny kurs pedagogiczny&#8221;. &nbsp;<\/p>\n","protected":false},"author":34,"featured_media":0,"parent":735,"menu_order":0,"comment_status":"closed","ping_status":"closed","template":"","meta":{"ngg_post_thumbnail":0,"footnotes":""},"class_list":["post-737","page","type-page","status-publish","hentry"],"yoast_head":"<!-- This site is optimized with the Yoast SEO Premium plugin v27.3 (Yoast SEO v27.3) - https:\/\/yoast.com\/product\/yoast-seo-premium-wordpress\/ -->\n<title>mgr Joanna Kubik - \u017byciorys naukowy - Pracownicy PANS w Kro\u015bnie<\/title>\n<meta name=\"robots\" content=\"index, follow, max-snippet:-1, max-image-preview:large, max-video-preview:-1\" \/>\n<link rel=\"canonical\" href=\"https:\/\/pans.krosno.pl\/pracownicy\/joanna-kubik\/mgr-joanna-kubik-zyciorys-naukowy\/\" \/>\n<meta property=\"og:locale\" content=\"pl_PL\" \/>\n<meta property=\"og:type\" content=\"article\" \/>\n<meta property=\"og:title\" content=\"mgr Joanna Kubik - \u017byciorys naukowy\" \/>\n<meta property=\"og:description\" content=\"Absolwentka Uniwersytetu Rzeszowskiego, magister piel\u0119gniarstwa. Uko\u0144czone kszta\u0142cenie podyplomowe Kurs specjalistyczny pn.: &#8222;Szczepienia ochronne dla piel\u0119gniarek&#8221;, &#8222;Wykonanie i interpretacja zapisu EKG u doros\u0142ego dla piel\u0119gniarek i po\u0142o\u017cnych&#8221;, &#8222;Resuscytacja Kr\u0105\u017ceniowo-Oddechowej dla piel\u0119gniarek i po\u0142o\u017cnych&#8221;, &#8222;Wywiad i badania fizykalne dla piel\u0119gniarek i po\u0142o\u017cnych&#8221;, &#8222;Kwalifikacyjny kurs pedagogiczny&#8221;. &nbsp;\" \/>\n<meta property=\"og:url\" content=\"https:\/\/pans.krosno.pl\/pracownicy\/joanna-kubik\/mgr-joanna-kubik-zyciorys-naukowy\/\" \/>\n<meta property=\"og:site_name\" content=\"Pracownicy PANS w Kro\u015bnie\" \/>\n<meta property=\"article:modified_time\" content=\"2025-05-20T10:09:40+00:00\" \/>\n<meta name=\"twitter:card\" content=\"summary_large_image\" \/>\n<meta name=\"twitter:label1\" content=\"Szacowany czas czytania\" \/>\n\t<meta name=\"twitter:data1\" content=\"1 minuta\" \/>\n<script type=\"application\/ld+json\" class=\"yoast-schema-graph\">{\"@context\":\"https:\\\/\\\/schema.org\",\"@graph\":[{\"@type\":\"WebPage\",\"@id\":\"https:\\\/\\\/pans.krosno.pl\\\/pracownicy\\\/joanna-kubik\\\/mgr-joanna-kubik-zyciorys-naukowy\\\/\",\"url\":\"https:\\\/\\\/pans.krosno.pl\\\/pracownicy\\\/joanna-kubik\\\/mgr-joanna-kubik-zyciorys-naukowy\\\/\",\"name\":\"mgr Joanna Kubik - \u017byciorys naukowy - Pracownicy PANS w Kro\u015bnie\",\"isPartOf\":{\"@id\":\"https:\\\/\\\/pans.krosno.pl\\\/pracownicy\\\/#website\"},\"datePublished\":\"2020-03-31T08:06:10+00:00\",\"dateModified\":\"2025-05-20T10:09:40+00:00\",\"breadcrumb\":{\"@id\":\"https:\\\/\\\/pans.krosno.pl\\\/pracownicy\\\/joanna-kubik\\\/mgr-joanna-kubik-zyciorys-naukowy\\\/#breadcrumb\"},\"inLanguage\":\"pl-PL\",\"potentialAction\":[{\"@type\":\"ReadAction\",\"target\":[\"https:\\\/\\\/pans.krosno.pl\\\/pracownicy\\\/joanna-kubik\\\/mgr-joanna-kubik-zyciorys-naukowy\\\/\"]}]},{\"@type\":\"BreadcrumbList\",\"@id\":\"https:\\\/\\\/pans.krosno.pl\\\/pracownicy\\\/joanna-kubik\\\/mgr-joanna-kubik-zyciorys-naukowy\\\/#breadcrumb\",\"itemListElement\":[{\"@type\":\"ListItem\",\"position\":1,\"name\":\"Strona g\u0142\u00f3wna\",\"item\":\"https:\\\/\\\/pans.krosno.pl\\\/pracownicy\\\/\"},{\"@type\":\"ListItem\",\"position\":2,\"name\":\"mgr Joanna Kubik\",\"item\":\"https:\\\/\\\/pans.krosno.pl\\\/pracownicy\\\/joanna-kubik\\\/\"},{\"@type\":\"ListItem\",\"position\":3,\"name\":\"mgr Joanna Kubik &#8211; \u017byciorys naukowy\"}]},{\"@type\":\"WebSite\",\"@id\":\"https:\\\/\\\/pans.krosno.pl\\\/pracownicy\\\/#website\",\"url\":\"https:\\\/\\\/pans.krosno.pl\\\/pracownicy\\\/\",\"name\":\"Pracownicy PANS w Kro\u015bnie\",\"description\":\"Pracownicy - Pa\u0144stwowa Akademia Nauk Stosowanych\",\"publisher\":{\"@id\":\"https:\\\/\\\/pans.krosno.pl\\\/pracownicy\\\/#organization\"},\"potentialAction\":[{\"@type\":\"SearchAction\",\"target\":{\"@type\":\"EntryPoint\",\"urlTemplate\":\"https:\\\/\\\/pans.krosno.pl\\\/pracownicy\\\/?s={search_term_string}\"},\"query-input\":{\"@type\":\"PropertyValueSpecification\",\"valueRequired\":true,\"valueName\":\"search_term_string\"}}],\"inLanguage\":\"pl-PL\"},{\"@type\":\"Organization\",\"@id\":\"https:\\\/\\\/pans.krosno.pl\\\/pracownicy\\\/#organization\",\"name\":\"Pracownicy PANS w Kro\u015bnie\",\"url\":\"https:\\\/\\\/pans.krosno.pl\\\/pracownicy\\\/\",\"logo\":{\"@type\":\"ImageObject\",\"inLanguage\":\"pl-PL\",\"@id\":\"https:\\\/\\\/pans.krosno.pl\\\/pracownicy\\\/#\\\/schema\\\/logo\\\/image\\\/\",\"url\":\"https:\\\/\\\/pans.krosno.pl\\\/pracownicy\\\/wp-content\\\/uploads\\\/sites\\\/41\\\/2023\\\/01\\\/Logo-PANS-2022-pelne.png\",\"contentUrl\":\"https:\\\/\\\/pans.krosno.pl\\\/pracownicy\\\/wp-content\\\/uploads\\\/sites\\\/41\\\/2023\\\/01\\\/Logo-PANS-2022-pelne.png\",\"width\":3096,\"height\":696,\"caption\":\"Pracownicy PANS w Kro\u015bnie\"},\"image\":{\"@id\":\"https:\\\/\\\/pans.krosno.pl\\\/pracownicy\\\/#\\\/schema\\\/logo\\\/image\\\/\"}}]}<\/script>\n<!-- \/ Yoast SEO Premium plugin. -->","yoast_head_json":{"title":"mgr Joanna Kubik - \u017byciorys naukowy - Pracownicy PANS w Kro\u015bnie","robots":{"index":"index","follow":"follow","max-snippet":"max-snippet:-1","max-image-preview":"max-image-preview:large","max-video-preview":"max-video-preview:-1"},"canonical":"https:\/\/pans.krosno.pl\/pracownicy\/joanna-kubik\/mgr-joanna-kubik-zyciorys-naukowy\/","og_locale":"pl_PL","og_type":"article","og_title":"mgr Joanna Kubik - \u017byciorys naukowy","og_description":"Absolwentka Uniwersytetu Rzeszowskiego, magister piel\u0119gniarstwa. Uko\u0144czone kszta\u0142cenie podyplomowe Kurs specjalistyczny pn.: &#8222;Szczepienia ochronne dla piel\u0119gniarek&#8221;, &#8222;Wykonanie i interpretacja zapisu EKG u doros\u0142ego dla piel\u0119gniarek i po\u0142o\u017cnych&#8221;, &#8222;Resuscytacja Kr\u0105\u017ceniowo-Oddechowej dla piel\u0119gniarek i po\u0142o\u017cnych&#8221;, &#8222;Wywiad i badania fizykalne dla piel\u0119gniarek i po\u0142o\u017cnych&#8221;, &#8222;Kwalifikacyjny kurs pedagogiczny&#8221;. &nbsp;","og_url":"https:\/\/pans.krosno.pl\/pracownicy\/joanna-kubik\/mgr-joanna-kubik-zyciorys-naukowy\/","og_site_name":"Pracownicy PANS w Kro\u015bnie","article_modified_time":"2025-05-20T10:09:40+00:00","twitter_card":"summary_large_image","twitter_misc":{"Szacowany czas czytania":"1 minuta"},"schema":{"@context":"https:\/\/schema.org","@graph":[{"@type":"WebPage","@id":"https:\/\/pans.krosno.pl\/pracownicy\/joanna-kubik\/mgr-joanna-kubik-zyciorys-naukowy\/","url":"https:\/\/pans.krosno.pl\/pracownicy\/joanna-kubik\/mgr-joanna-kubik-zyciorys-naukowy\/","name":"mgr Joanna Kubik - \u017byciorys naukowy - Pracownicy PANS w Kro\u015bnie","isPartOf":{"@id":"https:\/\/pans.krosno.pl\/pracownicy\/#website"},"datePublished":"2020-03-31T08:06:10+00:00","dateModified":"2025-05-20T10:09:40+00:00","breadcrumb":{"@id":"https:\/\/pans.krosno.pl\/pracownicy\/joanna-kubik\/mgr-joanna-kubik-zyciorys-naukowy\/#breadcrumb"},"inLanguage":"pl-PL","potentialAction":[{"@type":"ReadAction","target":["https:\/\/pans.krosno.pl\/pracownicy\/joanna-kubik\/mgr-joanna-kubik-zyciorys-naukowy\/"]}]},{"@type":"BreadcrumbList","@id":"https:\/\/pans.krosno.pl\/pracownicy\/joanna-kubik\/mgr-joanna-kubik-zyciorys-naukowy\/#breadcrumb","itemListElement":[{"@type":"ListItem","position":1,"name":"Strona g\u0142\u00f3wna","item":"https:\/\/pans.krosno.pl\/pracownicy\/"},{"@type":"ListItem","position":2,"name":"mgr Joanna Kubik","item":"https:\/\/pans.krosno.pl\/pracownicy\/joanna-kubik\/"},{"@type":"ListItem","position":3,"name":"mgr Joanna Kubik &#8211; \u017byciorys naukowy"}]},{"@type":"WebSite","@id":"https:\/\/pans.krosno.pl\/pracownicy\/#website","url":"https:\/\/pans.krosno.pl\/pracownicy\/","name":"Pracownicy PANS w Kro\u015bnie","description":"Pracownicy - Pa\u0144stwowa Akademia Nauk Stosowanych","publisher":{"@id":"https:\/\/pans.krosno.pl\/pracownicy\/#organization"},"potentialAction":[{"@type":"SearchAction","target":{"@type":"EntryPoint","urlTemplate":"https:\/\/pans.krosno.pl\/pracownicy\/?s={search_term_string}"},"query-input":{"@type":"PropertyValueSpecification","valueRequired":true,"valueName":"search_term_string"}}],"inLanguage":"pl-PL"},{"@type":"Organization","@id":"https:\/\/pans.krosno.pl\/pracownicy\/#organization","name":"Pracownicy PANS w Kro\u015bnie","url":"https:\/\/pans.krosno.pl\/pracownicy\/","logo":{"@type":"ImageObject","inLanguage":"pl-PL","@id":"https:\/\/pans.krosno.pl\/pracownicy\/#\/schema\/logo\/image\/","url":"https:\/\/pans.krosno.pl\/pracownicy\/wp-content\/uploads\/sites\/41\/2023\/01\/Logo-PANS-2022-pelne.png","contentUrl":"https:\/\/pans.krosno.pl\/pracownicy\/wp-content\/uploads\/sites\/41\/2023\/01\/Logo-PANS-2022-pelne.png","width":3096,"height":696,"caption":"Pracownicy PANS w Kro\u015bnie"},"image":{"@id":"https:\/\/pans.krosno.pl\/pracownicy\/#\/schema\/logo\/image\/"}}]}},"_links":{"self":[{"href":"https:\/\/pans.krosno.pl\/pracownicy\/wp-json\/wp\/v2\/pages\/737","targetHints":{"allow":["GET"]}}],"collection":[{"href":"https:\/\/pans.krosno.pl\/pracownicy\/wp-json\/wp\/v2\/pages"}],"about":[{"href":"https:\/\/pans.krosno.pl\/pracownicy\/wp-json\/wp\/v2\/types\/page"}],"author":[{"embeddable":true,"href":"https:\/\/pans.krosno.pl\/pracownicy\/wp-json\/wp\/v2\/users\/34"}],"replies":[{"embeddable":true,"href":"https:\/\/pans.krosno.pl\/pracownicy\/wp-json\/wp\/v2\/comments?post=737"}],"version-history":[{"count":10,"href":"https:\/\/pans.krosno.pl\/pracownicy\/wp-json\/wp\/v2\/pages\/737\/revisions"}],"predecessor-version":[{"id":10891,"href":"https:\/\/pans.krosno.pl\/pracownicy\/wp-json\/wp\/v2\/pages\/737\/revisions\/10891"}],"up":[{"embeddable":true,"href":"https:\/\/pans.krosno.pl\/pracownicy\/wp-json\/wp\/v2\/pages\/735"}],"wp:attachment":[{"href":"https:\/\/pans.krosno.pl\/pracownicy\/wp-json\/wp\/v2\/media?parent=737"}],"curies":[{"name":"wp","href":"https:\/\/api.w.org\/{rel}","templated":true}]}}