{"id":732,"date":"2020-03-31T10:00:11","date_gmt":"2020-03-31T08:00:11","guid":{"rendered":"https:\/\/pans.krosno.pl\/pracownicy\/?page_id=732"},"modified":"2025-05-20T08:58:26","modified_gmt":"2025-05-20T06:58:26","slug":"agnieszka-kijowska-najwazniejsze-publikacje","status":"publish","type":"page","link":"https:\/\/pans.krosno.pl\/pracownicy\/agnieszka-kijowska\/agnieszka-kijowska-najwazniejsze-publikacje\/","title":{"rendered":"Dr Agnieszka Kijowska &#8211; Najwa\u017cniejsze publikacje"},"content":{"rendered":"<hr>\n<p><strong>Monografia<\/strong><\/p>\n<ol>\n<li>Jako\u015b\u0107 \u017cycia senior\u00f3w aktywnych spo\u0142ecznie na przyk\u0142adzie uczestnik\u00f3w Uniwersytetu Trzeciego Wieku. Agnieszka Kijowska, Aneta J\u0119drzejewska ,Mariusz Wysoki\u0144ski, Wies\u0142aw Fidecki, Hanna Kachaniuk, Multidyscyplinarna opieka geriatryczna, Warszawa 2019, s.64-83.<\/li>\n<\/ol>\n<p><strong>Artyku\u0142y<\/strong><\/p>\n<ol>\n<li>Basic guidelines for high-fidelity medical simulation. Studnicka Katarzyna, Zarzycka Danuta, Dziura Ma\u0142gorzata, Kijowska Agnieszka. Journal of Education, Health and Sport. 2018; nr 8(12): s.384-390.<\/li>\n<li>Assessment of the impact of the educational program carried out on the change of health behavior related to physical activity in people over 65 with diagnosed ischemic heart disease. (Analiza wp\u0142ywu przeprowadzonego programu edukacyjnego na zmian\u0119 zachowa\u0144 zdrowotnych dotycz\u0105cych aktywno\u015bci fizycznej u os\u00f3b po 65. roku \u017cycia z rozpoznan\u0105 chorob\u0105 niedokrwienn\u0105 serca.). [Aut.] Beata Dziedzic, Jacek Imiela, Zofia Sienkiewicz, Paulina Dziedzic, Mariusz Wysoki\u0144ski, Agnieszka Kijowska. Gerontol. Pol. 2018 t. 26 nr 4 s. 251-257, bibliogr. Streszcz.<\/li>\n<li>Assessment of health behaviours in family nurses. [Aut.] Magdalena Zych, Wies\u0142aw Fidecki, Mariusz Wysoki\u0144ski, Dorota Kulina, Zofia Sienkiewicz, Katarzyna Zu\u0144, Aneta J\u0119drzejewska, Agnieszka Kijowska. J. Educ. Health Sport 2019 vol. 9 nr 1 s. 251-262, bibliogr.<\/li>\n<li>Self-assessment concerning the quality of life among family nurses. [Aut.] Katarzyna Zu\u0144, Wies\u0142aw Fidecki, Mariusz Wysoki\u0144ski, Zofia Sienkiewicz, Dorota Kulina, Magdalena Zych, Aneta J\u0119drzejewska, Agnieszka Kijowska. J. Educ. Health Sport 2018 vol. 8 nr 12 s. 317-326, bibliogr.<\/li>\n<li>Satisfaction with the life of neurogeriatric patients. (Satysfakcja z \u017cycia pacjent\u00f3w neurogeriatrycznych.). [Aut.] Mariusz Wysoki\u0144ski, Barbara Kuszplak, Kamil Kuszplak, Wies\u0142aw Fidecki, Dorota Kulina, Monika Bieniak, Aneta J\u0119drzejewska, Agnieszka Kijowska. Piel\u0119g. Neurol. Neurochir. 2018 t. 7 nr 4 s. 145-149, bibliogr.<\/li>\n<\/ol>\n<hr>\n<p>&nbsp;<\/p>\n","protected":false},"excerpt":{"rendered":"<p>Monografia Jako\u015b\u0107 \u017cycia senior\u00f3w aktywnych spo\u0142ecznie na przyk\u0142adzie uczestnik\u00f3w Uniwersytetu Trzeciego Wieku. Agnieszka Kijowska, Aneta J\u0119drzejewska ,Mariusz Wysoki\u0144ski, Wies\u0142aw Fidecki, Hanna Kachaniuk, Multidyscyplinarna opieka geriatryczna, Warszawa 2019, s.64-83. Artyku\u0142y Basic guidelines for high-fidelity medical simulation. Studnicka Katarzyna, Zarzycka Danuta, Dziura Ma\u0142gorzata, Kijowska Agnieszka. Journal of Education, Health and Sport. 2018; [\u2026] <\/p>\n<div class=\"clear\"><\/div>\n<p><a class=\"more_link clearfix\" href=\"https:\/\/pans.krosno.pl\/pracownicy\/agnieszka-kijowska\/agnieszka-kijowska-najwazniejsze-publikacje\/\" rel=\"nofollow\">Read More<\/a><\/p>\n","protected":false},"author":34,"featured_media":0,"parent":724,"menu_order":0,"comment_status":"closed","ping_status":"closed","template":"","meta":{"ngg_post_thumbnail":0,"footnotes":""},"class_list":["post-732","page","type-page","status-publish","hentry"],"yoast_head":"<!-- This site is optimized with the Yoast SEO Premium plugin v27.3 (Yoast SEO v27.3) - https:\/\/yoast.com\/product\/yoast-seo-premium-wordpress\/ -->\n<title>Dr Agnieszka Kijowska - Najwa\u017cniejsze publikacje - Pracownicy PANS w Kro\u015bnie<\/title>\n<meta name=\"robots\" content=\"index, follow, max-snippet:-1, max-image-preview:large, max-video-preview:-1\" \/>\n<link rel=\"canonical\" href=\"https:\/\/pans.krosno.pl\/pracownicy\/agnieszka-kijowska\/agnieszka-kijowska-najwazniejsze-publikacje\/\" \/>\n<meta property=\"og:locale\" content=\"pl_PL\" \/>\n<meta property=\"og:type\" content=\"article\" \/>\n<meta property=\"og:title\" content=\"Dr Agnieszka Kijowska - Najwa\u017cniejsze publikacje\" \/>\n<meta property=\"og:description\" content=\"Monografia Jako\u015b\u0107 \u017cycia senior\u00f3w aktywnych spo\u0142ecznie na przyk\u0142adzie uczestnik\u00f3w Uniwersytetu Trzeciego Wieku. Agnieszka Kijowska, Aneta J\u0119drzejewska ,Mariusz Wysoki\u0144ski, Wies\u0142aw Fidecki, Hanna Kachaniuk, Multidyscyplinarna opieka geriatryczna, Warszawa 2019, s.64-83. Artyku\u0142y Basic guidelines for high-fidelity medical simulation. Studnicka Katarzyna, Zarzycka Danuta, Dziura Ma\u0142gorzata, Kijowska Agnieszka. Journal of Education, Health and Sport. 2018; [\u2026] Read More\" \/>\n<meta property=\"og:url\" content=\"https:\/\/pans.krosno.pl\/pracownicy\/agnieszka-kijowska\/agnieszka-kijowska-najwazniejsze-publikacje\/\" \/>\n<meta property=\"og:site_name\" content=\"Pracownicy PANS w Kro\u015bnie\" \/>\n<meta property=\"article:modified_time\" content=\"2025-05-20T06:58:26+00:00\" \/>\n<meta name=\"twitter:card\" content=\"summary_large_image\" \/>\n<meta name=\"twitter:label1\" content=\"Szacowany czas czytania\" \/>\n\t<meta name=\"twitter:data1\" content=\"2 minuty\" \/>\n<script type=\"application\/ld+json\" class=\"yoast-schema-graph\">{\"@context\":\"https:\\\/\\\/schema.org\",\"@graph\":[{\"@type\":\"WebPage\",\"@id\":\"https:\\\/\\\/pans.krosno.pl\\\/pracownicy\\\/agnieszka-kijowska\\\/agnieszka-kijowska-najwazniejsze-publikacje\\\/\",\"url\":\"https:\\\/\\\/pans.krosno.pl\\\/pracownicy\\\/agnieszka-kijowska\\\/agnieszka-kijowska-najwazniejsze-publikacje\\\/\",\"name\":\"Dr Agnieszka Kijowska - Najwa\u017cniejsze publikacje - Pracownicy PANS w Kro\u015bnie\",\"isPartOf\":{\"@id\":\"https:\\\/\\\/pans.krosno.pl\\\/pracownicy\\\/#website\"},\"datePublished\":\"2020-03-31T08:00:11+00:00\",\"dateModified\":\"2025-05-20T06:58:26+00:00\",\"breadcrumb\":{\"@id\":\"https:\\\/\\\/pans.krosno.pl\\\/pracownicy\\\/agnieszka-kijowska\\\/agnieszka-kijowska-najwazniejsze-publikacje\\\/#breadcrumb\"},\"inLanguage\":\"pl-PL\",\"potentialAction\":[{\"@type\":\"ReadAction\",\"target\":[\"https:\\\/\\\/pans.krosno.pl\\\/pracownicy\\\/agnieszka-kijowska\\\/agnieszka-kijowska-najwazniejsze-publikacje\\\/\"]}]},{\"@type\":\"BreadcrumbList\",\"@id\":\"https:\\\/\\\/pans.krosno.pl\\\/pracownicy\\\/agnieszka-kijowska\\\/agnieszka-kijowska-najwazniejsze-publikacje\\\/#breadcrumb\",\"itemListElement\":[{\"@type\":\"ListItem\",\"position\":1,\"name\":\"Strona g\u0142\u00f3wna\",\"item\":\"https:\\\/\\\/pans.krosno.pl\\\/pracownicy\\\/\"},{\"@type\":\"ListItem\",\"position\":2,\"name\":\"Dr Agnieszka Kijowska\",\"item\":\"https:\\\/\\\/pans.krosno.pl\\\/pracownicy\\\/agnieszka-kijowska\\\/\"},{\"@type\":\"ListItem\",\"position\":3,\"name\":\"Dr Agnieszka Kijowska &#8211; Najwa\u017cniejsze publikacje\"}]},{\"@type\":\"WebSite\",\"@id\":\"https:\\\/\\\/pans.krosno.pl\\\/pracownicy\\\/#website\",\"url\":\"https:\\\/\\\/pans.krosno.pl\\\/pracownicy\\\/\",\"name\":\"Pracownicy PANS w Kro\u015bnie\",\"description\":\"Pracownicy - Pa\u0144stwowa Akademia Nauk Stosowanych\",\"publisher\":{\"@id\":\"https:\\\/\\\/pans.krosno.pl\\\/pracownicy\\\/#organization\"},\"potentialAction\":[{\"@type\":\"SearchAction\",\"target\":{\"@type\":\"EntryPoint\",\"urlTemplate\":\"https:\\\/\\\/pans.krosno.pl\\\/pracownicy\\\/?s={search_term_string}\"},\"query-input\":{\"@type\":\"PropertyValueSpecification\",\"valueRequired\":true,\"valueName\":\"search_term_string\"}}],\"inLanguage\":\"pl-PL\"},{\"@type\":\"Organization\",\"@id\":\"https:\\\/\\\/pans.krosno.pl\\\/pracownicy\\\/#organization\",\"name\":\"Pracownicy PANS w Kro\u015bnie\",\"url\":\"https:\\\/\\\/pans.krosno.pl\\\/pracownicy\\\/\",\"logo\":{\"@type\":\"ImageObject\",\"inLanguage\":\"pl-PL\",\"@id\":\"https:\\\/\\\/pans.krosno.pl\\\/pracownicy\\\/#\\\/schema\\\/logo\\\/image\\\/\",\"url\":\"https:\\\/\\\/pans.krosno.pl\\\/pracownicy\\\/wp-content\\\/uploads\\\/sites\\\/41\\\/2023\\\/01\\\/Logo-PANS-2022-pelne.png\",\"contentUrl\":\"https:\\\/\\\/pans.krosno.pl\\\/pracownicy\\\/wp-content\\\/uploads\\\/sites\\\/41\\\/2023\\\/01\\\/Logo-PANS-2022-pelne.png\",\"width\":3096,\"height\":696,\"caption\":\"Pracownicy PANS w Kro\u015bnie\"},\"image\":{\"@id\":\"https:\\\/\\\/pans.krosno.pl\\\/pracownicy\\\/#\\\/schema\\\/logo\\\/image\\\/\"}}]}<\/script>\n<!-- \/ Yoast SEO Premium plugin. -->","yoast_head_json":{"title":"Dr Agnieszka Kijowska - Najwa\u017cniejsze publikacje - Pracownicy PANS w Kro\u015bnie","robots":{"index":"index","follow":"follow","max-snippet":"max-snippet:-1","max-image-preview":"max-image-preview:large","max-video-preview":"max-video-preview:-1"},"canonical":"https:\/\/pans.krosno.pl\/pracownicy\/agnieszka-kijowska\/agnieszka-kijowska-najwazniejsze-publikacje\/","og_locale":"pl_PL","og_type":"article","og_title":"Dr Agnieszka Kijowska - Najwa\u017cniejsze publikacje","og_description":"Monografia Jako\u015b\u0107 \u017cycia senior\u00f3w aktywnych spo\u0142ecznie na przyk\u0142adzie uczestnik\u00f3w Uniwersytetu Trzeciego Wieku. Agnieszka Kijowska, Aneta J\u0119drzejewska ,Mariusz Wysoki\u0144ski, Wies\u0142aw Fidecki, Hanna Kachaniuk, Multidyscyplinarna opieka geriatryczna, Warszawa 2019, s.64-83. Artyku\u0142y Basic guidelines for high-fidelity medical simulation. Studnicka Katarzyna, Zarzycka Danuta, Dziura Ma\u0142gorzata, Kijowska Agnieszka. Journal of Education, Health and Sport. 2018; [\u2026] Read More","og_url":"https:\/\/pans.krosno.pl\/pracownicy\/agnieszka-kijowska\/agnieszka-kijowska-najwazniejsze-publikacje\/","og_site_name":"Pracownicy PANS w Kro\u015bnie","article_modified_time":"2025-05-20T06:58:26+00:00","twitter_card":"summary_large_image","twitter_misc":{"Szacowany czas czytania":"2 minuty"},"schema":{"@context":"https:\/\/schema.org","@graph":[{"@type":"WebPage","@id":"https:\/\/pans.krosno.pl\/pracownicy\/agnieszka-kijowska\/agnieszka-kijowska-najwazniejsze-publikacje\/","url":"https:\/\/pans.krosno.pl\/pracownicy\/agnieszka-kijowska\/agnieszka-kijowska-najwazniejsze-publikacje\/","name":"Dr Agnieszka Kijowska - Najwa\u017cniejsze publikacje - Pracownicy PANS w Kro\u015bnie","isPartOf":{"@id":"https:\/\/pans.krosno.pl\/pracownicy\/#website"},"datePublished":"2020-03-31T08:00:11+00:00","dateModified":"2025-05-20T06:58:26+00:00","breadcrumb":{"@id":"https:\/\/pans.krosno.pl\/pracownicy\/agnieszka-kijowska\/agnieszka-kijowska-najwazniejsze-publikacje\/#breadcrumb"},"inLanguage":"pl-PL","potentialAction":[{"@type":"ReadAction","target":["https:\/\/pans.krosno.pl\/pracownicy\/agnieszka-kijowska\/agnieszka-kijowska-najwazniejsze-publikacje\/"]}]},{"@type":"BreadcrumbList","@id":"https:\/\/pans.krosno.pl\/pracownicy\/agnieszka-kijowska\/agnieszka-kijowska-najwazniejsze-publikacje\/#breadcrumb","itemListElement":[{"@type":"ListItem","position":1,"name":"Strona g\u0142\u00f3wna","item":"https:\/\/pans.krosno.pl\/pracownicy\/"},{"@type":"ListItem","position":2,"name":"Dr Agnieszka Kijowska","item":"https:\/\/pans.krosno.pl\/pracownicy\/agnieszka-kijowska\/"},{"@type":"ListItem","position":3,"name":"Dr Agnieszka Kijowska &#8211; Najwa\u017cniejsze publikacje"}]},{"@type":"WebSite","@id":"https:\/\/pans.krosno.pl\/pracownicy\/#website","url":"https:\/\/pans.krosno.pl\/pracownicy\/","name":"Pracownicy PANS w Kro\u015bnie","description":"Pracownicy - Pa\u0144stwowa Akademia Nauk Stosowanych","publisher":{"@id":"https:\/\/pans.krosno.pl\/pracownicy\/#organization"},"potentialAction":[{"@type":"SearchAction","target":{"@type":"EntryPoint","urlTemplate":"https:\/\/pans.krosno.pl\/pracownicy\/?s={search_term_string}"},"query-input":{"@type":"PropertyValueSpecification","valueRequired":true,"valueName":"search_term_string"}}],"inLanguage":"pl-PL"},{"@type":"Organization","@id":"https:\/\/pans.krosno.pl\/pracownicy\/#organization","name":"Pracownicy PANS w Kro\u015bnie","url":"https:\/\/pans.krosno.pl\/pracownicy\/","logo":{"@type":"ImageObject","inLanguage":"pl-PL","@id":"https:\/\/pans.krosno.pl\/pracownicy\/#\/schema\/logo\/image\/","url":"https:\/\/pans.krosno.pl\/pracownicy\/wp-content\/uploads\/sites\/41\/2023\/01\/Logo-PANS-2022-pelne.png","contentUrl":"https:\/\/pans.krosno.pl\/pracownicy\/wp-content\/uploads\/sites\/41\/2023\/01\/Logo-PANS-2022-pelne.png","width":3096,"height":696,"caption":"Pracownicy PANS w Kro\u015bnie"},"image":{"@id":"https:\/\/pans.krosno.pl\/pracownicy\/#\/schema\/logo\/image\/"}}]}},"_links":{"self":[{"href":"https:\/\/pans.krosno.pl\/pracownicy\/wp-json\/wp\/v2\/pages\/732","targetHints":{"allow":["GET"]}}],"collection":[{"href":"https:\/\/pans.krosno.pl\/pracownicy\/wp-json\/wp\/v2\/pages"}],"about":[{"href":"https:\/\/pans.krosno.pl\/pracownicy\/wp-json\/wp\/v2\/types\/page"}],"author":[{"embeddable":true,"href":"https:\/\/pans.krosno.pl\/pracownicy\/wp-json\/wp\/v2\/users\/34"}],"replies":[{"embeddable":true,"href":"https:\/\/pans.krosno.pl\/pracownicy\/wp-json\/wp\/v2\/comments?post=732"}],"version-history":[{"count":8,"href":"https:\/\/pans.krosno.pl\/pracownicy\/wp-json\/wp\/v2\/pages\/732\/revisions"}],"predecessor-version":[{"id":10889,"href":"https:\/\/pans.krosno.pl\/pracownicy\/wp-json\/wp\/v2\/pages\/732\/revisions\/10889"}],"up":[{"embeddable":true,"href":"https:\/\/pans.krosno.pl\/pracownicy\/wp-json\/wp\/v2\/pages\/724"}],"wp:attachment":[{"href":"https:\/\/pans.krosno.pl\/pracownicy\/wp-json\/wp\/v2\/media?parent=732"}],"curies":[{"name":"wp","href":"https:\/\/api.w.org\/{rel}","templated":true}]}}