{"id":7287,"date":"2020-06-02T09:46:41","date_gmt":"2020-06-02T07:46:41","guid":{"rendered":"https:\/\/pans.krosno.pl\/pracownicy\/?page_id=7287"},"modified":"2025-05-19T10:33:34","modified_gmt":"2025-05-19T08:33:34","slug":"pawel-marzec-najwazniejsze-publikacje","status":"publish","type":"page","link":"https:\/\/pans.krosno.pl\/pracownicy\/pawel-marzec\/pawel-marzec-najwazniejsze-publikacje\/","title":{"rendered":"dr hab. Pawe\u0142 Marzec, prof. PANS &#8211; Najwa\u017cniejsze publikacje"},"content":{"rendered":"<hr>\n<ul>\n<li>MARZEC P., Vaskivska K. (red. nauk.), Europa w okresie przemian, Wydawnictwo POLIHYMNIA, Lublin 2016.<\/li>\n<li>R\u00e1ko\u0161 J. MARZEC P., Ferenecov\u0161 G. (Zostavovatelia), Problematyka zadl\u017eovania \u0161t\u00e1tu a dom\u00e1cnosti, Verbum \u2013 vydavate\u013estvo Katolickej univerzity v Ru\u017eomberku, Ru\u017eomberok 2014.<br \/>\nDepo W. ks. bp, Leszczy\u0144ski M. ks. bp, Guz T. ks., MARZEC P., Veritatem in Caritate.<\/li>\n<li>Ksi\u0119ga Jubileuszowa z okazji 70. urodzin Ksi\u0119dza Biskupa Profesora Jana \u015arutwy, Wydawnictwo KUL, Lublin 2011.<br \/>\nMARZEC P. (red.) Servire veritati ksi\u0119ga jubileuszowa z okazji siedemdziesi\u0105tych urodzin Profesora Kazimierza A. K\u0142osi\u0144skiego, Wydawnictwo KUL, Lublin 2011.<\/li>\n<li>Guz T., MARZEC P., Choro\u017cyj G., Smow\u017cenko T., (red.), Etyka a ekonomia, Wydzia\u0142 Zamiejscowy Nauk Prawnych i Ekonomicznych KUL, Wydawnictwo Polihymnia, Tomasz\u00f3w Lubelski \u2013 Lublin 2010.<br \/>\nMARZEC P., Niko\u0142ajew J. (red.), Osoba i dzie\u0142o Ojca \u015awi\u0119tego Jana Paw\u0142a II, Studium wybranych problem\u00f3w, Wydawnictwo Polihymnia, Tomasz\u00f3w Lubelski-Lublin 2009.<\/li>\n<li>Guz T., K\u0142osi\u0144ski K. A., MARZEC P. (red.), Cz\u0142owiek, granice pa\u0144stw, gospodarka, Wydawnictwo KUL, Lublin 2008.<br \/>\nSowi\u0144ska E., Szczurko E., Guz T., MARZEC P. (red.), Dziecko. Studium interdyscyplinarne, Wydawnictwo KUL, Lublin 2008.<\/li>\n<li>Guz T., K\u0142osi\u0144ski K.A., MARZEC P. (red. nauk.), Polska, Europa, \u015bwiat, korporacje transnarodowe, Wydzia\u0142 Zamiejscowy Nauk Prawnych i Ekonomicznych KUL, Wydawnictwo Polihymnia, Lublin-Tomasz\u00f3w Lubelski 2007.<\/li>\n<li>Guz T., MARZEC P., Petro M., Pribula M. (red. nauk), Europa, gospodarka, media, Wydzia\u0142 Zamiejscowy Nauk Prawnych i Ekonomicznych KUL, Wydawnictwo Polihymnia, Lublin-Tomasz\u00f3w Lubelski 2007.<\/li>\n<li>Guz T., MARZEC P., Michalski Z., (red.), Polska wie\u015b w Unii Europejskiej, Tomasz\u00f3w Lubelski &#8211; Lublin 2007.<\/li>\n<li>MARZEC P., Wybrane problemy ekonomiczne w sektorze non \u2013 profit. Wydawnictwo POLIHYMNIA, Lublin \u2013 Tomasz\u00f3w Lubelski 2007.<\/li>\n<li>MARZEC P., Regiony w procesie globalizacji gospodarki \u015bwiatowej, Wydawnictwo POLIHYMNIA 2007, Lublin \u2013 Tomasz\u00f3w Lubelski 2007.<br \/>\nGuz T., K\u0142osi\u0144ski K. A., MARZEC P. (red. nauk.), Bezpiecze\u0144stwo ekonomiczne pa\u0144stw, Wydawnictwo Polihymnia, Lublin 2006.<\/li>\n<li>Marzec D., MARZEC P. (red. nauk.), Marketing wyzwaniem dla wsp\u00f3\u0142czesnej biblioteki, Wydawnictwo Polihymnia, Lublin 2006.<\/li>\n<li>Marzec D., MARZEC P. (red. nauk.), Biblioteka, wsp\u00f3\u0142czesno\u015b\u0107, marketing. Wydawnictwo Polihymnia, Lublin 2006.<\/li>\n<li>Guz T., MARZEC P., Michalski Z., (red.), Szanse i bariery rozwoju sektora ma\u0142ych i \u015brednich przedsi\u0119biorstw w Polsce. Aspekty ekonomiczno-prawne, Wydawnictwo Diecezjalne i Drukarnia w Sandomierzu, Tomasz\u00f3w Lubelski \u2013 Sandomierz 2006.<\/li>\n<li>MARZEC P., God\u2019s Word and Economy, w: Szczurko E., Guz T. Seidl H., Logos Et Musica, Peter Lang 2012.<\/li>\n<li>MARZEC P., Krawczyk G., Research and development activity in Poland and its place in knowledge management, w: Marketing Management, Trade, Financial and Social Aspects of Business, Ko\u0161ice 2015.<\/li>\n<li>MARZEC P., Krawczyk G., Higher Educatin in Poland, w: Socialne posolstvo Jana Pavla II. Pre dnesny svet. Ruzomberok 2015.<\/li>\n<li>MARZEC P., Krawczyk G., Financial results of business entities from 2007 to 2015 in Poland, Marketing Management,w: Trade, Financial and Social Aspects of Business, Ko\u0161ice 2016.<\/li>\n<li>MARZEC P., Wsp\u00f3\u0142praca transgraniczna Polski z Ukrain\u0105 i S\u0142owacj\u0105, w: Marzec P., Vaskivska K. (red. nauk.), Europa w okresie przemian, Wydawnictwo POLIHYMNIA, Lublin 2016.<\/li>\n<\/ul>\n<hr>\n<p>&nbsp;<\/p>\n","protected":false},"excerpt":{"rendered":"<p>MARZEC P., Vaskivska K. (red. nauk.), Europa w okresie przemian, Wydawnictwo POLIHYMNIA, Lublin 2016. R\u00e1ko\u0161 J. MARZEC P., Ferenecov\u0161 G. (Zostavovatelia), Problematyka zadl\u017eovania \u0161t\u00e1tu a dom\u00e1cnosti, Verbum \u2013 vydavate\u013estvo Katolickej univerzity v Ru\u017eomberku, Ru\u017eomberok 2014. Depo W. ks. bp, Leszczy\u0144ski M. ks. bp, Guz T. ks., MARZEC P., Veritatem in [\u2026] <\/p>\n<div class=\"clear\"><\/div>\n<p><a class=\"more_link clearfix\" href=\"https:\/\/pans.krosno.pl\/pracownicy\/pawel-marzec\/pawel-marzec-najwazniejsze-publikacje\/\" rel=\"nofollow\">Read More<\/a><\/p>\n","protected":false},"author":34,"featured_media":0,"parent":7277,"menu_order":0,"comment_status":"closed","ping_status":"closed","template":"","meta":{"ngg_post_thumbnail":0,"footnotes":""},"class_list":["post-7287","page","type-page","status-publish","hentry"],"yoast_head":"<!-- This site is optimized with the Yoast SEO Premium plugin v27.3 (Yoast SEO v27.3) - https:\/\/yoast.com\/product\/yoast-seo-premium-wordpress\/ -->\n<title>dr hab. Pawe\u0142 Marzec, prof. PANS - Najwa\u017cniejsze publikacje - Pracownicy PANS w Kro\u015bnie<\/title>\n<meta name=\"robots\" content=\"index, follow, max-snippet:-1, max-image-preview:large, max-video-preview:-1\" \/>\n<link rel=\"canonical\" href=\"https:\/\/pans.krosno.pl\/pracownicy\/pawel-marzec\/pawel-marzec-najwazniejsze-publikacje\/\" \/>\n<meta property=\"og:locale\" content=\"pl_PL\" \/>\n<meta property=\"og:type\" content=\"article\" \/>\n<meta property=\"og:title\" content=\"dr hab. Pawe\u0142 Marzec, prof. PANS - Najwa\u017cniejsze publikacje\" \/>\n<meta property=\"og:description\" content=\"MARZEC P., Vaskivska K. (red. nauk.), Europa w okresie przemian, Wydawnictwo POLIHYMNIA, Lublin 2016. R\u00e1ko\u0161 J. MARZEC P., Ferenecov\u0161 G. (Zostavovatelia), Problematyka zadl\u017eovania \u0161t\u00e1tu a dom\u00e1cnosti, Verbum \u2013 vydavate\u013estvo Katolickej univerzity v Ru\u017eomberku, Ru\u017eomberok 2014. Depo W. ks. bp, Leszczy\u0144ski M. ks. bp, Guz T. ks., MARZEC P., Veritatem in [\u2026] Read More\" \/>\n<meta property=\"og:url\" content=\"https:\/\/pans.krosno.pl\/pracownicy\/pawel-marzec\/pawel-marzec-najwazniejsze-publikacje\/\" \/>\n<meta property=\"og:site_name\" content=\"Pracownicy PANS w Kro\u015bnie\" \/>\n<meta property=\"article:modified_time\" content=\"2025-05-19T08:33:34+00:00\" \/>\n<meta name=\"twitter:card\" content=\"summary_large_image\" \/>\n<meta name=\"twitter:label1\" content=\"Szacowany czas czytania\" \/>\n\t<meta name=\"twitter:data1\" content=\"3 minuty\" \/>\n<script type=\"application\/ld+json\" class=\"yoast-schema-graph\">{\"@context\":\"https:\\\/\\\/schema.org\",\"@graph\":[{\"@type\":\"WebPage\",\"@id\":\"https:\\\/\\\/pans.krosno.pl\\\/pracownicy\\\/pawel-marzec\\\/pawel-marzec-najwazniejsze-publikacje\\\/\",\"url\":\"https:\\\/\\\/pans.krosno.pl\\\/pracownicy\\\/pawel-marzec\\\/pawel-marzec-najwazniejsze-publikacje\\\/\",\"name\":\"dr hab. Pawe\u0142 Marzec, prof. PANS - Najwa\u017cniejsze publikacje - Pracownicy PANS w Kro\u015bnie\",\"isPartOf\":{\"@id\":\"https:\\\/\\\/pans.krosno.pl\\\/pracownicy\\\/#website\"},\"datePublished\":\"2020-06-02T07:46:41+00:00\",\"dateModified\":\"2025-05-19T08:33:34+00:00\",\"breadcrumb\":{\"@id\":\"https:\\\/\\\/pans.krosno.pl\\\/pracownicy\\\/pawel-marzec\\\/pawel-marzec-najwazniejsze-publikacje\\\/#breadcrumb\"},\"inLanguage\":\"pl-PL\",\"potentialAction\":[{\"@type\":\"ReadAction\",\"target\":[\"https:\\\/\\\/pans.krosno.pl\\\/pracownicy\\\/pawel-marzec\\\/pawel-marzec-najwazniejsze-publikacje\\\/\"]}]},{\"@type\":\"BreadcrumbList\",\"@id\":\"https:\\\/\\\/pans.krosno.pl\\\/pracownicy\\\/pawel-marzec\\\/pawel-marzec-najwazniejsze-publikacje\\\/#breadcrumb\",\"itemListElement\":[{\"@type\":\"ListItem\",\"position\":1,\"name\":\"Strona g\u0142\u00f3wna\",\"item\":\"https:\\\/\\\/pans.krosno.pl\\\/pracownicy\\\/\"},{\"@type\":\"ListItem\",\"position\":2,\"name\":\"dr hab. Pawe\u0142 Marzec, prof. PANS\",\"item\":\"https:\\\/\\\/pans.krosno.pl\\\/pracownicy\\\/pawel-marzec\\\/\"},{\"@type\":\"ListItem\",\"position\":3,\"name\":\"dr hab. Pawe\u0142 Marzec, prof. PANS &#8211; Najwa\u017cniejsze publikacje\"}]},{\"@type\":\"WebSite\",\"@id\":\"https:\\\/\\\/pans.krosno.pl\\\/pracownicy\\\/#website\",\"url\":\"https:\\\/\\\/pans.krosno.pl\\\/pracownicy\\\/\",\"name\":\"Pracownicy PANS w Kro\u015bnie\",\"description\":\"Pracownicy - Pa\u0144stwowa Akademia Nauk Stosowanych\",\"publisher\":{\"@id\":\"https:\\\/\\\/pans.krosno.pl\\\/pracownicy\\\/#organization\"},\"potentialAction\":[{\"@type\":\"SearchAction\",\"target\":{\"@type\":\"EntryPoint\",\"urlTemplate\":\"https:\\\/\\\/pans.krosno.pl\\\/pracownicy\\\/?s={search_term_string}\"},\"query-input\":{\"@type\":\"PropertyValueSpecification\",\"valueRequired\":true,\"valueName\":\"search_term_string\"}}],\"inLanguage\":\"pl-PL\"},{\"@type\":\"Organization\",\"@id\":\"https:\\\/\\\/pans.krosno.pl\\\/pracownicy\\\/#organization\",\"name\":\"Pracownicy PANS w Kro\u015bnie\",\"url\":\"https:\\\/\\\/pans.krosno.pl\\\/pracownicy\\\/\",\"logo\":{\"@type\":\"ImageObject\",\"inLanguage\":\"pl-PL\",\"@id\":\"https:\\\/\\\/pans.krosno.pl\\\/pracownicy\\\/#\\\/schema\\\/logo\\\/image\\\/\",\"url\":\"https:\\\/\\\/pans.krosno.pl\\\/pracownicy\\\/wp-content\\\/uploads\\\/sites\\\/41\\\/2023\\\/01\\\/Logo-PANS-2022-pelne.png\",\"contentUrl\":\"https:\\\/\\\/pans.krosno.pl\\\/pracownicy\\\/wp-content\\\/uploads\\\/sites\\\/41\\\/2023\\\/01\\\/Logo-PANS-2022-pelne.png\",\"width\":3096,\"height\":696,\"caption\":\"Pracownicy PANS w Kro\u015bnie\"},\"image\":{\"@id\":\"https:\\\/\\\/pans.krosno.pl\\\/pracownicy\\\/#\\\/schema\\\/logo\\\/image\\\/\"}}]}<\/script>\n<!-- \/ Yoast SEO Premium plugin. -->","yoast_head_json":{"title":"dr hab. Pawe\u0142 Marzec, prof. PANS - Najwa\u017cniejsze publikacje - Pracownicy PANS w Kro\u015bnie","robots":{"index":"index","follow":"follow","max-snippet":"max-snippet:-1","max-image-preview":"max-image-preview:large","max-video-preview":"max-video-preview:-1"},"canonical":"https:\/\/pans.krosno.pl\/pracownicy\/pawel-marzec\/pawel-marzec-najwazniejsze-publikacje\/","og_locale":"pl_PL","og_type":"article","og_title":"dr hab. Pawe\u0142 Marzec, prof. PANS - Najwa\u017cniejsze publikacje","og_description":"MARZEC P., Vaskivska K. (red. nauk.), Europa w okresie przemian, Wydawnictwo POLIHYMNIA, Lublin 2016. R\u00e1ko\u0161 J. MARZEC P., Ferenecov\u0161 G. (Zostavovatelia), Problematyka zadl\u017eovania \u0161t\u00e1tu a dom\u00e1cnosti, Verbum \u2013 vydavate\u013estvo Katolickej univerzity v Ru\u017eomberku, Ru\u017eomberok 2014. Depo W. ks. bp, Leszczy\u0144ski M. ks. bp, Guz T. ks., MARZEC P., Veritatem in [\u2026] Read More","og_url":"https:\/\/pans.krosno.pl\/pracownicy\/pawel-marzec\/pawel-marzec-najwazniejsze-publikacje\/","og_site_name":"Pracownicy PANS w Kro\u015bnie","article_modified_time":"2025-05-19T08:33:34+00:00","twitter_card":"summary_large_image","twitter_misc":{"Szacowany czas czytania":"3 minuty"},"schema":{"@context":"https:\/\/schema.org","@graph":[{"@type":"WebPage","@id":"https:\/\/pans.krosno.pl\/pracownicy\/pawel-marzec\/pawel-marzec-najwazniejsze-publikacje\/","url":"https:\/\/pans.krosno.pl\/pracownicy\/pawel-marzec\/pawel-marzec-najwazniejsze-publikacje\/","name":"dr hab. Pawe\u0142 Marzec, prof. PANS - Najwa\u017cniejsze publikacje - Pracownicy PANS w Kro\u015bnie","isPartOf":{"@id":"https:\/\/pans.krosno.pl\/pracownicy\/#website"},"datePublished":"2020-06-02T07:46:41+00:00","dateModified":"2025-05-19T08:33:34+00:00","breadcrumb":{"@id":"https:\/\/pans.krosno.pl\/pracownicy\/pawel-marzec\/pawel-marzec-najwazniejsze-publikacje\/#breadcrumb"},"inLanguage":"pl-PL","potentialAction":[{"@type":"ReadAction","target":["https:\/\/pans.krosno.pl\/pracownicy\/pawel-marzec\/pawel-marzec-najwazniejsze-publikacje\/"]}]},{"@type":"BreadcrumbList","@id":"https:\/\/pans.krosno.pl\/pracownicy\/pawel-marzec\/pawel-marzec-najwazniejsze-publikacje\/#breadcrumb","itemListElement":[{"@type":"ListItem","position":1,"name":"Strona g\u0142\u00f3wna","item":"https:\/\/pans.krosno.pl\/pracownicy\/"},{"@type":"ListItem","position":2,"name":"dr hab. Pawe\u0142 Marzec, prof. PANS","item":"https:\/\/pans.krosno.pl\/pracownicy\/pawel-marzec\/"},{"@type":"ListItem","position":3,"name":"dr hab. Pawe\u0142 Marzec, prof. PANS &#8211; Najwa\u017cniejsze publikacje"}]},{"@type":"WebSite","@id":"https:\/\/pans.krosno.pl\/pracownicy\/#website","url":"https:\/\/pans.krosno.pl\/pracownicy\/","name":"Pracownicy PANS w Kro\u015bnie","description":"Pracownicy - Pa\u0144stwowa Akademia Nauk Stosowanych","publisher":{"@id":"https:\/\/pans.krosno.pl\/pracownicy\/#organization"},"potentialAction":[{"@type":"SearchAction","target":{"@type":"EntryPoint","urlTemplate":"https:\/\/pans.krosno.pl\/pracownicy\/?s={search_term_string}"},"query-input":{"@type":"PropertyValueSpecification","valueRequired":true,"valueName":"search_term_string"}}],"inLanguage":"pl-PL"},{"@type":"Organization","@id":"https:\/\/pans.krosno.pl\/pracownicy\/#organization","name":"Pracownicy PANS w Kro\u015bnie","url":"https:\/\/pans.krosno.pl\/pracownicy\/","logo":{"@type":"ImageObject","inLanguage":"pl-PL","@id":"https:\/\/pans.krosno.pl\/pracownicy\/#\/schema\/logo\/image\/","url":"https:\/\/pans.krosno.pl\/pracownicy\/wp-content\/uploads\/sites\/41\/2023\/01\/Logo-PANS-2022-pelne.png","contentUrl":"https:\/\/pans.krosno.pl\/pracownicy\/wp-content\/uploads\/sites\/41\/2023\/01\/Logo-PANS-2022-pelne.png","width":3096,"height":696,"caption":"Pracownicy PANS w Kro\u015bnie"},"image":{"@id":"https:\/\/pans.krosno.pl\/pracownicy\/#\/schema\/logo\/image\/"}}]}},"_links":{"self":[{"href":"https:\/\/pans.krosno.pl\/pracownicy\/wp-json\/wp\/v2\/pages\/7287","targetHints":{"allow":["GET"]}}],"collection":[{"href":"https:\/\/pans.krosno.pl\/pracownicy\/wp-json\/wp\/v2\/pages"}],"about":[{"href":"https:\/\/pans.krosno.pl\/pracownicy\/wp-json\/wp\/v2\/types\/page"}],"author":[{"embeddable":true,"href":"https:\/\/pans.krosno.pl\/pracownicy\/wp-json\/wp\/v2\/users\/34"}],"replies":[{"embeddable":true,"href":"https:\/\/pans.krosno.pl\/pracownicy\/wp-json\/wp\/v2\/comments?post=7287"}],"version-history":[{"count":3,"href":"https:\/\/pans.krosno.pl\/pracownicy\/wp-json\/wp\/v2\/pages\/7287\/revisions"}],"predecessor-version":[{"id":9452,"href":"https:\/\/pans.krosno.pl\/pracownicy\/wp-json\/wp\/v2\/pages\/7287\/revisions\/9452"}],"up":[{"embeddable":true,"href":"https:\/\/pans.krosno.pl\/pracownicy\/wp-json\/wp\/v2\/pages\/7277"}],"wp:attachment":[{"href":"https:\/\/pans.krosno.pl\/pracownicy\/wp-json\/wp\/v2\/media?parent=7287"}],"curies":[{"name":"wp","href":"https:\/\/api.w.org\/{rel}","templated":true}]}}