{"id":718,"date":"2020-03-31T09:47:23","date_gmt":"2020-03-31T07:47:23","guid":{"rendered":"https:\/\/pans.krosno.pl\/pracownicy\/?page_id=718"},"modified":"2025-05-20T08:48:28","modified_gmt":"2025-05-20T06:48:28","slug":"malgorzata-dziura-najwazniejsze-publikacje","status":"publish","type":"page","link":"https:\/\/pans.krosno.pl\/pracownicy\/malgorzata-dziura\/malgorzata-dziura-najwazniejsze-publikacje\/","title":{"rendered":"mgr Ma\u0142gorzata Dziura &#8211; Najwa\u017cniejsze publikacje"},"content":{"rendered":"<hr>\n<ul>\n<li>Wsp\u00f3\u0142autor poradnika dla os\u00f3b niepe\u0142nosprawnych oraz ich opiekun\u00f3w: \u201eABC\u2026 po wyj\u015bciu ze szpitala\u201d.<\/li>\n<\/ul>\n<p><strong>Najwa\u017cniejsze publikacje z podzia\u0142em na monografie i artyku\u0142y<\/strong><\/p>\n<p><strong>Monografie<\/strong><\/p>\n<ul>\n<li>Dziura M., Zuzak E. : Wypalenie zawodowe jako zagro\u017cenie w pracy piel\u0119gniarki pracuj\u0105cej w oddziale intensywnej opieki medycznej. Gastroenterologia zbli\u017ca, kszta\u0142tuje obyczaje. Prace ofiarowane prof. dr hab. n. med. J\u00f3zefowi Ry\u017cce. Pa\u0144stwowa Wy\u017csza Szko\u0142a Zawodowa w Kro\u015bnie. Krosno 2011.<\/li>\n<li>Zuzak E. Dziura M.: Dzia\u0142anie czynnik\u00f3w \u015brodowiskowych na przebieg i rozw\u00f3j atopowego zapalenia sk\u00f3ry u dzieci. Prace ofiarowane prof. dr hab. n. med. J\u00f3zefowi Ry\u017cce. Pa\u0144stwowa Wy\u017csza szko\u0142a Zawodowa w Kro\u015bnie. Krosno 2011, s.85-91.<\/li>\n<li>\u015aliwa N., \u015awiszcz M., Makowicz D., Zbylut A., Dziura M. : Wiedza student\u00f3w Pa\u0144stwowej Wy\u017cszej Szko\u0142y Zawodowej im. Stanis\u0142awa Pigonia w Kro\u015bnie na temat zasad udzielania pierwszej pomocy. Endokrynologia Pediatryczna Drog\u0105 Rozwoju Dla Nauki O Zdrowiu. Prace ofiarowane dla prof. dr hab.n.med. El\u017cbiecie Piontek. PWSZ im. Stanis\u0142awa Pigonia w Kro\u015bnie, Krosno 2016.<\/li>\n<li>Makowicz D., \u015aliwa N., Zaj\u0105c K., Zbylut K., Dziura M., Zbylut A.: Pozytywne nawyki oraz postawy \u017cywieniowe w\u015br\u00f3d student\u00f3w Pa\u0144stwowej Wy\u017cszej Szko\u0142y Zawodowej im. Stanis\u0142awa Pigonia w Kro\u015bnie Endokrynologia Pediatryczna Drog\u0105 Rozwoju Dla Nauki O Zdrowiu. Prace ofiarowane dla prof. dr hab.n.med. El\u017cbiecie Piontek. PWSZ im. Stanis\u0142awa Pigonia w Kro\u015bnie, Krosno 2016.<\/li>\n<\/ul>\n<p><strong>Artyku\u0142y<\/strong><\/p>\n<ul>\n<li>Studnicka K., Zarzycka D., Dziura M., Kijowska A. :Basic guidelines for high-fidelity medical simulation [aut.] Journal of Education, Health and Sport 2018 Vol. 8 No 12, s. 384-390.<\/li>\n<li>\u017baczek R., Iwaniec T., Dziura M.: Profilaktyka zaka\u017ce\u0144 wynikaj\u0105cych z kaniulacji naczy\u0144 obwodowych. Piel\u0119gniarstwo XXI wieku. Nr 2(19)\/2007.<\/li>\n<li>Dziura M., \u017baczek R.: Specyfika pracy piel\u0119gniarek w OIOM a syndrom wypalenia zawodowego. Czynniki cywilizacyjne, a zdrowie cz\u0142owieka, Nowy S\u0105cz 2007.<\/li>\n<li>Dziura M., K\u0142osowicz K., Janusz A., Stygar J. : W\u0142a\u015bciwo\u015bci lecznicze miodu w opinii student\u00f3w Pa\u0144stwowej Wy\u017cszej Szko\u0142y Zawodowej im. Stanis\u0142awa Pigonia w Kro\u015bnie. [W:] Zio\u0142olecznictwo, biokosmetyki i \u017cywno\u015b\u0107 funkcjonalna, pod red. Wawer I., Trziszka T., Wydawca: PWSZ im. Stanis\u0142awa Pigonia w Kro\u015bnie, Krosno-Wroc\u0142aw 2013, s. 121-133.<\/li>\n<li>Kasiak M., Bro\u017cek K., Dziura M.: Sunbathing-love or hate? S\u0142o\u0144ce \u2013 pokocha\u0107 czy znienawidzi\u0107? Interdisciplinary nature of modern medicine. Monografia IV Mi\u0119dzynarodowej Konferencji Naukowo-Szkoleniowej \u201eInterdyscyplinarne aspekty urody, zdrowia i choroby\u201d Pa\u0144stwowa Wy\u017csza Szko\u0142a Techniczno-Ekonomiczna w Jaros\u0142awiu 2016.<\/li>\n<\/ul>\n<hr>\n<p>&nbsp;<\/p>\n","protected":false},"excerpt":{"rendered":"<p>Wsp\u00f3\u0142autor poradnika dla os\u00f3b niepe\u0142nosprawnych oraz ich opiekun\u00f3w: \u201eABC\u2026 po wyj\u015bciu ze szpitala\u201d. Najwa\u017cniejsze publikacje z podzia\u0142em na monografie i artyku\u0142y Monografie Dziura M., Zuzak E. : Wypalenie zawodowe jako zagro\u017cenie w pracy piel\u0119gniarki pracuj\u0105cej w oddziale intensywnej opieki medycznej. Gastroenterologia zbli\u017ca, kszta\u0142tuje obyczaje. Prace ofiarowane prof. dr hab. n. [\u2026] <\/p>\n<div class=\"clear\"><\/div>\n<p><a class=\"more_link clearfix\" href=\"https:\/\/pans.krosno.pl\/pracownicy\/malgorzata-dziura\/malgorzata-dziura-najwazniejsze-publikacje\/\" rel=\"nofollow\">Read More<\/a><\/p>\n","protected":false},"author":34,"featured_media":0,"parent":710,"menu_order":0,"comment_status":"closed","ping_status":"closed","template":"","meta":{"ngg_post_thumbnail":0,"footnotes":""},"class_list":["post-718","page","type-page","status-publish","hentry"],"yoast_head":"<!-- This site is optimized with the Yoast SEO Premium plugin v27.3 (Yoast SEO v27.3) - https:\/\/yoast.com\/product\/yoast-seo-premium-wordpress\/ -->\n<title>mgr Ma\u0142gorzata Dziura - Najwa\u017cniejsze publikacje - Pracownicy PANS w Kro\u015bnie<\/title>\n<meta name=\"robots\" content=\"index, follow, max-snippet:-1, max-image-preview:large, max-video-preview:-1\" \/>\n<link rel=\"canonical\" href=\"https:\/\/pans.krosno.pl\/pracownicy\/malgorzata-dziura\/malgorzata-dziura-najwazniejsze-publikacje\/\" \/>\n<meta property=\"og:locale\" content=\"pl_PL\" \/>\n<meta property=\"og:type\" content=\"article\" \/>\n<meta property=\"og:title\" content=\"mgr Ma\u0142gorzata Dziura - Najwa\u017cniejsze publikacje\" \/>\n<meta property=\"og:description\" content=\"Wsp\u00f3\u0142autor poradnika dla os\u00f3b niepe\u0142nosprawnych oraz ich opiekun\u00f3w: \u201eABC\u2026 po wyj\u015bciu ze szpitala\u201d. Najwa\u017cniejsze publikacje z podzia\u0142em na monografie i artyku\u0142y Monografie Dziura M., Zuzak E. : Wypalenie zawodowe jako zagro\u017cenie w pracy piel\u0119gniarki pracuj\u0105cej w oddziale intensywnej opieki medycznej. Gastroenterologia zbli\u017ca, kszta\u0142tuje obyczaje. Prace ofiarowane prof. dr hab. n. [\u2026] Read More\" \/>\n<meta property=\"og:url\" content=\"https:\/\/pans.krosno.pl\/pracownicy\/malgorzata-dziura\/malgorzata-dziura-najwazniejsze-publikacje\/\" \/>\n<meta property=\"og:site_name\" content=\"Pracownicy PANS w Kro\u015bnie\" \/>\n<meta property=\"article:modified_time\" content=\"2025-05-20T06:48:28+00:00\" \/>\n<meta name=\"twitter:card\" content=\"summary_large_image\" \/>\n<meta name=\"twitter:label1\" content=\"Szacowany czas czytania\" \/>\n\t<meta name=\"twitter:data1\" content=\"3 minuty\" \/>\n<script type=\"application\/ld+json\" class=\"yoast-schema-graph\">{\"@context\":\"https:\\\/\\\/schema.org\",\"@graph\":[{\"@type\":\"WebPage\",\"@id\":\"https:\\\/\\\/pans.krosno.pl\\\/pracownicy\\\/malgorzata-dziura\\\/malgorzata-dziura-najwazniejsze-publikacje\\\/\",\"url\":\"https:\\\/\\\/pans.krosno.pl\\\/pracownicy\\\/malgorzata-dziura\\\/malgorzata-dziura-najwazniejsze-publikacje\\\/\",\"name\":\"mgr Ma\u0142gorzata Dziura - Najwa\u017cniejsze publikacje - Pracownicy PANS w Kro\u015bnie\",\"isPartOf\":{\"@id\":\"https:\\\/\\\/pans.krosno.pl\\\/pracownicy\\\/#website\"},\"datePublished\":\"2020-03-31T07:47:23+00:00\",\"dateModified\":\"2025-05-20T06:48:28+00:00\",\"breadcrumb\":{\"@id\":\"https:\\\/\\\/pans.krosno.pl\\\/pracownicy\\\/malgorzata-dziura\\\/malgorzata-dziura-najwazniejsze-publikacje\\\/#breadcrumb\"},\"inLanguage\":\"pl-PL\",\"potentialAction\":[{\"@type\":\"ReadAction\",\"target\":[\"https:\\\/\\\/pans.krosno.pl\\\/pracownicy\\\/malgorzata-dziura\\\/malgorzata-dziura-najwazniejsze-publikacje\\\/\"]}]},{\"@type\":\"BreadcrumbList\",\"@id\":\"https:\\\/\\\/pans.krosno.pl\\\/pracownicy\\\/malgorzata-dziura\\\/malgorzata-dziura-najwazniejsze-publikacje\\\/#breadcrumb\",\"itemListElement\":[{\"@type\":\"ListItem\",\"position\":1,\"name\":\"Strona g\u0142\u00f3wna\",\"item\":\"https:\\\/\\\/pans.krosno.pl\\\/pracownicy\\\/\"},{\"@type\":\"ListItem\",\"position\":2,\"name\":\"mgr Ma\u0142gorzata Dziura\",\"item\":\"https:\\\/\\\/pans.krosno.pl\\\/pracownicy\\\/malgorzata-dziura\\\/\"},{\"@type\":\"ListItem\",\"position\":3,\"name\":\"mgr Ma\u0142gorzata Dziura &#8211; Najwa\u017cniejsze publikacje\"}]},{\"@type\":\"WebSite\",\"@id\":\"https:\\\/\\\/pans.krosno.pl\\\/pracownicy\\\/#website\",\"url\":\"https:\\\/\\\/pans.krosno.pl\\\/pracownicy\\\/\",\"name\":\"Pracownicy PANS w Kro\u015bnie\",\"description\":\"Pracownicy - Pa\u0144stwowa Akademia Nauk Stosowanych\",\"publisher\":{\"@id\":\"https:\\\/\\\/pans.krosno.pl\\\/pracownicy\\\/#organization\"},\"potentialAction\":[{\"@type\":\"SearchAction\",\"target\":{\"@type\":\"EntryPoint\",\"urlTemplate\":\"https:\\\/\\\/pans.krosno.pl\\\/pracownicy\\\/?s={search_term_string}\"},\"query-input\":{\"@type\":\"PropertyValueSpecification\",\"valueRequired\":true,\"valueName\":\"search_term_string\"}}],\"inLanguage\":\"pl-PL\"},{\"@type\":\"Organization\",\"@id\":\"https:\\\/\\\/pans.krosno.pl\\\/pracownicy\\\/#organization\",\"name\":\"Pracownicy PANS w Kro\u015bnie\",\"url\":\"https:\\\/\\\/pans.krosno.pl\\\/pracownicy\\\/\",\"logo\":{\"@type\":\"ImageObject\",\"inLanguage\":\"pl-PL\",\"@id\":\"https:\\\/\\\/pans.krosno.pl\\\/pracownicy\\\/#\\\/schema\\\/logo\\\/image\\\/\",\"url\":\"https:\\\/\\\/pans.krosno.pl\\\/pracownicy\\\/wp-content\\\/uploads\\\/sites\\\/41\\\/2023\\\/01\\\/Logo-PANS-2022-pelne.png\",\"contentUrl\":\"https:\\\/\\\/pans.krosno.pl\\\/pracownicy\\\/wp-content\\\/uploads\\\/sites\\\/41\\\/2023\\\/01\\\/Logo-PANS-2022-pelne.png\",\"width\":3096,\"height\":696,\"caption\":\"Pracownicy PANS w Kro\u015bnie\"},\"image\":{\"@id\":\"https:\\\/\\\/pans.krosno.pl\\\/pracownicy\\\/#\\\/schema\\\/logo\\\/image\\\/\"}}]}<\/script>\n<!-- \/ Yoast SEO Premium plugin. -->","yoast_head_json":{"title":"mgr Ma\u0142gorzata Dziura - Najwa\u017cniejsze publikacje - Pracownicy PANS w Kro\u015bnie","robots":{"index":"index","follow":"follow","max-snippet":"max-snippet:-1","max-image-preview":"max-image-preview:large","max-video-preview":"max-video-preview:-1"},"canonical":"https:\/\/pans.krosno.pl\/pracownicy\/malgorzata-dziura\/malgorzata-dziura-najwazniejsze-publikacje\/","og_locale":"pl_PL","og_type":"article","og_title":"mgr Ma\u0142gorzata Dziura - Najwa\u017cniejsze publikacje","og_description":"Wsp\u00f3\u0142autor poradnika dla os\u00f3b niepe\u0142nosprawnych oraz ich opiekun\u00f3w: \u201eABC\u2026 po wyj\u015bciu ze szpitala\u201d. Najwa\u017cniejsze publikacje z podzia\u0142em na monografie i artyku\u0142y Monografie Dziura M., Zuzak E. : Wypalenie zawodowe jako zagro\u017cenie w pracy piel\u0119gniarki pracuj\u0105cej w oddziale intensywnej opieki medycznej. Gastroenterologia zbli\u017ca, kszta\u0142tuje obyczaje. Prace ofiarowane prof. dr hab. n. [\u2026] Read More","og_url":"https:\/\/pans.krosno.pl\/pracownicy\/malgorzata-dziura\/malgorzata-dziura-najwazniejsze-publikacje\/","og_site_name":"Pracownicy PANS w Kro\u015bnie","article_modified_time":"2025-05-20T06:48:28+00:00","twitter_card":"summary_large_image","twitter_misc":{"Szacowany czas czytania":"3 minuty"},"schema":{"@context":"https:\/\/schema.org","@graph":[{"@type":"WebPage","@id":"https:\/\/pans.krosno.pl\/pracownicy\/malgorzata-dziura\/malgorzata-dziura-najwazniejsze-publikacje\/","url":"https:\/\/pans.krosno.pl\/pracownicy\/malgorzata-dziura\/malgorzata-dziura-najwazniejsze-publikacje\/","name":"mgr Ma\u0142gorzata Dziura - Najwa\u017cniejsze publikacje - Pracownicy PANS w Kro\u015bnie","isPartOf":{"@id":"https:\/\/pans.krosno.pl\/pracownicy\/#website"},"datePublished":"2020-03-31T07:47:23+00:00","dateModified":"2025-05-20T06:48:28+00:00","breadcrumb":{"@id":"https:\/\/pans.krosno.pl\/pracownicy\/malgorzata-dziura\/malgorzata-dziura-najwazniejsze-publikacje\/#breadcrumb"},"inLanguage":"pl-PL","potentialAction":[{"@type":"ReadAction","target":["https:\/\/pans.krosno.pl\/pracownicy\/malgorzata-dziura\/malgorzata-dziura-najwazniejsze-publikacje\/"]}]},{"@type":"BreadcrumbList","@id":"https:\/\/pans.krosno.pl\/pracownicy\/malgorzata-dziura\/malgorzata-dziura-najwazniejsze-publikacje\/#breadcrumb","itemListElement":[{"@type":"ListItem","position":1,"name":"Strona g\u0142\u00f3wna","item":"https:\/\/pans.krosno.pl\/pracownicy\/"},{"@type":"ListItem","position":2,"name":"mgr Ma\u0142gorzata Dziura","item":"https:\/\/pans.krosno.pl\/pracownicy\/malgorzata-dziura\/"},{"@type":"ListItem","position":3,"name":"mgr Ma\u0142gorzata Dziura &#8211; Najwa\u017cniejsze publikacje"}]},{"@type":"WebSite","@id":"https:\/\/pans.krosno.pl\/pracownicy\/#website","url":"https:\/\/pans.krosno.pl\/pracownicy\/","name":"Pracownicy PANS w Kro\u015bnie","description":"Pracownicy - Pa\u0144stwowa Akademia Nauk Stosowanych","publisher":{"@id":"https:\/\/pans.krosno.pl\/pracownicy\/#organization"},"potentialAction":[{"@type":"SearchAction","target":{"@type":"EntryPoint","urlTemplate":"https:\/\/pans.krosno.pl\/pracownicy\/?s={search_term_string}"},"query-input":{"@type":"PropertyValueSpecification","valueRequired":true,"valueName":"search_term_string"}}],"inLanguage":"pl-PL"},{"@type":"Organization","@id":"https:\/\/pans.krosno.pl\/pracownicy\/#organization","name":"Pracownicy PANS w Kro\u015bnie","url":"https:\/\/pans.krosno.pl\/pracownicy\/","logo":{"@type":"ImageObject","inLanguage":"pl-PL","@id":"https:\/\/pans.krosno.pl\/pracownicy\/#\/schema\/logo\/image\/","url":"https:\/\/pans.krosno.pl\/pracownicy\/wp-content\/uploads\/sites\/41\/2023\/01\/Logo-PANS-2022-pelne.png","contentUrl":"https:\/\/pans.krosno.pl\/pracownicy\/wp-content\/uploads\/sites\/41\/2023\/01\/Logo-PANS-2022-pelne.png","width":3096,"height":696,"caption":"Pracownicy PANS w Kro\u015bnie"},"image":{"@id":"https:\/\/pans.krosno.pl\/pracownicy\/#\/schema\/logo\/image\/"}}]}},"_links":{"self":[{"href":"https:\/\/pans.krosno.pl\/pracownicy\/wp-json\/wp\/v2\/pages\/718","targetHints":{"allow":["GET"]}}],"collection":[{"href":"https:\/\/pans.krosno.pl\/pracownicy\/wp-json\/wp\/v2\/pages"}],"about":[{"href":"https:\/\/pans.krosno.pl\/pracownicy\/wp-json\/wp\/v2\/types\/page"}],"author":[{"embeddable":true,"href":"https:\/\/pans.krosno.pl\/pracownicy\/wp-json\/wp\/v2\/users\/34"}],"replies":[{"embeddable":true,"href":"https:\/\/pans.krosno.pl\/pracownicy\/wp-json\/wp\/v2\/comments?post=718"}],"version-history":[{"count":9,"href":"https:\/\/pans.krosno.pl\/pracownicy\/wp-json\/wp\/v2\/pages\/718\/revisions"}],"predecessor-version":[{"id":10886,"href":"https:\/\/pans.krosno.pl\/pracownicy\/wp-json\/wp\/v2\/pages\/718\/revisions\/10886"}],"up":[{"embeddable":true,"href":"https:\/\/pans.krosno.pl\/pracownicy\/wp-json\/wp\/v2\/pages\/710"}],"wp:attachment":[{"href":"https:\/\/pans.krosno.pl\/pracownicy\/wp-json\/wp\/v2\/media?parent=718"}],"curies":[{"name":"wp","href":"https:\/\/api.w.org\/{rel}","templated":true}]}}