{"id":7060,"date":"2020-05-28T13:32:21","date_gmt":"2020-05-28T11:32:21","guid":{"rendered":"https:\/\/pans.krosno.pl\/pracownicy\/?page_id=7060"},"modified":"2025-05-20T13:17:45","modified_gmt":"2025-05-20T11:17:45","slug":"grzegorz-przebinda-funkcje-uczelniane-i-akademickie","status":"publish","type":"page","link":"https:\/\/pans.krosno.pl\/pracownicy\/grzegorz-przebinda\/grzegorz-przebinda-funkcje-uczelniane-i-akademickie\/","title":{"rendered":"prof. dr hab. Grzegorz Przebinda &#8211; Funkcje uczelniane i akademickie"},"content":{"rendered":"<hr>\n<p>Od 1983 r. zatrudniony w Uniwersytecie Jagiello\u0144skim, od 2006 r. \u2013 w Karpackiej Pa\u0144stwowej Uczelni w Kro\u015bnie. W okresie od 2001 r. do 2005 r. \u2013 wyk\u0142ada\u0142 na Wydziale Stosunk\u00f3w Mi\u0119dzynarodowych i Nauk Politycznych Uniwersytetu \u0141\u00f3dzkiego. W okresie od 1999 r. do 2005 r. i od 2008 r. do 2012 r. &#8211; Dyrektor Instytutu Filologii Wschodnios\u0142owia\u0144skiej Uniwersytetu Jagiello\u0144skiego, od 2005 r. Kierownik Katedry Kultury S\u0142owian Wschodnich Wydzia\u0142u Filologicznego UJ. W okresie od 2006 r. do 2011 r. Kierownik Zak\u0142adu Filologii Rosyjskiej Pa\u0144stwowej Wy\u017cszej Szko\u0142y Zawodowej im. Stanis\u0142awa Pigonia w Kro\u015bnie. W okresie od 2012 r. do 2020 r. rektor tej\u017ce uczelni (od 1 maja 2020 \u2013 Karpackiej Pa\u0144stwowej Uczelni w Kro\u015bnie).<\/p>\n<hr>\n<p>&nbsp;<\/p>\n\n\n<p><\/p>\n","protected":false},"excerpt":{"rendered":"<p>Od 1983 r. zatrudniony w Uniwersytecie Jagiello\u0144skim, od 2006 r. \u2013 w Karpackiej Pa\u0144stwowej Uczelni w Kro\u015bnie. W okresie od 2001 r. do 2005 r. \u2013 wyk\u0142ada\u0142 na Wydziale Stosunk\u00f3w Mi\u0119dzynarodowych i Nauk Politycznych Uniwersytetu \u0141\u00f3dzkiego. W okresie od 1999 r. do 2005 r. i od 2008 r. do 2012 [\u2026] <\/p>\n<div class=\"clear\"><\/div>\n<p><a class=\"more_link clearfix\" href=\"https:\/\/pans.krosno.pl\/pracownicy\/grzegorz-przebinda\/grzegorz-przebinda-funkcje-uczelniane-i-akademickie\/\" rel=\"nofollow\">Read More<\/a><\/p>\n","protected":false},"author":34,"featured_media":0,"parent":6034,"menu_order":0,"comment_status":"closed","ping_status":"closed","template":"","meta":{"ngg_post_thumbnail":0,"footnotes":""},"class_list":["post-7060","page","type-page","status-publish","hentry"],"yoast_head":"<!-- This site is optimized with the Yoast SEO Premium plugin v27.3 (Yoast SEO v27.3) - https:\/\/yoast.com\/product\/yoast-seo-premium-wordpress\/ -->\n<title>prof. dr hab. Grzegorz Przebinda - Funkcje uczelniane i akademickie - Pracownicy PANS w Kro\u015bnie<\/title>\n<meta name=\"robots\" content=\"index, follow, max-snippet:-1, max-image-preview:large, max-video-preview:-1\" \/>\n<link rel=\"canonical\" href=\"https:\/\/pans.krosno.pl\/pracownicy\/grzegorz-przebinda\/grzegorz-przebinda-funkcje-uczelniane-i-akademickie\/\" \/>\n<meta property=\"og:locale\" content=\"pl_PL\" \/>\n<meta property=\"og:type\" content=\"article\" \/>\n<meta property=\"og:title\" content=\"prof. dr hab. Grzegorz Przebinda - Funkcje uczelniane i akademickie\" \/>\n<meta property=\"og:description\" content=\"Od 1983 r. zatrudniony w Uniwersytecie Jagiello\u0144skim, od 2006 r. \u2013 w Karpackiej Pa\u0144stwowej Uczelni w Kro\u015bnie. W okresie od 2001 r. do 2005 r. \u2013 wyk\u0142ada\u0142 na Wydziale Stosunk\u00f3w Mi\u0119dzynarodowych i Nauk Politycznych Uniwersytetu \u0141\u00f3dzkiego. W okresie od 1999 r. do 2005 r. i od 2008 r. do 2012 [\u2026] Read More\" \/>\n<meta property=\"og:url\" content=\"https:\/\/pans.krosno.pl\/pracownicy\/grzegorz-przebinda\/grzegorz-przebinda-funkcje-uczelniane-i-akademickie\/\" \/>\n<meta property=\"og:site_name\" content=\"Pracownicy PANS w Kro\u015bnie\" \/>\n<meta property=\"article:modified_time\" content=\"2025-05-20T11:17:45+00:00\" \/>\n<meta name=\"twitter:card\" content=\"summary_large_image\" \/>\n<meta name=\"twitter:label1\" content=\"Szacowany czas czytania\" \/>\n\t<meta name=\"twitter:data1\" content=\"1 minuta\" \/>\n<script type=\"application\/ld+json\" class=\"yoast-schema-graph\">{\"@context\":\"https:\\\/\\\/schema.org\",\"@graph\":[{\"@type\":\"WebPage\",\"@id\":\"https:\\\/\\\/pans.krosno.pl\\\/pracownicy\\\/grzegorz-przebinda\\\/grzegorz-przebinda-funkcje-uczelniane-i-akademickie\\\/\",\"url\":\"https:\\\/\\\/pans.krosno.pl\\\/pracownicy\\\/grzegorz-przebinda\\\/grzegorz-przebinda-funkcje-uczelniane-i-akademickie\\\/\",\"name\":\"prof. dr hab. Grzegorz Przebinda - Funkcje uczelniane i akademickie - Pracownicy PANS w Kro\u015bnie\",\"isPartOf\":{\"@id\":\"https:\\\/\\\/pans.krosno.pl\\\/pracownicy\\\/#website\"},\"datePublished\":\"2020-05-28T11:32:21+00:00\",\"dateModified\":\"2025-05-20T11:17:45+00:00\",\"breadcrumb\":{\"@id\":\"https:\\\/\\\/pans.krosno.pl\\\/pracownicy\\\/grzegorz-przebinda\\\/grzegorz-przebinda-funkcje-uczelniane-i-akademickie\\\/#breadcrumb\"},\"inLanguage\":\"pl-PL\",\"potentialAction\":[{\"@type\":\"ReadAction\",\"target\":[\"https:\\\/\\\/pans.krosno.pl\\\/pracownicy\\\/grzegorz-przebinda\\\/grzegorz-przebinda-funkcje-uczelniane-i-akademickie\\\/\"]}]},{\"@type\":\"BreadcrumbList\",\"@id\":\"https:\\\/\\\/pans.krosno.pl\\\/pracownicy\\\/grzegorz-przebinda\\\/grzegorz-przebinda-funkcje-uczelniane-i-akademickie\\\/#breadcrumb\",\"itemListElement\":[{\"@type\":\"ListItem\",\"position\":1,\"name\":\"Strona g\u0142\u00f3wna\",\"item\":\"https:\\\/\\\/pans.krosno.pl\\\/pracownicy\\\/\"},{\"@type\":\"ListItem\",\"position\":2,\"name\":\"prof. dr hab. Grzegorz Przebinda\",\"item\":\"https:\\\/\\\/pans.krosno.pl\\\/pracownicy\\\/grzegorz-przebinda\\\/\"},{\"@type\":\"ListItem\",\"position\":3,\"name\":\"prof. dr hab. Grzegorz Przebinda &#8211; Funkcje uczelniane i akademickie\"}]},{\"@type\":\"WebSite\",\"@id\":\"https:\\\/\\\/pans.krosno.pl\\\/pracownicy\\\/#website\",\"url\":\"https:\\\/\\\/pans.krosno.pl\\\/pracownicy\\\/\",\"name\":\"Pracownicy PANS w Kro\u015bnie\",\"description\":\"Pracownicy - Pa\u0144stwowa Akademia Nauk Stosowanych\",\"publisher\":{\"@id\":\"https:\\\/\\\/pans.krosno.pl\\\/pracownicy\\\/#organization\"},\"potentialAction\":[{\"@type\":\"SearchAction\",\"target\":{\"@type\":\"EntryPoint\",\"urlTemplate\":\"https:\\\/\\\/pans.krosno.pl\\\/pracownicy\\\/?s={search_term_string}\"},\"query-input\":{\"@type\":\"PropertyValueSpecification\",\"valueRequired\":true,\"valueName\":\"search_term_string\"}}],\"inLanguage\":\"pl-PL\"},{\"@type\":\"Organization\",\"@id\":\"https:\\\/\\\/pans.krosno.pl\\\/pracownicy\\\/#organization\",\"name\":\"Pracownicy PANS w Kro\u015bnie\",\"url\":\"https:\\\/\\\/pans.krosno.pl\\\/pracownicy\\\/\",\"logo\":{\"@type\":\"ImageObject\",\"inLanguage\":\"pl-PL\",\"@id\":\"https:\\\/\\\/pans.krosno.pl\\\/pracownicy\\\/#\\\/schema\\\/logo\\\/image\\\/\",\"url\":\"https:\\\/\\\/pans.krosno.pl\\\/pracownicy\\\/wp-content\\\/uploads\\\/sites\\\/41\\\/2023\\\/01\\\/Logo-PANS-2022-pelne.png\",\"contentUrl\":\"https:\\\/\\\/pans.krosno.pl\\\/pracownicy\\\/wp-content\\\/uploads\\\/sites\\\/41\\\/2023\\\/01\\\/Logo-PANS-2022-pelne.png\",\"width\":3096,\"height\":696,\"caption\":\"Pracownicy PANS w Kro\u015bnie\"},\"image\":{\"@id\":\"https:\\\/\\\/pans.krosno.pl\\\/pracownicy\\\/#\\\/schema\\\/logo\\\/image\\\/\"}}]}<\/script>\n<!-- \/ Yoast SEO Premium plugin. -->","yoast_head_json":{"title":"prof. dr hab. Grzegorz Przebinda - Funkcje uczelniane i akademickie - Pracownicy PANS w Kro\u015bnie","robots":{"index":"index","follow":"follow","max-snippet":"max-snippet:-1","max-image-preview":"max-image-preview:large","max-video-preview":"max-video-preview:-1"},"canonical":"https:\/\/pans.krosno.pl\/pracownicy\/grzegorz-przebinda\/grzegorz-przebinda-funkcje-uczelniane-i-akademickie\/","og_locale":"pl_PL","og_type":"article","og_title":"prof. dr hab. Grzegorz Przebinda - Funkcje uczelniane i akademickie","og_description":"Od 1983 r. zatrudniony w Uniwersytecie Jagiello\u0144skim, od 2006 r. \u2013 w Karpackiej Pa\u0144stwowej Uczelni w Kro\u015bnie. W okresie od 2001 r. do 2005 r. \u2013 wyk\u0142ada\u0142 na Wydziale Stosunk\u00f3w Mi\u0119dzynarodowych i Nauk Politycznych Uniwersytetu \u0141\u00f3dzkiego. W okresie od 1999 r. do 2005 r. i od 2008 r. do 2012 [\u2026] Read More","og_url":"https:\/\/pans.krosno.pl\/pracownicy\/grzegorz-przebinda\/grzegorz-przebinda-funkcje-uczelniane-i-akademickie\/","og_site_name":"Pracownicy PANS w Kro\u015bnie","article_modified_time":"2025-05-20T11:17:45+00:00","twitter_card":"summary_large_image","twitter_misc":{"Szacowany czas czytania":"1 minuta"},"schema":{"@context":"https:\/\/schema.org","@graph":[{"@type":"WebPage","@id":"https:\/\/pans.krosno.pl\/pracownicy\/grzegorz-przebinda\/grzegorz-przebinda-funkcje-uczelniane-i-akademickie\/","url":"https:\/\/pans.krosno.pl\/pracownicy\/grzegorz-przebinda\/grzegorz-przebinda-funkcje-uczelniane-i-akademickie\/","name":"prof. dr hab. Grzegorz Przebinda - Funkcje uczelniane i akademickie - Pracownicy PANS w Kro\u015bnie","isPartOf":{"@id":"https:\/\/pans.krosno.pl\/pracownicy\/#website"},"datePublished":"2020-05-28T11:32:21+00:00","dateModified":"2025-05-20T11:17:45+00:00","breadcrumb":{"@id":"https:\/\/pans.krosno.pl\/pracownicy\/grzegorz-przebinda\/grzegorz-przebinda-funkcje-uczelniane-i-akademickie\/#breadcrumb"},"inLanguage":"pl-PL","potentialAction":[{"@type":"ReadAction","target":["https:\/\/pans.krosno.pl\/pracownicy\/grzegorz-przebinda\/grzegorz-przebinda-funkcje-uczelniane-i-akademickie\/"]}]},{"@type":"BreadcrumbList","@id":"https:\/\/pans.krosno.pl\/pracownicy\/grzegorz-przebinda\/grzegorz-przebinda-funkcje-uczelniane-i-akademickie\/#breadcrumb","itemListElement":[{"@type":"ListItem","position":1,"name":"Strona g\u0142\u00f3wna","item":"https:\/\/pans.krosno.pl\/pracownicy\/"},{"@type":"ListItem","position":2,"name":"prof. dr hab. Grzegorz Przebinda","item":"https:\/\/pans.krosno.pl\/pracownicy\/grzegorz-przebinda\/"},{"@type":"ListItem","position":3,"name":"prof. dr hab. Grzegorz Przebinda &#8211; Funkcje uczelniane i akademickie"}]},{"@type":"WebSite","@id":"https:\/\/pans.krosno.pl\/pracownicy\/#website","url":"https:\/\/pans.krosno.pl\/pracownicy\/","name":"Pracownicy PANS w Kro\u015bnie","description":"Pracownicy - Pa\u0144stwowa Akademia Nauk Stosowanych","publisher":{"@id":"https:\/\/pans.krosno.pl\/pracownicy\/#organization"},"potentialAction":[{"@type":"SearchAction","target":{"@type":"EntryPoint","urlTemplate":"https:\/\/pans.krosno.pl\/pracownicy\/?s={search_term_string}"},"query-input":{"@type":"PropertyValueSpecification","valueRequired":true,"valueName":"search_term_string"}}],"inLanguage":"pl-PL"},{"@type":"Organization","@id":"https:\/\/pans.krosno.pl\/pracownicy\/#organization","name":"Pracownicy PANS w Kro\u015bnie","url":"https:\/\/pans.krosno.pl\/pracownicy\/","logo":{"@type":"ImageObject","inLanguage":"pl-PL","@id":"https:\/\/pans.krosno.pl\/pracownicy\/#\/schema\/logo\/image\/","url":"https:\/\/pans.krosno.pl\/pracownicy\/wp-content\/uploads\/sites\/41\/2023\/01\/Logo-PANS-2022-pelne.png","contentUrl":"https:\/\/pans.krosno.pl\/pracownicy\/wp-content\/uploads\/sites\/41\/2023\/01\/Logo-PANS-2022-pelne.png","width":3096,"height":696,"caption":"Pracownicy PANS w Kro\u015bnie"},"image":{"@id":"https:\/\/pans.krosno.pl\/pracownicy\/#\/schema\/logo\/image\/"}}]}},"_links":{"self":[{"href":"https:\/\/pans.krosno.pl\/pracownicy\/wp-json\/wp\/v2\/pages\/7060","targetHints":{"allow":["GET"]}}],"collection":[{"href":"https:\/\/pans.krosno.pl\/pracownicy\/wp-json\/wp\/v2\/pages"}],"about":[{"href":"https:\/\/pans.krosno.pl\/pracownicy\/wp-json\/wp\/v2\/types\/page"}],"author":[{"embeddable":true,"href":"https:\/\/pans.krosno.pl\/pracownicy\/wp-json\/wp\/v2\/users\/34"}],"replies":[{"embeddable":true,"href":"https:\/\/pans.krosno.pl\/pracownicy\/wp-json\/wp\/v2\/comments?post=7060"}],"version-history":[{"count":8,"href":"https:\/\/pans.krosno.pl\/pracownicy\/wp-json\/wp\/v2\/pages\/7060\/revisions"}],"predecessor-version":[{"id":10900,"href":"https:\/\/pans.krosno.pl\/pracownicy\/wp-json\/wp\/v2\/pages\/7060\/revisions\/10900"}],"up":[{"embeddable":true,"href":"https:\/\/pans.krosno.pl\/pracownicy\/wp-json\/wp\/v2\/pages\/6034"}],"wp:attachment":[{"href":"https:\/\/pans.krosno.pl\/pracownicy\/wp-json\/wp\/v2\/media?parent=7060"}],"curies":[{"name":"wp","href":"https:\/\/api.w.org\/{rel}","templated":true}]}}