{"id":683,"date":"2020-03-30T16:13:24","date_gmt":"2020-03-30T14:13:24","guid":{"rendered":"https:\/\/pans.krosno.pl\/pracownicy\/?page_id=683"},"modified":"2025-05-19T09:43:33","modified_gmt":"2025-05-19T07:43:33","slug":"emilian-zadarko-najwazniejsze-publikacje","status":"publish","type":"page","link":"https:\/\/pans.krosno.pl\/pracownicy\/emilian-zadarko\/emilian-zadarko-najwazniejsze-publikacje\/","title":{"rendered":"dr hab. Emilian Zadarko, prof. KPU &#8211; Najwa\u017cniejsze publikacje"},"content":{"rendered":"<hr>\n<p><strong>Wybrane publikacje<\/strong><\/p>\n<ol>\n<li>Zadarko E., Barabasz Z., Junger J.; Physical activity and health of the students from Carpathian Euroregion. Wyd. Uniwersytetu Rzeszowskiego, Rzesz\u00f3w 2010, ISBN 987-83-89295-58-X.<\/li>\n<li>Zadarko E., Barabasz Z., Nizio\u0142 E.; Ocena poziomu aktywno\u015bci fizycznej studentek wybranych kierunk\u00f3w medycznych na tle bada\u0144 populacyjnych. Przegl\u0105d Medyczny Uniwersytetu Rzeszowskiego i Narodowego Instytutu Lek\u00f3w w Warszawie. Rzesz\u00f3w 2011,2, s;188-194, ISSN 2082-369X.<\/li>\n<li>Zadarko-Domaradzka M., Zadarko E., Barabasz Z., Sobolewski M.: Spo\u017cywanie alkoholu jako zachowanie ryzykowne dla zdrowia w\u015br\u00f3d m\u0142odzie\u017cy akademickiej studiuj\u0105cej na Podkarpaciu, Przegl\u0105d lekarski 2013, Vol. 70, nr 8, s. 546-550.<\/li>\n<li>Emilian Zadarko, Zbigniew Barabasz, Edyta Nizio\u0142-Babiarz, Maria Zadarko-Domaradzka, Monika Barabasz, Marek Sobolewski, Andrea Palanska, J\u00f3zef Bergier, Jan Junger; Leisure time physical activity of young women from the Carpathian Euroregion in relation to the Body Mass Index, Annals of Agricultural and Environmental Medicine. &#8211; 2014, Vol 21, No 3, p. 622-626&nbsp; e-ISSN: 1898-2263.<\/li>\n<li>Emilian Zadarko, Zbigniew Barabasz, Olena Shyyan, Edyta Nizio\u0142 Babiarz, Yevheniya Slyvka, Maria Zadarko-Domaradzka, \u0406ryna Turchyk, Krzysztof Fr\u0105czek, Yuriy Nakonechnyy. Wybrane aspekty szkolnej edukacji zdrowotnej na przyk\u0142adzie stylu \u017cycia m\u0142odzie\u017cy polsko-ukrai\u0144skiej. Lwowski Regionalny Instytut Doskonalenia Nauczycieli we Lwowie. Skrypt dla wyk\u0142adowc\u00f3w, nauczycieli i student\u00f3w. Lw\u00f3w 2014. s.152. ISBN 978-966-8708-37-4.<\/li>\n<li>Zbigniew Barabasz, Maria Zadarko-Domaradzka, Beata Penar-Zadarko, Edyta Nizio\u0142-Babiarz, Emilian Zadarko. The relation between subjective health-assessment and cardiorespiratory fitness in adolescents. Progress in Health Sciences. &#8211; 2015, Vol. 5, no. 1, s. 150-155 e-ISSN: 2083-6260.<\/li>\n<li>M. Zadarko-Domaradzka, E. Zadarko: Aplikacje zdrowotne na urz\u0105dzenia mobilne w edukacji zdrowotnej spo\u0142ecze\u0144stwa, Edukacja-Technika-Informatyka \u2013 4(18)2016, str. 291-296, ISSN: 2080-9069.<\/li>\n<li>E. Zadarko, M. Zadarko-Domaradzka, Z. Barabasz, W. Czarny. The level of leisure time physical activity of students vs. the health locus of control, Studia Sportiva. &#8211; 2016, R. 10, iss. 1, s. 70-75. ISSN: 1802-7679.<\/li>\n<li>Barabasz M., Lw\u00f3w F., Zadarko E.: Kwestionariusz Aktywno\u015bci fizycznej czasu wolnego Minnesota w praktyce lekarskiej i promocji zdrowia. Fizjoterapia 2015,&nbsp; 23, 2, s.34-41. ISSN-1230-8323.<\/li>\n<li>Ozimek, Mariusz; Krawczyk, Marcin; Zadarko, Emilian; Barabasz, Zbigniew; Ambrozy, Tadeusz; Stanula, Arkadiusz; Jurczak, Adam; Mucha, Dariusz: Somatic profile of the elite boulderers in Poland. Journal of Strength &amp; Conditioning Research. Vol. 31, no. 4 (2017), s. 963-970. ISSN 1064-8011.<\/li>\n<li>Krzysztof Przednowek, Zbigniew Barabasz, Edyta Nizio\u0142-Babiarz, Maria Zadarko-Domaradzka, Karolina H. Przednowek, Mariusz Ozimek, Emilian Zadarko. Estimation of VO2max based on 20 m shuttle run test using statistical learning methods : An example of male physical education students, w :Proceedings of the 2nd International Conference on Technology and Innovation in Sports, Health and Wellbeing (TISHW 2018) \/ [edited by Ars\u00e9nio Reis], New York : IEEE, 2018.<\/li>\n<li>M. Zadarko-Domaradzka, I. Momola, E. Zadarko, E. Polak; Aktywizacja ruchowa dzieci w dobie rozwoju nowych technologii-wyzwanie dla nauczycieli. Edukacja-Technika-Informatyka \u2013 2(24)2018, str. 109-115, ISSN: 2080-9069.<\/li>\n<li>K. Przednowek, Z. Barabasz, M. Zadarko-Domaradzka, K. H. Przednowek, E. Nizio\u0142-Babiarz, M. Huzarski, K. Sibiga, B. Dziadek, E. Zadarko, Predictive Modeling of VO2max Based on 20 m Shuttle Run Test for Young Healthy People, Applied Sciences-Basel. &#8211; 2018, Vol. 8, iss. 11, Art. nr 2213.<\/li>\n<li>M. Zadarko-Domaradzka, Z. Barabasz, M. Sobolewski, E. Nizio\u0142-Babiarz, B. Penar-Zadarko, A. Szybisty, E. Zadarko. Alcohol Consumption and Risky Drinking Patterns among College Students from Selected Countries of the Carpathian Euroregion, BioMed Research International. &#8211; 2018, Vol. 2018, Article ID 6084541 (9 s.).<\/li>\n<li>N. Potocka, B. Penar-Zadarko, M. Skrzypa, M. Braun, M. Zadarko-Domaradzka, M. Ozimek, E. Nizio\u0142-Babiarz, Z. Barabasz, I. Zawlik, E. Zadarko. Association of ACTN3 Polymorphism with Body Somatotype and Cardiorespiratory Fitness in Young Healthy Adults, International Journal of Environmental Research and Public Health. &#8211; 2019, Vol. 16, iss. 9, art. no. 1489.<\/li>\n<\/ol>\n<hr>\n<p>&nbsp;<\/p>\n","protected":false},"excerpt":{"rendered":"<p>Wybrane publikacje Zadarko E., Barabasz Z., Junger J.; Physical activity and health of the students from Carpathian Euroregion. Wyd. Uniwersytetu Rzeszowskiego, Rzesz\u00f3w 2010, ISBN 987-83-89295-58-X. Zadarko E., Barabasz Z., Nizio\u0142 E.; Ocena poziomu aktywno\u015bci fizycznej studentek wybranych kierunk\u00f3w medycznych na tle bada\u0144 populacyjnych. Przegl\u0105d Medyczny Uniwersytetu Rzeszowskiego i Narodowego Instytutu [\u2026] <\/p>\n<div class=\"clear\"><\/div>\n<p><a class=\"more_link clearfix\" href=\"https:\/\/pans.krosno.pl\/pracownicy\/emilian-zadarko\/emilian-zadarko-najwazniejsze-publikacje\/\" rel=\"nofollow\">Read More<\/a><\/p>\n","protected":false},"author":36,"featured_media":0,"parent":673,"menu_order":0,"comment_status":"closed","ping_status":"closed","template":"","meta":{"ngg_post_thumbnail":0,"footnotes":""},"class_list":["post-683","page","type-page","status-publish","hentry"],"yoast_head":"<!-- This site is optimized with the Yoast SEO Premium plugin v27.3 (Yoast SEO v27.3) - https:\/\/yoast.com\/product\/yoast-seo-premium-wordpress\/ -->\n<title>dr hab. Emilian Zadarko, prof. KPU - Najwa\u017cniejsze publikacje - Pracownicy PANS w Kro\u015bnie<\/title>\n<meta name=\"robots\" content=\"index, follow, max-snippet:-1, max-image-preview:large, max-video-preview:-1\" \/>\n<link rel=\"canonical\" href=\"https:\/\/pans.krosno.pl\/pracownicy\/emilian-zadarko\/emilian-zadarko-najwazniejsze-publikacje\/\" \/>\n<meta property=\"og:locale\" content=\"pl_PL\" \/>\n<meta property=\"og:type\" content=\"article\" \/>\n<meta property=\"og:title\" content=\"dr hab. Emilian Zadarko, prof. KPU - Najwa\u017cniejsze publikacje\" \/>\n<meta property=\"og:description\" content=\"Wybrane publikacje Zadarko E., Barabasz Z., Junger J.; Physical activity and health of the students from Carpathian Euroregion. Wyd. Uniwersytetu Rzeszowskiego, Rzesz\u00f3w 2010, ISBN 987-83-89295-58-X. Zadarko E., Barabasz Z., Nizio\u0142 E.; Ocena poziomu aktywno\u015bci fizycznej studentek wybranych kierunk\u00f3w medycznych na tle bada\u0144 populacyjnych. Przegl\u0105d Medyczny Uniwersytetu Rzeszowskiego i Narodowego Instytutu [\u2026] Read More\" \/>\n<meta property=\"og:url\" content=\"https:\/\/pans.krosno.pl\/pracownicy\/emilian-zadarko\/emilian-zadarko-najwazniejsze-publikacje\/\" \/>\n<meta property=\"og:site_name\" content=\"Pracownicy PANS w Kro\u015bnie\" \/>\n<meta property=\"article:modified_time\" content=\"2025-05-19T07:43:33+00:00\" \/>\n<meta name=\"twitter:card\" content=\"summary_large_image\" \/>\n<meta name=\"twitter:label1\" content=\"Szacowany czas czytania\" \/>\n\t<meta name=\"twitter:data1\" content=\"4 minuty\" \/>\n<script type=\"application\/ld+json\" class=\"yoast-schema-graph\">{\"@context\":\"https:\\\/\\\/schema.org\",\"@graph\":[{\"@type\":\"WebPage\",\"@id\":\"https:\\\/\\\/pans.krosno.pl\\\/pracownicy\\\/emilian-zadarko\\\/emilian-zadarko-najwazniejsze-publikacje\\\/\",\"url\":\"https:\\\/\\\/pans.krosno.pl\\\/pracownicy\\\/emilian-zadarko\\\/emilian-zadarko-najwazniejsze-publikacje\\\/\",\"name\":\"dr hab. Emilian Zadarko, prof. KPU - Najwa\u017cniejsze publikacje - Pracownicy PANS w Kro\u015bnie\",\"isPartOf\":{\"@id\":\"https:\\\/\\\/pans.krosno.pl\\\/pracownicy\\\/#website\"},\"datePublished\":\"2020-03-30T14:13:24+00:00\",\"dateModified\":\"2025-05-19T07:43:33+00:00\",\"breadcrumb\":{\"@id\":\"https:\\\/\\\/pans.krosno.pl\\\/pracownicy\\\/emilian-zadarko\\\/emilian-zadarko-najwazniejsze-publikacje\\\/#breadcrumb\"},\"inLanguage\":\"pl-PL\",\"potentialAction\":[{\"@type\":\"ReadAction\",\"target\":[\"https:\\\/\\\/pans.krosno.pl\\\/pracownicy\\\/emilian-zadarko\\\/emilian-zadarko-najwazniejsze-publikacje\\\/\"]}]},{\"@type\":\"BreadcrumbList\",\"@id\":\"https:\\\/\\\/pans.krosno.pl\\\/pracownicy\\\/emilian-zadarko\\\/emilian-zadarko-najwazniejsze-publikacje\\\/#breadcrumb\",\"itemListElement\":[{\"@type\":\"ListItem\",\"position\":1,\"name\":\"Strona g\u0142\u00f3wna\",\"item\":\"https:\\\/\\\/pans.krosno.pl\\\/pracownicy\\\/\"},{\"@type\":\"ListItem\",\"position\":2,\"name\":\"dr hab. Emilian Zadarko, prof. PANS\",\"item\":\"https:\\\/\\\/pans.krosno.pl\\\/pracownicy\\\/emilian-zadarko\\\/\"},{\"@type\":\"ListItem\",\"position\":3,\"name\":\"dr hab. Emilian Zadarko, prof. KPU &#8211; Najwa\u017cniejsze publikacje\"}]},{\"@type\":\"WebSite\",\"@id\":\"https:\\\/\\\/pans.krosno.pl\\\/pracownicy\\\/#website\",\"url\":\"https:\\\/\\\/pans.krosno.pl\\\/pracownicy\\\/\",\"name\":\"Pracownicy PANS w Kro\u015bnie\",\"description\":\"Pracownicy - Pa\u0144stwowa Akademia Nauk Stosowanych\",\"publisher\":{\"@id\":\"https:\\\/\\\/pans.krosno.pl\\\/pracownicy\\\/#organization\"},\"potentialAction\":[{\"@type\":\"SearchAction\",\"target\":{\"@type\":\"EntryPoint\",\"urlTemplate\":\"https:\\\/\\\/pans.krosno.pl\\\/pracownicy\\\/?s={search_term_string}\"},\"query-input\":{\"@type\":\"PropertyValueSpecification\",\"valueRequired\":true,\"valueName\":\"search_term_string\"}}],\"inLanguage\":\"pl-PL\"},{\"@type\":\"Organization\",\"@id\":\"https:\\\/\\\/pans.krosno.pl\\\/pracownicy\\\/#organization\",\"name\":\"Pracownicy PANS w Kro\u015bnie\",\"url\":\"https:\\\/\\\/pans.krosno.pl\\\/pracownicy\\\/\",\"logo\":{\"@type\":\"ImageObject\",\"inLanguage\":\"pl-PL\",\"@id\":\"https:\\\/\\\/pans.krosno.pl\\\/pracownicy\\\/#\\\/schema\\\/logo\\\/image\\\/\",\"url\":\"https:\\\/\\\/pans.krosno.pl\\\/pracownicy\\\/wp-content\\\/uploads\\\/sites\\\/41\\\/2023\\\/01\\\/Logo-PANS-2022-pelne.png\",\"contentUrl\":\"https:\\\/\\\/pans.krosno.pl\\\/pracownicy\\\/wp-content\\\/uploads\\\/sites\\\/41\\\/2023\\\/01\\\/Logo-PANS-2022-pelne.png\",\"width\":3096,\"height\":696,\"caption\":\"Pracownicy PANS w Kro\u015bnie\"},\"image\":{\"@id\":\"https:\\\/\\\/pans.krosno.pl\\\/pracownicy\\\/#\\\/schema\\\/logo\\\/image\\\/\"}}]}<\/script>\n<!-- \/ Yoast SEO Premium plugin. -->","yoast_head_json":{"title":"dr hab. Emilian Zadarko, prof. KPU - Najwa\u017cniejsze publikacje - Pracownicy PANS w Kro\u015bnie","robots":{"index":"index","follow":"follow","max-snippet":"max-snippet:-1","max-image-preview":"max-image-preview:large","max-video-preview":"max-video-preview:-1"},"canonical":"https:\/\/pans.krosno.pl\/pracownicy\/emilian-zadarko\/emilian-zadarko-najwazniejsze-publikacje\/","og_locale":"pl_PL","og_type":"article","og_title":"dr hab. Emilian Zadarko, prof. KPU - Najwa\u017cniejsze publikacje","og_description":"Wybrane publikacje Zadarko E., Barabasz Z., Junger J.; Physical activity and health of the students from Carpathian Euroregion. Wyd. Uniwersytetu Rzeszowskiego, Rzesz\u00f3w 2010, ISBN 987-83-89295-58-X. Zadarko E., Barabasz Z., Nizio\u0142 E.; Ocena poziomu aktywno\u015bci fizycznej studentek wybranych kierunk\u00f3w medycznych na tle bada\u0144 populacyjnych. Przegl\u0105d Medyczny Uniwersytetu Rzeszowskiego i Narodowego Instytutu [\u2026] Read More","og_url":"https:\/\/pans.krosno.pl\/pracownicy\/emilian-zadarko\/emilian-zadarko-najwazniejsze-publikacje\/","og_site_name":"Pracownicy PANS w Kro\u015bnie","article_modified_time":"2025-05-19T07:43:33+00:00","twitter_card":"summary_large_image","twitter_misc":{"Szacowany czas czytania":"4 minuty"},"schema":{"@context":"https:\/\/schema.org","@graph":[{"@type":"WebPage","@id":"https:\/\/pans.krosno.pl\/pracownicy\/emilian-zadarko\/emilian-zadarko-najwazniejsze-publikacje\/","url":"https:\/\/pans.krosno.pl\/pracownicy\/emilian-zadarko\/emilian-zadarko-najwazniejsze-publikacje\/","name":"dr hab. Emilian Zadarko, prof. KPU - Najwa\u017cniejsze publikacje - Pracownicy PANS w Kro\u015bnie","isPartOf":{"@id":"https:\/\/pans.krosno.pl\/pracownicy\/#website"},"datePublished":"2020-03-30T14:13:24+00:00","dateModified":"2025-05-19T07:43:33+00:00","breadcrumb":{"@id":"https:\/\/pans.krosno.pl\/pracownicy\/emilian-zadarko\/emilian-zadarko-najwazniejsze-publikacje\/#breadcrumb"},"inLanguage":"pl-PL","potentialAction":[{"@type":"ReadAction","target":["https:\/\/pans.krosno.pl\/pracownicy\/emilian-zadarko\/emilian-zadarko-najwazniejsze-publikacje\/"]}]},{"@type":"BreadcrumbList","@id":"https:\/\/pans.krosno.pl\/pracownicy\/emilian-zadarko\/emilian-zadarko-najwazniejsze-publikacje\/#breadcrumb","itemListElement":[{"@type":"ListItem","position":1,"name":"Strona g\u0142\u00f3wna","item":"https:\/\/pans.krosno.pl\/pracownicy\/"},{"@type":"ListItem","position":2,"name":"dr hab. Emilian Zadarko, prof. PANS","item":"https:\/\/pans.krosno.pl\/pracownicy\/emilian-zadarko\/"},{"@type":"ListItem","position":3,"name":"dr hab. Emilian Zadarko, prof. KPU &#8211; Najwa\u017cniejsze publikacje"}]},{"@type":"WebSite","@id":"https:\/\/pans.krosno.pl\/pracownicy\/#website","url":"https:\/\/pans.krosno.pl\/pracownicy\/","name":"Pracownicy PANS w Kro\u015bnie","description":"Pracownicy - Pa\u0144stwowa Akademia Nauk Stosowanych","publisher":{"@id":"https:\/\/pans.krosno.pl\/pracownicy\/#organization"},"potentialAction":[{"@type":"SearchAction","target":{"@type":"EntryPoint","urlTemplate":"https:\/\/pans.krosno.pl\/pracownicy\/?s={search_term_string}"},"query-input":{"@type":"PropertyValueSpecification","valueRequired":true,"valueName":"search_term_string"}}],"inLanguage":"pl-PL"},{"@type":"Organization","@id":"https:\/\/pans.krosno.pl\/pracownicy\/#organization","name":"Pracownicy PANS w Kro\u015bnie","url":"https:\/\/pans.krosno.pl\/pracownicy\/","logo":{"@type":"ImageObject","inLanguage":"pl-PL","@id":"https:\/\/pans.krosno.pl\/pracownicy\/#\/schema\/logo\/image\/","url":"https:\/\/pans.krosno.pl\/pracownicy\/wp-content\/uploads\/sites\/41\/2023\/01\/Logo-PANS-2022-pelne.png","contentUrl":"https:\/\/pans.krosno.pl\/pracownicy\/wp-content\/uploads\/sites\/41\/2023\/01\/Logo-PANS-2022-pelne.png","width":3096,"height":696,"caption":"Pracownicy PANS w Kro\u015bnie"},"image":{"@id":"https:\/\/pans.krosno.pl\/pracownicy\/#\/schema\/logo\/image\/"}}]}},"_links":{"self":[{"href":"https:\/\/pans.krosno.pl\/pracownicy\/wp-json\/wp\/v2\/pages\/683","targetHints":{"allow":["GET"]}}],"collection":[{"href":"https:\/\/pans.krosno.pl\/pracownicy\/wp-json\/wp\/v2\/pages"}],"about":[{"href":"https:\/\/pans.krosno.pl\/pracownicy\/wp-json\/wp\/v2\/types\/page"}],"author":[{"embeddable":true,"href":"https:\/\/pans.krosno.pl\/pracownicy\/wp-json\/wp\/v2\/users\/36"}],"replies":[{"embeddable":true,"href":"https:\/\/pans.krosno.pl\/pracownicy\/wp-json\/wp\/v2\/comments?post=683"}],"version-history":[{"count":8,"href":"https:\/\/pans.krosno.pl\/pracownicy\/wp-json\/wp\/v2\/pages\/683\/revisions"}],"predecessor-version":[{"id":8292,"href":"https:\/\/pans.krosno.pl\/pracownicy\/wp-json\/wp\/v2\/pages\/683\/revisions\/8292"}],"up":[{"embeddable":true,"href":"https:\/\/pans.krosno.pl\/pracownicy\/wp-json\/wp\/v2\/pages\/673"}],"wp:attachment":[{"href":"https:\/\/pans.krosno.pl\/pracownicy\/wp-json\/wp\/v2\/media?parent=683"}],"curies":[{"name":"wp","href":"https:\/\/api.w.org\/{rel}","templated":true}]}}