{"id":680,"date":"2020-03-30T16:10:19","date_gmt":"2020-03-30T14:10:19","guid":{"rendered":"https:\/\/pans.krosno.pl\/pracownicy\/?page_id=680"},"modified":"2025-05-20T14:02:57","modified_gmt":"2025-05-20T12:02:57","slug":"emilian-zadarko-doswiadczenie-pozauczelniane","status":"publish","type":"page","link":"https:\/\/pans.krosno.pl\/pracownicy\/emilian-zadarko\/emilian-zadarko-doswiadczenie-pozauczelniane\/","title":{"rendered":"dr hab. Emilian Zadarko, prof. KPU &#8211; Do\u015bwiadczenie pozauczelniane"},"content":{"rendered":"<hr>\n<ul>\n<li>Trener klasy I w tenisie (AWF Gda\u0144sk),<\/li>\n<li>Trener lic. expert PZT,<\/li>\n<li>Instruktor narciarstwa, pi\u0142ki siatkowej, \u017ceglarstwa, uprawnienia \u017ceglarza jachtowego i sternika motorowodnego, &nbsp;<\/li>\n<li>Specjalista z zakresu gimnastyki korekcyjno-kompensacyjnej, masa\u017cu klasycznego, segmentalnego,<\/li>\n<li>Wsp\u00f3\u0142autor skrypt\u00f3w dla student\u00f3w z zakresu narciarstwa alpejskiego, narciarstwa biegowego, \u0142y\u017cwiarstwa i hokeja na lodzie,<\/li>\n<li>Sta\u017cysta w Riverdale Tennis Club, New York, (USA),oraz w 4sportlab (Polska),<\/li>\n<li>Badania wydolno\u015bciowe w sporcie profesjonalnym,<\/li>\n<li>Uczestnik programu Erasmus dla nauczycieli akademickich (pobyty w&nbsp; University of Sakaria, Turcja,&nbsp; National Sports Akademy Sofia, Bu\u0142garia, Faculta Sportu, Universytet Presov, S\u0142owacja, Uniwersity of Oradea, Rumunia, Matej Bel University, Ba\u0144ska Bystrzyca, University of Miskolc, W\u0119gry, University of Cadiz, Hiszpania, Department of Physical Education &amp; Human Performance, Manhattan College, New York,<\/li>\n<li>Cz\u0142onek grant\u00f3w (2009-2010 r., 2011-2012 r.) realizowanych w ramach Programu Wsp\u00f3\u0142pracy Transgranicznej Interreg PL-SK 2007-2013, oraz Rzeczypospolita Polska &#8211; Bia\u0142oru\u015b &#8211; Ukraina,<\/li>\n<li>Kierownik grantu Ministerstwa Nauki i Szkolnictwa Wy\u017cszego pn. &#8222;Rozw\u00f3j Sportu Akademickiego&#8221;.<\/li>\n<\/ul>\n<hr>\n<p>&nbsp;<\/p>\n","protected":false},"excerpt":{"rendered":"<p>Trener klasy I w tenisie (AWF Gda\u0144sk), Trener lic. expert PZT, Instruktor narciarstwa, pi\u0142ki siatkowej, \u017ceglarstwa, uprawnienia \u017ceglarza jachtowego i sternika motorowodnego, &nbsp; Specjalista z zakresu gimnastyki korekcyjno-kompensacyjnej, masa\u017cu klasycznego, segmentalnego, Wsp\u00f3\u0142autor skrypt\u00f3w dla student\u00f3w z zakresu narciarstwa alpejskiego, narciarstwa biegowego, \u0142y\u017cwiarstwa i hokeja na lodzie, Sta\u017cysta w Riverdale Tennis [\u2026] <\/p>\n<div class=\"clear\"><\/div>\n<p><a class=\"more_link clearfix\" href=\"https:\/\/pans.krosno.pl\/pracownicy\/emilian-zadarko\/emilian-zadarko-doswiadczenie-pozauczelniane\/\" rel=\"nofollow\">Read More<\/a><\/p>\n","protected":false},"author":36,"featured_media":0,"parent":673,"menu_order":0,"comment_status":"closed","ping_status":"closed","template":"","meta":{"ngg_post_thumbnail":0,"footnotes":""},"class_list":["post-680","page","type-page","status-publish","hentry"],"yoast_head":"<!-- This site is optimized with the Yoast SEO Premium plugin v27.3 (Yoast SEO v27.3) - https:\/\/yoast.com\/product\/yoast-seo-premium-wordpress\/ -->\n<title>dr hab. Emilian Zadarko, prof. KPU - Do\u015bwiadczenie pozauczelniane - Pracownicy PANS w Kro\u015bnie<\/title>\n<meta name=\"robots\" content=\"index, follow, max-snippet:-1, max-image-preview:large, max-video-preview:-1\" \/>\n<link rel=\"canonical\" href=\"https:\/\/pans.krosno.pl\/pracownicy\/emilian-zadarko\/emilian-zadarko-doswiadczenie-pozauczelniane\/\" \/>\n<meta property=\"og:locale\" content=\"pl_PL\" \/>\n<meta property=\"og:type\" content=\"article\" \/>\n<meta property=\"og:title\" content=\"dr hab. Emilian Zadarko, prof. KPU - Do\u015bwiadczenie pozauczelniane\" \/>\n<meta property=\"og:description\" content=\"Trener klasy I w tenisie (AWF Gda\u0144sk), Trener lic. expert PZT, Instruktor narciarstwa, pi\u0142ki siatkowej, \u017ceglarstwa, uprawnienia \u017ceglarza jachtowego i sternika motorowodnego, &nbsp; Specjalista z zakresu gimnastyki korekcyjno-kompensacyjnej, masa\u017cu klasycznego, segmentalnego, Wsp\u00f3\u0142autor skrypt\u00f3w dla student\u00f3w z zakresu narciarstwa alpejskiego, narciarstwa biegowego, \u0142y\u017cwiarstwa i hokeja na lodzie, Sta\u017cysta w Riverdale Tennis [\u2026] Read More\" \/>\n<meta property=\"og:url\" content=\"https:\/\/pans.krosno.pl\/pracownicy\/emilian-zadarko\/emilian-zadarko-doswiadczenie-pozauczelniane\/\" \/>\n<meta property=\"og:site_name\" content=\"Pracownicy PANS w Kro\u015bnie\" \/>\n<meta property=\"article:modified_time\" content=\"2025-05-20T12:02:57+00:00\" \/>\n<meta name=\"twitter:card\" content=\"summary_large_image\" \/>\n<script type=\"application\/ld+json\" class=\"yoast-schema-graph\">{\"@context\":\"https:\\\/\\\/schema.org\",\"@graph\":[{\"@type\":\"WebPage\",\"@id\":\"https:\\\/\\\/pans.krosno.pl\\\/pracownicy\\\/emilian-zadarko\\\/emilian-zadarko-doswiadczenie-pozauczelniane\\\/\",\"url\":\"https:\\\/\\\/pans.krosno.pl\\\/pracownicy\\\/emilian-zadarko\\\/emilian-zadarko-doswiadczenie-pozauczelniane\\\/\",\"name\":\"dr hab. Emilian Zadarko, prof. KPU - Do\u015bwiadczenie pozauczelniane - Pracownicy PANS w Kro\u015bnie\",\"isPartOf\":{\"@id\":\"https:\\\/\\\/pans.krosno.pl\\\/pracownicy\\\/#website\"},\"datePublished\":\"2020-03-30T14:10:19+00:00\",\"dateModified\":\"2025-05-20T12:02:57+00:00\",\"breadcrumb\":{\"@id\":\"https:\\\/\\\/pans.krosno.pl\\\/pracownicy\\\/emilian-zadarko\\\/emilian-zadarko-doswiadczenie-pozauczelniane\\\/#breadcrumb\"},\"inLanguage\":\"pl-PL\",\"potentialAction\":[{\"@type\":\"ReadAction\",\"target\":[\"https:\\\/\\\/pans.krosno.pl\\\/pracownicy\\\/emilian-zadarko\\\/emilian-zadarko-doswiadczenie-pozauczelniane\\\/\"]}]},{\"@type\":\"BreadcrumbList\",\"@id\":\"https:\\\/\\\/pans.krosno.pl\\\/pracownicy\\\/emilian-zadarko\\\/emilian-zadarko-doswiadczenie-pozauczelniane\\\/#breadcrumb\",\"itemListElement\":[{\"@type\":\"ListItem\",\"position\":1,\"name\":\"Strona g\u0142\u00f3wna\",\"item\":\"https:\\\/\\\/pans.krosno.pl\\\/pracownicy\\\/\"},{\"@type\":\"ListItem\",\"position\":2,\"name\":\"dr hab. Emilian Zadarko, prof. PANS\",\"item\":\"https:\\\/\\\/pans.krosno.pl\\\/pracownicy\\\/emilian-zadarko\\\/\"},{\"@type\":\"ListItem\",\"position\":3,\"name\":\"dr hab. Emilian Zadarko, prof. KPU &#8211; Do\u015bwiadczenie pozauczelniane\"}]},{\"@type\":\"WebSite\",\"@id\":\"https:\\\/\\\/pans.krosno.pl\\\/pracownicy\\\/#website\",\"url\":\"https:\\\/\\\/pans.krosno.pl\\\/pracownicy\\\/\",\"name\":\"Pracownicy PANS w Kro\u015bnie\",\"description\":\"Pracownicy - Pa\u0144stwowa Akademia Nauk Stosowanych\",\"publisher\":{\"@id\":\"https:\\\/\\\/pans.krosno.pl\\\/pracownicy\\\/#organization\"},\"potentialAction\":[{\"@type\":\"SearchAction\",\"target\":{\"@type\":\"EntryPoint\",\"urlTemplate\":\"https:\\\/\\\/pans.krosno.pl\\\/pracownicy\\\/?s={search_term_string}\"},\"query-input\":{\"@type\":\"PropertyValueSpecification\",\"valueRequired\":true,\"valueName\":\"search_term_string\"}}],\"inLanguage\":\"pl-PL\"},{\"@type\":\"Organization\",\"@id\":\"https:\\\/\\\/pans.krosno.pl\\\/pracownicy\\\/#organization\",\"name\":\"Pracownicy PANS w Kro\u015bnie\",\"url\":\"https:\\\/\\\/pans.krosno.pl\\\/pracownicy\\\/\",\"logo\":{\"@type\":\"ImageObject\",\"inLanguage\":\"pl-PL\",\"@id\":\"https:\\\/\\\/pans.krosno.pl\\\/pracownicy\\\/#\\\/schema\\\/logo\\\/image\\\/\",\"url\":\"https:\\\/\\\/pans.krosno.pl\\\/pracownicy\\\/wp-content\\\/uploads\\\/sites\\\/41\\\/2023\\\/01\\\/Logo-PANS-2022-pelne.png\",\"contentUrl\":\"https:\\\/\\\/pans.krosno.pl\\\/pracownicy\\\/wp-content\\\/uploads\\\/sites\\\/41\\\/2023\\\/01\\\/Logo-PANS-2022-pelne.png\",\"width\":3096,\"height\":696,\"caption\":\"Pracownicy PANS w Kro\u015bnie\"},\"image\":{\"@id\":\"https:\\\/\\\/pans.krosno.pl\\\/pracownicy\\\/#\\\/schema\\\/logo\\\/image\\\/\"}}]}<\/script>\n<!-- \/ Yoast SEO Premium plugin. -->","yoast_head_json":{"title":"dr hab. Emilian Zadarko, prof. KPU - Do\u015bwiadczenie pozauczelniane - Pracownicy PANS w Kro\u015bnie","robots":{"index":"index","follow":"follow","max-snippet":"max-snippet:-1","max-image-preview":"max-image-preview:large","max-video-preview":"max-video-preview:-1"},"canonical":"https:\/\/pans.krosno.pl\/pracownicy\/emilian-zadarko\/emilian-zadarko-doswiadczenie-pozauczelniane\/","og_locale":"pl_PL","og_type":"article","og_title":"dr hab. Emilian Zadarko, prof. KPU - Do\u015bwiadczenie pozauczelniane","og_description":"Trener klasy I w tenisie (AWF Gda\u0144sk), Trener lic. expert PZT, Instruktor narciarstwa, pi\u0142ki siatkowej, \u017ceglarstwa, uprawnienia \u017ceglarza jachtowego i sternika motorowodnego, &nbsp; Specjalista z zakresu gimnastyki korekcyjno-kompensacyjnej, masa\u017cu klasycznego, segmentalnego, Wsp\u00f3\u0142autor skrypt\u00f3w dla student\u00f3w z zakresu narciarstwa alpejskiego, narciarstwa biegowego, \u0142y\u017cwiarstwa i hokeja na lodzie, Sta\u017cysta w Riverdale Tennis [\u2026] Read More","og_url":"https:\/\/pans.krosno.pl\/pracownicy\/emilian-zadarko\/emilian-zadarko-doswiadczenie-pozauczelniane\/","og_site_name":"Pracownicy PANS w Kro\u015bnie","article_modified_time":"2025-05-20T12:02:57+00:00","twitter_card":"summary_large_image","schema":{"@context":"https:\/\/schema.org","@graph":[{"@type":"WebPage","@id":"https:\/\/pans.krosno.pl\/pracownicy\/emilian-zadarko\/emilian-zadarko-doswiadczenie-pozauczelniane\/","url":"https:\/\/pans.krosno.pl\/pracownicy\/emilian-zadarko\/emilian-zadarko-doswiadczenie-pozauczelniane\/","name":"dr hab. Emilian Zadarko, prof. KPU - Do\u015bwiadczenie pozauczelniane - Pracownicy PANS w Kro\u015bnie","isPartOf":{"@id":"https:\/\/pans.krosno.pl\/pracownicy\/#website"},"datePublished":"2020-03-30T14:10:19+00:00","dateModified":"2025-05-20T12:02:57+00:00","breadcrumb":{"@id":"https:\/\/pans.krosno.pl\/pracownicy\/emilian-zadarko\/emilian-zadarko-doswiadczenie-pozauczelniane\/#breadcrumb"},"inLanguage":"pl-PL","potentialAction":[{"@type":"ReadAction","target":["https:\/\/pans.krosno.pl\/pracownicy\/emilian-zadarko\/emilian-zadarko-doswiadczenie-pozauczelniane\/"]}]},{"@type":"BreadcrumbList","@id":"https:\/\/pans.krosno.pl\/pracownicy\/emilian-zadarko\/emilian-zadarko-doswiadczenie-pozauczelniane\/#breadcrumb","itemListElement":[{"@type":"ListItem","position":1,"name":"Strona g\u0142\u00f3wna","item":"https:\/\/pans.krosno.pl\/pracownicy\/"},{"@type":"ListItem","position":2,"name":"dr hab. Emilian Zadarko, prof. PANS","item":"https:\/\/pans.krosno.pl\/pracownicy\/emilian-zadarko\/"},{"@type":"ListItem","position":3,"name":"dr hab. Emilian Zadarko, prof. KPU &#8211; Do\u015bwiadczenie pozauczelniane"}]},{"@type":"WebSite","@id":"https:\/\/pans.krosno.pl\/pracownicy\/#website","url":"https:\/\/pans.krosno.pl\/pracownicy\/","name":"Pracownicy PANS w Kro\u015bnie","description":"Pracownicy - Pa\u0144stwowa Akademia Nauk Stosowanych","publisher":{"@id":"https:\/\/pans.krosno.pl\/pracownicy\/#organization"},"potentialAction":[{"@type":"SearchAction","target":{"@type":"EntryPoint","urlTemplate":"https:\/\/pans.krosno.pl\/pracownicy\/?s={search_term_string}"},"query-input":{"@type":"PropertyValueSpecification","valueRequired":true,"valueName":"search_term_string"}}],"inLanguage":"pl-PL"},{"@type":"Organization","@id":"https:\/\/pans.krosno.pl\/pracownicy\/#organization","name":"Pracownicy PANS w Kro\u015bnie","url":"https:\/\/pans.krosno.pl\/pracownicy\/","logo":{"@type":"ImageObject","inLanguage":"pl-PL","@id":"https:\/\/pans.krosno.pl\/pracownicy\/#\/schema\/logo\/image\/","url":"https:\/\/pans.krosno.pl\/pracownicy\/wp-content\/uploads\/sites\/41\/2023\/01\/Logo-PANS-2022-pelne.png","contentUrl":"https:\/\/pans.krosno.pl\/pracownicy\/wp-content\/uploads\/sites\/41\/2023\/01\/Logo-PANS-2022-pelne.png","width":3096,"height":696,"caption":"Pracownicy PANS w Kro\u015bnie"},"image":{"@id":"https:\/\/pans.krosno.pl\/pracownicy\/#\/schema\/logo\/image\/"}}]}},"_links":{"self":[{"href":"https:\/\/pans.krosno.pl\/pracownicy\/wp-json\/wp\/v2\/pages\/680","targetHints":{"allow":["GET"]}}],"collection":[{"href":"https:\/\/pans.krosno.pl\/pracownicy\/wp-json\/wp\/v2\/pages"}],"about":[{"href":"https:\/\/pans.krosno.pl\/pracownicy\/wp-json\/wp\/v2\/types\/page"}],"author":[{"embeddable":true,"href":"https:\/\/pans.krosno.pl\/pracownicy\/wp-json\/wp\/v2\/users\/36"}],"replies":[{"embeddable":true,"href":"https:\/\/pans.krosno.pl\/pracownicy\/wp-json\/wp\/v2\/comments?post=680"}],"version-history":[{"count":9,"href":"https:\/\/pans.krosno.pl\/pracownicy\/wp-json\/wp\/v2\/pages\/680\/revisions"}],"predecessor-version":[{"id":11075,"href":"https:\/\/pans.krosno.pl\/pracownicy\/wp-json\/wp\/v2\/pages\/680\/revisions\/11075"}],"up":[{"embeddable":true,"href":"https:\/\/pans.krosno.pl\/pracownicy\/wp-json\/wp\/v2\/pages\/673"}],"wp:attachment":[{"href":"https:\/\/pans.krosno.pl\/pracownicy\/wp-json\/wp\/v2\/media?parent=680"}],"curies":[{"name":"wp","href":"https:\/\/api.w.org\/{rel}","templated":true}]}}