{"id":649,"date":"2020-03-30T15:37:38","date_gmt":"2020-03-30T13:37:38","guid":{"rendered":"https:\/\/pans.krosno.pl\/pracownicy\/?page_id=649"},"modified":"2024-01-03T14:04:50","modified_gmt":"2024-01-03T13:04:50","slug":"edyta-niziol-babiarz","status":"publish","type":"page","link":"https:\/\/pans.krosno.pl\/pracownicy\/edyta-niziol-babiarz\/","title":{"rendered":"dr Edyta Nizio\u0142-Babiarz"},"content":{"rendered":"\n<h3 class=\"wp-block-heading\" id=\"h-zaklad-wychowania-fizycznego\"><strong>Zak\u0142ad <\/strong>Wychowania Fizycznego<\/h3>\n\n\n\n<hr class=\"wp-block-separator has-css-opacity\"\/>\n\n\n<p style=\"text-align: left\">Jej dzia\u0142alno\u015b\u0107 naukowa zwi\u0105zana jest z czynnym udzia\u0142em w projektach wsp\u00f3\u0142pracy transgranicznej Polska-S\u0142owacja oraz Polska-Bia\u0142oru\u015b-Ukraina dotycz\u0105cych diagnostyki w sporcie oraz sprawno\u015bci fizycznej ukierunkowanej na zdrowie. Jest autorem i wsp\u00f3\u0142autorem 20 publikacji naukowych, oraz organizatorem konferencji naukowych i metodyczno-naukowych. W Pa\u0144stwowej Akademii Nauk Stosowanych w Kro\u015bnie prowadzi zaj\u0119cia z zakresu treningu zdrowotnego, edukacji zdrowotnej, obozownictwa, sport\u00f3w ca\u0142ego \u017cycia.<\/p>\n\n\n<hr class=\"wp-block-separator has-css-opacity\"\/>\n\n\n\n<div class=\"wp-block-columns is-layout-flex wp-container-core-columns-is-layout-28f84493 wp-block-columns-is-layout-flex\">\n<div class=\"wp-block-column is-layout-flow wp-block-column-is-layout-flow\" style=\"flex-basis:22%\">\n\n\n<p> <\/p>\n<\/div>\n\n\n\n<div class=\"wp-block-column is-layout-flow wp-block-column-is-layout-flow\" style=\"flex-basis:78%\">\n<ul class=\"wp-block-list\">\n<li><a href=\"https:\/\/pans.krosno.pl\/pracownicy\/edyta-niziol-babiarz\/edyta-niziol-babiarz-zyciorys-naukowy\/\">\u017byciorys naukowy <\/a><\/li>\n\n\n\n<li><a href=\"https:\/\/pans.krosno.pl\/pracownicy\/edyta-niziol-babiarz\/edyta-niziol-babiarz-doswiadczenie-pozauczleniane\/\">Do\u015bwiadczenie pozauczelniane<\/a><\/li>\n\n\n\n<li><a href=\"https:\/\/pans.krosno.pl\/pracownicy\/edyta-niziol-babiarz\/edyta-niziol-babiarz-najwazniejsze-publikacje\/\">Najwa\u017cniejsze publikacje<\/a><\/li>\n\n\n\n<li><a href=\"https:\/\/pans.krosno.pl\/pracownicy\/edyta-niziol-babiarz\/edyta-niziol-babiarz-najwazniejsze-nagrody-i-wyroznienia\/\">Najwa\u017cniejsze nagrody i wyr\u00f3\u017cnienia<\/a><\/li>\n<\/ul>\n\n\n\n<hr class=\"wp-block-separator has-css-opacity\"\/>\n\n\n\n<figure class=\"wp-block-table aligncenter is-style-stripes\"><table><tbody><tr><td class=\"has-text-align-left\" data-align=\"left\">Telefon: 13 43 755 60<\/td><\/tr><tr><td class=\"has-text-align-left\" data-align=\"left\">E-mail: <a href=\"mailto:edyta.niziol-babiarz@pans.krosno.pl\">edyta.niziol-babiarz@pans.krosno.pl<\/a><\/td><\/tr><tr><td class=\"has-text-align-left\" data-align=\"left\">Konsultacje: <a rel=\"noreferrer noopener\" href=\"https:\/\/pans.krosno.pl\/wf\/dyzury-pracownikow\/\" target=\"_blank\">Dy\u017cur pracownik<\/a><a href=\"https:\/\/pans.krosno.pl\/wf\/dyzury-pracownikow\/\" target=\"_blank\" rel=\"noreferrer noopener\">a<\/a><\/td><\/tr><\/tbody><\/table><\/figure>\n<\/div>\n<\/div>\n\n\n\n<hr class=\"wp-block-separator has-css-opacity\"\/>\n\n\n\n<p><\/p>\n","protected":false},"excerpt":{"rendered":"<p>Zak\u0142ad Wychowania Fizycznego Jej dzia\u0142alno\u015b\u0107 naukowa zwi\u0105zana jest z czynnym udzia\u0142em w projektach wsp\u00f3\u0142pracy transgranicznej Polska-S\u0142owacja oraz Polska-Bia\u0142oru\u015b-Ukraina dotycz\u0105cych diagnostyki w sporcie oraz sprawno\u015bci fizycznej ukierunkowanej na zdrowie. Jest autorem i wsp\u00f3\u0142autorem 20 publikacji naukowych, oraz organizatorem konferencji naukowych i metodyczno-naukowych. W Pa\u0144stwowej Akademii Nauk Stosowanych w Kro\u015bnie prowadzi zaj\u0119cia [\u2026] <\/p>\n<div class=\"clear\"><\/div>\n<p><a class=\"more_link clearfix\" href=\"https:\/\/pans.krosno.pl\/pracownicy\/edyta-niziol-babiarz\/\" rel=\"nofollow\">Read More<\/a><\/p>\n","protected":false},"author":36,"featured_media":0,"parent":0,"menu_order":0,"comment_status":"closed","ping_status":"closed","template":"","meta":{"ngg_post_thumbnail":0,"footnotes":""},"class_list":["post-649","page","type-page","status-publish","hentry"],"yoast_head":"<!-- This site is optimized with the Yoast SEO Premium plugin v27.3 (Yoast SEO v27.3) - https:\/\/yoast.com\/product\/yoast-seo-premium-wordpress\/ -->\n<title>dr Edyta Nizio\u0142-Babiarz - Pracownicy PANS w Kro\u015bnie<\/title>\n<meta name=\"robots\" content=\"index, follow, max-snippet:-1, max-image-preview:large, max-video-preview:-1\" \/>\n<link rel=\"canonical\" href=\"https:\/\/pans.krosno.pl\/pracownicy\/edyta-niziol-babiarz\/\" \/>\n<meta property=\"og:locale\" content=\"pl_PL\" \/>\n<meta property=\"og:type\" content=\"article\" \/>\n<meta property=\"og:title\" content=\"dr Edyta Nizio\u0142-Babiarz\" \/>\n<meta property=\"og:description\" content=\"Zak\u0142ad Wychowania Fizycznego Jej dzia\u0142alno\u015b\u0107 naukowa zwi\u0105zana jest z czynnym udzia\u0142em w projektach wsp\u00f3\u0142pracy transgranicznej Polska-S\u0142owacja oraz Polska-Bia\u0142oru\u015b-Ukraina dotycz\u0105cych diagnostyki w sporcie oraz sprawno\u015bci fizycznej ukierunkowanej na zdrowie. Jest autorem i wsp\u00f3\u0142autorem 20 publikacji naukowych, oraz organizatorem konferencji naukowych i metodyczno-naukowych. W Pa\u0144stwowej Akademii Nauk Stosowanych w Kro\u015bnie prowadzi zaj\u0119cia [\u2026] Read More\" \/>\n<meta property=\"og:url\" content=\"https:\/\/pans.krosno.pl\/pracownicy\/edyta-niziol-babiarz\/\" \/>\n<meta property=\"og:site_name\" content=\"Pracownicy PANS w Kro\u015bnie\" \/>\n<meta property=\"article:modified_time\" content=\"2024-01-03T13:04:50+00:00\" \/>\n<meta name=\"twitter:card\" content=\"summary_large_image\" \/>\n<meta name=\"twitter:label1\" content=\"Szacowany czas czytania\" \/>\n\t<meta name=\"twitter:data1\" content=\"1 minuta\" \/>\n<script type=\"application\/ld+json\" class=\"yoast-schema-graph\">{\"@context\":\"https:\\\/\\\/schema.org\",\"@graph\":[{\"@type\":\"WebPage\",\"@id\":\"https:\\\/\\\/pans.krosno.pl\\\/pracownicy\\\/edyta-niziol-babiarz\\\/\",\"url\":\"https:\\\/\\\/pans.krosno.pl\\\/pracownicy\\\/edyta-niziol-babiarz\\\/\",\"name\":\"dr Edyta Nizio\u0142-Babiarz - Pracownicy PANS w Kro\u015bnie\",\"isPartOf\":{\"@id\":\"https:\\\/\\\/pans.krosno.pl\\\/pracownicy\\\/#website\"},\"datePublished\":\"2020-03-30T13:37:38+00:00\",\"dateModified\":\"2024-01-03T13:04:50+00:00\",\"breadcrumb\":{\"@id\":\"https:\\\/\\\/pans.krosno.pl\\\/pracownicy\\\/edyta-niziol-babiarz\\\/#breadcrumb\"},\"inLanguage\":\"pl-PL\",\"potentialAction\":[{\"@type\":\"ReadAction\",\"target\":[\"https:\\\/\\\/pans.krosno.pl\\\/pracownicy\\\/edyta-niziol-babiarz\\\/\"]}]},{\"@type\":\"BreadcrumbList\",\"@id\":\"https:\\\/\\\/pans.krosno.pl\\\/pracownicy\\\/edyta-niziol-babiarz\\\/#breadcrumb\",\"itemListElement\":[{\"@type\":\"ListItem\",\"position\":1,\"name\":\"Strona g\u0142\u00f3wna\",\"item\":\"https:\\\/\\\/pans.krosno.pl\\\/pracownicy\\\/\"},{\"@type\":\"ListItem\",\"position\":2,\"name\":\"dr Edyta Nizio\u0142-Babiarz\"}]},{\"@type\":\"WebSite\",\"@id\":\"https:\\\/\\\/pans.krosno.pl\\\/pracownicy\\\/#website\",\"url\":\"https:\\\/\\\/pans.krosno.pl\\\/pracownicy\\\/\",\"name\":\"Pracownicy PANS w Kro\u015bnie\",\"description\":\"Pracownicy - Pa\u0144stwowa Akademia Nauk Stosowanych\",\"publisher\":{\"@id\":\"https:\\\/\\\/pans.krosno.pl\\\/pracownicy\\\/#organization\"},\"potentialAction\":[{\"@type\":\"SearchAction\",\"target\":{\"@type\":\"EntryPoint\",\"urlTemplate\":\"https:\\\/\\\/pans.krosno.pl\\\/pracownicy\\\/?s={search_term_string}\"},\"query-input\":{\"@type\":\"PropertyValueSpecification\",\"valueRequired\":true,\"valueName\":\"search_term_string\"}}],\"inLanguage\":\"pl-PL\"},{\"@type\":\"Organization\",\"@id\":\"https:\\\/\\\/pans.krosno.pl\\\/pracownicy\\\/#organization\",\"name\":\"Pracownicy PANS w Kro\u015bnie\",\"url\":\"https:\\\/\\\/pans.krosno.pl\\\/pracownicy\\\/\",\"logo\":{\"@type\":\"ImageObject\",\"inLanguage\":\"pl-PL\",\"@id\":\"https:\\\/\\\/pans.krosno.pl\\\/pracownicy\\\/#\\\/schema\\\/logo\\\/image\\\/\",\"url\":\"https:\\\/\\\/pans.krosno.pl\\\/pracownicy\\\/wp-content\\\/uploads\\\/sites\\\/41\\\/2023\\\/01\\\/Logo-PANS-2022-pelne.png\",\"contentUrl\":\"https:\\\/\\\/pans.krosno.pl\\\/pracownicy\\\/wp-content\\\/uploads\\\/sites\\\/41\\\/2023\\\/01\\\/Logo-PANS-2022-pelne.png\",\"width\":3096,\"height\":696,\"caption\":\"Pracownicy PANS w Kro\u015bnie\"},\"image\":{\"@id\":\"https:\\\/\\\/pans.krosno.pl\\\/pracownicy\\\/#\\\/schema\\\/logo\\\/image\\\/\"}}]}<\/script>\n<!-- \/ Yoast SEO Premium plugin. -->","yoast_head_json":{"title":"dr Edyta Nizio\u0142-Babiarz - Pracownicy PANS w Kro\u015bnie","robots":{"index":"index","follow":"follow","max-snippet":"max-snippet:-1","max-image-preview":"max-image-preview:large","max-video-preview":"max-video-preview:-1"},"canonical":"https:\/\/pans.krosno.pl\/pracownicy\/edyta-niziol-babiarz\/","og_locale":"pl_PL","og_type":"article","og_title":"dr Edyta Nizio\u0142-Babiarz","og_description":"Zak\u0142ad Wychowania Fizycznego Jej dzia\u0142alno\u015b\u0107 naukowa zwi\u0105zana jest z czynnym udzia\u0142em w projektach wsp\u00f3\u0142pracy transgranicznej Polska-S\u0142owacja oraz Polska-Bia\u0142oru\u015b-Ukraina dotycz\u0105cych diagnostyki w sporcie oraz sprawno\u015bci fizycznej ukierunkowanej na zdrowie. Jest autorem i wsp\u00f3\u0142autorem 20 publikacji naukowych, oraz organizatorem konferencji naukowych i metodyczno-naukowych. W Pa\u0144stwowej Akademii Nauk Stosowanych w Kro\u015bnie prowadzi zaj\u0119cia [\u2026] Read More","og_url":"https:\/\/pans.krosno.pl\/pracownicy\/edyta-niziol-babiarz\/","og_site_name":"Pracownicy PANS w Kro\u015bnie","article_modified_time":"2024-01-03T13:04:50+00:00","twitter_card":"summary_large_image","twitter_misc":{"Szacowany czas czytania":"1 minuta"},"schema":{"@context":"https:\/\/schema.org","@graph":[{"@type":"WebPage","@id":"https:\/\/pans.krosno.pl\/pracownicy\/edyta-niziol-babiarz\/","url":"https:\/\/pans.krosno.pl\/pracownicy\/edyta-niziol-babiarz\/","name":"dr Edyta Nizio\u0142-Babiarz - Pracownicy PANS w Kro\u015bnie","isPartOf":{"@id":"https:\/\/pans.krosno.pl\/pracownicy\/#website"},"datePublished":"2020-03-30T13:37:38+00:00","dateModified":"2024-01-03T13:04:50+00:00","breadcrumb":{"@id":"https:\/\/pans.krosno.pl\/pracownicy\/edyta-niziol-babiarz\/#breadcrumb"},"inLanguage":"pl-PL","potentialAction":[{"@type":"ReadAction","target":["https:\/\/pans.krosno.pl\/pracownicy\/edyta-niziol-babiarz\/"]}]},{"@type":"BreadcrumbList","@id":"https:\/\/pans.krosno.pl\/pracownicy\/edyta-niziol-babiarz\/#breadcrumb","itemListElement":[{"@type":"ListItem","position":1,"name":"Strona g\u0142\u00f3wna","item":"https:\/\/pans.krosno.pl\/pracownicy\/"},{"@type":"ListItem","position":2,"name":"dr Edyta Nizio\u0142-Babiarz"}]},{"@type":"WebSite","@id":"https:\/\/pans.krosno.pl\/pracownicy\/#website","url":"https:\/\/pans.krosno.pl\/pracownicy\/","name":"Pracownicy PANS w Kro\u015bnie","description":"Pracownicy - Pa\u0144stwowa Akademia Nauk Stosowanych","publisher":{"@id":"https:\/\/pans.krosno.pl\/pracownicy\/#organization"},"potentialAction":[{"@type":"SearchAction","target":{"@type":"EntryPoint","urlTemplate":"https:\/\/pans.krosno.pl\/pracownicy\/?s={search_term_string}"},"query-input":{"@type":"PropertyValueSpecification","valueRequired":true,"valueName":"search_term_string"}}],"inLanguage":"pl-PL"},{"@type":"Organization","@id":"https:\/\/pans.krosno.pl\/pracownicy\/#organization","name":"Pracownicy PANS w Kro\u015bnie","url":"https:\/\/pans.krosno.pl\/pracownicy\/","logo":{"@type":"ImageObject","inLanguage":"pl-PL","@id":"https:\/\/pans.krosno.pl\/pracownicy\/#\/schema\/logo\/image\/","url":"https:\/\/pans.krosno.pl\/pracownicy\/wp-content\/uploads\/sites\/41\/2023\/01\/Logo-PANS-2022-pelne.png","contentUrl":"https:\/\/pans.krosno.pl\/pracownicy\/wp-content\/uploads\/sites\/41\/2023\/01\/Logo-PANS-2022-pelne.png","width":3096,"height":696,"caption":"Pracownicy PANS w Kro\u015bnie"},"image":{"@id":"https:\/\/pans.krosno.pl\/pracownicy\/#\/schema\/logo\/image\/"}}]}},"_links":{"self":[{"href":"https:\/\/pans.krosno.pl\/pracownicy\/wp-json\/wp\/v2\/pages\/649","targetHints":{"allow":["GET"]}}],"collection":[{"href":"https:\/\/pans.krosno.pl\/pracownicy\/wp-json\/wp\/v2\/pages"}],"about":[{"href":"https:\/\/pans.krosno.pl\/pracownicy\/wp-json\/wp\/v2\/types\/page"}],"author":[{"embeddable":true,"href":"https:\/\/pans.krosno.pl\/pracownicy\/wp-json\/wp\/v2\/users\/36"}],"replies":[{"embeddable":true,"href":"https:\/\/pans.krosno.pl\/pracownicy\/wp-json\/wp\/v2\/comments?post=649"}],"version-history":[{"count":10,"href":"https:\/\/pans.krosno.pl\/pracownicy\/wp-json\/wp\/v2\/pages\/649\/revisions"}],"predecessor-version":[{"id":10043,"href":"https:\/\/pans.krosno.pl\/pracownicy\/wp-json\/wp\/v2\/pages\/649\/revisions\/10043"}],"wp:attachment":[{"href":"https:\/\/pans.krosno.pl\/pracownicy\/wp-json\/wp\/v2\/media?parent=649"}],"curies":[{"name":"wp","href":"https:\/\/api.w.org\/{rel}","templated":true}]}}