{"id":638,"date":"2020-03-30T15:28:16","date_gmt":"2020-03-30T13:28:16","guid":{"rendered":"https:\/\/pans.krosno.pl\/pracownicy\/?page_id=638"},"modified":"2025-05-14T13:48:08","modified_gmt":"2025-05-14T11:48:08","slug":"wojciech-golab-doswiadczenie-pozauczelniane","status":"publish","type":"page","link":"https:\/\/pans.krosno.pl\/pracownicy\/wojciech-golab\/wojciech-golab-doswiadczenie-pozauczelniane\/","title":{"rendered":"dr Wojciech Go\u0142\u0105b &#8211; do\u015bwiadczenie pozauczelniane"},"content":{"rendered":"<hr>\n<p><strong>Do\u015bwiadczenie pozauczelniane<\/strong><\/p>\n<ul>\n<li>w 1990 r. &#8211; patent sternika jachtowego,<\/li>\n<li>w 1991 r. &#8211; instruktor \u017ceglarstwa,<\/li>\n<li>w 1991 r. &#8211; instruktor narciarstwa,<\/li>\n<li>w 1991 r. ratownik wodny WOPR,<\/li>\n<li>w 1991 r. &#8211; wychowawca dzieci i m\u0142odzie\u017cy,<\/li>\n<li>w 1992 r. &#8211; trener narciarstwa PZN,<\/li>\n<li>w 1992 r. &#8211; s\u0119dzia narciarski PZN,<\/li>\n<li>w 1992 r. &#8211; instruktor windsurfingu,<\/li>\n<li>w 1992 r. &#8211; instruktor p\u0142ywania,<\/li>\n<li>w 1992 r. &#8211; instruktor pi\u0142ki no\u017cnej,<\/li>\n<li>w 1992 r. &#8211; instruktor gimnastyki sportowej,<\/li>\n<li>w 1992 r. &#8211; instruktor lekkiej atletyki,<\/li>\n<li>w 1992 r. &#8211; patent sternika motorowodnego,<\/li>\n<li>w 2000 r. &#8211; pomocnik instruktora snowboardu,<\/li>\n<li>w 2004 r. &#8211; instruktor snowboardu,<\/li>\n<li>w 2005 r. &#8211; kierownik wycieczek szkolnych,<\/li>\n<li>w 2012 r. &#8211; instruktor strzelectwa sportowego,<\/li>\n<li>w 2019 r. &#8211; patent jachtowego sternika morskiego,<\/li>\n<li>Awans zawodowy: 2005 r. nauczyciel mianowany,<\/li>\n<li>w 2009 r. nauczyciel dyplomowany.<\/li>\n<\/ul>\n<p><strong>Zatrudnienie pozauczelniane<\/strong><\/p>\n<ul>\n<li>w okresie od 1997 do 1998 r. &#8211; Kierownik zmiany Intersport Polska,&nbsp;<\/li>\n<li>od 2002 r. &#8211; Nauczyciel i kierownik Dzia\u0142u Hobbystyczno &#8211; Rekreacyjnego,&nbsp;<\/li>\n<li>od 2018 r. Wicedyrektor MDK Dom Harcerza w Krakowie,<\/li>\n<li>od 2011 r. trener narciarstwa alpejskiego w SP nr 31 w Krakowie,<\/li>\n<li>od 2016 r. Wy\u017csza Szko\u0142a Turystyki i Ekologii w Such. Beskidzkiej,<\/li>\n<li>od 2016 r. cz\u0142onek komisji dyscyplinarnej dla nauczycieli przy Wojew\u00f3dztwie Ma\u0142opolskim.<\/li>\n<\/ul>\n<hr>\n<p>&nbsp;<\/p>\n","protected":false},"excerpt":{"rendered":"<p>Do\u015bwiadczenie pozauczelniane w 1990 r. &#8211; patent sternika jachtowego, w 1991 r. &#8211; instruktor \u017ceglarstwa, w 1991 r. &#8211; instruktor narciarstwa, w 1991 r. ratownik wodny WOPR, w 1991 r. &#8211; wychowawca dzieci i m\u0142odzie\u017cy, w 1992 r. &#8211; trener narciarstwa PZN, w 1992 r. &#8211; s\u0119dzia narciarski PZN, w [\u2026] <\/p>\n<div class=\"clear\"><\/div>\n<p><a class=\"more_link clearfix\" href=\"https:\/\/pans.krosno.pl\/pracownicy\/wojciech-golab\/wojciech-golab-doswiadczenie-pozauczelniane\/\" rel=\"nofollow\">Read More<\/a><\/p>\n","protected":false},"author":36,"featured_media":0,"parent":630,"menu_order":0,"comment_status":"closed","ping_status":"closed","template":"","meta":{"ngg_post_thumbnail":0,"footnotes":""},"class_list":["post-638","page","type-page","status-publish","hentry"],"yoast_head":"<!-- This site is optimized with the Yoast SEO Premium plugin v27.3 (Yoast SEO v27.3) - https:\/\/yoast.com\/product\/yoast-seo-premium-wordpress\/ -->\n<title>dr Wojciech Go\u0142\u0105b - do\u015bwiadczenie pozauczelniane - Pracownicy PANS w Kro\u015bnie<\/title>\n<meta name=\"robots\" content=\"index, follow, max-snippet:-1, max-image-preview:large, max-video-preview:-1\" \/>\n<link rel=\"canonical\" href=\"https:\/\/pans.krosno.pl\/pracownicy\/wojciech-golab\/wojciech-golab-doswiadczenie-pozauczelniane\/\" \/>\n<meta property=\"og:locale\" content=\"pl_PL\" \/>\n<meta property=\"og:type\" content=\"article\" \/>\n<meta property=\"og:title\" content=\"dr Wojciech Go\u0142\u0105b - do\u015bwiadczenie pozauczelniane\" \/>\n<meta property=\"og:description\" content=\"Do\u015bwiadczenie pozauczelniane w 1990 r. &#8211; patent sternika jachtowego, w 1991 r. &#8211; instruktor \u017ceglarstwa, w 1991 r. &#8211; instruktor narciarstwa, w 1991 r. ratownik wodny WOPR, w 1991 r. &#8211; wychowawca dzieci i m\u0142odzie\u017cy, w 1992 r. &#8211; trener narciarstwa PZN, w 1992 r. &#8211; s\u0119dzia narciarski PZN, w [\u2026] Read More\" \/>\n<meta property=\"og:url\" content=\"https:\/\/pans.krosno.pl\/pracownicy\/wojciech-golab\/wojciech-golab-doswiadczenie-pozauczelniane\/\" \/>\n<meta property=\"og:site_name\" content=\"Pracownicy PANS w Kro\u015bnie\" \/>\n<meta property=\"article:modified_time\" content=\"2025-05-14T11:48:08+00:00\" \/>\n<meta name=\"twitter:card\" content=\"summary_large_image\" \/>\n<meta name=\"twitter:label1\" content=\"Szacowany czas czytania\" \/>\n\t<meta name=\"twitter:data1\" content=\"2 minuty\" \/>\n<script type=\"application\/ld+json\" class=\"yoast-schema-graph\">{\"@context\":\"https:\\\/\\\/schema.org\",\"@graph\":[{\"@type\":\"WebPage\",\"@id\":\"https:\\\/\\\/pans.krosno.pl\\\/pracownicy\\\/wojciech-golab\\\/wojciech-golab-doswiadczenie-pozauczelniane\\\/\",\"url\":\"https:\\\/\\\/pans.krosno.pl\\\/pracownicy\\\/wojciech-golab\\\/wojciech-golab-doswiadczenie-pozauczelniane\\\/\",\"name\":\"dr Wojciech Go\u0142\u0105b - do\u015bwiadczenie pozauczelniane - Pracownicy PANS w Kro\u015bnie\",\"isPartOf\":{\"@id\":\"https:\\\/\\\/pans.krosno.pl\\\/pracownicy\\\/#website\"},\"datePublished\":\"2020-03-30T13:28:16+00:00\",\"dateModified\":\"2025-05-14T11:48:08+00:00\",\"breadcrumb\":{\"@id\":\"https:\\\/\\\/pans.krosno.pl\\\/pracownicy\\\/wojciech-golab\\\/wojciech-golab-doswiadczenie-pozauczelniane\\\/#breadcrumb\"},\"inLanguage\":\"pl-PL\",\"potentialAction\":[{\"@type\":\"ReadAction\",\"target\":[\"https:\\\/\\\/pans.krosno.pl\\\/pracownicy\\\/wojciech-golab\\\/wojciech-golab-doswiadczenie-pozauczelniane\\\/\"]}]},{\"@type\":\"BreadcrumbList\",\"@id\":\"https:\\\/\\\/pans.krosno.pl\\\/pracownicy\\\/wojciech-golab\\\/wojciech-golab-doswiadczenie-pozauczelniane\\\/#breadcrumb\",\"itemListElement\":[{\"@type\":\"ListItem\",\"position\":1,\"name\":\"Strona g\u0142\u00f3wna\",\"item\":\"https:\\\/\\\/pans.krosno.pl\\\/pracownicy\\\/\"},{\"@type\":\"ListItem\",\"position\":2,\"name\":\"dr Wojciech Go\u0142\u0105b\",\"item\":\"https:\\\/\\\/pans.krosno.pl\\\/pracownicy\\\/wojciech-golab\\\/\"},{\"@type\":\"ListItem\",\"position\":3,\"name\":\"dr Wojciech Go\u0142\u0105b &#8211; do\u015bwiadczenie pozauczelniane\"}]},{\"@type\":\"WebSite\",\"@id\":\"https:\\\/\\\/pans.krosno.pl\\\/pracownicy\\\/#website\",\"url\":\"https:\\\/\\\/pans.krosno.pl\\\/pracownicy\\\/\",\"name\":\"Pracownicy PANS w Kro\u015bnie\",\"description\":\"Pracownicy - Pa\u0144stwowa Akademia Nauk Stosowanych\",\"publisher\":{\"@id\":\"https:\\\/\\\/pans.krosno.pl\\\/pracownicy\\\/#organization\"},\"potentialAction\":[{\"@type\":\"SearchAction\",\"target\":{\"@type\":\"EntryPoint\",\"urlTemplate\":\"https:\\\/\\\/pans.krosno.pl\\\/pracownicy\\\/?s={search_term_string}\"},\"query-input\":{\"@type\":\"PropertyValueSpecification\",\"valueRequired\":true,\"valueName\":\"search_term_string\"}}],\"inLanguage\":\"pl-PL\"},{\"@type\":\"Organization\",\"@id\":\"https:\\\/\\\/pans.krosno.pl\\\/pracownicy\\\/#organization\",\"name\":\"Pracownicy PANS w Kro\u015bnie\",\"url\":\"https:\\\/\\\/pans.krosno.pl\\\/pracownicy\\\/\",\"logo\":{\"@type\":\"ImageObject\",\"inLanguage\":\"pl-PL\",\"@id\":\"https:\\\/\\\/pans.krosno.pl\\\/pracownicy\\\/#\\\/schema\\\/logo\\\/image\\\/\",\"url\":\"https:\\\/\\\/pans.krosno.pl\\\/pracownicy\\\/wp-content\\\/uploads\\\/sites\\\/41\\\/2023\\\/01\\\/Logo-PANS-2022-pelne.png\",\"contentUrl\":\"https:\\\/\\\/pans.krosno.pl\\\/pracownicy\\\/wp-content\\\/uploads\\\/sites\\\/41\\\/2023\\\/01\\\/Logo-PANS-2022-pelne.png\",\"width\":3096,\"height\":696,\"caption\":\"Pracownicy PANS w Kro\u015bnie\"},\"image\":{\"@id\":\"https:\\\/\\\/pans.krosno.pl\\\/pracownicy\\\/#\\\/schema\\\/logo\\\/image\\\/\"}}]}<\/script>\n<!-- \/ Yoast SEO Premium plugin. -->","yoast_head_json":{"title":"dr Wojciech Go\u0142\u0105b - do\u015bwiadczenie pozauczelniane - Pracownicy PANS w Kro\u015bnie","robots":{"index":"index","follow":"follow","max-snippet":"max-snippet:-1","max-image-preview":"max-image-preview:large","max-video-preview":"max-video-preview:-1"},"canonical":"https:\/\/pans.krosno.pl\/pracownicy\/wojciech-golab\/wojciech-golab-doswiadczenie-pozauczelniane\/","og_locale":"pl_PL","og_type":"article","og_title":"dr Wojciech Go\u0142\u0105b - do\u015bwiadczenie pozauczelniane","og_description":"Do\u015bwiadczenie pozauczelniane w 1990 r. &#8211; patent sternika jachtowego, w 1991 r. &#8211; instruktor \u017ceglarstwa, w 1991 r. &#8211; instruktor narciarstwa, w 1991 r. ratownik wodny WOPR, w 1991 r. &#8211; wychowawca dzieci i m\u0142odzie\u017cy, w 1992 r. &#8211; trener narciarstwa PZN, w 1992 r. &#8211; s\u0119dzia narciarski PZN, w [\u2026] Read More","og_url":"https:\/\/pans.krosno.pl\/pracownicy\/wojciech-golab\/wojciech-golab-doswiadczenie-pozauczelniane\/","og_site_name":"Pracownicy PANS w Kro\u015bnie","article_modified_time":"2025-05-14T11:48:08+00:00","twitter_card":"summary_large_image","twitter_misc":{"Szacowany czas czytania":"2 minuty"},"schema":{"@context":"https:\/\/schema.org","@graph":[{"@type":"WebPage","@id":"https:\/\/pans.krosno.pl\/pracownicy\/wojciech-golab\/wojciech-golab-doswiadczenie-pozauczelniane\/","url":"https:\/\/pans.krosno.pl\/pracownicy\/wojciech-golab\/wojciech-golab-doswiadczenie-pozauczelniane\/","name":"dr Wojciech Go\u0142\u0105b - do\u015bwiadczenie pozauczelniane - Pracownicy PANS w Kro\u015bnie","isPartOf":{"@id":"https:\/\/pans.krosno.pl\/pracownicy\/#website"},"datePublished":"2020-03-30T13:28:16+00:00","dateModified":"2025-05-14T11:48:08+00:00","breadcrumb":{"@id":"https:\/\/pans.krosno.pl\/pracownicy\/wojciech-golab\/wojciech-golab-doswiadczenie-pozauczelniane\/#breadcrumb"},"inLanguage":"pl-PL","potentialAction":[{"@type":"ReadAction","target":["https:\/\/pans.krosno.pl\/pracownicy\/wojciech-golab\/wojciech-golab-doswiadczenie-pozauczelniane\/"]}]},{"@type":"BreadcrumbList","@id":"https:\/\/pans.krosno.pl\/pracownicy\/wojciech-golab\/wojciech-golab-doswiadczenie-pozauczelniane\/#breadcrumb","itemListElement":[{"@type":"ListItem","position":1,"name":"Strona g\u0142\u00f3wna","item":"https:\/\/pans.krosno.pl\/pracownicy\/"},{"@type":"ListItem","position":2,"name":"dr Wojciech Go\u0142\u0105b","item":"https:\/\/pans.krosno.pl\/pracownicy\/wojciech-golab\/"},{"@type":"ListItem","position":3,"name":"dr Wojciech Go\u0142\u0105b &#8211; do\u015bwiadczenie pozauczelniane"}]},{"@type":"WebSite","@id":"https:\/\/pans.krosno.pl\/pracownicy\/#website","url":"https:\/\/pans.krosno.pl\/pracownicy\/","name":"Pracownicy PANS w Kro\u015bnie","description":"Pracownicy - Pa\u0144stwowa Akademia Nauk Stosowanych","publisher":{"@id":"https:\/\/pans.krosno.pl\/pracownicy\/#organization"},"potentialAction":[{"@type":"SearchAction","target":{"@type":"EntryPoint","urlTemplate":"https:\/\/pans.krosno.pl\/pracownicy\/?s={search_term_string}"},"query-input":{"@type":"PropertyValueSpecification","valueRequired":true,"valueName":"search_term_string"}}],"inLanguage":"pl-PL"},{"@type":"Organization","@id":"https:\/\/pans.krosno.pl\/pracownicy\/#organization","name":"Pracownicy PANS w Kro\u015bnie","url":"https:\/\/pans.krosno.pl\/pracownicy\/","logo":{"@type":"ImageObject","inLanguage":"pl-PL","@id":"https:\/\/pans.krosno.pl\/pracownicy\/#\/schema\/logo\/image\/","url":"https:\/\/pans.krosno.pl\/pracownicy\/wp-content\/uploads\/sites\/41\/2023\/01\/Logo-PANS-2022-pelne.png","contentUrl":"https:\/\/pans.krosno.pl\/pracownicy\/wp-content\/uploads\/sites\/41\/2023\/01\/Logo-PANS-2022-pelne.png","width":3096,"height":696,"caption":"Pracownicy PANS w Kro\u015bnie"},"image":{"@id":"https:\/\/pans.krosno.pl\/pracownicy\/#\/schema\/logo\/image\/"}}]}},"_links":{"self":[{"href":"https:\/\/pans.krosno.pl\/pracownicy\/wp-json\/wp\/v2\/pages\/638","targetHints":{"allow":["GET"]}}],"collection":[{"href":"https:\/\/pans.krosno.pl\/pracownicy\/wp-json\/wp\/v2\/pages"}],"about":[{"href":"https:\/\/pans.krosno.pl\/pracownicy\/wp-json\/wp\/v2\/types\/page"}],"author":[{"embeddable":true,"href":"https:\/\/pans.krosno.pl\/pracownicy\/wp-json\/wp\/v2\/users\/36"}],"replies":[{"embeddable":true,"href":"https:\/\/pans.krosno.pl\/pracownicy\/wp-json\/wp\/v2\/comments?post=638"}],"version-history":[{"count":9,"href":"https:\/\/pans.krosno.pl\/pracownicy\/wp-json\/wp\/v2\/pages\/638\/revisions"}],"predecessor-version":[{"id":7987,"href":"https:\/\/pans.krosno.pl\/pracownicy\/wp-json\/wp\/v2\/pages\/638\/revisions\/7987"}],"up":[{"embeddable":true,"href":"https:\/\/pans.krosno.pl\/pracownicy\/wp-json\/wp\/v2\/pages\/630"}],"wp:attachment":[{"href":"https:\/\/pans.krosno.pl\/pracownicy\/wp-json\/wp\/v2\/media?parent=638"}],"curies":[{"name":"wp","href":"https:\/\/api.w.org\/{rel}","templated":true}]}}