{"id":625,"date":"2020-03-30T15:00:32","date_gmt":"2020-03-30T13:00:32","guid":{"rendered":"https:\/\/pans.krosno.pl\/pracownicy\/?page_id=625"},"modified":"2025-05-14T12:56:06","modified_gmt":"2025-05-14T10:56:06","slug":"slawomir-drozd-najwazniejsze-publikacje","status":"publish","type":"page","link":"https:\/\/pans.krosno.pl\/pracownicy\/slawomir-drozd\/slawomir-drozd-najwazniejsze-publikacje\/","title":{"rendered":"dr hab. S\u0142awomir Drozd, prof. PANS &#8211; Najwa\u017cniejsze publikacje"},"content":{"rendered":"<hr>\n<ol>\n<li>Marian Rzepko, S\u0142awomir Drozd, Patrycja \u017begle\u0144, Pawe\u0142 Kr\u00f3l, Wojciech Bajorek, Wojciech Czarny. Tytu\u0142: The Effect of Training Experience on Postural Control in Competitive Wrestlers. \u0179r\u00f3d\u0142o: Journal of Human Kinetics. &#8211; 2019, Vol. 70, s. 39-45, bibliogr., streszcz. ang. Wska\u017anik Impact Factor ISI: 1.414. Punktacja MNiSW: 140.000.<\/li>\n<li>Zofia Ignasiak, Teresa S\u0142awi\u0144ska, Anna Skrzek, S\u0142awomir Kozie\u0142, S\u0142awomir Drozd, Robert Czaja, Artur P\u0142onka, Anna Sebastjan, Tomasz Ignasiak. Tytu\u0142: Comparison of functional physical fitness between migrants and non-migrants in Poland. \u0179r\u00f3d\u0142o: Collegium Antropologicum. &#8211; 2018, Vol. 42, iss. 4, s. 249-255, abstr., bibliogr. Punktacja MNiSW: 25.000.<\/li>\n<li>Maciej Bro\u017cyna, \u0141ukasz Godek, Maciej \u015ali\u017c, Monika Drozd, S\u0142awomir Drozd, Marta Niewczas. Tytu\u0142: Budowa somatyczna, sprawno\u015b\u0107 fizyczna i charakterystyka sposobu od\u017cywiania dzieci i m\u0142odzie\u017cy z powiatu bieszczadzkiego. Adres wydawniczy: Rzesz\u00f3w : Wydawnictwo Amelia Aneta Siewiorek, 2017. Punktacja MNiSW: 20.000.<\/li>\n<li>Marian Rzepko, Monika Drozd, S\u0142awomir Drozd, Wojciech Bajorek, Piotr Kunysz. Tytu\u0142: Uczestnictwo w turystyce i rekreacji ruchowej os\u00f3b starszych &#8211; mieszka\u0144c\u00f3w Rzeszowa. \u0179r\u00f3d\u0142o: Handel Wewn\u0119trzny. &#8211; 2017, nr 4, t. 2, s. 206-219, bibliogr., streszcz. ang., pol., ros. Uwagi: Tyt. ang.: Participation in Tourism and Physical Recreation of Elderly People Rzesz\u00f3w Inhabitants. Punktacja MNiSW: 12.000.<\/li>\n<li>S\u0142awomir Drozd, Pawe\u0142 Kr\u00f3l, Micha\u0142 Sarna, Kamil Kr\u00f3l, Bart\u0142omiej Piotr Czarnota, Marian Rzepko. Tytu\u0142: Evaluation of the ability to keep the balance in ski training of students of the Rzesz\u00f3w university. J\u0119zyk publikacji: ENG. Punktacja MNiSW: 3.000.<\/li>\n<li>Marian Rzepko, S\u0142awomir Drozd, Pawe\u0142 Kr\u00f3l, Wojciech Bajorek, Wojciech Czarny, Wies\u0142aw B\u0142ach, Antonio Francisco Almeida Cardoso. Tytu\u0142: Importance of visualization to postural stability in amateur boxers. \u0179r\u00f3d\u0142o: Ido Movement for Culture. Journal of Martial Arts Anthropology. &#8211; 2014, Vol. 14, no. 1-4, s. 195-200, bibliogr., streszcz. ang., pol. Uwagi: Tyt. w j. pol.: Znaczenie wizualizacji w stabilno\u015bci postawy os\u00f3b trenuj\u0105cych boks amatorski ; Punktacja MNiSW: 10.000.<\/li>\n<li>S\u0142awomir Drozd. Tytu\u0142: Analiza trafno\u015bci i rzetelno\u015bci wybranych test\u00f3w do oceny sprawno\u015bci motorycznej z uwzgl\u0119dnieniem budowy somatycznej kobiet i m\u0119\u017cczyzn w wieku 16-24 lat. Adres wydawniczy: Rzesz\u00f3w : Wydawnictwo Uniwersytetu Rzeszowskiego, 2010. J\u0119zyk publikacji: POL. Punktacja MNiSW: 12.000.<\/li>\n<li>S\u0142awomir Drozd, Maciej Bro\u017cyna, Joanna Dudek. Tytu\u0142: Ocena stanu wiedzy student\u00f3w z zakresu standard\u00f3w prowadzenia podstawowych zabieg\u00f3w resuscytacyjnych (BLS) i automatycznej defibrylacji zewn\u0119trznej (AED). \u0179r\u00f3d\u0142o: W :Aktywno\u015b\u0107 przez ca\u0142e \u017cycie : zdrowie i sprawno\u015b\u0107 student\u00f3w pod kontrol\u0105=Aktivita po\u010das cel\u00e9ho \u017eivota : zdravie a zdatnos&#8217; \u0161tudentov pod kontrolou \/ red. Zbigniew Barabasz, Emilian Zadarko. Adres wydawniczy: Krosno : Pa\u0144stwowa Wy\u017csza Szko\u0142a Zawodowa w Kro\u015bnie, 2010. Punktacja MNiSW: 0.92.<\/li>\n<\/ol>\n<hr>\n<p>&nbsp;<\/p>\n","protected":false},"excerpt":{"rendered":"<p>Marian Rzepko, S\u0142awomir Drozd, Patrycja \u017begle\u0144, Pawe\u0142 Kr\u00f3l, Wojciech Bajorek, Wojciech Czarny. Tytu\u0142: The Effect of Training Experience on Postural Control in Competitive Wrestlers. \u0179r\u00f3d\u0142o: Journal of Human Kinetics. &#8211; 2019, Vol. 70, s. 39-45, bibliogr., streszcz. ang. Wska\u017anik Impact Factor ISI: 1.414. Punktacja MNiSW: 140.000. Zofia Ignasiak, Teresa S\u0142awi\u0144ska, [\u2026] <\/p>\n<div class=\"clear\"><\/div>\n<p><a class=\"more_link clearfix\" href=\"https:\/\/pans.krosno.pl\/pracownicy\/slawomir-drozd\/slawomir-drozd-najwazniejsze-publikacje\/\" rel=\"nofollow\">Read More<\/a><\/p>\n","protected":false},"author":36,"featured_media":0,"parent":613,"menu_order":0,"comment_status":"closed","ping_status":"closed","template":"","meta":{"ngg_post_thumbnail":0,"footnotes":""},"class_list":["post-625","page","type-page","status-publish","hentry"],"yoast_head":"<!-- This site is optimized with the Yoast SEO Premium plugin v27.3 (Yoast SEO v27.3) - https:\/\/yoast.com\/product\/yoast-seo-premium-wordpress\/ -->\n<title>dr hab. S\u0142awomir Drozd, prof. PANS - Najwa\u017cniejsze publikacje - Pracownicy PANS w Kro\u015bnie<\/title>\n<meta name=\"robots\" content=\"index, follow, max-snippet:-1, max-image-preview:large, max-video-preview:-1\" \/>\n<link rel=\"canonical\" href=\"https:\/\/pans.krosno.pl\/pracownicy\/slawomir-drozd\/slawomir-drozd-najwazniejsze-publikacje\/\" \/>\n<meta property=\"og:locale\" content=\"pl_PL\" \/>\n<meta property=\"og:type\" content=\"article\" \/>\n<meta property=\"og:title\" content=\"dr hab. S\u0142awomir Drozd, prof. PANS - Najwa\u017cniejsze publikacje\" \/>\n<meta property=\"og:description\" content=\"Marian Rzepko, S\u0142awomir Drozd, Patrycja \u017begle\u0144, Pawe\u0142 Kr\u00f3l, Wojciech Bajorek, Wojciech Czarny. Tytu\u0142: The Effect of Training Experience on Postural Control in Competitive Wrestlers. \u0179r\u00f3d\u0142o: Journal of Human Kinetics. &#8211; 2019, Vol. 70, s. 39-45, bibliogr., streszcz. ang. Wska\u017anik Impact Factor ISI: 1.414. Punktacja MNiSW: 140.000. Zofia Ignasiak, Teresa S\u0142awi\u0144ska, [\u2026] Read More\" \/>\n<meta property=\"og:url\" content=\"https:\/\/pans.krosno.pl\/pracownicy\/slawomir-drozd\/slawomir-drozd-najwazniejsze-publikacje\/\" \/>\n<meta property=\"og:site_name\" content=\"Pracownicy PANS w Kro\u015bnie\" \/>\n<meta property=\"article:modified_time\" content=\"2025-05-14T10:56:06+00:00\" \/>\n<meta name=\"twitter:card\" content=\"summary_large_image\" \/>\n<meta name=\"twitter:label1\" content=\"Szacowany czas czytania\" \/>\n\t<meta name=\"twitter:data1\" content=\"3 minuty\" \/>\n<script type=\"application\/ld+json\" class=\"yoast-schema-graph\">{\"@context\":\"https:\\\/\\\/schema.org\",\"@graph\":[{\"@type\":\"WebPage\",\"@id\":\"https:\\\/\\\/pans.krosno.pl\\\/pracownicy\\\/slawomir-drozd\\\/slawomir-drozd-najwazniejsze-publikacje\\\/\",\"url\":\"https:\\\/\\\/pans.krosno.pl\\\/pracownicy\\\/slawomir-drozd\\\/slawomir-drozd-najwazniejsze-publikacje\\\/\",\"name\":\"dr hab. S\u0142awomir Drozd, prof. PANS - Najwa\u017cniejsze publikacje - Pracownicy PANS w Kro\u015bnie\",\"isPartOf\":{\"@id\":\"https:\\\/\\\/pans.krosno.pl\\\/pracownicy\\\/#website\"},\"datePublished\":\"2020-03-30T13:00:32+00:00\",\"dateModified\":\"2025-05-14T10:56:06+00:00\",\"breadcrumb\":{\"@id\":\"https:\\\/\\\/pans.krosno.pl\\\/pracownicy\\\/slawomir-drozd\\\/slawomir-drozd-najwazniejsze-publikacje\\\/#breadcrumb\"},\"inLanguage\":\"pl-PL\",\"potentialAction\":[{\"@type\":\"ReadAction\",\"target\":[\"https:\\\/\\\/pans.krosno.pl\\\/pracownicy\\\/slawomir-drozd\\\/slawomir-drozd-najwazniejsze-publikacje\\\/\"]}]},{\"@type\":\"BreadcrumbList\",\"@id\":\"https:\\\/\\\/pans.krosno.pl\\\/pracownicy\\\/slawomir-drozd\\\/slawomir-drozd-najwazniejsze-publikacje\\\/#breadcrumb\",\"itemListElement\":[{\"@type\":\"ListItem\",\"position\":1,\"name\":\"Strona g\u0142\u00f3wna\",\"item\":\"https:\\\/\\\/pans.krosno.pl\\\/pracownicy\\\/\"},{\"@type\":\"ListItem\",\"position\":2,\"name\":\"dr hab. S\u0142awomir Drozd, prof. PANS\",\"item\":\"https:\\\/\\\/pans.krosno.pl\\\/pracownicy\\\/slawomir-drozd\\\/\"},{\"@type\":\"ListItem\",\"position\":3,\"name\":\"dr hab. S\u0142awomir Drozd, prof. PANS &#8211; Najwa\u017cniejsze publikacje\"}]},{\"@type\":\"WebSite\",\"@id\":\"https:\\\/\\\/pans.krosno.pl\\\/pracownicy\\\/#website\",\"url\":\"https:\\\/\\\/pans.krosno.pl\\\/pracownicy\\\/\",\"name\":\"Pracownicy PANS w Kro\u015bnie\",\"description\":\"Pracownicy - Pa\u0144stwowa Akademia Nauk Stosowanych\",\"publisher\":{\"@id\":\"https:\\\/\\\/pans.krosno.pl\\\/pracownicy\\\/#organization\"},\"potentialAction\":[{\"@type\":\"SearchAction\",\"target\":{\"@type\":\"EntryPoint\",\"urlTemplate\":\"https:\\\/\\\/pans.krosno.pl\\\/pracownicy\\\/?s={search_term_string}\"},\"query-input\":{\"@type\":\"PropertyValueSpecification\",\"valueRequired\":true,\"valueName\":\"search_term_string\"}}],\"inLanguage\":\"pl-PL\"},{\"@type\":\"Organization\",\"@id\":\"https:\\\/\\\/pans.krosno.pl\\\/pracownicy\\\/#organization\",\"name\":\"Pracownicy PANS w Kro\u015bnie\",\"url\":\"https:\\\/\\\/pans.krosno.pl\\\/pracownicy\\\/\",\"logo\":{\"@type\":\"ImageObject\",\"inLanguage\":\"pl-PL\",\"@id\":\"https:\\\/\\\/pans.krosno.pl\\\/pracownicy\\\/#\\\/schema\\\/logo\\\/image\\\/\",\"url\":\"https:\\\/\\\/pans.krosno.pl\\\/pracownicy\\\/wp-content\\\/uploads\\\/sites\\\/41\\\/2023\\\/01\\\/Logo-PANS-2022-pelne.png\",\"contentUrl\":\"https:\\\/\\\/pans.krosno.pl\\\/pracownicy\\\/wp-content\\\/uploads\\\/sites\\\/41\\\/2023\\\/01\\\/Logo-PANS-2022-pelne.png\",\"width\":3096,\"height\":696,\"caption\":\"Pracownicy PANS w Kro\u015bnie\"},\"image\":{\"@id\":\"https:\\\/\\\/pans.krosno.pl\\\/pracownicy\\\/#\\\/schema\\\/logo\\\/image\\\/\"}}]}<\/script>\n<!-- \/ Yoast SEO Premium plugin. -->","yoast_head_json":{"title":"dr hab. S\u0142awomir Drozd, prof. PANS - Najwa\u017cniejsze publikacje - Pracownicy PANS w Kro\u015bnie","robots":{"index":"index","follow":"follow","max-snippet":"max-snippet:-1","max-image-preview":"max-image-preview:large","max-video-preview":"max-video-preview:-1"},"canonical":"https:\/\/pans.krosno.pl\/pracownicy\/slawomir-drozd\/slawomir-drozd-najwazniejsze-publikacje\/","og_locale":"pl_PL","og_type":"article","og_title":"dr hab. S\u0142awomir Drozd, prof. PANS - Najwa\u017cniejsze publikacje","og_description":"Marian Rzepko, S\u0142awomir Drozd, Patrycja \u017begle\u0144, Pawe\u0142 Kr\u00f3l, Wojciech Bajorek, Wojciech Czarny. Tytu\u0142: The Effect of Training Experience on Postural Control in Competitive Wrestlers. \u0179r\u00f3d\u0142o: Journal of Human Kinetics. &#8211; 2019, Vol. 70, s. 39-45, bibliogr., streszcz. ang. Wska\u017anik Impact Factor ISI: 1.414. Punktacja MNiSW: 140.000. Zofia Ignasiak, Teresa S\u0142awi\u0144ska, [\u2026] Read More","og_url":"https:\/\/pans.krosno.pl\/pracownicy\/slawomir-drozd\/slawomir-drozd-najwazniejsze-publikacje\/","og_site_name":"Pracownicy PANS w Kro\u015bnie","article_modified_time":"2025-05-14T10:56:06+00:00","twitter_card":"summary_large_image","twitter_misc":{"Szacowany czas czytania":"3 minuty"},"schema":{"@context":"https:\/\/schema.org","@graph":[{"@type":"WebPage","@id":"https:\/\/pans.krosno.pl\/pracownicy\/slawomir-drozd\/slawomir-drozd-najwazniejsze-publikacje\/","url":"https:\/\/pans.krosno.pl\/pracownicy\/slawomir-drozd\/slawomir-drozd-najwazniejsze-publikacje\/","name":"dr hab. S\u0142awomir Drozd, prof. PANS - Najwa\u017cniejsze publikacje - Pracownicy PANS w Kro\u015bnie","isPartOf":{"@id":"https:\/\/pans.krosno.pl\/pracownicy\/#website"},"datePublished":"2020-03-30T13:00:32+00:00","dateModified":"2025-05-14T10:56:06+00:00","breadcrumb":{"@id":"https:\/\/pans.krosno.pl\/pracownicy\/slawomir-drozd\/slawomir-drozd-najwazniejsze-publikacje\/#breadcrumb"},"inLanguage":"pl-PL","potentialAction":[{"@type":"ReadAction","target":["https:\/\/pans.krosno.pl\/pracownicy\/slawomir-drozd\/slawomir-drozd-najwazniejsze-publikacje\/"]}]},{"@type":"BreadcrumbList","@id":"https:\/\/pans.krosno.pl\/pracownicy\/slawomir-drozd\/slawomir-drozd-najwazniejsze-publikacje\/#breadcrumb","itemListElement":[{"@type":"ListItem","position":1,"name":"Strona g\u0142\u00f3wna","item":"https:\/\/pans.krosno.pl\/pracownicy\/"},{"@type":"ListItem","position":2,"name":"dr hab. S\u0142awomir Drozd, prof. PANS","item":"https:\/\/pans.krosno.pl\/pracownicy\/slawomir-drozd\/"},{"@type":"ListItem","position":3,"name":"dr hab. S\u0142awomir Drozd, prof. PANS &#8211; Najwa\u017cniejsze publikacje"}]},{"@type":"WebSite","@id":"https:\/\/pans.krosno.pl\/pracownicy\/#website","url":"https:\/\/pans.krosno.pl\/pracownicy\/","name":"Pracownicy PANS w Kro\u015bnie","description":"Pracownicy - Pa\u0144stwowa Akademia Nauk Stosowanych","publisher":{"@id":"https:\/\/pans.krosno.pl\/pracownicy\/#organization"},"potentialAction":[{"@type":"SearchAction","target":{"@type":"EntryPoint","urlTemplate":"https:\/\/pans.krosno.pl\/pracownicy\/?s={search_term_string}"},"query-input":{"@type":"PropertyValueSpecification","valueRequired":true,"valueName":"search_term_string"}}],"inLanguage":"pl-PL"},{"@type":"Organization","@id":"https:\/\/pans.krosno.pl\/pracownicy\/#organization","name":"Pracownicy PANS w Kro\u015bnie","url":"https:\/\/pans.krosno.pl\/pracownicy\/","logo":{"@type":"ImageObject","inLanguage":"pl-PL","@id":"https:\/\/pans.krosno.pl\/pracownicy\/#\/schema\/logo\/image\/","url":"https:\/\/pans.krosno.pl\/pracownicy\/wp-content\/uploads\/sites\/41\/2023\/01\/Logo-PANS-2022-pelne.png","contentUrl":"https:\/\/pans.krosno.pl\/pracownicy\/wp-content\/uploads\/sites\/41\/2023\/01\/Logo-PANS-2022-pelne.png","width":3096,"height":696,"caption":"Pracownicy PANS w Kro\u015bnie"},"image":{"@id":"https:\/\/pans.krosno.pl\/pracownicy\/#\/schema\/logo\/image\/"}}]}},"_links":{"self":[{"href":"https:\/\/pans.krosno.pl\/pracownicy\/wp-json\/wp\/v2\/pages\/625","targetHints":{"allow":["GET"]}}],"collection":[{"href":"https:\/\/pans.krosno.pl\/pracownicy\/wp-json\/wp\/v2\/pages"}],"about":[{"href":"https:\/\/pans.krosno.pl\/pracownicy\/wp-json\/wp\/v2\/types\/page"}],"author":[{"embeddable":true,"href":"https:\/\/pans.krosno.pl\/pracownicy\/wp-json\/wp\/v2\/users\/36"}],"replies":[{"embeddable":true,"href":"https:\/\/pans.krosno.pl\/pracownicy\/wp-json\/wp\/v2\/comments?post=625"}],"version-history":[{"count":7,"href":"https:\/\/pans.krosno.pl\/pracownicy\/wp-json\/wp\/v2\/pages\/625\/revisions"}],"predecessor-version":[{"id":9333,"href":"https:\/\/pans.krosno.pl\/pracownicy\/wp-json\/wp\/v2\/pages\/625\/revisions\/9333"}],"up":[{"embeddable":true,"href":"https:\/\/pans.krosno.pl\/pracownicy\/wp-json\/wp\/v2\/pages\/613"}],"wp:attachment":[{"href":"https:\/\/pans.krosno.pl\/pracownicy\/wp-json\/wp\/v2\/media?parent=625"}],"curies":[{"name":"wp","href":"https:\/\/api.w.org\/{rel}","templated":true}]}}