{"id":606,"date":"2020-03-30T12:38:09","date_gmt":"2020-03-30T10:38:09","guid":{"rendered":"https:\/\/pans.krosno.pl\/pracownicy\/?page_id=606"},"modified":"2025-05-14T13:41:38","modified_gmt":"2025-05-14T11:41:38","slug":"krzysztof-fraczek-najwazniejsze-publikacje","status":"publish","type":"page","link":"https:\/\/pans.krosno.pl\/pracownicy\/krzysztof-fraczek\/krzysztof-fraczek-najwazniejsze-publikacje\/","title":{"rendered":"dr Krzysztof Fr\u0105czek &#8211; Najwa\u017cniejsze publikacje"},"content":{"rendered":"<hr>\n<p><strong>Ksi\u0105\u017cki<\/strong><\/p>\n<ol>\n<li>Krzysztof Fr\u0105czek (2010):&nbsp; Pi\u0142ka siatkowa. Technika. Metodyka nauczania. Przyk\u0142ady \u0107wicze\u0144. Prace Naukowo- Dydaktyczne Pa\u0144stwowej Wy\u017cszej Szko\u0142y Zawodowej w Kro\u015bnie. Zeszyt 48.<\/li>\n<li>Krzysztof Fr\u0105czek (2012):&nbsp; Przygotowanie motoryczne siatkarza. Prace Naukowo- Dydaktyczne Pa\u0144stwowej Wy\u017cszej Szko\u0142y Zawodowej w Kro\u015bnie.<\/li>\n<li>Krzysztof Fr\u0105czek (2020): Taktyka gry w pi\u0142k\u0119 siatkow\u0105. Prace Naukowo- Dydaktyczne Pa\u0144stwowej Wy\u017cszej Szko\u0142y Zawodowej w Kro\u015bnie.&nbsp;&nbsp;<\/li>\n<li>Krzysztof Fr\u0105czek (2024): Pi\u0142ka siatkowa w praktyce. Atlas \u0107wicze\u0144 techniczno-taktycznych. Instytut Naukowo-Wydawniczy Spatium.<\/li>\n<\/ol>\n<p><strong>Wybrane artyku\u0142y<\/strong><\/p>\n<ol>\n<li>Krzysztof Fr\u0105czek, Tomasz Klocek, Micha\u0142 Spieszny (2007): Motor abilities as predispositions of volleyball skills, at students of the SHV School in Krosno. (W): International Scientific Society of Sport Games. Monograph Nr 10. Training of Ball Games for Children and Youth. Wroc\u0142aw.<\/li>\n<li>Krzysztof Fr\u0105czek, Andrzej Kowal (2007): Znaczenie, struktura i kszta\u0142towanie zdolno\u015bci koordynacyjnych. (W): Miejsce i rola wychowania fizycznego po reformie systemu edukacji. Prace Naukowo- Dydaktyczne Pa\u0144stwowej Wy\u017cszej Szko\u0142y Zawodowej w Kro\u015bnie. Zeszyt 25. Krosno.<\/li>\n<li>Krzysztof Fr\u0105czek (2009): Wp\u0142yw specjalnych \u0107wicze\u0144 koordynacyjnych na post\u0119py w opanowaniu podstawowych umiej\u0119tno\u015bci siatkarskich. (W): Akademicka kultura fizyczna na prze\u0142omie stuleci. Tom 3. Sprawno\u015b\u0107 fizyczna. Uniwersytet Rzeszowski. Rzesz\u00f3w.<\/li>\n<li>Krzysztof Fr\u0105czek (2009):&nbsp; Analiza poziomu wybranych parametr\u00f3w morfo- funkcjonalnych w aspekcie skuteczno\u015bci gry siatkarzy II ligi na przyk\u0142adzie dru\u017cyny AZS Karpaty Krosno. (W):Wybrane zagadnienia z teorii sportu. Prace Naukowo- Dydaktyczne Pa\u0144stwowej Wy\u017cszej Szko\u0142y Zawodowej w Kro\u015bnie. Zeszyt 42.<\/li>\n<li>Krzysztof Fr\u0105czek (2011): Pi\u0142ka siatkowa w szkole podstawowej- propozycja tre\u015bci nauczania. Og\u00f3lnopolska konferencja naukowa: \u201eWychowanie fizyczne w reformie programowej systemu edukacji. Prace naukowo- dydaktyczne Pa\u0144stwowej Wy\u017cszej Szko\u0142y Zawodowej w Kro\u015bnie.<\/li>\n<li>Krzysztof Fr\u0105czek (2011): Wp\u0142yw poziomu koordynacyjnych zdolno\u015bci motorycznych zawodnik\u00f3w na skuteczno\u015b\u0107 gry w pi\u0142k\u0119 siatkow\u0105. Sport Wyczynowy. Nr 3. COS Warszawa.<\/li>\n<li>Krzysztof Fr\u0105czek, Z. Barabasz, E. Zadarko 2013: Zwi\u0105zek podstawowych element\u00f3w techniki i skuteczno\u015bci gry w mini siatk\u00f3wk\u0119 z poziomem wybranych wska\u017anik\u00f3w zdolno\u015bci motorycznych.W: Diagnostyka w sporcie. PWSZ Krosno, Presowska Univerzita w Presove.<\/li>\n<li>Krzysztof Fr\u0105czek, Z. Barabasz, E. Zadarko 2013: Correlation of basic elements of technique and playing efficiency in mini- volleyball and selected parameters of motor abilities. W:Acta Facultatis exerciationis corporis universitatis Presoviensis. Nr 3, 2013.Faculty of Sports&lt; University of Presov in Presov.<\/li>\n<li>Krzysztof Fr\u0105czek, Zbigniew Barabasz, Mariusz Ozimek, Maria Zadarko-Domaradzka, Katarzyna Studnicka, Agnieszka Kijowska, Emilian Zadarko (2018): Assessment of anaerobic abilities of volleyball players by means of the repeated-effort test. Scientific Review of Physical Culture.&nbsp; Volume 8, issue 4.Uniwersytet Rzeszowski. Rzesz\u00f3w.<\/li>\n<li>Krzysztof Fr\u0105czek, Emilian Zadarko , Zbigniew Barabasz,, Mariusz Ozimek,&nbsp; Jan Junger (2018): Powt\u00f3rzeniowy test wysi\u0142kowy( repeted-effort test) w ocenie przygotowania motorycznego siatkarzy na przyk\u0142adzie i ligowej dru\u017cyny m\u0119\u017cczyzn TSV Sanok. Mi\u0119dzynarodowa Konferencja Naukowa Sport rekreacyjny, zdrowie, jako\u015b\u0107 \u017cycia. Kosice.<\/li>\n<\/ol>\n<hr>\n<p>&nbsp;<\/p>\n","protected":false},"excerpt":{"rendered":"<p>Ksi\u0105\u017cki Krzysztof Fr\u0105czek (2010):&nbsp; Pi\u0142ka siatkowa. Technika. Metodyka nauczania. Przyk\u0142ady \u0107wicze\u0144. Prace Naukowo- Dydaktyczne Pa\u0144stwowej Wy\u017cszej Szko\u0142y Zawodowej w Kro\u015bnie. Zeszyt 48. Krzysztof Fr\u0105czek (2012):&nbsp; Przygotowanie motoryczne siatkarza. Prace Naukowo- Dydaktyczne Pa\u0144stwowej Wy\u017cszej Szko\u0142y Zawodowej w Kro\u015bnie. Krzysztof Fr\u0105czek (2020): Taktyka gry w pi\u0142k\u0119 siatkow\u0105. Prace Naukowo- Dydaktyczne Pa\u0144stwowej Wy\u017cszej [\u2026] <\/p>\n<div class=\"clear\"><\/div>\n<p><a class=\"more_link clearfix\" href=\"https:\/\/pans.krosno.pl\/pracownicy\/krzysztof-fraczek\/krzysztof-fraczek-najwazniejsze-publikacje\/\" rel=\"nofollow\">Read More<\/a><\/p>\n","protected":false},"author":36,"featured_media":0,"parent":594,"menu_order":0,"comment_status":"closed","ping_status":"closed","template":"","meta":{"ngg_post_thumbnail":0,"footnotes":""},"class_list":["post-606","page","type-page","status-publish","hentry"],"yoast_head":"<!-- This site is optimized with the Yoast SEO Premium plugin v27.3 (Yoast SEO v27.3) - https:\/\/yoast.com\/product\/yoast-seo-premium-wordpress\/ -->\n<title>dr Krzysztof Fr\u0105czek - Najwa\u017cniejsze publikacje - Pracownicy PANS w Kro\u015bnie<\/title>\n<meta name=\"robots\" content=\"index, follow, max-snippet:-1, max-image-preview:large, max-video-preview:-1\" \/>\n<link rel=\"canonical\" href=\"https:\/\/pans.krosno.pl\/pracownicy\/krzysztof-fraczek\/krzysztof-fraczek-najwazniejsze-publikacje\/\" \/>\n<meta property=\"og:locale\" content=\"pl_PL\" \/>\n<meta property=\"og:type\" content=\"article\" \/>\n<meta property=\"og:title\" content=\"dr Krzysztof Fr\u0105czek - Najwa\u017cniejsze publikacje\" \/>\n<meta property=\"og:description\" content=\"Ksi\u0105\u017cki Krzysztof Fr\u0105czek (2010):&nbsp; Pi\u0142ka siatkowa. Technika. Metodyka nauczania. Przyk\u0142ady \u0107wicze\u0144. Prace Naukowo- Dydaktyczne Pa\u0144stwowej Wy\u017cszej Szko\u0142y Zawodowej w Kro\u015bnie. Zeszyt 48. Krzysztof Fr\u0105czek (2012):&nbsp; Przygotowanie motoryczne siatkarza. Prace Naukowo- Dydaktyczne Pa\u0144stwowej Wy\u017cszej Szko\u0142y Zawodowej w Kro\u015bnie. Krzysztof Fr\u0105czek (2020): Taktyka gry w pi\u0142k\u0119 siatkow\u0105. Prace Naukowo- Dydaktyczne Pa\u0144stwowej Wy\u017cszej [\u2026] Read More\" \/>\n<meta property=\"og:url\" content=\"https:\/\/pans.krosno.pl\/pracownicy\/krzysztof-fraczek\/krzysztof-fraczek-najwazniejsze-publikacje\/\" \/>\n<meta property=\"og:site_name\" content=\"Pracownicy PANS w Kro\u015bnie\" \/>\n<meta property=\"article:modified_time\" content=\"2025-05-14T11:41:38+00:00\" \/>\n<meta name=\"twitter:card\" content=\"summary_large_image\" \/>\n<meta name=\"twitter:label1\" content=\"Szacowany czas czytania\" \/>\n\t<meta name=\"twitter:data1\" content=\"3 minuty\" \/>\n<script type=\"application\/ld+json\" class=\"yoast-schema-graph\">{\"@context\":\"https:\\\/\\\/schema.org\",\"@graph\":[{\"@type\":\"WebPage\",\"@id\":\"https:\\\/\\\/pans.krosno.pl\\\/pracownicy\\\/krzysztof-fraczek\\\/krzysztof-fraczek-najwazniejsze-publikacje\\\/\",\"url\":\"https:\\\/\\\/pans.krosno.pl\\\/pracownicy\\\/krzysztof-fraczek\\\/krzysztof-fraczek-najwazniejsze-publikacje\\\/\",\"name\":\"dr Krzysztof Fr\u0105czek - Najwa\u017cniejsze publikacje - Pracownicy PANS w Kro\u015bnie\",\"isPartOf\":{\"@id\":\"https:\\\/\\\/pans.krosno.pl\\\/pracownicy\\\/#website\"},\"datePublished\":\"2020-03-30T10:38:09+00:00\",\"dateModified\":\"2025-05-14T11:41:38+00:00\",\"breadcrumb\":{\"@id\":\"https:\\\/\\\/pans.krosno.pl\\\/pracownicy\\\/krzysztof-fraczek\\\/krzysztof-fraczek-najwazniejsze-publikacje\\\/#breadcrumb\"},\"inLanguage\":\"pl-PL\",\"potentialAction\":[{\"@type\":\"ReadAction\",\"target\":[\"https:\\\/\\\/pans.krosno.pl\\\/pracownicy\\\/krzysztof-fraczek\\\/krzysztof-fraczek-najwazniejsze-publikacje\\\/\"]}]},{\"@type\":\"BreadcrumbList\",\"@id\":\"https:\\\/\\\/pans.krosno.pl\\\/pracownicy\\\/krzysztof-fraczek\\\/krzysztof-fraczek-najwazniejsze-publikacje\\\/#breadcrumb\",\"itemListElement\":[{\"@type\":\"ListItem\",\"position\":1,\"name\":\"Strona g\u0142\u00f3wna\",\"item\":\"https:\\\/\\\/pans.krosno.pl\\\/pracownicy\\\/\"},{\"@type\":\"ListItem\",\"position\":2,\"name\":\"dr Krzysztof Fr\u0105czek\",\"item\":\"https:\\\/\\\/pans.krosno.pl\\\/pracownicy\\\/krzysztof-fraczek\\\/\"},{\"@type\":\"ListItem\",\"position\":3,\"name\":\"dr Krzysztof Fr\u0105czek &#8211; Najwa\u017cniejsze publikacje\"}]},{\"@type\":\"WebSite\",\"@id\":\"https:\\\/\\\/pans.krosno.pl\\\/pracownicy\\\/#website\",\"url\":\"https:\\\/\\\/pans.krosno.pl\\\/pracownicy\\\/\",\"name\":\"Pracownicy PANS w Kro\u015bnie\",\"description\":\"Pracownicy - Pa\u0144stwowa Akademia Nauk Stosowanych\",\"publisher\":{\"@id\":\"https:\\\/\\\/pans.krosno.pl\\\/pracownicy\\\/#organization\"},\"potentialAction\":[{\"@type\":\"SearchAction\",\"target\":{\"@type\":\"EntryPoint\",\"urlTemplate\":\"https:\\\/\\\/pans.krosno.pl\\\/pracownicy\\\/?s={search_term_string}\"},\"query-input\":{\"@type\":\"PropertyValueSpecification\",\"valueRequired\":true,\"valueName\":\"search_term_string\"}}],\"inLanguage\":\"pl-PL\"},{\"@type\":\"Organization\",\"@id\":\"https:\\\/\\\/pans.krosno.pl\\\/pracownicy\\\/#organization\",\"name\":\"Pracownicy PANS w Kro\u015bnie\",\"url\":\"https:\\\/\\\/pans.krosno.pl\\\/pracownicy\\\/\",\"logo\":{\"@type\":\"ImageObject\",\"inLanguage\":\"pl-PL\",\"@id\":\"https:\\\/\\\/pans.krosno.pl\\\/pracownicy\\\/#\\\/schema\\\/logo\\\/image\\\/\",\"url\":\"https:\\\/\\\/pans.krosno.pl\\\/pracownicy\\\/wp-content\\\/uploads\\\/sites\\\/41\\\/2023\\\/01\\\/Logo-PANS-2022-pelne.png\",\"contentUrl\":\"https:\\\/\\\/pans.krosno.pl\\\/pracownicy\\\/wp-content\\\/uploads\\\/sites\\\/41\\\/2023\\\/01\\\/Logo-PANS-2022-pelne.png\",\"width\":3096,\"height\":696,\"caption\":\"Pracownicy PANS w Kro\u015bnie\"},\"image\":{\"@id\":\"https:\\\/\\\/pans.krosno.pl\\\/pracownicy\\\/#\\\/schema\\\/logo\\\/image\\\/\"}}]}<\/script>\n<!-- \/ Yoast SEO Premium plugin. -->","yoast_head_json":{"title":"dr Krzysztof Fr\u0105czek - Najwa\u017cniejsze publikacje - Pracownicy PANS w Kro\u015bnie","robots":{"index":"index","follow":"follow","max-snippet":"max-snippet:-1","max-image-preview":"max-image-preview:large","max-video-preview":"max-video-preview:-1"},"canonical":"https:\/\/pans.krosno.pl\/pracownicy\/krzysztof-fraczek\/krzysztof-fraczek-najwazniejsze-publikacje\/","og_locale":"pl_PL","og_type":"article","og_title":"dr Krzysztof Fr\u0105czek - Najwa\u017cniejsze publikacje","og_description":"Ksi\u0105\u017cki Krzysztof Fr\u0105czek (2010):&nbsp; Pi\u0142ka siatkowa. Technika. Metodyka nauczania. Przyk\u0142ady \u0107wicze\u0144. Prace Naukowo- Dydaktyczne Pa\u0144stwowej Wy\u017cszej Szko\u0142y Zawodowej w Kro\u015bnie. Zeszyt 48. Krzysztof Fr\u0105czek (2012):&nbsp; Przygotowanie motoryczne siatkarza. Prace Naukowo- Dydaktyczne Pa\u0144stwowej Wy\u017cszej Szko\u0142y Zawodowej w Kro\u015bnie. Krzysztof Fr\u0105czek (2020): Taktyka gry w pi\u0142k\u0119 siatkow\u0105. Prace Naukowo- Dydaktyczne Pa\u0144stwowej Wy\u017cszej [\u2026] Read More","og_url":"https:\/\/pans.krosno.pl\/pracownicy\/krzysztof-fraczek\/krzysztof-fraczek-najwazniejsze-publikacje\/","og_site_name":"Pracownicy PANS w Kro\u015bnie","article_modified_time":"2025-05-14T11:41:38+00:00","twitter_card":"summary_large_image","twitter_misc":{"Szacowany czas czytania":"3 minuty"},"schema":{"@context":"https:\/\/schema.org","@graph":[{"@type":"WebPage","@id":"https:\/\/pans.krosno.pl\/pracownicy\/krzysztof-fraczek\/krzysztof-fraczek-najwazniejsze-publikacje\/","url":"https:\/\/pans.krosno.pl\/pracownicy\/krzysztof-fraczek\/krzysztof-fraczek-najwazniejsze-publikacje\/","name":"dr Krzysztof Fr\u0105czek - Najwa\u017cniejsze publikacje - Pracownicy PANS w Kro\u015bnie","isPartOf":{"@id":"https:\/\/pans.krosno.pl\/pracownicy\/#website"},"datePublished":"2020-03-30T10:38:09+00:00","dateModified":"2025-05-14T11:41:38+00:00","breadcrumb":{"@id":"https:\/\/pans.krosno.pl\/pracownicy\/krzysztof-fraczek\/krzysztof-fraczek-najwazniejsze-publikacje\/#breadcrumb"},"inLanguage":"pl-PL","potentialAction":[{"@type":"ReadAction","target":["https:\/\/pans.krosno.pl\/pracownicy\/krzysztof-fraczek\/krzysztof-fraczek-najwazniejsze-publikacje\/"]}]},{"@type":"BreadcrumbList","@id":"https:\/\/pans.krosno.pl\/pracownicy\/krzysztof-fraczek\/krzysztof-fraczek-najwazniejsze-publikacje\/#breadcrumb","itemListElement":[{"@type":"ListItem","position":1,"name":"Strona g\u0142\u00f3wna","item":"https:\/\/pans.krosno.pl\/pracownicy\/"},{"@type":"ListItem","position":2,"name":"dr Krzysztof Fr\u0105czek","item":"https:\/\/pans.krosno.pl\/pracownicy\/krzysztof-fraczek\/"},{"@type":"ListItem","position":3,"name":"dr Krzysztof Fr\u0105czek &#8211; Najwa\u017cniejsze publikacje"}]},{"@type":"WebSite","@id":"https:\/\/pans.krosno.pl\/pracownicy\/#website","url":"https:\/\/pans.krosno.pl\/pracownicy\/","name":"Pracownicy PANS w Kro\u015bnie","description":"Pracownicy - Pa\u0144stwowa Akademia Nauk Stosowanych","publisher":{"@id":"https:\/\/pans.krosno.pl\/pracownicy\/#organization"},"potentialAction":[{"@type":"SearchAction","target":{"@type":"EntryPoint","urlTemplate":"https:\/\/pans.krosno.pl\/pracownicy\/?s={search_term_string}"},"query-input":{"@type":"PropertyValueSpecification","valueRequired":true,"valueName":"search_term_string"}}],"inLanguage":"pl-PL"},{"@type":"Organization","@id":"https:\/\/pans.krosno.pl\/pracownicy\/#organization","name":"Pracownicy PANS w Kro\u015bnie","url":"https:\/\/pans.krosno.pl\/pracownicy\/","logo":{"@type":"ImageObject","inLanguage":"pl-PL","@id":"https:\/\/pans.krosno.pl\/pracownicy\/#\/schema\/logo\/image\/","url":"https:\/\/pans.krosno.pl\/pracownicy\/wp-content\/uploads\/sites\/41\/2023\/01\/Logo-PANS-2022-pelne.png","contentUrl":"https:\/\/pans.krosno.pl\/pracownicy\/wp-content\/uploads\/sites\/41\/2023\/01\/Logo-PANS-2022-pelne.png","width":3096,"height":696,"caption":"Pracownicy PANS w Kro\u015bnie"},"image":{"@id":"https:\/\/pans.krosno.pl\/pracownicy\/#\/schema\/logo\/image\/"}}]}},"_links":{"self":[{"href":"https:\/\/pans.krosno.pl\/pracownicy\/wp-json\/wp\/v2\/pages\/606","targetHints":{"allow":["GET"]}}],"collection":[{"href":"https:\/\/pans.krosno.pl\/pracownicy\/wp-json\/wp\/v2\/pages"}],"about":[{"href":"https:\/\/pans.krosno.pl\/pracownicy\/wp-json\/wp\/v2\/types\/page"}],"author":[{"embeddable":true,"href":"https:\/\/pans.krosno.pl\/pracownicy\/wp-json\/wp\/v2\/users\/36"}],"replies":[{"embeddable":true,"href":"https:\/\/pans.krosno.pl\/pracownicy\/wp-json\/wp\/v2\/comments?post=606"}],"version-history":[{"count":4,"href":"https:\/\/pans.krosno.pl\/pracownicy\/wp-json\/wp\/v2\/pages\/606\/revisions"}],"predecessor-version":[{"id":10214,"href":"https:\/\/pans.krosno.pl\/pracownicy\/wp-json\/wp\/v2\/pages\/606\/revisions\/10214"}],"up":[{"embeddable":true,"href":"https:\/\/pans.krosno.pl\/pracownicy\/wp-json\/wp\/v2\/pages\/594"}],"wp:attachment":[{"href":"https:\/\/pans.krosno.pl\/pracownicy\/wp-json\/wp\/v2\/media?parent=606"}],"curies":[{"name":"wp","href":"https:\/\/api.w.org\/{rel}","templated":true}]}}