{"id":6041,"date":"2020-05-20T09:27:38","date_gmt":"2020-05-20T07:27:38","guid":{"rendered":"https:\/\/pans.krosno.pl\/pracownicy\/?page_id=6041"},"modified":"2025-05-20T13:17:47","modified_gmt":"2025-05-20T11:17:47","slug":"grzegorz-przebinda-doswiadczenie-pozauczelniane","status":"publish","type":"page","link":"https:\/\/pans.krosno.pl\/pracownicy\/grzegorz-przebinda\/grzegorz-przebinda-doswiadczenie-pozauczelniane\/","title":{"rendered":"prof. dr hab. Grzegorz Przebinda &#8211; Do\u015bwiadczenie pozauczelniane"},"content":{"rendered":"<hr>\n<p>Na pocz\u0105tku lat 80., jeszcze w stanie wojennym \u2013 wtedy jako student UJ \u2013 dzia\u0142a\u0142 jako wyk\u0142adowca w podziemnym Lataj\u0105cym Uniwersytecie, zorganizowanym przez podziemn\u0105 NSZZ \u201eSolidarno\u015b\u0107\u201d UJ \u2013 dla uczni\u00f3w, student\u00f3w i robotnik\u00f3w ca\u0142ej Polski po\u0142udniowej, w tym Krakowa. Publikowa\u0142 tak\u017ce w\u00f3wczas teksty o wolnej kulturze rosyjskiej w polskich czasopismach drugiego obiegu (krakowska \u201eArka\u201d i \u201eMiesi\u0119cznik Ma\u0142opolski\u201d), t\u0142umaczy\u0142 dla wydawnictw drugiego obiegu ksi\u0105\u017cki rosyjskich dysydent\u00f3w i emigrant\u00f3w z ZSRR (W\u0142adimir Bukowski: \u201eListy rosyjskiego podr\u00f3\u017cnika\u201d).<\/p>\n<p>W 1990\u20131992 r. kierowa\u0142 krakowskim Wydawnictwem Arka, wydaj\u0105c m.in. pierwsze tomy Biblioteczki Poet\u00f3w J\u0119zyka Angielskiego pod redakcj\u0105 i w przek\u0142adzie Stanis\u0142awa Bara\u0144czaka, <i>Dyktatur\u0119 zdrady <\/i>Ryszarda Terleckiego, <i>Ptasznika z Wilna<\/i> (o J\u00f3zefie Mackiewiczu) W\u0142odzimierza Boleckiego, <i>Jak odbudowa\u0107 Rosj\u0119?<\/i> Aleksandra So\u0142\u017cenicyna, album <i>Kazimierz Krakowski<\/i> Stanis\u0142awa Markowskiego. W okresie od 1986 r. do 1992 r. przebywa\u0142 w Niemczech (Freiburg im Breisgau, Monachium), w Szwajcarii (Genewa), we W\u0142oszech (Rzym) i we Francji (Pary\u017c) w ramach stypendi\u00f3w naukowych, w tym czasie i p\u00f3\u017aniej publikowa\u0142 teksty o kulturze rosyjskiej i jej zwi\u0105zkach z kultur\u0105 polsk\u0105 i europejsk\u0105 w naukowych czasopismach w Polsce (\u201eSlaviaOrientalis\u201d, \u201eZnak\u201d, \u201eEthos\u201d, \u201eRoczniki Humanistyczne KUL\u201d, \u201ePrzegl\u0105d Rusycystyczny\u201d) i w periodykach zagranicznych (\u201eCahiersduMonderusse et sovi\u00e9tique\u201d, \u201eStudies in East EuropeanThought\u201d). By\u0142 cz\u0142onkiem redakcji lub kolegi\u00f3w redakcyjnych czasopism: \u201eNowajaPolsza\u201d (1999\u20132019), \u201eEthos\u201d, \u201eNowa Europa Wschodnia\u201d. Od 1992 r. do dzi\u015b odwiedza regularnie Rosj\u0119 i Ukrain\u0119, przebywa\u0142 w o\u015brodkach naukowych Litwy, Estonii i Bia\u0142orusi, wyg\u0142asza\u0142 odczyty i wyk\u0142ady w uczelniach w Moskwie, Czerniowcach, Mi\u0144sku, Wilnie, Tallinie, Dauvgaupils, Genewa. Obecnie wchodzi w sk\u0142ad Komitetu Redakcyjnego kwartalnika naukowego \u201ePrzegl\u0105d Rusycystyczny\u201d, znajduj\u0105cego si\u0119 od 2020 na li\u015bcie Scopus. Cz\u0142onek Rady Naukowej Instytutu Jana Paw\u0142a II Katolickiego Uniwersytetu Lubelskiego, Komisji S\u0142owianoznawstwa Polskiej Akademii Nauk oraz Komisji Wschodnioeuropejskiej Polskiej Akademii Umiej\u0119tno\u015bci. Zrealizowa\u0142 trzy granty naukowe: \u201eOd Czernyszewskiego do So\u0142\u017cenicyna. Sp\u00f3r tradycji \u015aredniowiecza z dziedzictwem O\u015bwiecenia w tw\u00f3rczo\u015bci wybranych my\u015blicieli rosyjskich\u201d (1998), \u201eJan Pawe\u0142 II wobec Rosji i Ukrainy\u201d (2001), \u201eStara \u017cywa Ru\u015b. Kultura i dzieje\u201d (2014).<\/p>\n<p>W okresie od 2016 r. do 2020 r. wiceprzewodnicz\u0105cy Kolegium Rektor\u00f3w Szk\u00f3\u0142 Wy\u017cszych Krakowa, w okresie od 2016 r. do 2018 r. cz\u0142onek Rady Narodowego Kongresu Nauki, przygotowuj\u0105cej ostateczny projekt Prawa o Szkolnictwie wy\u017cszym i Nauce (Ustawa 2.0). Cz\u0142onek honorowy Stowarzyszenia Portius w Kro\u015bnie oraz Polskiego Towarzystwa Zielarzy i Fizjoterapeut\u00f3w w Kro\u015bnie.<\/p>\n<p>Od 2018 r. redaktor naczelny rocznika \u201eStudia Pigoniana\u201d przy KPU w Kro\u015bnie, od 2020 r. \u2013 kieruje uczelnianym Wydawnictwem Humanistycznym Pigonianum.<\/p>\n<hr>\n<p>&nbsp;<\/p>\n","protected":false},"excerpt":{"rendered":"<p>Na pocz\u0105tku lat 80., jeszcze w stanie wojennym \u2013 wtedy jako student UJ \u2013 dzia\u0142a\u0142 jako wyk\u0142adowca w podziemnym Lataj\u0105cym Uniwersytecie, zorganizowanym przez podziemn\u0105 NSZZ \u201eSolidarno\u015b\u0107\u201d UJ \u2013 dla uczni\u00f3w, student\u00f3w i robotnik\u00f3w ca\u0142ej Polski po\u0142udniowej, w tym Krakowa. Publikowa\u0142 tak\u017ce w\u00f3wczas teksty o wolnej kulturze rosyjskiej w polskich czasopismach [\u2026] <\/p>\n<div class=\"clear\"><\/div>\n<p><a class=\"more_link clearfix\" href=\"https:\/\/pans.krosno.pl\/pracownicy\/grzegorz-przebinda\/grzegorz-przebinda-doswiadczenie-pozauczelniane\/\" rel=\"nofollow\">Read More<\/a><\/p>\n","protected":false},"author":34,"featured_media":0,"parent":6034,"menu_order":0,"comment_status":"closed","ping_status":"closed","template":"","meta":{"ngg_post_thumbnail":0,"footnotes":""},"class_list":["post-6041","page","type-page","status-publish","hentry"],"yoast_head":"<!-- This site is optimized with the Yoast SEO Premium plugin v27.3 (Yoast SEO v27.3) - https:\/\/yoast.com\/product\/yoast-seo-premium-wordpress\/ -->\n<title>prof. dr hab. Grzegorz Przebinda - Do\u015bwiadczenie pozauczelniane - Pracownicy PANS w Kro\u015bnie<\/title>\n<meta name=\"robots\" content=\"index, follow, max-snippet:-1, max-image-preview:large, max-video-preview:-1\" \/>\n<link rel=\"canonical\" href=\"https:\/\/pans.krosno.pl\/pracownicy\/grzegorz-przebinda\/grzegorz-przebinda-doswiadczenie-pozauczelniane\/\" \/>\n<meta property=\"og:locale\" content=\"pl_PL\" \/>\n<meta property=\"og:type\" content=\"article\" \/>\n<meta property=\"og:title\" content=\"prof. dr hab. Grzegorz Przebinda - Do\u015bwiadczenie pozauczelniane\" \/>\n<meta property=\"og:description\" content=\"Na pocz\u0105tku lat 80., jeszcze w stanie wojennym \u2013 wtedy jako student UJ \u2013 dzia\u0142a\u0142 jako wyk\u0142adowca w podziemnym Lataj\u0105cym Uniwersytecie, zorganizowanym przez podziemn\u0105 NSZZ \u201eSolidarno\u015b\u0107\u201d UJ \u2013 dla uczni\u00f3w, student\u00f3w i robotnik\u00f3w ca\u0142ej Polski po\u0142udniowej, w tym Krakowa. Publikowa\u0142 tak\u017ce w\u00f3wczas teksty o wolnej kulturze rosyjskiej w polskich czasopismach [\u2026] Read More\" \/>\n<meta property=\"og:url\" content=\"https:\/\/pans.krosno.pl\/pracownicy\/grzegorz-przebinda\/grzegorz-przebinda-doswiadczenie-pozauczelniane\/\" \/>\n<meta property=\"og:site_name\" content=\"Pracownicy PANS w Kro\u015bnie\" \/>\n<meta property=\"article:modified_time\" content=\"2025-05-20T11:17:47+00:00\" \/>\n<meta name=\"twitter:card\" content=\"summary_large_image\" \/>\n<meta name=\"twitter:label1\" content=\"Szacowany czas czytania\" \/>\n\t<meta name=\"twitter:data1\" content=\"3 minuty\" \/>\n<script type=\"application\/ld+json\" class=\"yoast-schema-graph\">{\"@context\":\"https:\\\/\\\/schema.org\",\"@graph\":[{\"@type\":\"WebPage\",\"@id\":\"https:\\\/\\\/pans.krosno.pl\\\/pracownicy\\\/grzegorz-przebinda\\\/grzegorz-przebinda-doswiadczenie-pozauczelniane\\\/\",\"url\":\"https:\\\/\\\/pans.krosno.pl\\\/pracownicy\\\/grzegorz-przebinda\\\/grzegorz-przebinda-doswiadczenie-pozauczelniane\\\/\",\"name\":\"prof. dr hab. Grzegorz Przebinda - Do\u015bwiadczenie pozauczelniane - Pracownicy PANS w Kro\u015bnie\",\"isPartOf\":{\"@id\":\"https:\\\/\\\/pans.krosno.pl\\\/pracownicy\\\/#website\"},\"datePublished\":\"2020-05-20T07:27:38+00:00\",\"dateModified\":\"2025-05-20T11:17:47+00:00\",\"breadcrumb\":{\"@id\":\"https:\\\/\\\/pans.krosno.pl\\\/pracownicy\\\/grzegorz-przebinda\\\/grzegorz-przebinda-doswiadczenie-pozauczelniane\\\/#breadcrumb\"},\"inLanguage\":\"pl-PL\",\"potentialAction\":[{\"@type\":\"ReadAction\",\"target\":[\"https:\\\/\\\/pans.krosno.pl\\\/pracownicy\\\/grzegorz-przebinda\\\/grzegorz-przebinda-doswiadczenie-pozauczelniane\\\/\"]}]},{\"@type\":\"BreadcrumbList\",\"@id\":\"https:\\\/\\\/pans.krosno.pl\\\/pracownicy\\\/grzegorz-przebinda\\\/grzegorz-przebinda-doswiadczenie-pozauczelniane\\\/#breadcrumb\",\"itemListElement\":[{\"@type\":\"ListItem\",\"position\":1,\"name\":\"Strona g\u0142\u00f3wna\",\"item\":\"https:\\\/\\\/pans.krosno.pl\\\/pracownicy\\\/\"},{\"@type\":\"ListItem\",\"position\":2,\"name\":\"prof. dr hab. Grzegorz Przebinda\",\"item\":\"https:\\\/\\\/pans.krosno.pl\\\/pracownicy\\\/grzegorz-przebinda\\\/\"},{\"@type\":\"ListItem\",\"position\":3,\"name\":\"prof. dr hab. Grzegorz Przebinda &#8211; Do\u015bwiadczenie pozauczelniane\"}]},{\"@type\":\"WebSite\",\"@id\":\"https:\\\/\\\/pans.krosno.pl\\\/pracownicy\\\/#website\",\"url\":\"https:\\\/\\\/pans.krosno.pl\\\/pracownicy\\\/\",\"name\":\"Pracownicy PANS w Kro\u015bnie\",\"description\":\"Pracownicy - Pa\u0144stwowa Akademia Nauk Stosowanych\",\"publisher\":{\"@id\":\"https:\\\/\\\/pans.krosno.pl\\\/pracownicy\\\/#organization\"},\"potentialAction\":[{\"@type\":\"SearchAction\",\"target\":{\"@type\":\"EntryPoint\",\"urlTemplate\":\"https:\\\/\\\/pans.krosno.pl\\\/pracownicy\\\/?s={search_term_string}\"},\"query-input\":{\"@type\":\"PropertyValueSpecification\",\"valueRequired\":true,\"valueName\":\"search_term_string\"}}],\"inLanguage\":\"pl-PL\"},{\"@type\":\"Organization\",\"@id\":\"https:\\\/\\\/pans.krosno.pl\\\/pracownicy\\\/#organization\",\"name\":\"Pracownicy PANS w Kro\u015bnie\",\"url\":\"https:\\\/\\\/pans.krosno.pl\\\/pracownicy\\\/\",\"logo\":{\"@type\":\"ImageObject\",\"inLanguage\":\"pl-PL\",\"@id\":\"https:\\\/\\\/pans.krosno.pl\\\/pracownicy\\\/#\\\/schema\\\/logo\\\/image\\\/\",\"url\":\"https:\\\/\\\/pans.krosno.pl\\\/pracownicy\\\/wp-content\\\/uploads\\\/sites\\\/41\\\/2023\\\/01\\\/Logo-PANS-2022-pelne.png\",\"contentUrl\":\"https:\\\/\\\/pans.krosno.pl\\\/pracownicy\\\/wp-content\\\/uploads\\\/sites\\\/41\\\/2023\\\/01\\\/Logo-PANS-2022-pelne.png\",\"width\":3096,\"height\":696,\"caption\":\"Pracownicy PANS w Kro\u015bnie\"},\"image\":{\"@id\":\"https:\\\/\\\/pans.krosno.pl\\\/pracownicy\\\/#\\\/schema\\\/logo\\\/image\\\/\"}}]}<\/script>\n<!-- \/ Yoast SEO Premium plugin. -->","yoast_head_json":{"title":"prof. dr hab. Grzegorz Przebinda - Do\u015bwiadczenie pozauczelniane - Pracownicy PANS w Kro\u015bnie","robots":{"index":"index","follow":"follow","max-snippet":"max-snippet:-1","max-image-preview":"max-image-preview:large","max-video-preview":"max-video-preview:-1"},"canonical":"https:\/\/pans.krosno.pl\/pracownicy\/grzegorz-przebinda\/grzegorz-przebinda-doswiadczenie-pozauczelniane\/","og_locale":"pl_PL","og_type":"article","og_title":"prof. dr hab. Grzegorz Przebinda - Do\u015bwiadczenie pozauczelniane","og_description":"Na pocz\u0105tku lat 80., jeszcze w stanie wojennym \u2013 wtedy jako student UJ \u2013 dzia\u0142a\u0142 jako wyk\u0142adowca w podziemnym Lataj\u0105cym Uniwersytecie, zorganizowanym przez podziemn\u0105 NSZZ \u201eSolidarno\u015b\u0107\u201d UJ \u2013 dla uczni\u00f3w, student\u00f3w i robotnik\u00f3w ca\u0142ej Polski po\u0142udniowej, w tym Krakowa. Publikowa\u0142 tak\u017ce w\u00f3wczas teksty o wolnej kulturze rosyjskiej w polskich czasopismach [\u2026] Read More","og_url":"https:\/\/pans.krosno.pl\/pracownicy\/grzegorz-przebinda\/grzegorz-przebinda-doswiadczenie-pozauczelniane\/","og_site_name":"Pracownicy PANS w Kro\u015bnie","article_modified_time":"2025-05-20T11:17:47+00:00","twitter_card":"summary_large_image","twitter_misc":{"Szacowany czas czytania":"3 minuty"},"schema":{"@context":"https:\/\/schema.org","@graph":[{"@type":"WebPage","@id":"https:\/\/pans.krosno.pl\/pracownicy\/grzegorz-przebinda\/grzegorz-przebinda-doswiadczenie-pozauczelniane\/","url":"https:\/\/pans.krosno.pl\/pracownicy\/grzegorz-przebinda\/grzegorz-przebinda-doswiadczenie-pozauczelniane\/","name":"prof. dr hab. Grzegorz Przebinda - Do\u015bwiadczenie pozauczelniane - Pracownicy PANS w Kro\u015bnie","isPartOf":{"@id":"https:\/\/pans.krosno.pl\/pracownicy\/#website"},"datePublished":"2020-05-20T07:27:38+00:00","dateModified":"2025-05-20T11:17:47+00:00","breadcrumb":{"@id":"https:\/\/pans.krosno.pl\/pracownicy\/grzegorz-przebinda\/grzegorz-przebinda-doswiadczenie-pozauczelniane\/#breadcrumb"},"inLanguage":"pl-PL","potentialAction":[{"@type":"ReadAction","target":["https:\/\/pans.krosno.pl\/pracownicy\/grzegorz-przebinda\/grzegorz-przebinda-doswiadczenie-pozauczelniane\/"]}]},{"@type":"BreadcrumbList","@id":"https:\/\/pans.krosno.pl\/pracownicy\/grzegorz-przebinda\/grzegorz-przebinda-doswiadczenie-pozauczelniane\/#breadcrumb","itemListElement":[{"@type":"ListItem","position":1,"name":"Strona g\u0142\u00f3wna","item":"https:\/\/pans.krosno.pl\/pracownicy\/"},{"@type":"ListItem","position":2,"name":"prof. dr hab. Grzegorz Przebinda","item":"https:\/\/pans.krosno.pl\/pracownicy\/grzegorz-przebinda\/"},{"@type":"ListItem","position":3,"name":"prof. dr hab. Grzegorz Przebinda &#8211; Do\u015bwiadczenie pozauczelniane"}]},{"@type":"WebSite","@id":"https:\/\/pans.krosno.pl\/pracownicy\/#website","url":"https:\/\/pans.krosno.pl\/pracownicy\/","name":"Pracownicy PANS w Kro\u015bnie","description":"Pracownicy - Pa\u0144stwowa Akademia Nauk Stosowanych","publisher":{"@id":"https:\/\/pans.krosno.pl\/pracownicy\/#organization"},"potentialAction":[{"@type":"SearchAction","target":{"@type":"EntryPoint","urlTemplate":"https:\/\/pans.krosno.pl\/pracownicy\/?s={search_term_string}"},"query-input":{"@type":"PropertyValueSpecification","valueRequired":true,"valueName":"search_term_string"}}],"inLanguage":"pl-PL"},{"@type":"Organization","@id":"https:\/\/pans.krosno.pl\/pracownicy\/#organization","name":"Pracownicy PANS w Kro\u015bnie","url":"https:\/\/pans.krosno.pl\/pracownicy\/","logo":{"@type":"ImageObject","inLanguage":"pl-PL","@id":"https:\/\/pans.krosno.pl\/pracownicy\/#\/schema\/logo\/image\/","url":"https:\/\/pans.krosno.pl\/pracownicy\/wp-content\/uploads\/sites\/41\/2023\/01\/Logo-PANS-2022-pelne.png","contentUrl":"https:\/\/pans.krosno.pl\/pracownicy\/wp-content\/uploads\/sites\/41\/2023\/01\/Logo-PANS-2022-pelne.png","width":3096,"height":696,"caption":"Pracownicy PANS w Kro\u015bnie"},"image":{"@id":"https:\/\/pans.krosno.pl\/pracownicy\/#\/schema\/logo\/image\/"}}]}},"_links":{"self":[{"href":"https:\/\/pans.krosno.pl\/pracownicy\/wp-json\/wp\/v2\/pages\/6041","targetHints":{"allow":["GET"]}}],"collection":[{"href":"https:\/\/pans.krosno.pl\/pracownicy\/wp-json\/wp\/v2\/pages"}],"about":[{"href":"https:\/\/pans.krosno.pl\/pracownicy\/wp-json\/wp\/v2\/types\/page"}],"author":[{"embeddable":true,"href":"https:\/\/pans.krosno.pl\/pracownicy\/wp-json\/wp\/v2\/users\/34"}],"replies":[{"embeddable":true,"href":"https:\/\/pans.krosno.pl\/pracownicy\/wp-json\/wp\/v2\/comments?post=6041"}],"version-history":[{"count":13,"href":"https:\/\/pans.krosno.pl\/pracownicy\/wp-json\/wp\/v2\/pages\/6041\/revisions"}],"predecessor-version":[{"id":10901,"href":"https:\/\/pans.krosno.pl\/pracownicy\/wp-json\/wp\/v2\/pages\/6041\/revisions\/10901"}],"up":[{"embeddable":true,"href":"https:\/\/pans.krosno.pl\/pracownicy\/wp-json\/wp\/v2\/pages\/6034"}],"wp:attachment":[{"href":"https:\/\/pans.krosno.pl\/pracownicy\/wp-json\/wp\/v2\/media?parent=6041"}],"curies":[{"name":"wp","href":"https:\/\/api.w.org\/{rel}","templated":true}]}}