{"id":6038,"date":"2020-05-20T09:20:59","date_gmt":"2020-05-20T07:20:59","guid":{"rendered":"https:\/\/pans.krosno.pl\/pracownicy\/?page_id=6038"},"modified":"2025-05-20T13:17:39","modified_gmt":"2025-05-20T11:17:39","slug":"grzegorz-przebinda-zyciorys-naukowy","status":"publish","type":"page","link":"https:\/\/pans.krosno.pl\/pracownicy\/grzegorz-przebinda\/grzegorz-przebinda-zyciorys-naukowy\/","title":{"rendered":"prof. dr hab. Grzegorz Przebinda &#8211; \u017byciorys naukowy"},"content":{"rendered":"<hr>\n<p>Urodzony 27 czerwca 1959 w Jaworznie. Dzieci\u0144stwo sp\u0119dzi\u0142 w <a href=\"https:\/\/pl.wikipedia.org\/wiki\/Wo%C5%82owice\">Wo\u0142owicach<\/a> nad <a href=\"https:\/\/pl.wikipedia.org\/wiki\/Wis%C5%82a\">Wis\u0142\u0105<\/a> w <a href=\"https:\/\/pl.wikipedia.org\/wiki\/Powiat_krakowski\">powiecie krakowskim<\/a>. Tam r\u00f3wnie\u017c w latach 1966\u20131974 ucz\u0119szcza\u0142 do szko\u0142y podstawowej (obecnie im. Jana Paw\u0142a II). W latach 1974\u20131978 by\u0142 uczniem Liceum Og\u00f3lnokszta\u0142c\u0105cego im. Marii Sk\u0142odowskiej-Curie w <a href=\"https:\/\/pl.wikipedia.org\/wiki\/Skawina\">Skawinie<\/a>. W 1978\u20131983 studiowa\u0142 filologi\u0119 rosyjsk\u0105 w Instytucie Filologii Wschodnios\u0142owia\u0144skiej Uniwersytetu Jagiello\u0144skiego. Promotorem jego pracy magisterskiej \u2013 pt. \u201eAleksander So\u0142\u017cenicyn: pisarz i my\u015bliciel wobec tradycji s\u0142owianofilstwa rosyjskiego\u201d, obronionej w czerwcu 1983 roku \u2013 by\u0142 wielki filolog i slawista profesor Ryszard \u0141u\u017cny (1927-1998). Obrona mia\u0142a miejsce w schy\u0142kowym stanie wojennym, a praca dotyczy\u0142a tw\u00f3rczo\u015bci pisarza zakazanego oficjalnie w ca\u0142ym bloku komunistycznym. W 1992 roku opublikowa\u0142 prac\u0119 doktorsk\u0105 o filozofii ekumenicznej W\u0142odzimierza So\u0142owjowa (\u201eW\u0142odzimierz So\u0142owjow wobec historii\u201d). Za ksi\u0105\u017ck\u0119 habilitacyjn\u0105 \u201eOd Czaadajewa do Bierdiajewa. Sp\u00f3r o Boga i cz\u0142owieka w my\u015bli rosyjskiej 1832\u20131922\u201d otrzyma\u0142 w 1999 roku nagrod\u0119 Ministra Edukacji Narodowej (praca zosta\u0142a nominowana do fina\u0142owej grupy dziesi\u0119ciu publikacji presti\u017cowej Nagrody im. Jana D\u0142ugosza). Tytu\u0142 profesora otrzyma\u0142 w 2002 po opublikowaniu ksi\u0105\u017cki \u201eWi\u0119ksza Europa. Papie\u017c wobec Rosji i Ukrainy\u201d, kt\u00f3ra tak\u017ce znalaz\u0142a si\u0119 w dziesi\u0105tce prac nominowanych do Nagrody D\u0142ugosza (2002). Jako \u017ce rozprawa wpisywa\u0142a si\u0119 \u015bci\u015ble w papiesk\u0105 wizj\u0119 ekumeniczn\u0105 \u201eEuropy dw\u00f3ch p\u0142uc\u201d (katolicyzmu i prawos\u0142awia), to ksi\u0105\u017ck\u0105 \u2013 jeszcze w trakcie jej powstawania \u2013 zainteresowa\u0142 si\u0119 sam Jan Pawe\u0142 II. Autor za\u015b otrzyma\u0142 dzi\u0119ki temu \u2013 29 lipca 2000 roku w Castel Gandolfo \u2013 niepowtarzaln\u0105 okazj\u0119 rozmowy z polskim Papie\u017cem o Rosji i Ukrainie. W 2012 uzyska\u0142 stanowisko profesora zwyczajnego Uniwersytetu Jagiello\u0144skiego. Od 1981 \u017conaty z Leokadi\u0105 Styrcz-Przebind\u0105 (absolwentka slawistyki na UJ, dr j\u0119zykoznawstwa). Ma dwoje dzieci: syna Igora (ur. 1981, absolwent filmoznawstwa na UJ) i c\u00f3rk\u0119 Anet\u0119 (ur. 1989, absolwentka socjologii na UJ).<\/p>\n<hr>\n<p>&nbsp;<\/p>\n","protected":false},"excerpt":{"rendered":"<p>Urodzony 27 czerwca 1959 w Jaworznie. Dzieci\u0144stwo sp\u0119dzi\u0142 w Wo\u0142owicach nad Wis\u0142\u0105 w powiecie krakowskim. Tam r\u00f3wnie\u017c w latach 1966\u20131974 ucz\u0119szcza\u0142 do szko\u0142y podstawowej (obecnie im. Jana Paw\u0142a II). W latach 1974\u20131978 by\u0142 uczniem Liceum Og\u00f3lnokszta\u0142c\u0105cego im. Marii Sk\u0142odowskiej-Curie w Skawinie. W 1978\u20131983 studiowa\u0142 filologi\u0119 rosyjsk\u0105 w Instytucie Filologii Wschodnios\u0142owia\u0144skiej [\u2026] <\/p>\n<div class=\"clear\"><\/div>\n<p><a class=\"more_link clearfix\" href=\"https:\/\/pans.krosno.pl\/pracownicy\/grzegorz-przebinda\/grzegorz-przebinda-zyciorys-naukowy\/\" rel=\"nofollow\">Read More<\/a><\/p>\n","protected":false},"author":34,"featured_media":0,"parent":6034,"menu_order":0,"comment_status":"closed","ping_status":"closed","template":"","meta":{"ngg_post_thumbnail":0,"footnotes":""},"class_list":["post-6038","page","type-page","status-publish","hentry"],"yoast_head":"<!-- This site is optimized with the Yoast SEO Premium plugin v27.3 (Yoast SEO v27.3) - https:\/\/yoast.com\/product\/yoast-seo-premium-wordpress\/ -->\n<title>prof. dr hab. Grzegorz Przebinda - \u017byciorys naukowy - Pracownicy PANS w Kro\u015bnie<\/title>\n<meta name=\"robots\" content=\"index, follow, max-snippet:-1, max-image-preview:large, max-video-preview:-1\" \/>\n<link rel=\"canonical\" href=\"https:\/\/pans.krosno.pl\/pracownicy\/grzegorz-przebinda\/grzegorz-przebinda-zyciorys-naukowy\/\" \/>\n<meta property=\"og:locale\" content=\"pl_PL\" \/>\n<meta property=\"og:type\" content=\"article\" \/>\n<meta property=\"og:title\" content=\"prof. dr hab. Grzegorz Przebinda - \u017byciorys naukowy\" \/>\n<meta property=\"og:description\" content=\"Urodzony 27 czerwca 1959 w Jaworznie. Dzieci\u0144stwo sp\u0119dzi\u0142 w Wo\u0142owicach nad Wis\u0142\u0105 w powiecie krakowskim. Tam r\u00f3wnie\u017c w latach 1966\u20131974 ucz\u0119szcza\u0142 do szko\u0142y podstawowej (obecnie im. Jana Paw\u0142a II). W latach 1974\u20131978 by\u0142 uczniem Liceum Og\u00f3lnokszta\u0142c\u0105cego im. Marii Sk\u0142odowskiej-Curie w Skawinie. W 1978\u20131983 studiowa\u0142 filologi\u0119 rosyjsk\u0105 w Instytucie Filologii Wschodnios\u0142owia\u0144skiej [\u2026] Read More\" \/>\n<meta property=\"og:url\" content=\"https:\/\/pans.krosno.pl\/pracownicy\/grzegorz-przebinda\/grzegorz-przebinda-zyciorys-naukowy\/\" \/>\n<meta property=\"og:site_name\" content=\"Pracownicy PANS w Kro\u015bnie\" \/>\n<meta property=\"article:modified_time\" content=\"2025-05-20T11:17:39+00:00\" \/>\n<meta name=\"twitter:card\" content=\"summary_large_image\" \/>\n<meta name=\"twitter:label1\" content=\"Szacowany czas czytania\" \/>\n\t<meta name=\"twitter:data1\" content=\"2 minuty\" \/>\n<script type=\"application\/ld+json\" class=\"yoast-schema-graph\">{\"@context\":\"https:\\\/\\\/schema.org\",\"@graph\":[{\"@type\":\"WebPage\",\"@id\":\"https:\\\/\\\/pans.krosno.pl\\\/pracownicy\\\/grzegorz-przebinda\\\/grzegorz-przebinda-zyciorys-naukowy\\\/\",\"url\":\"https:\\\/\\\/pans.krosno.pl\\\/pracownicy\\\/grzegorz-przebinda\\\/grzegorz-przebinda-zyciorys-naukowy\\\/\",\"name\":\"prof. dr hab. Grzegorz Przebinda - \u017byciorys naukowy - Pracownicy PANS w Kro\u015bnie\",\"isPartOf\":{\"@id\":\"https:\\\/\\\/pans.krosno.pl\\\/pracownicy\\\/#website\"},\"datePublished\":\"2020-05-20T07:20:59+00:00\",\"dateModified\":\"2025-05-20T11:17:39+00:00\",\"breadcrumb\":{\"@id\":\"https:\\\/\\\/pans.krosno.pl\\\/pracownicy\\\/grzegorz-przebinda\\\/grzegorz-przebinda-zyciorys-naukowy\\\/#breadcrumb\"},\"inLanguage\":\"pl-PL\",\"potentialAction\":[{\"@type\":\"ReadAction\",\"target\":[\"https:\\\/\\\/pans.krosno.pl\\\/pracownicy\\\/grzegorz-przebinda\\\/grzegorz-przebinda-zyciorys-naukowy\\\/\"]}]},{\"@type\":\"BreadcrumbList\",\"@id\":\"https:\\\/\\\/pans.krosno.pl\\\/pracownicy\\\/grzegorz-przebinda\\\/grzegorz-przebinda-zyciorys-naukowy\\\/#breadcrumb\",\"itemListElement\":[{\"@type\":\"ListItem\",\"position\":1,\"name\":\"Strona g\u0142\u00f3wna\",\"item\":\"https:\\\/\\\/pans.krosno.pl\\\/pracownicy\\\/\"},{\"@type\":\"ListItem\",\"position\":2,\"name\":\"prof. dr hab. Grzegorz Przebinda\",\"item\":\"https:\\\/\\\/pans.krosno.pl\\\/pracownicy\\\/grzegorz-przebinda\\\/\"},{\"@type\":\"ListItem\",\"position\":3,\"name\":\"prof. dr hab. Grzegorz Przebinda &#8211; \u017byciorys naukowy\"}]},{\"@type\":\"WebSite\",\"@id\":\"https:\\\/\\\/pans.krosno.pl\\\/pracownicy\\\/#website\",\"url\":\"https:\\\/\\\/pans.krosno.pl\\\/pracownicy\\\/\",\"name\":\"Pracownicy PANS w Kro\u015bnie\",\"description\":\"Pracownicy - Pa\u0144stwowa Akademia Nauk Stosowanych\",\"publisher\":{\"@id\":\"https:\\\/\\\/pans.krosno.pl\\\/pracownicy\\\/#organization\"},\"potentialAction\":[{\"@type\":\"SearchAction\",\"target\":{\"@type\":\"EntryPoint\",\"urlTemplate\":\"https:\\\/\\\/pans.krosno.pl\\\/pracownicy\\\/?s={search_term_string}\"},\"query-input\":{\"@type\":\"PropertyValueSpecification\",\"valueRequired\":true,\"valueName\":\"search_term_string\"}}],\"inLanguage\":\"pl-PL\"},{\"@type\":\"Organization\",\"@id\":\"https:\\\/\\\/pans.krosno.pl\\\/pracownicy\\\/#organization\",\"name\":\"Pracownicy PANS w Kro\u015bnie\",\"url\":\"https:\\\/\\\/pans.krosno.pl\\\/pracownicy\\\/\",\"logo\":{\"@type\":\"ImageObject\",\"inLanguage\":\"pl-PL\",\"@id\":\"https:\\\/\\\/pans.krosno.pl\\\/pracownicy\\\/#\\\/schema\\\/logo\\\/image\\\/\",\"url\":\"https:\\\/\\\/pans.krosno.pl\\\/pracownicy\\\/wp-content\\\/uploads\\\/sites\\\/41\\\/2023\\\/01\\\/Logo-PANS-2022-pelne.png\",\"contentUrl\":\"https:\\\/\\\/pans.krosno.pl\\\/pracownicy\\\/wp-content\\\/uploads\\\/sites\\\/41\\\/2023\\\/01\\\/Logo-PANS-2022-pelne.png\",\"width\":3096,\"height\":696,\"caption\":\"Pracownicy PANS w Kro\u015bnie\"},\"image\":{\"@id\":\"https:\\\/\\\/pans.krosno.pl\\\/pracownicy\\\/#\\\/schema\\\/logo\\\/image\\\/\"}}]}<\/script>\n<!-- \/ Yoast SEO Premium plugin. -->","yoast_head_json":{"title":"prof. dr hab. Grzegorz Przebinda - \u017byciorys naukowy - Pracownicy PANS w Kro\u015bnie","robots":{"index":"index","follow":"follow","max-snippet":"max-snippet:-1","max-image-preview":"max-image-preview:large","max-video-preview":"max-video-preview:-1"},"canonical":"https:\/\/pans.krosno.pl\/pracownicy\/grzegorz-przebinda\/grzegorz-przebinda-zyciorys-naukowy\/","og_locale":"pl_PL","og_type":"article","og_title":"prof. dr hab. Grzegorz Przebinda - \u017byciorys naukowy","og_description":"Urodzony 27 czerwca 1959 w Jaworznie. Dzieci\u0144stwo sp\u0119dzi\u0142 w Wo\u0142owicach nad Wis\u0142\u0105 w powiecie krakowskim. Tam r\u00f3wnie\u017c w latach 1966\u20131974 ucz\u0119szcza\u0142 do szko\u0142y podstawowej (obecnie im. Jana Paw\u0142a II). W latach 1974\u20131978 by\u0142 uczniem Liceum Og\u00f3lnokszta\u0142c\u0105cego im. Marii Sk\u0142odowskiej-Curie w Skawinie. W 1978\u20131983 studiowa\u0142 filologi\u0119 rosyjsk\u0105 w Instytucie Filologii Wschodnios\u0142owia\u0144skiej [\u2026] Read More","og_url":"https:\/\/pans.krosno.pl\/pracownicy\/grzegorz-przebinda\/grzegorz-przebinda-zyciorys-naukowy\/","og_site_name":"Pracownicy PANS w Kro\u015bnie","article_modified_time":"2025-05-20T11:17:39+00:00","twitter_card":"summary_large_image","twitter_misc":{"Szacowany czas czytania":"2 minuty"},"schema":{"@context":"https:\/\/schema.org","@graph":[{"@type":"WebPage","@id":"https:\/\/pans.krosno.pl\/pracownicy\/grzegorz-przebinda\/grzegorz-przebinda-zyciorys-naukowy\/","url":"https:\/\/pans.krosno.pl\/pracownicy\/grzegorz-przebinda\/grzegorz-przebinda-zyciorys-naukowy\/","name":"prof. dr hab. Grzegorz Przebinda - \u017byciorys naukowy - Pracownicy PANS w Kro\u015bnie","isPartOf":{"@id":"https:\/\/pans.krosno.pl\/pracownicy\/#website"},"datePublished":"2020-05-20T07:20:59+00:00","dateModified":"2025-05-20T11:17:39+00:00","breadcrumb":{"@id":"https:\/\/pans.krosno.pl\/pracownicy\/grzegorz-przebinda\/grzegorz-przebinda-zyciorys-naukowy\/#breadcrumb"},"inLanguage":"pl-PL","potentialAction":[{"@type":"ReadAction","target":["https:\/\/pans.krosno.pl\/pracownicy\/grzegorz-przebinda\/grzegorz-przebinda-zyciorys-naukowy\/"]}]},{"@type":"BreadcrumbList","@id":"https:\/\/pans.krosno.pl\/pracownicy\/grzegorz-przebinda\/grzegorz-przebinda-zyciorys-naukowy\/#breadcrumb","itemListElement":[{"@type":"ListItem","position":1,"name":"Strona g\u0142\u00f3wna","item":"https:\/\/pans.krosno.pl\/pracownicy\/"},{"@type":"ListItem","position":2,"name":"prof. dr hab. Grzegorz Przebinda","item":"https:\/\/pans.krosno.pl\/pracownicy\/grzegorz-przebinda\/"},{"@type":"ListItem","position":3,"name":"prof. dr hab. Grzegorz Przebinda &#8211; \u017byciorys naukowy"}]},{"@type":"WebSite","@id":"https:\/\/pans.krosno.pl\/pracownicy\/#website","url":"https:\/\/pans.krosno.pl\/pracownicy\/","name":"Pracownicy PANS w Kro\u015bnie","description":"Pracownicy - Pa\u0144stwowa Akademia Nauk Stosowanych","publisher":{"@id":"https:\/\/pans.krosno.pl\/pracownicy\/#organization"},"potentialAction":[{"@type":"SearchAction","target":{"@type":"EntryPoint","urlTemplate":"https:\/\/pans.krosno.pl\/pracownicy\/?s={search_term_string}"},"query-input":{"@type":"PropertyValueSpecification","valueRequired":true,"valueName":"search_term_string"}}],"inLanguage":"pl-PL"},{"@type":"Organization","@id":"https:\/\/pans.krosno.pl\/pracownicy\/#organization","name":"Pracownicy PANS w Kro\u015bnie","url":"https:\/\/pans.krosno.pl\/pracownicy\/","logo":{"@type":"ImageObject","inLanguage":"pl-PL","@id":"https:\/\/pans.krosno.pl\/pracownicy\/#\/schema\/logo\/image\/","url":"https:\/\/pans.krosno.pl\/pracownicy\/wp-content\/uploads\/sites\/41\/2023\/01\/Logo-PANS-2022-pelne.png","contentUrl":"https:\/\/pans.krosno.pl\/pracownicy\/wp-content\/uploads\/sites\/41\/2023\/01\/Logo-PANS-2022-pelne.png","width":3096,"height":696,"caption":"Pracownicy PANS w Kro\u015bnie"},"image":{"@id":"https:\/\/pans.krosno.pl\/pracownicy\/#\/schema\/logo\/image\/"}}]}},"_links":{"self":[{"href":"https:\/\/pans.krosno.pl\/pracownicy\/wp-json\/wp\/v2\/pages\/6038","targetHints":{"allow":["GET"]}}],"collection":[{"href":"https:\/\/pans.krosno.pl\/pracownicy\/wp-json\/wp\/v2\/pages"}],"about":[{"href":"https:\/\/pans.krosno.pl\/pracownicy\/wp-json\/wp\/v2\/types\/page"}],"author":[{"embeddable":true,"href":"https:\/\/pans.krosno.pl\/pracownicy\/wp-json\/wp\/v2\/users\/34"}],"replies":[{"embeddable":true,"href":"https:\/\/pans.krosno.pl\/pracownicy\/wp-json\/wp\/v2\/comments?post=6038"}],"version-history":[{"count":7,"href":"https:\/\/pans.krosno.pl\/pracownicy\/wp-json\/wp\/v2\/pages\/6038\/revisions"}],"predecessor-version":[{"id":10905,"href":"https:\/\/pans.krosno.pl\/pracownicy\/wp-json\/wp\/v2\/pages\/6038\/revisions\/10905"}],"up":[{"embeddable":true,"href":"https:\/\/pans.krosno.pl\/pracownicy\/wp-json\/wp\/v2\/pages\/6034"}],"wp:attachment":[{"href":"https:\/\/pans.krosno.pl\/pracownicy\/wp-json\/wp\/v2\/media?parent=6038"}],"curies":[{"name":"wp","href":"https:\/\/api.w.org\/{rel}","templated":true}]}}