{"id":6034,"date":"2020-05-20T09:19:16","date_gmt":"2020-05-20T07:19:16","guid":{"rendered":"https:\/\/pans.krosno.pl\/pracownicy\/?page_id=6034"},"modified":"2025-05-16T12:03:30","modified_gmt":"2025-05-16T10:03:30","slug":"grzegorz-przebinda","status":"publish","type":"page","link":"https:\/\/pans.krosno.pl\/pracownicy\/grzegorz-przebinda\/","title":{"rendered":"prof. dr hab. Grzegorz Przebinda"},"content":{"rendered":"\n<h3 class=\"wp-block-heading\" id=\"h-zaklad-studiow-dwujezykowych\"><strong>Zak\u0142ad <\/strong>Studi\u00f3w Dwuj\u0119zykowych<\/h3>\n\n\n\n<hr class=\"wp-block-separator has-css-opacity\" \/>\n\n\n<p>Filolog rusycysta, historyk idei. Autor oko\u0142o 400 publikacji \u2013 po polsku, rosyjsku, francusku, ukrai\u0144sku, angielsku, bia\u0142orusku, czesku i fi\u0144sku \u2013 w tym dziewi\u0119ciu ksi\u0105\u017cek na temat kultury i historii Rosji, Ukrainy i Bia\u0142orusi, tak\u017ce ich zwi\u0105zk\u00f3w z dawn\u0105 i now\u0105 Polsk\u0105. Autorskie edycje ksi\u0105\u017ckowe: <em>W\u0142odzimierz So\u0142owjow wobec historii<\/em> (Krak\u00f3w: Arka, 1992), <em>Miko\u0142aj Czernyszewski. P\u00f3\u017any wnuk O\u015bwiecenia<\/em> (Katowice: \u015al\u0105sk, 1996), <em>Od Czaadajewa do Bierdiajewa. Sp\u00f3r o Boga i cz\u0142owieka w rosyjskiej my\u015bli filozoficznej (1832\u20131922)<\/em> (Krak\u00f3w: Polska Akademia Umiej\u0119tno\u015bci, 1998), <em>Zau\u0142ki Mistrza Wolanda<\/em> (Krak\u00f3w: Oficyna Literacka, 2000), <em>Kto jest kim w Rosji po 1917 roku<\/em> (Krak\u00f3w: Znak, 2000), <em>Wi\u0119ksza Europa. Papie\u017c wobec Rosji i Ukrainy<\/em> (Krak\u00f3w: Znak, 2001), <em>Mi\u0119dzy Moskw\u0105 a Rzymem. My\u015bl religijna w Rosji XIX i XX wieku<\/em> (Krak\u00f3w: Universitas, 2003), <em>Piek\u0142o z widokiem na niebo. Spotkania z Rosj\u0105 1999\u20132004<\/em> (Krak\u00f3w: Znak, 2004), <em>\u041c\u0435\u0436\u0434\u0443 \u041a\u0440\u0430\u043a\u043e\u0432\u043e\u043c, \u0420\u0438\u043c\u043e\u043c \u0438 \u041c\u043e\u0441\u043a\u0432\u043e\u0439. \u0420\u0443\u0441\u0441\u043a\u0430\u044f \u0438\u0434\u0435\u044f \u0432 \u043d\u043e\u0432\u043e\u0439 \u041f\u043e\u043b\u044c\u0448\u0435<\/em> (Moskwa: Rossijskij Gosudarstwiennyj Gumanitarnyj Uniwersitiet, 2013). Przet\u0142umaczy\u0142 na polski \u2013 razem z \u017con\u0105 Leokadi\u0105 Ann\u0105, synem Igorem i przy wydatnej pomocy c\u00f3rki Anety \u2013 <em>Mistrza i Ma\u0142gorzat\u0119<\/em> Michai\u0142a Bu\u0142hakowa, opatruj\u0105c wydanie filologicznym komentarzem (Krak\u00f3w: Znak, 2016).<\/p>\n\n\n<hr class=\"wp-block-separator has-css-opacity\" \/>\n\n\n\n<div class=\"wp-block-columns is-layout-flex wp-container-core-columns-is-layout-28f84493 wp-block-columns-is-layout-flex\">\n<div class=\"wp-block-column is-layout-flow wp-block-column-is-layout-flow\" style=\"flex-basis:22%\">\n<figure class=\"wp-block-image size-large is-resized\"><img loading=\"lazy\" decoding=\"async\" width=\"1024\" height=\"684\" src=\"https:\/\/pans.krosno.pl\/pracownicy\/wp-content\/uploads\/sites\/41\/2020\/05\/Prof.-Przebinda_1-1024x684.jpg\" alt=\"\" class=\"wp-image-6036\" style=\"width:176px;height:117px\" srcset=\"https:\/\/pans.krosno.pl\/pracownicy\/wp-content\/uploads\/sites\/41\/2020\/05\/Prof.-Przebinda_1-1024x684.jpg 1024w, https:\/\/pans.krosno.pl\/pracownicy\/wp-content\/uploads\/sites\/41\/2020\/05\/Prof.-Przebinda_1-300x200.jpg 300w, https:\/\/pans.krosno.pl\/pracownicy\/wp-content\/uploads\/sites\/41\/2020\/05\/Prof.-Przebinda_1-768x513.jpg 768w, https:\/\/pans.krosno.pl\/pracownicy\/wp-content\/uploads\/sites\/41\/2020\/05\/Prof.-Przebinda_1-1536x1025.jpg 1536w, https:\/\/pans.krosno.pl\/pracownicy\/wp-content\/uploads\/sites\/41\/2020\/05\/Prof.-Przebinda_1-800x534.jpg 800w, https:\/\/pans.krosno.pl\/pracownicy\/wp-content\/uploads\/sites\/41\/2020\/05\/Prof.-Przebinda_1-580x387.jpg 580w, https:\/\/pans.krosno.pl\/pracownicy\/wp-content\/uploads\/sites\/41\/2020\/05\/Prof.-Przebinda_1.jpg 2000w\" sizes=\"auto, (max-width: 1024px) 100vw, 1024px\" \/><\/figure>\n\n\n\n<p><\/p>\n<\/div>\n\n\n\n<div class=\"wp-block-column is-layout-flow wp-block-column-is-layout-flow\" style=\"flex-basis:78%\">\n<ul class=\"wp-block-list\">\n<li><a href=\"https:\/\/pans.krosno.pl\/pracownicy\/grzegorz-przebinda\/grzegorz-przebinda-zyciorys-naukowy\/\">\u017byciorys naukowy <\/a><\/li>\n\n\n\n<li><a href=\"https:\/\/pans.krosno.pl\/pracownicy\/grzegorz-przebinda\/grzegorz-przebinda-funkcje-uczelniane-i-akademickie\/\">Funkcje uczelniane i akademickie<\/a><\/li>\n\n\n\n<li><a href=\"https:\/\/pans.krosno.pl\/pracownicy\/grzegorz-przebinda\/grzegorz-przebinda-doswiadczenie-pozauczelniane\/\">Do\u015bwiadczenie pozauczelniane<\/a><\/li>\n\n\n\n<li><a href=\"https:\/\/pans.krosno.pl\/pracownicy\/grzegorz-przebinda\/grzegorz-przebinda-najwazniejsze-publikacje\/\">Ksi\u0105\u017cki i artyku\u0142y<\/a><\/li>\n\n\n\n<li><a href=\"https:\/\/pans.krosno.pl\/pracownicy\/grzegorz-przebinda\/grzegorz-przebinda-najwazniejsze-nagrody-i-wyroznienia\/\">Nagrody i wyr\u00f3\u017cnienia<\/a><\/li>\n\n\n\n<li><a href=\"https:\/\/pans.krosno.pl\/pracownicy\/grzegorz-przebinda\/grzegorz-przebinda-zainteresowania\/\">Zainteresowania<\/a><\/li>\n<\/ul>\n\n\n\n<hr class=\"wp-block-separator has-css-opacity\" \/>\n\n\n\n<figure class=\"wp-block-table aligncenter is-style-stripes\"><table><tbody><tr><td class=\"has-text-align-left\" data-align=\"left\">Telefon: 13 43 755 40<\/td><\/tr><tr><td class=\"has-text-align-left\" data-align=\"left\">E-mail: <br><a href=\"mailto:grzegorz.przebinda@pans.krosno.pl\">grzegorz.przebinda@pans.krosno.pl<\/a><br><a href=\"mailto:grzegorz.przebinda@uj.edu.pl\">grzegorz.przebinda@uj.edu.pl<\/a><br>Strona domowa: <a href=\"http:\/\/przebindapisze.pl\/\">przebindapisze.pl<\/a><br>ORCID: <a href=\"http:\/\/orcid.org\/0000-0001-9581-0214\">http:\/\/orcid.org\/0000-0001-9581-0214<\/a><br>Wikipedia: <a href=\"https:\/\/pl.wikipedia.org\/wiki\/Grzegorz_Przebinda\">https:\/\/pl.wikipedia.org\/wiki\/Grzegorz_Przebinda<\/a><\/td><\/tr><tr><td class=\"has-text-align-left\" data-align=\"left\">Konsultacje: <a href=\"https:\/\/pans.krosno.pl\/dsdt\/dyzury-pracownikow\/\">Dy\u017cur pracownika<\/a><\/td><\/tr><\/tbody><\/table><\/figure>\n<\/div>\n<\/div>\n\n\n\n<hr class=\"wp-block-separator has-css-opacity\" \/>\n\n\n\n<p><\/p>\n","protected":false},"excerpt":{"rendered":"<p>Zak\u0142ad Studi\u00f3w Dwuj\u0119zykowych Filolog rusycysta, historyk idei. Autor oko\u0142o 400 publikacji \u2013 po polsku, rosyjsku, francusku, ukrai\u0144sku, angielsku, bia\u0142orusku, czesku i fi\u0144sku \u2013 w tym dziewi\u0119ciu ksi\u0105\u017cek na temat kultury i historii Rosji, Ukrainy i Bia\u0142orusi, tak\u017ce ich zwi\u0105zk\u00f3w z dawn\u0105 i now\u0105 Polsk\u0105. Autorskie edycje ksi\u0105\u017ckowe: W\u0142odzimierz So\u0142owjow wobec [\u2026] <\/p>\n<div class=\"clear\"><\/div>\n<p><a class=\"more_link clearfix\" href=\"https:\/\/pans.krosno.pl\/pracownicy\/grzegorz-przebinda\/\" rel=\"nofollow\">Read More<\/a><\/p>\n","protected":false},"author":34,"featured_media":0,"parent":0,"menu_order":0,"comment_status":"closed","ping_status":"closed","template":"","meta":{"ngg_post_thumbnail":0,"footnotes":""},"class_list":["post-6034","page","type-page","status-publish","hentry"],"yoast_head":"<!-- This site is optimized with the Yoast SEO Premium plugin v27.3 (Yoast SEO v27.3) - https:\/\/yoast.com\/product\/yoast-seo-premium-wordpress\/ -->\n<title>prof. dr hab. Grzegorz Przebinda - Pracownicy PANS w Kro\u015bnie<\/title>\n<meta name=\"robots\" content=\"index, follow, max-snippet:-1, max-image-preview:large, max-video-preview:-1\" \/>\n<link rel=\"canonical\" href=\"https:\/\/pans.krosno.pl\/pracownicy\/grzegorz-przebinda\/\" \/>\n<meta property=\"og:locale\" content=\"pl_PL\" \/>\n<meta property=\"og:type\" content=\"article\" \/>\n<meta property=\"og:title\" content=\"prof. dr hab. Grzegorz Przebinda\" \/>\n<meta property=\"og:description\" content=\"Zak\u0142ad Studi\u00f3w Dwuj\u0119zykowych Filolog rusycysta, historyk idei. Autor oko\u0142o 400 publikacji \u2013 po polsku, rosyjsku, francusku, ukrai\u0144sku, angielsku, bia\u0142orusku, czesku i fi\u0144sku \u2013 w tym dziewi\u0119ciu ksi\u0105\u017cek na temat kultury i historii Rosji, Ukrainy i Bia\u0142orusi, tak\u017ce ich zwi\u0105zk\u00f3w z dawn\u0105 i now\u0105 Polsk\u0105. Autorskie edycje ksi\u0105\u017ckowe: W\u0142odzimierz So\u0142owjow wobec [\u2026] Read More\" \/>\n<meta property=\"og:url\" content=\"https:\/\/pans.krosno.pl\/pracownicy\/grzegorz-przebinda\/\" \/>\n<meta property=\"og:site_name\" content=\"Pracownicy PANS w Kro\u015bnie\" \/>\n<meta property=\"article:modified_time\" content=\"2025-05-16T10:03:30+00:00\" \/>\n<meta property=\"og:image\" content=\"https:\/\/pans.krosno.pl\/pracownicy\/wp-content\/uploads\/sites\/41\/2020\/05\/Prof.-Przebinda_1.jpg\" \/>\n\t<meta property=\"og:image:width\" content=\"2000\" \/>\n\t<meta property=\"og:image:height\" content=\"1335\" \/>\n\t<meta property=\"og:image:type\" content=\"image\/jpeg\" \/>\n<meta name=\"twitter:card\" content=\"summary_large_image\" \/>\n<meta name=\"twitter:label1\" content=\"Szacowany czas czytania\" \/>\n\t<meta name=\"twitter:data1\" content=\"2 minuty\" \/>\n<script type=\"application\/ld+json\" class=\"yoast-schema-graph\">{\"@context\":\"https:\\\/\\\/schema.org\",\"@graph\":[{\"@type\":\"WebPage\",\"@id\":\"https:\\\/\\\/pans.krosno.pl\\\/pracownicy\\\/grzegorz-przebinda\\\/\",\"url\":\"https:\\\/\\\/pans.krosno.pl\\\/pracownicy\\\/grzegorz-przebinda\\\/\",\"name\":\"prof. dr hab. Grzegorz Przebinda - Pracownicy PANS w Kro\u015bnie\",\"isPartOf\":{\"@id\":\"https:\\\/\\\/pans.krosno.pl\\\/pracownicy\\\/#website\"},\"primaryImageOfPage\":{\"@id\":\"https:\\\/\\\/pans.krosno.pl\\\/pracownicy\\\/grzegorz-przebinda\\\/#primaryimage\"},\"image\":{\"@id\":\"https:\\\/\\\/pans.krosno.pl\\\/pracownicy\\\/grzegorz-przebinda\\\/#primaryimage\"},\"thumbnailUrl\":\"https:\\\/\\\/pans.krosno.pl\\\/pracownicy\\\/wp-content\\\/uploads\\\/sites\\\/41\\\/2020\\\/05\\\/Prof.-Przebinda_1-1024x684.jpg\",\"datePublished\":\"2020-05-20T07:19:16+00:00\",\"dateModified\":\"2025-05-16T10:03:30+00:00\",\"breadcrumb\":{\"@id\":\"https:\\\/\\\/pans.krosno.pl\\\/pracownicy\\\/grzegorz-przebinda\\\/#breadcrumb\"},\"inLanguage\":\"pl-PL\",\"potentialAction\":[{\"@type\":\"ReadAction\",\"target\":[\"https:\\\/\\\/pans.krosno.pl\\\/pracownicy\\\/grzegorz-przebinda\\\/\"]}]},{\"@type\":\"ImageObject\",\"inLanguage\":\"pl-PL\",\"@id\":\"https:\\\/\\\/pans.krosno.pl\\\/pracownicy\\\/grzegorz-przebinda\\\/#primaryimage\",\"url\":\"https:\\\/\\\/pans.krosno.pl\\\/pracownicy\\\/wp-content\\\/uploads\\\/sites\\\/41\\\/2020\\\/05\\\/Prof.-Przebinda_1.jpg\",\"contentUrl\":\"https:\\\/\\\/pans.krosno.pl\\\/pracownicy\\\/wp-content\\\/uploads\\\/sites\\\/41\\\/2020\\\/05\\\/Prof.-Przebinda_1.jpg\",\"width\":2000,\"height\":1335},{\"@type\":\"BreadcrumbList\",\"@id\":\"https:\\\/\\\/pans.krosno.pl\\\/pracownicy\\\/grzegorz-przebinda\\\/#breadcrumb\",\"itemListElement\":[{\"@type\":\"ListItem\",\"position\":1,\"name\":\"Strona g\u0142\u00f3wna\",\"item\":\"https:\\\/\\\/pans.krosno.pl\\\/pracownicy\\\/\"},{\"@type\":\"ListItem\",\"position\":2,\"name\":\"prof. dr hab. Grzegorz Przebinda\"}]},{\"@type\":\"WebSite\",\"@id\":\"https:\\\/\\\/pans.krosno.pl\\\/pracownicy\\\/#website\",\"url\":\"https:\\\/\\\/pans.krosno.pl\\\/pracownicy\\\/\",\"name\":\"Pracownicy PANS w Kro\u015bnie\",\"description\":\"Pracownicy - Pa\u0144stwowa Akademia Nauk Stosowanych\",\"publisher\":{\"@id\":\"https:\\\/\\\/pans.krosno.pl\\\/pracownicy\\\/#organization\"},\"potentialAction\":[{\"@type\":\"SearchAction\",\"target\":{\"@type\":\"EntryPoint\",\"urlTemplate\":\"https:\\\/\\\/pans.krosno.pl\\\/pracownicy\\\/?s={search_term_string}\"},\"query-input\":{\"@type\":\"PropertyValueSpecification\",\"valueRequired\":true,\"valueName\":\"search_term_string\"}}],\"inLanguage\":\"pl-PL\"},{\"@type\":\"Organization\",\"@id\":\"https:\\\/\\\/pans.krosno.pl\\\/pracownicy\\\/#organization\",\"name\":\"Pracownicy PANS w Kro\u015bnie\",\"url\":\"https:\\\/\\\/pans.krosno.pl\\\/pracownicy\\\/\",\"logo\":{\"@type\":\"ImageObject\",\"inLanguage\":\"pl-PL\",\"@id\":\"https:\\\/\\\/pans.krosno.pl\\\/pracownicy\\\/#\\\/schema\\\/logo\\\/image\\\/\",\"url\":\"https:\\\/\\\/pans.krosno.pl\\\/pracownicy\\\/wp-content\\\/uploads\\\/sites\\\/41\\\/2023\\\/01\\\/Logo-PANS-2022-pelne.png\",\"contentUrl\":\"https:\\\/\\\/pans.krosno.pl\\\/pracownicy\\\/wp-content\\\/uploads\\\/sites\\\/41\\\/2023\\\/01\\\/Logo-PANS-2022-pelne.png\",\"width\":3096,\"height\":696,\"caption\":\"Pracownicy PANS w Kro\u015bnie\"},\"image\":{\"@id\":\"https:\\\/\\\/pans.krosno.pl\\\/pracownicy\\\/#\\\/schema\\\/logo\\\/image\\\/\"}}]}<\/script>\n<!-- \/ Yoast SEO Premium plugin. -->","yoast_head_json":{"title":"prof. dr hab. Grzegorz Przebinda - Pracownicy PANS w Kro\u015bnie","robots":{"index":"index","follow":"follow","max-snippet":"max-snippet:-1","max-image-preview":"max-image-preview:large","max-video-preview":"max-video-preview:-1"},"canonical":"https:\/\/pans.krosno.pl\/pracownicy\/grzegorz-przebinda\/","og_locale":"pl_PL","og_type":"article","og_title":"prof. dr hab. Grzegorz Przebinda","og_description":"Zak\u0142ad Studi\u00f3w Dwuj\u0119zykowych Filolog rusycysta, historyk idei. Autor oko\u0142o 400 publikacji \u2013 po polsku, rosyjsku, francusku, ukrai\u0144sku, angielsku, bia\u0142orusku, czesku i fi\u0144sku \u2013 w tym dziewi\u0119ciu ksi\u0105\u017cek na temat kultury i historii Rosji, Ukrainy i Bia\u0142orusi, tak\u017ce ich zwi\u0105zk\u00f3w z dawn\u0105 i now\u0105 Polsk\u0105. Autorskie edycje ksi\u0105\u017ckowe: W\u0142odzimierz So\u0142owjow wobec [\u2026] Read More","og_url":"https:\/\/pans.krosno.pl\/pracownicy\/grzegorz-przebinda\/","og_site_name":"Pracownicy PANS w Kro\u015bnie","article_modified_time":"2025-05-16T10:03:30+00:00","og_image":[{"width":2000,"height":1335,"url":"https:\/\/pans.krosno.pl\/pracownicy\/wp-content\/uploads\/sites\/41\/2020\/05\/Prof.-Przebinda_1.jpg","type":"image\/jpeg"}],"twitter_card":"summary_large_image","twitter_misc":{"Szacowany czas czytania":"2 minuty"},"schema":{"@context":"https:\/\/schema.org","@graph":[{"@type":"WebPage","@id":"https:\/\/pans.krosno.pl\/pracownicy\/grzegorz-przebinda\/","url":"https:\/\/pans.krosno.pl\/pracownicy\/grzegorz-przebinda\/","name":"prof. dr hab. Grzegorz Przebinda - Pracownicy PANS w Kro\u015bnie","isPartOf":{"@id":"https:\/\/pans.krosno.pl\/pracownicy\/#website"},"primaryImageOfPage":{"@id":"https:\/\/pans.krosno.pl\/pracownicy\/grzegorz-przebinda\/#primaryimage"},"image":{"@id":"https:\/\/pans.krosno.pl\/pracownicy\/grzegorz-przebinda\/#primaryimage"},"thumbnailUrl":"https:\/\/pans.krosno.pl\/pracownicy\/wp-content\/uploads\/sites\/41\/2020\/05\/Prof.-Przebinda_1-1024x684.jpg","datePublished":"2020-05-20T07:19:16+00:00","dateModified":"2025-05-16T10:03:30+00:00","breadcrumb":{"@id":"https:\/\/pans.krosno.pl\/pracownicy\/grzegorz-przebinda\/#breadcrumb"},"inLanguage":"pl-PL","potentialAction":[{"@type":"ReadAction","target":["https:\/\/pans.krosno.pl\/pracownicy\/grzegorz-przebinda\/"]}]},{"@type":"ImageObject","inLanguage":"pl-PL","@id":"https:\/\/pans.krosno.pl\/pracownicy\/grzegorz-przebinda\/#primaryimage","url":"https:\/\/pans.krosno.pl\/pracownicy\/wp-content\/uploads\/sites\/41\/2020\/05\/Prof.-Przebinda_1.jpg","contentUrl":"https:\/\/pans.krosno.pl\/pracownicy\/wp-content\/uploads\/sites\/41\/2020\/05\/Prof.-Przebinda_1.jpg","width":2000,"height":1335},{"@type":"BreadcrumbList","@id":"https:\/\/pans.krosno.pl\/pracownicy\/grzegorz-przebinda\/#breadcrumb","itemListElement":[{"@type":"ListItem","position":1,"name":"Strona g\u0142\u00f3wna","item":"https:\/\/pans.krosno.pl\/pracownicy\/"},{"@type":"ListItem","position":2,"name":"prof. dr hab. Grzegorz Przebinda"}]},{"@type":"WebSite","@id":"https:\/\/pans.krosno.pl\/pracownicy\/#website","url":"https:\/\/pans.krosno.pl\/pracownicy\/","name":"Pracownicy PANS w Kro\u015bnie","description":"Pracownicy - Pa\u0144stwowa Akademia Nauk Stosowanych","publisher":{"@id":"https:\/\/pans.krosno.pl\/pracownicy\/#organization"},"potentialAction":[{"@type":"SearchAction","target":{"@type":"EntryPoint","urlTemplate":"https:\/\/pans.krosno.pl\/pracownicy\/?s={search_term_string}"},"query-input":{"@type":"PropertyValueSpecification","valueRequired":true,"valueName":"search_term_string"}}],"inLanguage":"pl-PL"},{"@type":"Organization","@id":"https:\/\/pans.krosno.pl\/pracownicy\/#organization","name":"Pracownicy PANS w Kro\u015bnie","url":"https:\/\/pans.krosno.pl\/pracownicy\/","logo":{"@type":"ImageObject","inLanguage":"pl-PL","@id":"https:\/\/pans.krosno.pl\/pracownicy\/#\/schema\/logo\/image\/","url":"https:\/\/pans.krosno.pl\/pracownicy\/wp-content\/uploads\/sites\/41\/2023\/01\/Logo-PANS-2022-pelne.png","contentUrl":"https:\/\/pans.krosno.pl\/pracownicy\/wp-content\/uploads\/sites\/41\/2023\/01\/Logo-PANS-2022-pelne.png","width":3096,"height":696,"caption":"Pracownicy PANS w Kro\u015bnie"},"image":{"@id":"https:\/\/pans.krosno.pl\/pracownicy\/#\/schema\/logo\/image\/"}}]}},"_links":{"self":[{"href":"https:\/\/pans.krosno.pl\/pracownicy\/wp-json\/wp\/v2\/pages\/6034","targetHints":{"allow":["GET"]}}],"collection":[{"href":"https:\/\/pans.krosno.pl\/pracownicy\/wp-json\/wp\/v2\/pages"}],"about":[{"href":"https:\/\/pans.krosno.pl\/pracownicy\/wp-json\/wp\/v2\/types\/page"}],"author":[{"embeddable":true,"href":"https:\/\/pans.krosno.pl\/pracownicy\/wp-json\/wp\/v2\/users\/34"}],"replies":[{"embeddable":true,"href":"https:\/\/pans.krosno.pl\/pracownicy\/wp-json\/wp\/v2\/comments?post=6034"}],"version-history":[{"count":24,"href":"https:\/\/pans.krosno.pl\/pracownicy\/wp-json\/wp\/v2\/pages\/6034\/revisions"}],"predecessor-version":[{"id":10634,"href":"https:\/\/pans.krosno.pl\/pracownicy\/wp-json\/wp\/v2\/pages\/6034\/revisions\/10634"}],"wp:attachment":[{"href":"https:\/\/pans.krosno.pl\/pracownicy\/wp-json\/wp\/v2\/media?parent=6034"}],"curies":[{"name":"wp","href":"https:\/\/api.w.org\/{rel}","templated":true}]}}