{"id":6015,"date":"2020-05-14T09:46:53","date_gmt":"2020-05-14T07:46:53","guid":{"rendered":"https:\/\/pans.krosno.pl\/pracownicy\/?page_id=6015"},"modified":"2025-05-15T12:40:54","modified_gmt":"2025-05-15T10:40:54","slug":"barbara-krzysztofik-zyciorys-naukowy","status":"publish","type":"page","link":"https:\/\/pans.krosno.pl\/pracownicy\/barbara-krzysztofik\/barbara-krzysztofik-zyciorys-naukowy\/","title":{"rendered":"dr hab. Barbara Krzysztofik, prof. PANS &#8211; \u017byciorys naukowy"},"content":{"rendered":"<hr>\n<ul>\n<li>w 1972 r. &#8211; Liceum Ekonomiczne w Lipinach, woj. mazowieckie,<\/li>\n<li>w 1977 r. &#8211; Wydzia\u0142 Rolniczy, Uniwersytet Rolniczy w Krakowie w zakresie eksploatacja maszyn rolniczych i le\u015bnych,<\/li>\n<li>w 1986 r. &#8211; Doktorat w dyscyplinie in\u017cynieria rolnicza na temat: Odporno\u015b\u0107 bulw ziemniaka na mechaniczne uszkodzenia w okresie zbioru w zale\u017cno\u015bci od nawo\u017cenia mineralnego,<\/li>\n<li>w 2002 r. &#8211; Rozprawa habilitacyjna w dyscyplinie in\u017cynieria rolnicza na temat: Wp\u0142yw wybranych czynnik\u00f3w na budow\u0119 anatomiczn\u0105 i odporno\u015b\u0107 bulw ziemniaka na mechaniczne uszkodzenia,<\/li>\n<li>w 1979 r. -Studia Podyplomowe Doskonalenia Pedagogicznego dla M\u0142odych Nauczycieli \u2013 Uniwersytet Pedagogiczny w Krakowie,<\/li>\n<li>w 2007 r. &#8211; Studia Podyplomowe Zarz\u0105dzanie Jako\u015bci\u0105 w Przemy\u015ble Spo\u017cywczym \u2013 UR Krak\u00f3w,<\/li>\n<li>w 2007 r. &#8211; Audytor Wewn\u0119trznego Systemu Zarz\u0105dzania Bezpiecze\u0144stwem \u017bywno\u015bci, Polski Rejestr Statk\u00f3w,<\/li>\n<li>w 2009 r. &#8211; Studia podyplomowe \u201eZarz\u0105dzanie zasobami ludzkimi\u201d \u2013 UR Krak\u00f3w,<\/li>\n<li>w 2013 r. &#8211; EPAK , narz\u0119dzie optymalizacji jako\u015bci edukacji i sterowania \u015bcie\u017ck\u0105 kariery zawodowej, Politechnika Krakowska.<\/li>\n<\/ul>\n<hr>\n<p>&nbsp;<\/p>\n","protected":false},"excerpt":{"rendered":"<p>w 1972 r. &#8211; Liceum Ekonomiczne w Lipinach, woj. mazowieckie, w 1977 r. &#8211; Wydzia\u0142 Rolniczy, Uniwersytet Rolniczy w Krakowie w zakresie eksploatacja maszyn rolniczych i le\u015bnych, w 1986 r. &#8211; Doktorat w dyscyplinie in\u017cynieria rolnicza na temat: Odporno\u015b\u0107 bulw ziemniaka na mechaniczne uszkodzenia w okresie zbioru w zale\u017cno\u015bci od [\u2026] <\/p>\n<div class=\"clear\"><\/div>\n<p><a class=\"more_link clearfix\" href=\"https:\/\/pans.krosno.pl\/pracownicy\/barbara-krzysztofik\/barbara-krzysztofik-zyciorys-naukowy\/\" rel=\"nofollow\">Read More<\/a><\/p>\n","protected":false},"author":34,"featured_media":0,"parent":6013,"menu_order":0,"comment_status":"closed","ping_status":"closed","template":"","meta":{"ngg_post_thumbnail":0,"footnotes":""},"class_list":["post-6015","page","type-page","status-publish","hentry"],"yoast_head":"<!-- This site is optimized with the Yoast SEO Premium plugin v27.3 (Yoast SEO v27.3) - https:\/\/yoast.com\/product\/yoast-seo-premium-wordpress\/ -->\n<title>dr hab. Barbara Krzysztofik, prof. PANS - \u017byciorys naukowy - Pracownicy PANS w Kro\u015bnie<\/title>\n<meta name=\"robots\" content=\"index, follow, max-snippet:-1, max-image-preview:large, max-video-preview:-1\" \/>\n<link rel=\"canonical\" href=\"https:\/\/pans.krosno.pl\/pracownicy\/barbara-krzysztofik\/barbara-krzysztofik-zyciorys-naukowy\/\" \/>\n<meta property=\"og:locale\" content=\"pl_PL\" \/>\n<meta property=\"og:type\" content=\"article\" \/>\n<meta property=\"og:title\" content=\"dr hab. Barbara Krzysztofik, prof. PANS - \u017byciorys naukowy\" \/>\n<meta property=\"og:description\" content=\"w 1972 r. &#8211; Liceum Ekonomiczne w Lipinach, woj. mazowieckie, w 1977 r. &#8211; Wydzia\u0142 Rolniczy, Uniwersytet Rolniczy w Krakowie w zakresie eksploatacja maszyn rolniczych i le\u015bnych, w 1986 r. &#8211; Doktorat w dyscyplinie in\u017cynieria rolnicza na temat: Odporno\u015b\u0107 bulw ziemniaka na mechaniczne uszkodzenia w okresie zbioru w zale\u017cno\u015bci od [\u2026] Read More\" \/>\n<meta property=\"og:url\" content=\"https:\/\/pans.krosno.pl\/pracownicy\/barbara-krzysztofik\/barbara-krzysztofik-zyciorys-naukowy\/\" \/>\n<meta property=\"og:site_name\" content=\"Pracownicy PANS w Kro\u015bnie\" \/>\n<meta property=\"article:modified_time\" content=\"2025-05-15T10:40:54+00:00\" \/>\n<meta name=\"twitter:card\" content=\"summary_large_image\" \/>\n<meta name=\"twitter:label1\" content=\"Szacowany czas czytania\" \/>\n\t<meta name=\"twitter:data1\" content=\"1 minuta\" \/>\n<script type=\"application\/ld+json\" class=\"yoast-schema-graph\">{\"@context\":\"https:\\\/\\\/schema.org\",\"@graph\":[{\"@type\":\"WebPage\",\"@id\":\"https:\\\/\\\/pans.krosno.pl\\\/pracownicy\\\/barbara-krzysztofik\\\/barbara-krzysztofik-zyciorys-naukowy\\\/\",\"url\":\"https:\\\/\\\/pans.krosno.pl\\\/pracownicy\\\/barbara-krzysztofik\\\/barbara-krzysztofik-zyciorys-naukowy\\\/\",\"name\":\"dr hab. Barbara Krzysztofik, prof. PANS - \u017byciorys naukowy - Pracownicy PANS w Kro\u015bnie\",\"isPartOf\":{\"@id\":\"https:\\\/\\\/pans.krosno.pl\\\/pracownicy\\\/#website\"},\"datePublished\":\"2020-05-14T07:46:53+00:00\",\"dateModified\":\"2025-05-15T10:40:54+00:00\",\"breadcrumb\":{\"@id\":\"https:\\\/\\\/pans.krosno.pl\\\/pracownicy\\\/barbara-krzysztofik\\\/barbara-krzysztofik-zyciorys-naukowy\\\/#breadcrumb\"},\"inLanguage\":\"pl-PL\",\"potentialAction\":[{\"@type\":\"ReadAction\",\"target\":[\"https:\\\/\\\/pans.krosno.pl\\\/pracownicy\\\/barbara-krzysztofik\\\/barbara-krzysztofik-zyciorys-naukowy\\\/\"]}]},{\"@type\":\"BreadcrumbList\",\"@id\":\"https:\\\/\\\/pans.krosno.pl\\\/pracownicy\\\/barbara-krzysztofik\\\/barbara-krzysztofik-zyciorys-naukowy\\\/#breadcrumb\",\"itemListElement\":[{\"@type\":\"ListItem\",\"position\":1,\"name\":\"Strona g\u0142\u00f3wna\",\"item\":\"https:\\\/\\\/pans.krosno.pl\\\/pracownicy\\\/\"},{\"@type\":\"ListItem\",\"position\":2,\"name\":\"dr hab. Barbara Krzysztofik, prof. PANS\",\"item\":\"https:\\\/\\\/pans.krosno.pl\\\/pracownicy\\\/barbara-krzysztofik\\\/\"},{\"@type\":\"ListItem\",\"position\":3,\"name\":\"dr hab. Barbara Krzysztofik, prof. PANS &#8211; \u017byciorys naukowy\"}]},{\"@type\":\"WebSite\",\"@id\":\"https:\\\/\\\/pans.krosno.pl\\\/pracownicy\\\/#website\",\"url\":\"https:\\\/\\\/pans.krosno.pl\\\/pracownicy\\\/\",\"name\":\"Pracownicy PANS w Kro\u015bnie\",\"description\":\"Pracownicy - Pa\u0144stwowa Akademia Nauk Stosowanych\",\"publisher\":{\"@id\":\"https:\\\/\\\/pans.krosno.pl\\\/pracownicy\\\/#organization\"},\"potentialAction\":[{\"@type\":\"SearchAction\",\"target\":{\"@type\":\"EntryPoint\",\"urlTemplate\":\"https:\\\/\\\/pans.krosno.pl\\\/pracownicy\\\/?s={search_term_string}\"},\"query-input\":{\"@type\":\"PropertyValueSpecification\",\"valueRequired\":true,\"valueName\":\"search_term_string\"}}],\"inLanguage\":\"pl-PL\"},{\"@type\":\"Organization\",\"@id\":\"https:\\\/\\\/pans.krosno.pl\\\/pracownicy\\\/#organization\",\"name\":\"Pracownicy PANS w Kro\u015bnie\",\"url\":\"https:\\\/\\\/pans.krosno.pl\\\/pracownicy\\\/\",\"logo\":{\"@type\":\"ImageObject\",\"inLanguage\":\"pl-PL\",\"@id\":\"https:\\\/\\\/pans.krosno.pl\\\/pracownicy\\\/#\\\/schema\\\/logo\\\/image\\\/\",\"url\":\"https:\\\/\\\/pans.krosno.pl\\\/pracownicy\\\/wp-content\\\/uploads\\\/sites\\\/41\\\/2023\\\/01\\\/Logo-PANS-2022-pelne.png\",\"contentUrl\":\"https:\\\/\\\/pans.krosno.pl\\\/pracownicy\\\/wp-content\\\/uploads\\\/sites\\\/41\\\/2023\\\/01\\\/Logo-PANS-2022-pelne.png\",\"width\":3096,\"height\":696,\"caption\":\"Pracownicy PANS w Kro\u015bnie\"},\"image\":{\"@id\":\"https:\\\/\\\/pans.krosno.pl\\\/pracownicy\\\/#\\\/schema\\\/logo\\\/image\\\/\"}}]}<\/script>\n<!-- \/ Yoast SEO Premium plugin. -->","yoast_head_json":{"title":"dr hab. Barbara Krzysztofik, prof. PANS - \u017byciorys naukowy - Pracownicy PANS w Kro\u015bnie","robots":{"index":"index","follow":"follow","max-snippet":"max-snippet:-1","max-image-preview":"max-image-preview:large","max-video-preview":"max-video-preview:-1"},"canonical":"https:\/\/pans.krosno.pl\/pracownicy\/barbara-krzysztofik\/barbara-krzysztofik-zyciorys-naukowy\/","og_locale":"pl_PL","og_type":"article","og_title":"dr hab. Barbara Krzysztofik, prof. PANS - \u017byciorys naukowy","og_description":"w 1972 r. &#8211; Liceum Ekonomiczne w Lipinach, woj. mazowieckie, w 1977 r. &#8211; Wydzia\u0142 Rolniczy, Uniwersytet Rolniczy w Krakowie w zakresie eksploatacja maszyn rolniczych i le\u015bnych, w 1986 r. &#8211; Doktorat w dyscyplinie in\u017cynieria rolnicza na temat: Odporno\u015b\u0107 bulw ziemniaka na mechaniczne uszkodzenia w okresie zbioru w zale\u017cno\u015bci od [\u2026] Read More","og_url":"https:\/\/pans.krosno.pl\/pracownicy\/barbara-krzysztofik\/barbara-krzysztofik-zyciorys-naukowy\/","og_site_name":"Pracownicy PANS w Kro\u015bnie","article_modified_time":"2025-05-15T10:40:54+00:00","twitter_card":"summary_large_image","twitter_misc":{"Szacowany czas czytania":"1 minuta"},"schema":{"@context":"https:\/\/schema.org","@graph":[{"@type":"WebPage","@id":"https:\/\/pans.krosno.pl\/pracownicy\/barbara-krzysztofik\/barbara-krzysztofik-zyciorys-naukowy\/","url":"https:\/\/pans.krosno.pl\/pracownicy\/barbara-krzysztofik\/barbara-krzysztofik-zyciorys-naukowy\/","name":"dr hab. Barbara Krzysztofik, prof. PANS - \u017byciorys naukowy - Pracownicy PANS w Kro\u015bnie","isPartOf":{"@id":"https:\/\/pans.krosno.pl\/pracownicy\/#website"},"datePublished":"2020-05-14T07:46:53+00:00","dateModified":"2025-05-15T10:40:54+00:00","breadcrumb":{"@id":"https:\/\/pans.krosno.pl\/pracownicy\/barbara-krzysztofik\/barbara-krzysztofik-zyciorys-naukowy\/#breadcrumb"},"inLanguage":"pl-PL","potentialAction":[{"@type":"ReadAction","target":["https:\/\/pans.krosno.pl\/pracownicy\/barbara-krzysztofik\/barbara-krzysztofik-zyciorys-naukowy\/"]}]},{"@type":"BreadcrumbList","@id":"https:\/\/pans.krosno.pl\/pracownicy\/barbara-krzysztofik\/barbara-krzysztofik-zyciorys-naukowy\/#breadcrumb","itemListElement":[{"@type":"ListItem","position":1,"name":"Strona g\u0142\u00f3wna","item":"https:\/\/pans.krosno.pl\/pracownicy\/"},{"@type":"ListItem","position":2,"name":"dr hab. Barbara Krzysztofik, prof. PANS","item":"https:\/\/pans.krosno.pl\/pracownicy\/barbara-krzysztofik\/"},{"@type":"ListItem","position":3,"name":"dr hab. Barbara Krzysztofik, prof. PANS &#8211; \u017byciorys naukowy"}]},{"@type":"WebSite","@id":"https:\/\/pans.krosno.pl\/pracownicy\/#website","url":"https:\/\/pans.krosno.pl\/pracownicy\/","name":"Pracownicy PANS w Kro\u015bnie","description":"Pracownicy - Pa\u0144stwowa Akademia Nauk Stosowanych","publisher":{"@id":"https:\/\/pans.krosno.pl\/pracownicy\/#organization"},"potentialAction":[{"@type":"SearchAction","target":{"@type":"EntryPoint","urlTemplate":"https:\/\/pans.krosno.pl\/pracownicy\/?s={search_term_string}"},"query-input":{"@type":"PropertyValueSpecification","valueRequired":true,"valueName":"search_term_string"}}],"inLanguage":"pl-PL"},{"@type":"Organization","@id":"https:\/\/pans.krosno.pl\/pracownicy\/#organization","name":"Pracownicy PANS w Kro\u015bnie","url":"https:\/\/pans.krosno.pl\/pracownicy\/","logo":{"@type":"ImageObject","inLanguage":"pl-PL","@id":"https:\/\/pans.krosno.pl\/pracownicy\/#\/schema\/logo\/image\/","url":"https:\/\/pans.krosno.pl\/pracownicy\/wp-content\/uploads\/sites\/41\/2023\/01\/Logo-PANS-2022-pelne.png","contentUrl":"https:\/\/pans.krosno.pl\/pracownicy\/wp-content\/uploads\/sites\/41\/2023\/01\/Logo-PANS-2022-pelne.png","width":3096,"height":696,"caption":"Pracownicy PANS w Kro\u015bnie"},"image":{"@id":"https:\/\/pans.krosno.pl\/pracownicy\/#\/schema\/logo\/image\/"}}]}},"_links":{"self":[{"href":"https:\/\/pans.krosno.pl\/pracownicy\/wp-json\/wp\/v2\/pages\/6015","targetHints":{"allow":["GET"]}}],"collection":[{"href":"https:\/\/pans.krosno.pl\/pracownicy\/wp-json\/wp\/v2\/pages"}],"about":[{"href":"https:\/\/pans.krosno.pl\/pracownicy\/wp-json\/wp\/v2\/types\/page"}],"author":[{"embeddable":true,"href":"https:\/\/pans.krosno.pl\/pracownicy\/wp-json\/wp\/v2\/users\/34"}],"replies":[{"embeddable":true,"href":"https:\/\/pans.krosno.pl\/pracownicy\/wp-json\/wp\/v2\/comments?post=6015"}],"version-history":[{"count":5,"href":"https:\/\/pans.krosno.pl\/pracownicy\/wp-json\/wp\/v2\/pages\/6015\/revisions"}],"predecessor-version":[{"id":9416,"href":"https:\/\/pans.krosno.pl\/pracownicy\/wp-json\/wp\/v2\/pages\/6015\/revisions\/9416"}],"up":[{"embeddable":true,"href":"https:\/\/pans.krosno.pl\/pracownicy\/wp-json\/wp\/v2\/pages\/6013"}],"wp:attachment":[{"href":"https:\/\/pans.krosno.pl\/pracownicy\/wp-json\/wp\/v2\/media?parent=6015"}],"curies":[{"name":"wp","href":"https:\/\/api.w.org\/{rel}","templated":true}]}}