{"id":593,"date":"2020-03-30T11:45:11","date_gmt":"2020-03-30T09:45:11","guid":{"rendered":"https:\/\/pans.krosno.pl\/pracownicy\/?page_id=593"},"modified":"2025-05-20T13:57:45","modified_gmt":"2025-05-20T11:57:45","slug":"jolanta-wojtowicz-najwazniejsze-publikacje","status":"publish","type":"page","link":"https:\/\/pans.krosno.pl\/pracownicy\/jolanta-wojtowicz\/jolanta-wojtowicz-najwazniejsze-publikacje\/","title":{"rendered":"dr Jolanta Wojtowicz &#8211; Najwa\u017cniejsze publikacje"},"content":{"rendered":"<hr>\n<p><strong>Czasopisma naukowe w j\u0119zyku polskim<\/strong><\/p>\n<p>Wajs W., Gancarz J.*, \u201eModelowanie efektu elektrohydrodynamicznego przy u\u017cyciu sieci neuronowych\u201d, Computer Science, Krak\u00f3w 2005.<\/p>\n<p><strong>Artyku\u0142y w materia\u0142ach konferencyjnych w j\u0119zyku angielskim<\/strong><\/p>\n<ol>\n<li>Wojtowicz H., Wojtowicz J., Kozio\u0142 W., Wajs W. \u201eMedical Decision Support System Architecture for Diagnosis of Down&#8217;s Syndrome\u201d, Proceedings of the Federated Conference on Computer Science and Information Systems FedCSIS 2013, IEEE Conference Proceedings, pp. 179-182, Cracow, Poland, 2013. (indeksowane w Web of Knowledge)<\/li>\n<li>Wojtowicz H., Wojtowicz J., Wajs W. \u201eThe Design of Knowledge-based Medical Diagnosis System for Recognition and Classification of Dermatoglyphic Features\u201d, Proceedings of 6th Asian Conference on Intelligent Information and Database Systems, Springer \u2013 Verlag Lecture Notes in Artificial Intelligence LNAI , Subseries of LNCS, vol. 8398, pp. 13-22, Bangkok, Thailand, 2014. (indeksowane w Web of Knowledge).<\/li>\n<li>Wojtowicz J., Wojtowicz H., Wajs W. \u201eSimulation of Electrohydrodynamic Phenomenon using Computational Intelligence Methods\u201d, Proceedings of the 19th International Conference in Knowledge Based and Intelligent Information and Engineering Systems, KES 2015, Elsevier Procedia Computer Science, vol. 60, pp. 188-196, Singapore, 2015. (indeksowane w Web of Knowledge).<\/li>\n<li>Hajduk Z., Wojtowicz J. \u201eHardware Implementation of Fuzzy Petri Nets with Lukasiewicz Norms for Modelling of Control Systems\u201d, Proceedings of 8th Asian Conference on Intelligent Information and Database Systems, Springer \u2013 Verlag Lecture Notes in Artificial Intelligence LNAI , Subseries of LNCS, vol. 9621, pp. 449-458, Da Nang, Vietnam, 2016. (indeksowane w Web of Knowledge)<\/li>\n<\/ol>\n<p><strong>Artyku\u0142y w materia\u0142ach konferencyjnych w j\u0119zyku polskim<\/strong><\/p>\n<ol>\n<li>Wajs W., Gancarz J.*, Wojtowicz H., \u201eSymulacja i metoda optymalizacji efektu elektrohydrodynamicznego\u201d, XVI Mi\u0119dzynarodowe Sympozjum Zastosowania Teorii System\u00f3w, wydawca wydzia\u0142 IMiR AGH w Krakowie 2005, Zakopane 2005.<\/li>\n<li>Wajs W., Wojtowicz H., Wojtowicz J., \u201eKlasyfikacja odcisk\u00f3w palc\u00f3w przy u\u017cyciu algorytm\u00f3w inteligencji obliczeniowej w diagnostyce medycznej\u201d, Systemy wykrywaj\u0105ce, analizuj\u0105ce i toleruj\u0105ce usterki, red. Zdzis\u0142aw Kowalczuk, Pomorskie Wydawnictwo Naukowo-Techniczne PWNT,<br>(Automatyka i Informatyka : technologie informacyjne, automatyka, diagnostyka ; vol. 6). \u2014 Opis cz\u0119\u015bc. wg ok\u0142. \u2014 ISBN 978-83-926806-2-8. &#8211; S. 251\u2013258 &#8211; Bibliogr. s. 257\u2013258, Diagnostyka Proces\u00f3w i System\u00f3w, Gda\u0144sk 2009. Monografia.<\/li>\n<li>Wajs W., Wojtowicz H., Wojtowicz J., \u201eRozpoznawanie wzorc\u00f3w odcisk\u00f3w palc\u00f3w w diagnostyce medycznej\u201d, Techniki Przetwarzania Obrazu 2010, ISBN 978-83-7207-919-0, Oficyna Wydawnicza Politechniki Warszawskiej, Warszawa 2010.<\/li>\n<\/ol>\n<p>* &#8211; nazwisko panie\u0144skie.<\/p>\n<hr>\n<p>&nbsp;<\/p>\n\n\n<p><\/p>\n","protected":false},"excerpt":{"rendered":"<p>Czasopisma naukowe w j\u0119zyku polskim Wajs W., Gancarz J.*, \u201eModelowanie efektu elektrohydrodynamicznego przy u\u017cyciu sieci neuronowych\u201d, Computer Science, Krak\u00f3w 2005. Artyku\u0142y w materia\u0142ach konferencyjnych w j\u0119zyku angielskim Wojtowicz H., Wojtowicz J., Kozio\u0142 W., Wajs W. \u201eMedical Decision Support System Architecture for Diagnosis of Down&#8217;s Syndrome\u201d, Proceedings of the Federated Conference [\u2026] <\/p>\n<div class=\"clear\"><\/div>\n<p><a class=\"more_link clearfix\" href=\"https:\/\/pans.krosno.pl\/pracownicy\/jolanta-wojtowicz\/jolanta-wojtowicz-najwazniejsze-publikacje\/\" rel=\"nofollow\">Read More<\/a><\/p>\n","protected":false},"author":34,"featured_media":0,"parent":580,"menu_order":0,"comment_status":"closed","ping_status":"closed","template":"","meta":{"ngg_post_thumbnail":0,"footnotes":""},"class_list":["post-593","page","type-page","status-publish","hentry"],"yoast_head":"<!-- This site is optimized with the Yoast SEO Premium plugin v27.4 (Yoast SEO v27.4) - https:\/\/yoast.com\/product\/yoast-seo-premium-wordpress\/ -->\n<title>dr Jolanta Wojtowicz - Najwa\u017cniejsze publikacje - Pracownicy PANS w Kro\u015bnie<\/title>\n<meta name=\"robots\" content=\"index, follow, max-snippet:-1, max-image-preview:large, max-video-preview:-1\" \/>\n<link rel=\"canonical\" href=\"https:\/\/pans.krosno.pl\/pracownicy\/jolanta-wojtowicz\/jolanta-wojtowicz-najwazniejsze-publikacje\/\" \/>\n<meta property=\"og:locale\" content=\"pl_PL\" \/>\n<meta property=\"og:type\" content=\"article\" \/>\n<meta property=\"og:title\" content=\"dr Jolanta Wojtowicz - Najwa\u017cniejsze publikacje\" \/>\n<meta property=\"og:description\" content=\"Czasopisma naukowe w j\u0119zyku polskim Wajs W., Gancarz J.*, \u201eModelowanie efektu elektrohydrodynamicznego przy u\u017cyciu sieci neuronowych\u201d, Computer Science, Krak\u00f3w 2005. Artyku\u0142y w materia\u0142ach konferencyjnych w j\u0119zyku angielskim Wojtowicz H., Wojtowicz J., Kozio\u0142 W., Wajs W. \u201eMedical Decision Support System Architecture for Diagnosis of Down&#8217;s Syndrome\u201d, Proceedings of the Federated Conference [\u2026] Read More\" \/>\n<meta property=\"og:url\" content=\"https:\/\/pans.krosno.pl\/pracownicy\/jolanta-wojtowicz\/jolanta-wojtowicz-najwazniejsze-publikacje\/\" \/>\n<meta property=\"og:site_name\" content=\"Pracownicy PANS w Kro\u015bnie\" \/>\n<meta property=\"article:modified_time\" content=\"2025-05-20T11:57:45+00:00\" \/>\n<meta name=\"twitter:card\" content=\"summary_large_image\" \/>\n<meta name=\"twitter:label1\" content=\"Szacowany czas czytania\" \/>\n\t<meta name=\"twitter:data1\" content=\"3 minuty\" \/>\n<script type=\"application\/ld+json\" class=\"yoast-schema-graph\">{\"@context\":\"https:\\\/\\\/schema.org\",\"@graph\":[{\"@type\":\"WebPage\",\"@id\":\"https:\\\/\\\/pans.krosno.pl\\\/pracownicy\\\/jolanta-wojtowicz\\\/jolanta-wojtowicz-najwazniejsze-publikacje\\\/\",\"url\":\"https:\\\/\\\/pans.krosno.pl\\\/pracownicy\\\/jolanta-wojtowicz\\\/jolanta-wojtowicz-najwazniejsze-publikacje\\\/\",\"name\":\"dr Jolanta Wojtowicz - Najwa\u017cniejsze publikacje - Pracownicy PANS w Kro\u015bnie\",\"isPartOf\":{\"@id\":\"https:\\\/\\\/pans.krosno.pl\\\/pracownicy\\\/#website\"},\"datePublished\":\"2020-03-30T09:45:11+00:00\",\"dateModified\":\"2025-05-20T11:57:45+00:00\",\"breadcrumb\":{\"@id\":\"https:\\\/\\\/pans.krosno.pl\\\/pracownicy\\\/jolanta-wojtowicz\\\/jolanta-wojtowicz-najwazniejsze-publikacje\\\/#breadcrumb\"},\"inLanguage\":\"pl-PL\",\"potentialAction\":[{\"@type\":\"ReadAction\",\"target\":[\"https:\\\/\\\/pans.krosno.pl\\\/pracownicy\\\/jolanta-wojtowicz\\\/jolanta-wojtowicz-najwazniejsze-publikacje\\\/\"]}]},{\"@type\":\"BreadcrumbList\",\"@id\":\"https:\\\/\\\/pans.krosno.pl\\\/pracownicy\\\/jolanta-wojtowicz\\\/jolanta-wojtowicz-najwazniejsze-publikacje\\\/#breadcrumb\",\"itemListElement\":[{\"@type\":\"ListItem\",\"position\":1,\"name\":\"Strona g\u0142\u00f3wna\",\"item\":\"https:\\\/\\\/pans.krosno.pl\\\/pracownicy\\\/\"},{\"@type\":\"ListItem\",\"position\":2,\"name\":\"dr Jolanta Wojtowicz\",\"item\":\"https:\\\/\\\/pans.krosno.pl\\\/pracownicy\\\/jolanta-wojtowicz\\\/\"},{\"@type\":\"ListItem\",\"position\":3,\"name\":\"dr Jolanta Wojtowicz &#8211; Najwa\u017cniejsze publikacje\"}]},{\"@type\":\"WebSite\",\"@id\":\"https:\\\/\\\/pans.krosno.pl\\\/pracownicy\\\/#website\",\"url\":\"https:\\\/\\\/pans.krosno.pl\\\/pracownicy\\\/\",\"name\":\"Pracownicy PANS w Kro\u015bnie\",\"description\":\"Pracownicy - Pa\u0144stwowa Akademia Nauk Stosowanych\",\"publisher\":{\"@id\":\"https:\\\/\\\/pans.krosno.pl\\\/pracownicy\\\/#organization\"},\"potentialAction\":[{\"@type\":\"SearchAction\",\"target\":{\"@type\":\"EntryPoint\",\"urlTemplate\":\"https:\\\/\\\/pans.krosno.pl\\\/pracownicy\\\/?s={search_term_string}\"},\"query-input\":{\"@type\":\"PropertyValueSpecification\",\"valueRequired\":true,\"valueName\":\"search_term_string\"}}],\"inLanguage\":\"pl-PL\"},{\"@type\":\"Organization\",\"@id\":\"https:\\\/\\\/pans.krosno.pl\\\/pracownicy\\\/#organization\",\"name\":\"Pracownicy PANS w Kro\u015bnie\",\"url\":\"https:\\\/\\\/pans.krosno.pl\\\/pracownicy\\\/\",\"logo\":{\"@type\":\"ImageObject\",\"inLanguage\":\"pl-PL\",\"@id\":\"https:\\\/\\\/pans.krosno.pl\\\/pracownicy\\\/#\\\/schema\\\/logo\\\/image\\\/\",\"url\":\"https:\\\/\\\/pans.krosno.pl\\\/pracownicy\\\/wp-content\\\/uploads\\\/sites\\\/41\\\/2023\\\/01\\\/Logo-PANS-2022-pelne.png\",\"contentUrl\":\"https:\\\/\\\/pans.krosno.pl\\\/pracownicy\\\/wp-content\\\/uploads\\\/sites\\\/41\\\/2023\\\/01\\\/Logo-PANS-2022-pelne.png\",\"width\":3096,\"height\":696,\"caption\":\"Pracownicy PANS w Kro\u015bnie\"},\"image\":{\"@id\":\"https:\\\/\\\/pans.krosno.pl\\\/pracownicy\\\/#\\\/schema\\\/logo\\\/image\\\/\"}}]}<\/script>\n<!-- \/ Yoast SEO Premium plugin. -->","yoast_head_json":{"title":"dr Jolanta Wojtowicz - Najwa\u017cniejsze publikacje - Pracownicy PANS w Kro\u015bnie","robots":{"index":"index","follow":"follow","max-snippet":"max-snippet:-1","max-image-preview":"max-image-preview:large","max-video-preview":"max-video-preview:-1"},"canonical":"https:\/\/pans.krosno.pl\/pracownicy\/jolanta-wojtowicz\/jolanta-wojtowicz-najwazniejsze-publikacje\/","og_locale":"pl_PL","og_type":"article","og_title":"dr Jolanta Wojtowicz - Najwa\u017cniejsze publikacje","og_description":"Czasopisma naukowe w j\u0119zyku polskim Wajs W., Gancarz J.*, \u201eModelowanie efektu elektrohydrodynamicznego przy u\u017cyciu sieci neuronowych\u201d, Computer Science, Krak\u00f3w 2005. Artyku\u0142y w materia\u0142ach konferencyjnych w j\u0119zyku angielskim Wojtowicz H., Wojtowicz J., Kozio\u0142 W., Wajs W. \u201eMedical Decision Support System Architecture for Diagnosis of Down&#8217;s Syndrome\u201d, Proceedings of the Federated Conference [\u2026] Read More","og_url":"https:\/\/pans.krosno.pl\/pracownicy\/jolanta-wojtowicz\/jolanta-wojtowicz-najwazniejsze-publikacje\/","og_site_name":"Pracownicy PANS w Kro\u015bnie","article_modified_time":"2025-05-20T11:57:45+00:00","twitter_card":"summary_large_image","twitter_misc":{"Szacowany czas czytania":"3 minuty"},"schema":{"@context":"https:\/\/schema.org","@graph":[{"@type":"WebPage","@id":"https:\/\/pans.krosno.pl\/pracownicy\/jolanta-wojtowicz\/jolanta-wojtowicz-najwazniejsze-publikacje\/","url":"https:\/\/pans.krosno.pl\/pracownicy\/jolanta-wojtowicz\/jolanta-wojtowicz-najwazniejsze-publikacje\/","name":"dr Jolanta Wojtowicz - Najwa\u017cniejsze publikacje - Pracownicy PANS w Kro\u015bnie","isPartOf":{"@id":"https:\/\/pans.krosno.pl\/pracownicy\/#website"},"datePublished":"2020-03-30T09:45:11+00:00","dateModified":"2025-05-20T11:57:45+00:00","breadcrumb":{"@id":"https:\/\/pans.krosno.pl\/pracownicy\/jolanta-wojtowicz\/jolanta-wojtowicz-najwazniejsze-publikacje\/#breadcrumb"},"inLanguage":"pl-PL","potentialAction":[{"@type":"ReadAction","target":["https:\/\/pans.krosno.pl\/pracownicy\/jolanta-wojtowicz\/jolanta-wojtowicz-najwazniejsze-publikacje\/"]}]},{"@type":"BreadcrumbList","@id":"https:\/\/pans.krosno.pl\/pracownicy\/jolanta-wojtowicz\/jolanta-wojtowicz-najwazniejsze-publikacje\/#breadcrumb","itemListElement":[{"@type":"ListItem","position":1,"name":"Strona g\u0142\u00f3wna","item":"https:\/\/pans.krosno.pl\/pracownicy\/"},{"@type":"ListItem","position":2,"name":"dr Jolanta Wojtowicz","item":"https:\/\/pans.krosno.pl\/pracownicy\/jolanta-wojtowicz\/"},{"@type":"ListItem","position":3,"name":"dr Jolanta Wojtowicz &#8211; Najwa\u017cniejsze publikacje"}]},{"@type":"WebSite","@id":"https:\/\/pans.krosno.pl\/pracownicy\/#website","url":"https:\/\/pans.krosno.pl\/pracownicy\/","name":"Pracownicy PANS w Kro\u015bnie","description":"Pracownicy - Pa\u0144stwowa Akademia Nauk Stosowanych","publisher":{"@id":"https:\/\/pans.krosno.pl\/pracownicy\/#organization"},"potentialAction":[{"@type":"SearchAction","target":{"@type":"EntryPoint","urlTemplate":"https:\/\/pans.krosno.pl\/pracownicy\/?s={search_term_string}"},"query-input":{"@type":"PropertyValueSpecification","valueRequired":true,"valueName":"search_term_string"}}],"inLanguage":"pl-PL"},{"@type":"Organization","@id":"https:\/\/pans.krosno.pl\/pracownicy\/#organization","name":"Pracownicy PANS w Kro\u015bnie","url":"https:\/\/pans.krosno.pl\/pracownicy\/","logo":{"@type":"ImageObject","inLanguage":"pl-PL","@id":"https:\/\/pans.krosno.pl\/pracownicy\/#\/schema\/logo\/image\/","url":"https:\/\/pans.krosno.pl\/pracownicy\/wp-content\/uploads\/sites\/41\/2023\/01\/Logo-PANS-2022-pelne.png","contentUrl":"https:\/\/pans.krosno.pl\/pracownicy\/wp-content\/uploads\/sites\/41\/2023\/01\/Logo-PANS-2022-pelne.png","width":3096,"height":696,"caption":"Pracownicy PANS w Kro\u015bnie"},"image":{"@id":"https:\/\/pans.krosno.pl\/pracownicy\/#\/schema\/logo\/image\/"}}]}},"_links":{"self":[{"href":"https:\/\/pans.krosno.pl\/pracownicy\/wp-json\/wp\/v2\/pages\/593","targetHints":{"allow":["GET"]}}],"collection":[{"href":"https:\/\/pans.krosno.pl\/pracownicy\/wp-json\/wp\/v2\/pages"}],"about":[{"href":"https:\/\/pans.krosno.pl\/pracownicy\/wp-json\/wp\/v2\/types\/page"}],"author":[{"embeddable":true,"href":"https:\/\/pans.krosno.pl\/pracownicy\/wp-json\/wp\/v2\/users\/34"}],"replies":[{"embeddable":true,"href":"https:\/\/pans.krosno.pl\/pracownicy\/wp-json\/wp\/v2\/comments?post=593"}],"version-history":[{"count":5,"href":"https:\/\/pans.krosno.pl\/pracownicy\/wp-json\/wp\/v2\/pages\/593\/revisions"}],"predecessor-version":[{"id":11045,"href":"https:\/\/pans.krosno.pl\/pracownicy\/wp-json\/wp\/v2\/pages\/593\/revisions\/11045"}],"up":[{"embeddable":true,"href":"https:\/\/pans.krosno.pl\/pracownicy\/wp-json\/wp\/v2\/pages\/580"}],"wp:attachment":[{"href":"https:\/\/pans.krosno.pl\/pracownicy\/wp-json\/wp\/v2\/media?parent=593"}],"curies":[{"name":"wp","href":"https:\/\/api.w.org\/{rel}","templated":true}]}}