{"id":5821,"date":"2020-05-07T15:20:13","date_gmt":"2020-05-07T13:20:13","guid":{"rendered":"https:\/\/pans.krosno.pl\/pracownicy\/?page_id=5821"},"modified":"2025-05-15T13:20:05","modified_gmt":"2025-05-15T11:20:05","slug":"paulina-kustron-mleczak-najwazniejsze-publikacje","status":"publish","type":"page","link":"https:\/\/pans.krosno.pl\/pracownicy\/paulina-kustron-mleczak\/paulina-kustron-mleczak-najwazniejsze-publikacje\/","title":{"rendered":"mgr in\u017c. Paulina Kustro\u0144-Mleczak &#8211; Najwa\u017cniejsze publikacje"},"content":{"rendered":"<hr>\n<ol>\n<li>Paulina Kustro\u0144 \u2013 Mleczak \u201eAnaliza wp\u0142ywu lokalizacji nieprzekraczalnej linii zabudowy na warto\u015b\u0107 rynkow\u0105 nieruchomo\u015bci\u201d, Wydawnictwo Naukowe Uniwersytetu Szczeci\u0144skiego, Finanse, rynki finansowe, ubezpieczenia nr 67, Szczecin 2014.<\/li>\n<li>Paulina Kustro\u0144 \u2013 Mleczak \u201eWarunki zagospodarowania terenu i wska\u017aniki zabudowy jako elementy analizy podobie\u0144stwa nieruchomo\u015bci\u201d, Wydawnictwo Naukowe Uniwersytetu Szczeci\u0144skiego, Finanse, rynki finansowe, ubezpieczenia nr 67, Szczecin 2014.<\/li>\n<li>Andrzej Fellner, Paulina Kustro\u0144 \u2013 Mleczak \u201eMetoda wyznaczania procedur podej\u015bcia do l\u0105dowania RNAV GNSS dla lotnisk GA\u201d Oficyna Wydawnicza Politechniki Warszawskiej, Warszawa 2014.<\/li>\n<li>Lipi\u0144ska Ewa, Kustro\u0144 \u2013 Mleczak Paulina, Rymar Stanis\u0142aw \u201eZarys metodyki identyfikacji dawnych wyrobisk g\u00f3rniczych, tzw. kopanek ponaftowych, na obszarze uzdrowiska Iwonicz \u2013 Zdr\u00f3j\u201d Pa\u0144stwowy Instytut Geologiczny \u2013 Pa\u0144stwowy Instytut Badawczy Warszawa 2011.<\/li>\n<\/ol>\n<hr>\n<p>&nbsp;<\/p>\n","protected":false},"excerpt":{"rendered":"<p>Paulina Kustro\u0144 \u2013 Mleczak \u201eAnaliza wp\u0142ywu lokalizacji nieprzekraczalnej linii zabudowy na warto\u015b\u0107 rynkow\u0105 nieruchomo\u015bci\u201d, Wydawnictwo Naukowe Uniwersytetu Szczeci\u0144skiego, Finanse, rynki finansowe, ubezpieczenia nr 67, Szczecin 2014. Paulina Kustro\u0144 \u2013 Mleczak \u201eWarunki zagospodarowania terenu i wska\u017aniki zabudowy jako elementy analizy podobie\u0144stwa nieruchomo\u015bci\u201d, Wydawnictwo Naukowe Uniwersytetu Szczeci\u0144skiego, Finanse, rynki finansowe, ubezpieczenia nr [\u2026] <\/p>\n<div class=\"clear\"><\/div>\n<p><a class=\"more_link clearfix\" href=\"https:\/\/pans.krosno.pl\/pracownicy\/paulina-kustron-mleczak\/paulina-kustron-mleczak-najwazniejsze-publikacje\/\" rel=\"nofollow\">Read More<\/a><\/p>\n","protected":false},"author":36,"featured_media":0,"parent":5802,"menu_order":0,"comment_status":"closed","ping_status":"closed","template":"","meta":{"ngg_post_thumbnail":0,"footnotes":""},"class_list":["post-5821","page","type-page","status-publish","hentry"],"yoast_head":"<!-- This site is optimized with the Yoast SEO Premium plugin v27.4 (Yoast SEO v27.4) - https:\/\/yoast.com\/product\/yoast-seo-premium-wordpress\/ -->\n<title>mgr in\u017c. Paulina Kustro\u0144-Mleczak - Najwa\u017cniejsze publikacje - Pracownicy PANS w Kro\u015bnie<\/title>\n<meta name=\"robots\" content=\"index, follow, max-snippet:-1, max-image-preview:large, max-video-preview:-1\" \/>\n<link rel=\"canonical\" href=\"https:\/\/pans.krosno.pl\/pracownicy\/paulina-kustron-mleczak\/paulina-kustron-mleczak-najwazniejsze-publikacje\/\" \/>\n<meta property=\"og:locale\" content=\"pl_PL\" \/>\n<meta property=\"og:type\" content=\"article\" \/>\n<meta property=\"og:title\" content=\"mgr in\u017c. Paulina Kustro\u0144-Mleczak - Najwa\u017cniejsze publikacje\" \/>\n<meta property=\"og:description\" content=\"Paulina Kustro\u0144 \u2013 Mleczak \u201eAnaliza wp\u0142ywu lokalizacji nieprzekraczalnej linii zabudowy na warto\u015b\u0107 rynkow\u0105 nieruchomo\u015bci\u201d, Wydawnictwo Naukowe Uniwersytetu Szczeci\u0144skiego, Finanse, rynki finansowe, ubezpieczenia nr 67, Szczecin 2014. Paulina Kustro\u0144 \u2013 Mleczak \u201eWarunki zagospodarowania terenu i wska\u017aniki zabudowy jako elementy analizy podobie\u0144stwa nieruchomo\u015bci\u201d, Wydawnictwo Naukowe Uniwersytetu Szczeci\u0144skiego, Finanse, rynki finansowe, ubezpieczenia nr [\u2026] Read More\" \/>\n<meta property=\"og:url\" content=\"https:\/\/pans.krosno.pl\/pracownicy\/paulina-kustron-mleczak\/paulina-kustron-mleczak-najwazniejsze-publikacje\/\" \/>\n<meta property=\"og:site_name\" content=\"Pracownicy PANS w Kro\u015bnie\" \/>\n<meta property=\"article:modified_time\" content=\"2025-05-15T11:20:05+00:00\" \/>\n<meta name=\"twitter:card\" content=\"summary_large_image\" \/>\n<meta name=\"twitter:label1\" content=\"Szacowany czas czytania\" \/>\n\t<meta name=\"twitter:data1\" content=\"1 minuta\" \/>\n<script type=\"application\/ld+json\" class=\"yoast-schema-graph\">{\"@context\":\"https:\\\/\\\/schema.org\",\"@graph\":[{\"@type\":\"WebPage\",\"@id\":\"https:\\\/\\\/pans.krosno.pl\\\/pracownicy\\\/paulina-kustron-mleczak\\\/paulina-kustron-mleczak-najwazniejsze-publikacje\\\/\",\"url\":\"https:\\\/\\\/pans.krosno.pl\\\/pracownicy\\\/paulina-kustron-mleczak\\\/paulina-kustron-mleczak-najwazniejsze-publikacje\\\/\",\"name\":\"mgr in\u017c. Paulina Kustro\u0144-Mleczak - Najwa\u017cniejsze publikacje - Pracownicy PANS w Kro\u015bnie\",\"isPartOf\":{\"@id\":\"https:\\\/\\\/pans.krosno.pl\\\/pracownicy\\\/#website\"},\"datePublished\":\"2020-05-07T13:20:13+00:00\",\"dateModified\":\"2025-05-15T11:20:05+00:00\",\"breadcrumb\":{\"@id\":\"https:\\\/\\\/pans.krosno.pl\\\/pracownicy\\\/paulina-kustron-mleczak\\\/paulina-kustron-mleczak-najwazniejsze-publikacje\\\/#breadcrumb\"},\"inLanguage\":\"pl-PL\",\"potentialAction\":[{\"@type\":\"ReadAction\",\"target\":[\"https:\\\/\\\/pans.krosno.pl\\\/pracownicy\\\/paulina-kustron-mleczak\\\/paulina-kustron-mleczak-najwazniejsze-publikacje\\\/\"]}]},{\"@type\":\"BreadcrumbList\",\"@id\":\"https:\\\/\\\/pans.krosno.pl\\\/pracownicy\\\/paulina-kustron-mleczak\\\/paulina-kustron-mleczak-najwazniejsze-publikacje\\\/#breadcrumb\",\"itemListElement\":[{\"@type\":\"ListItem\",\"position\":1,\"name\":\"Strona g\u0142\u00f3wna\",\"item\":\"https:\\\/\\\/pans.krosno.pl\\\/pracownicy\\\/\"},{\"@type\":\"ListItem\",\"position\":2,\"name\":\"mgr in\u017c. Paulina Kustro\u0144-Mleczak\",\"item\":\"https:\\\/\\\/pans.krosno.pl\\\/pracownicy\\\/paulina-kustron-mleczak\\\/\"},{\"@type\":\"ListItem\",\"position\":3,\"name\":\"mgr in\u017c. Paulina Kustro\u0144-Mleczak &#8211; Najwa\u017cniejsze publikacje\"}]},{\"@type\":\"WebSite\",\"@id\":\"https:\\\/\\\/pans.krosno.pl\\\/pracownicy\\\/#website\",\"url\":\"https:\\\/\\\/pans.krosno.pl\\\/pracownicy\\\/\",\"name\":\"Pracownicy PANS w Kro\u015bnie\",\"description\":\"Pracownicy - Pa\u0144stwowa Akademia Nauk Stosowanych\",\"publisher\":{\"@id\":\"https:\\\/\\\/pans.krosno.pl\\\/pracownicy\\\/#organization\"},\"potentialAction\":[{\"@type\":\"SearchAction\",\"target\":{\"@type\":\"EntryPoint\",\"urlTemplate\":\"https:\\\/\\\/pans.krosno.pl\\\/pracownicy\\\/?s={search_term_string}\"},\"query-input\":{\"@type\":\"PropertyValueSpecification\",\"valueRequired\":true,\"valueName\":\"search_term_string\"}}],\"inLanguage\":\"pl-PL\"},{\"@type\":\"Organization\",\"@id\":\"https:\\\/\\\/pans.krosno.pl\\\/pracownicy\\\/#organization\",\"name\":\"Pracownicy PANS w Kro\u015bnie\",\"url\":\"https:\\\/\\\/pans.krosno.pl\\\/pracownicy\\\/\",\"logo\":{\"@type\":\"ImageObject\",\"inLanguage\":\"pl-PL\",\"@id\":\"https:\\\/\\\/pans.krosno.pl\\\/pracownicy\\\/#\\\/schema\\\/logo\\\/image\\\/\",\"url\":\"https:\\\/\\\/pans.krosno.pl\\\/pracownicy\\\/wp-content\\\/uploads\\\/sites\\\/41\\\/2023\\\/01\\\/Logo-PANS-2022-pelne.png\",\"contentUrl\":\"https:\\\/\\\/pans.krosno.pl\\\/pracownicy\\\/wp-content\\\/uploads\\\/sites\\\/41\\\/2023\\\/01\\\/Logo-PANS-2022-pelne.png\",\"width\":3096,\"height\":696,\"caption\":\"Pracownicy PANS w Kro\u015bnie\"},\"image\":{\"@id\":\"https:\\\/\\\/pans.krosno.pl\\\/pracownicy\\\/#\\\/schema\\\/logo\\\/image\\\/\"}}]}<\/script>\n<!-- \/ Yoast SEO Premium plugin. -->","yoast_head_json":{"title":"mgr in\u017c. Paulina Kustro\u0144-Mleczak - Najwa\u017cniejsze publikacje - Pracownicy PANS w Kro\u015bnie","robots":{"index":"index","follow":"follow","max-snippet":"max-snippet:-1","max-image-preview":"max-image-preview:large","max-video-preview":"max-video-preview:-1"},"canonical":"https:\/\/pans.krosno.pl\/pracownicy\/paulina-kustron-mleczak\/paulina-kustron-mleczak-najwazniejsze-publikacje\/","og_locale":"pl_PL","og_type":"article","og_title":"mgr in\u017c. Paulina Kustro\u0144-Mleczak - Najwa\u017cniejsze publikacje","og_description":"Paulina Kustro\u0144 \u2013 Mleczak \u201eAnaliza wp\u0142ywu lokalizacji nieprzekraczalnej linii zabudowy na warto\u015b\u0107 rynkow\u0105 nieruchomo\u015bci\u201d, Wydawnictwo Naukowe Uniwersytetu Szczeci\u0144skiego, Finanse, rynki finansowe, ubezpieczenia nr 67, Szczecin 2014. Paulina Kustro\u0144 \u2013 Mleczak \u201eWarunki zagospodarowania terenu i wska\u017aniki zabudowy jako elementy analizy podobie\u0144stwa nieruchomo\u015bci\u201d, Wydawnictwo Naukowe Uniwersytetu Szczeci\u0144skiego, Finanse, rynki finansowe, ubezpieczenia nr [\u2026] Read More","og_url":"https:\/\/pans.krosno.pl\/pracownicy\/paulina-kustron-mleczak\/paulina-kustron-mleczak-najwazniejsze-publikacje\/","og_site_name":"Pracownicy PANS w Kro\u015bnie","article_modified_time":"2025-05-15T11:20:05+00:00","twitter_card":"summary_large_image","twitter_misc":{"Szacowany czas czytania":"1 minuta"},"schema":{"@context":"https:\/\/schema.org","@graph":[{"@type":"WebPage","@id":"https:\/\/pans.krosno.pl\/pracownicy\/paulina-kustron-mleczak\/paulina-kustron-mleczak-najwazniejsze-publikacje\/","url":"https:\/\/pans.krosno.pl\/pracownicy\/paulina-kustron-mleczak\/paulina-kustron-mleczak-najwazniejsze-publikacje\/","name":"mgr in\u017c. Paulina Kustro\u0144-Mleczak - Najwa\u017cniejsze publikacje - Pracownicy PANS w Kro\u015bnie","isPartOf":{"@id":"https:\/\/pans.krosno.pl\/pracownicy\/#website"},"datePublished":"2020-05-07T13:20:13+00:00","dateModified":"2025-05-15T11:20:05+00:00","breadcrumb":{"@id":"https:\/\/pans.krosno.pl\/pracownicy\/paulina-kustron-mleczak\/paulina-kustron-mleczak-najwazniejsze-publikacje\/#breadcrumb"},"inLanguage":"pl-PL","potentialAction":[{"@type":"ReadAction","target":["https:\/\/pans.krosno.pl\/pracownicy\/paulina-kustron-mleczak\/paulina-kustron-mleczak-najwazniejsze-publikacje\/"]}]},{"@type":"BreadcrumbList","@id":"https:\/\/pans.krosno.pl\/pracownicy\/paulina-kustron-mleczak\/paulina-kustron-mleczak-najwazniejsze-publikacje\/#breadcrumb","itemListElement":[{"@type":"ListItem","position":1,"name":"Strona g\u0142\u00f3wna","item":"https:\/\/pans.krosno.pl\/pracownicy\/"},{"@type":"ListItem","position":2,"name":"mgr in\u017c. Paulina Kustro\u0144-Mleczak","item":"https:\/\/pans.krosno.pl\/pracownicy\/paulina-kustron-mleczak\/"},{"@type":"ListItem","position":3,"name":"mgr in\u017c. Paulina Kustro\u0144-Mleczak &#8211; Najwa\u017cniejsze publikacje"}]},{"@type":"WebSite","@id":"https:\/\/pans.krosno.pl\/pracownicy\/#website","url":"https:\/\/pans.krosno.pl\/pracownicy\/","name":"Pracownicy PANS w Kro\u015bnie","description":"Pracownicy - Pa\u0144stwowa Akademia Nauk Stosowanych","publisher":{"@id":"https:\/\/pans.krosno.pl\/pracownicy\/#organization"},"potentialAction":[{"@type":"SearchAction","target":{"@type":"EntryPoint","urlTemplate":"https:\/\/pans.krosno.pl\/pracownicy\/?s={search_term_string}"},"query-input":{"@type":"PropertyValueSpecification","valueRequired":true,"valueName":"search_term_string"}}],"inLanguage":"pl-PL"},{"@type":"Organization","@id":"https:\/\/pans.krosno.pl\/pracownicy\/#organization","name":"Pracownicy PANS w Kro\u015bnie","url":"https:\/\/pans.krosno.pl\/pracownicy\/","logo":{"@type":"ImageObject","inLanguage":"pl-PL","@id":"https:\/\/pans.krosno.pl\/pracownicy\/#\/schema\/logo\/image\/","url":"https:\/\/pans.krosno.pl\/pracownicy\/wp-content\/uploads\/sites\/41\/2023\/01\/Logo-PANS-2022-pelne.png","contentUrl":"https:\/\/pans.krosno.pl\/pracownicy\/wp-content\/uploads\/sites\/41\/2023\/01\/Logo-PANS-2022-pelne.png","width":3096,"height":696,"caption":"Pracownicy PANS w Kro\u015bnie"},"image":{"@id":"https:\/\/pans.krosno.pl\/pracownicy\/#\/schema\/logo\/image\/"}}]}},"_links":{"self":[{"href":"https:\/\/pans.krosno.pl\/pracownicy\/wp-json\/wp\/v2\/pages\/5821","targetHints":{"allow":["GET"]}}],"collection":[{"href":"https:\/\/pans.krosno.pl\/pracownicy\/wp-json\/wp\/v2\/pages"}],"about":[{"href":"https:\/\/pans.krosno.pl\/pracownicy\/wp-json\/wp\/v2\/types\/page"}],"author":[{"embeddable":true,"href":"https:\/\/pans.krosno.pl\/pracownicy\/wp-json\/wp\/v2\/users\/36"}],"replies":[{"embeddable":true,"href":"https:\/\/pans.krosno.pl\/pracownicy\/wp-json\/wp\/v2\/comments?post=5821"}],"version-history":[{"count":3,"href":"https:\/\/pans.krosno.pl\/pracownicy\/wp-json\/wp\/v2\/pages\/5821\/revisions"}],"predecessor-version":[{"id":6906,"href":"https:\/\/pans.krosno.pl\/pracownicy\/wp-json\/wp\/v2\/pages\/5821\/revisions\/6906"}],"up":[{"embeddable":true,"href":"https:\/\/pans.krosno.pl\/pracownicy\/wp-json\/wp\/v2\/pages\/5802"}],"wp:attachment":[{"href":"https:\/\/pans.krosno.pl\/pracownicy\/wp-json\/wp\/v2\/media?parent=5821"}],"curies":[{"name":"wp","href":"https:\/\/api.w.org\/{rel}","templated":true}]}}