{"id":576,"date":"2020-03-30T11:30:04","date_gmt":"2020-03-30T09:30:04","guid":{"rendered":"https:\/\/pans.krosno.pl\/pracownicy\/?page_id=576"},"modified":"2025-05-20T13:57:15","modified_gmt":"2025-05-20T11:57:15","slug":"hubert-wojtowicz-najwazniejsze-publikacje","status":"publish","type":"page","link":"https:\/\/pans.krosno.pl\/pracownicy\/hubert-wojtowicz\/hubert-wojtowicz-najwazniejsze-publikacje\/","title":{"rendered":"dr in\u017c. Hubert Wojtowicz &#8211; Najwa\u017cniejsze publikacje"},"content":{"rendered":"<hr>\n<ol>\n<li>Wojtowicz H., Wajs W. \u201eIntelligent Information System for Interpretation of Dermatoglyphic Patterns of Down\u2019s Syndrome in Infants\u201d, Proceedings of the 4th Asian Conference on Intelligent Information and Database Systems, Springer \u2013 Verlag Lecture Notes in Artificial Intelligence LNAI, Subseries of LNCS, vol. 7197, pp. 284-293, 2012.<\/li>\n<li>Wojtowicz H., Wajs W. \u201eMedical Decision Support System for Assessment of Dermatoglyphic Indices and Diagnosis of Down\u2019s Syndrome\u201d, Proceedings of the 4th International Conference on Intelligent Decision Technologies, KES \u2013 Springer Smart Innovations, Systems and Technologies, vol. 16, pp. 69-78, 2012.<\/li>\n<li>Wojtowicz H., Wajs W. \u201eClassification of Plantar Dermatoglyphic Patterns for the Diagnosis of Down&#8217;s Syndrome\u201d, Proceedings of the 5th Asian Conference on Intelligent Information and Database Systems, Springer \u2013 Verlag Lecture Notes in Artificial Intelligence LNAI , Subseries of LNCS, vol. 7803, pp. 295-304, 2013.<\/li>\n<li>Wojtowicz H., Wajs W. \u201eMedical Decision Support System Using Pattern Recognition Methods for Assessment of Dermatoglyphic Indices and Diagnosis of Down&#8217;s Syndrome\u201d, Advanced Intelligent Computational Technologies and Decision Support Systems, Springer \u2013 Verlag Studies in Computational Intelligence vol. 486, pp. 1-18, 2014.<\/li>\n<li>Wojtowicz H., Wojtowicz J., Wajs W. \u201eThe Design of Knowledge-based Medical Diagnosis System for Recognition and Classification of Dermatoglyphic Features\u201d, Proceedings of 6th Asian Conference on Intelligent Information and Database Systems, Springer \u2013 Verlag Lecture Notes in Artificial Intelligence LNAI , Subseries of LNCS, vol. 8398, pp. 13-22, 2014.<\/li>\n<\/ol>\n<hr>\n<p>&nbsp;<\/p>\n","protected":false},"excerpt":{"rendered":"<p>Wojtowicz H., Wajs W. \u201eIntelligent Information System for Interpretation of Dermatoglyphic Patterns of Down\u2019s Syndrome in Infants\u201d, Proceedings of the 4th Asian Conference on Intelligent Information and Database Systems, Springer \u2013 Verlag Lecture Notes in Artificial Intelligence LNAI, Subseries of LNCS, vol. 7197, pp. 284-293, 2012. Wojtowicz H., Wajs W. [\u2026] <\/p>\n<div class=\"clear\"><\/div>\n<p><a class=\"more_link clearfix\" href=\"https:\/\/pans.krosno.pl\/pracownicy\/hubert-wojtowicz\/hubert-wojtowicz-najwazniejsze-publikacje\/\" rel=\"nofollow\">Read More<\/a><\/p>\n","protected":false},"author":34,"featured_media":0,"parent":570,"menu_order":0,"comment_status":"closed","ping_status":"closed","template":"","meta":{"ngg_post_thumbnail":0,"footnotes":""},"class_list":["post-576","page","type-page","status-publish","hentry"],"yoast_head":"<!-- This site is optimized with the Yoast SEO Premium plugin v27.4 (Yoast SEO v27.4) - https:\/\/yoast.com\/product\/yoast-seo-premium-wordpress\/ -->\n<title>dr in\u017c. Hubert Wojtowicz - Najwa\u017cniejsze publikacje - Pracownicy PANS w Kro\u015bnie<\/title>\n<meta name=\"robots\" content=\"index, follow, max-snippet:-1, max-image-preview:large, max-video-preview:-1\" \/>\n<link rel=\"canonical\" href=\"https:\/\/pans.krosno.pl\/pracownicy\/hubert-wojtowicz\/hubert-wojtowicz-najwazniejsze-publikacje\/\" \/>\n<meta property=\"og:locale\" content=\"pl_PL\" \/>\n<meta property=\"og:type\" content=\"article\" \/>\n<meta property=\"og:title\" content=\"dr in\u017c. Hubert Wojtowicz - Najwa\u017cniejsze publikacje\" \/>\n<meta property=\"og:description\" content=\"Wojtowicz H., Wajs W. \u201eIntelligent Information System for Interpretation of Dermatoglyphic Patterns of Down\u2019s Syndrome in Infants\u201d, Proceedings of the 4th Asian Conference on Intelligent Information and Database Systems, Springer \u2013 Verlag Lecture Notes in Artificial Intelligence LNAI, Subseries of LNCS, vol. 7197, pp. 284-293, 2012. Wojtowicz H., Wajs W. [\u2026] Read More\" \/>\n<meta property=\"og:url\" content=\"https:\/\/pans.krosno.pl\/pracownicy\/hubert-wojtowicz\/hubert-wojtowicz-najwazniejsze-publikacje\/\" \/>\n<meta property=\"og:site_name\" content=\"Pracownicy PANS w Kro\u015bnie\" \/>\n<meta property=\"article:modified_time\" content=\"2025-05-20T11:57:15+00:00\" \/>\n<meta name=\"twitter:card\" content=\"summary_large_image\" \/>\n<meta name=\"twitter:label1\" content=\"Szacowany czas czytania\" \/>\n\t<meta name=\"twitter:data1\" content=\"2 minuty\" \/>\n<script type=\"application\/ld+json\" class=\"yoast-schema-graph\">{\"@context\":\"https:\\\/\\\/schema.org\",\"@graph\":[{\"@type\":\"WebPage\",\"@id\":\"https:\\\/\\\/pans.krosno.pl\\\/pracownicy\\\/hubert-wojtowicz\\\/hubert-wojtowicz-najwazniejsze-publikacje\\\/\",\"url\":\"https:\\\/\\\/pans.krosno.pl\\\/pracownicy\\\/hubert-wojtowicz\\\/hubert-wojtowicz-najwazniejsze-publikacje\\\/\",\"name\":\"dr in\u017c. Hubert Wojtowicz - Najwa\u017cniejsze publikacje - Pracownicy PANS w Kro\u015bnie\",\"isPartOf\":{\"@id\":\"https:\\\/\\\/pans.krosno.pl\\\/pracownicy\\\/#website\"},\"datePublished\":\"2020-03-30T09:30:04+00:00\",\"dateModified\":\"2025-05-20T11:57:15+00:00\",\"breadcrumb\":{\"@id\":\"https:\\\/\\\/pans.krosno.pl\\\/pracownicy\\\/hubert-wojtowicz\\\/hubert-wojtowicz-najwazniejsze-publikacje\\\/#breadcrumb\"},\"inLanguage\":\"pl-PL\",\"potentialAction\":[{\"@type\":\"ReadAction\",\"target\":[\"https:\\\/\\\/pans.krosno.pl\\\/pracownicy\\\/hubert-wojtowicz\\\/hubert-wojtowicz-najwazniejsze-publikacje\\\/\"]}]},{\"@type\":\"BreadcrumbList\",\"@id\":\"https:\\\/\\\/pans.krosno.pl\\\/pracownicy\\\/hubert-wojtowicz\\\/hubert-wojtowicz-najwazniejsze-publikacje\\\/#breadcrumb\",\"itemListElement\":[{\"@type\":\"ListItem\",\"position\":1,\"name\":\"Strona g\u0142\u00f3wna\",\"item\":\"https:\\\/\\\/pans.krosno.pl\\\/pracownicy\\\/\"},{\"@type\":\"ListItem\",\"position\":2,\"name\":\"dr in\u017c. Hubert Wojtowicz\",\"item\":\"https:\\\/\\\/pans.krosno.pl\\\/pracownicy\\\/hubert-wojtowicz\\\/\"},{\"@type\":\"ListItem\",\"position\":3,\"name\":\"dr in\u017c. Hubert Wojtowicz &#8211; Najwa\u017cniejsze publikacje\"}]},{\"@type\":\"WebSite\",\"@id\":\"https:\\\/\\\/pans.krosno.pl\\\/pracownicy\\\/#website\",\"url\":\"https:\\\/\\\/pans.krosno.pl\\\/pracownicy\\\/\",\"name\":\"Pracownicy PANS w Kro\u015bnie\",\"description\":\"Pracownicy - Pa\u0144stwowa Akademia Nauk Stosowanych\",\"publisher\":{\"@id\":\"https:\\\/\\\/pans.krosno.pl\\\/pracownicy\\\/#organization\"},\"potentialAction\":[{\"@type\":\"SearchAction\",\"target\":{\"@type\":\"EntryPoint\",\"urlTemplate\":\"https:\\\/\\\/pans.krosno.pl\\\/pracownicy\\\/?s={search_term_string}\"},\"query-input\":{\"@type\":\"PropertyValueSpecification\",\"valueRequired\":true,\"valueName\":\"search_term_string\"}}],\"inLanguage\":\"pl-PL\"},{\"@type\":\"Organization\",\"@id\":\"https:\\\/\\\/pans.krosno.pl\\\/pracownicy\\\/#organization\",\"name\":\"Pracownicy PANS w Kro\u015bnie\",\"url\":\"https:\\\/\\\/pans.krosno.pl\\\/pracownicy\\\/\",\"logo\":{\"@type\":\"ImageObject\",\"inLanguage\":\"pl-PL\",\"@id\":\"https:\\\/\\\/pans.krosno.pl\\\/pracownicy\\\/#\\\/schema\\\/logo\\\/image\\\/\",\"url\":\"https:\\\/\\\/pans.krosno.pl\\\/pracownicy\\\/wp-content\\\/uploads\\\/sites\\\/41\\\/2023\\\/01\\\/Logo-PANS-2022-pelne.png\",\"contentUrl\":\"https:\\\/\\\/pans.krosno.pl\\\/pracownicy\\\/wp-content\\\/uploads\\\/sites\\\/41\\\/2023\\\/01\\\/Logo-PANS-2022-pelne.png\",\"width\":3096,\"height\":696,\"caption\":\"Pracownicy PANS w Kro\u015bnie\"},\"image\":{\"@id\":\"https:\\\/\\\/pans.krosno.pl\\\/pracownicy\\\/#\\\/schema\\\/logo\\\/image\\\/\"}}]}<\/script>\n<!-- \/ Yoast SEO Premium plugin. -->","yoast_head_json":{"title":"dr in\u017c. Hubert Wojtowicz - Najwa\u017cniejsze publikacje - Pracownicy PANS w Kro\u015bnie","robots":{"index":"index","follow":"follow","max-snippet":"max-snippet:-1","max-image-preview":"max-image-preview:large","max-video-preview":"max-video-preview:-1"},"canonical":"https:\/\/pans.krosno.pl\/pracownicy\/hubert-wojtowicz\/hubert-wojtowicz-najwazniejsze-publikacje\/","og_locale":"pl_PL","og_type":"article","og_title":"dr in\u017c. Hubert Wojtowicz - Najwa\u017cniejsze publikacje","og_description":"Wojtowicz H., Wajs W. \u201eIntelligent Information System for Interpretation of Dermatoglyphic Patterns of Down\u2019s Syndrome in Infants\u201d, Proceedings of the 4th Asian Conference on Intelligent Information and Database Systems, Springer \u2013 Verlag Lecture Notes in Artificial Intelligence LNAI, Subseries of LNCS, vol. 7197, pp. 284-293, 2012. Wojtowicz H., Wajs W. [\u2026] Read More","og_url":"https:\/\/pans.krosno.pl\/pracownicy\/hubert-wojtowicz\/hubert-wojtowicz-najwazniejsze-publikacje\/","og_site_name":"Pracownicy PANS w Kro\u015bnie","article_modified_time":"2025-05-20T11:57:15+00:00","twitter_card":"summary_large_image","twitter_misc":{"Szacowany czas czytania":"2 minuty"},"schema":{"@context":"https:\/\/schema.org","@graph":[{"@type":"WebPage","@id":"https:\/\/pans.krosno.pl\/pracownicy\/hubert-wojtowicz\/hubert-wojtowicz-najwazniejsze-publikacje\/","url":"https:\/\/pans.krosno.pl\/pracownicy\/hubert-wojtowicz\/hubert-wojtowicz-najwazniejsze-publikacje\/","name":"dr in\u017c. Hubert Wojtowicz - Najwa\u017cniejsze publikacje - Pracownicy PANS w Kro\u015bnie","isPartOf":{"@id":"https:\/\/pans.krosno.pl\/pracownicy\/#website"},"datePublished":"2020-03-30T09:30:04+00:00","dateModified":"2025-05-20T11:57:15+00:00","breadcrumb":{"@id":"https:\/\/pans.krosno.pl\/pracownicy\/hubert-wojtowicz\/hubert-wojtowicz-najwazniejsze-publikacje\/#breadcrumb"},"inLanguage":"pl-PL","potentialAction":[{"@type":"ReadAction","target":["https:\/\/pans.krosno.pl\/pracownicy\/hubert-wojtowicz\/hubert-wojtowicz-najwazniejsze-publikacje\/"]}]},{"@type":"BreadcrumbList","@id":"https:\/\/pans.krosno.pl\/pracownicy\/hubert-wojtowicz\/hubert-wojtowicz-najwazniejsze-publikacje\/#breadcrumb","itemListElement":[{"@type":"ListItem","position":1,"name":"Strona g\u0142\u00f3wna","item":"https:\/\/pans.krosno.pl\/pracownicy\/"},{"@type":"ListItem","position":2,"name":"dr in\u017c. Hubert Wojtowicz","item":"https:\/\/pans.krosno.pl\/pracownicy\/hubert-wojtowicz\/"},{"@type":"ListItem","position":3,"name":"dr in\u017c. Hubert Wojtowicz &#8211; Najwa\u017cniejsze publikacje"}]},{"@type":"WebSite","@id":"https:\/\/pans.krosno.pl\/pracownicy\/#website","url":"https:\/\/pans.krosno.pl\/pracownicy\/","name":"Pracownicy PANS w Kro\u015bnie","description":"Pracownicy - Pa\u0144stwowa Akademia Nauk Stosowanych","publisher":{"@id":"https:\/\/pans.krosno.pl\/pracownicy\/#organization"},"potentialAction":[{"@type":"SearchAction","target":{"@type":"EntryPoint","urlTemplate":"https:\/\/pans.krosno.pl\/pracownicy\/?s={search_term_string}"},"query-input":{"@type":"PropertyValueSpecification","valueRequired":true,"valueName":"search_term_string"}}],"inLanguage":"pl-PL"},{"@type":"Organization","@id":"https:\/\/pans.krosno.pl\/pracownicy\/#organization","name":"Pracownicy PANS w Kro\u015bnie","url":"https:\/\/pans.krosno.pl\/pracownicy\/","logo":{"@type":"ImageObject","inLanguage":"pl-PL","@id":"https:\/\/pans.krosno.pl\/pracownicy\/#\/schema\/logo\/image\/","url":"https:\/\/pans.krosno.pl\/pracownicy\/wp-content\/uploads\/sites\/41\/2023\/01\/Logo-PANS-2022-pelne.png","contentUrl":"https:\/\/pans.krosno.pl\/pracownicy\/wp-content\/uploads\/sites\/41\/2023\/01\/Logo-PANS-2022-pelne.png","width":3096,"height":696,"caption":"Pracownicy PANS w Kro\u015bnie"},"image":{"@id":"https:\/\/pans.krosno.pl\/pracownicy\/#\/schema\/logo\/image\/"}}]}},"_links":{"self":[{"href":"https:\/\/pans.krosno.pl\/pracownicy\/wp-json\/wp\/v2\/pages\/576","targetHints":{"allow":["GET"]}}],"collection":[{"href":"https:\/\/pans.krosno.pl\/pracownicy\/wp-json\/wp\/v2\/pages"}],"about":[{"href":"https:\/\/pans.krosno.pl\/pracownicy\/wp-json\/wp\/v2\/types\/page"}],"author":[{"embeddable":true,"href":"https:\/\/pans.krosno.pl\/pracownicy\/wp-json\/wp\/v2\/users\/34"}],"replies":[{"embeddable":true,"href":"https:\/\/pans.krosno.pl\/pracownicy\/wp-json\/wp\/v2\/comments?post=576"}],"version-history":[{"count":5,"href":"https:\/\/pans.krosno.pl\/pracownicy\/wp-json\/wp\/v2\/pages\/576\/revisions"}],"predecessor-version":[{"id":11042,"href":"https:\/\/pans.krosno.pl\/pracownicy\/wp-json\/wp\/v2\/pages\/576\/revisions\/11042"}],"up":[{"embeddable":true,"href":"https:\/\/pans.krosno.pl\/pracownicy\/wp-json\/wp\/v2\/pages\/570"}],"wp:attachment":[{"href":"https:\/\/pans.krosno.pl\/pracownicy\/wp-json\/wp\/v2\/media?parent=576"}],"curies":[{"name":"wp","href":"https:\/\/api.w.org\/{rel}","templated":true}]}}