{"id":567,"date":"2020-03-30T11:15:51","date_gmt":"2020-03-30T09:15:51","guid":{"rendered":"https:\/\/pans.krosno.pl\/pracownicy\/?page_id=567"},"modified":"2025-05-20T13:55:48","modified_gmt":"2025-05-20T11:55:48","slug":"boguslaw-wisniewski-najwazniejsze-publikacje","status":"publish","type":"page","link":"https:\/\/pans.krosno.pl\/pracownicy\/boguslaw-wisniewski\/boguslaw-wisniewski-najwazniejsze-publikacje\/","title":{"rendered":"dr in\u017c. Bogus\u0142aw Wi\u015bniewski &#8211; Najwa\u017cniejsze publikacje"},"content":{"rendered":"<hr>\n<p>Autor lub wsp\u00f3\u0142autor 21 publikacji naukowych, promotor ponad 600 prac dyplomowych. Organizator i opiekun merytoryczny 17-tu Prezentacji Aplikacji Mikrokontroler\u00f3w (wsp\u00f3\u0142praca z Motorol\u0105 \/ Freescale \/ NXP) w ramach Festiwalu Nauki Krak\u00f3w 2003 \u2026 2019, gdzie studenci zademonstrowali prawie 1000 praktycznych zastosowa\u0144 mikrokontroler\u00f3w.<\/p>\n<hr>\n<p><strong>Wybrane publikacje<\/strong><\/p>\n<ol>\n<li>Uk\u0142ady wzbudzaj\u0105ce dla stanowiska pomiarowego sygna\u0142u swobodnej precesji proton\u00f3w w ziemskim polu magnetycznym \u2014 Excitation circuits for measurement stand of free protons procession in Earth magnetic field \/ Bogus\u0142aw WI\u015aNIEWSKI, Barbara SZEC\u00d3WKA-WI\u015aNIEWSKA, Pawe\u0142 Adamus, Jakub W\u00f3jcik \/\/ W: KM 2010 : V Kongres Metrologii : \u0141\u00f3d\u017a, 6\u20138 wrze\u015bnia 2010 : materia\u0142y \/ oprac. red. Krzysztof Gniotek, Zygmunt Ku\u015bmierek. \u2014 \u0141\u00f3d\u017a : Politechnika \u0141\u00f3dzka, 2010. \u2014 S. 178\u2013179. \u2014 Bibliogr. s. 179, Streszcz., Abstr.. \u2014 Pe\u0142ny tekst W: V Kongres Metrologii [Dokument elektroniczny] : \u0141\u00f3d\u017a, 6\u20138 wrze\u015bnia 2010 r. : materia\u0142y. \u2014 Wersja do Windows. \u2014 Dane Tekstowe \/ Politechnika \u0141\u00f3dzka. \u2014 [\u0141\u00f3d\u017a : P\u0141, 2010]. \u2014 1 dysk optyczny. \u2014 S. [1\u20134]. \u2014 Wymagania systemowe: Adobe Acrobat Reader ; nap\u0119d CD-ROM. \u2014 Bibliogr. s. [4], Streszcz., Abstr.<\/li>\n<li>Uk\u0142ady wzbudzaj\u0105ce dla stanowiska pomiarowego sygna\u0142u swobodnej precesji proton\u00f3w w ziemskim polu magnetycznym \u2014 Excitation circuits for measurement stand of free protons procession in Earth magnetic field \/ Bogus\u0142aw WI\u015aNIEWSKI, Barbara SZEC\u00d3WKA-WI\u015aNIEWSKA, Pawe\u0142 Adamus, Jakub W\u00f3jcik \/\/ Pomiary, Automatyka, Kontrola \/ Stowarzyszenie In\u017cynier\u00f3w i Technik\u00f3w Mechanik\u00f3w Polskich. Sekcja Metrologii, Polskie Stowarzyszenie Pomiar\u00f3w Automatyki i Robotyki POLSPAR ; ISSN 0032-4140. \u2014 2010 vol. 56 nr 8, s. 907\u2013910. \u2014 Bibliogr. s. 910, Streszcz., Abstr.<\/li>\n<li>Testowanie aplikacji z miktokontrolerami \u2014 [Testing of applications with microcontrollers] \/ Bogus\u0142aw WI\u015aNIEWSKI, Barbara SZEC\u00d3WKA-WI\u015aNIEWSKA, Jacek OSTROWSKI \/\/ W: PWT 2006 : XI Pozna\u0144skie Warsztaty Telekomunikacyjne : [XI pozna\u0144ska konferencja naukowo-dydaktyczna w dziedzinie telekomunikacji i elektroniki] : Pozna\u0144 7\u20138 grudnia 2006 : materia\u0142y konferencyjne. \u2014 [Pozna\u0144 : Politechnika Pozna\u0144ska. Wydzia\u0142 Elektroniki i Telekomunikacji], [2006] + CD-ROM. \u2014 S. 45\u201349. \u2014 Bibliogr. s. 49, Streszcz.<\/li>\n<\/ol>\n<hr>\n<p>&nbsp;<\/p>\n","protected":false},"excerpt":{"rendered":"<p>Autor lub wsp\u00f3\u0142autor 21 publikacji naukowych, promotor ponad 600 prac dyplomowych. Organizator i opiekun merytoryczny 17-tu Prezentacji Aplikacji Mikrokontroler\u00f3w (wsp\u00f3\u0142praca z Motorol\u0105 \/ Freescale \/ NXP) w ramach Festiwalu Nauki Krak\u00f3w 2003 \u2026 2019, gdzie studenci zademonstrowali prawie 1000 praktycznych zastosowa\u0144 mikrokontroler\u00f3w. Wybrane publikacje Uk\u0142ady wzbudzaj\u0105ce dla stanowiska pomiarowego sygna\u0142u [\u2026] <\/p>\n<div class=\"clear\"><\/div>\n<p><a class=\"more_link clearfix\" href=\"https:\/\/pans.krosno.pl\/pracownicy\/boguslaw-wisniewski\/boguslaw-wisniewski-najwazniejsze-publikacje\/\" rel=\"nofollow\">Read More<\/a><\/p>\n","protected":false},"author":34,"featured_media":0,"parent":559,"menu_order":0,"comment_status":"closed","ping_status":"closed","template":"","meta":{"ngg_post_thumbnail":0,"footnotes":""},"class_list":["post-567","page","type-page","status-publish","hentry"],"yoast_head":"<!-- This site is optimized with the Yoast SEO Premium plugin v27.4 (Yoast SEO v27.4) - https:\/\/yoast.com\/product\/yoast-seo-premium-wordpress\/ -->\n<title>dr in\u017c. Bogus\u0142aw Wi\u015bniewski - Najwa\u017cniejsze publikacje - Pracownicy PANS w Kro\u015bnie<\/title>\n<meta name=\"robots\" content=\"index, follow, max-snippet:-1, max-image-preview:large, max-video-preview:-1\" \/>\n<link rel=\"canonical\" href=\"https:\/\/pans.krosno.pl\/pracownicy\/boguslaw-wisniewski\/boguslaw-wisniewski-najwazniejsze-publikacje\/\" \/>\n<meta property=\"og:locale\" content=\"pl_PL\" \/>\n<meta property=\"og:type\" content=\"article\" \/>\n<meta property=\"og:title\" content=\"dr in\u017c. Bogus\u0142aw Wi\u015bniewski - Najwa\u017cniejsze publikacje\" \/>\n<meta property=\"og:description\" content=\"Autor lub wsp\u00f3\u0142autor 21 publikacji naukowych, promotor ponad 600 prac dyplomowych. Organizator i opiekun merytoryczny 17-tu Prezentacji Aplikacji Mikrokontroler\u00f3w (wsp\u00f3\u0142praca z Motorol\u0105 \/ Freescale \/ NXP) w ramach Festiwalu Nauki Krak\u00f3w 2003 \u2026 2019, gdzie studenci zademonstrowali prawie 1000 praktycznych zastosowa\u0144 mikrokontroler\u00f3w. Wybrane publikacje Uk\u0142ady wzbudzaj\u0105ce dla stanowiska pomiarowego sygna\u0142u [\u2026] Read More\" \/>\n<meta property=\"og:url\" content=\"https:\/\/pans.krosno.pl\/pracownicy\/boguslaw-wisniewski\/boguslaw-wisniewski-najwazniejsze-publikacje\/\" \/>\n<meta property=\"og:site_name\" content=\"Pracownicy PANS w Kro\u015bnie\" \/>\n<meta property=\"article:modified_time\" content=\"2025-05-20T11:55:48+00:00\" \/>\n<meta name=\"twitter:card\" content=\"summary_large_image\" \/>\n<meta name=\"twitter:label1\" content=\"Szacowany czas czytania\" \/>\n\t<meta name=\"twitter:data1\" content=\"2 minuty\" \/>\n<script type=\"application\/ld+json\" class=\"yoast-schema-graph\">{\"@context\":\"https:\\\/\\\/schema.org\",\"@graph\":[{\"@type\":\"WebPage\",\"@id\":\"https:\\\/\\\/pans.krosno.pl\\\/pracownicy\\\/boguslaw-wisniewski\\\/boguslaw-wisniewski-najwazniejsze-publikacje\\\/\",\"url\":\"https:\\\/\\\/pans.krosno.pl\\\/pracownicy\\\/boguslaw-wisniewski\\\/boguslaw-wisniewski-najwazniejsze-publikacje\\\/\",\"name\":\"dr in\u017c. Bogus\u0142aw Wi\u015bniewski - Najwa\u017cniejsze publikacje - Pracownicy PANS w Kro\u015bnie\",\"isPartOf\":{\"@id\":\"https:\\\/\\\/pans.krosno.pl\\\/pracownicy\\\/#website\"},\"datePublished\":\"2020-03-30T09:15:51+00:00\",\"dateModified\":\"2025-05-20T11:55:48+00:00\",\"breadcrumb\":{\"@id\":\"https:\\\/\\\/pans.krosno.pl\\\/pracownicy\\\/boguslaw-wisniewski\\\/boguslaw-wisniewski-najwazniejsze-publikacje\\\/#breadcrumb\"},\"inLanguage\":\"pl-PL\",\"potentialAction\":[{\"@type\":\"ReadAction\",\"target\":[\"https:\\\/\\\/pans.krosno.pl\\\/pracownicy\\\/boguslaw-wisniewski\\\/boguslaw-wisniewski-najwazniejsze-publikacje\\\/\"]}]},{\"@type\":\"BreadcrumbList\",\"@id\":\"https:\\\/\\\/pans.krosno.pl\\\/pracownicy\\\/boguslaw-wisniewski\\\/boguslaw-wisniewski-najwazniejsze-publikacje\\\/#breadcrumb\",\"itemListElement\":[{\"@type\":\"ListItem\",\"position\":1,\"name\":\"Strona g\u0142\u00f3wna\",\"item\":\"https:\\\/\\\/pans.krosno.pl\\\/pracownicy\\\/\"},{\"@type\":\"ListItem\",\"position\":2,\"name\":\"dr in\u017c. Bogus\u0142aw Wi\u015bniewski\",\"item\":\"https:\\\/\\\/pans.krosno.pl\\\/pracownicy\\\/boguslaw-wisniewski\\\/\"},{\"@type\":\"ListItem\",\"position\":3,\"name\":\"dr in\u017c. Bogus\u0142aw Wi\u015bniewski &#8211; Najwa\u017cniejsze publikacje\"}]},{\"@type\":\"WebSite\",\"@id\":\"https:\\\/\\\/pans.krosno.pl\\\/pracownicy\\\/#website\",\"url\":\"https:\\\/\\\/pans.krosno.pl\\\/pracownicy\\\/\",\"name\":\"Pracownicy PANS w Kro\u015bnie\",\"description\":\"Pracownicy - Pa\u0144stwowa Akademia Nauk Stosowanych\",\"publisher\":{\"@id\":\"https:\\\/\\\/pans.krosno.pl\\\/pracownicy\\\/#organization\"},\"potentialAction\":[{\"@type\":\"SearchAction\",\"target\":{\"@type\":\"EntryPoint\",\"urlTemplate\":\"https:\\\/\\\/pans.krosno.pl\\\/pracownicy\\\/?s={search_term_string}\"},\"query-input\":{\"@type\":\"PropertyValueSpecification\",\"valueRequired\":true,\"valueName\":\"search_term_string\"}}],\"inLanguage\":\"pl-PL\"},{\"@type\":\"Organization\",\"@id\":\"https:\\\/\\\/pans.krosno.pl\\\/pracownicy\\\/#organization\",\"name\":\"Pracownicy PANS w Kro\u015bnie\",\"url\":\"https:\\\/\\\/pans.krosno.pl\\\/pracownicy\\\/\",\"logo\":{\"@type\":\"ImageObject\",\"inLanguage\":\"pl-PL\",\"@id\":\"https:\\\/\\\/pans.krosno.pl\\\/pracownicy\\\/#\\\/schema\\\/logo\\\/image\\\/\",\"url\":\"https:\\\/\\\/pans.krosno.pl\\\/pracownicy\\\/wp-content\\\/uploads\\\/sites\\\/41\\\/2023\\\/01\\\/Logo-PANS-2022-pelne.png\",\"contentUrl\":\"https:\\\/\\\/pans.krosno.pl\\\/pracownicy\\\/wp-content\\\/uploads\\\/sites\\\/41\\\/2023\\\/01\\\/Logo-PANS-2022-pelne.png\",\"width\":3096,\"height\":696,\"caption\":\"Pracownicy PANS w Kro\u015bnie\"},\"image\":{\"@id\":\"https:\\\/\\\/pans.krosno.pl\\\/pracownicy\\\/#\\\/schema\\\/logo\\\/image\\\/\"}}]}<\/script>\n<!-- \/ Yoast SEO Premium plugin. -->","yoast_head_json":{"title":"dr in\u017c. Bogus\u0142aw Wi\u015bniewski - Najwa\u017cniejsze publikacje - Pracownicy PANS w Kro\u015bnie","robots":{"index":"index","follow":"follow","max-snippet":"max-snippet:-1","max-image-preview":"max-image-preview:large","max-video-preview":"max-video-preview:-1"},"canonical":"https:\/\/pans.krosno.pl\/pracownicy\/boguslaw-wisniewski\/boguslaw-wisniewski-najwazniejsze-publikacje\/","og_locale":"pl_PL","og_type":"article","og_title":"dr in\u017c. Bogus\u0142aw Wi\u015bniewski - Najwa\u017cniejsze publikacje","og_description":"Autor lub wsp\u00f3\u0142autor 21 publikacji naukowych, promotor ponad 600 prac dyplomowych. Organizator i opiekun merytoryczny 17-tu Prezentacji Aplikacji Mikrokontroler\u00f3w (wsp\u00f3\u0142praca z Motorol\u0105 \/ Freescale \/ NXP) w ramach Festiwalu Nauki Krak\u00f3w 2003 \u2026 2019, gdzie studenci zademonstrowali prawie 1000 praktycznych zastosowa\u0144 mikrokontroler\u00f3w. Wybrane publikacje Uk\u0142ady wzbudzaj\u0105ce dla stanowiska pomiarowego sygna\u0142u [\u2026] Read More","og_url":"https:\/\/pans.krosno.pl\/pracownicy\/boguslaw-wisniewski\/boguslaw-wisniewski-najwazniejsze-publikacje\/","og_site_name":"Pracownicy PANS w Kro\u015bnie","article_modified_time":"2025-05-20T11:55:48+00:00","twitter_card":"summary_large_image","twitter_misc":{"Szacowany czas czytania":"2 minuty"},"schema":{"@context":"https:\/\/schema.org","@graph":[{"@type":"WebPage","@id":"https:\/\/pans.krosno.pl\/pracownicy\/boguslaw-wisniewski\/boguslaw-wisniewski-najwazniejsze-publikacje\/","url":"https:\/\/pans.krosno.pl\/pracownicy\/boguslaw-wisniewski\/boguslaw-wisniewski-najwazniejsze-publikacje\/","name":"dr in\u017c. Bogus\u0142aw Wi\u015bniewski - Najwa\u017cniejsze publikacje - Pracownicy PANS w Kro\u015bnie","isPartOf":{"@id":"https:\/\/pans.krosno.pl\/pracownicy\/#website"},"datePublished":"2020-03-30T09:15:51+00:00","dateModified":"2025-05-20T11:55:48+00:00","breadcrumb":{"@id":"https:\/\/pans.krosno.pl\/pracownicy\/boguslaw-wisniewski\/boguslaw-wisniewski-najwazniejsze-publikacje\/#breadcrumb"},"inLanguage":"pl-PL","potentialAction":[{"@type":"ReadAction","target":["https:\/\/pans.krosno.pl\/pracownicy\/boguslaw-wisniewski\/boguslaw-wisniewski-najwazniejsze-publikacje\/"]}]},{"@type":"BreadcrumbList","@id":"https:\/\/pans.krosno.pl\/pracownicy\/boguslaw-wisniewski\/boguslaw-wisniewski-najwazniejsze-publikacje\/#breadcrumb","itemListElement":[{"@type":"ListItem","position":1,"name":"Strona g\u0142\u00f3wna","item":"https:\/\/pans.krosno.pl\/pracownicy\/"},{"@type":"ListItem","position":2,"name":"dr in\u017c. Bogus\u0142aw Wi\u015bniewski","item":"https:\/\/pans.krosno.pl\/pracownicy\/boguslaw-wisniewski\/"},{"@type":"ListItem","position":3,"name":"dr in\u017c. Bogus\u0142aw Wi\u015bniewski &#8211; Najwa\u017cniejsze publikacje"}]},{"@type":"WebSite","@id":"https:\/\/pans.krosno.pl\/pracownicy\/#website","url":"https:\/\/pans.krosno.pl\/pracownicy\/","name":"Pracownicy PANS w Kro\u015bnie","description":"Pracownicy - Pa\u0144stwowa Akademia Nauk Stosowanych","publisher":{"@id":"https:\/\/pans.krosno.pl\/pracownicy\/#organization"},"potentialAction":[{"@type":"SearchAction","target":{"@type":"EntryPoint","urlTemplate":"https:\/\/pans.krosno.pl\/pracownicy\/?s={search_term_string}"},"query-input":{"@type":"PropertyValueSpecification","valueRequired":true,"valueName":"search_term_string"}}],"inLanguage":"pl-PL"},{"@type":"Organization","@id":"https:\/\/pans.krosno.pl\/pracownicy\/#organization","name":"Pracownicy PANS w Kro\u015bnie","url":"https:\/\/pans.krosno.pl\/pracownicy\/","logo":{"@type":"ImageObject","inLanguage":"pl-PL","@id":"https:\/\/pans.krosno.pl\/pracownicy\/#\/schema\/logo\/image\/","url":"https:\/\/pans.krosno.pl\/pracownicy\/wp-content\/uploads\/sites\/41\/2023\/01\/Logo-PANS-2022-pelne.png","contentUrl":"https:\/\/pans.krosno.pl\/pracownicy\/wp-content\/uploads\/sites\/41\/2023\/01\/Logo-PANS-2022-pelne.png","width":3096,"height":696,"caption":"Pracownicy PANS w Kro\u015bnie"},"image":{"@id":"https:\/\/pans.krosno.pl\/pracownicy\/#\/schema\/logo\/image\/"}}]}},"_links":{"self":[{"href":"https:\/\/pans.krosno.pl\/pracownicy\/wp-json\/wp\/v2\/pages\/567","targetHints":{"allow":["GET"]}}],"collection":[{"href":"https:\/\/pans.krosno.pl\/pracownicy\/wp-json\/wp\/v2\/pages"}],"about":[{"href":"https:\/\/pans.krosno.pl\/pracownicy\/wp-json\/wp\/v2\/types\/page"}],"author":[{"embeddable":true,"href":"https:\/\/pans.krosno.pl\/pracownicy\/wp-json\/wp\/v2\/users\/34"}],"replies":[{"embeddable":true,"href":"https:\/\/pans.krosno.pl\/pracownicy\/wp-json\/wp\/v2\/comments?post=567"}],"version-history":[{"count":6,"href":"https:\/\/pans.krosno.pl\/pracownicy\/wp-json\/wp\/v2\/pages\/567\/revisions"}],"predecessor-version":[{"id":11038,"href":"https:\/\/pans.krosno.pl\/pracownicy\/wp-json\/wp\/v2\/pages\/567\/revisions\/11038"}],"up":[{"embeddable":true,"href":"https:\/\/pans.krosno.pl\/pracownicy\/wp-json\/wp\/v2\/pages\/559"}],"wp:attachment":[{"href":"https:\/\/pans.krosno.pl\/pracownicy\/wp-json\/wp\/v2\/media?parent=567"}],"curies":[{"name":"wp","href":"https:\/\/api.w.org\/{rel}","templated":true}]}}