{"id":5555,"date":"2020-05-04T08:49:54","date_gmt":"2020-05-04T06:49:54","guid":{"rendered":"https:\/\/pans.krosno.pl\/pracownicy\/?page_id=5555"},"modified":"2025-05-19T10:16:23","modified_gmt":"2025-05-19T08:16:23","slug":"stanislaw-gumula-najwazniejsze-publikacje","status":"publish","type":"page","link":"https:\/\/pans.krosno.pl\/pracownicy\/stanislaw-gumula\/stanislaw-gumula-najwazniejsze-publikacje\/","title":{"rendered":"prof. dr hab. in\u017c. Stanis\u0142aw Gumu\u0142a &#8211; Najwa\u017cniejsze publikacje"},"content":{"rendered":"<hr>\n<p><strong>Publikacje naukowe<\/strong><\/p>\n<p>Tematyka prac naukowych &#8211; maszyny i urz\u0105dzenia energetyczne, konwersja energii w zjawiskach fizycznych i procesach technologicznych, techniczne zastosowania mechaniki, mechaniki p\u0142yn\u00f3w, termodynamiki i zjawisk elektrodynamicznych.<\/p>\n<p>\u0141\u0105czna ilo\u015b\u0107 publikacji: 341. Wykaz publikacji wydanych po 1999 r. wraz z ich charakterystyk\u0105 jest dost\u0119pny w wykazie publikacji pracownik\u00f3w Biblioteki G\u0142\u00f3wnej AGH. W wykazie znajduje si\u0119 171 prac opublikowanych po 1999 r.<\/p>\n<hr>\n<p>&nbsp;<\/p>\n","protected":false},"excerpt":{"rendered":"<p>Publikacje naukowe Tematyka prac naukowych &#8211; maszyny i urz\u0105dzenia energetyczne, konwersja energii w zjawiskach fizycznych i procesach technologicznych, techniczne zastosowania mechaniki, mechaniki p\u0142yn\u00f3w, termodynamiki i zjawisk elektrodynamicznych. \u0141\u0105czna ilo\u015b\u0107 publikacji: 341. Wykaz publikacji wydanych po 1999 r. wraz z ich charakterystyk\u0105 jest dost\u0119pny w wykazie publikacji pracownik\u00f3w Biblioteki G\u0142\u00f3wnej AGH. [\u2026] <\/p>\n<div class=\"clear\"><\/div>\n<p><a class=\"more_link clearfix\" href=\"https:\/\/pans.krosno.pl\/pracownicy\/stanislaw-gumula\/stanislaw-gumula-najwazniejsze-publikacje\/\" rel=\"nofollow\">Read More<\/a><\/p>\n","protected":false},"author":34,"featured_media":0,"parent":5545,"menu_order":0,"comment_status":"closed","ping_status":"closed","template":"","meta":{"ngg_post_thumbnail":0,"footnotes":""},"class_list":["post-5555","page","type-page","status-publish","hentry"],"yoast_head":"<!-- This site is optimized with the Yoast SEO Premium plugin v27.4 (Yoast SEO v27.4) - https:\/\/yoast.com\/product\/yoast-seo-premium-wordpress\/ -->\n<title>prof. dr hab. in\u017c. Stanis\u0142aw Gumu\u0142a - Najwa\u017cniejsze publikacje - Pracownicy PANS w Kro\u015bnie<\/title>\n<meta name=\"robots\" content=\"index, follow, max-snippet:-1, max-image-preview:large, max-video-preview:-1\" \/>\n<link rel=\"canonical\" href=\"https:\/\/pans.krosno.pl\/pracownicy\/stanislaw-gumula\/stanislaw-gumula-najwazniejsze-publikacje\/\" \/>\n<meta property=\"og:locale\" content=\"pl_PL\" \/>\n<meta property=\"og:type\" content=\"article\" \/>\n<meta property=\"og:title\" content=\"prof. dr hab. in\u017c. Stanis\u0142aw Gumu\u0142a - Najwa\u017cniejsze publikacje\" \/>\n<meta property=\"og:description\" content=\"Publikacje naukowe Tematyka prac naukowych &#8211; maszyny i urz\u0105dzenia energetyczne, konwersja energii w zjawiskach fizycznych i procesach technologicznych, techniczne zastosowania mechaniki, mechaniki p\u0142yn\u00f3w, termodynamiki i zjawisk elektrodynamicznych. \u0141\u0105czna ilo\u015b\u0107 publikacji: 341. Wykaz publikacji wydanych po 1999 r. wraz z ich charakterystyk\u0105 jest dost\u0119pny w wykazie publikacji pracownik\u00f3w Biblioteki G\u0142\u00f3wnej AGH. [\u2026] Read More\" \/>\n<meta property=\"og:url\" content=\"https:\/\/pans.krosno.pl\/pracownicy\/stanislaw-gumula\/stanislaw-gumula-najwazniejsze-publikacje\/\" \/>\n<meta property=\"og:site_name\" content=\"Pracownicy PANS w Kro\u015bnie\" \/>\n<meta property=\"article:modified_time\" content=\"2025-05-19T08:16:23+00:00\" \/>\n<meta name=\"twitter:card\" content=\"summary_large_image\" \/>\n<meta name=\"twitter:label1\" content=\"Szacowany czas czytania\" \/>\n\t<meta name=\"twitter:data1\" content=\"1 minuta\" \/>\n<script type=\"application\/ld+json\" class=\"yoast-schema-graph\">{\"@context\":\"https:\\\/\\\/schema.org\",\"@graph\":[{\"@type\":\"WebPage\",\"@id\":\"https:\\\/\\\/pans.krosno.pl\\\/pracownicy\\\/stanislaw-gumula\\\/stanislaw-gumula-najwazniejsze-publikacje\\\/\",\"url\":\"https:\\\/\\\/pans.krosno.pl\\\/pracownicy\\\/stanislaw-gumula\\\/stanislaw-gumula-najwazniejsze-publikacje\\\/\",\"name\":\"prof. dr hab. in\u017c. Stanis\u0142aw Gumu\u0142a - Najwa\u017cniejsze publikacje - Pracownicy PANS w Kro\u015bnie\",\"isPartOf\":{\"@id\":\"https:\\\/\\\/pans.krosno.pl\\\/pracownicy\\\/#website\"},\"datePublished\":\"2020-05-04T06:49:54+00:00\",\"dateModified\":\"2025-05-19T08:16:23+00:00\",\"breadcrumb\":{\"@id\":\"https:\\\/\\\/pans.krosno.pl\\\/pracownicy\\\/stanislaw-gumula\\\/stanislaw-gumula-najwazniejsze-publikacje\\\/#breadcrumb\"},\"inLanguage\":\"pl-PL\",\"potentialAction\":[{\"@type\":\"ReadAction\",\"target\":[\"https:\\\/\\\/pans.krosno.pl\\\/pracownicy\\\/stanislaw-gumula\\\/stanislaw-gumula-najwazniejsze-publikacje\\\/\"]}]},{\"@type\":\"BreadcrumbList\",\"@id\":\"https:\\\/\\\/pans.krosno.pl\\\/pracownicy\\\/stanislaw-gumula\\\/stanislaw-gumula-najwazniejsze-publikacje\\\/#breadcrumb\",\"itemListElement\":[{\"@type\":\"ListItem\",\"position\":1,\"name\":\"Strona g\u0142\u00f3wna\",\"item\":\"https:\\\/\\\/pans.krosno.pl\\\/pracownicy\\\/\"},{\"@type\":\"ListItem\",\"position\":2,\"name\":\"prof. dr hab. in\u017c. Stanis\u0142aw Gumu\u0142a\",\"item\":\"https:\\\/\\\/pans.krosno.pl\\\/pracownicy\\\/stanislaw-gumula\\\/\"},{\"@type\":\"ListItem\",\"position\":3,\"name\":\"prof. dr hab. in\u017c. Stanis\u0142aw Gumu\u0142a &#8211; Najwa\u017cniejsze publikacje\"}]},{\"@type\":\"WebSite\",\"@id\":\"https:\\\/\\\/pans.krosno.pl\\\/pracownicy\\\/#website\",\"url\":\"https:\\\/\\\/pans.krosno.pl\\\/pracownicy\\\/\",\"name\":\"Pracownicy PANS w Kro\u015bnie\",\"description\":\"Pracownicy - Pa\u0144stwowa Akademia Nauk Stosowanych\",\"publisher\":{\"@id\":\"https:\\\/\\\/pans.krosno.pl\\\/pracownicy\\\/#organization\"},\"potentialAction\":[{\"@type\":\"SearchAction\",\"target\":{\"@type\":\"EntryPoint\",\"urlTemplate\":\"https:\\\/\\\/pans.krosno.pl\\\/pracownicy\\\/?s={search_term_string}\"},\"query-input\":{\"@type\":\"PropertyValueSpecification\",\"valueRequired\":true,\"valueName\":\"search_term_string\"}}],\"inLanguage\":\"pl-PL\"},{\"@type\":\"Organization\",\"@id\":\"https:\\\/\\\/pans.krosno.pl\\\/pracownicy\\\/#organization\",\"name\":\"Pracownicy PANS w Kro\u015bnie\",\"url\":\"https:\\\/\\\/pans.krosno.pl\\\/pracownicy\\\/\",\"logo\":{\"@type\":\"ImageObject\",\"inLanguage\":\"pl-PL\",\"@id\":\"https:\\\/\\\/pans.krosno.pl\\\/pracownicy\\\/#\\\/schema\\\/logo\\\/image\\\/\",\"url\":\"https:\\\/\\\/pans.krosno.pl\\\/pracownicy\\\/wp-content\\\/uploads\\\/sites\\\/41\\\/2023\\\/01\\\/Logo-PANS-2022-pelne.png\",\"contentUrl\":\"https:\\\/\\\/pans.krosno.pl\\\/pracownicy\\\/wp-content\\\/uploads\\\/sites\\\/41\\\/2023\\\/01\\\/Logo-PANS-2022-pelne.png\",\"width\":3096,\"height\":696,\"caption\":\"Pracownicy PANS w Kro\u015bnie\"},\"image\":{\"@id\":\"https:\\\/\\\/pans.krosno.pl\\\/pracownicy\\\/#\\\/schema\\\/logo\\\/image\\\/\"}}]}<\/script>\n<!-- \/ Yoast SEO Premium plugin. -->","yoast_head_json":{"title":"prof. dr hab. in\u017c. Stanis\u0142aw Gumu\u0142a - Najwa\u017cniejsze publikacje - Pracownicy PANS w Kro\u015bnie","robots":{"index":"index","follow":"follow","max-snippet":"max-snippet:-1","max-image-preview":"max-image-preview:large","max-video-preview":"max-video-preview:-1"},"canonical":"https:\/\/pans.krosno.pl\/pracownicy\/stanislaw-gumula\/stanislaw-gumula-najwazniejsze-publikacje\/","og_locale":"pl_PL","og_type":"article","og_title":"prof. dr hab. in\u017c. Stanis\u0142aw Gumu\u0142a - Najwa\u017cniejsze publikacje","og_description":"Publikacje naukowe Tematyka prac naukowych &#8211; maszyny i urz\u0105dzenia energetyczne, konwersja energii w zjawiskach fizycznych i procesach technologicznych, techniczne zastosowania mechaniki, mechaniki p\u0142yn\u00f3w, termodynamiki i zjawisk elektrodynamicznych. \u0141\u0105czna ilo\u015b\u0107 publikacji: 341. Wykaz publikacji wydanych po 1999 r. wraz z ich charakterystyk\u0105 jest dost\u0119pny w wykazie publikacji pracownik\u00f3w Biblioteki G\u0142\u00f3wnej AGH. [\u2026] Read More","og_url":"https:\/\/pans.krosno.pl\/pracownicy\/stanislaw-gumula\/stanislaw-gumula-najwazniejsze-publikacje\/","og_site_name":"Pracownicy PANS w Kro\u015bnie","article_modified_time":"2025-05-19T08:16:23+00:00","twitter_card":"summary_large_image","twitter_misc":{"Szacowany czas czytania":"1 minuta"},"schema":{"@context":"https:\/\/schema.org","@graph":[{"@type":"WebPage","@id":"https:\/\/pans.krosno.pl\/pracownicy\/stanislaw-gumula\/stanislaw-gumula-najwazniejsze-publikacje\/","url":"https:\/\/pans.krosno.pl\/pracownicy\/stanislaw-gumula\/stanislaw-gumula-najwazniejsze-publikacje\/","name":"prof. dr hab. in\u017c. Stanis\u0142aw Gumu\u0142a - Najwa\u017cniejsze publikacje - Pracownicy PANS w Kro\u015bnie","isPartOf":{"@id":"https:\/\/pans.krosno.pl\/pracownicy\/#website"},"datePublished":"2020-05-04T06:49:54+00:00","dateModified":"2025-05-19T08:16:23+00:00","breadcrumb":{"@id":"https:\/\/pans.krosno.pl\/pracownicy\/stanislaw-gumula\/stanislaw-gumula-najwazniejsze-publikacje\/#breadcrumb"},"inLanguage":"pl-PL","potentialAction":[{"@type":"ReadAction","target":["https:\/\/pans.krosno.pl\/pracownicy\/stanislaw-gumula\/stanislaw-gumula-najwazniejsze-publikacje\/"]}]},{"@type":"BreadcrumbList","@id":"https:\/\/pans.krosno.pl\/pracownicy\/stanislaw-gumula\/stanislaw-gumula-najwazniejsze-publikacje\/#breadcrumb","itemListElement":[{"@type":"ListItem","position":1,"name":"Strona g\u0142\u00f3wna","item":"https:\/\/pans.krosno.pl\/pracownicy\/"},{"@type":"ListItem","position":2,"name":"prof. dr hab. in\u017c. Stanis\u0142aw Gumu\u0142a","item":"https:\/\/pans.krosno.pl\/pracownicy\/stanislaw-gumula\/"},{"@type":"ListItem","position":3,"name":"prof. dr hab. in\u017c. Stanis\u0142aw Gumu\u0142a &#8211; Najwa\u017cniejsze publikacje"}]},{"@type":"WebSite","@id":"https:\/\/pans.krosno.pl\/pracownicy\/#website","url":"https:\/\/pans.krosno.pl\/pracownicy\/","name":"Pracownicy PANS w Kro\u015bnie","description":"Pracownicy - Pa\u0144stwowa Akademia Nauk Stosowanych","publisher":{"@id":"https:\/\/pans.krosno.pl\/pracownicy\/#organization"},"potentialAction":[{"@type":"SearchAction","target":{"@type":"EntryPoint","urlTemplate":"https:\/\/pans.krosno.pl\/pracownicy\/?s={search_term_string}"},"query-input":{"@type":"PropertyValueSpecification","valueRequired":true,"valueName":"search_term_string"}}],"inLanguage":"pl-PL"},{"@type":"Organization","@id":"https:\/\/pans.krosno.pl\/pracownicy\/#organization","name":"Pracownicy PANS w Kro\u015bnie","url":"https:\/\/pans.krosno.pl\/pracownicy\/","logo":{"@type":"ImageObject","inLanguage":"pl-PL","@id":"https:\/\/pans.krosno.pl\/pracownicy\/#\/schema\/logo\/image\/","url":"https:\/\/pans.krosno.pl\/pracownicy\/wp-content\/uploads\/sites\/41\/2023\/01\/Logo-PANS-2022-pelne.png","contentUrl":"https:\/\/pans.krosno.pl\/pracownicy\/wp-content\/uploads\/sites\/41\/2023\/01\/Logo-PANS-2022-pelne.png","width":3096,"height":696,"caption":"Pracownicy PANS w Kro\u015bnie"},"image":{"@id":"https:\/\/pans.krosno.pl\/pracownicy\/#\/schema\/logo\/image\/"}}]}},"_links":{"self":[{"href":"https:\/\/pans.krosno.pl\/pracownicy\/wp-json\/wp\/v2\/pages\/5555","targetHints":{"allow":["GET"]}}],"collection":[{"href":"https:\/\/pans.krosno.pl\/pracownicy\/wp-json\/wp\/v2\/pages"}],"about":[{"href":"https:\/\/pans.krosno.pl\/pracownicy\/wp-json\/wp\/v2\/types\/page"}],"author":[{"embeddable":true,"href":"https:\/\/pans.krosno.pl\/pracownicy\/wp-json\/wp\/v2\/users\/34"}],"replies":[{"embeddable":true,"href":"https:\/\/pans.krosno.pl\/pracownicy\/wp-json\/wp\/v2\/comments?post=5555"}],"version-history":[{"count":5,"href":"https:\/\/pans.krosno.pl\/pracownicy\/wp-json\/wp\/v2\/pages\/5555\/revisions"}],"predecessor-version":[{"id":8005,"href":"https:\/\/pans.krosno.pl\/pracownicy\/wp-json\/wp\/v2\/pages\/5555\/revisions\/8005"}],"up":[{"embeddable":true,"href":"https:\/\/pans.krosno.pl\/pracownicy\/wp-json\/wp\/v2\/pages\/5545"}],"wp:attachment":[{"href":"https:\/\/pans.krosno.pl\/pracownicy\/wp-json\/wp\/v2\/media?parent=5555"}],"curies":[{"name":"wp","href":"https:\/\/api.w.org\/{rel}","templated":true}]}}