{"id":5498,"date":"2020-04-30T12:15:56","date_gmt":"2020-04-30T10:15:56","guid":{"rendered":"https:\/\/pans.krosno.pl\/pracownicy\/?page_id=5498"},"modified":"2025-05-20T13:35:48","modified_gmt":"2025-05-20T11:35:48","slug":"alicja-sniezek-doswiadcznie-pozauczelniane","status":"publish","type":"page","link":"https:\/\/pans.krosno.pl\/pracownicy\/alicja-sniezek\/alicja-sniezek-doswiadcznie-pozauczelniane\/","title":{"rendered":"mgr Alicja \u015anie\u017cek &#8211; Do\u015bwiadczenie pozauczelniane"},"content":{"rendered":"<hr>\n<p>Jako piel\u0119gniarka anestezjologiczna na oddziale Anestezjologii i Intensywnej Terapii w Wojew\u00f3dzkim Szpitalu Podkarpackim w Kro\u015bnie pracuje od 2006 r. W szpitalu jest cz\u0142onkiem zespo\u0142u do spraw leczenia b\u00f3lu oraz zespo\u0142u do spraw transplantologii. Zainteresowania zawodowe dotycz\u0105 anestezjologii i piel\u0119gnowania chorego w zagro\u017ceniu \u017cycia. Jest cz\u0142onkiem zarz\u0105du zwi\u0105zku zawodowego OZZPBOAiT przy Wojew\u00f3dzkim Szpitalu Podkarpackim w Kro\u015bnie<\/p>\n<p>&nbsp;<\/p>\n<p><strong>Wybrane monografie <\/strong><\/p>\n<ol>\n<li>Alicja \u015anie\u017cek.: Zasady tworzenia scenariuszy. [w]: Propedeutyka symulacji medycznej w piel\u0119gniarstwie. (red.) Dziubaszewska R., Studnicka K., Zarzycka D., KPU Krosno 2020,&nbsp;&nbsp;&nbsp;&nbsp;&nbsp; 49-54.<\/li>\n<\/ol>\n<hr>\n<p>&nbsp;<\/p>\n","protected":false},"excerpt":{"rendered":"<p>Jako piel\u0119gniarka anestezjologiczna na oddziale Anestezjologii i Intensywnej Terapii w Wojew\u00f3dzkim Szpitalu Podkarpackim w Kro\u015bnie pracuje od 2006 r. W szpitalu jest cz\u0142onkiem zespo\u0142u do spraw leczenia b\u00f3lu oraz zespo\u0142u do spraw transplantologii. Zainteresowania zawodowe dotycz\u0105 anestezjologii i piel\u0119gnowania chorego w zagro\u017ceniu \u017cycia. Jest cz\u0142onkiem zarz\u0105du zwi\u0105zku zawodowego OZZPBOAiT przy [\u2026] <\/p>\n<div class=\"clear\"><\/div>\n<p><a class=\"more_link clearfix\" href=\"https:\/\/pans.krosno.pl\/pracownicy\/alicja-sniezek\/alicja-sniezek-doswiadcznie-pozauczelniane\/\" rel=\"nofollow\">Read More<\/a><\/p>\n","protected":false},"author":36,"featured_media":0,"parent":5487,"menu_order":0,"comment_status":"closed","ping_status":"closed","template":"","meta":{"ngg_post_thumbnail":0,"footnotes":""},"class_list":["post-5498","page","type-page","status-publish","hentry"],"yoast_head":"<!-- This site is optimized with the Yoast SEO Premium plugin v27.3 (Yoast SEO v27.3) - https:\/\/yoast.com\/product\/yoast-seo-premium-wordpress\/ -->\n<title>mgr Alicja \u015anie\u017cek - Do\u015bwiadczenie pozauczelniane - Pracownicy PANS w Kro\u015bnie<\/title>\n<meta name=\"robots\" content=\"index, follow, max-snippet:-1, max-image-preview:large, max-video-preview:-1\" \/>\n<link rel=\"canonical\" href=\"https:\/\/pans.krosno.pl\/pracownicy\/alicja-sniezek\/alicja-sniezek-doswiadcznie-pozauczelniane\/\" \/>\n<meta property=\"og:locale\" content=\"pl_PL\" \/>\n<meta property=\"og:type\" content=\"article\" \/>\n<meta property=\"og:title\" content=\"mgr Alicja \u015anie\u017cek - Do\u015bwiadczenie pozauczelniane\" \/>\n<meta property=\"og:description\" content=\"Jako piel\u0119gniarka anestezjologiczna na oddziale Anestezjologii i Intensywnej Terapii w Wojew\u00f3dzkim Szpitalu Podkarpackim w Kro\u015bnie pracuje od 2006 r. W szpitalu jest cz\u0142onkiem zespo\u0142u do spraw leczenia b\u00f3lu oraz zespo\u0142u do spraw transplantologii. Zainteresowania zawodowe dotycz\u0105 anestezjologii i piel\u0119gnowania chorego w zagro\u017ceniu \u017cycia. Jest cz\u0142onkiem zarz\u0105du zwi\u0105zku zawodowego OZZPBOAiT przy [\u2026] Read More\" \/>\n<meta property=\"og:url\" content=\"https:\/\/pans.krosno.pl\/pracownicy\/alicja-sniezek\/alicja-sniezek-doswiadcznie-pozauczelniane\/\" \/>\n<meta property=\"og:site_name\" content=\"Pracownicy PANS w Kro\u015bnie\" \/>\n<meta property=\"article:modified_time\" content=\"2025-05-20T11:35:48+00:00\" \/>\n<meta name=\"twitter:card\" content=\"summary_large_image\" \/>\n<meta name=\"twitter:label1\" content=\"Szacowany czas czytania\" \/>\n\t<meta name=\"twitter:data1\" content=\"1 minuta\" \/>\n<script type=\"application\/ld+json\" class=\"yoast-schema-graph\">{\"@context\":\"https:\\\/\\\/schema.org\",\"@graph\":[{\"@type\":\"WebPage\",\"@id\":\"https:\\\/\\\/pans.krosno.pl\\\/pracownicy\\\/alicja-sniezek\\\/alicja-sniezek-doswiadcznie-pozauczelniane\\\/\",\"url\":\"https:\\\/\\\/pans.krosno.pl\\\/pracownicy\\\/alicja-sniezek\\\/alicja-sniezek-doswiadcznie-pozauczelniane\\\/\",\"name\":\"mgr Alicja \u015anie\u017cek - Do\u015bwiadczenie pozauczelniane - Pracownicy PANS w Kro\u015bnie\",\"isPartOf\":{\"@id\":\"https:\\\/\\\/pans.krosno.pl\\\/pracownicy\\\/#website\"},\"datePublished\":\"2020-04-30T10:15:56+00:00\",\"dateModified\":\"2025-05-20T11:35:48+00:00\",\"breadcrumb\":{\"@id\":\"https:\\\/\\\/pans.krosno.pl\\\/pracownicy\\\/alicja-sniezek\\\/alicja-sniezek-doswiadcznie-pozauczelniane\\\/#breadcrumb\"},\"inLanguage\":\"pl-PL\",\"potentialAction\":[{\"@type\":\"ReadAction\",\"target\":[\"https:\\\/\\\/pans.krosno.pl\\\/pracownicy\\\/alicja-sniezek\\\/alicja-sniezek-doswiadcznie-pozauczelniane\\\/\"]}]},{\"@type\":\"BreadcrumbList\",\"@id\":\"https:\\\/\\\/pans.krosno.pl\\\/pracownicy\\\/alicja-sniezek\\\/alicja-sniezek-doswiadcznie-pozauczelniane\\\/#breadcrumb\",\"itemListElement\":[{\"@type\":\"ListItem\",\"position\":1,\"name\":\"Strona g\u0142\u00f3wna\",\"item\":\"https:\\\/\\\/pans.krosno.pl\\\/pracownicy\\\/\"},{\"@type\":\"ListItem\",\"position\":2,\"name\":\"mgr Alicja \u015anie\u017cek\",\"item\":\"https:\\\/\\\/pans.krosno.pl\\\/pracownicy\\\/alicja-sniezek\\\/\"},{\"@type\":\"ListItem\",\"position\":3,\"name\":\"mgr Alicja \u015anie\u017cek &#8211; Do\u015bwiadczenie pozauczelniane\"}]},{\"@type\":\"WebSite\",\"@id\":\"https:\\\/\\\/pans.krosno.pl\\\/pracownicy\\\/#website\",\"url\":\"https:\\\/\\\/pans.krosno.pl\\\/pracownicy\\\/\",\"name\":\"Pracownicy PANS w Kro\u015bnie\",\"description\":\"Pracownicy - Pa\u0144stwowa Akademia Nauk Stosowanych\",\"publisher\":{\"@id\":\"https:\\\/\\\/pans.krosno.pl\\\/pracownicy\\\/#organization\"},\"potentialAction\":[{\"@type\":\"SearchAction\",\"target\":{\"@type\":\"EntryPoint\",\"urlTemplate\":\"https:\\\/\\\/pans.krosno.pl\\\/pracownicy\\\/?s={search_term_string}\"},\"query-input\":{\"@type\":\"PropertyValueSpecification\",\"valueRequired\":true,\"valueName\":\"search_term_string\"}}],\"inLanguage\":\"pl-PL\"},{\"@type\":\"Organization\",\"@id\":\"https:\\\/\\\/pans.krosno.pl\\\/pracownicy\\\/#organization\",\"name\":\"Pracownicy PANS w Kro\u015bnie\",\"url\":\"https:\\\/\\\/pans.krosno.pl\\\/pracownicy\\\/\",\"logo\":{\"@type\":\"ImageObject\",\"inLanguage\":\"pl-PL\",\"@id\":\"https:\\\/\\\/pans.krosno.pl\\\/pracownicy\\\/#\\\/schema\\\/logo\\\/image\\\/\",\"url\":\"https:\\\/\\\/pans.krosno.pl\\\/pracownicy\\\/wp-content\\\/uploads\\\/sites\\\/41\\\/2023\\\/01\\\/Logo-PANS-2022-pelne.png\",\"contentUrl\":\"https:\\\/\\\/pans.krosno.pl\\\/pracownicy\\\/wp-content\\\/uploads\\\/sites\\\/41\\\/2023\\\/01\\\/Logo-PANS-2022-pelne.png\",\"width\":3096,\"height\":696,\"caption\":\"Pracownicy PANS w Kro\u015bnie\"},\"image\":{\"@id\":\"https:\\\/\\\/pans.krosno.pl\\\/pracownicy\\\/#\\\/schema\\\/logo\\\/image\\\/\"}}]}<\/script>\n<!-- \/ Yoast SEO Premium plugin. -->","yoast_head_json":{"title":"mgr Alicja \u015anie\u017cek - Do\u015bwiadczenie pozauczelniane - Pracownicy PANS w Kro\u015bnie","robots":{"index":"index","follow":"follow","max-snippet":"max-snippet:-1","max-image-preview":"max-image-preview:large","max-video-preview":"max-video-preview:-1"},"canonical":"https:\/\/pans.krosno.pl\/pracownicy\/alicja-sniezek\/alicja-sniezek-doswiadcznie-pozauczelniane\/","og_locale":"pl_PL","og_type":"article","og_title":"mgr Alicja \u015anie\u017cek - Do\u015bwiadczenie pozauczelniane","og_description":"Jako piel\u0119gniarka anestezjologiczna na oddziale Anestezjologii i Intensywnej Terapii w Wojew\u00f3dzkim Szpitalu Podkarpackim w Kro\u015bnie pracuje od 2006 r. W szpitalu jest cz\u0142onkiem zespo\u0142u do spraw leczenia b\u00f3lu oraz zespo\u0142u do spraw transplantologii. Zainteresowania zawodowe dotycz\u0105 anestezjologii i piel\u0119gnowania chorego w zagro\u017ceniu \u017cycia. Jest cz\u0142onkiem zarz\u0105du zwi\u0105zku zawodowego OZZPBOAiT przy [\u2026] Read More","og_url":"https:\/\/pans.krosno.pl\/pracownicy\/alicja-sniezek\/alicja-sniezek-doswiadcznie-pozauczelniane\/","og_site_name":"Pracownicy PANS w Kro\u015bnie","article_modified_time":"2025-05-20T11:35:48+00:00","twitter_card":"summary_large_image","twitter_misc":{"Szacowany czas czytania":"1 minuta"},"schema":{"@context":"https:\/\/schema.org","@graph":[{"@type":"WebPage","@id":"https:\/\/pans.krosno.pl\/pracownicy\/alicja-sniezek\/alicja-sniezek-doswiadcznie-pozauczelniane\/","url":"https:\/\/pans.krosno.pl\/pracownicy\/alicja-sniezek\/alicja-sniezek-doswiadcznie-pozauczelniane\/","name":"mgr Alicja \u015anie\u017cek - Do\u015bwiadczenie pozauczelniane - Pracownicy PANS w Kro\u015bnie","isPartOf":{"@id":"https:\/\/pans.krosno.pl\/pracownicy\/#website"},"datePublished":"2020-04-30T10:15:56+00:00","dateModified":"2025-05-20T11:35:48+00:00","breadcrumb":{"@id":"https:\/\/pans.krosno.pl\/pracownicy\/alicja-sniezek\/alicja-sniezek-doswiadcznie-pozauczelniane\/#breadcrumb"},"inLanguage":"pl-PL","potentialAction":[{"@type":"ReadAction","target":["https:\/\/pans.krosno.pl\/pracownicy\/alicja-sniezek\/alicja-sniezek-doswiadcznie-pozauczelniane\/"]}]},{"@type":"BreadcrumbList","@id":"https:\/\/pans.krosno.pl\/pracownicy\/alicja-sniezek\/alicja-sniezek-doswiadcznie-pozauczelniane\/#breadcrumb","itemListElement":[{"@type":"ListItem","position":1,"name":"Strona g\u0142\u00f3wna","item":"https:\/\/pans.krosno.pl\/pracownicy\/"},{"@type":"ListItem","position":2,"name":"mgr Alicja \u015anie\u017cek","item":"https:\/\/pans.krosno.pl\/pracownicy\/alicja-sniezek\/"},{"@type":"ListItem","position":3,"name":"mgr Alicja \u015anie\u017cek &#8211; Do\u015bwiadczenie pozauczelniane"}]},{"@type":"WebSite","@id":"https:\/\/pans.krosno.pl\/pracownicy\/#website","url":"https:\/\/pans.krosno.pl\/pracownicy\/","name":"Pracownicy PANS w Kro\u015bnie","description":"Pracownicy - Pa\u0144stwowa Akademia Nauk Stosowanych","publisher":{"@id":"https:\/\/pans.krosno.pl\/pracownicy\/#organization"},"potentialAction":[{"@type":"SearchAction","target":{"@type":"EntryPoint","urlTemplate":"https:\/\/pans.krosno.pl\/pracownicy\/?s={search_term_string}"},"query-input":{"@type":"PropertyValueSpecification","valueRequired":true,"valueName":"search_term_string"}}],"inLanguage":"pl-PL"},{"@type":"Organization","@id":"https:\/\/pans.krosno.pl\/pracownicy\/#organization","name":"Pracownicy PANS w Kro\u015bnie","url":"https:\/\/pans.krosno.pl\/pracownicy\/","logo":{"@type":"ImageObject","inLanguage":"pl-PL","@id":"https:\/\/pans.krosno.pl\/pracownicy\/#\/schema\/logo\/image\/","url":"https:\/\/pans.krosno.pl\/pracownicy\/wp-content\/uploads\/sites\/41\/2023\/01\/Logo-PANS-2022-pelne.png","contentUrl":"https:\/\/pans.krosno.pl\/pracownicy\/wp-content\/uploads\/sites\/41\/2023\/01\/Logo-PANS-2022-pelne.png","width":3096,"height":696,"caption":"Pracownicy PANS w Kro\u015bnie"},"image":{"@id":"https:\/\/pans.krosno.pl\/pracownicy\/#\/schema\/logo\/image\/"}}]}},"_links":{"self":[{"href":"https:\/\/pans.krosno.pl\/pracownicy\/wp-json\/wp\/v2\/pages\/5498","targetHints":{"allow":["GET"]}}],"collection":[{"href":"https:\/\/pans.krosno.pl\/pracownicy\/wp-json\/wp\/v2\/pages"}],"about":[{"href":"https:\/\/pans.krosno.pl\/pracownicy\/wp-json\/wp\/v2\/types\/page"}],"author":[{"embeddable":true,"href":"https:\/\/pans.krosno.pl\/pracownicy\/wp-json\/wp\/v2\/users\/36"}],"replies":[{"embeddable":true,"href":"https:\/\/pans.krosno.pl\/pracownicy\/wp-json\/wp\/v2\/comments?post=5498"}],"version-history":[{"count":13,"href":"https:\/\/pans.krosno.pl\/pracownicy\/wp-json\/wp\/v2\/pages\/5498\/revisions"}],"predecessor-version":[{"id":10971,"href":"https:\/\/pans.krosno.pl\/pracownicy\/wp-json\/wp\/v2\/pages\/5498\/revisions\/10971"}],"up":[{"embeddable":true,"href":"https:\/\/pans.krosno.pl\/pracownicy\/wp-json\/wp\/v2\/pages\/5487"}],"wp:attachment":[{"href":"https:\/\/pans.krosno.pl\/pracownicy\/wp-json\/wp\/v2\/media?parent=5498"}],"curies":[{"name":"wp","href":"https:\/\/api.w.org\/{rel}","templated":true}]}}