{"id":5495,"date":"2020-04-30T12:13:33","date_gmt":"2020-04-30T10:13:33","guid":{"rendered":"https:\/\/pans.krosno.pl\/pracownicy\/?page_id=5495"},"modified":"2025-05-20T13:35:44","modified_gmt":"2025-05-20T11:35:44","slug":"alicja-sniezek-zyciorys-naukowy","status":"publish","type":"page","link":"https:\/\/pans.krosno.pl\/pracownicy\/alicja-sniezek\/alicja-sniezek-zyciorys-naukowy\/","title":{"rendered":"mgr Alicja \u015anie\u017cek &#8211; \u017byciorys naukowy"},"content":{"rendered":"<hr>\n<ul>\n<li>Absolwentka Wydzia\u0142u Ochrony Zdrowia Collegium Medicum Uniwersytetu Jagiello\u0144skiego w Krakowie, magister piel\u0119gniarstwa.&nbsp;<\/li>\n<\/ul>\n<hr>\n<p style=\"text-align: center\"><strong>Uko\u0144czone kszta\u0142cenie podyplomowe<\/strong><\/p>\n<ul>\n<li>Specjalizacja w dziedzinie piel\u0119gniarstwa anastezjologicznego i intensywnej terapii.<\/li>\n<li>Studia podyplomowe \u201eZarz\u0105dzanie w ochronie zdrowia z elementami prawa medycznego\u201d<\/li>\n<\/ul>\n<p><strong>Kurs kwalifikacyjny pn.:<\/strong><\/p>\n<ul>\n<li>\u201ePiel\u0119gniarstwo anestezjologiczne i intensywnej opieki dla piel\u0119gniarek\u201d.<\/li>\n<\/ul>\n<p><strong>Kurs specjalistyczny pn.:<\/strong><\/p>\n<ul>\n<li>\u201eWykonywanie i interpretacja zapisu elektrokardiograficznego dla piel\u0119gniarek i po\u0142o\u017cnych\u201d,<\/li>\n<li>\u201eOrdynowanie lek\u00f3w i wypisywanie recept dla piel\u0119gniarek i po\u0142o\u017cnych\u201d,<\/li>\n<li>\u201eEndoskopia dla piel\u0119gniarek\u201d,<\/li>\n<li>\u201eB\u00f3l ostry i przewlek\u0142y \u2013 kurs dla piel\u0119gniarek i po\u0142o\u017cnych\u201d,<\/li>\n<\/ul>\n<p><strong>Szkolenie praktyczne pn.:<\/strong><\/p>\n<ul>\n<li>&#8222;Instruktor symulacji niskiej wierno\u015bci w piel\u0119gniarstwie&#8221;,<\/li>\n<li>&#8222;Instruktor symulacji przedmiot\u00f3w specjalistycznych \u2013 po\u015brednia wierno\u015b\u0107&#8221;,<\/li>\n<li>&#8222;Instruktor symulacji wysokiej wierno\u015bci&#8221;,<\/li>\n<li>&#8222;Egzaminator OSCE w piel\u0119gniarstwie&#8221;,<\/li>\n<li>&#8222;Kadra uczelni piel\u0119gniarskiej&#8221;.<\/li>\n<\/ul>\n<p><strong>Szkolenie pn.:<\/strong><\/p>\n<ul>\n<li>&#8222;Komunikacja interpersonalna&#8221;,<\/li>\n<li>&#8222;Zarz\u0105dzanie zespo\u0142em&#8221;.<\/li>\n<\/ul>\n<hr>\n<p>&nbsp;<\/p>\n\n\n<p><\/p>\n","protected":false},"excerpt":{"rendered":"<p>Absolwentka Wydzia\u0142u Ochrony Zdrowia Collegium Medicum Uniwersytetu Jagiello\u0144skiego w Krakowie, magister piel\u0119gniarstwa.&nbsp; Uko\u0144czone kszta\u0142cenie podyplomowe Specjalizacja w dziedzinie piel\u0119gniarstwa anastezjologicznego i intensywnej terapii. Studia podyplomowe \u201eZarz\u0105dzanie w ochronie zdrowia z elementami prawa medycznego\u201d Kurs kwalifikacyjny pn.: \u201ePiel\u0119gniarstwo anestezjologiczne i intensywnej opieki dla piel\u0119gniarek\u201d. Kurs specjalistyczny pn.: \u201eWykonywanie i interpretacja zapisu [\u2026] <\/p>\n<div class=\"clear\"><\/div>\n<p><a class=\"more_link clearfix\" href=\"https:\/\/pans.krosno.pl\/pracownicy\/alicja-sniezek\/alicja-sniezek-zyciorys-naukowy\/\" rel=\"nofollow\">Read More<\/a><\/p>\n","protected":false},"author":36,"featured_media":0,"parent":5487,"menu_order":0,"comment_status":"closed","ping_status":"closed","template":"","meta":{"ngg_post_thumbnail":0,"footnotes":""},"class_list":["post-5495","page","type-page","status-publish","hentry"],"yoast_head":"<!-- This site is optimized with the Yoast SEO Premium plugin v27.3 (Yoast SEO v27.3) - https:\/\/yoast.com\/product\/yoast-seo-premium-wordpress\/ -->\n<title>mgr Alicja \u015anie\u017cek - \u017byciorys naukowy - Pracownicy PANS w Kro\u015bnie<\/title>\n<meta name=\"robots\" content=\"index, follow, max-snippet:-1, max-image-preview:large, max-video-preview:-1\" \/>\n<link rel=\"canonical\" href=\"https:\/\/pans.krosno.pl\/pracownicy\/alicja-sniezek\/alicja-sniezek-zyciorys-naukowy\/\" \/>\n<meta property=\"og:locale\" content=\"pl_PL\" \/>\n<meta property=\"og:type\" content=\"article\" \/>\n<meta property=\"og:title\" content=\"mgr Alicja \u015anie\u017cek - \u017byciorys naukowy\" \/>\n<meta property=\"og:description\" content=\"Absolwentka Wydzia\u0142u Ochrony Zdrowia Collegium Medicum Uniwersytetu Jagiello\u0144skiego w Krakowie, magister piel\u0119gniarstwa.&nbsp; Uko\u0144czone kszta\u0142cenie podyplomowe Specjalizacja w dziedzinie piel\u0119gniarstwa anastezjologicznego i intensywnej terapii. Studia podyplomowe \u201eZarz\u0105dzanie w ochronie zdrowia z elementami prawa medycznego\u201d Kurs kwalifikacyjny pn.: \u201ePiel\u0119gniarstwo anestezjologiczne i intensywnej opieki dla piel\u0119gniarek\u201d. Kurs specjalistyczny pn.: \u201eWykonywanie i interpretacja zapisu [\u2026] Read More\" \/>\n<meta property=\"og:url\" content=\"https:\/\/pans.krosno.pl\/pracownicy\/alicja-sniezek\/alicja-sniezek-zyciorys-naukowy\/\" \/>\n<meta property=\"og:site_name\" content=\"Pracownicy PANS w Kro\u015bnie\" \/>\n<meta property=\"article:modified_time\" content=\"2025-05-20T11:35:44+00:00\" \/>\n<meta name=\"twitter:card\" content=\"summary_large_image\" \/>\n<script type=\"application\/ld+json\" class=\"yoast-schema-graph\">{\"@context\":\"https:\\\/\\\/schema.org\",\"@graph\":[{\"@type\":\"WebPage\",\"@id\":\"https:\\\/\\\/pans.krosno.pl\\\/pracownicy\\\/alicja-sniezek\\\/alicja-sniezek-zyciorys-naukowy\\\/\",\"url\":\"https:\\\/\\\/pans.krosno.pl\\\/pracownicy\\\/alicja-sniezek\\\/alicja-sniezek-zyciorys-naukowy\\\/\",\"name\":\"mgr Alicja \u015anie\u017cek - \u017byciorys naukowy - Pracownicy PANS w Kro\u015bnie\",\"isPartOf\":{\"@id\":\"https:\\\/\\\/pans.krosno.pl\\\/pracownicy\\\/#website\"},\"datePublished\":\"2020-04-30T10:13:33+00:00\",\"dateModified\":\"2025-05-20T11:35:44+00:00\",\"breadcrumb\":{\"@id\":\"https:\\\/\\\/pans.krosno.pl\\\/pracownicy\\\/alicja-sniezek\\\/alicja-sniezek-zyciorys-naukowy\\\/#breadcrumb\"},\"inLanguage\":\"pl-PL\",\"potentialAction\":[{\"@type\":\"ReadAction\",\"target\":[\"https:\\\/\\\/pans.krosno.pl\\\/pracownicy\\\/alicja-sniezek\\\/alicja-sniezek-zyciorys-naukowy\\\/\"]}]},{\"@type\":\"BreadcrumbList\",\"@id\":\"https:\\\/\\\/pans.krosno.pl\\\/pracownicy\\\/alicja-sniezek\\\/alicja-sniezek-zyciorys-naukowy\\\/#breadcrumb\",\"itemListElement\":[{\"@type\":\"ListItem\",\"position\":1,\"name\":\"Strona g\u0142\u00f3wna\",\"item\":\"https:\\\/\\\/pans.krosno.pl\\\/pracownicy\\\/\"},{\"@type\":\"ListItem\",\"position\":2,\"name\":\"mgr Alicja \u015anie\u017cek\",\"item\":\"https:\\\/\\\/pans.krosno.pl\\\/pracownicy\\\/alicja-sniezek\\\/\"},{\"@type\":\"ListItem\",\"position\":3,\"name\":\"mgr Alicja \u015anie\u017cek &#8211; \u017byciorys naukowy\"}]},{\"@type\":\"WebSite\",\"@id\":\"https:\\\/\\\/pans.krosno.pl\\\/pracownicy\\\/#website\",\"url\":\"https:\\\/\\\/pans.krosno.pl\\\/pracownicy\\\/\",\"name\":\"Pracownicy PANS w Kro\u015bnie\",\"description\":\"Pracownicy - Pa\u0144stwowa Akademia Nauk Stosowanych\",\"publisher\":{\"@id\":\"https:\\\/\\\/pans.krosno.pl\\\/pracownicy\\\/#organization\"},\"potentialAction\":[{\"@type\":\"SearchAction\",\"target\":{\"@type\":\"EntryPoint\",\"urlTemplate\":\"https:\\\/\\\/pans.krosno.pl\\\/pracownicy\\\/?s={search_term_string}\"},\"query-input\":{\"@type\":\"PropertyValueSpecification\",\"valueRequired\":true,\"valueName\":\"search_term_string\"}}],\"inLanguage\":\"pl-PL\"},{\"@type\":\"Organization\",\"@id\":\"https:\\\/\\\/pans.krosno.pl\\\/pracownicy\\\/#organization\",\"name\":\"Pracownicy PANS w Kro\u015bnie\",\"url\":\"https:\\\/\\\/pans.krosno.pl\\\/pracownicy\\\/\",\"logo\":{\"@type\":\"ImageObject\",\"inLanguage\":\"pl-PL\",\"@id\":\"https:\\\/\\\/pans.krosno.pl\\\/pracownicy\\\/#\\\/schema\\\/logo\\\/image\\\/\",\"url\":\"https:\\\/\\\/pans.krosno.pl\\\/pracownicy\\\/wp-content\\\/uploads\\\/sites\\\/41\\\/2023\\\/01\\\/Logo-PANS-2022-pelne.png\",\"contentUrl\":\"https:\\\/\\\/pans.krosno.pl\\\/pracownicy\\\/wp-content\\\/uploads\\\/sites\\\/41\\\/2023\\\/01\\\/Logo-PANS-2022-pelne.png\",\"width\":3096,\"height\":696,\"caption\":\"Pracownicy PANS w Kro\u015bnie\"},\"image\":{\"@id\":\"https:\\\/\\\/pans.krosno.pl\\\/pracownicy\\\/#\\\/schema\\\/logo\\\/image\\\/\"}}]}<\/script>\n<!-- \/ Yoast SEO Premium plugin. -->","yoast_head_json":{"title":"mgr Alicja \u015anie\u017cek - \u017byciorys naukowy - Pracownicy PANS w Kro\u015bnie","robots":{"index":"index","follow":"follow","max-snippet":"max-snippet:-1","max-image-preview":"max-image-preview:large","max-video-preview":"max-video-preview:-1"},"canonical":"https:\/\/pans.krosno.pl\/pracownicy\/alicja-sniezek\/alicja-sniezek-zyciorys-naukowy\/","og_locale":"pl_PL","og_type":"article","og_title":"mgr Alicja \u015anie\u017cek - \u017byciorys naukowy","og_description":"Absolwentka Wydzia\u0142u Ochrony Zdrowia Collegium Medicum Uniwersytetu Jagiello\u0144skiego w Krakowie, magister piel\u0119gniarstwa.&nbsp; Uko\u0144czone kszta\u0142cenie podyplomowe Specjalizacja w dziedzinie piel\u0119gniarstwa anastezjologicznego i intensywnej terapii. Studia podyplomowe \u201eZarz\u0105dzanie w ochronie zdrowia z elementami prawa medycznego\u201d Kurs kwalifikacyjny pn.: \u201ePiel\u0119gniarstwo anestezjologiczne i intensywnej opieki dla piel\u0119gniarek\u201d. Kurs specjalistyczny pn.: \u201eWykonywanie i interpretacja zapisu [\u2026] Read More","og_url":"https:\/\/pans.krosno.pl\/pracownicy\/alicja-sniezek\/alicja-sniezek-zyciorys-naukowy\/","og_site_name":"Pracownicy PANS w Kro\u015bnie","article_modified_time":"2025-05-20T11:35:44+00:00","twitter_card":"summary_large_image","schema":{"@context":"https:\/\/schema.org","@graph":[{"@type":"WebPage","@id":"https:\/\/pans.krosno.pl\/pracownicy\/alicja-sniezek\/alicja-sniezek-zyciorys-naukowy\/","url":"https:\/\/pans.krosno.pl\/pracownicy\/alicja-sniezek\/alicja-sniezek-zyciorys-naukowy\/","name":"mgr Alicja \u015anie\u017cek - \u017byciorys naukowy - Pracownicy PANS w Kro\u015bnie","isPartOf":{"@id":"https:\/\/pans.krosno.pl\/pracownicy\/#website"},"datePublished":"2020-04-30T10:13:33+00:00","dateModified":"2025-05-20T11:35:44+00:00","breadcrumb":{"@id":"https:\/\/pans.krosno.pl\/pracownicy\/alicja-sniezek\/alicja-sniezek-zyciorys-naukowy\/#breadcrumb"},"inLanguage":"pl-PL","potentialAction":[{"@type":"ReadAction","target":["https:\/\/pans.krosno.pl\/pracownicy\/alicja-sniezek\/alicja-sniezek-zyciorys-naukowy\/"]}]},{"@type":"BreadcrumbList","@id":"https:\/\/pans.krosno.pl\/pracownicy\/alicja-sniezek\/alicja-sniezek-zyciorys-naukowy\/#breadcrumb","itemListElement":[{"@type":"ListItem","position":1,"name":"Strona g\u0142\u00f3wna","item":"https:\/\/pans.krosno.pl\/pracownicy\/"},{"@type":"ListItem","position":2,"name":"mgr Alicja \u015anie\u017cek","item":"https:\/\/pans.krosno.pl\/pracownicy\/alicja-sniezek\/"},{"@type":"ListItem","position":3,"name":"mgr Alicja \u015anie\u017cek &#8211; \u017byciorys naukowy"}]},{"@type":"WebSite","@id":"https:\/\/pans.krosno.pl\/pracownicy\/#website","url":"https:\/\/pans.krosno.pl\/pracownicy\/","name":"Pracownicy PANS w Kro\u015bnie","description":"Pracownicy - Pa\u0144stwowa Akademia Nauk Stosowanych","publisher":{"@id":"https:\/\/pans.krosno.pl\/pracownicy\/#organization"},"potentialAction":[{"@type":"SearchAction","target":{"@type":"EntryPoint","urlTemplate":"https:\/\/pans.krosno.pl\/pracownicy\/?s={search_term_string}"},"query-input":{"@type":"PropertyValueSpecification","valueRequired":true,"valueName":"search_term_string"}}],"inLanguage":"pl-PL"},{"@type":"Organization","@id":"https:\/\/pans.krosno.pl\/pracownicy\/#organization","name":"Pracownicy PANS w Kro\u015bnie","url":"https:\/\/pans.krosno.pl\/pracownicy\/","logo":{"@type":"ImageObject","inLanguage":"pl-PL","@id":"https:\/\/pans.krosno.pl\/pracownicy\/#\/schema\/logo\/image\/","url":"https:\/\/pans.krosno.pl\/pracownicy\/wp-content\/uploads\/sites\/41\/2023\/01\/Logo-PANS-2022-pelne.png","contentUrl":"https:\/\/pans.krosno.pl\/pracownicy\/wp-content\/uploads\/sites\/41\/2023\/01\/Logo-PANS-2022-pelne.png","width":3096,"height":696,"caption":"Pracownicy PANS w Kro\u015bnie"},"image":{"@id":"https:\/\/pans.krosno.pl\/pracownicy\/#\/schema\/logo\/image\/"}}]}},"_links":{"self":[{"href":"https:\/\/pans.krosno.pl\/pracownicy\/wp-json\/wp\/v2\/pages\/5495","targetHints":{"allow":["GET"]}}],"collection":[{"href":"https:\/\/pans.krosno.pl\/pracownicy\/wp-json\/wp\/v2\/pages"}],"about":[{"href":"https:\/\/pans.krosno.pl\/pracownicy\/wp-json\/wp\/v2\/types\/page"}],"author":[{"embeddable":true,"href":"https:\/\/pans.krosno.pl\/pracownicy\/wp-json\/wp\/v2\/users\/36"}],"replies":[{"embeddable":true,"href":"https:\/\/pans.krosno.pl\/pracownicy\/wp-json\/wp\/v2\/comments?post=5495"}],"version-history":[{"count":6,"href":"https:\/\/pans.krosno.pl\/pracownicy\/wp-json\/wp\/v2\/pages\/5495\/revisions"}],"predecessor-version":[{"id":10970,"href":"https:\/\/pans.krosno.pl\/pracownicy\/wp-json\/wp\/v2\/pages\/5495\/revisions\/10970"}],"up":[{"embeddable":true,"href":"https:\/\/pans.krosno.pl\/pracownicy\/wp-json\/wp\/v2\/pages\/5487"}],"wp:attachment":[{"href":"https:\/\/pans.krosno.pl\/pracownicy\/wp-json\/wp\/v2\/media?parent=5495"}],"curies":[{"name":"wp","href":"https:\/\/api.w.org\/{rel}","templated":true}]}}