{"id":549,"date":"2020-03-30T02:16:06","date_gmt":"2020-03-30T00:16:06","guid":{"rendered":"https:\/\/pans.krosno.pl\/pracownicy\/?page_id=549"},"modified":"2025-05-20T13:52:59","modified_gmt":"2025-05-20T11:52:59","slug":"piotr-wais-najwazniejsze-publikacje","status":"publish","type":"page","link":"https:\/\/pans.krosno.pl\/pracownicy\/piotr-wais\/piotr-wais-najwazniejsze-publikacje\/","title":{"rendered":"dr in\u017c. Piotr Wais &#8211; Najwa\u017cniejsze publikacje"},"content":{"rendered":"<hr>\n<ul>\n<li>Jest autorem lub wsp\u00f3\u0142autorem ok. 30 publikacji naukowych i wsp\u00f3\u0142pracuje z r\u00f3\u017cnymi o\u015brodkami naukowymi w kraju.<\/li>\n<\/ul>\n<hr>\n<p><strong>Najwa\u017cniejsze publikacje z<\/strong><\/p>\n<ol>\n<li>Wies\u0142aw Wajs, Mariusz \u015awiecicki, Piotr Wais, Hubert Wojtowicz, Pawe\u0142 Janik, Leszek Nowak: <em>Predictive Analysis of Blood Gasometry Parameters Related to the Infants Respiration Insufficiency <\/em>\/ \/\/ W: International Conference on Computational Science: ICCS 2006 : Reading, UK, May 28-31, 2006 \/\/W: Berlin, Heidelberg : Springer-Verlag, 2006. \u2014 (Lecture Notes in Computer Science ; LNCS&nbsp;3991). \u2014 S.&nbsp;300\u2013307. LNCS&nbsp;3992 ; LNCS&nbsp;3993 ; LNCS&nbsp;3994. \u2014 S.&nbsp;542\u2013548, LNCS&nbsp;3992.<\/li>\n<li>Wies\u0142aw WAJS, Mariusz Swiecicki, Piotr Wais, Hubert Wojtowicz, Pawe\u0142 Janik, Leszek Nowak: Predictive analysis of the {pO_{2}} blood gasometry parameter related to the infants respiration insufficiency \/ \/\/ W: Intelligent Information Processing and Web Mining : proceedings of the international IIS: IIPWM\u201906 conference : Ustro\u0144, Poland, June 19\u201322, 2006 \/ eds. Mieczys\u0142aw A. K\u0142opotek, S\u0142awomir T. Wierzcho\u0144, Krzysztof Trojanowski. \u2014 Berlin ; Heidelberg ; New York : Springer-Verlag, 2006. \u2014 (Advances in Soft Computing). \u2014 S. 377\u2013381. \u2014 Bibliogr. s. 381, Abstr.<\/li>\n<li>Wies\u0142aw WAJS, Piotr Wais, Mariusz \u015awi\u0119cicki: Predykcja przebiegu wska\u017anika odzwierciedlaj\u0105cego nasilenie niewydolno\u015bci oddechowej za pomoc\u0105 sztucznego systemu immunologicznego \u2014 Predicting an indicator of respiratory deficiency intensification with the use of an artificial immune system \/ \/\/ W: Systemy wykrywaj\u0105ce, analizuj\u0105ce i toleruj\u0105ce usterki \/ red. Zdzis\u0142aw Kowalczuk. \u2014 Gda\u0144sk : Pomorskie Wydawnictwo Naukowo-Techniczne PWNT, 2009. \u2014 (Automatyka i Informatyka : technologie informacyjne, automatyka, diagnostyka ; vol. 6). \u2014 Opis cz\u0119\u015bc. wg ok\u0142. \u2014 ISBN 978-83-926806-2-8. \u2014 S. 303\u2013310. \u2014 Bibliogr. s. 310, Streszcz., Abstr.<\/li>\n<li>Wajs W., Wojtowicz H., Wais P., Ochab M., \u201eStatistical Method for the Problem of Bronchopulmonary Dysplasia Classification in Pre-mature Infants\u201d, Proceedings of the 8th International Conference on Intelligent Decision Technologies, KES \u2013 Springer Smart Innovations, Systems and Technologies, vol. 56, pp. 165-179, Tenerife, Spain, 2016.<\/li>\n<li>Wajs W., Wais P., Ochab M., Wojtowicz H. \u201eArterial Blood Gases Forecast Optimization by Artificial Neural Network Method\u201d, Proceedings of the 5th International Conference on Information Technologies in Medicine, Springer, Advances in Intelligent Systems and Computing, vol. 471, pp. 433-444, Kamie\u0144 Sl\u0105ski, Poland, 2016.<\/li>\n<li>Hubert Wojtowicz, Wies\u0142aw Wajs, Piotr Wais, Marcin Ochab, \u201ePrediction of Arterial Blood Gases Values in Premature Infants with Respiratory Disorders\u201d, ACIIDS 2017 \u2013 9th Asian Conference on Intelligent Information and Database Systems, Kanazawa, Japan, 3-5 April 2017. Proceedings, Part II (pp.434-444).<\/li>\n<li>Wies\u0142aw Wajs, Marcin Ochab, Piotr Wais, Kamil Trojnar, and Hubert Wojtowicz, \u201eBronchopulmonary Dysplasia Prediction Using Naive Bayes Classi\ufb01er\u201d, XIII Mi\u0119dzynarodowa Konferencja Naukowa, Diagnostyka Proces\u00f3w i System\u00f3w (DPS 2017) 10-13 wrze\u015bnia 2017, Sandomierz. Ko\u015bcielny J., Syfert M., Sztyber A. (eds) Advanced Solutions in Diagnostics and Fault Tolerant Control. DPS 2017. Advances in Intelligent Systems and Computing, vol 635. Springer, Cham.<\/li>\n<li>Wies\u0142aw Wajs, Piotr Kruczek, Piotr Szyma\u0144ski, Magdalena Bukowczan, Piotr Wais, \u201eNewborn Arterial Blood Gas Prediction Minimization Errors\u201d, International Conference \u2013 ATS 2018, May 18-23, 2018 \u2013 San Diego, CA, American Journal of Respiratory and Critical Care Medicine 2018;197:A2323.<\/li>\n<li>Wies\u0142aw Wajs, Piotr Kruczek, Piotr Szyma\u0144ski, Piotr Wais, Marcin Ochab, \u201eArterial Flows in Bronchopulmonary Dysplasia Prediction\u201d, 6th International Conference Information Technology in Biomedicine \u2013 ITIB 2018, June 18-20, Kamie\u0144 \u015al\u0105ski, Springer International Publishing AG, part of Springer Nature 2019, E. Pietka et al. (Eds.): ITIB 2018, AISC 762, pp. 272\u2013278, 2019.<\/li>\n<li>W. Wajs, P. Kruczek, P. Szyma\u0144ski, M. Bukowczan, P. Wais and M. Ochab, \u201eNewborn Arterial Blood Gas Prediction,\u201d 2018 11th International Congress on Image and Signal Processing, BioMedical Engineering and Informatics (CISP-BMEI), Beijing, China, 2018, pp. 1-4. doi: 10.1109\/CISP-BMEI.2018.8633015.<\/li>\n<li>Piotr Szyma\u0144ski, Piotr Kruczek, Roman Ho\u017cejowski and Piotr Wais <em>\u201eModified lung ultrasound score predicts ventilation requirements in neonatal respiratory distress syndrome\u201d <\/em>Szyma\u0144ski et al. BMC Pediatrics (2021) 21:17 <a href=\"https:\/\/doi.org\/10.1186\/s12887-020-02485-z\">https:\/\/doi.org\/10.1186\/s12887-020-02485-z<\/a><\/li>\n<\/ol>\n<hr>\n<p>&nbsp;<\/p>\n","protected":false},"excerpt":{"rendered":"<p>Jest autorem lub wsp\u00f3\u0142autorem ok. 30 publikacji naukowych i wsp\u00f3\u0142pracuje z r\u00f3\u017cnymi o\u015brodkami naukowymi w kraju. Najwa\u017cniejsze publikacje z Wies\u0142aw Wajs, Mariusz \u015awiecicki, Piotr Wais, Hubert Wojtowicz, Pawe\u0142 Janik, Leszek Nowak: Predictive Analysis of Blood Gasometry Parameters Related to the Infants Respiration Insufficiency \/ \/\/ W: International Conference on Computational [\u2026] <\/p>\n<div class=\"clear\"><\/div>\n<p><a class=\"more_link clearfix\" href=\"https:\/\/pans.krosno.pl\/pracownicy\/piotr-wais\/piotr-wais-najwazniejsze-publikacje\/\" rel=\"nofollow\">Read More<\/a><\/p>\n","protected":false},"author":34,"featured_media":0,"parent":540,"menu_order":0,"comment_status":"closed","ping_status":"closed","template":"","meta":{"ngg_post_thumbnail":0,"footnotes":""},"class_list":["post-549","page","type-page","status-publish","hentry"],"yoast_head":"<!-- This site is optimized with the Yoast SEO Premium plugin v27.4 (Yoast SEO v27.4) - https:\/\/yoast.com\/product\/yoast-seo-premium-wordpress\/ -->\n<title>dr in\u017c. Piotr Wais - Najwa\u017cniejsze publikacje - Pracownicy PANS w Kro\u015bnie<\/title>\n<meta name=\"robots\" content=\"index, follow, max-snippet:-1, max-image-preview:large, max-video-preview:-1\" \/>\n<link rel=\"canonical\" href=\"https:\/\/pans.krosno.pl\/pracownicy\/piotr-wais\/piotr-wais-najwazniejsze-publikacje\/\" \/>\n<meta property=\"og:locale\" content=\"pl_PL\" \/>\n<meta property=\"og:type\" content=\"article\" \/>\n<meta property=\"og:title\" content=\"dr in\u017c. Piotr Wais - Najwa\u017cniejsze publikacje\" \/>\n<meta property=\"og:description\" content=\"Jest autorem lub wsp\u00f3\u0142autorem ok. 30 publikacji naukowych i wsp\u00f3\u0142pracuje z r\u00f3\u017cnymi o\u015brodkami naukowymi w kraju. Najwa\u017cniejsze publikacje z Wies\u0142aw Wajs, Mariusz \u015awiecicki, Piotr Wais, Hubert Wojtowicz, Pawe\u0142 Janik, Leszek Nowak: Predictive Analysis of Blood Gasometry Parameters Related to the Infants Respiration Insufficiency \/ \/\/ W: International Conference on Computational [\u2026] Read More\" \/>\n<meta property=\"og:url\" content=\"https:\/\/pans.krosno.pl\/pracownicy\/piotr-wais\/piotr-wais-najwazniejsze-publikacje\/\" \/>\n<meta property=\"og:site_name\" content=\"Pracownicy PANS w Kro\u015bnie\" \/>\n<meta property=\"article:modified_time\" content=\"2025-05-20T11:52:59+00:00\" \/>\n<meta name=\"twitter:card\" content=\"summary_large_image\" \/>\n<meta name=\"twitter:label1\" content=\"Szacowany czas czytania\" \/>\n\t<meta name=\"twitter:data1\" content=\"4 minuty\" \/>\n<script type=\"application\/ld+json\" class=\"yoast-schema-graph\">{\"@context\":\"https:\\\/\\\/schema.org\",\"@graph\":[{\"@type\":\"WebPage\",\"@id\":\"https:\\\/\\\/pans.krosno.pl\\\/pracownicy\\\/piotr-wais\\\/piotr-wais-najwazniejsze-publikacje\\\/\",\"url\":\"https:\\\/\\\/pans.krosno.pl\\\/pracownicy\\\/piotr-wais\\\/piotr-wais-najwazniejsze-publikacje\\\/\",\"name\":\"dr in\u017c. Piotr Wais - Najwa\u017cniejsze publikacje - Pracownicy PANS w Kro\u015bnie\",\"isPartOf\":{\"@id\":\"https:\\\/\\\/pans.krosno.pl\\\/pracownicy\\\/#website\"},\"datePublished\":\"2020-03-30T00:16:06+00:00\",\"dateModified\":\"2025-05-20T11:52:59+00:00\",\"breadcrumb\":{\"@id\":\"https:\\\/\\\/pans.krosno.pl\\\/pracownicy\\\/piotr-wais\\\/piotr-wais-najwazniejsze-publikacje\\\/#breadcrumb\"},\"inLanguage\":\"pl-PL\",\"potentialAction\":[{\"@type\":\"ReadAction\",\"target\":[\"https:\\\/\\\/pans.krosno.pl\\\/pracownicy\\\/piotr-wais\\\/piotr-wais-najwazniejsze-publikacje\\\/\"]}]},{\"@type\":\"BreadcrumbList\",\"@id\":\"https:\\\/\\\/pans.krosno.pl\\\/pracownicy\\\/piotr-wais\\\/piotr-wais-najwazniejsze-publikacje\\\/#breadcrumb\",\"itemListElement\":[{\"@type\":\"ListItem\",\"position\":1,\"name\":\"Strona g\u0142\u00f3wna\",\"item\":\"https:\\\/\\\/pans.krosno.pl\\\/pracownicy\\\/\"},{\"@type\":\"ListItem\",\"position\":2,\"name\":\"dr in\u017c. Piotr Wais\",\"item\":\"https:\\\/\\\/pans.krosno.pl\\\/pracownicy\\\/piotr-wais\\\/\"},{\"@type\":\"ListItem\",\"position\":3,\"name\":\"dr in\u017c. Piotr Wais &#8211; Najwa\u017cniejsze publikacje\"}]},{\"@type\":\"WebSite\",\"@id\":\"https:\\\/\\\/pans.krosno.pl\\\/pracownicy\\\/#website\",\"url\":\"https:\\\/\\\/pans.krosno.pl\\\/pracownicy\\\/\",\"name\":\"Pracownicy PANS w Kro\u015bnie\",\"description\":\"Pracownicy - Pa\u0144stwowa Akademia Nauk Stosowanych\",\"publisher\":{\"@id\":\"https:\\\/\\\/pans.krosno.pl\\\/pracownicy\\\/#organization\"},\"potentialAction\":[{\"@type\":\"SearchAction\",\"target\":{\"@type\":\"EntryPoint\",\"urlTemplate\":\"https:\\\/\\\/pans.krosno.pl\\\/pracownicy\\\/?s={search_term_string}\"},\"query-input\":{\"@type\":\"PropertyValueSpecification\",\"valueRequired\":true,\"valueName\":\"search_term_string\"}}],\"inLanguage\":\"pl-PL\"},{\"@type\":\"Organization\",\"@id\":\"https:\\\/\\\/pans.krosno.pl\\\/pracownicy\\\/#organization\",\"name\":\"Pracownicy PANS w Kro\u015bnie\",\"url\":\"https:\\\/\\\/pans.krosno.pl\\\/pracownicy\\\/\",\"logo\":{\"@type\":\"ImageObject\",\"inLanguage\":\"pl-PL\",\"@id\":\"https:\\\/\\\/pans.krosno.pl\\\/pracownicy\\\/#\\\/schema\\\/logo\\\/image\\\/\",\"url\":\"https:\\\/\\\/pans.krosno.pl\\\/pracownicy\\\/wp-content\\\/uploads\\\/sites\\\/41\\\/2023\\\/01\\\/Logo-PANS-2022-pelne.png\",\"contentUrl\":\"https:\\\/\\\/pans.krosno.pl\\\/pracownicy\\\/wp-content\\\/uploads\\\/sites\\\/41\\\/2023\\\/01\\\/Logo-PANS-2022-pelne.png\",\"width\":3096,\"height\":696,\"caption\":\"Pracownicy PANS w Kro\u015bnie\"},\"image\":{\"@id\":\"https:\\\/\\\/pans.krosno.pl\\\/pracownicy\\\/#\\\/schema\\\/logo\\\/image\\\/\"}}]}<\/script>\n<!-- \/ Yoast SEO Premium plugin. -->","yoast_head_json":{"title":"dr in\u017c. Piotr Wais - Najwa\u017cniejsze publikacje - Pracownicy PANS w Kro\u015bnie","robots":{"index":"index","follow":"follow","max-snippet":"max-snippet:-1","max-image-preview":"max-image-preview:large","max-video-preview":"max-video-preview:-1"},"canonical":"https:\/\/pans.krosno.pl\/pracownicy\/piotr-wais\/piotr-wais-najwazniejsze-publikacje\/","og_locale":"pl_PL","og_type":"article","og_title":"dr in\u017c. Piotr Wais - Najwa\u017cniejsze publikacje","og_description":"Jest autorem lub wsp\u00f3\u0142autorem ok. 30 publikacji naukowych i wsp\u00f3\u0142pracuje z r\u00f3\u017cnymi o\u015brodkami naukowymi w kraju. Najwa\u017cniejsze publikacje z Wies\u0142aw Wajs, Mariusz \u015awiecicki, Piotr Wais, Hubert Wojtowicz, Pawe\u0142 Janik, Leszek Nowak: Predictive Analysis of Blood Gasometry Parameters Related to the Infants Respiration Insufficiency \/ \/\/ W: International Conference on Computational [\u2026] Read More","og_url":"https:\/\/pans.krosno.pl\/pracownicy\/piotr-wais\/piotr-wais-najwazniejsze-publikacje\/","og_site_name":"Pracownicy PANS w Kro\u015bnie","article_modified_time":"2025-05-20T11:52:59+00:00","twitter_card":"summary_large_image","twitter_misc":{"Szacowany czas czytania":"4 minuty"},"schema":{"@context":"https:\/\/schema.org","@graph":[{"@type":"WebPage","@id":"https:\/\/pans.krosno.pl\/pracownicy\/piotr-wais\/piotr-wais-najwazniejsze-publikacje\/","url":"https:\/\/pans.krosno.pl\/pracownicy\/piotr-wais\/piotr-wais-najwazniejsze-publikacje\/","name":"dr in\u017c. Piotr Wais - Najwa\u017cniejsze publikacje - Pracownicy PANS w Kro\u015bnie","isPartOf":{"@id":"https:\/\/pans.krosno.pl\/pracownicy\/#website"},"datePublished":"2020-03-30T00:16:06+00:00","dateModified":"2025-05-20T11:52:59+00:00","breadcrumb":{"@id":"https:\/\/pans.krosno.pl\/pracownicy\/piotr-wais\/piotr-wais-najwazniejsze-publikacje\/#breadcrumb"},"inLanguage":"pl-PL","potentialAction":[{"@type":"ReadAction","target":["https:\/\/pans.krosno.pl\/pracownicy\/piotr-wais\/piotr-wais-najwazniejsze-publikacje\/"]}]},{"@type":"BreadcrumbList","@id":"https:\/\/pans.krosno.pl\/pracownicy\/piotr-wais\/piotr-wais-najwazniejsze-publikacje\/#breadcrumb","itemListElement":[{"@type":"ListItem","position":1,"name":"Strona g\u0142\u00f3wna","item":"https:\/\/pans.krosno.pl\/pracownicy\/"},{"@type":"ListItem","position":2,"name":"dr in\u017c. Piotr Wais","item":"https:\/\/pans.krosno.pl\/pracownicy\/piotr-wais\/"},{"@type":"ListItem","position":3,"name":"dr in\u017c. Piotr Wais &#8211; Najwa\u017cniejsze publikacje"}]},{"@type":"WebSite","@id":"https:\/\/pans.krosno.pl\/pracownicy\/#website","url":"https:\/\/pans.krosno.pl\/pracownicy\/","name":"Pracownicy PANS w Kro\u015bnie","description":"Pracownicy - Pa\u0144stwowa Akademia Nauk Stosowanych","publisher":{"@id":"https:\/\/pans.krosno.pl\/pracownicy\/#organization"},"potentialAction":[{"@type":"SearchAction","target":{"@type":"EntryPoint","urlTemplate":"https:\/\/pans.krosno.pl\/pracownicy\/?s={search_term_string}"},"query-input":{"@type":"PropertyValueSpecification","valueRequired":true,"valueName":"search_term_string"}}],"inLanguage":"pl-PL"},{"@type":"Organization","@id":"https:\/\/pans.krosno.pl\/pracownicy\/#organization","name":"Pracownicy PANS w Kro\u015bnie","url":"https:\/\/pans.krosno.pl\/pracownicy\/","logo":{"@type":"ImageObject","inLanguage":"pl-PL","@id":"https:\/\/pans.krosno.pl\/pracownicy\/#\/schema\/logo\/image\/","url":"https:\/\/pans.krosno.pl\/pracownicy\/wp-content\/uploads\/sites\/41\/2023\/01\/Logo-PANS-2022-pelne.png","contentUrl":"https:\/\/pans.krosno.pl\/pracownicy\/wp-content\/uploads\/sites\/41\/2023\/01\/Logo-PANS-2022-pelne.png","width":3096,"height":696,"caption":"Pracownicy PANS w Kro\u015bnie"},"image":{"@id":"https:\/\/pans.krosno.pl\/pracownicy\/#\/schema\/logo\/image\/"}}]}},"_links":{"self":[{"href":"https:\/\/pans.krosno.pl\/pracownicy\/wp-json\/wp\/v2\/pages\/549","targetHints":{"allow":["GET"]}}],"collection":[{"href":"https:\/\/pans.krosno.pl\/pracownicy\/wp-json\/wp\/v2\/pages"}],"about":[{"href":"https:\/\/pans.krosno.pl\/pracownicy\/wp-json\/wp\/v2\/types\/page"}],"author":[{"embeddable":true,"href":"https:\/\/pans.krosno.pl\/pracownicy\/wp-json\/wp\/v2\/users\/34"}],"replies":[{"embeddable":true,"href":"https:\/\/pans.krosno.pl\/pracownicy\/wp-json\/wp\/v2\/comments?post=549"}],"version-history":[{"count":7,"href":"https:\/\/pans.krosno.pl\/pracownicy\/wp-json\/wp\/v2\/pages\/549\/revisions"}],"predecessor-version":[{"id":11028,"href":"https:\/\/pans.krosno.pl\/pracownicy\/wp-json\/wp\/v2\/pages\/549\/revisions\/11028"}],"up":[{"embeddable":true,"href":"https:\/\/pans.krosno.pl\/pracownicy\/wp-json\/wp\/v2\/pages\/540"}],"wp:attachment":[{"href":"https:\/\/pans.krosno.pl\/pracownicy\/wp-json\/wp\/v2\/media?parent=549"}],"curies":[{"name":"wp","href":"https:\/\/api.w.org\/{rel}","templated":true}]}}